{"id":125,"date":"2024-06-13T18:58:39","date_gmt":"2024-06-13T16:58:39","guid":{"rendered":"https:\/\/alquimiaregenerativa.com\/?post_type=product&#038;p=125"},"modified":"2026-01-02T18:57:36","modified_gmt":"2026-01-02T17:57:36","slug":"te-cura-todo","status":"publish","type":"product","link":"https:\/\/alquimiaregenerativa.com\/en\/tienda\/te-cura-todo\/","title":{"rendered":"TEA CURES EVERYTHING"},"content":{"rendered":"","protected":false},"excerpt":{"rendered":"<h3><b>Cure-All Tea: Internal Regeneration<\/b><\/h3>\n<p>This legendary formula is a powerful <b>seven herb mix<\/b> designed for <b>alkalize, detoxify and regenerate<\/b> your body from within. Its daily use strengthens and repairs the <b>digestive system<\/b> and provides regenerative support for women&#039;s health.<\/p>\n<p><b>7 Key Ingredients for Regeneration<\/b><\/p>\n<p><b>White Oak Bark, Plantain, Comfrey Root, Black Walnut Hull, Chaparral Herb, Burdock Root, and Marshmallow Root.<\/b><\/p>\n<p><b>Versatile Modes of Use<\/b><\/p>\n<ol start=\"1\">\n<li><b>Internal Use (Daily Detox):<\/b> Drink <b>1 or 2 cups a day<\/b> (away from meals or on an empty stomach).\n<ul>\n<li><b>Concentrated Preparation:<\/b> The night before, boil <b>1 tablespoon<\/b> in 1 liter of water for 7 minutes. Let it sit overnight and filter.<\/li>\n<\/ul>\n<\/li>\n<li><b>Specific Use (Enemas):<\/b> Ideal for repairing damaged, permeable or inflamed intestines.<\/li>\n<li><b>Feminine Use (Douching):<\/b> Helps alkalize and promotes healing in cases of <b>cysts, endometriosis, fibroids, myomas, or excessive bleeding<\/b>.<\/li>\n<\/ol>\n<p><b>Price:<\/b> <b>$468<\/b>\u00a0(100g bag, yields approximately 50 doses\/spoonfuls).<\/p>\n<p><b>Note:<\/b> You can easily combine it with other herbs or tinctures you are taking.<\/p>","protected":false},"featured_media":7674,"comment_status":"open","ping_status":"closed","template":"","meta":{"site-sidebar-layout":"default","site-content-layout":"","ast-site-content-layout":"default","site-content-style":"default","site-sidebar-style":"default","ast-global-header-display":"","ast-banner-title-visibility":"","ast-main-header-display":"","ast-hfb-above-header-display":"","ast-hfb-below-header-display":"","ast-hfb-mobile-header-display":"","site-post-title":"","ast-breadcrumbs-content":"","ast-featured-img":"","footer-sml-layout":"","ast-disable-related-posts":"","theme-transparent-header-meta":"default","adv-header-id-meta":"","stick-header-meta":"","header-above-stick-meta":"","header-main-stick-meta":"","header-below-stick-meta":"","astra-migrate-meta-layouts":"set","ast-page-background-enabled":"default","ast-page-background-meta":{"desktop":{"background-color":"var(--ast-global-color-4)","background-image":"","background-repeat":"repeat","background-position":"center center","background-size":"auto","background-attachment":"scroll","background-type":"","background-media":"","overlay-type":"","overlay-color":"","overlay-opacity":"","overlay-gradient":""},"tablet":{"background-color":"","background-image":"","background-repeat":"repeat","background-position":"center center","background-size":"auto","background-attachment":"scroll","background-type":"","background-media":"","overlay-type":"","overlay-color":"","overlay-opacity":"","overlay-gradient":""},"mobile":{"background-color":"","background-image":"","background-repeat":"repeat","background-position":"center center","background-size":"auto","background-attachment":"scroll","background-type":"","background-media":"","overlay-type":"","overlay-color":"","overlay-opacity":"","overlay-gradient":""}},"ast-content-background-meta":{"desktop":{"background-color":"var(--ast-global-color-5)","background-image":"","background-repeat":"repeat","background-position":"center center","background-size":"auto","background-attachment":"scroll","background-type":"","background-media":"","overlay-type":"","overlay-color":"","overlay-opacity":"","overlay-gradient":""},"tablet":{"background-color":"var(--ast-global-color-5)","background-image":"","background-repeat":"repeat","background-position":"center center","background-size":"auto","background-attachment":"scroll","background-type":"","background-media":"","overlay-type":"","overlay-color":"","overlay-opacity":"","overlay-gradient":""},"mobile":{"background-color":"var(--ast-global-color-5)","background-image":"","background-repeat":"repeat","background-position":"center center","background-size":"auto","background-attachment":"scroll","background-type":"","background-media":"","overlay-type":"","overlay-color":"","overlay-opacity":"","overlay-gradient":""}},"_joinchat":[]},"product_brand":[],"product_cat":[22],"product_tag":[],"class_list":{"0":"post-125","1":"product","2":"type-product","3":"status-publish","4":"has-post-thumbnail","6":"product_cat-herboolaria","7":"desktop-align-center","8":"tablet-align-center","9":"mobile-align-center","11":"first","12":"instock","13":"taxable","14":"shipping-taxable","15":"purchasable","16":"product-type-simple"},"yoast_head":"<!-- This site is optimized with the Yoast SEO Premium plugin v23.4 (Yoast SEO v27.4) - https:\/\/yoast.com\/product\/yoast-seo-premium-wordpress\/ -->\n<title>T\u00c9 CURA TODO - Alquimia Regenerativa<\/title>\n<meta name=\"robots\" content=\"index, follow, max-snippet:-1, max-image-preview:large, max-video-preview:-1\" \/>\n<link rel=\"canonical\" href=\"https:\/\/alquimiaregenerativa.com\/en\/tienda\/te-cura-todo\/\" \/>\n<meta property=\"og:locale\" content=\"en_US\" \/>\n<meta property=\"og:type\" content=\"article\" \/>\n<meta property=\"og:title\" content=\"T\u00c9 CURA TODO\" \/>\n<meta property=\"og:description\" content=\"T\u00e9 Cura Todo: Regeneraci\u00f3n interna Esta f\u00f3rmula legendaria es un potente mix de siete hierbas dise\u00f1ado para alcalinizar, detoxificar y regenerar tu cuerpo desde adentro. Su uso diario fortalece y repara el sistema digestivo y brinda apoyo regenerativo a la salud femenina.  7 Ingredientes Clave para la Regeneraci\u00f3n  Corteza de Roble Blanco, Llant\u00e9n, Ra\u00edz de Consuelda, C\u00e1scara de Nogal Negro, Hierba de Chaparral, Ra\u00edz de Bardana y Ra\u00edz de Malvavisco.  Modos de Uso Vers\u00e1tiles   Uso Interno (Detox Diario): Beber 1 o 2 tazas al d\u00eda (lejos de las comidas o en ayunas).   Preparaci\u00f3n Concentrada: La noche anterior, hervir 1 cucharada sopera en 1 litro de agua por 7 minutos. Dejar reposar toda la noche y filtrar.    Uso Espec\u00edfico (Enemas): Ideal para reparar intestinos da\u00f1ados, permeables o inflamados.  Uso Femenino (Duchas Vaginales): Ayuda a alcalinizar y promueve la cicatrizaci\u00f3n en casos de quistes, endometriosis, fibromas, miomas o sangrado excesivo.  Precio: $468\u00a0(Bolsa de 100 gr, rinde para aproximadamente 50 dosis\/cucharadas).  Nota: Puedes combinarla sin problema con otras hierbas, tinturas que est\u00e9s tomando.\" \/>\n<meta property=\"og:url\" content=\"https:\/\/alquimiaregenerativa.com\/en\/tienda\/te-cura-todo\/\" \/>\n<meta property=\"og:site_name\" content=\"Alquimia Regenerativa\" \/>\n<meta property=\"article:modified_time\" content=\"2026-01-02T17:57:36+00:00\" \/>\n<meta property=\"og:image\" content=\"https:\/\/alquimiaregenerativa.com\/wp-content\/uploads\/2024\/06\/te-cura-todo-1.png\" \/>\n\t<meta property=\"og:image:width\" content=\"1024\" \/>\n\t<meta property=\"og:image:height\" content=\"1024\" \/>\n\t<meta property=\"og:image:type\" content=\"image\/png\" \/>\n<meta name=\"twitter:card\" content=\"summary_large_image\" \/>\n<meta name=\"twitter:label1\" content=\"Price\" \/>\n\t<meta name=\"twitter:data1\" content=\"MXN $&nbsp;468.00\" \/>\n\t<meta name=\"twitter:label2\" content=\"Availability\" \/>\n\t<meta name=\"twitter:data2\" content=\"In stock\" \/>\n<script type=\"application\/ld+json\" class=\"yoast-schema-graph\">{\"@context\":\"https:\\\/\\\/schema.org\",\"@graph\":[{\"@type\":\"WebPage\",\"@id\":\"https:\\\/\\\/alquimiaregenerativa.com\\\/tienda\\\/te-cura-todo\\\/\",\"url\":\"https:\\\/\\\/alquimiaregenerativa.com\\\/tienda\\\/te-cura-todo\\\/\",\"name\":\"T\u00c9 CURA TODO - Alquimia Regenerativa\",\"isPartOf\":{\"@id\":\"https:\\\/\\\/alquimiaregenerativa.com\\\/#website\"},\"primaryImageOfPage\":{\"@id\":\"https:\\\/\\\/alquimiaregenerativa.com\\\/tienda\\\/te-cura-todo\\\/#primaryimage\"},\"image\":{\"@id\":\"https:\\\/\\\/alquimiaregenerativa.com\\\/tienda\\\/te-cura-todo\\\/#primaryimage\"},\"thumbnailUrl\":\"https:\\\/\\\/alquimiaregenerativa.com\\\/wp-content\\\/uploads\\\/2024\\\/06\\\/te-cura-todo-1.png\",\"datePublished\":\"2024-06-13T16:58:39+00:00\",\"dateModified\":\"2026-01-02T17:57:36+00:00\",\"breadcrumb\":{\"@id\":\"https:\\\/\\\/alquimiaregenerativa.com\\\/tienda\\\/te-cura-todo\\\/#breadcrumb\"},\"inLanguage\":\"en-US\",\"potentialAction\":[{\"@type\":\"ReadAction\",\"target\":[\"https:\\\/\\\/alquimiaregenerativa.com\\\/tienda\\\/te-cura-todo\\\/\"]}]},{\"@type\":\"ImageObject\",\"inLanguage\":\"en-US\",\"@id\":\"https:\\\/\\\/alquimiaregenerativa.com\\\/tienda\\\/te-cura-todo\\\/#primaryimage\",\"url\":\"https:\\\/\\\/alquimiaregenerativa.com\\\/wp-content\\\/uploads\\\/2024\\\/06\\\/te-cura-todo-1.png\",\"contentUrl\":\"https:\\\/\\\/alquimiaregenerativa.com\\\/wp-content\\\/uploads\\\/2024\\\/06\\\/te-cura-todo-1.png\",\"width\":1024,\"height\":1024},{\"@type\":\"BreadcrumbList\",\"@id\":\"https:\\\/\\\/alquimiaregenerativa.com\\\/tienda\\\/te-cura-todo\\\/#breadcrumb\",\"itemListElement\":[{\"@type\":\"ListItem\",\"position\":1,\"name\":\"Portada\",\"item\":\"https:\\\/\\\/alquimiaregenerativa.com\\\/\"},{\"@type\":\"ListItem\",\"position\":2,\"name\":\"Tienda\",\"item\":\"https:\\\/\\\/alquimiaregenerativa.com\\\/tienda\\\/\"},{\"@type\":\"ListItem\",\"position\":3,\"name\":\"T\u00c9 CURA TODO\"}]},{\"@type\":\"WebSite\",\"@id\":\"https:\\\/\\\/alquimiaregenerativa.com\\\/#website\",\"url\":\"https:\\\/\\\/alquimiaregenerativa.com\\\/\",\"name\":\"Alquimia Regenerativa\",\"description\":\"Comienza tu proceso de tranformaci\u00f3n\",\"potentialAction\":[{\"@type\":\"SearchAction\",\"target\":{\"@type\":\"EntryPoint\",\"urlTemplate\":\"https:\\\/\\\/alquimiaregenerativa.com\\\/?s={search_term_string}\"},\"query-input\":{\"@type\":\"PropertyValueSpecification\",\"valueRequired\":true,\"valueName\":\"search_term_string\"}}],\"inLanguage\":\"en-US\"}]}<\/script>\n<meta property=\"product:price:amount\" content=\"468.00\" \/>\n<meta property=\"product:price:currency\" content=\"MXN\" \/>\n<meta property=\"og:availability\" content=\"instock\" \/>\n<meta property=\"product:availability\" content=\"instock\" \/>\n<meta property=\"product:condition\" content=\"new\" \/>\n<!-- \/ Yoast SEO Premium plugin. -->","yoast_head_json":{"title":"TEA CURES ALL - Regenerative Alchemy","robots":{"index":"index","follow":"follow","max-snippet":"max-snippet:-1","max-image-preview":"max-image-preview:large","max-video-preview":"max-video-preview:-1"},"canonical":"https:\/\/alquimiaregenerativa.com\/en\/tienda\/te-cura-todo\/","og_locale":"en_US","og_type":"article","og_title":"T\u00c9 CURA TODO","og_description":"T\u00e9 Cura Todo: Regeneraci\u00f3n interna Esta f\u00f3rmula legendaria es un potente mix de siete hierbas dise\u00f1ado para alcalinizar, detoxificar y regenerar tu cuerpo desde adentro. Su uso diario fortalece y repara el sistema digestivo y brinda apoyo regenerativo a la salud femenina.  7 Ingredientes Clave para la Regeneraci\u00f3n  Corteza de Roble Blanco, Llant\u00e9n, Ra\u00edz de Consuelda, C\u00e1scara de Nogal Negro, Hierba de Chaparral, Ra\u00edz de Bardana y Ra\u00edz de Malvavisco.  Modos de Uso Vers\u00e1tiles   Uso Interno (Detox Diario): Beber 1 o 2 tazas al d\u00eda (lejos de las comidas o en ayunas).   Preparaci\u00f3n Concentrada: La noche anterior, hervir 1 cucharada sopera en 1 litro de agua por 7 minutos. Dejar reposar toda la noche y filtrar.    Uso Espec\u00edfico (Enemas): Ideal para reparar intestinos da\u00f1ados, permeables o inflamados.  Uso Femenino (Duchas Vaginales): Ayuda a alcalinizar y promueve la cicatrizaci\u00f3n en casos de quistes, endometriosis, fibromas, miomas o sangrado excesivo.  Precio: $468\u00a0(Bolsa de 100 gr, rinde para aproximadamente 50 dosis\/cucharadas).  Nota: Puedes combinarla sin problema con otras hierbas, tinturas que est\u00e9s tomando.","og_url":"https:\/\/alquimiaregenerativa.com\/en\/tienda\/te-cura-todo\/","og_site_name":"Alquimia Regenerativa","article_modified_time":"2026-01-02T17:57:36+00:00","og_image":[{"width":1024,"height":1024,"url":"https:\/\/alquimiaregenerativa.com\/wp-content\/uploads\/2024\/06\/te-cura-todo-1.png","type":"image\/png"}],"twitter_card":"summary_large_image","twitter_misc":{"Price":"MXN $&nbsp;468.00","Availability":"In stock"},"schema":{"@context":"https:\/\/schema.org","@graph":[{"@type":"WebPage","@id":"https:\/\/alquimiaregenerativa.com\/tienda\/te-cura-todo\/","url":"https:\/\/alquimiaregenerativa.com\/tienda\/te-cura-todo\/","name":"TEA CURES ALL - Regenerative Alchemy","isPartOf":{"@id":"https:\/\/alquimiaregenerativa.com\/#website"},"primaryImageOfPage":{"@id":"https:\/\/alquimiaregenerativa.com\/tienda\/te-cura-todo\/#primaryimage"},"image":{"@id":"https:\/\/alquimiaregenerativa.com\/tienda\/te-cura-todo\/#primaryimage"},"thumbnailUrl":"https:\/\/alquimiaregenerativa.com\/wp-content\/uploads\/2024\/06\/te-cura-todo-1.png","datePublished":"2024-06-13T16:58:39+00:00","dateModified":"2026-01-02T17:57:36+00:00","breadcrumb":{"@id":"https:\/\/alquimiaregenerativa.com\/tienda\/te-cura-todo\/#breadcrumb"},"inLanguage":"en-US","potentialAction":[{"@type":"ReadAction","target":["https:\/\/alquimiaregenerativa.com\/tienda\/te-cura-todo\/"]}]},{"@type":"ImageObject","inLanguage":"en-US","@id":"https:\/\/alquimiaregenerativa.com\/tienda\/te-cura-todo\/#primaryimage","url":"https:\/\/alquimiaregenerativa.com\/wp-content\/uploads\/2024\/06\/te-cura-todo-1.png","contentUrl":"https:\/\/alquimiaregenerativa.com\/wp-content\/uploads\/2024\/06\/te-cura-todo-1.png","width":1024,"height":1024},{"@type":"BreadcrumbList","@id":"https:\/\/alquimiaregenerativa.com\/tienda\/te-cura-todo\/#breadcrumb","itemListElement":[{"@type":"ListItem","position":1,"name":"Portada","item":"https:\/\/alquimiaregenerativa.com\/"},{"@type":"ListItem","position":2,"name":"Tienda","item":"https:\/\/alquimiaregenerativa.com\/tienda\/"},{"@type":"ListItem","position":3,"name":"T\u00c9 CURA TODO"}]},{"@type":"WebSite","@id":"https:\/\/alquimiaregenerativa.com\/#website","url":"https:\/\/alquimiaregenerativa.com\/","name":"Regenerative Alchemy","description":"Start your transformation process","potentialAction":[{"@type":"SearchAction","target":{"@type":"EntryPoint","urlTemplate":"https:\/\/alquimiaregenerativa.com\/?s={search_term_string}"},"query-input":{"@type":"PropertyValueSpecification","valueRequired":true,"valueName":"search_term_string"}}],"inLanguage":"en-US"}]},"product_price_amount":"468.00","product_price_currency":"MXN","og_availability":"instock","product_availability":"instock","product_condition":"new"},"jetpack_sharing_enabled":true,"_links":{"self":[{"href":"https:\/\/alquimiaregenerativa.com\/en\/wp-json\/wp\/v2\/product\/125","targetHints":{"allow":["GET"]}}],"collection":[{"href":"https:\/\/alquimiaregenerativa.com\/en\/wp-json\/wp\/v2\/product"}],"about":[{"href":"https:\/\/alquimiaregenerativa.com\/en\/wp-json\/wp\/v2\/types\/product"}],"replies":[{"embeddable":true,"href":"https:\/\/alquimiaregenerativa.com\/en\/wp-json\/wp\/v2\/comments?post=125"}],"wp:featuredmedia":[{"embeddable":true,"href":"https:\/\/alquimiaregenerativa.com\/en\/wp-json\/wp\/v2\/media\/7674"}],"wp:attachment":[{"href":"https:\/\/alquimiaregenerativa.com\/en\/wp-json\/wp\/v2\/media?parent=125"}],"wp:term":[{"taxonomy":"product_brand","embeddable":true,"href":"https:\/\/alquimiaregenerativa.com\/en\/wp-json\/wp\/v2\/product_brand?post=125"},{"taxonomy":"product_cat","embeddable":true,"href":"https:\/\/alquimiaregenerativa.com\/en\/wp-json\/wp\/v2\/product_cat?post=125"},{"taxonomy":"product_tag","embeddable":true,"href":"https:\/\/alquimiaregenerativa.com\/en\/wp-json\/wp\/v2\/product_tag?post=125"}],"curies":[{"name":"wp","href":"https:\/\/api.w.org\/{rel}","templated":true}]}}