{"id":126,"date":"2024-06-13T18:58:39","date_gmt":"2024-06-13T16:58:39","guid":{"rendered":"https:\/\/alquimiaregenerativa.com\/?post_type=product&#038;p=126"},"modified":"2026-01-02T18:40:08","modified_gmt":"2026-01-02T17:40:08","slug":"kit-basico-herbolaria","status":"publish","type":"product","link":"https:\/\/alquimiaregenerativa.com\/en\/tienda\/kit-basico-herbolaria\/","title":{"rendered":"BASIC HERBALIST KIT"},"content":{"rendered":"","protected":false},"excerpt":{"rendered":"<p>$1757 Mexican Pesos<\/p>\n<p>\u2714\ufe0f <span style=\"font-weight: 400;\">BASIC KIT (30 days)<span data-sheets-root=\"1\">\u00a0<\/span>contains:<\/span><\/p>\n<p><span style=\"font-weight: 400;\">All-cure tea (replaces the basic one) $468 \u2013 100 gr (50 doses)<\/span><\/p>\n<p><span style=\"font-weight: 400;\">Intestinal broom $292 \u2013 80 gr<\/span><\/p>\n<p><span style=\"font-weight: 400;\">Parasite Tincture $410\u2013 50ml<\/span><\/p>\n<p><span style=\"font-weight: 400;\">Kidney Tincture $410 \u2013 50ml<\/span><\/p>\n<p><span style=\"font-weight: 400;\">Digestive Tincture $410 \u2013 50ml<\/span><\/p>\n<p><!-- \/wp:paragraph --> <!-- wp:paragraph --><\/p>\n<p><strong>How to use:<\/strong><\/p>\n<p><!-- \/wp:paragraph --> <!-- wp:paragraph --><\/p>\n<p><strong>TEA CURES ALL:<\/strong> The night before, boil a tablespoon of the tea, well-strength. Use 1 litre of water. Boil it for 7 minutes, let it sit overnight, and filter it the next morning. This way it is well concentrated. 1 or 2 cups a day, away from meals or on an empty stomach. It can also be used for vaginal douches (regenerates the uterus!) and enemas. 1 tablespoon per 500 ml.<\/p>\n<p><strong>INTESTINAL BROOM: <\/strong>Take 1 teaspoon in half a glass of water before going to sleep. 2\/3 times a week, it is recommended to do an enema the next day. Do not consume if you are constipated.<\/p>\n<p><strong>KIDNEY TINCTURE: <\/strong>1 full dropper sublingually, swish it around and mix it with saliva. Leave it in your mouth for 30-60 seconds, then swallow. If you find it too strong, you can dilute it with a little water.<\/p>\n<p><strong>PARASITES TINCTURE: <\/strong>sublingual dropper, swish it around and mix it with saliva. Leave it in your mouth for 30-60 seconds, then swallow. If you find it too strong, you can dilute it with a little water.<\/p>\n<p><strong>DIGESTIVE TINCTURE: <\/strong>1 dropper daily or 1\/2 to 1 dropper when there is indigestion, fermentation or bad combinations, gas, belching or flatulence.<\/p>\n<p>If you have any additional questions or concerns regarding the recommended use of herbs or your shipment, you can contact us at +525516207310<br \/>\nPlease note that we do not provide free advice on treatments, detox or herbal medicine, this has an additional cost.<\/p>\n<p>Disclaimer:<\/p>\n<p>Consult a health care professional before using herbs, you should consult a doctor or other health care provider, especially if you have a medical condition.<\/p>\n<p>Intended use<br \/>\nHerbs should only be used as directed and you should not use them to diagnose, treat, or prevent any disease.<\/p>\n<p>Risk<br \/>\nYou must assume your own risk when using herbs and should not rely on the information provided as a substitute for professional medical advice.<\/p>\n<p>Responsibility<br \/>\nThe store is not responsible for any injuries, illnesses or other adverse effects caused by the use of the herbs or the information provided.<\/p>\n<p>Pregnancy and breastfeeding<br \/>\nIf you are pregnant or breastfeeding, you should consult a doctor before using herbs.<\/p>","protected":false},"featured_media":2271,"comment_status":"open","ping_status":"closed","template":"","meta":{"site-sidebar-layout":"default","site-content-layout":"","ast-site-content-layout":"default","site-content-style":"default","site-sidebar-style":"default","ast-global-header-display":"","ast-banner-title-visibility":"","ast-main-header-display":"","ast-hfb-above-header-display":"","ast-hfb-below-header-display":"","ast-hfb-mobile-header-display":"","site-post-title":"","ast-breadcrumbs-content":"","ast-featured-img":"","footer-sml-layout":"","ast-disable-related-posts":"","theme-transparent-header-meta":"default","adv-header-id-meta":"","stick-header-meta":"","header-above-stick-meta":"","header-main-stick-meta":"","header-below-stick-meta":"","astra-migrate-meta-layouts":"set","ast-page-background-enabled":"default","ast-page-background-meta":{"desktop":{"background-color":"var(--ast-global-color-4)","background-image":"","background-repeat":"repeat","background-position":"center center","background-size":"auto","background-attachment":"scroll","background-type":"","background-media":"","overlay-type":"","overlay-color":"","overlay-opacity":"","overlay-gradient":""},"tablet":{"background-color":"","background-image":"","background-repeat":"repeat","background-position":"center center","background-size":"auto","background-attachment":"scroll","background-type":"","background-media":"","overlay-type":"","overlay-color":"","overlay-opacity":"","overlay-gradient":""},"mobile":{"background-color":"","background-image":"","background-repeat":"repeat","background-position":"center center","background-size":"auto","background-attachment":"scroll","background-type":"","background-media":"","overlay-type":"","overlay-color":"","overlay-opacity":"","overlay-gradient":""}},"ast-content-background-meta":{"desktop":{"background-color":"var(--ast-global-color-5)","background-image":"","background-repeat":"repeat","background-position":"center center","background-size":"auto","background-attachment":"scroll","background-type":"","background-media":"","overlay-type":"","overlay-color":"","overlay-opacity":"","overlay-gradient":""},"tablet":{"background-color":"var(--ast-global-color-5)","background-image":"","background-repeat":"repeat","background-position":"center center","background-size":"auto","background-attachment":"scroll","background-type":"","background-media":"","overlay-type":"","overlay-color":"","overlay-opacity":"","overlay-gradient":""},"mobile":{"background-color":"var(--ast-global-color-5)","background-image":"","background-repeat":"repeat","background-position":"center center","background-size":"auto","background-attachment":"scroll","background-type":"","background-media":"","overlay-type":"","overlay-color":"","overlay-opacity":"","overlay-gradient":""}},"_joinchat":[]},"product_brand":[],"product_cat":[22],"product_tag":[],"class_list":{"0":"post-126","1":"product","2":"type-product","3":"status-publish","4":"has-post-thumbnail","6":"product_cat-herboolaria","7":"desktop-align-center","8":"tablet-align-center","9":"mobile-align-center","11":"first","12":"instock","13":"taxable","14":"shipping-taxable","15":"purchasable","16":"product-type-simple"},"yoast_head":"<!-- This site is optimized with the Yoast SEO Premium plugin v23.4 (Yoast SEO v27.3) - https:\/\/yoast.com\/product\/yoast-seo-premium-wordpress\/ -->\n<title>KIT B\u00c1SICO HERBOLARIA - Alquimia Regenerativa<\/title>\n<meta name=\"robots\" content=\"index, follow, max-snippet:-1, max-image-preview:large, max-video-preview:-1\" \/>\n<link rel=\"canonical\" href=\"https:\/\/alquimiaregenerativa.com\/en\/tienda\/kit-basico-herbolaria\/\" \/>\n<meta property=\"og:locale\" content=\"en_US\" \/>\n<meta property=\"og:type\" content=\"article\" \/>\n<meta property=\"og:title\" content=\"KIT B\u00c1SICO HERBOLARIA\" \/>\n<meta property=\"og:description\" content=\"$1757 Pesos Mexicanos  \u2714\ufe0f KIT B\u00c1SICO (30 d\u00edas)\u00a0contiene:  T\u00e9 cura todo (reemplaza al b\u00e1sico) $468 \u2013 100 gr (50 dosis)  Escoba intestinal $292 \u2013 80 gr  Tintura Par\u00e1sitos $410\u2013 50ml  Tintura Ri\u00f1ones $410 \u2013 50ml  Tintura Digestivo $410 \u2013 50ml     Modo de uso:     T\u00c9 CURA TODO: La noche anterior pones a hervir una cucharada del t\u00e9 bien cargada. Usar 1 litro de agua. Lo hierves por 7 minutos, dejas reposar toda la noche, a la ma\u00f1ana siguiente lo filtras. As\u00ed queda bien concentrado. 1 o 2 tazas al d\u00eda lejos de las comidas o en ayunas. Tambi\u00e9n sirve para las duchas vaginales (regenera el \u00fatero!) y enemas. 1 cucharada sopera por 500 ml.  ESCOBA INTESTINAL: Tomas 1 cucharada de t\u00e9 en medio vaso de agua antes de ir a dormir. 2\/3 veces por semana, recomendado hacer enema al d\u00eda siguiente. No se consume si hay constipaci\u00f3n.  TINTURA RI\u00d1ONES: 1 gotero entero sublingual, hacer un buche y mezclarlo con la saliva. Lo dejas en la boca 30-60 segundos, despu\u00e9s tragas. Si te resulta fuerte puedes diluirla con un poco de agua.  TINTURA PAR\u00c1SITOS: gotero entero sublingual, hacer un buche y mezclarlo con la saliva. Lo dejas en la boca 30-60 segundos, despu\u00e9s tragas. Si te resulta fuerte puedes diluirla con un poco de agua.  TINTURA DIGESTIVO: 1 Gotero diario o 1\/2 a 1 gotero cuando hay indigesti\u00f3n, fermentaci\u00f3n o malas combinaciones, gases, eructos o flatulencias.  Si tienes dudas o preguntas adicionales sobre el uso recomendado de las hierbas o tu env\u00edo, te puedes comunicar con nosotros +525516207310 Por favor toma en cuenta que no damos asesor\u00eda gratuita sobre tratamientos, detox o herbolaria, esto tiene un costo adicional.  Descargo de Responsabilidad:  Consultar a un profesional de la salud antes de usar hierbas, debe consultar a un m\u00e9dico u otro proveedor de atenci\u00f3n m\u00e9dica, especialmente si tiene una condici\u00f3n m\u00e9dica.  Uso previsto Las hierbas solo deben usarse seg\u00fan las indicaciones y no debe usarlas para diagnosticar, tratar o prevenir ninguna enfermedad.  Riesgo Debe asumir el riesgo de usar hierbas y no debe confiar en la informaci\u00f3n proporcionada como sustituto del consejo m\u00e9dico profesional.  Responsabilidad La tienda no se hace responsable de ninguna lesi\u00f3n, enfermedad u otros efectos adversos causados \u200b\u200bpor el uso de las hierbas o la informaci\u00f3n proporcionada.  Embarazo y lactancia Si est\u00e1 embarazada o amamantando, debe consultar a un m\u00e9dico antes de usar hierbas.\" \/>\n<meta property=\"og:url\" content=\"https:\/\/alquimiaregenerativa.com\/en\/tienda\/kit-basico-herbolaria\/\" \/>\n<meta property=\"og:site_name\" content=\"Alquimia Regenerativa\" \/>\n<meta property=\"article:modified_time\" content=\"2026-01-02T17:40:08+00:00\" \/>\n<meta property=\"og:image\" content=\"https:\/\/alquimiaregenerativa.com\/wp-content\/uploads\/2024\/06\/kit-basico.png\" \/>\n\t<meta property=\"og:image:width\" content=\"384\" \/>\n\t<meta property=\"og:image:height\" content=\"361\" \/>\n\t<meta property=\"og:image:type\" content=\"image\/png\" \/>\n<meta name=\"twitter:card\" content=\"summary_large_image\" \/>\n<meta name=\"twitter:label1\" content=\"Price\" \/>\n\t<meta name=\"twitter:data1\" content=\"MXN $&nbsp;1,757.00\" \/>\n\t<meta name=\"twitter:label2\" content=\"Availability\" \/>\n\t<meta name=\"twitter:data2\" content=\"In stock\" \/>\n<script type=\"application\/ld+json\" class=\"yoast-schema-graph\">{\"@context\":\"https:\\\/\\\/schema.org\",\"@graph\":[{\"@type\":\"WebPage\",\"@id\":\"https:\\\/\\\/alquimiaregenerativa.com\\\/tienda\\\/kit-basico-herbolaria\\\/\",\"url\":\"https:\\\/\\\/alquimiaregenerativa.com\\\/tienda\\\/kit-basico-herbolaria\\\/\",\"name\":\"KIT B\u00c1SICO HERBOLARIA - Alquimia Regenerativa\",\"isPartOf\":{\"@id\":\"https:\\\/\\\/alquimiaregenerativa.com\\\/#website\"},\"primaryImageOfPage\":{\"@id\":\"https:\\\/\\\/alquimiaregenerativa.com\\\/tienda\\\/kit-basico-herbolaria\\\/#primaryimage\"},\"image\":{\"@id\":\"https:\\\/\\\/alquimiaregenerativa.com\\\/tienda\\\/kit-basico-herbolaria\\\/#primaryimage\"},\"thumbnailUrl\":\"https:\\\/\\\/alquimiaregenerativa.com\\\/wp-content\\\/uploads\\\/2024\\\/06\\\/kit-basico.png\",\"datePublished\":\"2024-06-13T16:58:39+00:00\",\"dateModified\":\"2026-01-02T17:40:08+00:00\",\"breadcrumb\":{\"@id\":\"https:\\\/\\\/alquimiaregenerativa.com\\\/tienda\\\/kit-basico-herbolaria\\\/#breadcrumb\"},\"inLanguage\":\"en-US\",\"potentialAction\":[{\"@type\":\"ReadAction\",\"target\":[\"https:\\\/\\\/alquimiaregenerativa.com\\\/tienda\\\/kit-basico-herbolaria\\\/\"]}]},{\"@type\":\"ImageObject\",\"inLanguage\":\"en-US\",\"@id\":\"https:\\\/\\\/alquimiaregenerativa.com\\\/tienda\\\/kit-basico-herbolaria\\\/#primaryimage\",\"url\":\"https:\\\/\\\/alquimiaregenerativa.com\\\/wp-content\\\/uploads\\\/2024\\\/06\\\/kit-basico.png\",\"contentUrl\":\"https:\\\/\\\/alquimiaregenerativa.com\\\/wp-content\\\/uploads\\\/2024\\\/06\\\/kit-basico.png\",\"width\":384,\"height\":361},{\"@type\":\"BreadcrumbList\",\"@id\":\"https:\\\/\\\/alquimiaregenerativa.com\\\/tienda\\\/kit-basico-herbolaria\\\/#breadcrumb\",\"itemListElement\":[{\"@type\":\"ListItem\",\"position\":1,\"name\":\"Portada\",\"item\":\"https:\\\/\\\/alquimiaregenerativa.com\\\/\"},{\"@type\":\"ListItem\",\"position\":2,\"name\":\"Tienda\",\"item\":\"https:\\\/\\\/alquimiaregenerativa.com\\\/tienda\\\/\"},{\"@type\":\"ListItem\",\"position\":3,\"name\":\"KIT B\u00c1SICO HERBOLARIA\"}]},{\"@type\":\"WebSite\",\"@id\":\"https:\\\/\\\/alquimiaregenerativa.com\\\/#website\",\"url\":\"https:\\\/\\\/alquimiaregenerativa.com\\\/\",\"name\":\"Alquimia Regenerativa\",\"description\":\"Comienza tu proceso de tranformaci\u00f3n\",\"potentialAction\":[{\"@type\":\"SearchAction\",\"target\":{\"@type\":\"EntryPoint\",\"urlTemplate\":\"https:\\\/\\\/alquimiaregenerativa.com\\\/?s={search_term_string}\"},\"query-input\":{\"@type\":\"PropertyValueSpecification\",\"valueRequired\":true,\"valueName\":\"search_term_string\"}}],\"inLanguage\":\"en-US\"}]}<\/script>\n<meta property=\"product:price:amount\" content=\"1757.00\" \/>\n<meta property=\"product:price:currency\" content=\"MXN\" \/>\n<meta property=\"og:availability\" content=\"instock\" \/>\n<meta property=\"product:availability\" content=\"instock\" \/>\n<meta property=\"product:condition\" content=\"new\" \/>\n<!-- \/ Yoast SEO Premium plugin. -->","yoast_head_json":{"title":"BASIC HERBAL KIT - Regenerative Alchemy","robots":{"index":"index","follow":"follow","max-snippet":"max-snippet:-1","max-image-preview":"max-image-preview:large","max-video-preview":"max-video-preview:-1"},"canonical":"https:\/\/alquimiaregenerativa.com\/en\/tienda\/kit-basico-herbolaria\/","og_locale":"en_US","og_type":"article","og_title":"KIT B\u00c1SICO HERBOLARIA","og_description":"$1757 Pesos Mexicanos  \u2714\ufe0f KIT B\u00c1SICO (30 d\u00edas)\u00a0contiene:  T\u00e9 cura todo (reemplaza al b\u00e1sico) $468 \u2013 100 gr (50 dosis)  Escoba intestinal $292 \u2013 80 gr  Tintura Par\u00e1sitos $410\u2013 50ml  Tintura Ri\u00f1ones $410 \u2013 50ml  Tintura Digestivo $410 \u2013 50ml     Modo de uso:     T\u00c9 CURA TODO: La noche anterior pones a hervir una cucharada del t\u00e9 bien cargada. Usar 1 litro de agua. Lo hierves por 7 minutos, dejas reposar toda la noche, a la ma\u00f1ana siguiente lo filtras. As\u00ed queda bien concentrado. 1 o 2 tazas al d\u00eda lejos de las comidas o en ayunas. Tambi\u00e9n sirve para las duchas vaginales (regenera el \u00fatero!) y enemas. 1 cucharada sopera por 500 ml.  ESCOBA INTESTINAL: Tomas 1 cucharada de t\u00e9 en medio vaso de agua antes de ir a dormir. 2\/3 veces por semana, recomendado hacer enema al d\u00eda siguiente. No se consume si hay constipaci\u00f3n.  TINTURA RI\u00d1ONES: 1 gotero entero sublingual, hacer un buche y mezclarlo con la saliva. Lo dejas en la boca 30-60 segundos, despu\u00e9s tragas. Si te resulta fuerte puedes diluirla con un poco de agua.  TINTURA PAR\u00c1SITOS: gotero entero sublingual, hacer un buche y mezclarlo con la saliva. Lo dejas en la boca 30-60 segundos, despu\u00e9s tragas. Si te resulta fuerte puedes diluirla con un poco de agua.  TINTURA DIGESTIVO: 1 Gotero diario o 1\/2 a 1 gotero cuando hay indigesti\u00f3n, fermentaci\u00f3n o malas combinaciones, gases, eructos o flatulencias.  Si tienes dudas o preguntas adicionales sobre el uso recomendado de las hierbas o tu env\u00edo, te puedes comunicar con nosotros +525516207310 Por favor toma en cuenta que no damos asesor\u00eda gratuita sobre tratamientos, detox o herbolaria, esto tiene un costo adicional.  Descargo de Responsabilidad:  Consultar a un profesional de la salud antes de usar hierbas, debe consultar a un m\u00e9dico u otro proveedor de atenci\u00f3n m\u00e9dica, especialmente si tiene una condici\u00f3n m\u00e9dica.  Uso previsto Las hierbas solo deben usarse seg\u00fan las indicaciones y no debe usarlas para diagnosticar, tratar o prevenir ninguna enfermedad.  Riesgo Debe asumir el riesgo de usar hierbas y no debe confiar en la informaci\u00f3n proporcionada como sustituto del consejo m\u00e9dico profesional.  Responsabilidad La tienda no se hace responsable de ninguna lesi\u00f3n, enfermedad u otros efectos adversos causados \u200b\u200bpor el uso de las hierbas o la informaci\u00f3n proporcionada.  Embarazo y lactancia Si est\u00e1 embarazada o amamantando, debe consultar a un m\u00e9dico antes de usar hierbas.","og_url":"https:\/\/alquimiaregenerativa.com\/en\/tienda\/kit-basico-herbolaria\/","og_site_name":"Alquimia Regenerativa","article_modified_time":"2026-01-02T17:40:08+00:00","og_image":[{"width":384,"height":361,"url":"https:\/\/alquimiaregenerativa.com\/wp-content\/uploads\/2024\/06\/kit-basico.png","type":"image\/png"}],"twitter_card":"summary_large_image","twitter_misc":{"Price":"MXN $&nbsp;1,757.00","Availability":"In stock"},"schema":{"@context":"https:\/\/schema.org","@graph":[{"@type":"WebPage","@id":"https:\/\/alquimiaregenerativa.com\/tienda\/kit-basico-herbolaria\/","url":"https:\/\/alquimiaregenerativa.com\/tienda\/kit-basico-herbolaria\/","name":"BASIC HERBAL KIT - Regenerative Alchemy","isPartOf":{"@id":"https:\/\/alquimiaregenerativa.com\/#website"},"primaryImageOfPage":{"@id":"https:\/\/alquimiaregenerativa.com\/tienda\/kit-basico-herbolaria\/#primaryimage"},"image":{"@id":"https:\/\/alquimiaregenerativa.com\/tienda\/kit-basico-herbolaria\/#primaryimage"},"thumbnailUrl":"https:\/\/alquimiaregenerativa.com\/wp-content\/uploads\/2024\/06\/kit-basico.png","datePublished":"2024-06-13T16:58:39+00:00","dateModified":"2026-01-02T17:40:08+00:00","breadcrumb":{"@id":"https:\/\/alquimiaregenerativa.com\/tienda\/kit-basico-herbolaria\/#breadcrumb"},"inLanguage":"en-US","potentialAction":[{"@type":"ReadAction","target":["https:\/\/alquimiaregenerativa.com\/tienda\/kit-basico-herbolaria\/"]}]},{"@type":"ImageObject","inLanguage":"en-US","@id":"https:\/\/alquimiaregenerativa.com\/tienda\/kit-basico-herbolaria\/#primaryimage","url":"https:\/\/alquimiaregenerativa.com\/wp-content\/uploads\/2024\/06\/kit-basico.png","contentUrl":"https:\/\/alquimiaregenerativa.com\/wp-content\/uploads\/2024\/06\/kit-basico.png","width":384,"height":361},{"@type":"BreadcrumbList","@id":"https:\/\/alquimiaregenerativa.com\/tienda\/kit-basico-herbolaria\/#breadcrumb","itemListElement":[{"@type":"ListItem","position":1,"name":"Portada","item":"https:\/\/alquimiaregenerativa.com\/"},{"@type":"ListItem","position":2,"name":"Tienda","item":"https:\/\/alquimiaregenerativa.com\/tienda\/"},{"@type":"ListItem","position":3,"name":"KIT B\u00c1SICO HERBOLARIA"}]},{"@type":"WebSite","@id":"https:\/\/alquimiaregenerativa.com\/#website","url":"https:\/\/alquimiaregenerativa.com\/","name":"Regenerative Alchemy","description":"Start your transformation process","potentialAction":[{"@type":"SearchAction","target":{"@type":"EntryPoint","urlTemplate":"https:\/\/alquimiaregenerativa.com\/?s={search_term_string}"},"query-input":{"@type":"PropertyValueSpecification","valueRequired":true,"valueName":"search_term_string"}}],"inLanguage":"en-US"}]},"product_price_amount":"1757.00","product_price_currency":"MXN","og_availability":"instock","product_availability":"instock","product_condition":"new"},"jetpack_sharing_enabled":true,"_links":{"self":[{"href":"https:\/\/alquimiaregenerativa.com\/en\/wp-json\/wp\/v2\/product\/126","targetHints":{"allow":["GET"]}}],"collection":[{"href":"https:\/\/alquimiaregenerativa.com\/en\/wp-json\/wp\/v2\/product"}],"about":[{"href":"https:\/\/alquimiaregenerativa.com\/en\/wp-json\/wp\/v2\/types\/product"}],"replies":[{"embeddable":true,"href":"https:\/\/alquimiaregenerativa.com\/en\/wp-json\/wp\/v2\/comments?post=126"}],"wp:featuredmedia":[{"embeddable":true,"href":"https:\/\/alquimiaregenerativa.com\/en\/wp-json\/wp\/v2\/media\/2271"}],"wp:attachment":[{"href":"https:\/\/alquimiaregenerativa.com\/en\/wp-json\/wp\/v2\/media?parent=126"}],"wp:term":[{"taxonomy":"product_brand","embeddable":true,"href":"https:\/\/alquimiaregenerativa.com\/en\/wp-json\/wp\/v2\/product_brand?post=126"},{"taxonomy":"product_cat","embeddable":true,"href":"https:\/\/alquimiaregenerativa.com\/en\/wp-json\/wp\/v2\/product_cat?post=126"},{"taxonomy":"product_tag","embeddable":true,"href":"https:\/\/alquimiaregenerativa.com\/en\/wp-json\/wp\/v2\/product_tag?post=126"}],"curies":[{"name":"wp","href":"https:\/\/api.w.org\/{rel}","templated":true}]}}