{"id":128,"date":"2024-06-13T18:58:39","date_gmt":"2024-06-13T16:58:39","guid":{"rendered":"https:\/\/alquimiaregenerativa.com\/?post_type=product&#038;p=128"},"modified":"2025-08-26T03:54:04","modified_gmt":"2025-08-26T01:54:04","slug":"masterclassdesparasitacion","status":"publish","type":"product","link":"https:\/\/alquimiaregenerativa.com\/en\/tienda\/masterclassdesparasitacion\/","title":{"rendered":"Deworming Masterclass"},"content":{"rendered":"","protected":false},"excerpt":{"rendered":"<p>Do you recognize any of these signs in your body?<\/p>\n<ul>\n<li>Bloating, gas, and digestive problems that never go away.<\/li>\n<li>Anxiety, brain fog, or irritability that has no clear cause.<\/li>\n<li>Uncontrollable cravings for sugar and carbohydrates that sabotage your diet.<\/li>\n<li>Chronic fatigue, even if you sleep eight hours.<\/li>\n<li>Skin problems, unexplained itching, or nighttime bruxing.<\/li>\n<\/ul>\n<p>We often attribute these symptoms to stress or simply &quot;the pace of life.&quot; But what if the root cause is something else?<\/p>\n<p>These aren&#039;t isolated problems; they&#039;re signals your body sends you to tell you that unwanted &quot;guests&quot; are consuming your energy and nutrients from within. Guests called parasites, to whom we welcome daily with unhealthy, processed foods.<\/p>\n<p>In our Deworming Masterclass, you&#039;ll learn to interpret these signs and understand why your symptoms might worsen during the full moon. We&#039;ll give you a clear and safe path to regain control of your well-being.<\/p>\n<p>Stop fighting the symptoms. It&#039;s time to find and eliminate the real cause.<\/p>\n<p><b>Digital Materials that includes:\u00a0<\/b><\/p>\n<ul>\n<li style=\"font-weight: 400;\" aria-level=\"1\"><span style=\"font-weight: 400;\">Masterclass Parasites and Candida Extended<\/span><\/li>\n<li style=\"font-weight: 400;\" aria-level=\"1\"><span style=\"font-weight: 400;\">Masterclasses Parasite Protocols<\/span><\/li>\n<li style=\"font-weight: 400;\" aria-level=\"1\"><span style=\"font-weight: 400;\">Alkaline and Anti-Inflammatory Diet<\/span><\/li>\n<li style=\"font-weight: 400;\" aria-level=\"1\"><span style=\"font-weight: 400;\">Guide to deworming yourself<\/span><\/li>\n<li style=\"font-weight: 400;\" aria-level=\"1\"><span style=\"font-weight: 400;\">Candida Guide Causes and Solutions<\/span><\/li>\n<li style=\"font-weight: 400;\" aria-level=\"1\"><span style=\"font-weight: 400;\">Guide to Detox Crises<\/span><\/li>\n<li style=\"font-weight: 400;\" aria-level=\"1\"><span style=\"font-weight: 400;\">Herbal Guide<\/span><\/li>\n<\/ul>\n<p><strong>Investment: 777 MXN \/ 42 USD \/ 56 thousand ARS<\/strong><\/p>","protected":false},"featured_media":6197,"comment_status":"open","ping_status":"closed","template":"","meta":{"site-sidebar-layout":"default","site-content-layout":"","ast-site-content-layout":"default","site-content-style":"default","site-sidebar-style":"default","ast-global-header-display":"","ast-banner-title-visibility":"","ast-main-header-display":"","ast-hfb-above-header-display":"","ast-hfb-below-header-display":"","ast-hfb-mobile-header-display":"","site-post-title":"","ast-breadcrumbs-content":"","ast-featured-img":"","footer-sml-layout":"","ast-disable-related-posts":"","theme-transparent-header-meta":"default","adv-header-id-meta":"","stick-header-meta":"","header-above-stick-meta":"","header-main-stick-meta":"","header-below-stick-meta":"","astra-migrate-meta-layouts":"set","ast-page-background-enabled":"default","ast-page-background-meta":{"desktop":{"background-color":"var(--ast-global-color-4)","background-image":"","background-repeat":"repeat","background-position":"center center","background-size":"auto","background-attachment":"scroll","background-type":"","background-media":"","overlay-type":"","overlay-color":"","overlay-opacity":"","overlay-gradient":""},"tablet":{"background-color":"","background-image":"","background-repeat":"repeat","background-position":"center center","background-size":"auto","background-attachment":"scroll","background-type":"","background-media":"","overlay-type":"","overlay-color":"","overlay-opacity":"","overlay-gradient":""},"mobile":{"background-color":"","background-image":"","background-repeat":"repeat","background-position":"center center","background-size":"auto","background-attachment":"scroll","background-type":"","background-media":"","overlay-type":"","overlay-color":"","overlay-opacity":"","overlay-gradient":""}},"ast-content-background-meta":{"desktop":{"background-color":"var(--ast-global-color-5)","background-image":"","background-repeat":"repeat","background-position":"center center","background-size":"auto","background-attachment":"scroll","background-type":"","background-media":"","overlay-type":"","overlay-color":"","overlay-opacity":"","overlay-gradient":""},"tablet":{"background-color":"var(--ast-global-color-5)","background-image":"","background-repeat":"repeat","background-position":"center center","background-size":"auto","background-attachment":"scroll","background-type":"","background-media":"","overlay-type":"","overlay-color":"","overlay-opacity":"","overlay-gradient":""},"mobile":{"background-color":"var(--ast-global-color-5)","background-image":"","background-repeat":"repeat","background-position":"center center","background-size":"auto","background-attachment":"scroll","background-type":"","background-media":"","overlay-type":"","overlay-color":"","overlay-opacity":"","overlay-gradient":""}},"_joinchat":[]},"product_brand":[],"product_cat":[22],"product_tag":[],"class_list":{"0":"post-128","1":"product","2":"type-product","3":"status-publish","4":"has-post-thumbnail","6":"product_cat-herboolaria","7":"desktop-align-center","8":"tablet-align-center","9":"mobile-align-center","11":"first","12":"instock","13":"virtual","14":"sold-individually","15":"taxable","16":"purchasable","17":"product-type-simple"},"yoast_head":"<!-- This site is optimized with the Yoast SEO Premium plugin v23.4 (Yoast SEO v27.5) - https:\/\/yoast.com\/product\/yoast-seo-premium-wordpress\/ -->\n<title>Masterclass Desparasitaci\u00f3n - Alquimia Regenerativa<\/title>\n<meta name=\"robots\" content=\"index, follow, max-snippet:-1, max-image-preview:large, max-video-preview:-1\" \/>\n<link rel=\"canonical\" href=\"https:\/\/alquimiaregenerativa.com\/en\/tienda\/masterclassdesparasitacion\/\" \/>\n<meta property=\"og:locale\" content=\"en_US\" \/>\n<meta property=\"og:type\" content=\"article\" \/>\n<meta property=\"og:title\" content=\"Masterclass Desparasitaci\u00f3n\" \/>\n<meta property=\"og:description\" content=\"\u00bfReconoces alguna de estas se\u00f1ales en tu cuerpo?:   Hinchaz\u00f3n, gases y problemas digestivos que nunca se solucionan.  Ansiedad, neblina mental o irritabilidad que no tienen una causa clara.  Antojos incontrolables de az\u00facar y carbohidratos que sabotean tu alimentaci\u00f3n.  Cansancio cr\u00f3nico, aunque duermas ocho horas.  Problemas en la piel, picores inexplicables o bruxismo por la noche.  A menudo, atribuimos estos s\u00edntomas al estr\u00e9s o simplemente &quot;al ritmo de vida&quot;. Pero, \u00bfy si la causa ra\u00edz fuera otra?  Estos no son problemas aislados; son las se\u00f1ales que tu cuerpo te env\u00eda para decirte que hay &quot;invitados&quot; no deseados consumiendo tu energ\u00eda y nutrientes desde adentro. Invitados llamados par\u00e1sitos, a los cuales les abrimos la puerta a diario con una alimentaci\u00f3n procesada y no sana.  En nuestra Masterclass de Desparasitaci\u00f3n aprender\u00e1s a interpretar estas se\u00f1ales y a entender por qu\u00e9 tus s\u00edntomas podr\u00edan empeorar con la luna llena. Te daremos un camino claro y seguro para recuperar el control de tu bienestar.  Deja de luchar contra s\u00edntomas. Es hora de encontrar y eliminar la verdadera causa.  Materiales Digitales que incluye:\u00a0   Masterclass Par\u00e1sitos y Candida Extendido  Masterclasses Protocolos Par\u00e1sitos  Alimentaci\u00f3n Alcalina e Antiinflamatoria  Gu\u00eda para desparasitarte  Gu\u00eda C\u00e1ndida causas y soluciones  Gu\u00eda Crisis depurativas  Gu\u00eda herbolaria  Inversi\u00f3n: 777 mxn \/ 42 usd \/ 56 mil ars\" \/>\n<meta property=\"og:url\" content=\"https:\/\/alquimiaregenerativa.com\/en\/tienda\/masterclassdesparasitacion\/\" \/>\n<meta property=\"og:site_name\" content=\"Alquimia Regenerativa\" \/>\n<meta property=\"article:modified_time\" content=\"2025-08-26T01:54:04+00:00\" \/>\n<meta property=\"og:image\" content=\"https:\/\/alquimiaregenerativa.com\/wp-content\/uploads\/2024\/06\/Masterclass-desparasitacion-parasitos-y-candidas.png\" \/>\n\t<meta property=\"og:image:width\" content=\"1024\" \/>\n\t<meta property=\"og:image:height\" content=\"1024\" \/>\n\t<meta property=\"og:image:type\" content=\"image\/png\" \/>\n<meta name=\"twitter:card\" content=\"summary_large_image\" \/>\n<meta name=\"twitter:label1\" content=\"Price\" \/>\n\t<meta name=\"twitter:data1\" content=\"MXN $&nbsp;777.00\" \/>\n\t<meta name=\"twitter:label2\" content=\"Availability\" \/>\n\t<meta name=\"twitter:data2\" content=\"In stock\" \/>\n<script type=\"application\/ld+json\" class=\"yoast-schema-graph\">{\"@context\":\"https:\\\/\\\/schema.org\",\"@graph\":[{\"@type\":\"WebPage\",\"@id\":\"https:\\\/\\\/alquimiaregenerativa.com\\\/tienda\\\/masterclassdesparasitacion\\\/\",\"url\":\"https:\\\/\\\/alquimiaregenerativa.com\\\/tienda\\\/masterclassdesparasitacion\\\/\",\"name\":\"Masterclass Desparasitaci\u00f3n - Alquimia Regenerativa\",\"isPartOf\":{\"@id\":\"https:\\\/\\\/alquimiaregenerativa.com\\\/#website\"},\"primaryImageOfPage\":{\"@id\":\"https:\\\/\\\/alquimiaregenerativa.com\\\/tienda\\\/masterclassdesparasitacion\\\/#primaryimage\"},\"image\":{\"@id\":\"https:\\\/\\\/alquimiaregenerativa.com\\\/tienda\\\/masterclassdesparasitacion\\\/#primaryimage\"},\"thumbnailUrl\":\"https:\\\/\\\/alquimiaregenerativa.com\\\/wp-content\\\/uploads\\\/2024\\\/06\\\/Masterclass-desparasitacion-parasitos-y-candidas.png\",\"datePublished\":\"2024-06-13T16:58:39+00:00\",\"dateModified\":\"2025-08-26T01:54:04+00:00\",\"breadcrumb\":{\"@id\":\"https:\\\/\\\/alquimiaregenerativa.com\\\/tienda\\\/masterclassdesparasitacion\\\/#breadcrumb\"},\"inLanguage\":\"en-US\",\"potentialAction\":[{\"@type\":\"ReadAction\",\"target\":[\"https:\\\/\\\/alquimiaregenerativa.com\\\/tienda\\\/masterclassdesparasitacion\\\/\"]}]},{\"@type\":\"ImageObject\",\"inLanguage\":\"en-US\",\"@id\":\"https:\\\/\\\/alquimiaregenerativa.com\\\/tienda\\\/masterclassdesparasitacion\\\/#primaryimage\",\"url\":\"https:\\\/\\\/alquimiaregenerativa.com\\\/wp-content\\\/uploads\\\/2024\\\/06\\\/Masterclass-desparasitacion-parasitos-y-candidas.png\",\"contentUrl\":\"https:\\\/\\\/alquimiaregenerativa.com\\\/wp-content\\\/uploads\\\/2024\\\/06\\\/Masterclass-desparasitacion-parasitos-y-candidas.png\",\"width\":1024,\"height\":1024},{\"@type\":\"BreadcrumbList\",\"@id\":\"https:\\\/\\\/alquimiaregenerativa.com\\\/tienda\\\/masterclassdesparasitacion\\\/#breadcrumb\",\"itemListElement\":[{\"@type\":\"ListItem\",\"position\":1,\"name\":\"Portada\",\"item\":\"https:\\\/\\\/alquimiaregenerativa.com\\\/\"},{\"@type\":\"ListItem\",\"position\":2,\"name\":\"Tienda\",\"item\":\"https:\\\/\\\/alquimiaregenerativa.com\\\/tienda\\\/\"},{\"@type\":\"ListItem\",\"position\":3,\"name\":\"Masterclass Desparasitaci\u00f3n\"}]},{\"@type\":\"WebSite\",\"@id\":\"https:\\\/\\\/alquimiaregenerativa.com\\\/#website\",\"url\":\"https:\\\/\\\/alquimiaregenerativa.com\\\/\",\"name\":\"Alquimia Regenerativa\",\"description\":\"Comienza tu proceso de tranformaci\u00f3n\",\"potentialAction\":[{\"@type\":\"SearchAction\",\"target\":{\"@type\":\"EntryPoint\",\"urlTemplate\":\"https:\\\/\\\/alquimiaregenerativa.com\\\/?s={search_term_string}\"},\"query-input\":{\"@type\":\"PropertyValueSpecification\",\"valueRequired\":true,\"valueName\":\"search_term_string\"}}],\"inLanguage\":\"en-US\"}]}<\/script>\n<meta property=\"product:price:amount\" content=\"777.00\" \/>\n<meta property=\"product:price:currency\" content=\"MXN\" \/>\n<meta property=\"og:availability\" content=\"instock\" \/>\n<meta property=\"product:availability\" content=\"instock\" \/>\n<meta property=\"product:condition\" content=\"new\" \/>\n<!-- \/ Yoast SEO Premium plugin. -->","yoast_head_json":{"title":"Deworming Masterclass - Regenerative Alchemy","robots":{"index":"index","follow":"follow","max-snippet":"max-snippet:-1","max-image-preview":"max-image-preview:large","max-video-preview":"max-video-preview:-1"},"canonical":"https:\/\/alquimiaregenerativa.com\/en\/tienda\/masterclassdesparasitacion\/","og_locale":"en_US","og_type":"article","og_title":"Masterclass Desparasitaci\u00f3n","og_description":"\u00bfReconoces alguna de estas se\u00f1ales en tu cuerpo?:   Hinchaz\u00f3n, gases y problemas digestivos que nunca se solucionan.  Ansiedad, neblina mental o irritabilidad que no tienen una causa clara.  Antojos incontrolables de az\u00facar y carbohidratos que sabotean tu alimentaci\u00f3n.  Cansancio cr\u00f3nico, aunque duermas ocho horas.  Problemas en la piel, picores inexplicables o bruxismo por la noche.  A menudo, atribuimos estos s\u00edntomas al estr\u00e9s o simplemente \"al ritmo de vida\". Pero, \u00bfy si la causa ra\u00edz fuera otra?  Estos no son problemas aislados; son las se\u00f1ales que tu cuerpo te env\u00eda para decirte que hay \"invitados\" no deseados consumiendo tu energ\u00eda y nutrientes desde adentro. Invitados llamados par\u00e1sitos, a los cuales les abrimos la puerta a diario con una alimentaci\u00f3n procesada y no sana.  En nuestra Masterclass de Desparasitaci\u00f3n aprender\u00e1s a interpretar estas se\u00f1ales y a entender por qu\u00e9 tus s\u00edntomas podr\u00edan empeorar con la luna llena. Te daremos un camino claro y seguro para recuperar el control de tu bienestar.  Deja de luchar contra s\u00edntomas. Es hora de encontrar y eliminar la verdadera causa.  Materiales Digitales que incluye:\u00a0   Masterclass Par\u00e1sitos y Candida Extendido  Masterclasses Protocolos Par\u00e1sitos  Alimentaci\u00f3n Alcalina e Antiinflamatoria  Gu\u00eda para desparasitarte  Gu\u00eda C\u00e1ndida causas y soluciones  Gu\u00eda Crisis depurativas  Gu\u00eda herbolaria  Inversi\u00f3n: 777 mxn \/ 42 usd \/ 56 mil ars","og_url":"https:\/\/alquimiaregenerativa.com\/en\/tienda\/masterclassdesparasitacion\/","og_site_name":"Alquimia Regenerativa","article_modified_time":"2025-08-26T01:54:04+00:00","og_image":[{"width":1024,"height":1024,"url":"https:\/\/alquimiaregenerativa.com\/wp-content\/uploads\/2024\/06\/Masterclass-desparasitacion-parasitos-y-candidas.png","type":"image\/png"}],"twitter_card":"summary_large_image","twitter_misc":{"Price":"MXN $&nbsp;777.00","Availability":"In stock"},"schema":{"@context":"https:\/\/schema.org","@graph":[{"@type":"WebPage","@id":"https:\/\/alquimiaregenerativa.com\/tienda\/masterclassdesparasitacion\/","url":"https:\/\/alquimiaregenerativa.com\/tienda\/masterclassdesparasitacion\/","name":"Deworming Masterclass - Regenerative Alchemy","isPartOf":{"@id":"https:\/\/alquimiaregenerativa.com\/#website"},"primaryImageOfPage":{"@id":"https:\/\/alquimiaregenerativa.com\/tienda\/masterclassdesparasitacion\/#primaryimage"},"image":{"@id":"https:\/\/alquimiaregenerativa.com\/tienda\/masterclassdesparasitacion\/#primaryimage"},"thumbnailUrl":"https:\/\/alquimiaregenerativa.com\/wp-content\/uploads\/2024\/06\/Masterclass-desparasitacion-parasitos-y-candidas.png","datePublished":"2024-06-13T16:58:39+00:00","dateModified":"2025-08-26T01:54:04+00:00","breadcrumb":{"@id":"https:\/\/alquimiaregenerativa.com\/tienda\/masterclassdesparasitacion\/#breadcrumb"},"inLanguage":"en-US","potentialAction":[{"@type":"ReadAction","target":["https:\/\/alquimiaregenerativa.com\/tienda\/masterclassdesparasitacion\/"]}]},{"@type":"ImageObject","inLanguage":"en-US","@id":"https:\/\/alquimiaregenerativa.com\/tienda\/masterclassdesparasitacion\/#primaryimage","url":"https:\/\/alquimiaregenerativa.com\/wp-content\/uploads\/2024\/06\/Masterclass-desparasitacion-parasitos-y-candidas.png","contentUrl":"https:\/\/alquimiaregenerativa.com\/wp-content\/uploads\/2024\/06\/Masterclass-desparasitacion-parasitos-y-candidas.png","width":1024,"height":1024},{"@type":"BreadcrumbList","@id":"https:\/\/alquimiaregenerativa.com\/tienda\/masterclassdesparasitacion\/#breadcrumb","itemListElement":[{"@type":"ListItem","position":1,"name":"Portada","item":"https:\/\/alquimiaregenerativa.com\/"},{"@type":"ListItem","position":2,"name":"Tienda","item":"https:\/\/alquimiaregenerativa.com\/tienda\/"},{"@type":"ListItem","position":3,"name":"Masterclass Desparasitaci\u00f3n"}]},{"@type":"WebSite","@id":"https:\/\/alquimiaregenerativa.com\/#website","url":"https:\/\/alquimiaregenerativa.com\/","name":"Regenerative Alchemy","description":"Start your transformation process","potentialAction":[{"@type":"SearchAction","target":{"@type":"EntryPoint","urlTemplate":"https:\/\/alquimiaregenerativa.com\/?s={search_term_string}"},"query-input":{"@type":"PropertyValueSpecification","valueRequired":true,"valueName":"search_term_string"}}],"inLanguage":"en-US"}]},"product_price_amount":"777.00","product_price_currency":"MXN","og_availability":"instock","product_availability":"instock","product_condition":"new"},"jetpack_sharing_enabled":true,"_links":{"self":[{"href":"https:\/\/alquimiaregenerativa.com\/en\/wp-json\/wp\/v2\/product\/128","targetHints":{"allow":["GET"]}}],"collection":[{"href":"https:\/\/alquimiaregenerativa.com\/en\/wp-json\/wp\/v2\/product"}],"about":[{"href":"https:\/\/alquimiaregenerativa.com\/en\/wp-json\/wp\/v2\/types\/product"}],"replies":[{"embeddable":true,"href":"https:\/\/alquimiaregenerativa.com\/en\/wp-json\/wp\/v2\/comments?post=128"}],"wp:featuredmedia":[{"embeddable":true,"href":"https:\/\/alquimiaregenerativa.com\/en\/wp-json\/wp\/v2\/media\/6197"}],"wp:attachment":[{"href":"https:\/\/alquimiaregenerativa.com\/en\/wp-json\/wp\/v2\/media?parent=128"}],"wp:term":[{"taxonomy":"product_brand","embeddable":true,"href":"https:\/\/alquimiaregenerativa.com\/en\/wp-json\/wp\/v2\/product_brand?post=128"},{"taxonomy":"product_cat","embeddable":true,"href":"https:\/\/alquimiaregenerativa.com\/en\/wp-json\/wp\/v2\/product_cat?post=128"},{"taxonomy":"product_tag","embeddable":true,"href":"https:\/\/alquimiaregenerativa.com\/en\/wp-json\/wp\/v2\/product_tag?post=128"}],"curies":[{"name":"wp","href":"https:\/\/api.w.org\/{rel}","templated":true}]}}