{"id":129,"date":"2024-06-13T18:58:39","date_gmt":"2024-06-13T16:58:39","guid":{"rendered":"https:\/\/alquimiaregenerativa.com\/?post_type=product&#038;p=129"},"modified":"2026-04-07T22:18:14","modified_gmt":"2026-04-07T20:18:14","slug":"sesion-de-seguimiento-acompanamiento","status":"publish","type":"product","link":"https:\/\/alquimiaregenerativa.com\/en\/tienda\/sesion-de-seguimiento-acompanamiento\/","title":{"rendered":"Follow-up session (If you are on a detox)"},"content":{"rendered":"","protected":false},"excerpt":{"rendered":"<div class=\"cws_textmodule_titles\">\n<div class=\"cws_textmodule_aside\">\n<h2 class=\"cws_textmodule_title\"><span style=\"font-size: 16px;\"><strong>If you are on a detox or a group or individual mindful eating process (<\/strong><\/span><strong><em style=\"font-size: 16px;\">prerequisite<\/em><\/strong><span style=\"font-size: 16px;\"><strong>If you&#039;re looking for continued support, this plan is for you. We&#039;ll focus on your current health status, areas that have improved, and tools to maintain those improvements. We&#039;ll also look at areas that haven&#039;t changed and give you specific recommendations to start working on them. We&#039;ll develop a plan with recommendations to further deepen and sustain these changes.<\/strong> already managed.<\/span><\/h2>\n<\/div>\n<\/div>\n<p>&nbsp;<\/p>\n<p><strong>Includes:\u00a0<\/strong><\/p>\n<div class=\"cws_textmodule_titles\">\n<div class=\"cws_textmodule_aside\">\n<p>\u2022 Individual session (duration to be chosen below) \u2022 With or without additional support (choose below) \u2022 Agreement on a new action plan and herbal recommendations \u2022 Guided meditation with reprogramming and visualization<\/p>\n<\/div>\n<\/div>\n<div class=\"cws_textmodule_content\">\n<div class=\"text_content_wrapper\">\n<p><strong>Options:\u00a0<\/strong><\/p>\n<p>1- 2-hour session + additional support for 7 days<\/p>\n<p>2- 1 hr session without accompaniment<\/p>\n<p>3- 30 min session without accompaniment<\/p>\n<p><strong>Worth:<br \/>\n<\/strong><span data-offset-key=\"f36pn-0-0\">1- $1,800 Mexicans <span style=\"font-weight: 400; font-size: 14px; line-height: 1.5714em;\">\/ $103 USD Approx (depending on exchange rate) \/ Argentinians please inquire! Whatsapp: +52 55 1620 7310 Or Direct Link: <a href=\"https:\/\/tinyurl.com\/Contacto-AlquimiaRegenerativa\">https:\/\/tinyurl.com\/Contacto-AlquimiaRegenerativa<\/a><\/span><\/span><\/p>\n<p>2- <span data-offset-key=\"f36pn-0-0\">$1,111 Mexicans <span style=\"font-weight: 400; font-size: 14px; line-height: 1.5714em;\">\/ $64 USD Approx (depending on exchange rate) \/ Argentinians please ask!\u00a0<\/span><\/span><\/p>\n<\/div>\n<p>3- <span data-offset-key=\"f36pn-0-0\">$650 Mexicans <span style=\"font-weight: 400; font-size: 14px; line-height: 1.5714em;\">\/ $37 USD Approx (depending on exchange rate) \/ Argentinians please ask! W<\/span><\/span><\/p>\n<\/div>","protected":false},"featured_media":2477,"comment_status":"open","ping_status":"closed","template":"","meta":{"site-sidebar-layout":"default","site-content-layout":"","ast-site-content-layout":"default","site-content-style":"default","site-sidebar-style":"default","ast-global-header-display":"","ast-banner-title-visibility":"","ast-main-header-display":"","ast-hfb-above-header-display":"","ast-hfb-below-header-display":"","ast-hfb-mobile-header-display":"","site-post-title":"","ast-breadcrumbs-content":"","ast-featured-img":"","footer-sml-layout":"","ast-disable-related-posts":"","theme-transparent-header-meta":"default","adv-header-id-meta":"","stick-header-meta":"","header-above-stick-meta":"","header-main-stick-meta":"","header-below-stick-meta":"","astra-migrate-meta-layouts":"set","ast-page-background-enabled":"default","ast-page-background-meta":{"desktop":{"background-color":"var(--ast-global-color-4)","background-image":"","background-repeat":"repeat","background-position":"center center","background-size":"auto","background-attachment":"scroll","background-type":"","background-media":"","overlay-type":"","overlay-color":"","overlay-opacity":"","overlay-gradient":""},"tablet":{"background-color":"","background-image":"","background-repeat":"repeat","background-position":"center center","background-size":"auto","background-attachment":"scroll","background-type":"","background-media":"","overlay-type":"","overlay-color":"","overlay-opacity":"","overlay-gradient":""},"mobile":{"background-color":"","background-image":"","background-repeat":"repeat","background-position":"center center","background-size":"auto","background-attachment":"scroll","background-type":"","background-media":"","overlay-type":"","overlay-color":"","overlay-opacity":"","overlay-gradient":""}},"ast-content-background-meta":{"desktop":{"background-color":"var(--ast-global-color-5)","background-image":"","background-repeat":"repeat","background-position":"center center","background-size":"auto","background-attachment":"scroll","background-type":"","background-media":"","overlay-type":"","overlay-color":"","overlay-opacity":"","overlay-gradient":""},"tablet":{"background-color":"var(--ast-global-color-5)","background-image":"","background-repeat":"repeat","background-position":"center center","background-size":"auto","background-attachment":"scroll","background-type":"","background-media":"","overlay-type":"","overlay-color":"","overlay-opacity":"","overlay-gradient":""},"mobile":{"background-color":"var(--ast-global-color-5)","background-image":"","background-repeat":"repeat","background-position":"center center","background-size":"auto","background-attachment":"scroll","background-type":"","background-media":"","overlay-type":"","overlay-color":"","overlay-opacity":"","overlay-gradient":""}},"_joinchat":[]},"product_brand":[],"product_cat":[24],"product_tag":[],"class_list":{"0":"post-129","1":"product","2":"type-product","3":"status-publish","4":"has-post-thumbnail","6":"product_cat-programas","7":"desktop-align-center","8":"tablet-align-center","9":"mobile-align-center","11":"first","12":"instock","13":"sold-individually","14":"taxable","15":"shipping-taxable","16":"purchasable","17":"product-type-variable"},"yoast_head":"<!-- This site is optimized with the Yoast SEO Premium plugin v23.4 (Yoast SEO v27.4) - https:\/\/yoast.com\/product\/yoast-seo-premium-wordpress\/ -->\n<title>Sesi\u00f3n de Seguimiento (Si est\u00e1s en detox) - Alquimia Regenerativa<\/title>\n<meta name=\"robots\" content=\"index, follow, max-snippet:-1, max-image-preview:large, max-video-preview:-1\" \/>\n<link rel=\"canonical\" href=\"https:\/\/alquimiaregenerativa.com\/en\/tienda\/sesion-de-seguimiento-acompanamiento\/\" \/>\n<meta property=\"og:locale\" content=\"en_US\" \/>\n<meta property=\"og:type\" content=\"article\" \/>\n<meta property=\"og:title\" content=\"Sesi\u00f3n de Seguimiento (Si est\u00e1s en detox)\" \/>\n<meta property=\"og:description\" content=\"Si\u00a0 est\u00e1s en detox o un proceso de alimentaci\u00f3n consciente grupal o individual (requisito previo) y buscas seguir recibiendo apoyo, este plan es para ti. Nos enfocaremos en tu estado de salud actual, puntos que mejoraron y herramientas para mantenerlos en equilibrio. Tambi\u00e9n veremos las \u00e1reas que no han cambiado y te daremos recomendaciones espec\u00edficas para comenzar a trabajarlas. Desarrollaremos un plan con recomendaciones para seguir profundizando y sostener los cambios ya gestionados.   &nbsp;  Incluye:\u00a0    \u2022Sesi\u00f3n individual (tiempo duraci\u00f3n a elecci\u00f3n abajo) \u2022 Con o sin acompa\u00f1amiento adicional (elijes abajo) \u2022Acuerdo de nuevo plan de acci\u00f3n y recomendaciones herbolaria \u2022 Meditaci\u00f3n guiada con reprogramaci\u00f3n y visualizaci\u00f3n       Opciones:\u00a0  1- Sesi\u00f3n 2 hs + acompa\u00f1amiento adicional 7 d\u00edas  2- Sesi\u00f3n 1 hr sin acompa\u00f1amiento  3- Sesi\u00f3n 30 min sin acompa\u00f1amiento  Valor: 1- $1,800 mexicanos \/ $103 USD Aprox (seg\u00fan cambio) \/ Argentinos preguntar! Whatsapp: +52 55 1620 7310 O Link directo: https:\/\/tinyurl.com\/Contacto-AlquimiaRegenerativa  2- $1,111 mexicanos \/ $64 USD Aprox (seg\u00fan cambio) \/ Argentinos preguntar!\u00a0   3- $650 mexicanos \/ $37 USD Aprox (seg\u00fan cambio) \/ Argentinos preguntar! W\" \/>\n<meta property=\"og:url\" content=\"https:\/\/alquimiaregenerativa.com\/en\/tienda\/sesion-de-seguimiento-acompanamiento\/\" \/>\n<meta property=\"og:site_name\" content=\"Alquimia Regenerativa\" \/>\n<meta property=\"article:modified_time\" content=\"2026-04-07T20:18:14+00:00\" \/>\n<meta property=\"og:image\" content=\"https:\/\/alquimiaregenerativa.com\/wp-content\/uploads\/2024\/06\/Copia-de-cuadrado-detox-web-4.png\" \/>\n\t<meta property=\"og:image:width\" content=\"1024\" \/>\n\t<meta property=\"og:image:height\" content=\"1024\" \/>\n\t<meta property=\"og:image:type\" content=\"image\/png\" \/>\n<meta name=\"twitter:card\" content=\"summary_large_image\" \/>\n<meta name=\"twitter:label1\" content=\"Availability\" \/>\n\t<meta name=\"twitter:data1\" content=\"In stock\" \/>\n<script type=\"application\/ld+json\" class=\"yoast-schema-graph\">{\"@context\":\"https:\\\/\\\/schema.org\",\"@graph\":[{\"@type\":\"WebPage\",\"@id\":\"https:\\\/\\\/alquimiaregenerativa.com\\\/tienda\\\/sesion-de-seguimiento-acompanamiento\\\/\",\"url\":\"https:\\\/\\\/alquimiaregenerativa.com\\\/tienda\\\/sesion-de-seguimiento-acompanamiento\\\/\",\"name\":\"Sesi\u00f3n de Seguimiento (Si est\u00e1s en detox) - Alquimia Regenerativa\",\"isPartOf\":{\"@id\":\"https:\\\/\\\/alquimiaregenerativa.com\\\/#website\"},\"primaryImageOfPage\":{\"@id\":\"https:\\\/\\\/alquimiaregenerativa.com\\\/tienda\\\/sesion-de-seguimiento-acompanamiento\\\/#primaryimage\"},\"image\":{\"@id\":\"https:\\\/\\\/alquimiaregenerativa.com\\\/tienda\\\/sesion-de-seguimiento-acompanamiento\\\/#primaryimage\"},\"thumbnailUrl\":\"https:\\\/\\\/alquimiaregenerativa.com\\\/wp-content\\\/uploads\\\/2024\\\/06\\\/Copia-de-cuadrado-detox-web-4.png\",\"datePublished\":\"2024-06-13T16:58:39+00:00\",\"dateModified\":\"2026-04-07T20:18:14+00:00\",\"breadcrumb\":{\"@id\":\"https:\\\/\\\/alquimiaregenerativa.com\\\/tienda\\\/sesion-de-seguimiento-acompanamiento\\\/#breadcrumb\"},\"inLanguage\":\"en-US\",\"potentialAction\":[{\"@type\":\"ReadAction\",\"target\":[\"https:\\\/\\\/alquimiaregenerativa.com\\\/tienda\\\/sesion-de-seguimiento-acompanamiento\\\/\"]}]},{\"@type\":\"ImageObject\",\"inLanguage\":\"en-US\",\"@id\":\"https:\\\/\\\/alquimiaregenerativa.com\\\/tienda\\\/sesion-de-seguimiento-acompanamiento\\\/#primaryimage\",\"url\":\"https:\\\/\\\/alquimiaregenerativa.com\\\/wp-content\\\/uploads\\\/2024\\\/06\\\/Copia-de-cuadrado-detox-web-4.png\",\"contentUrl\":\"https:\\\/\\\/alquimiaregenerativa.com\\\/wp-content\\\/uploads\\\/2024\\\/06\\\/Copia-de-cuadrado-detox-web-4.png\",\"width\":1024,\"height\":1024},{\"@type\":\"BreadcrumbList\",\"@id\":\"https:\\\/\\\/alquimiaregenerativa.com\\\/tienda\\\/sesion-de-seguimiento-acompanamiento\\\/#breadcrumb\",\"itemListElement\":[{\"@type\":\"ListItem\",\"position\":1,\"name\":\"Portada\",\"item\":\"https:\\\/\\\/alquimiaregenerativa.com\\\/\"},{\"@type\":\"ListItem\",\"position\":2,\"name\":\"Tienda\",\"item\":\"https:\\\/\\\/alquimiaregenerativa.com\\\/tienda\\\/\"},{\"@type\":\"ListItem\",\"position\":3,\"name\":\"Sesi\u00f3n de Seguimiento (Si est\u00e1s en detox)\"}]},{\"@type\":\"WebSite\",\"@id\":\"https:\\\/\\\/alquimiaregenerativa.com\\\/#website\",\"url\":\"https:\\\/\\\/alquimiaregenerativa.com\\\/\",\"name\":\"Alquimia Regenerativa\",\"description\":\"Comienza tu proceso de tranformaci\u00f3n\",\"potentialAction\":[{\"@type\":\"SearchAction\",\"target\":{\"@type\":\"EntryPoint\",\"urlTemplate\":\"https:\\\/\\\/alquimiaregenerativa.com\\\/?s={search_term_string}\"},\"query-input\":{\"@type\":\"PropertyValueSpecification\",\"valueRequired\":true,\"valueName\":\"search_term_string\"}}],\"inLanguage\":\"en-US\"}]}<\/script>\n<meta property=\"og:availability\" content=\"instock\" \/>\n<meta property=\"product:availability\" content=\"instock\" \/>\n<meta property=\"product:condition\" content=\"new\" \/>\n<!-- \/ Yoast SEO Premium plugin. -->","yoast_head_json":{"title":"Sesi\u00f3n de Seguimiento (Si est\u00e1s en detox) - Alquimia Regenerativa","robots":{"index":"index","follow":"follow","max-snippet":"max-snippet:-1","max-image-preview":"max-image-preview:large","max-video-preview":"max-video-preview:-1"},"canonical":"https:\/\/alquimiaregenerativa.com\/en\/tienda\/sesion-de-seguimiento-acompanamiento\/","og_locale":"en_US","og_type":"article","og_title":"Sesi\u00f3n de Seguimiento (Si est\u00e1s en detox)","og_description":"Si\u00a0 est\u00e1s en detox o un proceso de alimentaci\u00f3n consciente grupal o individual (requisito previo) y buscas seguir recibiendo apoyo, este plan es para ti. Nos enfocaremos en tu estado de salud actual, puntos que mejoraron y herramientas para mantenerlos en equilibrio. Tambi\u00e9n veremos las \u00e1reas que no han cambiado y te daremos recomendaciones espec\u00edficas para comenzar a trabajarlas. Desarrollaremos un plan con recomendaciones para seguir profundizando y sostener los cambios ya gestionados.   &nbsp;  Incluye:\u00a0    \u2022Sesi\u00f3n individual (tiempo duraci\u00f3n a elecci\u00f3n abajo) \u2022 Con o sin acompa\u00f1amiento adicional (elijes abajo) \u2022Acuerdo de nuevo plan de acci\u00f3n y recomendaciones herbolaria \u2022 Meditaci\u00f3n guiada con reprogramaci\u00f3n y visualizaci\u00f3n       Opciones:\u00a0  1- Sesi\u00f3n 2 hs + acompa\u00f1amiento adicional 7 d\u00edas  2- Sesi\u00f3n 1 hr sin acompa\u00f1amiento  3- Sesi\u00f3n 30 min sin acompa\u00f1amiento  Valor: 1- $1,800 mexicanos \/ $103 USD Aprox (seg\u00fan cambio) \/ Argentinos preguntar! Whatsapp: +52 55 1620 7310 O Link directo: https:\/\/tinyurl.com\/Contacto-AlquimiaRegenerativa  2- $1,111 mexicanos \/ $64 USD Aprox (seg\u00fan cambio) \/ Argentinos preguntar!\u00a0   3- $650 mexicanos \/ $37 USD Aprox (seg\u00fan cambio) \/ Argentinos preguntar! W","og_url":"https:\/\/alquimiaregenerativa.com\/en\/tienda\/sesion-de-seguimiento-acompanamiento\/","og_site_name":"Alquimia Regenerativa","article_modified_time":"2026-04-07T20:18:14+00:00","og_image":[{"width":1024,"height":1024,"url":"https:\/\/alquimiaregenerativa.com\/wp-content\/uploads\/2024\/06\/Copia-de-cuadrado-detox-web-4.png","type":"image\/png"}],"twitter_card":"summary_large_image","twitter_misc":{"Availability":"In stock"},"schema":{"@context":"https:\/\/schema.org","@graph":[{"@type":"WebPage","@id":"https:\/\/alquimiaregenerativa.com\/tienda\/sesion-de-seguimiento-acompanamiento\/","url":"https:\/\/alquimiaregenerativa.com\/tienda\/sesion-de-seguimiento-acompanamiento\/","name":"Sesi\u00f3n de Seguimiento (Si est\u00e1s en detox) - Alquimia Regenerativa","isPartOf":{"@id":"https:\/\/alquimiaregenerativa.com\/#website"},"primaryImageOfPage":{"@id":"https:\/\/alquimiaregenerativa.com\/tienda\/sesion-de-seguimiento-acompanamiento\/#primaryimage"},"image":{"@id":"https:\/\/alquimiaregenerativa.com\/tienda\/sesion-de-seguimiento-acompanamiento\/#primaryimage"},"thumbnailUrl":"https:\/\/alquimiaregenerativa.com\/wp-content\/uploads\/2024\/06\/Copia-de-cuadrado-detox-web-4.png","datePublished":"2024-06-13T16:58:39+00:00","dateModified":"2026-04-07T20:18:14+00:00","breadcrumb":{"@id":"https:\/\/alquimiaregenerativa.com\/tienda\/sesion-de-seguimiento-acompanamiento\/#breadcrumb"},"inLanguage":"en-US","potentialAction":[{"@type":"ReadAction","target":["https:\/\/alquimiaregenerativa.com\/tienda\/sesion-de-seguimiento-acompanamiento\/"]}]},{"@type":"ImageObject","inLanguage":"en-US","@id":"https:\/\/alquimiaregenerativa.com\/tienda\/sesion-de-seguimiento-acompanamiento\/#primaryimage","url":"https:\/\/alquimiaregenerativa.com\/wp-content\/uploads\/2024\/06\/Copia-de-cuadrado-detox-web-4.png","contentUrl":"https:\/\/alquimiaregenerativa.com\/wp-content\/uploads\/2024\/06\/Copia-de-cuadrado-detox-web-4.png","width":1024,"height":1024},{"@type":"BreadcrumbList","@id":"https:\/\/alquimiaregenerativa.com\/tienda\/sesion-de-seguimiento-acompanamiento\/#breadcrumb","itemListElement":[{"@type":"ListItem","position":1,"name":"Portada","item":"https:\/\/alquimiaregenerativa.com\/"},{"@type":"ListItem","position":2,"name":"Tienda","item":"https:\/\/alquimiaregenerativa.com\/tienda\/"},{"@type":"ListItem","position":3,"name":"Sesi\u00f3n de Seguimiento (Si est\u00e1s en detox)"}]},{"@type":"WebSite","@id":"https:\/\/alquimiaregenerativa.com\/#website","url":"https:\/\/alquimiaregenerativa.com\/","name":"Regenerative Alchemy","description":"Start your transformation process","potentialAction":[{"@type":"SearchAction","target":{"@type":"EntryPoint","urlTemplate":"https:\/\/alquimiaregenerativa.com\/?s={search_term_string}"},"query-input":{"@type":"PropertyValueSpecification","valueRequired":true,"valueName":"search_term_string"}}],"inLanguage":"en-US"}]},"og_availability":"instock","product_availability":"instock","product_condition":"new"},"jetpack_sharing_enabled":true,"_links":{"self":[{"href":"https:\/\/alquimiaregenerativa.com\/en\/wp-json\/wp\/v2\/product\/129","targetHints":{"allow":["GET"]}}],"collection":[{"href":"https:\/\/alquimiaregenerativa.com\/en\/wp-json\/wp\/v2\/product"}],"about":[{"href":"https:\/\/alquimiaregenerativa.com\/en\/wp-json\/wp\/v2\/types\/product"}],"replies":[{"embeddable":true,"href":"https:\/\/alquimiaregenerativa.com\/en\/wp-json\/wp\/v2\/comments?post=129"}],"wp:featuredmedia":[{"embeddable":true,"href":"https:\/\/alquimiaregenerativa.com\/en\/wp-json\/wp\/v2\/media\/2477"}],"wp:attachment":[{"href":"https:\/\/alquimiaregenerativa.com\/en\/wp-json\/wp\/v2\/media?parent=129"}],"wp:term":[{"taxonomy":"product_brand","embeddable":true,"href":"https:\/\/alquimiaregenerativa.com\/en\/wp-json\/wp\/v2\/product_brand?post=129"},{"taxonomy":"product_cat","embeddable":true,"href":"https:\/\/alquimiaregenerativa.com\/en\/wp-json\/wp\/v2\/product_cat?post=129"},{"taxonomy":"product_tag","embeddable":true,"href":"https:\/\/alquimiaregenerativa.com\/en\/wp-json\/wp\/v2\/product_tag?post=129"}],"curies":[{"name":"wp","href":"https:\/\/api.w.org\/{rel}","templated":true}]}}