{"id":141,"date":"2024-06-13T18:59:42","date_gmt":"2024-06-13T16:59:42","guid":{"rendered":"https:\/\/alquimiaregenerativa.com\/?post_type=product&#038;p=141"},"modified":"2026-03-30T22:21:35","modified_gmt":"2026-03-30T20:21:35","slug":"seguimiento-acompanamiento","status":"publish","type":"product","link":"https:\/\/alquimiaregenerativa.com\/en\/tienda\/seguimiento-acompanamiento\/","title":{"rendered":"Follow-up session + Support (If you have done a detox)"},"content":{"rendered":"","protected":false},"excerpt":{"rendered":"<div class=\"cws_textmodule_titles\">\n<div class=\"cws_textmodule_aside\"><\/div>\n<\/div>\n<div class=\"cws_textmodule_content\">\n<div class=\"text_content_wrapper\">\n<div class=\"cws_textmodule_titles\">\n<div class=\"cws_textmodule_aside\">\n<h2 class=\"cws_textmodule_title\">Sesi\u00f3n de Seguimiento + Acompa\u00f1amiento<\/h2>\n<p>&nbsp;<\/p>\n<\/div>\n<\/div>\n<div class=\"cws_textmodule_content\">\n<div class=\"text_content_wrapper\">\n<p>Si ya realizaste tu proceso de Detox o de Alimentaci\u00f3n Consciente (<em>requisito previo<\/em>) y no han pasado m\u00e1s de 6 meses como m\u00e1ximo, puedes hacer una sesi\u00f3n individual para checar como van tus avances. Nos enfocaremos en tu estado de salud actual, puntos que mejoraron y herramientas para mantenerlos en equilibrio. Tambi\u00e9n veremos las \u00e1reas que no han cambiado y te daremos recomendaciones espec\u00edficas para comenzar a trabajarlas. Desarrollaremos un plan con recomendaciones para seguir profundizando y sostener los cambios ya gestionados.<\/p>\n<p><strong>Qu\u00e9 incluye:<br \/>\n<\/strong>\u2022 Una sesi\u00f3n individual con Lu del Mar, v\u00eda zoom, dura entre 60 minutos<\/p>\n<p>\u2022 Acuerdo de nuevo plan de acci\u00f3n y recomendaciones herbolaria<\/p>\n<p>\u2022 Meditaci\u00f3n guiada con reprogramaci\u00f3n y visualizaci\u00f3n<\/p>\n<p>\u2022 Seguimiento 30 d\u00edas<\/p>\n<p><strong>Valor:<\/strong> <span data-sheets-root=\"1\" data-sheets-value=\"{&quot;1&quot;:3,&quot;3&quot;:1333}\" data-sheets-userformat=\"{&quot;2&quot;:637,&quot;3&quot;:{&quot;1&quot;:0},&quot;5&quot;:{&quot;1&quot;:[{&quot;1&quot;:2,&quot;2&quot;:0,&quot;5&quot;:{&quot;1&quot;:2,&quot;2&quot;:0}},{&quot;1&quot;:0,&quot;2&quot;:0,&quot;3&quot;:3},{&quot;1&quot;:1,&quot;2&quot;:0,&quot;4&quot;:1}]},&quot;6&quot;:{&quot;1&quot;:[{&quot;1&quot;:2,&quot;2&quot;:0,&quot;5&quot;:{&quot;1&quot;:2,&quot;2&quot;:0}},{&quot;1&quot;:0,&quot;2&quot;:0,&quot;3&quot;:3},{&quot;1&quot;:1,&quot;2&quot;:0,&quot;4&quot;:1}]},&quot;7&quot;:{&quot;1&quot;:[{&quot;1&quot;:2,&quot;2&quot;:0,&quot;5&quot;:{&quot;1&quot;:2,&quot;2&quot;:0}},{&quot;1&quot;:0,&quot;2&quot;:0,&quot;3&quot;:3},{&quot;1&quot;:1,&quot;2&quot;:0,&quot;4&quot;:1}]},&quot;8&quot;:{&quot;1&quot;:[{&quot;1&quot;:2,&quot;2&quot;:0,&quot;5&quot;:{&quot;1&quot;:2,&quot;2&quot;:0}},{&quot;1&quot;:0,&quot;2&quot;:0,&quot;3&quot;:3},{&quot;1&quot;:1,&quot;2&quot;:0,&quot;4&quot;:1}]},&quot;9&quot;:1,&quot;12&quot;:0}\"> <span style=\"font-weight: 400; font-size: 14px; line-height: 1.5714em;\">$2,333 MXN<\/span><span style=\"font-weight: 400; font-size: 14px; line-height: 1.5714em;\">\/ $134 USD d\u00f3lares aprox \/ Argentinos preguntar! Whatsapp: +52 55 1620 7310 O Link directo: <a href=\"https:\/\/tinyurl.com\/Contacto-AlquimiaRegenerativa\">https:\/\/tinyurl.com\/Contacto-AlquimiaRegenerativa<\/a><\/span><\/span><\/p>\n<p>&nbsp;<\/p>\n<\/div>\n<\/div>\n<\/div>\n<\/div>\n","protected":false},"featured_media":2480,"comment_status":"open","ping_status":"closed","template":"","meta":{"site-sidebar-layout":"default","site-content-layout":"","ast-site-content-layout":"default","site-content-style":"default","site-sidebar-style":"default","ast-global-header-display":"","ast-banner-title-visibility":"","ast-main-header-display":"","ast-hfb-above-header-display":"","ast-hfb-below-header-display":"","ast-hfb-mobile-header-display":"","site-post-title":"","ast-breadcrumbs-content":"","ast-featured-img":"","footer-sml-layout":"","ast-disable-related-posts":"","theme-transparent-header-meta":"default","adv-header-id-meta":"","stick-header-meta":"","header-above-stick-meta":"","header-main-stick-meta":"","header-below-stick-meta":"","astra-migrate-meta-layouts":"set","ast-page-background-enabled":"default","ast-page-background-meta":{"desktop":{"background-color":"var(--ast-global-color-4)","background-image":"","background-repeat":"repeat","background-position":"center center","background-size":"auto","background-attachment":"scroll","background-type":"","background-media":"","overlay-type":"","overlay-color":"","overlay-opacity":"","overlay-gradient":""},"tablet":{"background-color":"","background-image":"","background-repeat":"repeat","background-position":"center center","background-size":"auto","background-attachment":"scroll","background-type":"","background-media":"","overlay-type":"","overlay-color":"","overlay-opacity":"","overlay-gradient":""},"mobile":{"background-color":"","background-image":"","background-repeat":"repeat","background-position":"center center","background-size":"auto","background-attachment":"scroll","background-type":"","background-media":"","overlay-type":"","overlay-color":"","overlay-opacity":"","overlay-gradient":""}},"ast-content-background-meta":{"desktop":{"background-color":"var(--ast-global-color-5)","background-image":"","background-repeat":"repeat","background-position":"center center","background-size":"auto","background-attachment":"scroll","background-type":"","background-media":"","overlay-type":"","overlay-color":"","overlay-opacity":"","overlay-gradient":""},"tablet":{"background-color":"var(--ast-global-color-5)","background-image":"","background-repeat":"repeat","background-position":"center center","background-size":"auto","background-attachment":"scroll","background-type":"","background-media":"","overlay-type":"","overlay-color":"","overlay-opacity":"","overlay-gradient":""},"mobile":{"background-color":"var(--ast-global-color-5)","background-image":"","background-repeat":"repeat","background-position":"center center","background-size":"auto","background-attachment":"scroll","background-type":"","background-media":"","overlay-type":"","overlay-color":"","overlay-opacity":"","overlay-gradient":""}},"_joinchat":[]},"product_brand":[],"product_cat":[24],"product_tag":[],"class_list":{"0":"post-141","1":"product","2":"type-product","3":"status-publish","4":"has-post-thumbnail","6":"product_cat-programas","7":"desktop-align-center","8":"tablet-align-center","9":"mobile-align-center","11":"first","12":"instock","13":"virtual","14":"sold-individually","15":"taxable","16":"purchasable","17":"product-type-simple"},"yoast_head":"<!-- This site is optimized with the Yoast SEO Premium plugin v23.4 (Yoast SEO v27.4) - https:\/\/yoast.com\/product\/yoast-seo-premium-wordpress\/ -->\n<title>Sesi\u00f3n de Seguimiento + Acompa\u00f1amiento (Si has hecho un detox) - Alquimia Regenerativa<\/title>\n<meta name=\"robots\" content=\"index, follow, max-snippet:-1, max-image-preview:large, max-video-preview:-1\" \/>\n<link rel=\"canonical\" href=\"https:\/\/alquimiaregenerativa.com\/en\/tienda\/seguimiento-acompanamiento\/\" \/>\n<meta property=\"og:locale\" content=\"en_US\" \/>\n<meta property=\"og:type\" content=\"article\" \/>\n<meta property=\"og:title\" content=\"Sesi\u00f3n de Seguimiento + Acompa\u00f1amiento (Si has hecho un detox)\" \/>\n<meta property=\"og:description\" content=\"Sesi\u00f3n de Seguimiento + Acompa\u00f1amiento &nbsp;       Si ya realizaste tu proceso de Detox o de Alimentaci\u00f3n Consciente (requisito previo) y no han pasado m\u00e1s de 6 meses como m\u00e1ximo, puedes hacer una sesi\u00f3n individual para checar como van tus avances. Nos enfocaremos en tu estado de salud actual, puntos que mejoraron y herramientas para mantenerlos en equilibrio. Tambi\u00e9n veremos las \u00e1reas que no han cambiado y te daremos recomendaciones espec\u00edficas para comenzar a trabajarlas. Desarrollaremos un plan con recomendaciones para seguir profundizando y sostener los cambios ya gestionados.  Qu\u00e9 incluye: \u2022 Una sesi\u00f3n individual con Lu del Mar, v\u00eda zoom, dura entre 60 minutos  \u2022 Acuerdo de nuevo plan de acci\u00f3n y recomendaciones herbolaria  \u2022 Meditaci\u00f3n guiada con reprogramaci\u00f3n y visualizaci\u00f3n  \u2022 Seguimiento 30 d\u00edas  Valor: $2,333 MXN\/ $134 USD d\u00f3lares aprox \/ Argentinos preguntar! Whatsapp: +52 55 1620 7310 O Link directo: https:\/\/tinyurl.com\/Contacto-AlquimiaRegenerativa  &nbsp;\" \/>\n<meta property=\"og:url\" content=\"https:\/\/alquimiaregenerativa.com\/en\/tienda\/seguimiento-acompanamiento\/\" \/>\n<meta property=\"og:site_name\" content=\"Alquimia Regenerativa\" \/>\n<meta property=\"article:modified_time\" content=\"2026-03-30T20:21:35+00:00\" \/>\n<meta property=\"og:image\" content=\"https:\/\/alquimiaregenerativa.com\/wp-content\/uploads\/2024\/06\/Copia-de-cuadrado-detox-web-7.png\" \/>\n\t<meta property=\"og:image:width\" content=\"1024\" \/>\n\t<meta property=\"og:image:height\" content=\"1024\" \/>\n\t<meta property=\"og:image:type\" content=\"image\/png\" \/>\n<meta name=\"twitter:card\" content=\"summary_large_image\" \/>\n<meta name=\"twitter:label1\" content=\"Price\" \/>\n\t<meta name=\"twitter:data1\" content=\"MXN $&nbsp;2,333.00\" \/>\n\t<meta name=\"twitter:label2\" content=\"Availability\" \/>\n\t<meta name=\"twitter:data2\" content=\"In stock\" \/>\n<script type=\"application\/ld+json\" class=\"yoast-schema-graph\">{\"@context\":\"https:\\\/\\\/schema.org\",\"@graph\":[{\"@type\":\"WebPage\",\"@id\":\"https:\\\/\\\/alquimiaregenerativa.com\\\/tienda\\\/seguimiento-acompanamiento\\\/\",\"url\":\"https:\\\/\\\/alquimiaregenerativa.com\\\/tienda\\\/seguimiento-acompanamiento\\\/\",\"name\":\"Sesi\u00f3n de Seguimiento + Acompa\u00f1amiento (Si has hecho un detox) - Alquimia Regenerativa\",\"isPartOf\":{\"@id\":\"https:\\\/\\\/alquimiaregenerativa.com\\\/#website\"},\"primaryImageOfPage\":{\"@id\":\"https:\\\/\\\/alquimiaregenerativa.com\\\/tienda\\\/seguimiento-acompanamiento\\\/#primaryimage\"},\"image\":{\"@id\":\"https:\\\/\\\/alquimiaregenerativa.com\\\/tienda\\\/seguimiento-acompanamiento\\\/#primaryimage\"},\"thumbnailUrl\":\"https:\\\/\\\/alquimiaregenerativa.com\\\/wp-content\\\/uploads\\\/2024\\\/06\\\/Copia-de-cuadrado-detox-web-7.png\",\"datePublished\":\"2024-06-13T16:59:42+00:00\",\"dateModified\":\"2026-03-30T20:21:35+00:00\",\"breadcrumb\":{\"@id\":\"https:\\\/\\\/alquimiaregenerativa.com\\\/tienda\\\/seguimiento-acompanamiento\\\/#breadcrumb\"},\"inLanguage\":\"en-US\",\"potentialAction\":[{\"@type\":\"ReadAction\",\"target\":[\"https:\\\/\\\/alquimiaregenerativa.com\\\/tienda\\\/seguimiento-acompanamiento\\\/\"]}]},{\"@type\":\"ImageObject\",\"inLanguage\":\"en-US\",\"@id\":\"https:\\\/\\\/alquimiaregenerativa.com\\\/tienda\\\/seguimiento-acompanamiento\\\/#primaryimage\",\"url\":\"https:\\\/\\\/alquimiaregenerativa.com\\\/wp-content\\\/uploads\\\/2024\\\/06\\\/Copia-de-cuadrado-detox-web-7.png\",\"contentUrl\":\"https:\\\/\\\/alquimiaregenerativa.com\\\/wp-content\\\/uploads\\\/2024\\\/06\\\/Copia-de-cuadrado-detox-web-7.png\",\"width\":1024,\"height\":1024},{\"@type\":\"BreadcrumbList\",\"@id\":\"https:\\\/\\\/alquimiaregenerativa.com\\\/tienda\\\/seguimiento-acompanamiento\\\/#breadcrumb\",\"itemListElement\":[{\"@type\":\"ListItem\",\"position\":1,\"name\":\"Portada\",\"item\":\"https:\\\/\\\/alquimiaregenerativa.com\\\/\"},{\"@type\":\"ListItem\",\"position\":2,\"name\":\"Tienda\",\"item\":\"https:\\\/\\\/alquimiaregenerativa.com\\\/tienda\\\/\"},{\"@type\":\"ListItem\",\"position\":3,\"name\":\"Sesi\u00f3n de Seguimiento + Acompa\u00f1amiento (Si has hecho un detox)\"}]},{\"@type\":\"WebSite\",\"@id\":\"https:\\\/\\\/alquimiaregenerativa.com\\\/#website\",\"url\":\"https:\\\/\\\/alquimiaregenerativa.com\\\/\",\"name\":\"Alquimia Regenerativa\",\"description\":\"Comienza tu proceso de tranformaci\u00f3n\",\"potentialAction\":[{\"@type\":\"SearchAction\",\"target\":{\"@type\":\"EntryPoint\",\"urlTemplate\":\"https:\\\/\\\/alquimiaregenerativa.com\\\/?s={search_term_string}\"},\"query-input\":{\"@type\":\"PropertyValueSpecification\",\"valueRequired\":true,\"valueName\":\"search_term_string\"}}],\"inLanguage\":\"en-US\"}]}<\/script>\n<meta property=\"product:price:amount\" content=\"2333.00\" \/>\n<meta property=\"product:price:currency\" content=\"MXN\" \/>\n<meta property=\"og:availability\" content=\"instock\" \/>\n<meta property=\"product:availability\" content=\"instock\" \/>\n<meta property=\"product:condition\" content=\"new\" \/>\n<!-- \/ Yoast SEO Premium plugin. -->","yoast_head_json":{"title":"Sesi\u00f3n de Seguimiento + Acompa\u00f1amiento (Si has hecho un detox) - Alquimia Regenerativa","robots":{"index":"index","follow":"follow","max-snippet":"max-snippet:-1","max-image-preview":"max-image-preview:large","max-video-preview":"max-video-preview:-1"},"canonical":"https:\/\/alquimiaregenerativa.com\/en\/tienda\/seguimiento-acompanamiento\/","og_locale":"en_US","og_type":"article","og_title":"Sesi\u00f3n de Seguimiento + Acompa\u00f1amiento (Si has hecho un detox)","og_description":"Sesi\u00f3n de Seguimiento + Acompa\u00f1amiento &nbsp;       Si ya realizaste tu proceso de Detox o de Alimentaci\u00f3n Consciente (requisito previo) y no han pasado m\u00e1s de 6 meses como m\u00e1ximo, puedes hacer una sesi\u00f3n individual para checar como van tus avances. Nos enfocaremos en tu estado de salud actual, puntos que mejoraron y herramientas para mantenerlos en equilibrio. Tambi\u00e9n veremos las \u00e1reas que no han cambiado y te daremos recomendaciones espec\u00edficas para comenzar a trabajarlas. Desarrollaremos un plan con recomendaciones para seguir profundizando y sostener los cambios ya gestionados.  Qu\u00e9 incluye: \u2022 Una sesi\u00f3n individual con Lu del Mar, v\u00eda zoom, dura entre 60 minutos  \u2022 Acuerdo de nuevo plan de acci\u00f3n y recomendaciones herbolaria  \u2022 Meditaci\u00f3n guiada con reprogramaci\u00f3n y visualizaci\u00f3n  \u2022 Seguimiento 30 d\u00edas  Valor: $2,333 MXN\/ $134 USD d\u00f3lares aprox \/ Argentinos preguntar! Whatsapp: +52 55 1620 7310 O Link directo: https:\/\/tinyurl.com\/Contacto-AlquimiaRegenerativa  &nbsp;","og_url":"https:\/\/alquimiaregenerativa.com\/en\/tienda\/seguimiento-acompanamiento\/","og_site_name":"Alquimia Regenerativa","article_modified_time":"2026-03-30T20:21:35+00:00","og_image":[{"width":1024,"height":1024,"url":"https:\/\/alquimiaregenerativa.com\/wp-content\/uploads\/2024\/06\/Copia-de-cuadrado-detox-web-7.png","type":"image\/png"}],"twitter_card":"summary_large_image","twitter_misc":{"Price":"MXN $&nbsp;2,333.00","Availability":"In stock"},"schema":{"@context":"https:\/\/schema.org","@graph":[{"@type":"WebPage","@id":"https:\/\/alquimiaregenerativa.com\/tienda\/seguimiento-acompanamiento\/","url":"https:\/\/alquimiaregenerativa.com\/tienda\/seguimiento-acompanamiento\/","name":"Sesi\u00f3n de Seguimiento + Acompa\u00f1amiento (Si has hecho un detox) - Alquimia Regenerativa","isPartOf":{"@id":"https:\/\/alquimiaregenerativa.com\/#website"},"primaryImageOfPage":{"@id":"https:\/\/alquimiaregenerativa.com\/tienda\/seguimiento-acompanamiento\/#primaryimage"},"image":{"@id":"https:\/\/alquimiaregenerativa.com\/tienda\/seguimiento-acompanamiento\/#primaryimage"},"thumbnailUrl":"https:\/\/alquimiaregenerativa.com\/wp-content\/uploads\/2024\/06\/Copia-de-cuadrado-detox-web-7.png","datePublished":"2024-06-13T16:59:42+00:00","dateModified":"2026-03-30T20:21:35+00:00","breadcrumb":{"@id":"https:\/\/alquimiaregenerativa.com\/tienda\/seguimiento-acompanamiento\/#breadcrumb"},"inLanguage":"en-US","potentialAction":[{"@type":"ReadAction","target":["https:\/\/alquimiaregenerativa.com\/tienda\/seguimiento-acompanamiento\/"]}]},{"@type":"ImageObject","inLanguage":"en-US","@id":"https:\/\/alquimiaregenerativa.com\/tienda\/seguimiento-acompanamiento\/#primaryimage","url":"https:\/\/alquimiaregenerativa.com\/wp-content\/uploads\/2024\/06\/Copia-de-cuadrado-detox-web-7.png","contentUrl":"https:\/\/alquimiaregenerativa.com\/wp-content\/uploads\/2024\/06\/Copia-de-cuadrado-detox-web-7.png","width":1024,"height":1024},{"@type":"BreadcrumbList","@id":"https:\/\/alquimiaregenerativa.com\/tienda\/seguimiento-acompanamiento\/#breadcrumb","itemListElement":[{"@type":"ListItem","position":1,"name":"Portada","item":"https:\/\/alquimiaregenerativa.com\/"},{"@type":"ListItem","position":2,"name":"Tienda","item":"https:\/\/alquimiaregenerativa.com\/tienda\/"},{"@type":"ListItem","position":3,"name":"Sesi\u00f3n de Seguimiento + Acompa\u00f1amiento (Si has hecho un detox)"}]},{"@type":"WebSite","@id":"https:\/\/alquimiaregenerativa.com\/#website","url":"https:\/\/alquimiaregenerativa.com\/","name":"Regenerative Alchemy","description":"Start your transformation process","potentialAction":[{"@type":"SearchAction","target":{"@type":"EntryPoint","urlTemplate":"https:\/\/alquimiaregenerativa.com\/?s={search_term_string}"},"query-input":{"@type":"PropertyValueSpecification","valueRequired":true,"valueName":"search_term_string"}}],"inLanguage":"en-US"}]},"product_price_amount":"2333.00","product_price_currency":"MXN","og_availability":"instock","product_availability":"instock","product_condition":"new"},"jetpack_sharing_enabled":true,"_links":{"self":[{"href":"https:\/\/alquimiaregenerativa.com\/en\/wp-json\/wp\/v2\/product\/141","targetHints":{"allow":["GET"]}}],"collection":[{"href":"https:\/\/alquimiaregenerativa.com\/en\/wp-json\/wp\/v2\/product"}],"about":[{"href":"https:\/\/alquimiaregenerativa.com\/en\/wp-json\/wp\/v2\/types\/product"}],"replies":[{"embeddable":true,"href":"https:\/\/alquimiaregenerativa.com\/en\/wp-json\/wp\/v2\/comments?post=141"}],"wp:featuredmedia":[{"embeddable":true,"href":"https:\/\/alquimiaregenerativa.com\/en\/wp-json\/wp\/v2\/media\/2480"}],"wp:attachment":[{"href":"https:\/\/alquimiaregenerativa.com\/en\/wp-json\/wp\/v2\/media?parent=141"}],"wp:term":[{"taxonomy":"product_brand","embeddable":true,"href":"https:\/\/alquimiaregenerativa.com\/en\/wp-json\/wp\/v2\/product_brand?post=141"},{"taxonomy":"product_cat","embeddable":true,"href":"https:\/\/alquimiaregenerativa.com\/en\/wp-json\/wp\/v2\/product_cat?post=141"},{"taxonomy":"product_tag","embeddable":true,"href":"https:\/\/alquimiaregenerativa.com\/en\/wp-json\/wp\/v2\/product_tag?post=141"}],"curies":[{"name":"wp","href":"https:\/\/api.w.org\/{rel}","templated":true}]}}