{"id":143,"date":"2024-06-13T18:59:42","date_gmt":"2024-06-13T16:59:42","guid":{"rendered":"https:\/\/alquimiaregenerativa.com\/?post_type=product&#038;p=143"},"modified":"2026-04-11T03:44:18","modified_gmt":"2026-04-11T01:44:18","slug":"sanacionutero","status":"publish","type":"product","link":"https:\/\/alquimiaregenerativa.com\/en\/tienda\/sanacionutero\/","title":{"rendered":"\u2728 MASTERCLASS INTEGRAL HEALING OF THE UTERUS \u2728"},"content":{"rendered":"","protected":false},"excerpt":{"rendered":"<p><span style=\"font-weight: 400;\">Esta clase es para ti si tienes temas hormonales, ciclos dolorosos, miomas, quistes, y buscas una alternativa natural para mejorar tu salud femenina. Si, se puede sanar de manera natural sin tener que recurrir a qu\u00edmicos para acallar dolores y s\u00edntomas, incluso prevenir cirug\u00edas. Reconecta con el poder de los alimentos medicina, herbolaria y herramientas naturales que s\u00ed dan resultado.<\/span><\/p>\n<p><span style=\"font-weight: 400;\">Te Compartiremos detalladamente los aspectos f\u00edsicos, alimentos y protocolos tambi\u00e9n vamos a realizar una sanaci\u00f3n de \u00fatero a nivel energ\u00e9tico para liberar obstrucciones y memorias de dolor.<\/span><\/p>\n<p><span style=\"font-weight: 400;\">INCLUYE:<\/span><\/p>\n<ul>\n<li style=\"font-weight: 400;\"><span style=\"font-weight: 400;\">Grabaci\u00f3n Masterclass Sanaci\u00f3n de \u00datero<\/span><\/li>\n<li style=\"font-weight: 400;\"><span style=\"font-weight: 400;\">Grabaci\u00f3n Meditaci\u00f3n de Sanaci\u00f3n de \u00datero<\/span><\/li>\n<li><span style=\"font-weight: 400;\">Gu\u00eda en PDF Sanaci\u00f3n Integral de \u00fatero<\/span><\/li>\n<li><span style=\"font-weight: 400;\">Grabaci\u00f3n Masterclass Ginecolog\u00eda Natural<br \/>\n<\/span><\/li>\n<li>Grabaci\u00f3n Masterclass Antinconcepci\u00f3n Natural<\/li>\n<li>Pdf Masterclass Antinconcepci\u00f3n Natural<\/li>\n<li>Grabaci\u00f3n Masterclass Anatom\u00eda y Som\u00e1tica del \u00fatero<\/li>\n<li><span style=\"font-weight: 400;\">Grabaci\u00f3n <\/span>Masterclass Alimentaci\u00f3n Alcalina y Antiinflamatoria<\/li>\n<li>Pdf Recetario Alquimia Regenerativa<\/li>\n<\/ul>\n<p><span style=\"font-weight: 400;\">Cuando tu \u00fatero se libera tambi\u00e9n se liberan traumas, emociones reprimidas y bloqueos energ\u00e9ticos. Mejora tu bienestar f\u00edsico, emocional, espiritual y energ\u00e9tico. Mejoran tus ciclos y mejora tu conexi\u00f3n con tu energ\u00eda femenina y creadora.<\/span><\/p>\n<p><span style=\"font-weight: 400;\">Facilita: Lu Del Mar Health &amp; Detox, Herbalista y Alquimista<\/span><\/p>\n<p><strong>Valor:<\/strong> MXN $555 \/ 30 USD (Aprox, valor seg\u00fan la conversi\u00f3n<span class=\"WdYUQQ text-decoration-underline text-strikethrough-none\">) \/ $43 <span style=\"font-weight: 400;\">mil Ars (Solo para pesos Argentinos pedir cuenta para abonar por transferencia) al <span data-sheets-root=\"1\" data-sheets-value=\"{&quot;1&quot;:3,&quot;3&quot;:1333}\" data-sheets-userformat=\"{&quot;2&quot;:637,&quot;3&quot;:{&quot;1&quot;:0},&quot;5&quot;:{&quot;1&quot;:[{&quot;1&quot;:2,&quot;2&quot;:0,&quot;5&quot;:{&quot;1&quot;:2,&quot;2&quot;:0}},{&quot;1&quot;:0,&quot;2&quot;:0,&quot;3&quot;:3},{&quot;1&quot;:1,&quot;2&quot;:0,&quot;4&quot;:1}]},&quot;6&quot;:{&quot;1&quot;:[{&quot;1&quot;:2,&quot;2&quot;:0,&quot;5&quot;:{&quot;1&quot;:2,&quot;2&quot;:0}},{&quot;1&quot;:0,&quot;2&quot;:0,&quot;3&quot;:3},{&quot;1&quot;:1,&quot;2&quot;:0,&quot;4&quot;:1}]},&quot;7&quot;:{&quot;1&quot;:[{&quot;1&quot;:2,&quot;2&quot;:0,&quot;5&quot;:{&quot;1&quot;:2,&quot;2&quot;:0}},{&quot;1&quot;:0,&quot;2&quot;:0,&quot;3&quot;:3},{&quot;1&quot;:1,&quot;2&quot;:0,&quot;4&quot;:1}]},&quot;8&quot;:{&quot;1&quot;:[{&quot;1&quot;:2,&quot;2&quot;:0,&quot;5&quot;:{&quot;1&quot;:2,&quot;2&quot;:0}},{&quot;1&quot;:0,&quot;2&quot;:0,&quot;3&quot;:3},{&quot;1&quot;:1,&quot;2&quot;:0,&quot;4&quot;:1}]},&quot;9&quot;:1,&quot;12&quot;:0}\"><span style=\"font-weight: 400; font-size: 14px; line-height: 1.5714em;\">Whatsapp: +52 55 1620 7310 O Link directo: <a href=\"https:\/\/tinyurl.com\/Contacto-AlquimiaRegenerativa\">https:\/\/tinyurl.com\/Contacto-AlquimiaRegenerativa<\/a><\/span><\/span><\/span><\/span><\/p>\n<p><span style=\"font-weight: 400;\">Lu Del Mar<\/span><\/p>\n<p><span style=\"font-weight: 400;\">Coach de Alquimia Regenerativa<\/span><\/p>\n<p>&nbsp;<\/p>\n","protected":false},"featured_media":5167,"comment_status":"open","ping_status":"closed","template":"","meta":{"site-sidebar-layout":"default","site-content-layout":"","ast-site-content-layout":"default","site-content-style":"default","site-sidebar-style":"default","ast-global-header-display":"","ast-banner-title-visibility":"","ast-main-header-display":"","ast-hfb-above-header-display":"","ast-hfb-below-header-display":"","ast-hfb-mobile-header-display":"","site-post-title":"","ast-breadcrumbs-content":"","ast-featured-img":"","footer-sml-layout":"","ast-disable-related-posts":"","theme-transparent-header-meta":"default","adv-header-id-meta":"","stick-header-meta":"","header-above-stick-meta":"","header-main-stick-meta":"","header-below-stick-meta":"","astra-migrate-meta-layouts":"set","ast-page-background-enabled":"default","ast-page-background-meta":{"desktop":{"background-color":"var(--ast-global-color-4)","background-image":"","background-repeat":"repeat","background-position":"center center","background-size":"auto","background-attachment":"scroll","background-type":"","background-media":"","overlay-type":"","overlay-color":"","overlay-opacity":"","overlay-gradient":""},"tablet":{"background-color":"","background-image":"","background-repeat":"repeat","background-position":"center center","background-size":"auto","background-attachment":"scroll","background-type":"","background-media":"","overlay-type":"","overlay-color":"","overlay-opacity":"","overlay-gradient":""},"mobile":{"background-color":"","background-image":"","background-repeat":"repeat","background-position":"center center","background-size":"auto","background-attachment":"scroll","background-type":"","background-media":"","overlay-type":"","overlay-color":"","overlay-opacity":"","overlay-gradient":""}},"ast-content-background-meta":{"desktop":{"background-color":"var(--ast-global-color-5)","background-image":"","background-repeat":"repeat","background-position":"center center","background-size":"auto","background-attachment":"scroll","background-type":"","background-media":"","overlay-type":"","overlay-color":"","overlay-opacity":"","overlay-gradient":""},"tablet":{"background-color":"var(--ast-global-color-5)","background-image":"","background-repeat":"repeat","background-position":"center center","background-size":"auto","background-attachment":"scroll","background-type":"","background-media":"","overlay-type":"","overlay-color":"","overlay-opacity":"","overlay-gradient":""},"mobile":{"background-color":"var(--ast-global-color-5)","background-image":"","background-repeat":"repeat","background-position":"center center","background-size":"auto","background-attachment":"scroll","background-type":"","background-media":"","overlay-type":"","overlay-color":"","overlay-opacity":"","overlay-gradient":""}},"_joinchat":[]},"product_brand":[],"product_cat":[24],"product_tag":[],"class_list":{"0":"post-143","1":"product","2":"type-product","3":"status-publish","4":"has-post-thumbnail","6":"product_cat-programas","7":"desktop-align-center","8":"tablet-align-center","9":"mobile-align-center","11":"first","12":"instock","13":"virtual","14":"sold-individually","15":"taxable","16":"purchasable","17":"product-type-simple"},"yoast_head":"<!-- This site is optimized with the Yoast SEO Premium plugin v23.4 (Yoast SEO v27.4) - https:\/\/yoast.com\/product\/yoast-seo-premium-wordpress\/ -->\n<title>\u2728 MASTERCLASS SANACI\u00d3N INTEGRAL DE \u00daTERO \u2728 - Alquimia Regenerativa %<\/title>\n<meta name=\"robots\" content=\"index, follow, max-snippet:-1, max-image-preview:large, max-video-preview:-1\" \/>\n<link rel=\"canonical\" href=\"https:\/\/alquimiaregenerativa.com\/en\/tienda\/sanacionutero\/\" \/>\n<meta property=\"og:locale\" content=\"en_US\" \/>\n<meta property=\"og:type\" content=\"article\" \/>\n<meta property=\"og:title\" content=\"\u2728 MASTERCLASS SANACI\u00d3N INTEGRAL DE \u00daTERO \u2728\" \/>\n<meta property=\"og:description\" content=\"Esta clase es para ti si tienes temas hormonales, ciclos dolorosos, miomas, quistes, y buscas una alternativa natural para mejorar tu salud femenina. Si, se puede sanar de manera natural sin tener que recurrir a qu\u00edmicos para acallar dolores y s\u00edntomas, incluso prevenir cirug\u00edas. Reconecta con el poder de los alimentos medicina, herbolaria y herramientas naturales que s\u00ed dan resultado.  Te Compartiremos detalladamente los aspectos f\u00edsicos, alimentos y protocolos tambi\u00e9n vamos a realizar una sanaci\u00f3n de \u00fatero a nivel energ\u00e9tico para liberar obstrucciones y memorias de dolor.  INCLUYE:   Grabaci\u00f3n Masterclass Sanaci\u00f3n de \u00datero  Grabaci\u00f3n Meditaci\u00f3n de Sanaci\u00f3n de \u00datero  Gu\u00eda en PDF Sanaci\u00f3n Integral de \u00fatero  Grabaci\u00f3n Masterclass Ginecolog\u00eda Natural   Grabaci\u00f3n Masterclass Antinconcepci\u00f3n Natural  Pdf Masterclass Antinconcepci\u00f3n Natural  Grabaci\u00f3n Masterclass Anatom\u00eda y Som\u00e1tica del \u00fatero  Grabaci\u00f3n Masterclass Alimentaci\u00f3n Alcalina y Antiinflamatoria  Pdf Recetario Alquimia Regenerativa  Cuando tu \u00fatero se libera tambi\u00e9n se liberan traumas, emociones reprimidas y bloqueos energ\u00e9ticos. Mejora tu bienestar f\u00edsico, emocional, espiritual y energ\u00e9tico. Mejoran tus ciclos y mejora tu conexi\u00f3n con tu energ\u00eda femenina y creadora.  Facilita: Lu Del Mar Health &amp; Detox, Herbalista y Alquimista  Valor: MXN $555 \/ 30 USD (Aprox, valor seg\u00fan la conversi\u00f3n) \/ $43 mil Ars (Solo para pesos Argentinos pedir cuenta para abonar por transferencia) al Whatsapp: +52 55 1620 7310 O Link directo: https:\/\/tinyurl.com\/Contacto-AlquimiaRegenerativa  Lu Del Mar  Coach de Alquimia Regenerativa  &nbsp;\" \/>\n<meta property=\"og:url\" content=\"https:\/\/alquimiaregenerativa.com\/en\/tienda\/sanacionutero\/\" \/>\n<meta property=\"og:site_name\" content=\"Alquimia Regenerativa\" \/>\n<meta property=\"article:modified_time\" content=\"2026-04-11T01:44:18+00:00\" \/>\n<meta property=\"og:image\" content=\"https:\/\/alquimiaregenerativa.com\/wp-content\/uploads\/2024\/06\/1024-ut.png\" \/>\n\t<meta property=\"og:image:width\" content=\"1024\" \/>\n\t<meta property=\"og:image:height\" content=\"1024\" \/>\n\t<meta property=\"og:image:type\" content=\"image\/png\" \/>\n<meta name=\"twitter:card\" content=\"summary_large_image\" \/>\n<meta name=\"twitter:label1\" content=\"Price\" \/>\n\t<meta name=\"twitter:data1\" content=\"MXN $&nbsp;555.00\" \/>\n\t<meta name=\"twitter:label2\" content=\"Availability\" \/>\n\t<meta name=\"twitter:data2\" content=\"In stock\" \/>\n<script type=\"application\/ld+json\" class=\"yoast-schema-graph\">{\"@context\":\"https:\\\/\\\/schema.org\",\"@graph\":[{\"@type\":\"WebPage\",\"@id\":\"https:\\\/\\\/alquimiaregenerativa.com\\\/tienda\\\/sanacionutero\\\/\",\"url\":\"https:\\\/\\\/alquimiaregenerativa.com\\\/tienda\\\/sanacionutero\\\/\",\"name\":\"\u2728 MASTERCLASS SANACI\u00d3N INTEGRAL DE \u00daTERO \u2728 - Alquimia Regenerativa %\",\"isPartOf\":{\"@id\":\"https:\\\/\\\/alquimiaregenerativa.com\\\/#website\"},\"primaryImageOfPage\":{\"@id\":\"https:\\\/\\\/alquimiaregenerativa.com\\\/tienda\\\/sanacionutero\\\/#primaryimage\"},\"image\":{\"@id\":\"https:\\\/\\\/alquimiaregenerativa.com\\\/tienda\\\/sanacionutero\\\/#primaryimage\"},\"thumbnailUrl\":\"https:\\\/\\\/alquimiaregenerativa.com\\\/wp-content\\\/uploads\\\/2025\\\/06\\\/1024x1024-web-masterclass-utero-.png\",\"datePublished\":\"2024-06-13T16:59:42+00:00\",\"dateModified\":\"2026-04-11T01:44:18+00:00\",\"breadcrumb\":{\"@id\":\"https:\\\/\\\/alquimiaregenerativa.com\\\/tienda\\\/sanacionutero\\\/#breadcrumb\"},\"inLanguage\":\"en-US\",\"potentialAction\":[{\"@type\":\"ReadAction\",\"target\":[\"https:\\\/\\\/alquimiaregenerativa.com\\\/tienda\\\/sanacionutero\\\/\"]}]},{\"@type\":\"ImageObject\",\"inLanguage\":\"en-US\",\"@id\":\"https:\\\/\\\/alquimiaregenerativa.com\\\/tienda\\\/sanacionutero\\\/#primaryimage\",\"url\":\"https:\\\/\\\/alquimiaregenerativa.com\\\/wp-content\\\/uploads\\\/2025\\\/06\\\/1024x1024-web-masterclass-utero-.png\",\"contentUrl\":\"https:\\\/\\\/alquimiaregenerativa.com\\\/wp-content\\\/uploads\\\/2025\\\/06\\\/1024x1024-web-masterclass-utero-.png\",\"width\":1024,\"height\":1024},{\"@type\":\"BreadcrumbList\",\"@id\":\"https:\\\/\\\/alquimiaregenerativa.com\\\/tienda\\\/sanacionutero\\\/#breadcrumb\",\"itemListElement\":[{\"@type\":\"ListItem\",\"position\":1,\"name\":\"Portada\",\"item\":\"https:\\\/\\\/alquimiaregenerativa.com\\\/\"},{\"@type\":\"ListItem\",\"position\":2,\"name\":\"Tienda\",\"item\":\"https:\\\/\\\/alquimiaregenerativa.com\\\/tienda\\\/\"},{\"@type\":\"ListItem\",\"position\":3,\"name\":\"\u2728 MASTERCLASS SANACI\u00d3N INTEGRAL DE \u00daTERO \u2728\"}]},{\"@type\":\"WebSite\",\"@id\":\"https:\\\/\\\/alquimiaregenerativa.com\\\/#website\",\"url\":\"https:\\\/\\\/alquimiaregenerativa.com\\\/\",\"name\":\"Alquimia Regenerativa\",\"description\":\"Comienza tu proceso de tranformaci\u00f3n\",\"potentialAction\":[{\"@type\":\"SearchAction\",\"target\":{\"@type\":\"EntryPoint\",\"urlTemplate\":\"https:\\\/\\\/alquimiaregenerativa.com\\\/?s={search_term_string}\"},\"query-input\":{\"@type\":\"PropertyValueSpecification\",\"valueRequired\":true,\"valueName\":\"search_term_string\"}}],\"inLanguage\":\"en-US\"}]}<\/script>\n<meta property=\"product:price:amount\" content=\"555.00\" \/>\n<meta property=\"product:price:currency\" content=\"MXN\" \/>\n<meta property=\"og:availability\" content=\"instock\" \/>\n<meta property=\"product:availability\" content=\"instock\" \/>\n<meta property=\"product:retailer_item_id\" content=\"120\" \/>\n<meta property=\"product:condition\" content=\"new\" \/>\n<!-- \/ Yoast SEO Premium plugin. -->","yoast_head_json":{"title":"\u2728 MASTERCLASS INTEGRAL UTERUS HEALING \u2728 - Regenerative Alchemy %","robots":{"index":"index","follow":"follow","max-snippet":"max-snippet:-1","max-image-preview":"max-image-preview:large","max-video-preview":"max-video-preview:-1"},"canonical":"https:\/\/alquimiaregenerativa.com\/en\/tienda\/sanacionutero\/","og_locale":"en_US","og_type":"article","og_title":"\u2728 MASTERCLASS SANACI\u00d3N INTEGRAL DE \u00daTERO \u2728","og_description":"Esta clase es para ti si tienes temas hormonales, ciclos dolorosos, miomas, quistes, y buscas una alternativa natural para mejorar tu salud femenina. Si, se puede sanar de manera natural sin tener que recurrir a qu\u00edmicos para acallar dolores y s\u00edntomas, incluso prevenir cirug\u00edas. Reconecta con el poder de los alimentos medicina, herbolaria y herramientas naturales que s\u00ed dan resultado.  Te Compartiremos detalladamente los aspectos f\u00edsicos, alimentos y protocolos tambi\u00e9n vamos a realizar una sanaci\u00f3n de \u00fatero a nivel energ\u00e9tico para liberar obstrucciones y memorias de dolor.  INCLUYE:   Grabaci\u00f3n Masterclass Sanaci\u00f3n de \u00datero  Grabaci\u00f3n Meditaci\u00f3n de Sanaci\u00f3n de \u00datero  Gu\u00eda en PDF Sanaci\u00f3n Integral de \u00fatero  Grabaci\u00f3n Masterclass Ginecolog\u00eda Natural   Grabaci\u00f3n Masterclass Antinconcepci\u00f3n Natural  Pdf Masterclass Antinconcepci\u00f3n Natural  Grabaci\u00f3n Masterclass Anatom\u00eda y Som\u00e1tica del \u00fatero  Grabaci\u00f3n Masterclass Alimentaci\u00f3n Alcalina y Antiinflamatoria  Pdf Recetario Alquimia Regenerativa  Cuando tu \u00fatero se libera tambi\u00e9n se liberan traumas, emociones reprimidas y bloqueos energ\u00e9ticos. Mejora tu bienestar f\u00edsico, emocional, espiritual y energ\u00e9tico. Mejoran tus ciclos y mejora tu conexi\u00f3n con tu energ\u00eda femenina y creadora.  Facilita: Lu Del Mar Health &amp; Detox, Herbalista y Alquimista  Valor: MXN $555 \/ 30 USD (Aprox, valor seg\u00fan la conversi\u00f3n) \/ $43 mil Ars (Solo para pesos Argentinos pedir cuenta para abonar por transferencia) al Whatsapp: +52 55 1620 7310 O Link directo: https:\/\/tinyurl.com\/Contacto-AlquimiaRegenerativa  Lu Del Mar  Coach de Alquimia Regenerativa  &nbsp;","og_url":"https:\/\/alquimiaregenerativa.com\/en\/tienda\/sanacionutero\/","og_site_name":"Alquimia Regenerativa","article_modified_time":"2026-04-11T01:44:18+00:00","og_image":[{"width":1024,"height":1024,"url":"https:\/\/alquimiaregenerativa.com\/wp-content\/uploads\/2024\/06\/1024-ut.png","type":"image\/png"}],"twitter_card":"summary_large_image","twitter_misc":{"Price":"MXN $&nbsp;555.00","Availability":"In stock"},"schema":{"@context":"https:\/\/schema.org","@graph":[{"@type":"WebPage","@id":"https:\/\/alquimiaregenerativa.com\/tienda\/sanacionutero\/","url":"https:\/\/alquimiaregenerativa.com\/tienda\/sanacionutero\/","name":"\u2728 MASTERCLASS INTEGRAL UTERUS HEALING \u2728 - Regenerative Alchemy %","isPartOf":{"@id":"https:\/\/alquimiaregenerativa.com\/#website"},"primaryImageOfPage":{"@id":"https:\/\/alquimiaregenerativa.com\/tienda\/sanacionutero\/#primaryimage"},"image":{"@id":"https:\/\/alquimiaregenerativa.com\/tienda\/sanacionutero\/#primaryimage"},"thumbnailUrl":"https:\/\/alquimiaregenerativa.com\/wp-content\/uploads\/2025\/06\/1024x1024-web-masterclass-utero-.png","datePublished":"2024-06-13T16:59:42+00:00","dateModified":"2026-04-11T01:44:18+00:00","breadcrumb":{"@id":"https:\/\/alquimiaregenerativa.com\/tienda\/sanacionutero\/#breadcrumb"},"inLanguage":"en-US","potentialAction":[{"@type":"ReadAction","target":["https:\/\/alquimiaregenerativa.com\/tienda\/sanacionutero\/"]}]},{"@type":"ImageObject","inLanguage":"en-US","@id":"https:\/\/alquimiaregenerativa.com\/tienda\/sanacionutero\/#primaryimage","url":"https:\/\/alquimiaregenerativa.com\/wp-content\/uploads\/2025\/06\/1024x1024-web-masterclass-utero-.png","contentUrl":"https:\/\/alquimiaregenerativa.com\/wp-content\/uploads\/2025\/06\/1024x1024-web-masterclass-utero-.png","width":1024,"height":1024},{"@type":"BreadcrumbList","@id":"https:\/\/alquimiaregenerativa.com\/tienda\/sanacionutero\/#breadcrumb","itemListElement":[{"@type":"ListItem","position":1,"name":"Portada","item":"https:\/\/alquimiaregenerativa.com\/"},{"@type":"ListItem","position":2,"name":"Tienda","item":"https:\/\/alquimiaregenerativa.com\/tienda\/"},{"@type":"ListItem","position":3,"name":"\u2728 MASTERCLASS SANACI\u00d3N INTEGRAL DE \u00daTERO \u2728"}]},{"@type":"WebSite","@id":"https:\/\/alquimiaregenerativa.com\/#website","url":"https:\/\/alquimiaregenerativa.com\/","name":"Regenerative Alchemy","description":"Start your transformation process","potentialAction":[{"@type":"SearchAction","target":{"@type":"EntryPoint","urlTemplate":"https:\/\/alquimiaregenerativa.com\/?s={search_term_string}"},"query-input":{"@type":"PropertyValueSpecification","valueRequired":true,"valueName":"search_term_string"}}],"inLanguage":"en-US"}]},"product_price_amount":"555.00","product_price_currency":"MXN","og_availability":"instock","product_availability":"instock","product_retailer_item_id":"120","product_condition":"new"},"jetpack_sharing_enabled":true,"_links":{"self":[{"href":"https:\/\/alquimiaregenerativa.com\/en\/wp-json\/wp\/v2\/product\/143","targetHints":{"allow":["GET"]}}],"collection":[{"href":"https:\/\/alquimiaregenerativa.com\/en\/wp-json\/wp\/v2\/product"}],"about":[{"href":"https:\/\/alquimiaregenerativa.com\/en\/wp-json\/wp\/v2\/types\/product"}],"replies":[{"embeddable":true,"href":"https:\/\/alquimiaregenerativa.com\/en\/wp-json\/wp\/v2\/comments?post=143"}],"wp:featuredmedia":[{"embeddable":true,"href":"https:\/\/alquimiaregenerativa.com\/en\/wp-json\/wp\/v2\/media\/5167"}],"wp:attachment":[{"href":"https:\/\/alquimiaregenerativa.com\/en\/wp-json\/wp\/v2\/media?parent=143"}],"wp:term":[{"taxonomy":"product_brand","embeddable":true,"href":"https:\/\/alquimiaregenerativa.com\/en\/wp-json\/wp\/v2\/product_brand?post=143"},{"taxonomy":"product_cat","embeddable":true,"href":"https:\/\/alquimiaregenerativa.com\/en\/wp-json\/wp\/v2\/product_cat?post=143"},{"taxonomy":"product_tag","embeddable":true,"href":"https:\/\/alquimiaregenerativa.com\/en\/wp-json\/wp\/v2\/product_tag?post=143"}],"curies":[{"name":"wp","href":"https:\/\/api.w.org\/{rel}","templated":true}]}}