{"id":165,"date":"2024-06-13T19:01:07","date_gmt":"2024-06-13T17:01:07","guid":{"rendered":"https:\/\/alquimiaregenerativa.com\/?post_type=product&#038;p=165"},"modified":"2026-01-02T18:44:17","modified_gmt":"2026-01-02T17:44:17","slug":"kit-higado","status":"publish","type":"product","link":"https:\/\/alquimiaregenerativa.com\/en\/tienda\/kit-higado\/","title":{"rendered":"Liver Kit"},"content":{"rendered":"","protected":false},"excerpt":{"rendered":"<h3><b>Liver Kit: Purification and Comprehensive Support for Your Liver and Digestive Health<\/b><\/h3>\n<p>This kit is designed to support the <b>liver and gallbladder health<\/b>, improve the <b>digestion<\/b> and contribute to the <b>general cleaning<\/b> of the body.<\/p>\n<h4><b>Includes 3 Essential Products for your Liver:<\/b><\/h4>\n<p>&nbsp;<\/p>\n<ul>\n<li><b>Liver and Gallbladder Tincture (50 ml):<\/b>\n<ul>\n<li><b>Function:<\/b> Help to <b>purify the liver and gallbladder<\/b>, beneficial in cases of <b>fatty liver<\/b> and liver colic. Prepares the body for liver cleansing. Improves skin (blemishes, melasma) and helps release <b>anger<\/b>.<\/li>\n<li><b>Ingredients:<\/b> Artichoke, Milk Thistle, Dandelion, Burdock, Prodigiosa, Snake Sour.<\/li>\n<\/ul>\n<\/li>\n<li><b>Pancreas and Digestive Tincture (50 ml):<\/b>\n<ul>\n<li><b>Function:<\/b> Relieves <b>gas\/air<\/b>, flatulence and belching. It reduces the fermentation of food and prevents <b>candidiasis<\/b>. Strengthens the pancreas to improve digestion, indigestion, acidity, heartburn and helps against <i>Helicobacter Pylori<\/i>.<\/li>\n<li><b>Ingredients:<\/b> Dandelion, Chamomile, Anise and Fennel.<\/li>\n<\/ul>\n<\/li>\n<li><b>Cure-All Tea (Makes 50 doses):<\/b>\n<ul>\n<li><b>Function:<\/b> Herb mix for <b>alkalize<\/b>, <b>detoxify<\/b> and <b>regenerate<\/b> the body. Strengthens and regenerates the digestive system with daily use. It can also be used in enemas (to repair damaged, leaky, or inflamed intestines) and in vaginal douches (to alkalize the uterus and promote healing in cases of cysts, endometriosis, fibroids, or excessive bleeding).<\/li>\n<li><b>Ingredients:<\/b> White oak bark, plantain, comfrey root and leaves, black walnut hull, chaparral herb, burdock root, marshmallow root.<\/li>\n<\/ul>\n<\/li>\n<\/ul>\n<h4><b>Additional Gift with your Purchase:<\/b><\/h4>\n<p>&nbsp;<\/p>\n<ul>\n<li><b>Guide File:<\/b> Gentle and deep liver cleansing.<\/li>\n<\/ul>\n<p><b>Price:<\/b> <b>$1,112 MXN<\/b><\/p>\n<p><b>WhatsApp Contact:<\/b> If you have any questions, you can contact us at <b>+52 55 1620 7310<\/b>.<\/p>","protected":false},"featured_media":7717,"comment_status":"open","ping_status":"closed","template":"","meta":{"site-sidebar-layout":"default","site-content-layout":"","ast-site-content-layout":"default","site-content-style":"default","site-sidebar-style":"default","ast-global-header-display":"","ast-banner-title-visibility":"","ast-main-header-display":"","ast-hfb-above-header-display":"","ast-hfb-below-header-display":"","ast-hfb-mobile-header-display":"","site-post-title":"","ast-breadcrumbs-content":"","ast-featured-img":"","footer-sml-layout":"","ast-disable-related-posts":"","theme-transparent-header-meta":"default","adv-header-id-meta":"","stick-header-meta":"","header-above-stick-meta":"","header-main-stick-meta":"","header-below-stick-meta":"","astra-migrate-meta-layouts":"set","ast-page-background-enabled":"default","ast-page-background-meta":{"desktop":{"background-color":"var(--ast-global-color-4)","background-image":"","background-repeat":"repeat","background-position":"center center","background-size":"auto","background-attachment":"scroll","background-type":"","background-media":"","overlay-type":"","overlay-color":"","overlay-opacity":"","overlay-gradient":""},"tablet":{"background-color":"","background-image":"","background-repeat":"repeat","background-position":"center center","background-size":"auto","background-attachment":"scroll","background-type":"","background-media":"","overlay-type":"","overlay-color":"","overlay-opacity":"","overlay-gradient":""},"mobile":{"background-color":"","background-image":"","background-repeat":"repeat","background-position":"center center","background-size":"auto","background-attachment":"scroll","background-type":"","background-media":"","overlay-type":"","overlay-color":"","overlay-opacity":"","overlay-gradient":""}},"ast-content-background-meta":{"desktop":{"background-color":"var(--ast-global-color-5)","background-image":"","background-repeat":"repeat","background-position":"center center","background-size":"auto","background-attachment":"scroll","background-type":"","background-media":"","overlay-type":"","overlay-color":"","overlay-opacity":"","overlay-gradient":""},"tablet":{"background-color":"var(--ast-global-color-5)","background-image":"","background-repeat":"repeat","background-position":"center center","background-size":"auto","background-attachment":"scroll","background-type":"","background-media":"","overlay-type":"","overlay-color":"","overlay-opacity":"","overlay-gradient":""},"mobile":{"background-color":"var(--ast-global-color-5)","background-image":"","background-repeat":"repeat","background-position":"center center","background-size":"auto","background-attachment":"scroll","background-type":"","background-media":"","overlay-type":"","overlay-color":"","overlay-opacity":"","overlay-gradient":""}},"_joinchat":[]},"product_brand":[],"product_cat":[22],"product_tag":[],"class_list":{"0":"post-165","1":"product","2":"type-product","3":"status-publish","4":"has-post-thumbnail","6":"product_cat-herboolaria","7":"desktop-align-center","8":"tablet-align-center","9":"mobile-align-center","11":"first","12":"instock","13":"downloadable","14":"taxable","15":"shipping-taxable","16":"purchasable","17":"product-type-simple"},"yoast_head":"<!-- This site is optimized with the Yoast SEO Premium plugin v23.4 (Yoast SEO v27.4) - https:\/\/yoast.com\/product\/yoast-seo-premium-wordpress\/ -->\n<title>Kit H\u00edgado - Alquimia Regenerativa<\/title>\n<meta name=\"robots\" content=\"index, follow, max-snippet:-1, max-image-preview:large, max-video-preview:-1\" \/>\n<link rel=\"canonical\" href=\"https:\/\/alquimiaregenerativa.com\/en\/tienda\/kit-higado\/\" \/>\n<meta property=\"og:locale\" content=\"en_US\" \/>\n<meta property=\"og:type\" content=\"article\" \/>\n<meta property=\"og:title\" content=\"Kit H\u00edgado\" \/>\n<meta property=\"og:description\" content=\"Kit H\u00edgado: Purificaci\u00f3n y Soporte Integral para tu Salud Hep\u00e1tica y Digestiva Este kit est\u00e1 dise\u00f1ado para apoyar la salud del h\u00edgado y la ves\u00edcula, mejorar la digesti\u00f3n y contribuir a la limpieza general del cuerpo. Incluye 3 Productos Esenciales para tu H\u00edgado: &nbsp;   Tintura H\u00edgado y Ves\u00edcula (50 ml):   Funci\u00f3n: Ayuda a depurar el h\u00edgado y la ves\u00edcula, beneficiosa en casos de h\u00edgado graso y c\u00f3licos hep\u00e1ticos. Prepara el cuerpo para la limpieza hep\u00e1tica. Mejora la piel (manchas, melasma) y ayuda a liberar los enojos.  Ingredientes: Alcachofa, Cardo Mariano, Diente de Le\u00f3n, Bardana, Prodigiosa, Aceda de Culebra.    Tintura P\u00e1ncreas y Digestivo (50 ml):   Funci\u00f3n: Alivia gas\/aire, flatulencias y eructos. Reduce la fermentaci\u00f3n de alimentos y evita la candidiasis. Fortalece el p\u00e1ncreas para mejorar las digestiones, indigesti\u00f3n, acidez, agruras y ayuda contra Helicobacter Pylori.  Ingredientes: Diente de Le\u00f3n, Manzanilla, An\u00eds e Hinojo.    T\u00e9 Cura Todo (Rinde 50 dosis):   Funci\u00f3n: Mix de hierbas para alcalinizar, detoxificar y regenerar el cuerpo. Fortalece y regenera el sistema digestivo con uso diario. Tambi\u00e9n se puede usar en enemas (para reparar intestinos da\u00f1ados, permeables o inflamados) y en duchas vaginales (para alcalinizar el \u00fatero y cicatrizaci\u00f3n en casos de quistes, endometriosis, fibromas o sangrado excesivo).  Ingredientes: Corteza de roble blanco, llant\u00e9n o pl\u00e1ntago, ra\u00edz y hojas de consuelda, c\u00e1scara de nogal negro, hierba de chaparral, ra\u00edz de bardana, ra\u00edz de malvavisco.    Regalo Adicional con tu Compra: &nbsp;   Archivo Gu\u00eda: Limpieza Hep\u00e1tica suave y profunda.  Precio: $1,112 MXN  Contacto WhatsApp: Si tienes alguna duda, puedes contactarnos al +52 55 1620 7310.\" \/>\n<meta property=\"og:url\" content=\"https:\/\/alquimiaregenerativa.com\/en\/tienda\/kit-higado\/\" \/>\n<meta property=\"og:site_name\" content=\"Alquimia Regenerativa\" \/>\n<meta property=\"article:modified_time\" content=\"2026-01-02T17:44:17+00:00\" \/>\n<meta property=\"og:image\" content=\"https:\/\/alquimiaregenerativa.com\/wp-content\/uploads\/2024\/06\/kit-higa-3.png\" \/>\n\t<meta property=\"og:image:width\" content=\"1024\" \/>\n\t<meta property=\"og:image:height\" content=\"1024\" \/>\n\t<meta property=\"og:image:type\" content=\"image\/png\" \/>\n<meta name=\"twitter:card\" content=\"summary_large_image\" \/>\n<meta name=\"twitter:label1\" content=\"Price\" \/>\n\t<meta name=\"twitter:data1\" content=\"MXN $&nbsp;1,112.00\" \/>\n\t<meta name=\"twitter:label2\" content=\"Availability\" \/>\n\t<meta name=\"twitter:data2\" content=\"In stock\" \/>\n<script type=\"application\/ld+json\" class=\"yoast-schema-graph\">{\"@context\":\"https:\\\/\\\/schema.org\",\"@graph\":[{\"@type\":\"WebPage\",\"@id\":\"https:\\\/\\\/alquimiaregenerativa.com\\\/tienda\\\/kit-higado\\\/\",\"url\":\"https:\\\/\\\/alquimiaregenerativa.com\\\/tienda\\\/kit-higado\\\/\",\"name\":\"Kit H\u00edgado - Alquimia Regenerativa\",\"isPartOf\":{\"@id\":\"https:\\\/\\\/alquimiaregenerativa.com\\\/#website\"},\"primaryImageOfPage\":{\"@id\":\"https:\\\/\\\/alquimiaregenerativa.com\\\/tienda\\\/kit-higado\\\/#primaryimage\"},\"image\":{\"@id\":\"https:\\\/\\\/alquimiaregenerativa.com\\\/tienda\\\/kit-higado\\\/#primaryimage\"},\"thumbnailUrl\":\"https:\\\/\\\/alquimiaregenerativa.com\\\/wp-content\\\/uploads\\\/2024\\\/06\\\/kit-higa-3.png\",\"datePublished\":\"2024-06-13T17:01:07+00:00\",\"dateModified\":\"2026-01-02T17:44:17+00:00\",\"breadcrumb\":{\"@id\":\"https:\\\/\\\/alquimiaregenerativa.com\\\/tienda\\\/kit-higado\\\/#breadcrumb\"},\"inLanguage\":\"en-US\",\"potentialAction\":[{\"@type\":\"ReadAction\",\"target\":[\"https:\\\/\\\/alquimiaregenerativa.com\\\/tienda\\\/kit-higado\\\/\"]}]},{\"@type\":\"ImageObject\",\"inLanguage\":\"en-US\",\"@id\":\"https:\\\/\\\/alquimiaregenerativa.com\\\/tienda\\\/kit-higado\\\/#primaryimage\",\"url\":\"https:\\\/\\\/alquimiaregenerativa.com\\\/wp-content\\\/uploads\\\/2024\\\/06\\\/kit-higa-3.png\",\"contentUrl\":\"https:\\\/\\\/alquimiaregenerativa.com\\\/wp-content\\\/uploads\\\/2024\\\/06\\\/kit-higa-3.png\",\"width\":1024,\"height\":1024},{\"@type\":\"BreadcrumbList\",\"@id\":\"https:\\\/\\\/alquimiaregenerativa.com\\\/tienda\\\/kit-higado\\\/#breadcrumb\",\"itemListElement\":[{\"@type\":\"ListItem\",\"position\":1,\"name\":\"Portada\",\"item\":\"https:\\\/\\\/alquimiaregenerativa.com\\\/\"},{\"@type\":\"ListItem\",\"position\":2,\"name\":\"Tienda\",\"item\":\"https:\\\/\\\/alquimiaregenerativa.com\\\/tienda\\\/\"},{\"@type\":\"ListItem\",\"position\":3,\"name\":\"Kit H\u00edgado\"}]},{\"@type\":\"WebSite\",\"@id\":\"https:\\\/\\\/alquimiaregenerativa.com\\\/#website\",\"url\":\"https:\\\/\\\/alquimiaregenerativa.com\\\/\",\"name\":\"Alquimia Regenerativa\",\"description\":\"Comienza tu proceso de tranformaci\u00f3n\",\"potentialAction\":[{\"@type\":\"SearchAction\",\"target\":{\"@type\":\"EntryPoint\",\"urlTemplate\":\"https:\\\/\\\/alquimiaregenerativa.com\\\/?s={search_term_string}\"},\"query-input\":{\"@type\":\"PropertyValueSpecification\",\"valueRequired\":true,\"valueName\":\"search_term_string\"}}],\"inLanguage\":\"en-US\"}]}<\/script>\n<meta property=\"product:price:amount\" content=\"1112.00\" \/>\n<meta property=\"product:price:currency\" content=\"MXN\" \/>\n<meta property=\"og:availability\" content=\"instock\" \/>\n<meta property=\"product:availability\" content=\"instock\" \/>\n<meta property=\"product:condition\" content=\"new\" \/>\n<!-- \/ Yoast SEO Premium plugin. -->","yoast_head_json":{"title":"Liver Kit - Regenerative Alchemy","robots":{"index":"index","follow":"follow","max-snippet":"max-snippet:-1","max-image-preview":"max-image-preview:large","max-video-preview":"max-video-preview:-1"},"canonical":"https:\/\/alquimiaregenerativa.com\/en\/tienda\/kit-higado\/","og_locale":"en_US","og_type":"article","og_title":"Kit H\u00edgado","og_description":"Kit H\u00edgado: Purificaci\u00f3n y Soporte Integral para tu Salud Hep\u00e1tica y Digestiva Este kit est\u00e1 dise\u00f1ado para apoyar la salud del h\u00edgado y la ves\u00edcula, mejorar la digesti\u00f3n y contribuir a la limpieza general del cuerpo. Incluye 3 Productos Esenciales para tu H\u00edgado: &nbsp;   Tintura H\u00edgado y Ves\u00edcula (50 ml):   Funci\u00f3n: Ayuda a depurar el h\u00edgado y la ves\u00edcula, beneficiosa en casos de h\u00edgado graso y c\u00f3licos hep\u00e1ticos. Prepara el cuerpo para la limpieza hep\u00e1tica. Mejora la piel (manchas, melasma) y ayuda a liberar los enojos.  Ingredientes: Alcachofa, Cardo Mariano, Diente de Le\u00f3n, Bardana, Prodigiosa, Aceda de Culebra.    Tintura P\u00e1ncreas y Digestivo (50 ml):   Funci\u00f3n: Alivia gas\/aire, flatulencias y eructos. Reduce la fermentaci\u00f3n de alimentos y evita la candidiasis. Fortalece el p\u00e1ncreas para mejorar las digestiones, indigesti\u00f3n, acidez, agruras y ayuda contra Helicobacter Pylori.  Ingredientes: Diente de Le\u00f3n, Manzanilla, An\u00eds e Hinojo.    T\u00e9 Cura Todo (Rinde 50 dosis):   Funci\u00f3n: Mix de hierbas para alcalinizar, detoxificar y regenerar el cuerpo. Fortalece y regenera el sistema digestivo con uso diario. Tambi\u00e9n se puede usar en enemas (para reparar intestinos da\u00f1ados, permeables o inflamados) y en duchas vaginales (para alcalinizar el \u00fatero y cicatrizaci\u00f3n en casos de quistes, endometriosis, fibromas o sangrado excesivo).  Ingredientes: Corteza de roble blanco, llant\u00e9n o pl\u00e1ntago, ra\u00edz y hojas de consuelda, c\u00e1scara de nogal negro, hierba de chaparral, ra\u00edz de bardana, ra\u00edz de malvavisco.    Regalo Adicional con tu Compra: &nbsp;   Archivo Gu\u00eda: Limpieza Hep\u00e1tica suave y profunda.  Precio: $1,112 MXN  Contacto WhatsApp: Si tienes alguna duda, puedes contactarnos al +52 55 1620 7310.","og_url":"https:\/\/alquimiaregenerativa.com\/en\/tienda\/kit-higado\/","og_site_name":"Alquimia Regenerativa","article_modified_time":"2026-01-02T17:44:17+00:00","og_image":[{"width":1024,"height":1024,"url":"https:\/\/alquimiaregenerativa.com\/wp-content\/uploads\/2024\/06\/kit-higa-3.png","type":"image\/png"}],"twitter_card":"summary_large_image","twitter_misc":{"Price":"MXN $&nbsp;1,112.00","Availability":"In stock"},"schema":{"@context":"https:\/\/schema.org","@graph":[{"@type":"WebPage","@id":"https:\/\/alquimiaregenerativa.com\/tienda\/kit-higado\/","url":"https:\/\/alquimiaregenerativa.com\/tienda\/kit-higado\/","name":"Liver Kit - Regenerative Alchemy","isPartOf":{"@id":"https:\/\/alquimiaregenerativa.com\/#website"},"primaryImageOfPage":{"@id":"https:\/\/alquimiaregenerativa.com\/tienda\/kit-higado\/#primaryimage"},"image":{"@id":"https:\/\/alquimiaregenerativa.com\/tienda\/kit-higado\/#primaryimage"},"thumbnailUrl":"https:\/\/alquimiaregenerativa.com\/wp-content\/uploads\/2024\/06\/kit-higa-3.png","datePublished":"2024-06-13T17:01:07+00:00","dateModified":"2026-01-02T17:44:17+00:00","breadcrumb":{"@id":"https:\/\/alquimiaregenerativa.com\/tienda\/kit-higado\/#breadcrumb"},"inLanguage":"en-US","potentialAction":[{"@type":"ReadAction","target":["https:\/\/alquimiaregenerativa.com\/tienda\/kit-higado\/"]}]},{"@type":"ImageObject","inLanguage":"en-US","@id":"https:\/\/alquimiaregenerativa.com\/tienda\/kit-higado\/#primaryimage","url":"https:\/\/alquimiaregenerativa.com\/wp-content\/uploads\/2024\/06\/kit-higa-3.png","contentUrl":"https:\/\/alquimiaregenerativa.com\/wp-content\/uploads\/2024\/06\/kit-higa-3.png","width":1024,"height":1024},{"@type":"BreadcrumbList","@id":"https:\/\/alquimiaregenerativa.com\/tienda\/kit-higado\/#breadcrumb","itemListElement":[{"@type":"ListItem","position":1,"name":"Portada","item":"https:\/\/alquimiaregenerativa.com\/"},{"@type":"ListItem","position":2,"name":"Tienda","item":"https:\/\/alquimiaregenerativa.com\/tienda\/"},{"@type":"ListItem","position":3,"name":"Kit H\u00edgado"}]},{"@type":"WebSite","@id":"https:\/\/alquimiaregenerativa.com\/#website","url":"https:\/\/alquimiaregenerativa.com\/","name":"Regenerative Alchemy","description":"Start your transformation process","potentialAction":[{"@type":"SearchAction","target":{"@type":"EntryPoint","urlTemplate":"https:\/\/alquimiaregenerativa.com\/?s={search_term_string}"},"query-input":{"@type":"PropertyValueSpecification","valueRequired":true,"valueName":"search_term_string"}}],"inLanguage":"en-US"}]},"product_price_amount":"1112.00","product_price_currency":"MXN","og_availability":"instock","product_availability":"instock","product_condition":"new"},"jetpack_sharing_enabled":true,"_links":{"self":[{"href":"https:\/\/alquimiaregenerativa.com\/en\/wp-json\/wp\/v2\/product\/165","targetHints":{"allow":["GET"]}}],"collection":[{"href":"https:\/\/alquimiaregenerativa.com\/en\/wp-json\/wp\/v2\/product"}],"about":[{"href":"https:\/\/alquimiaregenerativa.com\/en\/wp-json\/wp\/v2\/types\/product"}],"replies":[{"embeddable":true,"href":"https:\/\/alquimiaregenerativa.com\/en\/wp-json\/wp\/v2\/comments?post=165"}],"wp:featuredmedia":[{"embeddable":true,"href":"https:\/\/alquimiaregenerativa.com\/en\/wp-json\/wp\/v2\/media\/7717"}],"wp:attachment":[{"href":"https:\/\/alquimiaregenerativa.com\/en\/wp-json\/wp\/v2\/media?parent=165"}],"wp:term":[{"taxonomy":"product_brand","embeddable":true,"href":"https:\/\/alquimiaregenerativa.com\/en\/wp-json\/wp\/v2\/product_brand?post=165"},{"taxonomy":"product_cat","embeddable":true,"href":"https:\/\/alquimiaregenerativa.com\/en\/wp-json\/wp\/v2\/product_cat?post=165"},{"taxonomy":"product_tag","embeddable":true,"href":"https:\/\/alquimiaregenerativa.com\/en\/wp-json\/wp\/v2\/product_tag?post=165"}],"curies":[{"name":"wp","href":"https:\/\/api.w.org\/{rel}","templated":true}]}}