{"id":166,"date":"2024-06-13T19:01:07","date_gmt":"2024-06-13T17:01:07","guid":{"rendered":"https:\/\/alquimiaregenerativa.com\/?post_type=product&#038;p=166"},"modified":"2026-01-29T18:33:37","modified_gmt":"2026-01-29T17:33:37","slug":"kit-hormonal","status":"publish","type":"product","link":"https:\/\/alquimiaregenerativa.com\/en\/tienda\/kit-hormonal\/","title":{"rendered":"Hormonal Kit"},"content":{"rendered":"","protected":false},"excerpt":{"rendered":"<p><strong>Worth:<\/strong> $<span data-sheets-root=\"1\">1522 <\/span>Mexican Pesos<\/p>\n<p><strong>INCLUDES:\u00a0<\/strong><\/p>\n<p>\u2714\ufe0f<strong>Energy Tincture: <\/strong>For depression, focus and cognition, mental clarity, blood pressure regulator, improves energy levels. 50 ml<\/p>\n<p><strong>Ingredients:<\/strong>\u00a0Ashwagandha (adaptogen for blood pressure and adrenals), Ginseng, Ginko Biloba and Pericon or St. John&#039;s Wort<\/p>\n<p>\u2714\ufe0f\u00a0<strong>Endocrine System:<\/strong> Helps with hormonal processes in the body (women and men), slow hormones, overweight, thyroid. 50 ml<\/p>\n<p>\u2714\ufe0f<strong>Circulation of Blood and Lymph:<\/strong> Helps regulate body temperature, \u201cget rid of the cold\u201d, improves blood circulation and helps move lymph. 50 ml<\/p>\n<p><strong>Ingredients:\u00a0<\/strong>Garlic, Cayenne Pepper, Cinnamon, Sarsaparilla, Muicle and Ginger<\/p>\n<p>If you have any questions you can contact us on WhatsApp<\/p>\n<p><span style=\"font-weight: 400;\">Contact WhatsApp: +52 55 1620 7310<\/span><\/p>\n<p><a href=\"https:\/\/tinyurl.com\/ContactoAlquimiaRegenerativa\"><span style=\"font-weight: 400;\">https:\/\/tinyurl.com\/ContactoAlquimiaRegenerativa<\/span><\/a><\/p>\n<p>&nbsp;<\/p>\n<p><strong>With your purchase you get as a gift:<\/strong> Masterclass Emotional Hunger and Binge Eating and Masterclass Obesity and Overweight<\/p>","protected":false},"featured_media":7724,"comment_status":"open","ping_status":"closed","template":"","meta":{"site-sidebar-layout":"default","site-content-layout":"","ast-site-content-layout":"default","site-content-style":"default","site-sidebar-style":"default","ast-global-header-display":"","ast-banner-title-visibility":"","ast-main-header-display":"","ast-hfb-above-header-display":"","ast-hfb-below-header-display":"","ast-hfb-mobile-header-display":"","site-post-title":"","ast-breadcrumbs-content":"","ast-featured-img":"","footer-sml-layout":"","ast-disable-related-posts":"","theme-transparent-header-meta":"default","adv-header-id-meta":"","stick-header-meta":"","header-above-stick-meta":"","header-main-stick-meta":"","header-below-stick-meta":"","astra-migrate-meta-layouts":"set","ast-page-background-enabled":"default","ast-page-background-meta":{"desktop":{"background-color":"var(--ast-global-color-4)","background-image":"","background-repeat":"repeat","background-position":"center center","background-size":"auto","background-attachment":"scroll","background-type":"","background-media":"","overlay-type":"","overlay-color":"","overlay-opacity":"","overlay-gradient":""},"tablet":{"background-color":"","background-image":"","background-repeat":"repeat","background-position":"center center","background-size":"auto","background-attachment":"scroll","background-type":"","background-media":"","overlay-type":"","overlay-color":"","overlay-opacity":"","overlay-gradient":""},"mobile":{"background-color":"","background-image":"","background-repeat":"repeat","background-position":"center center","background-size":"auto","background-attachment":"scroll","background-type":"","background-media":"","overlay-type":"","overlay-color":"","overlay-opacity":"","overlay-gradient":""}},"ast-content-background-meta":{"desktop":{"background-color":"var(--ast-global-color-5)","background-image":"","background-repeat":"repeat","background-position":"center center","background-size":"auto","background-attachment":"scroll","background-type":"","background-media":"","overlay-type":"","overlay-color":"","overlay-opacity":"","overlay-gradient":""},"tablet":{"background-color":"var(--ast-global-color-5)","background-image":"","background-repeat":"repeat","background-position":"center center","background-size":"auto","background-attachment":"scroll","background-type":"","background-media":"","overlay-type":"","overlay-color":"","overlay-opacity":"","overlay-gradient":""},"mobile":{"background-color":"var(--ast-global-color-5)","background-image":"","background-repeat":"repeat","background-position":"center center","background-size":"auto","background-attachment":"scroll","background-type":"","background-media":"","overlay-type":"","overlay-color":"","overlay-opacity":"","overlay-gradient":""}},"_joinchat":[]},"product_brand":[],"product_cat":[22],"product_tag":[],"class_list":{"0":"post-166","1":"product","2":"type-product","3":"status-publish","4":"has-post-thumbnail","6":"product_cat-herboolaria","7":"desktop-align-center","8":"tablet-align-center","9":"mobile-align-center","11":"first","12":"instock","13":"downloadable","14":"taxable","15":"shipping-taxable","16":"purchasable","17":"product-type-simple"},"yoast_head":"<!-- This site is optimized with the Yoast SEO Premium plugin v23.4 (Yoast SEO v27.4) - https:\/\/yoast.com\/product\/yoast-seo-premium-wordpress\/ -->\n<title>Kit Hormonal - Alquimia Regenerativa<\/title>\n<meta name=\"robots\" content=\"index, follow, max-snippet:-1, max-image-preview:large, max-video-preview:-1\" \/>\n<link rel=\"canonical\" href=\"https:\/\/alquimiaregenerativa.com\/en\/tienda\/kit-hormonal\/\" \/>\n<meta property=\"og:locale\" content=\"en_US\" \/>\n<meta property=\"og:type\" content=\"article\" \/>\n<meta property=\"og:title\" content=\"Kit Hormonal\" \/>\n<meta property=\"og:description\" content=\"Valor: $1522 Pesos Mexicanos  INCLUYE:\u00a0  \u2714\ufe0fTintura Energy: Para la depresi\u00f3n, enfoque y cognici\u00f3n, claridad mental, regulador de la presi\u00f3n arterial, mejora los niveles de energ\u00eda. 50 ml  Ingredientes:\u00a0Ashwagandha (adaptogeno para la presi\u00f3n y suprarrenales), Ginseng, Ginko Biloba y Pericon o Hierba de San Juan  \u2714\ufe0f\u00a0Sistema Endocrino: Ayuda a los procesos hormonales de cuerpo (mujeres y hombres), hormonas lentas, sobrepeso, tiroides. 50 ml  \u2714\ufe0fCirculaci\u00f3n de la Sangre y Linfa: Ayuda a regular la temperatura del cuerpo, a \u201csacar el fr\u00edo\u201d, mejor al circulaci\u00f3n de la sangre y ayuda a mover la linfa. 50 ml  Ingredientes:\u00a0Ajo, Pimienta Cayena, Canela, Zarzaparrilla, Muicle y Jengibre  Si tienes alguna duda puedes contactarnos al whatsapp  Contacto whatsapp: +52 55 1620 7310  https:\/\/tinyurl.com\/ContactoAlquimiaRegenerativa  &nbsp;  Con la compra te llev\u00e1s de regalo: Masterclass Hambre Emocional y Atracones y Masterclass Obesidad y Sobrepeso\" \/>\n<meta property=\"og:url\" content=\"https:\/\/alquimiaregenerativa.com\/en\/tienda\/kit-hormonal\/\" \/>\n<meta property=\"og:site_name\" content=\"Alquimia Regenerativa\" \/>\n<meta property=\"article:modified_time\" content=\"2026-01-29T17:33:37+00:00\" \/>\n<meta property=\"og:image\" content=\"https:\/\/alquimiaregenerativa.com\/wp-content\/uploads\/2024\/06\/ult.png\" \/>\n\t<meta property=\"og:image:width\" content=\"1024\" \/>\n\t<meta property=\"og:image:height\" content=\"1024\" \/>\n\t<meta property=\"og:image:type\" content=\"image\/png\" \/>\n<meta name=\"twitter:card\" content=\"summary_large_image\" \/>\n<meta name=\"twitter:label1\" content=\"Price\" \/>\n\t<meta name=\"twitter:data1\" content=\"MXN $&nbsp;1,522.00\" \/>\n\t<meta name=\"twitter:label2\" content=\"Availability\" \/>\n\t<meta name=\"twitter:data2\" content=\"In stock\" \/>\n<script type=\"application\/ld+json\" class=\"yoast-schema-graph\">{\"@context\":\"https:\\\/\\\/schema.org\",\"@graph\":[{\"@type\":\"WebPage\",\"@id\":\"https:\\\/\\\/alquimiaregenerativa.com\\\/tienda\\\/kit-hormonal\\\/\",\"url\":\"https:\\\/\\\/alquimiaregenerativa.com\\\/tienda\\\/kit-hormonal\\\/\",\"name\":\"Kit Hormonal - Alquimia Regenerativa\",\"isPartOf\":{\"@id\":\"https:\\\/\\\/alquimiaregenerativa.com\\\/#website\"},\"primaryImageOfPage\":{\"@id\":\"https:\\\/\\\/alquimiaregenerativa.com\\\/tienda\\\/kit-hormonal\\\/#primaryimage\"},\"image\":{\"@id\":\"https:\\\/\\\/alquimiaregenerativa.com\\\/tienda\\\/kit-hormonal\\\/#primaryimage\"},\"thumbnailUrl\":\"https:\\\/\\\/alquimiaregenerativa.com\\\/wp-content\\\/uploads\\\/2024\\\/06\\\/ult.png\",\"datePublished\":\"2024-06-13T17:01:07+00:00\",\"dateModified\":\"2026-01-29T17:33:37+00:00\",\"breadcrumb\":{\"@id\":\"https:\\\/\\\/alquimiaregenerativa.com\\\/tienda\\\/kit-hormonal\\\/#breadcrumb\"},\"inLanguage\":\"en-US\",\"potentialAction\":[{\"@type\":\"ReadAction\",\"target\":[\"https:\\\/\\\/alquimiaregenerativa.com\\\/tienda\\\/kit-hormonal\\\/\"]}]},{\"@type\":\"ImageObject\",\"inLanguage\":\"en-US\",\"@id\":\"https:\\\/\\\/alquimiaregenerativa.com\\\/tienda\\\/kit-hormonal\\\/#primaryimage\",\"url\":\"https:\\\/\\\/alquimiaregenerativa.com\\\/wp-content\\\/uploads\\\/2024\\\/06\\\/ult.png\",\"contentUrl\":\"https:\\\/\\\/alquimiaregenerativa.com\\\/wp-content\\\/uploads\\\/2024\\\/06\\\/ult.png\",\"width\":1024,\"height\":1024},{\"@type\":\"BreadcrumbList\",\"@id\":\"https:\\\/\\\/alquimiaregenerativa.com\\\/tienda\\\/kit-hormonal\\\/#breadcrumb\",\"itemListElement\":[{\"@type\":\"ListItem\",\"position\":1,\"name\":\"Portada\",\"item\":\"https:\\\/\\\/alquimiaregenerativa.com\\\/\"},{\"@type\":\"ListItem\",\"position\":2,\"name\":\"Tienda\",\"item\":\"https:\\\/\\\/alquimiaregenerativa.com\\\/tienda\\\/\"},{\"@type\":\"ListItem\",\"position\":3,\"name\":\"Kit Hormonal\"}]},{\"@type\":\"WebSite\",\"@id\":\"https:\\\/\\\/alquimiaregenerativa.com\\\/#website\",\"url\":\"https:\\\/\\\/alquimiaregenerativa.com\\\/\",\"name\":\"Alquimia Regenerativa\",\"description\":\"Comienza tu proceso de tranformaci\u00f3n\",\"potentialAction\":[{\"@type\":\"SearchAction\",\"target\":{\"@type\":\"EntryPoint\",\"urlTemplate\":\"https:\\\/\\\/alquimiaregenerativa.com\\\/?s={search_term_string}\"},\"query-input\":{\"@type\":\"PropertyValueSpecification\",\"valueRequired\":true,\"valueName\":\"search_term_string\"}}],\"inLanguage\":\"en-US\"}]}<\/script>\n<meta property=\"product:price:amount\" content=\"1522.00\" \/>\n<meta property=\"product:price:currency\" content=\"MXN\" \/>\n<meta property=\"og:availability\" content=\"instock\" \/>\n<meta property=\"product:availability\" content=\"instock\" \/>\n<meta property=\"product:condition\" content=\"new\" \/>\n<!-- \/ Yoast SEO Premium plugin. -->","yoast_head_json":{"title":"Hormonal Kit - Regenerative Alchemy","robots":{"index":"index","follow":"follow","max-snippet":"max-snippet:-1","max-image-preview":"max-image-preview:large","max-video-preview":"max-video-preview:-1"},"canonical":"https:\/\/alquimiaregenerativa.com\/en\/tienda\/kit-hormonal\/","og_locale":"en_US","og_type":"article","og_title":"Kit Hormonal","og_description":"Valor: $1522 Pesos Mexicanos  INCLUYE:\u00a0  \u2714\ufe0fTintura Energy: Para la depresi\u00f3n, enfoque y cognici\u00f3n, claridad mental, regulador de la presi\u00f3n arterial, mejora los niveles de energ\u00eda. 50 ml  Ingredientes:\u00a0Ashwagandha (adaptogeno para la presi\u00f3n y suprarrenales), Ginseng, Ginko Biloba y Pericon o Hierba de San Juan  \u2714\ufe0f\u00a0Sistema Endocrino: Ayuda a los procesos hormonales de cuerpo (mujeres y hombres), hormonas lentas, sobrepeso, tiroides. 50 ml  \u2714\ufe0fCirculaci\u00f3n de la Sangre y Linfa: Ayuda a regular la temperatura del cuerpo, a \u201csacar el fr\u00edo\u201d, mejor al circulaci\u00f3n de la sangre y ayuda a mover la linfa. 50 ml  Ingredientes:\u00a0Ajo, Pimienta Cayena, Canela, Zarzaparrilla, Muicle y Jengibre  Si tienes alguna duda puedes contactarnos al whatsapp  Contacto whatsapp: +52 55 1620 7310  https:\/\/tinyurl.com\/ContactoAlquimiaRegenerativa  &nbsp;  Con la compra te llev\u00e1s de regalo: Masterclass Hambre Emocional y Atracones y Masterclass Obesidad y Sobrepeso","og_url":"https:\/\/alquimiaregenerativa.com\/en\/tienda\/kit-hormonal\/","og_site_name":"Alquimia Regenerativa","article_modified_time":"2026-01-29T17:33:37+00:00","og_image":[{"width":1024,"height":1024,"url":"https:\/\/alquimiaregenerativa.com\/wp-content\/uploads\/2024\/06\/ult.png","type":"image\/png"}],"twitter_card":"summary_large_image","twitter_misc":{"Price":"MXN $&nbsp;1,522.00","Availability":"In stock"},"schema":{"@context":"https:\/\/schema.org","@graph":[{"@type":"WebPage","@id":"https:\/\/alquimiaregenerativa.com\/tienda\/kit-hormonal\/","url":"https:\/\/alquimiaregenerativa.com\/tienda\/kit-hormonal\/","name":"Hormonal Kit - Regenerative Alchemy","isPartOf":{"@id":"https:\/\/alquimiaregenerativa.com\/#website"},"primaryImageOfPage":{"@id":"https:\/\/alquimiaregenerativa.com\/tienda\/kit-hormonal\/#primaryimage"},"image":{"@id":"https:\/\/alquimiaregenerativa.com\/tienda\/kit-hormonal\/#primaryimage"},"thumbnailUrl":"https:\/\/alquimiaregenerativa.com\/wp-content\/uploads\/2024\/06\/ult.png","datePublished":"2024-06-13T17:01:07+00:00","dateModified":"2026-01-29T17:33:37+00:00","breadcrumb":{"@id":"https:\/\/alquimiaregenerativa.com\/tienda\/kit-hormonal\/#breadcrumb"},"inLanguage":"en-US","potentialAction":[{"@type":"ReadAction","target":["https:\/\/alquimiaregenerativa.com\/tienda\/kit-hormonal\/"]}]},{"@type":"ImageObject","inLanguage":"en-US","@id":"https:\/\/alquimiaregenerativa.com\/tienda\/kit-hormonal\/#primaryimage","url":"https:\/\/alquimiaregenerativa.com\/wp-content\/uploads\/2024\/06\/ult.png","contentUrl":"https:\/\/alquimiaregenerativa.com\/wp-content\/uploads\/2024\/06\/ult.png","width":1024,"height":1024},{"@type":"BreadcrumbList","@id":"https:\/\/alquimiaregenerativa.com\/tienda\/kit-hormonal\/#breadcrumb","itemListElement":[{"@type":"ListItem","position":1,"name":"Portada","item":"https:\/\/alquimiaregenerativa.com\/"},{"@type":"ListItem","position":2,"name":"Tienda","item":"https:\/\/alquimiaregenerativa.com\/tienda\/"},{"@type":"ListItem","position":3,"name":"Kit Hormonal"}]},{"@type":"WebSite","@id":"https:\/\/alquimiaregenerativa.com\/#website","url":"https:\/\/alquimiaregenerativa.com\/","name":"Regenerative Alchemy","description":"Start your transformation process","potentialAction":[{"@type":"SearchAction","target":{"@type":"EntryPoint","urlTemplate":"https:\/\/alquimiaregenerativa.com\/?s={search_term_string}"},"query-input":{"@type":"PropertyValueSpecification","valueRequired":true,"valueName":"search_term_string"}}],"inLanguage":"en-US"}]},"product_price_amount":"1522.00","product_price_currency":"MXN","og_availability":"instock","product_availability":"instock","product_condition":"new"},"jetpack_sharing_enabled":true,"_links":{"self":[{"href":"https:\/\/alquimiaregenerativa.com\/en\/wp-json\/wp\/v2\/product\/166","targetHints":{"allow":["GET"]}}],"collection":[{"href":"https:\/\/alquimiaregenerativa.com\/en\/wp-json\/wp\/v2\/product"}],"about":[{"href":"https:\/\/alquimiaregenerativa.com\/en\/wp-json\/wp\/v2\/types\/product"}],"replies":[{"embeddable":true,"href":"https:\/\/alquimiaregenerativa.com\/en\/wp-json\/wp\/v2\/comments?post=166"}],"wp:featuredmedia":[{"embeddable":true,"href":"https:\/\/alquimiaregenerativa.com\/en\/wp-json\/wp\/v2\/media\/7724"}],"wp:attachment":[{"href":"https:\/\/alquimiaregenerativa.com\/en\/wp-json\/wp\/v2\/media?parent=166"}],"wp:term":[{"taxonomy":"product_brand","embeddable":true,"href":"https:\/\/alquimiaregenerativa.com\/en\/wp-json\/wp\/v2\/product_brand?post=166"},{"taxonomy":"product_cat","embeddable":true,"href":"https:\/\/alquimiaregenerativa.com\/en\/wp-json\/wp\/v2\/product_cat?post=166"},{"taxonomy":"product_tag","embeddable":true,"href":"https:\/\/alquimiaregenerativa.com\/en\/wp-json\/wp\/v2\/product_tag?post=166"}],"curies":[{"name":"wp","href":"https:\/\/api.w.org\/{rel}","templated":true}]}}