{"id":173,"date":"2024-06-13T19:01:28","date_gmt":"2024-06-13T17:01:28","guid":{"rendered":"https:\/\/alquimiaregenerativa.com\/?post_type=product&#038;p=173"},"modified":"2026-01-02T18:41:56","modified_gmt":"2026-01-02T17:41:56","slug":"kit-detox-premium","status":"publish","type":"product","link":"https:\/\/alquimiaregenerativa.com\/en\/tienda\/kit-detox-premium\/","title":{"rendered":"Premium Detox Kit"},"content":{"rendered":"","protected":false},"excerpt":{"rendered":"<p><strong>Worth:<\/strong> $<span data-sheets-root=\"1\">3631 <\/span>Mexican Pesos<\/p>\n<p><strong>INCLUDES:\u00a0<\/strong><\/p>\n<p>\u2714\ufe0f<strong>Heals everything:<\/strong> As its name suggests, it is a mix of herbs to alkalize, detoxify and regenerate the body. It strengthens and regenerates the digestive system when drunk daily. It is also used in enemas (repairs damaged, permeable or inflamed intestines). In vaginal douches it helps to alkalize the uterus and heal when there are cysts, endometriosis, fibroids, myomas or excessive bleeding. Makes 50 doses.<\/p>\n<p><strong>Ingredients:<\/strong>\u00a0White oak bark, plantain, comfrey root and leaves, black walnut hull, chaparral herb, burdock root, marshmallow root.<\/p>\n<p>\u2714\ufe0f<strong>Intestinal Broom: <\/strong>Mix of psyllium, activated charcoal and clay, serves to clean the intestines from the inside, agglomerates toxins to be removed safely (heavy metals, acids, metabolic waste) 100 gr<\/p>\n<p>\u2714\ufe0f<strong>Parasites:<\/strong> Equivalent to Parasite M and G (Dr Morse Tinctures), specific for candida, small parasites, candiasis, fungi (body and nails) and harmful bacteria. It also works for larger parasites (worms). It is used for infections and as a natural antibiotic. 50 ml<\/p>\n<p><strong>Ingredients: <\/strong>Artemisa\/Ajenjo, Pau Darco\/Lapacho, Clove, Espazote Zorrillo, Huatacay\/Suico<\/p>\n<p>\u2714\ufe0f<strong>Kidneys:<\/strong> Powerful elimination channel opener. Helps increase kidney and urinary tract filtration. Also when there are urinary tract infections. 50 ml<\/p>\n<p><strong>Ingredients:<\/strong>\u00a0Horsetail, parsley, uva ursi, corn silk, juniper berries and rose of jericho<\/p>\n<p>\u2714\ufe0f<strong>Pancreas and Digestive:<\/strong> It is used for gas\/air, helps with flatulence and belching, reduces food fermentation, prevents candidiasis. Strengthens the pancreas to improve digestion, indigestion, acidity, heartburn, helicobacter Pylori. 50 ml<\/p>\n<p><strong>Ingredients:<\/strong>\u00a0Dandelion, Chamomile, Anise and Fennel<\/p>\n<p>\u2714\ufe0f<strong>Blood and Lymph Circulation Tincture:<\/strong> Helps regulate body temperature, \u201cget rid of the cold\u201d, improves blood circulation and helps move lymph. 50 ml<\/p>\n<p><strong>Ingredients:\u00a0<\/strong>Garlic, Cayenne Pepper, Cinnamon, Sarsaparilla, Muicle and Ginger<\/p>\n<p>\u2714\ufe0f<strong>Liver and Gallbladder:\u00a0<\/strong>It helps to purify the liver and gallbladder, also if there is fatty liver, hepatic colic. It serves to prepare the body before the liver cleanse with oil and grapefruit. (Ask your coach if you qualify for the protocol). It improves the appearance of the skin, spots, melasma. On an emotional level it helps to release anger. 50 ml<\/p>\n<p><strong>Ingredients:\u00a0<\/strong>Artichoke, Milk Thistle, Dandelion, Burdock, Prodigiosa, Snake Sour.<\/p>\n<p>\u2714\ufe0f<strong>Relax:\u00a0<\/strong>Mix of anxiolytic herbs, to reduce stress, anxiety, nervousness. 50 ml<\/p>\n<p><strong>Ingredients:<\/strong>\u00a0Valerian, chamomile, linden, passionflower, tulsi and tumbabaquero<\/p>\n<p>\u2714\ufe0f<strong>Energy: <\/strong>For depression, focus and cognition, mental clarity, blood pressure regulator, improves energy levels. 50 ml<\/p>\n<p><strong>Ingredients:<\/strong>\u00a0Ashwagandha (adaptogen for blood pressure and adrenals), Ginseng, Ginko Biloba and Pericon or St. John&#039;s Wort<\/p>\n<p>&nbsp;<\/p>\n<p><strong>With your purchase you get as a gift:\u00a0<\/strong><\/p>\n<p>Self-managed Detox. With all the instructions to carry out a physical, mental and emotional detox process from the comfort of your home.<\/p>\n<p>If you have any questions you can contact us on WhatsApp<\/p>\n<p><span style=\"font-weight: 400;\">Contact WhatsApp: +52 55 1620 7310<\/span><\/p>\n<p><a href=\"https:\/\/tinyurl.com\/ContactoAlquimiaRegenerativa\"><span style=\"font-weight: 400;\">https:\/\/tinyurl.com\/ContactoAlquimiaRegenerativa<\/span><\/a><\/p>","protected":false},"featured_media":7726,"comment_status":"open","ping_status":"closed","template":"","meta":{"site-sidebar-layout":"default","site-content-layout":"","ast-site-content-layout":"default","site-content-style":"default","site-sidebar-style":"default","ast-global-header-display":"","ast-banner-title-visibility":"","ast-main-header-display":"","ast-hfb-above-header-display":"","ast-hfb-below-header-display":"","ast-hfb-mobile-header-display":"","site-post-title":"","ast-breadcrumbs-content":"","ast-featured-img":"","footer-sml-layout":"","ast-disable-related-posts":"","theme-transparent-header-meta":"default","adv-header-id-meta":"","stick-header-meta":"","header-above-stick-meta":"","header-main-stick-meta":"","header-below-stick-meta":"","astra-migrate-meta-layouts":"set","ast-page-background-enabled":"default","ast-page-background-meta":{"desktop":{"background-color":"var(--ast-global-color-4)","background-image":"","background-repeat":"repeat","background-position":"center center","background-size":"auto","background-attachment":"scroll","background-type":"","background-media":"","overlay-type":"","overlay-color":"","overlay-opacity":"","overlay-gradient":""},"tablet":{"background-color":"","background-image":"","background-repeat":"repeat","background-position":"center center","background-size":"auto","background-attachment":"scroll","background-type":"","background-media":"","overlay-type":"","overlay-color":"","overlay-opacity":"","overlay-gradient":""},"mobile":{"background-color":"","background-image":"","background-repeat":"repeat","background-position":"center center","background-size":"auto","background-attachment":"scroll","background-type":"","background-media":"","overlay-type":"","overlay-color":"","overlay-opacity":"","overlay-gradient":""}},"ast-content-background-meta":{"desktop":{"background-color":"var(--ast-global-color-5)","background-image":"","background-repeat":"repeat","background-position":"center center","background-size":"auto","background-attachment":"scroll","background-type":"","background-media":"","overlay-type":"","overlay-color":"","overlay-opacity":"","overlay-gradient":""},"tablet":{"background-color":"var(--ast-global-color-5)","background-image":"","background-repeat":"repeat","background-position":"center center","background-size":"auto","background-attachment":"scroll","background-type":"","background-media":"","overlay-type":"","overlay-color":"","overlay-opacity":"","overlay-gradient":""},"mobile":{"background-color":"var(--ast-global-color-5)","background-image":"","background-repeat":"repeat","background-position":"center center","background-size":"auto","background-attachment":"scroll","background-type":"","background-media":"","overlay-type":"","overlay-color":"","overlay-opacity":"","overlay-gradient":""}},"_joinchat":[]},"product_brand":[],"product_cat":[22],"product_tag":[],"class_list":{"0":"post-173","1":"product","2":"type-product","3":"status-publish","4":"has-post-thumbnail","6":"product_cat-herboolaria","7":"desktop-align-center","8":"tablet-align-center","9":"mobile-align-center","11":"first","12":"instock","13":"downloadable","14":"taxable","15":"shipping-taxable","16":"purchasable","17":"product-type-simple"},"yoast_head":"<!-- This site is optimized with the Yoast SEO Premium plugin v23.4 (Yoast SEO v27.4) - https:\/\/yoast.com\/product\/yoast-seo-premium-wordpress\/ -->\n<title>Kit Detox Premium - Alquimia Regenerativa<\/title>\n<meta name=\"robots\" content=\"index, follow, max-snippet:-1, max-image-preview:large, max-video-preview:-1\" \/>\n<link rel=\"canonical\" href=\"https:\/\/alquimiaregenerativa.com\/en\/tienda\/kit-detox-premium\/\" \/>\n<meta property=\"og:locale\" content=\"en_US\" \/>\n<meta property=\"og:type\" content=\"article\" \/>\n<meta property=\"og:title\" content=\"Kit Detox Premium\" \/>\n<meta property=\"og:description\" content=\"Valor: $3631 Pesos Mexicanos  INCLUYE:\u00a0  \u2714\ufe0fTe Cura todo: Como su nombre lo dice es un mix de hierbas para alcalinizar, detoxificar y regenerar el cuerpo. Fortalece y regenera el sistema digestivo cuando es bebido a diario. Tambi\u00e9n se usa en enemas (repara intestinos da\u00f1anos, permeable o inflamado). En duchas vaginales ayuda a alcalinizar el \u00fatero y ce cicatrizaci\u00f3n, cuando hay quistes, endometriosis, fibromas, miomas o sangrado excesivo. Rinde 50 dosis  Ingredientes:\u00a0Corteza de roble blanco, llant\u00e9n o pl\u00e1ntago, ra\u00edz y hojas de consuelda, c\u00e1scara de nogal negro, hierba de chaparral, ra\u00edz de bardana, ra\u00edz de malvavisco.  \u2714\ufe0fEscoba Intestinal: Mix de psyllium, carb\u00f3n activado y arcilla, sirve para limpiar los intestinos por dentro, aglomera toxinas para ser sacadas de manera segura (metales pesados, \u00e1cidos, desechos metab\u00f3licos) 100 gr  \u2714\ufe0fPar\u00e1sitos: Equivalente al Parasite M y G (Tinturas Dr Morse), espec\u00edfico para la c\u00e1ndida, peque\u00f1os par\u00e1sitos, candiasis, hongos (cuerpo y u\u00f1as) y bacterias nocivas. Tambi\u00e9n sirve para par\u00e1sitos de mayor tama\u00f1o (lombrices). Sirve para infecciones y como antibi\u00f3tico natural. 50 ml  Ingredientes: Artemisa\/Ajenjo, Pau Darco\/Lapacho, Clavo de Olor, Espazote Zorrillo, Huatacay\/Suico  \u2714\ufe0fRi\u00f1ones: Potente abre canal de eliminaci\u00f3n. Ayuda a aumentar la filtraci\u00f3n de los ri\u00f1ones y v\u00edas urinarias. Tambi\u00e9n cuando hay infecciones urinarias. 50 ml  Ingredientes:\u00a0Cola de caballo, perejil, uva ursi, pelo de maiz, bayas de enebro y rosa de jerico  \u2714\ufe0fP\u00e1ncreas y Digestivo: Sirve para el gas\/aire, ayuda con las flatulencias y eructos, bajar la fermentaci\u00f3n de los alimentos, evita la candiasis. Fortalece el p\u00e1ncreas para mejorar las digestiones, indigesti\u00f3n, acidez, agruras (ardor de est\u00f3mago), helicobacter Pylori. 50 ml  Ingredientes:\u00a0Diente de Le\u00f3n, Manzanilla, An\u00eds e Hinojo  \u2714\ufe0fTintura Circulaci\u00f3n de la Sangre y Linfa: Ayuda a regular la temperatura del cuerpo, a \u201csacar el fr\u00edo\u201d, mejor al circulaci\u00f3n de la sangre y ayuda a mover la linfa. 50 ml  Ingredientes:\u00a0Ajo, Pimienta Cayena, Canela, Zarzaparrilla, Muicle y Gengibre  \u2714\ufe0fH\u00edgado y Ves\u00edcula:\u00a0Ayuda a depurarar el h\u00edgado y la ves\u00edcula, tambi\u00e9n si hay h\u00edgado graso, c\u00f3licos hep\u00e1ticos. Sirve para preparar al cuerpo antes de la limpieza hep\u00e1tica con aceite y pomelo. (Pregunta a tu coach si calificas para el protocolo). Mejora el aspecto de la piel, manchas, melasma. A nivel emocional ayuda a liberar los enojos. 50 ml  Ingredientes:\u00a0Alcachofa, Cardo Mariano, Diente de Le\u00f3n, Bardana, Prodigiosa, Aceda de Culebra.  \u2714\ufe0fRelax:\u00a0Mix de hierbas ansioliticas, para bajar el estr\u00e9s, la ansiedad, nerviosismo. 50 ml  Ingredientes:\u00a0Valeriana, manzanilla, tilo, pasiflora, tulsi y tumbabaquero  \u2714\ufe0fEnergy: Para la depresi\u00f3n, enfoque y cognici\u00f3n, claridad mental, regulador de la presi\u00f3n arterial, mejora los niveles de energ\u00eda. 50 ml  Ingredientes:\u00a0Ashwagandha (adaptogeno para la presi\u00f3n y suprarrenales), Ginseng, Ginko Biloba y Pericon o Hierba de San Juan  &nbsp;  Con la compra te llev\u00e1s de regalo:\u00a0  Detox Autogestivo. Con todas las indicaciones para hacer un proceso detox f\u00edsico, mental y emocional desde la comodidad de tu casa.  Si tienes alguna duda puedes contactarnos al whatsapp  Contacto whatsapp: +52 55 1620 7310  https:\/\/tinyurl.com\/ContactoAlquimiaRegenerativa\" \/>\n<meta property=\"og:url\" content=\"https:\/\/alquimiaregenerativa.com\/en\/tienda\/kit-detox-premium\/\" \/>\n<meta property=\"og:site_name\" content=\"Alquimia Regenerativa\" \/>\n<meta property=\"article:modified_time\" content=\"2026-01-02T17:41:56+00:00\" \/>\n<meta property=\"og:image\" content=\"https:\/\/alquimiaregenerativa.com\/wp-content\/uploads\/2024\/06\/preddd.png\" \/>\n\t<meta property=\"og:image:width\" content=\"1024\" \/>\n\t<meta property=\"og:image:height\" content=\"1024\" \/>\n\t<meta property=\"og:image:type\" content=\"image\/png\" \/>\n<meta name=\"twitter:card\" content=\"summary_large_image\" \/>\n<meta name=\"twitter:label1\" content=\"Price\" \/>\n\t<meta name=\"twitter:data1\" content=\"MXN $&nbsp;3,631.00\" \/>\n\t<meta name=\"twitter:label2\" content=\"Availability\" \/>\n\t<meta name=\"twitter:data2\" content=\"In stock\" \/>\n<script type=\"application\/ld+json\" class=\"yoast-schema-graph\">{\"@context\":\"https:\\\/\\\/schema.org\",\"@graph\":[{\"@type\":\"WebPage\",\"@id\":\"https:\\\/\\\/alquimiaregenerativa.com\\\/tienda\\\/kit-detox-premium\\\/\",\"url\":\"https:\\\/\\\/alquimiaregenerativa.com\\\/tienda\\\/kit-detox-premium\\\/\",\"name\":\"Kit Detox Premium - Alquimia Regenerativa\",\"isPartOf\":{\"@id\":\"https:\\\/\\\/alquimiaregenerativa.com\\\/#website\"},\"primaryImageOfPage\":{\"@id\":\"https:\\\/\\\/alquimiaregenerativa.com\\\/tienda\\\/kit-detox-premium\\\/#primaryimage\"},\"image\":{\"@id\":\"https:\\\/\\\/alquimiaregenerativa.com\\\/tienda\\\/kit-detox-premium\\\/#primaryimage\"},\"thumbnailUrl\":\"https:\\\/\\\/alquimiaregenerativa.com\\\/wp-content\\\/uploads\\\/2024\\\/06\\\/preddd.png\",\"datePublished\":\"2024-06-13T17:01:28+00:00\",\"dateModified\":\"2026-01-02T17:41:56+00:00\",\"breadcrumb\":{\"@id\":\"https:\\\/\\\/alquimiaregenerativa.com\\\/tienda\\\/kit-detox-premium\\\/#breadcrumb\"},\"inLanguage\":\"en-US\",\"potentialAction\":[{\"@type\":\"ReadAction\",\"target\":[\"https:\\\/\\\/alquimiaregenerativa.com\\\/tienda\\\/kit-detox-premium\\\/\"]}]},{\"@type\":\"ImageObject\",\"inLanguage\":\"en-US\",\"@id\":\"https:\\\/\\\/alquimiaregenerativa.com\\\/tienda\\\/kit-detox-premium\\\/#primaryimage\",\"url\":\"https:\\\/\\\/alquimiaregenerativa.com\\\/wp-content\\\/uploads\\\/2024\\\/06\\\/preddd.png\",\"contentUrl\":\"https:\\\/\\\/alquimiaregenerativa.com\\\/wp-content\\\/uploads\\\/2024\\\/06\\\/preddd.png\",\"width\":1024,\"height\":1024},{\"@type\":\"BreadcrumbList\",\"@id\":\"https:\\\/\\\/alquimiaregenerativa.com\\\/tienda\\\/kit-detox-premium\\\/#breadcrumb\",\"itemListElement\":[{\"@type\":\"ListItem\",\"position\":1,\"name\":\"Portada\",\"item\":\"https:\\\/\\\/alquimiaregenerativa.com\\\/\"},{\"@type\":\"ListItem\",\"position\":2,\"name\":\"Tienda\",\"item\":\"https:\\\/\\\/alquimiaregenerativa.com\\\/tienda\\\/\"},{\"@type\":\"ListItem\",\"position\":3,\"name\":\"Kit Detox Premium\"}]},{\"@type\":\"WebSite\",\"@id\":\"https:\\\/\\\/alquimiaregenerativa.com\\\/#website\",\"url\":\"https:\\\/\\\/alquimiaregenerativa.com\\\/\",\"name\":\"Alquimia Regenerativa\",\"description\":\"Comienza tu proceso de tranformaci\u00f3n\",\"potentialAction\":[{\"@type\":\"SearchAction\",\"target\":{\"@type\":\"EntryPoint\",\"urlTemplate\":\"https:\\\/\\\/alquimiaregenerativa.com\\\/?s={search_term_string}\"},\"query-input\":{\"@type\":\"PropertyValueSpecification\",\"valueRequired\":true,\"valueName\":\"search_term_string\"}}],\"inLanguage\":\"en-US\"}]}<\/script>\n<meta property=\"product:price:amount\" content=\"3631.00\" \/>\n<meta property=\"product:price:currency\" content=\"MXN\" \/>\n<meta property=\"og:availability\" content=\"instock\" \/>\n<meta property=\"product:availability\" content=\"instock\" \/>\n<meta property=\"product:condition\" content=\"new\" \/>\n<!-- \/ Yoast SEO Premium plugin. -->","yoast_head_json":{"title":"Premium Detox Kit - Regenerative Alchemy","robots":{"index":"index","follow":"follow","max-snippet":"max-snippet:-1","max-image-preview":"max-image-preview:large","max-video-preview":"max-video-preview:-1"},"canonical":"https:\/\/alquimiaregenerativa.com\/en\/tienda\/kit-detox-premium\/","og_locale":"en_US","og_type":"article","og_title":"Kit Detox Premium","og_description":"Valor: $3631 Pesos Mexicanos  INCLUYE:\u00a0  \u2714\ufe0fTe Cura todo: Como su nombre lo dice es un mix de hierbas para alcalinizar, detoxificar y regenerar el cuerpo. Fortalece y regenera el sistema digestivo cuando es bebido a diario. Tambi\u00e9n se usa en enemas (repara intestinos da\u00f1anos, permeable o inflamado). En duchas vaginales ayuda a alcalinizar el \u00fatero y ce cicatrizaci\u00f3n, cuando hay quistes, endometriosis, fibromas, miomas o sangrado excesivo. Rinde 50 dosis  Ingredientes:\u00a0Corteza de roble blanco, llant\u00e9n o pl\u00e1ntago, ra\u00edz y hojas de consuelda, c\u00e1scara de nogal negro, hierba de chaparral, ra\u00edz de bardana, ra\u00edz de malvavisco.  \u2714\ufe0fEscoba Intestinal: Mix de psyllium, carb\u00f3n activado y arcilla, sirve para limpiar los intestinos por dentro, aglomera toxinas para ser sacadas de manera segura (metales pesados, \u00e1cidos, desechos metab\u00f3licos) 100 gr  \u2714\ufe0fPar\u00e1sitos: Equivalente al Parasite M y G (Tinturas Dr Morse), espec\u00edfico para la c\u00e1ndida, peque\u00f1os par\u00e1sitos, candiasis, hongos (cuerpo y u\u00f1as) y bacterias nocivas. Tambi\u00e9n sirve para par\u00e1sitos de mayor tama\u00f1o (lombrices). Sirve para infecciones y como antibi\u00f3tico natural. 50 ml  Ingredientes: Artemisa\/Ajenjo, Pau Darco\/Lapacho, Clavo de Olor, Espazote Zorrillo, Huatacay\/Suico  \u2714\ufe0fRi\u00f1ones: Potente abre canal de eliminaci\u00f3n. Ayuda a aumentar la filtraci\u00f3n de los ri\u00f1ones y v\u00edas urinarias. Tambi\u00e9n cuando hay infecciones urinarias. 50 ml  Ingredientes:\u00a0Cola de caballo, perejil, uva ursi, pelo de maiz, bayas de enebro y rosa de jerico  \u2714\ufe0fP\u00e1ncreas y Digestivo: Sirve para el gas\/aire, ayuda con las flatulencias y eructos, bajar la fermentaci\u00f3n de los alimentos, evita la candiasis. Fortalece el p\u00e1ncreas para mejorar las digestiones, indigesti\u00f3n, acidez, agruras (ardor de est\u00f3mago), helicobacter Pylori. 50 ml  Ingredientes:\u00a0Diente de Le\u00f3n, Manzanilla, An\u00eds e Hinojo  \u2714\ufe0fTintura Circulaci\u00f3n de la Sangre y Linfa: Ayuda a regular la temperatura del cuerpo, a \u201csacar el fr\u00edo\u201d, mejor al circulaci\u00f3n de la sangre y ayuda a mover la linfa. 50 ml  Ingredientes:\u00a0Ajo, Pimienta Cayena, Canela, Zarzaparrilla, Muicle y Gengibre  \u2714\ufe0fH\u00edgado y Ves\u00edcula:\u00a0Ayuda a depurarar el h\u00edgado y la ves\u00edcula, tambi\u00e9n si hay h\u00edgado graso, c\u00f3licos hep\u00e1ticos. Sirve para preparar al cuerpo antes de la limpieza hep\u00e1tica con aceite y pomelo. (Pregunta a tu coach si calificas para el protocolo). Mejora el aspecto de la piel, manchas, melasma. A nivel emocional ayuda a liberar los enojos. 50 ml  Ingredientes:\u00a0Alcachofa, Cardo Mariano, Diente de Le\u00f3n, Bardana, Prodigiosa, Aceda de Culebra.  \u2714\ufe0fRelax:\u00a0Mix de hierbas ansioliticas, para bajar el estr\u00e9s, la ansiedad, nerviosismo. 50 ml  Ingredientes:\u00a0Valeriana, manzanilla, tilo, pasiflora, tulsi y tumbabaquero  \u2714\ufe0fEnergy: Para la depresi\u00f3n, enfoque y cognici\u00f3n, claridad mental, regulador de la presi\u00f3n arterial, mejora los niveles de energ\u00eda. 50 ml  Ingredientes:\u00a0Ashwagandha (adaptogeno para la presi\u00f3n y suprarrenales), Ginseng, Ginko Biloba y Pericon o Hierba de San Juan  &nbsp;  Con la compra te llev\u00e1s de regalo:\u00a0  Detox Autogestivo. Con todas las indicaciones para hacer un proceso detox f\u00edsico, mental y emocional desde la comodidad de tu casa.  Si tienes alguna duda puedes contactarnos al whatsapp  Contacto whatsapp: +52 55 1620 7310  https:\/\/tinyurl.com\/ContactoAlquimiaRegenerativa","og_url":"https:\/\/alquimiaregenerativa.com\/en\/tienda\/kit-detox-premium\/","og_site_name":"Alquimia Regenerativa","article_modified_time":"2026-01-02T17:41:56+00:00","og_image":[{"width":1024,"height":1024,"url":"https:\/\/alquimiaregenerativa.com\/wp-content\/uploads\/2024\/06\/preddd.png","type":"image\/png"}],"twitter_card":"summary_large_image","twitter_misc":{"Price":"MXN $&nbsp;3,631.00","Availability":"In stock"},"schema":{"@context":"https:\/\/schema.org","@graph":[{"@type":"WebPage","@id":"https:\/\/alquimiaregenerativa.com\/tienda\/kit-detox-premium\/","url":"https:\/\/alquimiaregenerativa.com\/tienda\/kit-detox-premium\/","name":"Premium Detox Kit - Regenerative Alchemy","isPartOf":{"@id":"https:\/\/alquimiaregenerativa.com\/#website"},"primaryImageOfPage":{"@id":"https:\/\/alquimiaregenerativa.com\/tienda\/kit-detox-premium\/#primaryimage"},"image":{"@id":"https:\/\/alquimiaregenerativa.com\/tienda\/kit-detox-premium\/#primaryimage"},"thumbnailUrl":"https:\/\/alquimiaregenerativa.com\/wp-content\/uploads\/2024\/06\/preddd.png","datePublished":"2024-06-13T17:01:28+00:00","dateModified":"2026-01-02T17:41:56+00:00","breadcrumb":{"@id":"https:\/\/alquimiaregenerativa.com\/tienda\/kit-detox-premium\/#breadcrumb"},"inLanguage":"en-US","potentialAction":[{"@type":"ReadAction","target":["https:\/\/alquimiaregenerativa.com\/tienda\/kit-detox-premium\/"]}]},{"@type":"ImageObject","inLanguage":"en-US","@id":"https:\/\/alquimiaregenerativa.com\/tienda\/kit-detox-premium\/#primaryimage","url":"https:\/\/alquimiaregenerativa.com\/wp-content\/uploads\/2024\/06\/preddd.png","contentUrl":"https:\/\/alquimiaregenerativa.com\/wp-content\/uploads\/2024\/06\/preddd.png","width":1024,"height":1024},{"@type":"BreadcrumbList","@id":"https:\/\/alquimiaregenerativa.com\/tienda\/kit-detox-premium\/#breadcrumb","itemListElement":[{"@type":"ListItem","position":1,"name":"Portada","item":"https:\/\/alquimiaregenerativa.com\/"},{"@type":"ListItem","position":2,"name":"Tienda","item":"https:\/\/alquimiaregenerativa.com\/tienda\/"},{"@type":"ListItem","position":3,"name":"Kit Detox Premium"}]},{"@type":"WebSite","@id":"https:\/\/alquimiaregenerativa.com\/#website","url":"https:\/\/alquimiaregenerativa.com\/","name":"Regenerative Alchemy","description":"Start your transformation process","potentialAction":[{"@type":"SearchAction","target":{"@type":"EntryPoint","urlTemplate":"https:\/\/alquimiaregenerativa.com\/?s={search_term_string}"},"query-input":{"@type":"PropertyValueSpecification","valueRequired":true,"valueName":"search_term_string"}}],"inLanguage":"en-US"}]},"product_price_amount":"3631.00","product_price_currency":"MXN","og_availability":"instock","product_availability":"instock","product_condition":"new"},"jetpack_sharing_enabled":true,"_links":{"self":[{"href":"https:\/\/alquimiaregenerativa.com\/en\/wp-json\/wp\/v2\/product\/173","targetHints":{"allow":["GET"]}}],"collection":[{"href":"https:\/\/alquimiaregenerativa.com\/en\/wp-json\/wp\/v2\/product"}],"about":[{"href":"https:\/\/alquimiaregenerativa.com\/en\/wp-json\/wp\/v2\/types\/product"}],"replies":[{"embeddable":true,"href":"https:\/\/alquimiaregenerativa.com\/en\/wp-json\/wp\/v2\/comments?post=173"}],"wp:featuredmedia":[{"embeddable":true,"href":"https:\/\/alquimiaregenerativa.com\/en\/wp-json\/wp\/v2\/media\/7726"}],"wp:attachment":[{"href":"https:\/\/alquimiaregenerativa.com\/en\/wp-json\/wp\/v2\/media?parent=173"}],"wp:term":[{"taxonomy":"product_brand","embeddable":true,"href":"https:\/\/alquimiaregenerativa.com\/en\/wp-json\/wp\/v2\/product_brand?post=173"},{"taxonomy":"product_cat","embeddable":true,"href":"https:\/\/alquimiaregenerativa.com\/en\/wp-json\/wp\/v2\/product_cat?post=173"},{"taxonomy":"product_tag","embeddable":true,"href":"https:\/\/alquimiaregenerativa.com\/en\/wp-json\/wp\/v2\/product_tag?post=173"}],"curies":[{"name":"wp","href":"https:\/\/api.w.org\/{rel}","templated":true}]}}