{"id":174,"date":"2024-06-13T19:01:28","date_gmt":"2024-06-13T17:01:28","guid":{"rendered":"https:\/\/alquimiaregenerativa.com\/?post_type=product&#038;p=174"},"modified":"2026-01-02T18:45:28","modified_gmt":"2026-01-02T17:45:28","slug":"kit-primeros-auxilios","status":"publish","type":"product","link":"https:\/\/alquimiaregenerativa.com\/en\/tienda\/kit-primeros-auxilios\/","title":{"rendered":"First Aid Kit"},"content":{"rendered":"","protected":false},"excerpt":{"rendered":"<p><strong>Worth:<\/strong> $<span data-sheets-root=\"1\">1874 <\/span>Mexican Pesos<\/p>\n<p><strong>INCLUDES:\u00a0<\/strong><\/p>\n<p>\u2714\ufe0f<strong>Heals everything:<\/strong> As its name suggests, it is a mix of herbs to alkalize, detoxify and regenerate the body. It strengthens and regenerates the digestive system when drunk daily. It is also used in enemas (repairs damaged, permeable or inflamed intestines). In vaginal douches it helps to alkalize the uterus and heal when there are cysts, endometriosis, fibroids, myomas or excessive bleeding. Makes 50 doses.<\/p>\n<p><strong>Ingredients:<\/strong>\u00a0White oak bark, plantain, comfrey root and leaves, black walnut hull, chaparral herb, burdock root, marshmallow root.<\/p>\n<p>\u2714\ufe0f<strong>Tincture <\/strong><strong>Relax:\u00a0<\/strong>Mix of anxiolytic herbs, to reduce stress, anxiety, nervousness. 50 ml<\/p>\n<p><strong>Ingredients:<\/strong>\u00a0Valerian, chamomile, linden, passionflower, tulsi and tumbabaquero<\/p>\n<p>\u2714\ufe0f<strong>Tincture <\/strong><strong>Pancreas and Digestive:<\/strong> It is used for gas\/air, helps with flatulence and belching, reduces food fermentation, prevents candidiasis. Strengthens the pancreas to improve digestion, indigestion, acidity, heartburn, helicobacter Pylori. 50 ml<\/p>\n<p><strong>Ingredients:<\/strong>\u00a0Dandelion, Chamomile, Anise and Fennel<\/p>\n<p>\u2714\ufe0f<strong>Tincture <\/strong><strong>Relief:\u00a0<\/strong>Helps reduce pain and inflammation. For headaches, muscle pain and joint pain. 50 ml<\/p>\n<p><strong>Ingredients:<\/strong>\u00a0Turmeric and Arnica<\/p>\n<p>\u2714\ufe0f<strong>Tincture Resistance (Respiratory Tract and Body Infections):<\/strong>\u00a0Viral processes, flu and severe colds. Activates the body&#039;s natural resistance, helps reduce inflammation in the body and pain organs, helps blood and lymph circulation, raises the immune system and fights viral, bacterial and fungal infections. Assists in oxygenating the blood.<\/p>\n<p><strong>Ingredients:\u00a0<\/strong>Dandelion, Mugwort\/Wormwood, Sarsaparilla, Turmeric, Nettle<\/p>\n<p><strong>With your purchase you get as a gift:\u00a0<\/strong><\/p>\n<p>Workshop and PDF Healing Crises and How to Manage Them<\/p>\n<p>If you have any questions you can contact us on WhatsApp<\/p>\n<p><span style=\"font-weight: 400;\">Contact WhatsApp: +52 55 1620 7310<\/span><\/p>\n<p><a href=\"https:\/\/tinyurl.com\/ContactoAlquimiaRegenerativa\"><span style=\"font-weight: 400;\">https:\/\/tinyurl.com\/ContactoAlquimiaRegenerativa<\/span><\/a><\/p>","protected":false},"featured_media":7727,"comment_status":"open","ping_status":"closed","template":"","meta":{"site-sidebar-layout":"default","site-content-layout":"","ast-site-content-layout":"default","site-content-style":"default","site-sidebar-style":"default","ast-global-header-display":"","ast-banner-title-visibility":"","ast-main-header-display":"","ast-hfb-above-header-display":"","ast-hfb-below-header-display":"","ast-hfb-mobile-header-display":"","site-post-title":"","ast-breadcrumbs-content":"","ast-featured-img":"","footer-sml-layout":"","ast-disable-related-posts":"","theme-transparent-header-meta":"default","adv-header-id-meta":"","stick-header-meta":"","header-above-stick-meta":"","header-main-stick-meta":"","header-below-stick-meta":"","astra-migrate-meta-layouts":"set","ast-page-background-enabled":"default","ast-page-background-meta":{"desktop":{"background-color":"var(--ast-global-color-4)","background-image":"","background-repeat":"repeat","background-position":"center center","background-size":"auto","background-attachment":"scroll","background-type":"","background-media":"","overlay-type":"","overlay-color":"","overlay-opacity":"","overlay-gradient":""},"tablet":{"background-color":"","background-image":"","background-repeat":"repeat","background-position":"center center","background-size":"auto","background-attachment":"scroll","background-type":"","background-media":"","overlay-type":"","overlay-color":"","overlay-opacity":"","overlay-gradient":""},"mobile":{"background-color":"","background-image":"","background-repeat":"repeat","background-position":"center center","background-size":"auto","background-attachment":"scroll","background-type":"","background-media":"","overlay-type":"","overlay-color":"","overlay-opacity":"","overlay-gradient":""}},"ast-content-background-meta":{"desktop":{"background-color":"var(--ast-global-color-5)","background-image":"","background-repeat":"repeat","background-position":"center center","background-size":"auto","background-attachment":"scroll","background-type":"","background-media":"","overlay-type":"","overlay-color":"","overlay-opacity":"","overlay-gradient":""},"tablet":{"background-color":"var(--ast-global-color-5)","background-image":"","background-repeat":"repeat","background-position":"center center","background-size":"auto","background-attachment":"scroll","background-type":"","background-media":"","overlay-type":"","overlay-color":"","overlay-opacity":"","overlay-gradient":""},"mobile":{"background-color":"var(--ast-global-color-5)","background-image":"","background-repeat":"repeat","background-position":"center center","background-size":"auto","background-attachment":"scroll","background-type":"","background-media":"","overlay-type":"","overlay-color":"","overlay-opacity":"","overlay-gradient":""}},"_joinchat":[]},"product_brand":[],"product_cat":[22],"product_tag":[],"class_list":{"0":"post-174","1":"product","2":"type-product","3":"status-publish","4":"has-post-thumbnail","6":"product_cat-herboolaria","7":"desktop-align-center","8":"tablet-align-center","9":"mobile-align-center","11":"first","12":"instock","13":"downloadable","14":"taxable","15":"shipping-taxable","16":"purchasable","17":"product-type-simple"},"yoast_head":"<!-- This site is optimized with the Yoast SEO Premium plugin v23.4 (Yoast SEO v27.4) - https:\/\/yoast.com\/product\/yoast-seo-premium-wordpress\/ -->\n<title>Kit Primeros Auxilios - Alquimia Regenerativa<\/title>\n<meta name=\"robots\" content=\"index, follow, max-snippet:-1, max-image-preview:large, max-video-preview:-1\" \/>\n<link rel=\"canonical\" href=\"https:\/\/alquimiaregenerativa.com\/en\/tienda\/kit-primeros-auxilios\/\" \/>\n<meta property=\"og:locale\" content=\"en_US\" \/>\n<meta property=\"og:type\" content=\"article\" \/>\n<meta property=\"og:title\" content=\"Kit Primeros Auxilios\" \/>\n<meta property=\"og:description\" content=\"Valor: $1874 Pesos Mexicanos  INCLUYE:\u00a0  \u2714\ufe0fTe Cura todo: Como su nombre lo dice es un mix de hierbas para alcalinizar, detoxificar y regenerar el cuerpo. Fortalece y regenera el sistema digestivo cuando es bebido a diario. Tambi\u00e9n se usa en enemas (repara intestinos da\u00f1anos, permeable o inflamado). En duchas vaginales ayuda a alcalinizar el \u00fatero y ce cicatrizaci\u00f3n, cuando hay quistes, endometriosis, fibromas, miomas o sangrado excesivo. Rinde 50 dosis  Ingredientes:\u00a0Corteza de roble blanco, llant\u00e9n o pl\u00e1ntago, ra\u00edz y hojas de consuelda, c\u00e1scara de nogal negro, hierba de chaparral, ra\u00edz de bardana, ra\u00edz de malvavisco.  \u2714\ufe0fTintura Relax:\u00a0Mix de hierbas ansioliticas, para bajar el estr\u00e9s, la ansiedad, nerviosismo. 50 ml  Ingredientes:\u00a0Valeriana, manzanilla, tilo, pasiflora, tulsi y tumbabaquero  \u2714\ufe0fTintura P\u00e1ncreas y Digestivo: Sirve para el gas\/aire, ayuda con las flatulencias y eructos, bajar la fermentaci\u00f3n de los alimentos, evita la candiasis. Fortalece el p\u00e1ncreas para mejorar las digestiones, indigesti\u00f3n, acidez, agruras (ardor de est\u00f3mago), helicobacter Pylori. 50 ml  Ingredientes:\u00a0Diente de Le\u00f3n, Manzanilla, An\u00eds e Hinojo  \u2714\ufe0fTintura Alivio:\u00a0Ayuda a bajar el dolor y la inflamaci\u00f3n. Para dolores de cabeza, musculares y articulaciones. 50 ml  Ingredientes:\u00a0C\u00farcuma y \u00c1rnica  \u2714\ufe0fTintura Resistencia (Infecciones V\u00edas Respiratorias y cuerpo):\u00a0Procesos virales, gripes y resfr\u00edos fuertes. Activa la Resistencia natural del cuerpo, ayuda a desinflamar el cuerpo y org\u00e1nos de dolor, ayuda a la circulaci\u00f3n de la sangre y linfa, levante el sist inmune y combate las infecciones virales, bacterianas y f\u00fangicas. Asiste en al oxigenaci\u00f3n de la sangre.  Ingredientes:\u00a0Diente de Le\u00f3n, Artemisa\/Ajenjo, Zarzaparrilla, C\u00farcuma, Ortiga  Con la compra te llev\u00e1s de regalo:\u00a0  Taller y Pdf Crisis Curativas y C\u00f3mo Gestionarlas  Si tienes alguna duda puedes contactarnos al whatsapp  Contacto whatsapp: +52 55 1620 7310  https:\/\/tinyurl.com\/ContactoAlquimiaRegenerativa\" \/>\n<meta property=\"og:url\" content=\"https:\/\/alquimiaregenerativa.com\/en\/tienda\/kit-primeros-auxilios\/\" \/>\n<meta property=\"og:site_name\" content=\"Alquimia Regenerativa\" \/>\n<meta property=\"article:modified_time\" content=\"2026-01-02T17:45:28+00:00\" \/>\n<meta property=\"og:image\" content=\"https:\/\/alquimiaregenerativa.com\/wp-content\/uploads\/2024\/06\/ul.png\" \/>\n\t<meta property=\"og:image:width\" content=\"1024\" \/>\n\t<meta property=\"og:image:height\" content=\"1024\" \/>\n\t<meta property=\"og:image:type\" content=\"image\/png\" \/>\n<meta name=\"twitter:card\" content=\"summary_large_image\" \/>\n<meta name=\"twitter:label1\" content=\"Price\" \/>\n\t<meta name=\"twitter:data1\" content=\"MXN $&nbsp;1,874.00\" \/>\n\t<meta name=\"twitter:label2\" content=\"Availability\" \/>\n\t<meta name=\"twitter:data2\" content=\"In stock\" \/>\n<script type=\"application\/ld+json\" class=\"yoast-schema-graph\">{\"@context\":\"https:\\\/\\\/schema.org\",\"@graph\":[{\"@type\":\"WebPage\",\"@id\":\"https:\\\/\\\/alquimiaregenerativa.com\\\/tienda\\\/kit-primeros-auxilios\\\/\",\"url\":\"https:\\\/\\\/alquimiaregenerativa.com\\\/tienda\\\/kit-primeros-auxilios\\\/\",\"name\":\"Kit Primeros Auxilios - Alquimia Regenerativa\",\"isPartOf\":{\"@id\":\"https:\\\/\\\/alquimiaregenerativa.com\\\/#website\"},\"primaryImageOfPage\":{\"@id\":\"https:\\\/\\\/alquimiaregenerativa.com\\\/tienda\\\/kit-primeros-auxilios\\\/#primaryimage\"},\"image\":{\"@id\":\"https:\\\/\\\/alquimiaregenerativa.com\\\/tienda\\\/kit-primeros-auxilios\\\/#primaryimage\"},\"thumbnailUrl\":\"https:\\\/\\\/alquimiaregenerativa.com\\\/wp-content\\\/uploads\\\/2024\\\/06\\\/ul.png\",\"datePublished\":\"2024-06-13T17:01:28+00:00\",\"dateModified\":\"2026-01-02T17:45:28+00:00\",\"breadcrumb\":{\"@id\":\"https:\\\/\\\/alquimiaregenerativa.com\\\/tienda\\\/kit-primeros-auxilios\\\/#breadcrumb\"},\"inLanguage\":\"en-US\",\"potentialAction\":[{\"@type\":\"ReadAction\",\"target\":[\"https:\\\/\\\/alquimiaregenerativa.com\\\/tienda\\\/kit-primeros-auxilios\\\/\"]}]},{\"@type\":\"ImageObject\",\"inLanguage\":\"en-US\",\"@id\":\"https:\\\/\\\/alquimiaregenerativa.com\\\/tienda\\\/kit-primeros-auxilios\\\/#primaryimage\",\"url\":\"https:\\\/\\\/alquimiaregenerativa.com\\\/wp-content\\\/uploads\\\/2024\\\/06\\\/ul.png\",\"contentUrl\":\"https:\\\/\\\/alquimiaregenerativa.com\\\/wp-content\\\/uploads\\\/2024\\\/06\\\/ul.png\",\"width\":1024,\"height\":1024},{\"@type\":\"BreadcrumbList\",\"@id\":\"https:\\\/\\\/alquimiaregenerativa.com\\\/tienda\\\/kit-primeros-auxilios\\\/#breadcrumb\",\"itemListElement\":[{\"@type\":\"ListItem\",\"position\":1,\"name\":\"Portada\",\"item\":\"https:\\\/\\\/alquimiaregenerativa.com\\\/\"},{\"@type\":\"ListItem\",\"position\":2,\"name\":\"Tienda\",\"item\":\"https:\\\/\\\/alquimiaregenerativa.com\\\/tienda\\\/\"},{\"@type\":\"ListItem\",\"position\":3,\"name\":\"Kit Primeros Auxilios\"}]},{\"@type\":\"WebSite\",\"@id\":\"https:\\\/\\\/alquimiaregenerativa.com\\\/#website\",\"url\":\"https:\\\/\\\/alquimiaregenerativa.com\\\/\",\"name\":\"Alquimia Regenerativa\",\"description\":\"Comienza tu proceso de tranformaci\u00f3n\",\"potentialAction\":[{\"@type\":\"SearchAction\",\"target\":{\"@type\":\"EntryPoint\",\"urlTemplate\":\"https:\\\/\\\/alquimiaregenerativa.com\\\/?s={search_term_string}\"},\"query-input\":{\"@type\":\"PropertyValueSpecification\",\"valueRequired\":true,\"valueName\":\"search_term_string\"}}],\"inLanguage\":\"en-US\"}]}<\/script>\n<meta property=\"product:price:amount\" content=\"1874.00\" \/>\n<meta property=\"product:price:currency\" content=\"MXN\" \/>\n<meta property=\"og:availability\" content=\"instock\" \/>\n<meta property=\"product:availability\" content=\"instock\" \/>\n<meta property=\"product:condition\" content=\"new\" \/>\n<!-- \/ Yoast SEO Premium plugin. -->","yoast_head_json":{"title":"First Aid Kit - Regenerative Alchemy","robots":{"index":"index","follow":"follow","max-snippet":"max-snippet:-1","max-image-preview":"max-image-preview:large","max-video-preview":"max-video-preview:-1"},"canonical":"https:\/\/alquimiaregenerativa.com\/en\/tienda\/kit-primeros-auxilios\/","og_locale":"en_US","og_type":"article","og_title":"Kit Primeros Auxilios","og_description":"Valor: $1874 Pesos Mexicanos  INCLUYE:\u00a0  \u2714\ufe0fTe Cura todo: Como su nombre lo dice es un mix de hierbas para alcalinizar, detoxificar y regenerar el cuerpo. Fortalece y regenera el sistema digestivo cuando es bebido a diario. Tambi\u00e9n se usa en enemas (repara intestinos da\u00f1anos, permeable o inflamado). En duchas vaginales ayuda a alcalinizar el \u00fatero y ce cicatrizaci\u00f3n, cuando hay quistes, endometriosis, fibromas, miomas o sangrado excesivo. Rinde 50 dosis  Ingredientes:\u00a0Corteza de roble blanco, llant\u00e9n o pl\u00e1ntago, ra\u00edz y hojas de consuelda, c\u00e1scara de nogal negro, hierba de chaparral, ra\u00edz de bardana, ra\u00edz de malvavisco.  \u2714\ufe0fTintura Relax:\u00a0Mix de hierbas ansioliticas, para bajar el estr\u00e9s, la ansiedad, nerviosismo. 50 ml  Ingredientes:\u00a0Valeriana, manzanilla, tilo, pasiflora, tulsi y tumbabaquero  \u2714\ufe0fTintura P\u00e1ncreas y Digestivo: Sirve para el gas\/aire, ayuda con las flatulencias y eructos, bajar la fermentaci\u00f3n de los alimentos, evita la candiasis. Fortalece el p\u00e1ncreas para mejorar las digestiones, indigesti\u00f3n, acidez, agruras (ardor de est\u00f3mago), helicobacter Pylori. 50 ml  Ingredientes:\u00a0Diente de Le\u00f3n, Manzanilla, An\u00eds e Hinojo  \u2714\ufe0fTintura Alivio:\u00a0Ayuda a bajar el dolor y la inflamaci\u00f3n. Para dolores de cabeza, musculares y articulaciones. 50 ml  Ingredientes:\u00a0C\u00farcuma y \u00c1rnica  \u2714\ufe0fTintura Resistencia (Infecciones V\u00edas Respiratorias y cuerpo):\u00a0Procesos virales, gripes y resfr\u00edos fuertes. Activa la Resistencia natural del cuerpo, ayuda a desinflamar el cuerpo y org\u00e1nos de dolor, ayuda a la circulaci\u00f3n de la sangre y linfa, levante el sist inmune y combate las infecciones virales, bacterianas y f\u00fangicas. Asiste en al oxigenaci\u00f3n de la sangre.  Ingredientes:\u00a0Diente de Le\u00f3n, Artemisa\/Ajenjo, Zarzaparrilla, C\u00farcuma, Ortiga  Con la compra te llev\u00e1s de regalo:\u00a0  Taller y Pdf Crisis Curativas y C\u00f3mo Gestionarlas  Si tienes alguna duda puedes contactarnos al whatsapp  Contacto whatsapp: +52 55 1620 7310  https:\/\/tinyurl.com\/ContactoAlquimiaRegenerativa","og_url":"https:\/\/alquimiaregenerativa.com\/en\/tienda\/kit-primeros-auxilios\/","og_site_name":"Alquimia Regenerativa","article_modified_time":"2026-01-02T17:45:28+00:00","og_image":[{"width":1024,"height":1024,"url":"https:\/\/alquimiaregenerativa.com\/wp-content\/uploads\/2024\/06\/ul.png","type":"image\/png"}],"twitter_card":"summary_large_image","twitter_misc":{"Price":"MXN $&nbsp;1,874.00","Availability":"In stock"},"schema":{"@context":"https:\/\/schema.org","@graph":[{"@type":"WebPage","@id":"https:\/\/alquimiaregenerativa.com\/tienda\/kit-primeros-auxilios\/","url":"https:\/\/alquimiaregenerativa.com\/tienda\/kit-primeros-auxilios\/","name":"First Aid Kit - Regenerative Alchemy","isPartOf":{"@id":"https:\/\/alquimiaregenerativa.com\/#website"},"primaryImageOfPage":{"@id":"https:\/\/alquimiaregenerativa.com\/tienda\/kit-primeros-auxilios\/#primaryimage"},"image":{"@id":"https:\/\/alquimiaregenerativa.com\/tienda\/kit-primeros-auxilios\/#primaryimage"},"thumbnailUrl":"https:\/\/alquimiaregenerativa.com\/wp-content\/uploads\/2024\/06\/ul.png","datePublished":"2024-06-13T17:01:28+00:00","dateModified":"2026-01-02T17:45:28+00:00","breadcrumb":{"@id":"https:\/\/alquimiaregenerativa.com\/tienda\/kit-primeros-auxilios\/#breadcrumb"},"inLanguage":"en-US","potentialAction":[{"@type":"ReadAction","target":["https:\/\/alquimiaregenerativa.com\/tienda\/kit-primeros-auxilios\/"]}]},{"@type":"ImageObject","inLanguage":"en-US","@id":"https:\/\/alquimiaregenerativa.com\/tienda\/kit-primeros-auxilios\/#primaryimage","url":"https:\/\/alquimiaregenerativa.com\/wp-content\/uploads\/2024\/06\/ul.png","contentUrl":"https:\/\/alquimiaregenerativa.com\/wp-content\/uploads\/2024\/06\/ul.png","width":1024,"height":1024},{"@type":"BreadcrumbList","@id":"https:\/\/alquimiaregenerativa.com\/tienda\/kit-primeros-auxilios\/#breadcrumb","itemListElement":[{"@type":"ListItem","position":1,"name":"Portada","item":"https:\/\/alquimiaregenerativa.com\/"},{"@type":"ListItem","position":2,"name":"Tienda","item":"https:\/\/alquimiaregenerativa.com\/tienda\/"},{"@type":"ListItem","position":3,"name":"Kit Primeros Auxilios"}]},{"@type":"WebSite","@id":"https:\/\/alquimiaregenerativa.com\/#website","url":"https:\/\/alquimiaregenerativa.com\/","name":"Regenerative Alchemy","description":"Start your transformation process","potentialAction":[{"@type":"SearchAction","target":{"@type":"EntryPoint","urlTemplate":"https:\/\/alquimiaregenerativa.com\/?s={search_term_string}"},"query-input":{"@type":"PropertyValueSpecification","valueRequired":true,"valueName":"search_term_string"}}],"inLanguage":"en-US"}]},"product_price_amount":"1874.00","product_price_currency":"MXN","og_availability":"instock","product_availability":"instock","product_condition":"new"},"jetpack_sharing_enabled":true,"_links":{"self":[{"href":"https:\/\/alquimiaregenerativa.com\/en\/wp-json\/wp\/v2\/product\/174","targetHints":{"allow":["GET"]}}],"collection":[{"href":"https:\/\/alquimiaregenerativa.com\/en\/wp-json\/wp\/v2\/product"}],"about":[{"href":"https:\/\/alquimiaregenerativa.com\/en\/wp-json\/wp\/v2\/types\/product"}],"replies":[{"embeddable":true,"href":"https:\/\/alquimiaregenerativa.com\/en\/wp-json\/wp\/v2\/comments?post=174"}],"wp:featuredmedia":[{"embeddable":true,"href":"https:\/\/alquimiaregenerativa.com\/en\/wp-json\/wp\/v2\/media\/7727"}],"wp:attachment":[{"href":"https:\/\/alquimiaregenerativa.com\/en\/wp-json\/wp\/v2\/media?parent=174"}],"wp:term":[{"taxonomy":"product_brand","embeddable":true,"href":"https:\/\/alquimiaregenerativa.com\/en\/wp-json\/wp\/v2\/product_brand?post=174"},{"taxonomy":"product_cat","embeddable":true,"href":"https:\/\/alquimiaregenerativa.com\/en\/wp-json\/wp\/v2\/product_cat?post=174"},{"taxonomy":"product_tag","embeddable":true,"href":"https:\/\/alquimiaregenerativa.com\/en\/wp-json\/wp\/v2\/product_tag?post=174"}],"curies":[{"name":"wp","href":"https:\/\/api.w.org\/{rel}","templated":true}]}}