{"id":186,"date":"2024-06-13T19:01:29","date_gmt":"2024-06-13T17:01:29","guid":{"rendered":"https:\/\/alquimiaregenerativa.com\/?post_type=product&#038;p=186"},"modified":"2026-04-11T03:43:57","modified_gmt":"2026-04-11T01:43:57","slug":"masterclass-limpieza-hepatica","status":"publish","type":"product","link":"https:\/\/alquimiaregenerativa.com\/en\/tienda\/masterclass-limpieza-hepatica\/","title":{"rendered":"LIVER CLEANSING MASTERCLASS"},"content":{"rendered":"","protected":false},"excerpt":{"rendered":"<h4>MASTERCLASS LIMPIEZA HEP\u00c1TICA<\/h4>\n<p>El H\u00cdGADO es como una f\u00e1brica inteligente, realiza much\u00edsimas funciones de cuerpo. La alimentaci\u00f3n tradicional alta en grasas saturadas lo van saturando y con esto aparecen s\u00edntomas como: Problemas para digerir grasas, problemas de piel, circulatorios, etc. Despu\u00e9s de la limpieza la piel se pone bonita, mejora la circulaci\u00f3n y las miles de funciones que hace el h\u00edgado.<\/p>\n<p>Se te entrega una carpeta donde este lo siguiente<\/p>\n<p>\u2714\ufe0f <span class=\"selectable-text copyable-text\">GRABACI\u00d3N MASTERCLASS LIMPIEZA HEP\u00c1TICA<\/span><br \/>\n\u2714\ufe0f <span class=\"selectable-text copyable-text\">PDF de lo mencionado en la clase <\/span><br \/>\n\u2714\ufe0f<span class=\"selectable-text copyable-text\">GRABACI\u00d3N Taller Alimentaci\u00f3n Consciente\u00a0<\/span><\/p>\n<p><strong>Valor:<\/strong> MXN $555 \/ 30 USD (Aprox, valor seg\u00fan la conversi\u00f3n<span class=\"WdYUQQ text-decoration-underline text-strikethrough-none\">) \/ $43 <span style=\"font-weight: 400;\">mil Ars (Solo para pesos Argentinos pedir cuenta para abonar por transferencia) al <span data-sheets-root=\"1\" data-sheets-value=\"{&quot;1&quot;:3,&quot;3&quot;:1333}\" data-sheets-userformat=\"{&quot;2&quot;:637,&quot;3&quot;:{&quot;1&quot;:0},&quot;5&quot;:{&quot;1&quot;:[{&quot;1&quot;:2,&quot;2&quot;:0,&quot;5&quot;:{&quot;1&quot;:2,&quot;2&quot;:0}},{&quot;1&quot;:0,&quot;2&quot;:0,&quot;3&quot;:3},{&quot;1&quot;:1,&quot;2&quot;:0,&quot;4&quot;:1}]},&quot;6&quot;:{&quot;1&quot;:[{&quot;1&quot;:2,&quot;2&quot;:0,&quot;5&quot;:{&quot;1&quot;:2,&quot;2&quot;:0}},{&quot;1&quot;:0,&quot;2&quot;:0,&quot;3&quot;:3},{&quot;1&quot;:1,&quot;2&quot;:0,&quot;4&quot;:1}]},&quot;7&quot;:{&quot;1&quot;:[{&quot;1&quot;:2,&quot;2&quot;:0,&quot;5&quot;:{&quot;1&quot;:2,&quot;2&quot;:0}},{&quot;1&quot;:0,&quot;2&quot;:0,&quot;3&quot;:3},{&quot;1&quot;:1,&quot;2&quot;:0,&quot;4&quot;:1}]},&quot;8&quot;:{&quot;1&quot;:[{&quot;1&quot;:2,&quot;2&quot;:0,&quot;5&quot;:{&quot;1&quot;:2,&quot;2&quot;:0}},{&quot;1&quot;:0,&quot;2&quot;:0,&quot;3&quot;:3},{&quot;1&quot;:1,&quot;2&quot;:0,&quot;4&quot;:1}]},&quot;9&quot;:1,&quot;12&quot;:0}\"><span style=\"font-weight: 400; font-size: 14px; line-height: 1.5714em;\">Whatsapp: +52 55 1620 7310 O Link directo: <a href=\"https:\/\/tinyurl.com\/Contacto-AlquimiaRegenerativa\">https:\/\/tinyurl.com\/Contacto-AlquimiaRegenerativa<\/a><\/span><\/span><\/span><\/span><\/p>\n","protected":false},"featured_media":208,"comment_status":"open","ping_status":"closed","template":"","meta":{"site-sidebar-layout":"default","site-content-layout":"","ast-site-content-layout":"default","site-content-style":"default","site-sidebar-style":"default","ast-global-header-display":"","ast-banner-title-visibility":"","ast-main-header-display":"","ast-hfb-above-header-display":"","ast-hfb-below-header-display":"","ast-hfb-mobile-header-display":"","site-post-title":"","ast-breadcrumbs-content":"","ast-featured-img":"","footer-sml-layout":"","ast-disable-related-posts":"","theme-transparent-header-meta":"default","adv-header-id-meta":"","stick-header-meta":"","header-above-stick-meta":"","header-main-stick-meta":"","header-below-stick-meta":"","astra-migrate-meta-layouts":"set","ast-page-background-enabled":"default","ast-page-background-meta":{"desktop":{"background-color":"var(--ast-global-color-4)","background-image":"","background-repeat":"repeat","background-position":"center center","background-size":"auto","background-attachment":"scroll","background-type":"","background-media":"","overlay-type":"","overlay-color":"","overlay-opacity":"","overlay-gradient":""},"tablet":{"background-color":"","background-image":"","background-repeat":"repeat","background-position":"center center","background-size":"auto","background-attachment":"scroll","background-type":"","background-media":"","overlay-type":"","overlay-color":"","overlay-opacity":"","overlay-gradient":""},"mobile":{"background-color":"","background-image":"","background-repeat":"repeat","background-position":"center center","background-size":"auto","background-attachment":"scroll","background-type":"","background-media":"","overlay-type":"","overlay-color":"","overlay-opacity":"","overlay-gradient":""}},"ast-content-background-meta":{"desktop":{"background-color":"var(--ast-global-color-5)","background-image":"","background-repeat":"repeat","background-position":"center center","background-size":"auto","background-attachment":"scroll","background-type":"","background-media":"","overlay-type":"","overlay-color":"","overlay-opacity":"","overlay-gradient":""},"tablet":{"background-color":"var(--ast-global-color-5)","background-image":"","background-repeat":"repeat","background-position":"center center","background-size":"auto","background-attachment":"scroll","background-type":"","background-media":"","overlay-type":"","overlay-color":"","overlay-opacity":"","overlay-gradient":""},"mobile":{"background-color":"var(--ast-global-color-5)","background-image":"","background-repeat":"repeat","background-position":"center center","background-size":"auto","background-attachment":"scroll","background-type":"","background-media":"","overlay-type":"","overlay-color":"","overlay-opacity":"","overlay-gradient":""}},"_joinchat":[]},"product_brand":[],"product_cat":[82],"product_tag":[28],"class_list":{"0":"post-186","1":"product","2":"type-product","3":"status-publish","4":"has-post-thumbnail","6":"product_cat-masterclass","7":"product_tag-masterclass","8":"desktop-align-center","9":"tablet-align-center","10":"mobile-align-center","12":"first","13":"instock","14":"downloadable","15":"virtual","16":"sold-individually","17":"taxable","18":"purchasable","19":"product-type-simple"},"yoast_head":"<!-- This site is optimized with the Yoast SEO Premium plugin v23.4 (Yoast SEO v27.4) - https:\/\/yoast.com\/product\/yoast-seo-premium-wordpress\/ -->\n<title>MASTERCLASS LIMPIEZA HEP\u00c1TICA - Alquimia Regenerativa<\/title>\n<meta name=\"robots\" content=\"index, follow, max-snippet:-1, max-image-preview:large, max-video-preview:-1\" \/>\n<link rel=\"canonical\" href=\"https:\/\/alquimiaregenerativa.com\/en\/tienda\/masterclass-limpieza-hepatica\/\" \/>\n<meta property=\"og:locale\" content=\"en_US\" \/>\n<meta property=\"og:type\" content=\"article\" \/>\n<meta property=\"og:title\" content=\"MASTERCLASS LIMPIEZA HEP\u00c1TICA\" \/>\n<meta property=\"og:description\" content=\"MASTERCLASS LIMPIEZA HEP\u00c1TICA El H\u00cdGADO es como una f\u00e1brica inteligente, realiza much\u00edsimas funciones de cuerpo. La alimentaci\u00f3n tradicional alta en grasas saturadas lo van saturando y con esto aparecen s\u00edntomas como: Problemas para digerir grasas, problemas de piel, circulatorios, etc. Despu\u00e9s de la limpieza la piel se pone bonita, mejora la circulaci\u00f3n y las miles de funciones que hace el h\u00edgado.  Se te entrega una carpeta donde este lo siguiente  \u2714\ufe0f GRABACI\u00d3N MASTERCLASS LIMPIEZA HEP\u00c1TICA \u2714\ufe0f PDF de lo mencionado en la clase  \u2714\ufe0fGRABACI\u00d3N Taller Alimentaci\u00f3n Consciente\u00a0  Valor: MXN $555 \/ 30 USD (Aprox, valor seg\u00fan la conversi\u00f3n) \/ $43 mil Ars (Solo para pesos Argentinos pedir cuenta para abonar por transferencia) al Whatsapp: +52 55 1620 7310 O Link directo: https:\/\/tinyurl.com\/Contacto-AlquimiaRegenerativa\" \/>\n<meta property=\"og:url\" content=\"https:\/\/alquimiaregenerativa.com\/en\/tienda\/masterclass-limpieza-hepatica\/\" \/>\n<meta property=\"og:site_name\" content=\"Alquimia Regenerativa\" \/>\n<meta property=\"article:modified_time\" content=\"2026-04-11T01:43:57+00:00\" \/>\n<meta property=\"og:image\" content=\"https:\/\/alquimiaregenerativa.com\/wp-content\/uploads\/2024\/06\/3-1.jpg\" \/>\n\t<meta property=\"og:image:width\" content=\"384\" \/>\n\t<meta property=\"og:image:height\" content=\"361\" \/>\n\t<meta property=\"og:image:type\" content=\"image\/jpeg\" \/>\n<meta name=\"twitter:card\" content=\"summary_large_image\" \/>\n<meta name=\"twitter:label1\" content=\"Price\" \/>\n\t<meta name=\"twitter:data1\" content=\"MXN $&nbsp;555.00\" \/>\n\t<meta name=\"twitter:label2\" content=\"Availability\" \/>\n\t<meta name=\"twitter:data2\" content=\"In stock\" \/>\n<script type=\"application\/ld+json\" class=\"yoast-schema-graph\">{\"@context\":\"https:\\\/\\\/schema.org\",\"@graph\":[{\"@type\":\"WebPage\",\"@id\":\"https:\\\/\\\/alquimiaregenerativa.com\\\/tienda\\\/masterclass-limpieza-hepatica\\\/\",\"url\":\"https:\\\/\\\/alquimiaregenerativa.com\\\/tienda\\\/masterclass-limpieza-hepatica\\\/\",\"name\":\"MASTERCLASS LIMPIEZA HEP\u00c1TICA - Alquimia Regenerativa\",\"isPartOf\":{\"@id\":\"https:\\\/\\\/alquimiaregenerativa.com\\\/#website\"},\"primaryImageOfPage\":{\"@id\":\"https:\\\/\\\/alquimiaregenerativa.com\\\/tienda\\\/masterclass-limpieza-hepatica\\\/#primaryimage\"},\"image\":{\"@id\":\"https:\\\/\\\/alquimiaregenerativa.com\\\/tienda\\\/masterclass-limpieza-hepatica\\\/#primaryimage\"},\"thumbnailUrl\":\"https:\\\/\\\/alquimiaregenerativa.com\\\/wp-content\\\/uploads\\\/2024\\\/06\\\/3-1.jpg\",\"datePublished\":\"2024-06-13T17:01:29+00:00\",\"dateModified\":\"2026-04-11T01:43:57+00:00\",\"breadcrumb\":{\"@id\":\"https:\\\/\\\/alquimiaregenerativa.com\\\/tienda\\\/masterclass-limpieza-hepatica\\\/#breadcrumb\"},\"inLanguage\":\"en-US\",\"potentialAction\":[{\"@type\":\"ReadAction\",\"target\":[\"https:\\\/\\\/alquimiaregenerativa.com\\\/tienda\\\/masterclass-limpieza-hepatica\\\/\"]}]},{\"@type\":\"ImageObject\",\"inLanguage\":\"en-US\",\"@id\":\"https:\\\/\\\/alquimiaregenerativa.com\\\/tienda\\\/masterclass-limpieza-hepatica\\\/#primaryimage\",\"url\":\"https:\\\/\\\/alquimiaregenerativa.com\\\/wp-content\\\/uploads\\\/2024\\\/06\\\/3-1.jpg\",\"contentUrl\":\"https:\\\/\\\/alquimiaregenerativa.com\\\/wp-content\\\/uploads\\\/2024\\\/06\\\/3-1.jpg\",\"width\":384,\"height\":361},{\"@type\":\"BreadcrumbList\",\"@id\":\"https:\\\/\\\/alquimiaregenerativa.com\\\/tienda\\\/masterclass-limpieza-hepatica\\\/#breadcrumb\",\"itemListElement\":[{\"@type\":\"ListItem\",\"position\":1,\"name\":\"Portada\",\"item\":\"https:\\\/\\\/alquimiaregenerativa.com\\\/\"},{\"@type\":\"ListItem\",\"position\":2,\"name\":\"Tienda\",\"item\":\"https:\\\/\\\/alquimiaregenerativa.com\\\/tienda\\\/\"},{\"@type\":\"ListItem\",\"position\":3,\"name\":\"MASTERCLASS LIMPIEZA HEP\u00c1TICA\"}]},{\"@type\":\"WebSite\",\"@id\":\"https:\\\/\\\/alquimiaregenerativa.com\\\/#website\",\"url\":\"https:\\\/\\\/alquimiaregenerativa.com\\\/\",\"name\":\"Alquimia Regenerativa\",\"description\":\"Comienza tu proceso de tranformaci\u00f3n\",\"potentialAction\":[{\"@type\":\"SearchAction\",\"target\":{\"@type\":\"EntryPoint\",\"urlTemplate\":\"https:\\\/\\\/alquimiaregenerativa.com\\\/?s={search_term_string}\"},\"query-input\":{\"@type\":\"PropertyValueSpecification\",\"valueRequired\":true,\"valueName\":\"search_term_string\"}}],\"inLanguage\":\"en-US\"}]}<\/script>\n<meta property=\"product:brand\" content=\"masterclass\" \/>\n<meta property=\"product:price:amount\" content=\"555.00\" \/>\n<meta property=\"product:price:currency\" content=\"MXN\" \/>\n<meta property=\"og:availability\" content=\"instock\" \/>\n<meta property=\"product:availability\" content=\"instock\" \/>\n<meta property=\"product:condition\" content=\"new\" \/>\n<!-- \/ Yoast SEO Premium plugin. -->","yoast_head_json":{"title":"Liver Cleanse Masterclass - Regenerative Alchemy","robots":{"index":"index","follow":"follow","max-snippet":"max-snippet:-1","max-image-preview":"max-image-preview:large","max-video-preview":"max-video-preview:-1"},"canonical":"https:\/\/alquimiaregenerativa.com\/en\/tienda\/masterclass-limpieza-hepatica\/","og_locale":"en_US","og_type":"article","og_title":"MASTERCLASS LIMPIEZA HEP\u00c1TICA","og_description":"MASTERCLASS LIMPIEZA HEP\u00c1TICA El H\u00cdGADO es como una f\u00e1brica inteligente, realiza much\u00edsimas funciones de cuerpo. La alimentaci\u00f3n tradicional alta en grasas saturadas lo van saturando y con esto aparecen s\u00edntomas como: Problemas para digerir grasas, problemas de piel, circulatorios, etc. Despu\u00e9s de la limpieza la piel se pone bonita, mejora la circulaci\u00f3n y las miles de funciones que hace el h\u00edgado.  Se te entrega una carpeta donde este lo siguiente  \u2714\ufe0f GRABACI\u00d3N MASTERCLASS LIMPIEZA HEP\u00c1TICA \u2714\ufe0f PDF de lo mencionado en la clase  \u2714\ufe0fGRABACI\u00d3N Taller Alimentaci\u00f3n Consciente\u00a0  Valor: MXN $555 \/ 30 USD (Aprox, valor seg\u00fan la conversi\u00f3n) \/ $43 mil Ars (Solo para pesos Argentinos pedir cuenta para abonar por transferencia) al Whatsapp: +52 55 1620 7310 O Link directo: https:\/\/tinyurl.com\/Contacto-AlquimiaRegenerativa","og_url":"https:\/\/alquimiaregenerativa.com\/en\/tienda\/masterclass-limpieza-hepatica\/","og_site_name":"Alquimia Regenerativa","article_modified_time":"2026-04-11T01:43:57+00:00","og_image":[{"width":384,"height":361,"url":"https:\/\/alquimiaregenerativa.com\/wp-content\/uploads\/2024\/06\/3-1.jpg","type":"image\/jpeg"}],"twitter_card":"summary_large_image","twitter_misc":{"Price":"MXN $&nbsp;555.00","Availability":"In stock"},"schema":{"@context":"https:\/\/schema.org","@graph":[{"@type":"WebPage","@id":"https:\/\/alquimiaregenerativa.com\/tienda\/masterclass-limpieza-hepatica\/","url":"https:\/\/alquimiaregenerativa.com\/tienda\/masterclass-limpieza-hepatica\/","name":"Liver Cleanse Masterclass - Regenerative Alchemy","isPartOf":{"@id":"https:\/\/alquimiaregenerativa.com\/#website"},"primaryImageOfPage":{"@id":"https:\/\/alquimiaregenerativa.com\/tienda\/masterclass-limpieza-hepatica\/#primaryimage"},"image":{"@id":"https:\/\/alquimiaregenerativa.com\/tienda\/masterclass-limpieza-hepatica\/#primaryimage"},"thumbnailUrl":"https:\/\/alquimiaregenerativa.com\/wp-content\/uploads\/2024\/06\/3-1.jpg","datePublished":"2024-06-13T17:01:29+00:00","dateModified":"2026-04-11T01:43:57+00:00","breadcrumb":{"@id":"https:\/\/alquimiaregenerativa.com\/tienda\/masterclass-limpieza-hepatica\/#breadcrumb"},"inLanguage":"en-US","potentialAction":[{"@type":"ReadAction","target":["https:\/\/alquimiaregenerativa.com\/tienda\/masterclass-limpieza-hepatica\/"]}]},{"@type":"ImageObject","inLanguage":"en-US","@id":"https:\/\/alquimiaregenerativa.com\/tienda\/masterclass-limpieza-hepatica\/#primaryimage","url":"https:\/\/alquimiaregenerativa.com\/wp-content\/uploads\/2024\/06\/3-1.jpg","contentUrl":"https:\/\/alquimiaregenerativa.com\/wp-content\/uploads\/2024\/06\/3-1.jpg","width":384,"height":361},{"@type":"BreadcrumbList","@id":"https:\/\/alquimiaregenerativa.com\/tienda\/masterclass-limpieza-hepatica\/#breadcrumb","itemListElement":[{"@type":"ListItem","position":1,"name":"Portada","item":"https:\/\/alquimiaregenerativa.com\/"},{"@type":"ListItem","position":2,"name":"Tienda","item":"https:\/\/alquimiaregenerativa.com\/tienda\/"},{"@type":"ListItem","position":3,"name":"MASTERCLASS LIMPIEZA HEP\u00c1TICA"}]},{"@type":"WebSite","@id":"https:\/\/alquimiaregenerativa.com\/#website","url":"https:\/\/alquimiaregenerativa.com\/","name":"Regenerative Alchemy","description":"Start your transformation process","potentialAction":[{"@type":"SearchAction","target":{"@type":"EntryPoint","urlTemplate":"https:\/\/alquimiaregenerativa.com\/?s={search_term_string}"},"query-input":{"@type":"PropertyValueSpecification","valueRequired":true,"valueName":"search_term_string"}}],"inLanguage":"en-US"}]},"product_brand":"masterclass","product_price_amount":"555.00","product_price_currency":"MXN","og_availability":"instock","product_availability":"instock","product_condition":"new"},"jetpack_sharing_enabled":true,"_links":{"self":[{"href":"https:\/\/alquimiaregenerativa.com\/en\/wp-json\/wp\/v2\/product\/186","targetHints":{"allow":["GET"]}}],"collection":[{"href":"https:\/\/alquimiaregenerativa.com\/en\/wp-json\/wp\/v2\/product"}],"about":[{"href":"https:\/\/alquimiaregenerativa.com\/en\/wp-json\/wp\/v2\/types\/product"}],"replies":[{"embeddable":true,"href":"https:\/\/alquimiaregenerativa.com\/en\/wp-json\/wp\/v2\/comments?post=186"}],"wp:featuredmedia":[{"embeddable":true,"href":"https:\/\/alquimiaregenerativa.com\/en\/wp-json\/wp\/v2\/media\/208"}],"wp:attachment":[{"href":"https:\/\/alquimiaregenerativa.com\/en\/wp-json\/wp\/v2\/media?parent=186"}],"wp:term":[{"taxonomy":"product_brand","embeddable":true,"href":"https:\/\/alquimiaregenerativa.com\/en\/wp-json\/wp\/v2\/product_brand?post=186"},{"taxonomy":"product_cat","embeddable":true,"href":"https:\/\/alquimiaregenerativa.com\/en\/wp-json\/wp\/v2\/product_cat?post=186"},{"taxonomy":"product_tag","embeddable":true,"href":"https:\/\/alquimiaregenerativa.com\/en\/wp-json\/wp\/v2\/product_tag?post=186"}],"curies":[{"name":"wp","href":"https:\/\/api.w.org\/{rel}","templated":true}]}}