{"id":2951,"date":"2024-11-15T20:46:00","date_gmt":"2024-11-15T19:46:00","guid":{"rendered":"https:\/\/alquimiaregenerativa.com\/?post_type=product&#038;p=2951"},"modified":"2026-01-02T18:43:54","modified_gmt":"2026-01-02T17:43:54","slug":"kit-herbolaria-belleza","status":"publish","type":"product","link":"https:\/\/alquimiaregenerativa.com\/en\/tienda\/kit-herbolaria-belleza\/","title":{"rendered":"Herbal Beauty Kit"},"content":{"rendered":"","protected":false},"excerpt":{"rendered":"<h3>Herbal Beauty Kit: Detox, Digestion, and Nutrition for Your Skin<\/h3>\n<p>&nbsp;<\/p>\n<p>This complete kit is designed for the <b>comprehensive beauty<\/b>, acting from the <b>inside<\/b> to improve the <b>skin, hair and nails<\/b> through the <b>Body cleansing, digestive improvement, inflammation reduction and circulation<\/b>.<\/p>\n<p>Includes 5 Essential Products:<\/p>\n<p><b>Cure-All Tea (100 gr)<\/b><\/p>\n<ul>\n<li><b>Function:<\/b> Herb mix for <b>alkalize, detoxify and regenerate<\/b> the body. It strengthens the digestive system. It&#039;s also used in enemas (to repair damaged or leaky intestines) and vaginal douches (to alkalize the uterus and aid healing). <b>Cleanses the body and improves digestion<\/b>.<\/li>\n<li><b>Ingredients:<\/b> White oak bark, plantain, comfrey root and leaves, black walnut hull, chaparral herb, burdock root, marshmallow root.<\/li>\n<li><b>Performance:<\/b> Yields 50 doses.<\/li>\n<\/ul>\n<p><b>Blood and Lymph Circulation Tincture (50 ml)<\/b><\/p>\n<ul>\n<li><b>Function:<\/b> It helps regulate body temperature, to &quot;get rid of the cold&quot;, <b>Improves blood circulation and helps move lymph<\/b>. Fundamental to the <b>skin health and elimination of toxins<\/b>.<\/li>\n<li><b>Ingredients:<\/b> Garlic, Cayenne Pepper, Cinnamon, Sarsaparilla, Muicle and Ginger.<\/li>\n<\/ul>\n<p><b>Kidney Tincture (50 ml)<\/b><\/p>\n<ul>\n<li><b>Function:<\/b> Powerful elimination channel opener. Helps increase the <b>filtration of the kidneys and urinary tract<\/b>. Useful to reduce the <b>swelling and fluid retention<\/b>.<\/li>\n<li><b>Ingredients:<\/b> Horsetail, parsley, uva ursi, corn silk, juniper berries and rose of Jericho.<\/li>\n<\/ul>\n<p><b>Pancreas and Digestive Tincture (50 ml)<\/b><\/p>\n<ul>\n<li><b>Function:<\/b> Strengthens the pancreas to <b>improve digestion<\/b>, indigestion, heartburn, sour stomach and <i>Helicobacter Pylori<\/i>. <b>It helps with gas\/air, flatulence and burping.<\/b>, reducing food fermentation and preventing candidiasis. Combats <b>bloating and gas<\/b>.<\/li>\n<\/ul>\n<p><b>Irish Moss (10 gr)<\/b><\/p>\n<ul>\n<li><b>Function:<\/b> Contributes <b>collagen that nourishes your skin, hair and nails<\/b>. It is for internal and external use.<\/li>\n<\/ul>\n<p><b>Price: $ 1,757 MXN<\/b><\/p>\n<p><b>WhatsApp Contact:<\/b>\u00a0If you have any questions, you can contact us at\u00a0<b>+52 55 1620 7310<\/b><\/p>","protected":false},"featured_media":7721,"comment_status":"open","ping_status":"closed","template":"","meta":{"site-sidebar-layout":"default","site-content-layout":"","ast-site-content-layout":"default","site-content-style":"default","site-sidebar-style":"default","ast-global-header-display":"","ast-banner-title-visibility":"","ast-main-header-display":"","ast-hfb-above-header-display":"","ast-hfb-below-header-display":"","ast-hfb-mobile-header-display":"","site-post-title":"","ast-breadcrumbs-content":"","ast-featured-img":"","footer-sml-layout":"","ast-disable-related-posts":"","theme-transparent-header-meta":"default","adv-header-id-meta":"","stick-header-meta":"","header-above-stick-meta":"","header-main-stick-meta":"","header-below-stick-meta":"","astra-migrate-meta-layouts":"set","ast-page-background-enabled":"default","ast-page-background-meta":{"desktop":{"background-color":"var(--ast-global-color-4)","background-image":"","background-repeat":"repeat","background-position":"center center","background-size":"auto","background-attachment":"scroll","background-type":"","background-media":"","overlay-type":"","overlay-color":"","overlay-opacity":"","overlay-gradient":""},"tablet":{"background-color":"","background-image":"","background-repeat":"repeat","background-position":"center center","background-size":"auto","background-attachment":"scroll","background-type":"","background-media":"","overlay-type":"","overlay-color":"","overlay-opacity":"","overlay-gradient":""},"mobile":{"background-color":"","background-image":"","background-repeat":"repeat","background-position":"center center","background-size":"auto","background-attachment":"scroll","background-type":"","background-media":"","overlay-type":"","overlay-color":"","overlay-opacity":"","overlay-gradient":""}},"ast-content-background-meta":{"desktop":{"background-color":"var(--ast-global-color-5)","background-image":"","background-repeat":"repeat","background-position":"center center","background-size":"auto","background-attachment":"scroll","background-type":"","background-media":"","overlay-type":"","overlay-color":"","overlay-opacity":"","overlay-gradient":""},"tablet":{"background-color":"var(--ast-global-color-5)","background-image":"","background-repeat":"repeat","background-position":"center center","background-size":"auto","background-attachment":"scroll","background-type":"","background-media":"","overlay-type":"","overlay-color":"","overlay-opacity":"","overlay-gradient":""},"mobile":{"background-color":"var(--ast-global-color-5)","background-image":"","background-repeat":"repeat","background-position":"center center","background-size":"auto","background-attachment":"scroll","background-type":"","background-media":"","overlay-type":"","overlay-color":"","overlay-opacity":"","overlay-gradient":""}},"_joinchat":[]},"product_brand":[],"product_cat":[22],"product_tag":[],"class_list":{"0":"post-2951","1":"product","2":"type-product","3":"status-publish","4":"has-post-thumbnail","6":"product_cat-herboolaria","7":"desktop-align-center","8":"tablet-align-center","9":"mobile-align-center","11":"first","12":"instock","13":"downloadable","14":"taxable","15":"shipping-taxable","16":"purchasable","17":"product-type-simple"},"yoast_head":"<!-- This site is optimized with the Yoast SEO Premium plugin v23.4 (Yoast SEO v27.4) - https:\/\/yoast.com\/product\/yoast-seo-premium-wordpress\/ -->\n<title>Kit Herbolaria Belleza - Alquimia Regenerativa<\/title>\n<meta name=\"robots\" content=\"index, follow, max-snippet:-1, max-image-preview:large, max-video-preview:-1\" \/>\n<link rel=\"canonical\" href=\"https:\/\/alquimiaregenerativa.com\/en\/tienda\/kit-herbolaria-belleza\/\" \/>\n<meta property=\"og:locale\" content=\"en_US\" \/>\n<meta property=\"og:type\" content=\"article\" \/>\n<meta property=\"og:title\" content=\"Kit Herbolaria Belleza\" \/>\n<meta property=\"og:description\" content=\"Kit Herbolaria Belleza: Detox, Digesti\u00f3n y Nutrici\u00f3n para tu Piel &nbsp;  Este kit completo est\u00e1 dise\u00f1ado para la belleza integral, actuando desde el interior para mejorar la piel, el cabello y las u\u00f1as a trav\u00e9s de la limpieza corporal, la mejora digestiva, la desinflamaci\u00f3n y la circulaci\u00f3n.  Incluye 5 Productos Esenciales:  T\u00e9 Cura Todo (100 grs)   Funci\u00f3n: Mix de hierbas para alcalinizar, detoxificar y regenerar el cuerpo. Fortalece el sistema digestivo. Tambi\u00e9n se usa en enemas (para reparar intestinos da\u00f1ados o permeables) y duchas vaginales (para alcalinizar el \u00fatero y ayudar a la cicatrizaci\u00f3n). Limpia cuerpo y mejora digestiones.  Ingredientes: Corteza de roble blanco, llant\u00e9n o pl\u00e1ntago, ra\u00edz y hojas de consuelda, c\u00e1scara de nogal negro, hierba de chaparral, ra\u00edz de bardana, ra\u00edz de malvavisco.  Rendimiento: Rinde 50 dosis.  Tintura Circulaci\u00f3n de la Sangre y Linfa (50 ml)   Funci\u00f3n: Ayuda a regular la temperatura corporal, a &quot;sacar el fr\u00edo&quot;, mejora la circulaci\u00f3n de la sangre y ayuda a mover la linfa. Fundamental para la salud de la piel y la eliminaci\u00f3n de toxinas.  Ingredientes: Ajo, Pimienta Cayena, Canela, Zarzaparrilla, Muicle y Jengibre.  Tintura Ri\u00f1ones (50 ml)   Funci\u00f3n: Potente abre-canal de eliminaci\u00f3n. Ayuda a aumentar la filtraci\u00f3n de los ri\u00f1ones y las v\u00edas urinarias. \u00datil para reducir la hinchaz\u00f3n y la retenci\u00f3n de l\u00edquidos.  Ingredientes: Cola de caballo, perejil, uva ursi, pelo de ma\u00edz, bayas de enebro y rosa de Jeric\u00f3.  Tintura P\u00e1ncreas y Digestivo (50 ml)   Funci\u00f3n: Fortalece el p\u00e1ncreas para mejorar las digestiones, indigesti\u00f3n, acidez, agruras (ardor de est\u00f3mago) y Helicobacter Pylori. Sirve para el gas\/aire, ayuda con las flatulencias y eructos, bajando la fermentaci\u00f3n de los alimentos y evitando la candidiasis. Combate la inflamaci\u00f3n de vientre y gases.  Musgo de Irlanda (10 grs)   Funci\u00f3n: Aporta col\u00e1geno que nutre tu piel, cabello y u\u00f1as. Es de uso interno y externo.  Precio: $ 1,757 MXN  Contacto WhatsApp:\u00a0Si tienes alguna duda, puedes contactarnos al\u00a0+52 55 1620 7310\" \/>\n<meta property=\"og:url\" content=\"https:\/\/alquimiaregenerativa.com\/en\/tienda\/kit-herbolaria-belleza\/\" \/>\n<meta property=\"og:site_name\" content=\"Alquimia Regenerativa\" \/>\n<meta property=\"article:modified_time\" content=\"2026-01-02T17:43:54+00:00\" \/>\n<meta property=\"og:image\" content=\"https:\/\/alquimiaregenerativa.com\/wp-content\/uploads\/2024\/11\/belle-ofi.png\" \/>\n\t<meta property=\"og:image:width\" content=\"1024\" \/>\n\t<meta property=\"og:image:height\" content=\"1024\" \/>\n\t<meta property=\"og:image:type\" content=\"image\/png\" \/>\n<meta name=\"twitter:card\" content=\"summary_large_image\" \/>\n<meta name=\"twitter:label1\" content=\"Price\" \/>\n\t<meta name=\"twitter:data1\" content=\"MXN $&nbsp;1,757.00\" \/>\n\t<meta name=\"twitter:label2\" content=\"Availability\" \/>\n\t<meta name=\"twitter:data2\" content=\"In stock\" \/>\n<script type=\"application\/ld+json\" class=\"yoast-schema-graph\">{\"@context\":\"https:\\\/\\\/schema.org\",\"@graph\":[{\"@type\":\"WebPage\",\"@id\":\"https:\\\/\\\/alquimiaregenerativa.com\\\/tienda\\\/kit-herbolaria-belleza\\\/\",\"url\":\"https:\\\/\\\/alquimiaregenerativa.com\\\/tienda\\\/kit-herbolaria-belleza\\\/\",\"name\":\"Kit Herbolaria Belleza - Alquimia Regenerativa\",\"isPartOf\":{\"@id\":\"https:\\\/\\\/alquimiaregenerativa.com\\\/#website\"},\"primaryImageOfPage\":{\"@id\":\"https:\\\/\\\/alquimiaregenerativa.com\\\/tienda\\\/kit-herbolaria-belleza\\\/#primaryimage\"},\"image\":{\"@id\":\"https:\\\/\\\/alquimiaregenerativa.com\\\/tienda\\\/kit-herbolaria-belleza\\\/#primaryimage\"},\"thumbnailUrl\":\"https:\\\/\\\/alquimiaregenerativa.com\\\/wp-content\\\/uploads\\\/2024\\\/11\\\/belle-ofi.png\",\"datePublished\":\"2024-11-15T19:46:00+00:00\",\"dateModified\":\"2026-01-02T17:43:54+00:00\",\"breadcrumb\":{\"@id\":\"https:\\\/\\\/alquimiaregenerativa.com\\\/tienda\\\/kit-herbolaria-belleza\\\/#breadcrumb\"},\"inLanguage\":\"en-US\",\"potentialAction\":[{\"@type\":\"ReadAction\",\"target\":[\"https:\\\/\\\/alquimiaregenerativa.com\\\/tienda\\\/kit-herbolaria-belleza\\\/\"]}]},{\"@type\":\"ImageObject\",\"inLanguage\":\"en-US\",\"@id\":\"https:\\\/\\\/alquimiaregenerativa.com\\\/tienda\\\/kit-herbolaria-belleza\\\/#primaryimage\",\"url\":\"https:\\\/\\\/alquimiaregenerativa.com\\\/wp-content\\\/uploads\\\/2024\\\/11\\\/belle-ofi.png\",\"contentUrl\":\"https:\\\/\\\/alquimiaregenerativa.com\\\/wp-content\\\/uploads\\\/2024\\\/11\\\/belle-ofi.png\",\"width\":1024,\"height\":1024},{\"@type\":\"BreadcrumbList\",\"@id\":\"https:\\\/\\\/alquimiaregenerativa.com\\\/tienda\\\/kit-herbolaria-belleza\\\/#breadcrumb\",\"itemListElement\":[{\"@type\":\"ListItem\",\"position\":1,\"name\":\"Portada\",\"item\":\"https:\\\/\\\/alquimiaregenerativa.com\\\/\"},{\"@type\":\"ListItem\",\"position\":2,\"name\":\"Tienda\",\"item\":\"https:\\\/\\\/alquimiaregenerativa.com\\\/tienda\\\/\"},{\"@type\":\"ListItem\",\"position\":3,\"name\":\"Kit Herbolaria Belleza\"}]},{\"@type\":\"WebSite\",\"@id\":\"https:\\\/\\\/alquimiaregenerativa.com\\\/#website\",\"url\":\"https:\\\/\\\/alquimiaregenerativa.com\\\/\",\"name\":\"Alquimia Regenerativa\",\"description\":\"Comienza tu proceso de tranformaci\u00f3n\",\"potentialAction\":[{\"@type\":\"SearchAction\",\"target\":{\"@type\":\"EntryPoint\",\"urlTemplate\":\"https:\\\/\\\/alquimiaregenerativa.com\\\/?s={search_term_string}\"},\"query-input\":{\"@type\":\"PropertyValueSpecification\",\"valueRequired\":true,\"valueName\":\"search_term_string\"}}],\"inLanguage\":\"en-US\"}]}<\/script>\n<meta property=\"product:price:amount\" content=\"1757.00\" \/>\n<meta property=\"product:price:currency\" content=\"MXN\" \/>\n<meta property=\"og:availability\" content=\"instock\" \/>\n<meta property=\"product:availability\" content=\"instock\" \/>\n<meta property=\"product:condition\" content=\"new\" \/>\n<!-- \/ Yoast SEO Premium plugin. -->","yoast_head_json":{"title":"Herbal Beauty Kit - Regenerative Alchemy","robots":{"index":"index","follow":"follow","max-snippet":"max-snippet:-1","max-image-preview":"max-image-preview:large","max-video-preview":"max-video-preview:-1"},"canonical":"https:\/\/alquimiaregenerativa.com\/en\/tienda\/kit-herbolaria-belleza\/","og_locale":"en_US","og_type":"article","og_title":"Kit Herbolaria Belleza","og_description":"Kit Herbolaria Belleza: Detox, Digesti\u00f3n y Nutrici\u00f3n para tu Piel &nbsp;  Este kit completo est\u00e1 dise\u00f1ado para la belleza integral, actuando desde el interior para mejorar la piel, el cabello y las u\u00f1as a trav\u00e9s de la limpieza corporal, la mejora digestiva, la desinflamaci\u00f3n y la circulaci\u00f3n.  Incluye 5 Productos Esenciales:  T\u00e9 Cura Todo (100 grs)   Funci\u00f3n: Mix de hierbas para alcalinizar, detoxificar y regenerar el cuerpo. Fortalece el sistema digestivo. Tambi\u00e9n se usa en enemas (para reparar intestinos da\u00f1ados o permeables) y duchas vaginales (para alcalinizar el \u00fatero y ayudar a la cicatrizaci\u00f3n). Limpia cuerpo y mejora digestiones.  Ingredientes: Corteza de roble blanco, llant\u00e9n o pl\u00e1ntago, ra\u00edz y hojas de consuelda, c\u00e1scara de nogal negro, hierba de chaparral, ra\u00edz de bardana, ra\u00edz de malvavisco.  Rendimiento: Rinde 50 dosis.  Tintura Circulaci\u00f3n de la Sangre y Linfa (50 ml)   Funci\u00f3n: Ayuda a regular la temperatura corporal, a \"sacar el fr\u00edo\", mejora la circulaci\u00f3n de la sangre y ayuda a mover la linfa. Fundamental para la salud de la piel y la eliminaci\u00f3n de toxinas.  Ingredientes: Ajo, Pimienta Cayena, Canela, Zarzaparrilla, Muicle y Jengibre.  Tintura Ri\u00f1ones (50 ml)   Funci\u00f3n: Potente abre-canal de eliminaci\u00f3n. Ayuda a aumentar la filtraci\u00f3n de los ri\u00f1ones y las v\u00edas urinarias. \u00datil para reducir la hinchaz\u00f3n y la retenci\u00f3n de l\u00edquidos.  Ingredientes: Cola de caballo, perejil, uva ursi, pelo de ma\u00edz, bayas de enebro y rosa de Jeric\u00f3.  Tintura P\u00e1ncreas y Digestivo (50 ml)   Funci\u00f3n: Fortalece el p\u00e1ncreas para mejorar las digestiones, indigesti\u00f3n, acidez, agruras (ardor de est\u00f3mago) y Helicobacter Pylori. Sirve para el gas\/aire, ayuda con las flatulencias y eructos, bajando la fermentaci\u00f3n de los alimentos y evitando la candidiasis. Combate la inflamaci\u00f3n de vientre y gases.  Musgo de Irlanda (10 grs)   Funci\u00f3n: Aporta col\u00e1geno que nutre tu piel, cabello y u\u00f1as. Es de uso interno y externo.  Precio: $ 1,757 MXN  Contacto WhatsApp:\u00a0Si tienes alguna duda, puedes contactarnos al\u00a0+52 55 1620 7310","og_url":"https:\/\/alquimiaregenerativa.com\/en\/tienda\/kit-herbolaria-belleza\/","og_site_name":"Alquimia Regenerativa","article_modified_time":"2026-01-02T17:43:54+00:00","og_image":[{"width":1024,"height":1024,"url":"https:\/\/alquimiaregenerativa.com\/wp-content\/uploads\/2024\/11\/belle-ofi.png","type":"image\/png"}],"twitter_card":"summary_large_image","twitter_misc":{"Price":"MXN $&nbsp;1,757.00","Availability":"In stock"},"schema":{"@context":"https:\/\/schema.org","@graph":[{"@type":"WebPage","@id":"https:\/\/alquimiaregenerativa.com\/tienda\/kit-herbolaria-belleza\/","url":"https:\/\/alquimiaregenerativa.com\/tienda\/kit-herbolaria-belleza\/","name":"Herbal Beauty Kit - Regenerative Alchemy","isPartOf":{"@id":"https:\/\/alquimiaregenerativa.com\/#website"},"primaryImageOfPage":{"@id":"https:\/\/alquimiaregenerativa.com\/tienda\/kit-herbolaria-belleza\/#primaryimage"},"image":{"@id":"https:\/\/alquimiaregenerativa.com\/tienda\/kit-herbolaria-belleza\/#primaryimage"},"thumbnailUrl":"https:\/\/alquimiaregenerativa.com\/wp-content\/uploads\/2024\/11\/belle-ofi.png","datePublished":"2024-11-15T19:46:00+00:00","dateModified":"2026-01-02T17:43:54+00:00","breadcrumb":{"@id":"https:\/\/alquimiaregenerativa.com\/tienda\/kit-herbolaria-belleza\/#breadcrumb"},"inLanguage":"en-US","potentialAction":[{"@type":"ReadAction","target":["https:\/\/alquimiaregenerativa.com\/tienda\/kit-herbolaria-belleza\/"]}]},{"@type":"ImageObject","inLanguage":"en-US","@id":"https:\/\/alquimiaregenerativa.com\/tienda\/kit-herbolaria-belleza\/#primaryimage","url":"https:\/\/alquimiaregenerativa.com\/wp-content\/uploads\/2024\/11\/belle-ofi.png","contentUrl":"https:\/\/alquimiaregenerativa.com\/wp-content\/uploads\/2024\/11\/belle-ofi.png","width":1024,"height":1024},{"@type":"BreadcrumbList","@id":"https:\/\/alquimiaregenerativa.com\/tienda\/kit-herbolaria-belleza\/#breadcrumb","itemListElement":[{"@type":"ListItem","position":1,"name":"Portada","item":"https:\/\/alquimiaregenerativa.com\/"},{"@type":"ListItem","position":2,"name":"Tienda","item":"https:\/\/alquimiaregenerativa.com\/tienda\/"},{"@type":"ListItem","position":3,"name":"Kit Herbolaria Belleza"}]},{"@type":"WebSite","@id":"https:\/\/alquimiaregenerativa.com\/#website","url":"https:\/\/alquimiaregenerativa.com\/","name":"Regenerative Alchemy","description":"Start your transformation process","potentialAction":[{"@type":"SearchAction","target":{"@type":"EntryPoint","urlTemplate":"https:\/\/alquimiaregenerativa.com\/?s={search_term_string}"},"query-input":{"@type":"PropertyValueSpecification","valueRequired":true,"valueName":"search_term_string"}}],"inLanguage":"en-US"}]},"product_price_amount":"1757.00","product_price_currency":"MXN","og_availability":"instock","product_availability":"instock","product_condition":"new"},"jetpack_sharing_enabled":true,"_links":{"self":[{"href":"https:\/\/alquimiaregenerativa.com\/en\/wp-json\/wp\/v2\/product\/2951","targetHints":{"allow":["GET"]}}],"collection":[{"href":"https:\/\/alquimiaregenerativa.com\/en\/wp-json\/wp\/v2\/product"}],"about":[{"href":"https:\/\/alquimiaregenerativa.com\/en\/wp-json\/wp\/v2\/types\/product"}],"replies":[{"embeddable":true,"href":"https:\/\/alquimiaregenerativa.com\/en\/wp-json\/wp\/v2\/comments?post=2951"}],"wp:featuredmedia":[{"embeddable":true,"href":"https:\/\/alquimiaregenerativa.com\/en\/wp-json\/wp\/v2\/media\/7721"}],"wp:attachment":[{"href":"https:\/\/alquimiaregenerativa.com\/en\/wp-json\/wp\/v2\/media?parent=2951"}],"wp:term":[{"taxonomy":"product_brand","embeddable":true,"href":"https:\/\/alquimiaregenerativa.com\/en\/wp-json\/wp\/v2\/product_brand?post=2951"},{"taxonomy":"product_cat","embeddable":true,"href":"https:\/\/alquimiaregenerativa.com\/en\/wp-json\/wp\/v2\/product_cat?post=2951"},{"taxonomy":"product_tag","embeddable":true,"href":"https:\/\/alquimiaregenerativa.com\/en\/wp-json\/wp\/v2\/product_tag?post=2951"}],"curies":[{"name":"wp","href":"https:\/\/api.w.org\/{rel}","templated":true}]}}