{"id":3316,"date":"2025-01-17T16:54:11","date_gmt":"2025-01-17T15:54:11","guid":{"rendered":"https:\/\/alquimiaregenerativa.com\/?post_type=product&#038;p=3316"},"modified":"2026-04-11T03:44:32","modified_gmt":"2026-04-11T01:44:32","slug":"enfermedadesautoinmunes","status":"publish","type":"product","link":"https:\/\/alquimiaregenerativa.com\/en\/tienda\/enfermedadesautoinmunes\/","title":{"rendered":"28\/2 AUTOIMMUNE DISEASES MASTERCLASS\ud83c\udf3f\u2728"},"content":{"rendered":"<div class=\"xdj266r x11i5rnm xat24cr x1mh8g0r x1vvkbs x126k92a\">\n<div dir=\"auto\">\n<p><span style=\"font-weight: 400;\">Tenemos un sistema inmune con amplia cantidad de c\u00e9lulas que nos defienden de pat\u00f3genos, virus, bacterias, y toxinas externas que ingresen al cuerpo. Pero si nuestro sistema inmune est\u00e1 colapsado por tanto ataque externo (Alimentos \u00e1cidos que consumimos, productos de belleza, limpieza qu\u00edmicos, medicamentos, tener implantes en el cuerpo, par\u00e1sitos y virus, etc), deja de funcionar correctamente y el sistema linf\u00e1tico se estanca.\u00a0<\/span><\/p>\n<p><span style=\"font-weight: 400;\">En esta clase hablaremos sobre c\u00f3mo ayudar al cuerpo a fortalecer tu sistema inmunol\u00f3gico, sanar tus intestinos y microbiota para salir adelante.\u00a0<\/span><\/p>\n<p>Duraci\u00f3n 1.5 hs<\/p>\n<p><b>Facilita: <\/b>Lu del Mar, coach detox, ontol\u00f3gico, herbalista y alquimista<\/p>\n<p><strong>Este paquete incluye:\u00a0<\/strong><\/p>\n<p>\u25cf Grabaci\u00f3n de la clase<\/p>\n<p>\u25cf Masterclass Autosanaci\u00f3n (pregrabada)<\/p>\n<p>\u25cf Masterclass Alimentaci\u00f3n alcalina y antiinflamatoria (pregrabada)<\/p>\n<p>\u25cf Masterclass Par\u00e1sitos y c\u00e1ndida (pregrabada)<\/p>\n<p>\u25cf Pdf Par\u00e1sitos y c\u00e1ndida<\/p>\n<p>\u25cf Masterclass Remedios Naturales (pregrabada)<\/p>\n<p>\u25cf Pdf Remedios Naturales<\/p>\n<p><strong>Valor:<\/strong> MXN $555 \/ 30 USD (Aprox, valor seg\u00fan la conversi\u00f3n<span class=\"WdYUQQ text-decoration-underline text-strikethrough-none\">) \/ $43 <span style=\"font-weight: 400;\">mil Ars (Solo para pesos Argentinos pedir cuenta para abonar por transferencia) al <span data-sheets-root=\"1\" data-sheets-value=\"{&quot;1&quot;:3,&quot;3&quot;:1333}\" data-sheets-userformat=\"{&quot;2&quot;:637,&quot;3&quot;:{&quot;1&quot;:0},&quot;5&quot;:{&quot;1&quot;:[{&quot;1&quot;:2,&quot;2&quot;:0,&quot;5&quot;:{&quot;1&quot;:2,&quot;2&quot;:0}},{&quot;1&quot;:0,&quot;2&quot;:0,&quot;3&quot;:3},{&quot;1&quot;:1,&quot;2&quot;:0,&quot;4&quot;:1}]},&quot;6&quot;:{&quot;1&quot;:[{&quot;1&quot;:2,&quot;2&quot;:0,&quot;5&quot;:{&quot;1&quot;:2,&quot;2&quot;:0}},{&quot;1&quot;:0,&quot;2&quot;:0,&quot;3&quot;:3},{&quot;1&quot;:1,&quot;2&quot;:0,&quot;4&quot;:1}]},&quot;7&quot;:{&quot;1&quot;:[{&quot;1&quot;:2,&quot;2&quot;:0,&quot;5&quot;:{&quot;1&quot;:2,&quot;2&quot;:0}},{&quot;1&quot;:0,&quot;2&quot;:0,&quot;3&quot;:3},{&quot;1&quot;:1,&quot;2&quot;:0,&quot;4&quot;:1}]},&quot;8&quot;:{&quot;1&quot;:[{&quot;1&quot;:2,&quot;2&quot;:0,&quot;5&quot;:{&quot;1&quot;:2,&quot;2&quot;:0}},{&quot;1&quot;:0,&quot;2&quot;:0,&quot;3&quot;:3},{&quot;1&quot;:1,&quot;2&quot;:0,&quot;4&quot;:1}]},&quot;9&quot;:1,&quot;12&quot;:0}\"><span style=\"font-weight: 400; font-size: 14px; line-height: 1.5714em;\">Whatsapp: +52 55 1620 7310 O Link directo: <a href=\"https:\/\/tinyurl.com\/Contacto-AlquimiaRegenerativa\">https:\/\/tinyurl.com\/Contacto-AlquimiaRegenerativa<\/a><\/span><\/span><\/span><\/span><\/p>\n<\/div>\n<\/div>\n","protected":false},"excerpt":{"rendered":"<p>Tenemos un sistema inmune con amplia cantidad de c\u00e9lulas que nos defienden de pat\u00f3genos, virus, bacterias, y toxinas externas que [&hellip;]<\/p>\n","protected":false},"featured_media":3420,"comment_status":"open","ping_status":"closed","template":"","meta":{"site-sidebar-layout":"default","site-content-layout":"","ast-site-content-layout":"default","site-content-style":"default","site-sidebar-style":"default","ast-global-header-display":"","ast-banner-title-visibility":"","ast-main-header-display":"","ast-hfb-above-header-display":"","ast-hfb-below-header-display":"","ast-hfb-mobile-header-display":"","site-post-title":"","ast-breadcrumbs-content":"","ast-featured-img":"","footer-sml-layout":"","ast-disable-related-posts":"","theme-transparent-header-meta":"default","adv-header-id-meta":"","stick-header-meta":"","header-above-stick-meta":"","header-main-stick-meta":"","header-below-stick-meta":"","astra-migrate-meta-layouts":"set","ast-page-background-enabled":"default","ast-page-background-meta":{"desktop":{"background-color":"var(--ast-global-color-4)","background-image":"","background-repeat":"repeat","background-position":"center center","background-size":"auto","background-attachment":"scroll","background-type":"","background-media":"","overlay-type":"","overlay-color":"","overlay-opacity":"","overlay-gradient":""},"tablet":{"background-color":"","background-image":"","background-repeat":"repeat","background-position":"center center","background-size":"auto","background-attachment":"scroll","background-type":"","background-media":"","overlay-type":"","overlay-color":"","overlay-opacity":"","overlay-gradient":""},"mobile":{"background-color":"","background-image":"","background-repeat":"repeat","background-position":"center center","background-size":"auto","background-attachment":"scroll","background-type":"","background-media":"","overlay-type":"","overlay-color":"","overlay-opacity":"","overlay-gradient":""}},"ast-content-background-meta":{"desktop":{"background-color":"var(--ast-global-color-5)","background-image":"","background-repeat":"repeat","background-position":"center center","background-size":"auto","background-attachment":"scroll","background-type":"","background-media":"","overlay-type":"","overlay-color":"","overlay-opacity":"","overlay-gradient":""},"tablet":{"background-color":"var(--ast-global-color-5)","background-image":"","background-repeat":"repeat","background-position":"center center","background-size":"auto","background-attachment":"scroll","background-type":"","background-media":"","overlay-type":"","overlay-color":"","overlay-opacity":"","overlay-gradient":""},"mobile":{"background-color":"var(--ast-global-color-5)","background-image":"","background-repeat":"repeat","background-position":"center center","background-size":"auto","background-attachment":"scroll","background-type":"","background-media":"","overlay-type":"","overlay-color":"","overlay-opacity":"","overlay-gradient":""}},"_joinchat":[]},"product_brand":[],"product_cat":[82],"product_tag":[],"class_list":{"0":"post-3316","1":"product","2":"type-product","3":"status-publish","4":"has-post-thumbnail","6":"product_cat-masterclass","7":"desktop-align-center","8":"tablet-align-center","9":"mobile-align-center","11":"first","12":"instock","13":"virtual","14":"sold-individually","15":"taxable","16":"purchasable","17":"product-type-simple"},"yoast_head":"<!-- This site is optimized with the Yoast SEO Premium plugin v23.4 (Yoast SEO v27.4) - https:\/\/yoast.com\/product\/yoast-seo-premium-wordpress\/ -->\n<title>28\/2 MASTERCLASS ENFERMEDADES AUTOINMUNES\ud83c\udf3f\u2728 - Alquimia Regenerativa<\/title>\n<meta name=\"robots\" content=\"index, follow, max-snippet:-1, max-image-preview:large, max-video-preview:-1\" \/>\n<link rel=\"canonical\" href=\"https:\/\/alquimiaregenerativa.com\/en\/tienda\/enfermedadesautoinmunes\/\" \/>\n<meta property=\"og:locale\" content=\"en_US\" \/>\n<meta property=\"og:type\" content=\"article\" \/>\n<meta property=\"og:title\" content=\"28\/2 MASTERCLASS ENFERMEDADES AUTOINMUNES\ud83c\udf3f\u2728\" \/>\n<meta property=\"og:description\" content=\"Tenemos un sistema inmune con amplia cantidad de c\u00e9lulas que nos defienden de pat\u00f3genos, virus, bacterias, y toxinas externas que [&hellip;]\" \/>\n<meta property=\"og:url\" content=\"https:\/\/alquimiaregenerativa.com\/en\/tienda\/enfermedadesautoinmunes\/\" \/>\n<meta property=\"og:site_name\" content=\"Alquimia Regenerativa\" \/>\n<meta property=\"article:modified_time\" content=\"2026-04-11T01:44:32+00:00\" \/>\n<meta property=\"og:image\" content=\"https:\/\/alquimiaregenerativa.com\/wp-content\/uploads\/2025\/01\/web-cambio-de-haitos.png\" \/>\n\t<meta property=\"og:image:width\" content=\"1024\" \/>\n\t<meta property=\"og:image:height\" content=\"1024\" \/>\n\t<meta property=\"og:image:type\" content=\"image\/png\" \/>\n<meta name=\"twitter:card\" content=\"summary_large_image\" \/>\n<meta name=\"twitter:image\" content=\"https:\/\/alquimiaregenerativa.com\/wp-content\/uploads\/2025\/01\/web-cambio-de-haitos.png\" \/>\n<meta name=\"twitter:label1\" content=\"Price\" \/>\n\t<meta name=\"twitter:data1\" content=\"MXN $&nbsp;555.00\" \/>\n\t<meta name=\"twitter:label2\" content=\"Availability\" \/>\n\t<meta name=\"twitter:data2\" content=\"In stock\" \/>\n<script type=\"application\/ld+json\" class=\"yoast-schema-graph\">{\"@context\":\"https:\\\/\\\/schema.org\",\"@graph\":[{\"@type\":\"WebPage\",\"@id\":\"https:\\\/\\\/alquimiaregenerativa.com\\\/tienda\\\/enfermedadesautoinmunes\\\/\",\"url\":\"https:\\\/\\\/alquimiaregenerativa.com\\\/tienda\\\/enfermedadesautoinmunes\\\/\",\"name\":\"28\\\/2 MASTERCLASS ENFERMEDADES AUTOINMUNES\ud83c\udf3f\u2728 - Alquimia Regenerativa\",\"isPartOf\":{\"@id\":\"https:\\\/\\\/alquimiaregenerativa.com\\\/#website\"},\"primaryImageOfPage\":{\"@id\":\"https:\\\/\\\/alquimiaregenerativa.com\\\/tienda\\\/enfermedadesautoinmunes\\\/#primaryimage\"},\"image\":{\"@id\":\"https:\\\/\\\/alquimiaregenerativa.com\\\/tienda\\\/enfermedadesautoinmunes\\\/#primaryimage\"},\"thumbnailUrl\":\"https:\\\/\\\/alquimiaregenerativa.com\\\/wp-content\\\/uploads\\\/2025\\\/02\\\/MASTERCLASS-ENFERMEDADES-CRONICAS.png\",\"datePublished\":\"2025-01-17T15:54:11+00:00\",\"dateModified\":\"2026-04-11T01:44:32+00:00\",\"breadcrumb\":{\"@id\":\"https:\\\/\\\/alquimiaregenerativa.com\\\/tienda\\\/enfermedadesautoinmunes\\\/#breadcrumb\"},\"inLanguage\":\"en-US\",\"potentialAction\":[{\"@type\":\"ReadAction\",\"target\":[\"https:\\\/\\\/alquimiaregenerativa.com\\\/tienda\\\/enfermedadesautoinmunes\\\/\"]}]},{\"@type\":\"ImageObject\",\"inLanguage\":\"en-US\",\"@id\":\"https:\\\/\\\/alquimiaregenerativa.com\\\/tienda\\\/enfermedadesautoinmunes\\\/#primaryimage\",\"url\":\"https:\\\/\\\/alquimiaregenerativa.com\\\/wp-content\\\/uploads\\\/2025\\\/02\\\/MASTERCLASS-ENFERMEDADES-CRONICAS.png\",\"contentUrl\":\"https:\\\/\\\/alquimiaregenerativa.com\\\/wp-content\\\/uploads\\\/2025\\\/02\\\/MASTERCLASS-ENFERMEDADES-CRONICAS.png\",\"width\":960,\"height\":1280},{\"@type\":\"BreadcrumbList\",\"@id\":\"https:\\\/\\\/alquimiaregenerativa.com\\\/tienda\\\/enfermedadesautoinmunes\\\/#breadcrumb\",\"itemListElement\":[{\"@type\":\"ListItem\",\"position\":1,\"name\":\"Portada\",\"item\":\"https:\\\/\\\/alquimiaregenerativa.com\\\/\"},{\"@type\":\"ListItem\",\"position\":2,\"name\":\"Tienda\",\"item\":\"https:\\\/\\\/alquimiaregenerativa.com\\\/tienda\\\/\"},{\"@type\":\"ListItem\",\"position\":3,\"name\":\"28\\\/2 MASTERCLASS ENFERMEDADES AUTOINMUNES\ud83c\udf3f\u2728\"}]},{\"@type\":\"WebSite\",\"@id\":\"https:\\\/\\\/alquimiaregenerativa.com\\\/#website\",\"url\":\"https:\\\/\\\/alquimiaregenerativa.com\\\/\",\"name\":\"Alquimia Regenerativa\",\"description\":\"Comienza tu proceso de tranformaci\u00f3n\",\"potentialAction\":[{\"@type\":\"SearchAction\",\"target\":{\"@type\":\"EntryPoint\",\"urlTemplate\":\"https:\\\/\\\/alquimiaregenerativa.com\\\/?s={search_term_string}\"},\"query-input\":{\"@type\":\"PropertyValueSpecification\",\"valueRequired\":true,\"valueName\":\"search_term_string\"}}],\"inLanguage\":\"en-US\"}]}<\/script>\n<meta property=\"product:price:amount\" content=\"555.00\" \/>\n<meta property=\"product:price:currency\" content=\"MXN\" \/>\n<meta property=\"og:availability\" content=\"instock\" \/>\n<meta property=\"product:availability\" content=\"instock\" \/>\n<meta property=\"product:condition\" content=\"new\" \/>\n<!-- \/ Yoast SEO Premium plugin. -->","yoast_head_json":{"title":"28\/2 MASTERCLASS AUTOIMMUNE DISEASES\ud83c\udf3f\u2728 - Regenerative Alchemy","robots":{"index":"index","follow":"follow","max-snippet":"max-snippet:-1","max-image-preview":"max-image-preview:large","max-video-preview":"max-video-preview:-1"},"canonical":"https:\/\/alquimiaregenerativa.com\/en\/tienda\/enfermedadesautoinmunes\/","og_locale":"en_US","og_type":"article","og_title":"28\/2 MASTERCLASS ENFERMEDADES AUTOINMUNES\ud83c\udf3f\u2728","og_description":"Tenemos un sistema inmune con amplia cantidad de c\u00e9lulas que nos defienden de pat\u00f3genos, virus, bacterias, y toxinas externas que [&hellip;]","og_url":"https:\/\/alquimiaregenerativa.com\/en\/tienda\/enfermedadesautoinmunes\/","og_site_name":"Alquimia Regenerativa","article_modified_time":"2026-04-11T01:44:32+00:00","og_image":[{"url":"https:\/\/alquimiaregenerativa.com\/wp-content\/uploads\/2025\/01\/web-cambio-de-haitos.png","width":1024,"height":1024,"type":"image\/png"}],"twitter_card":"summary_large_image","twitter_image":"https:\/\/alquimiaregenerativa.com\/wp-content\/uploads\/2025\/01\/web-cambio-de-haitos.png","twitter_misc":{"Price":"MXN $&nbsp;555.00","Availability":"In stock"},"schema":{"@context":"https:\/\/schema.org","@graph":[{"@type":"WebPage","@id":"https:\/\/alquimiaregenerativa.com\/tienda\/enfermedadesautoinmunes\/","url":"https:\/\/alquimiaregenerativa.com\/tienda\/enfermedadesautoinmunes\/","name":"28\/2 MASTERCLASS AUTOIMMUNE DISEASES\ud83c\udf3f\u2728 - Regenerative Alchemy","isPartOf":{"@id":"https:\/\/alquimiaregenerativa.com\/#website"},"primaryImageOfPage":{"@id":"https:\/\/alquimiaregenerativa.com\/tienda\/enfermedadesautoinmunes\/#primaryimage"},"image":{"@id":"https:\/\/alquimiaregenerativa.com\/tienda\/enfermedadesautoinmunes\/#primaryimage"},"thumbnailUrl":"https:\/\/alquimiaregenerativa.com\/wp-content\/uploads\/2025\/02\/MASTERCLASS-ENFERMEDADES-CRONICAS.png","datePublished":"2025-01-17T15:54:11+00:00","dateModified":"2026-04-11T01:44:32+00:00","breadcrumb":{"@id":"https:\/\/alquimiaregenerativa.com\/tienda\/enfermedadesautoinmunes\/#breadcrumb"},"inLanguage":"en-US","potentialAction":[{"@type":"ReadAction","target":["https:\/\/alquimiaregenerativa.com\/tienda\/enfermedadesautoinmunes\/"]}]},{"@type":"ImageObject","inLanguage":"en-US","@id":"https:\/\/alquimiaregenerativa.com\/tienda\/enfermedadesautoinmunes\/#primaryimage","url":"https:\/\/alquimiaregenerativa.com\/wp-content\/uploads\/2025\/02\/MASTERCLASS-ENFERMEDADES-CRONICAS.png","contentUrl":"https:\/\/alquimiaregenerativa.com\/wp-content\/uploads\/2025\/02\/MASTERCLASS-ENFERMEDADES-CRONICAS.png","width":960,"height":1280},{"@type":"BreadcrumbList","@id":"https:\/\/alquimiaregenerativa.com\/tienda\/enfermedadesautoinmunes\/#breadcrumb","itemListElement":[{"@type":"ListItem","position":1,"name":"Portada","item":"https:\/\/alquimiaregenerativa.com\/"},{"@type":"ListItem","position":2,"name":"Tienda","item":"https:\/\/alquimiaregenerativa.com\/tienda\/"},{"@type":"ListItem","position":3,"name":"28\/2 MASTERCLASS ENFERMEDADES AUTOINMUNES\ud83c\udf3f\u2728"}]},{"@type":"WebSite","@id":"https:\/\/alquimiaregenerativa.com\/#website","url":"https:\/\/alquimiaregenerativa.com\/","name":"Regenerative Alchemy","description":"Start your transformation process","potentialAction":[{"@type":"SearchAction","target":{"@type":"EntryPoint","urlTemplate":"https:\/\/alquimiaregenerativa.com\/?s={search_term_string}"},"query-input":{"@type":"PropertyValueSpecification","valueRequired":true,"valueName":"search_term_string"}}],"inLanguage":"en-US"}]},"product_price_amount":"555.00","product_price_currency":"MXN","og_availability":"instock","product_availability":"instock","product_condition":"new"},"jetpack_sharing_enabled":true,"_links":{"self":[{"href":"https:\/\/alquimiaregenerativa.com\/en\/wp-json\/wp\/v2\/product\/3316","targetHints":{"allow":["GET"]}}],"collection":[{"href":"https:\/\/alquimiaregenerativa.com\/en\/wp-json\/wp\/v2\/product"}],"about":[{"href":"https:\/\/alquimiaregenerativa.com\/en\/wp-json\/wp\/v2\/types\/product"}],"replies":[{"embeddable":true,"href":"https:\/\/alquimiaregenerativa.com\/en\/wp-json\/wp\/v2\/comments?post=3316"}],"wp:featuredmedia":[{"embeddable":true,"href":"https:\/\/alquimiaregenerativa.com\/en\/wp-json\/wp\/v2\/media\/3420"}],"wp:attachment":[{"href":"https:\/\/alquimiaregenerativa.com\/en\/wp-json\/wp\/v2\/media?parent=3316"}],"wp:term":[{"taxonomy":"product_brand","embeddable":true,"href":"https:\/\/alquimiaregenerativa.com\/en\/wp-json\/wp\/v2\/product_brand?post=3316"},{"taxonomy":"product_cat","embeddable":true,"href":"https:\/\/alquimiaregenerativa.com\/en\/wp-json\/wp\/v2\/product_cat?post=3316"},{"taxonomy":"product_tag","embeddable":true,"href":"https:\/\/alquimiaregenerativa.com\/en\/wp-json\/wp\/v2\/product_tag?post=3316"}],"curies":[{"name":"wp","href":"https:\/\/api.w.org\/{rel}","templated":true}]}}