{"id":3742,"date":"2025-03-18T14:27:01","date_gmt":"2025-03-18T13:27:01","guid":{"rendered":"https:\/\/alquimiaregenerativa.com\/?post_type=product&#038;p=3742"},"modified":"2026-01-29T19:55:29","modified_gmt":"2026-01-29T18:55:29","slug":"anatomiaysomaticautero","status":"publish","type":"product","link":"https:\/\/alquimiaregenerativa.com\/en\/tienda\/anatomiaysomaticautero\/","title":{"rendered":"MASTERCLASS Anatomy and Somatics of the Uterus\u2728"},"content":{"rendered":"<p><b>MASTERCLASS Anatom\u00eda y Som\u00e1tica del \u00datero<\/b><\/p>\n<p><span style=\"font-weight: 400;\">Esta masterclass es una experiencia vivencial para reconectar con la profunda sabidur\u00eda de tu cuerpo y de tu \u00fatero. Te invitamos a aprender la anatom\u00eda del Sistema\u00a0 Femenino de una forma diferente conectando con tus sensaciones, intuici\u00f3n y sentir.\u00a0<\/span><\/p>\n<p><span style=\"font-weight: 400;\">\ud83d\udc83 Exploraremos juntas la sabidur\u00eda del \u00fatero, los ovarios y la pelvis comprendiendo su lenguaje desde el movimiento som\u00e1tico, la respiraci\u00f3n y la escucha interna.<\/span><\/p>\n<p><span style=\"font-weight: 400;\">Esta experiencia es para que vos si sentiste el llamado a:<\/span><\/p>\n<p><span style=\"font-weight: 400;\">\ud83c\udf3a Reconectar con tu energ\u00eda creativa y sexual<\/span><span style=\"font-weight: 400;\"><br \/>\n<\/span><span style=\"font-weight: 400;\"> \ud83c\udf3a Entender tu anatom\u00eda desde un lugar amoroso y consciente<\/span><span style=\"font-weight: 400;\"><br \/>\n<\/span><span style=\"font-weight: 400;\"> \ud83c\udf3aHabitar tu cuerpo como templo sagrado<\/span><span style=\"font-weight: 400;\"><br \/>\n<\/span><span style=\"font-weight: 400;\"> \ud83c\udf3aIntegrar emoci\u00f3n, cuerpo y energ\u00eda en un solo lenguaje<\/span><\/p>\n<p><b>De regalo recibe: <\/b><span style=\"font-weight: 400;\">una clase de Ciclicidad Femenina y Anticoncepci\u00f3n Natural (precio real 555 c\/u)\u00a0<\/span><\/p>\n<p><b><\/b><b><br \/>\n<\/b><strong>Valor:<\/strong> MXN $555 \/ 30 USD (Aprox, valor seg\u00fan la conversi\u00f3n<span class=\"WdYUQQ text-decoration-underline text-strikethrough-none\">) \/ $43 <span style=\"font-weight: 400;\">mil Ars (Solo para pesos Argentinos pedir cuenta para abonar por transferencia) al <span data-sheets-root=\"1\" data-sheets-value=\"{&quot;1&quot;:3,&quot;3&quot;:1333}\" data-sheets-userformat=\"{&quot;2&quot;:637,&quot;3&quot;:{&quot;1&quot;:0},&quot;5&quot;:{&quot;1&quot;:[{&quot;1&quot;:2,&quot;2&quot;:0,&quot;5&quot;:{&quot;1&quot;:2,&quot;2&quot;:0}},{&quot;1&quot;:0,&quot;2&quot;:0,&quot;3&quot;:3},{&quot;1&quot;:1,&quot;2&quot;:0,&quot;4&quot;:1}]},&quot;6&quot;:{&quot;1&quot;:[{&quot;1&quot;:2,&quot;2&quot;:0,&quot;5&quot;:{&quot;1&quot;:2,&quot;2&quot;:0}},{&quot;1&quot;:0,&quot;2&quot;:0,&quot;3&quot;:3},{&quot;1&quot;:1,&quot;2&quot;:0,&quot;4&quot;:1}]},&quot;7&quot;:{&quot;1&quot;:[{&quot;1&quot;:2,&quot;2&quot;:0,&quot;5&quot;:{&quot;1&quot;:2,&quot;2&quot;:0}},{&quot;1&quot;:0,&quot;2&quot;:0,&quot;3&quot;:3},{&quot;1&quot;:1,&quot;2&quot;:0,&quot;4&quot;:1}]},&quot;8&quot;:{&quot;1&quot;:[{&quot;1&quot;:2,&quot;2&quot;:0,&quot;5&quot;:{&quot;1&quot;:2,&quot;2&quot;:0}},{&quot;1&quot;:0,&quot;2&quot;:0,&quot;3&quot;:3},{&quot;1&quot;:1,&quot;2&quot;:0,&quot;4&quot;:1}]},&quot;9&quot;:1,&quot;12&quot;:0}\"><span style=\"font-weight: 400; font-size: 14px; line-height: 1.5714em;\">Whatsapp: +52 55 1620 7310 O Link directo: <a href=\"https:\/\/tinyurl.com\/Contacto-AlquimiaRegenerativa\">https:\/\/tinyurl.com\/Contacto-AlquimiaRegenerativa<\/a><\/span><\/span><\/span><\/span><\/p>\n<p>&nbsp;<\/p>\n","protected":false},"excerpt":{"rendered":"<p>MASTERCLASS Anatom\u00eda y Som\u00e1tica del \u00datero Esta masterclass es una experiencia vivencial para reconectar con la profunda sabidur\u00eda de tu [&hellip;]<\/p>\n","protected":false},"featured_media":8960,"comment_status":"open","ping_status":"closed","template":"","meta":{"site-sidebar-layout":"default","site-content-layout":"","ast-site-content-layout":"default","site-content-style":"default","site-sidebar-style":"default","ast-global-header-display":"","ast-banner-title-visibility":"","ast-main-header-display":"","ast-hfb-above-header-display":"","ast-hfb-below-header-display":"","ast-hfb-mobile-header-display":"","site-post-title":"","ast-breadcrumbs-content":"","ast-featured-img":"","footer-sml-layout":"","ast-disable-related-posts":"","theme-transparent-header-meta":"default","adv-header-id-meta":"","stick-header-meta":"","header-above-stick-meta":"","header-main-stick-meta":"","header-below-stick-meta":"","astra-migrate-meta-layouts":"set","ast-page-background-enabled":"default","ast-page-background-meta":{"desktop":{"background-color":"var(--ast-global-color-4)","background-image":"","background-repeat":"repeat","background-position":"center center","background-size":"auto","background-attachment":"scroll","background-type":"","background-media":"","overlay-type":"","overlay-color":"","overlay-opacity":"","overlay-gradient":""},"tablet":{"background-color":"","background-image":"","background-repeat":"repeat","background-position":"center center","background-size":"auto","background-attachment":"scroll","background-type":"","background-media":"","overlay-type":"","overlay-color":"","overlay-opacity":"","overlay-gradient":""},"mobile":{"background-color":"","background-image":"","background-repeat":"repeat","background-position":"center center","background-size":"auto","background-attachment":"scroll","background-type":"","background-media":"","overlay-type":"","overlay-color":"","overlay-opacity":"","overlay-gradient":""}},"ast-content-background-meta":{"desktop":{"background-color":"var(--ast-global-color-5)","background-image":"","background-repeat":"repeat","background-position":"center center","background-size":"auto","background-attachment":"scroll","background-type":"","background-media":"","overlay-type":"","overlay-color":"","overlay-opacity":"","overlay-gradient":""},"tablet":{"background-color":"var(--ast-global-color-5)","background-image":"","background-repeat":"repeat","background-position":"center center","background-size":"auto","background-attachment":"scroll","background-type":"","background-media":"","overlay-type":"","overlay-color":"","overlay-opacity":"","overlay-gradient":""},"mobile":{"background-color":"var(--ast-global-color-5)","background-image":"","background-repeat":"repeat","background-position":"center center","background-size":"auto","background-attachment":"scroll","background-type":"","background-media":"","overlay-type":"","overlay-color":"","overlay-opacity":"","overlay-gradient":""}},"_joinchat":[]},"product_brand":[],"product_cat":[15],"product_tag":[],"class_list":{"0":"post-3742","1":"product","2":"type-product","3":"status-publish","4":"has-post-thumbnail","6":"product_cat-todo","7":"desktop-align-center","8":"tablet-align-center","9":"mobile-align-center","11":"first","12":"instock","13":"downloadable","14":"virtual","15":"sold-individually","16":"taxable","17":"purchasable","18":"product-type-simple"},"yoast_head":"<!-- This site is optimized with the Yoast SEO Premium plugin v23.4 (Yoast SEO v27.3) - https:\/\/yoast.com\/product\/yoast-seo-premium-wordpress\/ -->\n<title>MASTERCLASS Anatom\u00eda y Som\u00e1tica del \u00datero\u2728 - Alquimia Regenerativa<\/title>\n<meta name=\"robots\" content=\"index, follow, max-snippet:-1, max-image-preview:large, max-video-preview:-1\" \/>\n<link rel=\"canonical\" href=\"https:\/\/alquimiaregenerativa.com\/en\/tienda\/anatomiaysomaticautero\/\" \/>\n<meta property=\"og:locale\" content=\"en_US\" \/>\n<meta property=\"og:type\" content=\"article\" \/>\n<meta property=\"og:title\" content=\"MASTERCLASS Anatom\u00eda y Som\u00e1tica del \u00datero\u2728\" \/>\n<meta property=\"og:description\" content=\"MASTERCLASS Anatom\u00eda y Som\u00e1tica del \u00datero Esta masterclass es una experiencia vivencial para reconectar con la profunda sabidur\u00eda de tu [&hellip;]\" \/>\n<meta property=\"og:url\" content=\"https:\/\/alquimiaregenerativa.com\/en\/tienda\/anatomiaysomaticautero\/\" \/>\n<meta property=\"og:site_name\" content=\"Alquimia Regenerativa\" \/>\n<meta property=\"article:modified_time\" content=\"2026-01-29T18:55:29+00:00\" \/>\n<meta property=\"og:image\" content=\"https:\/\/alquimiaregenerativa.com\/wp-content\/uploads\/2025\/03\/MASTERCLASS-ANATOMIA-Y-SOMATICA-DE-UTERO-1.png\" \/>\n\t<meta property=\"og:image:width\" content=\"1080\" \/>\n\t<meta property=\"og:image:height\" content=\"1080\" \/>\n\t<meta property=\"og:image:type\" content=\"image\/png\" \/>\n<meta name=\"twitter:card\" content=\"summary_large_image\" \/>\n<meta name=\"twitter:label1\" content=\"Price\" \/>\n\t<meta name=\"twitter:data1\" content=\"MXN $&nbsp;555.00\" \/>\n\t<meta name=\"twitter:label2\" content=\"Availability\" \/>\n\t<meta name=\"twitter:data2\" content=\"In stock\" \/>\n<script type=\"application\/ld+json\" class=\"yoast-schema-graph\">{\"@context\":\"https:\\\/\\\/schema.org\",\"@graph\":[{\"@type\":\"WebPage\",\"@id\":\"https:\\\/\\\/alquimiaregenerativa.com\\\/tienda\\\/anatomiaysomaticautero\\\/\",\"url\":\"https:\\\/\\\/alquimiaregenerativa.com\\\/tienda\\\/anatomiaysomaticautero\\\/\",\"name\":\"MASTERCLASS Anatom\u00eda y Som\u00e1tica del \u00datero\u2728 - Alquimia Regenerativa\",\"isPartOf\":{\"@id\":\"https:\\\/\\\/alquimiaregenerativa.com\\\/#website\"},\"primaryImageOfPage\":{\"@id\":\"https:\\\/\\\/alquimiaregenerativa.com\\\/tienda\\\/anatomiaysomaticautero\\\/#primaryimage\"},\"image\":{\"@id\":\"https:\\\/\\\/alquimiaregenerativa.com\\\/tienda\\\/anatomiaysomaticautero\\\/#primaryimage\"},\"thumbnailUrl\":\"https:\\\/\\\/alquimiaregenerativa.com\\\/wp-content\\\/uploads\\\/2025\\\/03\\\/MASTERCLASS-ANATOMIA-Y-SOMATICA-DE-UTERO-1.png\",\"datePublished\":\"2025-03-18T13:27:01+00:00\",\"dateModified\":\"2026-01-29T18:55:29+00:00\",\"breadcrumb\":{\"@id\":\"https:\\\/\\\/alquimiaregenerativa.com\\\/tienda\\\/anatomiaysomaticautero\\\/#breadcrumb\"},\"inLanguage\":\"en-US\",\"potentialAction\":[{\"@type\":\"ReadAction\",\"target\":[\"https:\\\/\\\/alquimiaregenerativa.com\\\/tienda\\\/anatomiaysomaticautero\\\/\"]}]},{\"@type\":\"ImageObject\",\"inLanguage\":\"en-US\",\"@id\":\"https:\\\/\\\/alquimiaregenerativa.com\\\/tienda\\\/anatomiaysomaticautero\\\/#primaryimage\",\"url\":\"https:\\\/\\\/alquimiaregenerativa.com\\\/wp-content\\\/uploads\\\/2025\\\/03\\\/MASTERCLASS-ANATOMIA-Y-SOMATICA-DE-UTERO-1.png\",\"contentUrl\":\"https:\\\/\\\/alquimiaregenerativa.com\\\/wp-content\\\/uploads\\\/2025\\\/03\\\/MASTERCLASS-ANATOMIA-Y-SOMATICA-DE-UTERO-1.png\",\"width\":1080,\"height\":1080},{\"@type\":\"BreadcrumbList\",\"@id\":\"https:\\\/\\\/alquimiaregenerativa.com\\\/tienda\\\/anatomiaysomaticautero\\\/#breadcrumb\",\"itemListElement\":[{\"@type\":\"ListItem\",\"position\":1,\"name\":\"Portada\",\"item\":\"https:\\\/\\\/alquimiaregenerativa.com\\\/\"},{\"@type\":\"ListItem\",\"position\":2,\"name\":\"Tienda\",\"item\":\"https:\\\/\\\/alquimiaregenerativa.com\\\/tienda\\\/\"},{\"@type\":\"ListItem\",\"position\":3,\"name\":\"MASTERCLASS Anatom\u00eda y Som\u00e1tica del \u00datero\u2728\"}]},{\"@type\":\"WebSite\",\"@id\":\"https:\\\/\\\/alquimiaregenerativa.com\\\/#website\",\"url\":\"https:\\\/\\\/alquimiaregenerativa.com\\\/\",\"name\":\"Alquimia Regenerativa\",\"description\":\"Comienza tu proceso de tranformaci\u00f3n\",\"potentialAction\":[{\"@type\":\"SearchAction\",\"target\":{\"@type\":\"EntryPoint\",\"urlTemplate\":\"https:\\\/\\\/alquimiaregenerativa.com\\\/?s={search_term_string}\"},\"query-input\":{\"@type\":\"PropertyValueSpecification\",\"valueRequired\":true,\"valueName\":\"search_term_string\"}}],\"inLanguage\":\"en-US\"}]}<\/script>\n<meta property=\"product:price:amount\" content=\"555.00\" \/>\n<meta property=\"product:price:currency\" content=\"MXN\" \/>\n<meta property=\"og:availability\" content=\"instock\" \/>\n<meta property=\"product:availability\" content=\"instock\" \/>\n<meta property=\"product:condition\" content=\"new\" \/>\n<!-- \/ Yoast SEO Premium plugin. -->","yoast_head_json":{"title":"MASTERCLASS Anatom\u00eda y Som\u00e1tica del \u00datero\u2728 - Alquimia Regenerativa","robots":{"index":"index","follow":"follow","max-snippet":"max-snippet:-1","max-image-preview":"max-image-preview:large","max-video-preview":"max-video-preview:-1"},"canonical":"https:\/\/alquimiaregenerativa.com\/en\/tienda\/anatomiaysomaticautero\/","og_locale":"en_US","og_type":"article","og_title":"MASTERCLASS Anatom\u00eda y Som\u00e1tica del \u00datero\u2728","og_description":"MASTERCLASS Anatom\u00eda y Som\u00e1tica del \u00datero Esta masterclass es una experiencia vivencial para reconectar con la profunda sabidur\u00eda de tu [&hellip;]","og_url":"https:\/\/alquimiaregenerativa.com\/en\/tienda\/anatomiaysomaticautero\/","og_site_name":"Alquimia Regenerativa","article_modified_time":"2026-01-29T18:55:29+00:00","og_image":[{"width":1080,"height":1080,"url":"https:\/\/alquimiaregenerativa.com\/wp-content\/uploads\/2025\/03\/MASTERCLASS-ANATOMIA-Y-SOMATICA-DE-UTERO-1.png","type":"image\/png"}],"twitter_card":"summary_large_image","twitter_misc":{"Price":"MXN $&nbsp;555.00","Availability":"In stock"},"schema":{"@context":"https:\/\/schema.org","@graph":[{"@type":"WebPage","@id":"https:\/\/alquimiaregenerativa.com\/tienda\/anatomiaysomaticautero\/","url":"https:\/\/alquimiaregenerativa.com\/tienda\/anatomiaysomaticautero\/","name":"MASTERCLASS Anatom\u00eda y Som\u00e1tica del \u00datero\u2728 - Alquimia Regenerativa","isPartOf":{"@id":"https:\/\/alquimiaregenerativa.com\/#website"},"primaryImageOfPage":{"@id":"https:\/\/alquimiaregenerativa.com\/tienda\/anatomiaysomaticautero\/#primaryimage"},"image":{"@id":"https:\/\/alquimiaregenerativa.com\/tienda\/anatomiaysomaticautero\/#primaryimage"},"thumbnailUrl":"https:\/\/alquimiaregenerativa.com\/wp-content\/uploads\/2025\/03\/MASTERCLASS-ANATOMIA-Y-SOMATICA-DE-UTERO-1.png","datePublished":"2025-03-18T13:27:01+00:00","dateModified":"2026-01-29T18:55:29+00:00","breadcrumb":{"@id":"https:\/\/alquimiaregenerativa.com\/tienda\/anatomiaysomaticautero\/#breadcrumb"},"inLanguage":"en-US","potentialAction":[{"@type":"ReadAction","target":["https:\/\/alquimiaregenerativa.com\/tienda\/anatomiaysomaticautero\/"]}]},{"@type":"ImageObject","inLanguage":"en-US","@id":"https:\/\/alquimiaregenerativa.com\/tienda\/anatomiaysomaticautero\/#primaryimage","url":"https:\/\/alquimiaregenerativa.com\/wp-content\/uploads\/2025\/03\/MASTERCLASS-ANATOMIA-Y-SOMATICA-DE-UTERO-1.png","contentUrl":"https:\/\/alquimiaregenerativa.com\/wp-content\/uploads\/2025\/03\/MASTERCLASS-ANATOMIA-Y-SOMATICA-DE-UTERO-1.png","width":1080,"height":1080},{"@type":"BreadcrumbList","@id":"https:\/\/alquimiaregenerativa.com\/tienda\/anatomiaysomaticautero\/#breadcrumb","itemListElement":[{"@type":"ListItem","position":1,"name":"Portada","item":"https:\/\/alquimiaregenerativa.com\/"},{"@type":"ListItem","position":2,"name":"Tienda","item":"https:\/\/alquimiaregenerativa.com\/tienda\/"},{"@type":"ListItem","position":3,"name":"MASTERCLASS Anatom\u00eda y Som\u00e1tica del \u00datero\u2728"}]},{"@type":"WebSite","@id":"https:\/\/alquimiaregenerativa.com\/#website","url":"https:\/\/alquimiaregenerativa.com\/","name":"Regenerative Alchemy","description":"Start your transformation process","potentialAction":[{"@type":"SearchAction","target":{"@type":"EntryPoint","urlTemplate":"https:\/\/alquimiaregenerativa.com\/?s={search_term_string}"},"query-input":{"@type":"PropertyValueSpecification","valueRequired":true,"valueName":"search_term_string"}}],"inLanguage":"en-US"}]},"product_price_amount":"555.00","product_price_currency":"MXN","og_availability":"instock","product_availability":"instock","product_condition":"new"},"jetpack_sharing_enabled":true,"_links":{"self":[{"href":"https:\/\/alquimiaregenerativa.com\/en\/wp-json\/wp\/v2\/product\/3742","targetHints":{"allow":["GET"]}}],"collection":[{"href":"https:\/\/alquimiaregenerativa.com\/en\/wp-json\/wp\/v2\/product"}],"about":[{"href":"https:\/\/alquimiaregenerativa.com\/en\/wp-json\/wp\/v2\/types\/product"}],"replies":[{"embeddable":true,"href":"https:\/\/alquimiaregenerativa.com\/en\/wp-json\/wp\/v2\/comments?post=3742"}],"wp:featuredmedia":[{"embeddable":true,"href":"https:\/\/alquimiaregenerativa.com\/en\/wp-json\/wp\/v2\/media\/8960"}],"wp:attachment":[{"href":"https:\/\/alquimiaregenerativa.com\/en\/wp-json\/wp\/v2\/media?parent=3742"}],"wp:term":[{"taxonomy":"product_brand","embeddable":true,"href":"https:\/\/alquimiaregenerativa.com\/en\/wp-json\/wp\/v2\/product_brand?post=3742"},{"taxonomy":"product_cat","embeddable":true,"href":"https:\/\/alquimiaregenerativa.com\/en\/wp-json\/wp\/v2\/product_cat?post=3742"},{"taxonomy":"product_tag","embeddable":true,"href":"https:\/\/alquimiaregenerativa.com\/en\/wp-json\/wp\/v2\/product_tag?post=3742"}],"curies":[{"name":"wp","href":"https:\/\/api.w.org\/{rel}","templated":true}]}}