{"id":5011,"date":"2025-06-13T17:30:45","date_gmt":"2025-06-13T15:30:45","guid":{"rendered":"https:\/\/alquimiaregenerativa.com\/?post_type=product&#038;p=5011"},"modified":"2026-01-22T17:16:49","modified_gmt":"2026-01-22T16:16:49","slug":"kit-7-dias","status":"publish","type":"product","link":"https:\/\/alquimiaregenerativa.com\/en\/tienda\/kit-7-dias\/","title":{"rendered":"7-DAY KIT"},"content":{"rendered":"","protected":false},"excerpt":{"rendered":"<p class=\"cvGsUA direction-ltr align-justify para-style-body\"><strong><span class=\"OYPEnA font-feature-liga-off font-feature-clig-off font-feature-calt-off text-decoration-none text-strikethrough-none\">Contains:<\/span><\/strong><\/p>\n<ul>\n<li><span class=\"OYPEnA font-feature-liga-off font-feature-clig-off font-feature-calt-off text-decoration-none text-strikethrough-none\">Cure-all tea 50 g<\/span><\/li>\n<li><span class=\"OYPEnA font-feature-liga-off font-feature-clig-off font-feature-calt-off text-decoration-none text-strikethrough-none\">Intestinal broom 40 g<\/span><\/li>\n<li><span class=\"OYPEnA font-feature-liga-off font-feature-clig-off font-feature-calt-off text-decoration-none text-strikethrough-none\">Parasite Tincture 30 ml<\/span><\/li>\n<li><span class=\"OYPEnA font-feature-liga-off font-feature-clig-off font-feature-calt-off text-decoration-none text-strikethrough-none\">Liver Tincture 30 ml<\/span><\/li>\n<\/ul>\n<p class=\"cvGsUA direction-ltr align-justify para-style-body\"><strong><span class=\"OYPEnA font-feature-liga-off font-feature-clig-off font-feature-calt-off text-decoration-none text-strikethrough-none\">Investment $905 with discount<\/span><\/strong><\/p>\n<p>&nbsp;<\/p>\n<p><strong>\u2714\ufe0fHeals everything:<\/strong> As its name suggests, it is a mix of herbs to alkalize, detoxify and regenerate the body. It strengthens and regenerates the digestive system when drunk daily. It is also used in enemas (repairs damaged, permeable or inflamed intestines). In vaginal douches it helps to alkalize the uterus and cause healing when there are cysts, endometriosis, fibroids, myomas or excessive bleeding.<\/p>\n<p><strong>Ingredients:<\/strong> White oak bark, plantain, comfrey root and leaves, black walnut hull, chaparral herb, burdock root, marshmallow root.<\/p>\n<p><strong>How to use:<\/strong> 1 or 2 cups a day, between meals or on an empty stomach. It can also be used for vaginal douches (regenerates the uterus!) and enemas. 1 tablespoon per 500 ml.<\/p>\n<p>\u2714\ufe0f<strong>Intestinal Broom:\u00a0<\/strong> Mix of psyllium, activated charcoal and clay, serves to clean the intestines from the inside, agglomerates toxins to be removed safely (heavy metals, acids, metabolic waste)<\/p>\n<p><strong>How to use:<\/strong> Take 1 teaspoon in half a glass of water before going to sleep. 2\/3 times a week, it is recommended to do an enema the next day. Do not consume if you are constipated.<\/p>\n<p>\u2714\ufe0f <strong>Parasites:<\/strong> Equivalent to Parasite M and G (Dr. Morse Tinctures), specific for Candida, small parasites, candiasis, fungi (body and nails) and harmful bacteria. It also works for larger parasites (worms). It is used for infections and as a natural antibiotic.<\/p>\n<p><strong>Ingredients:<\/strong> Artemisa\/Ajenjo, Pau Darco\/Lapacho, Clove, Espazote Zorrillo, Huatacay\/Suico<\/p>\n<p><strong>How to use:<\/strong> 1\/2 full dropper sublingually before fasting, and half at night before going to sleep. Swish it around and mix it with saliva. Leave it in your mouth for 30-60 seconds, then swallow. If it is too much for you, you can dilute it with a little water.<\/p>\n<p><strong>\u2714\ufe0f Liver and Gallbladder:<\/strong> It helps to purify the liver and gallbladder, also if there is fatty liver, hepatic colic. It serves to prepare the body before the liver cleanse with oil and grapefruit. (Ask your coach if you qualify for the protocol). It improves the appearance of the skin, spots, melasma. On an emotional level it helps to release anger.<\/p>\n<p><strong>Ingredients:<\/strong> Artichoke, Milk Thistle, Dandelion, Burdock, Prodigiosa, Snake Sour.<\/p>\n<p><strong>How to use:<\/strong> 1 full dropper sublingually, swish it around and mix it with saliva. Leave it in your mouth for 30-60 seconds, then swallow. If you find it too strong, you can dilute it with a little water.<\/p>\n<p>&nbsp;<\/p>","protected":false},"featured_media":5031,"comment_status":"open","ping_status":"closed","template":"","meta":{"site-sidebar-layout":"default","site-content-layout":"","ast-site-content-layout":"default","site-content-style":"default","site-sidebar-style":"default","ast-global-header-display":"","ast-banner-title-visibility":"","ast-main-header-display":"","ast-hfb-above-header-display":"","ast-hfb-below-header-display":"","ast-hfb-mobile-header-display":"","site-post-title":"","ast-breadcrumbs-content":"","ast-featured-img":"","footer-sml-layout":"","ast-disable-related-posts":"","theme-transparent-header-meta":"default","adv-header-id-meta":"","stick-header-meta":"","header-above-stick-meta":"","header-main-stick-meta":"","header-below-stick-meta":"","astra-migrate-meta-layouts":"set","ast-page-background-enabled":"default","ast-page-background-meta":{"desktop":{"background-color":"var(--ast-global-color-4)","background-image":"","background-repeat":"repeat","background-position":"center center","background-size":"auto","background-attachment":"scroll","background-type":"","background-media":"","overlay-type":"","overlay-color":"","overlay-opacity":"","overlay-gradient":""},"tablet":{"background-color":"","background-image":"","background-repeat":"repeat","background-position":"center center","background-size":"auto","background-attachment":"scroll","background-type":"","background-media":"","overlay-type":"","overlay-color":"","overlay-opacity":"","overlay-gradient":""},"mobile":{"background-color":"","background-image":"","background-repeat":"repeat","background-position":"center center","background-size":"auto","background-attachment":"scroll","background-type":"","background-media":"","overlay-type":"","overlay-color":"","overlay-opacity":"","overlay-gradient":""}},"ast-content-background-meta":{"desktop":{"background-color":"var(--ast-global-color-5)","background-image":"","background-repeat":"repeat","background-position":"center center","background-size":"auto","background-attachment":"scroll","background-type":"","background-media":"","overlay-type":"","overlay-color":"","overlay-opacity":"","overlay-gradient":""},"tablet":{"background-color":"var(--ast-global-color-5)","background-image":"","background-repeat":"repeat","background-position":"center center","background-size":"auto","background-attachment":"scroll","background-type":"","background-media":"","overlay-type":"","overlay-color":"","overlay-opacity":"","overlay-gradient":""},"mobile":{"background-color":"var(--ast-global-color-5)","background-image":"","background-repeat":"repeat","background-position":"center center","background-size":"auto","background-attachment":"scroll","background-type":"","background-media":"","overlay-type":"","overlay-color":"","overlay-opacity":"","overlay-gradient":""}},"_joinchat":[]},"product_brand":[],"product_cat":[22],"product_tag":[],"class_list":{"0":"post-5011","1":"product","2":"type-product","3":"status-publish","4":"has-post-thumbnail","6":"product_cat-herboolaria","7":"desktop-align-center","8":"tablet-align-center","9":"mobile-align-center","11":"first","12":"instock","13":"taxable","14":"shipping-taxable","15":"purchasable","16":"product-type-simple"},"yoast_head":"<!-- This site is optimized with the Yoast SEO Premium plugin v23.4 (Yoast SEO v27.4) - https:\/\/yoast.com\/product\/yoast-seo-premium-wordpress\/ -->\n<title>KIT 7 D\u00cdAS - Alquimia Regenerativa<\/title>\n<meta name=\"robots\" content=\"index, follow, max-snippet:-1, max-image-preview:large, max-video-preview:-1\" \/>\n<link rel=\"canonical\" href=\"https:\/\/alquimiaregenerativa.com\/en\/tienda\/kit-7-dias\/\" \/>\n<meta property=\"og:locale\" content=\"en_US\" \/>\n<meta property=\"og:type\" content=\"article\" \/>\n<meta property=\"og:title\" content=\"KIT 7 D\u00cdAS\" \/>\n<meta property=\"og:description\" content=\"Contiene:    T\u00e9 cura todo 50 g  Escoba intestinal 40 g  Tintura Par\u00e1sitos 30 ml  Tintura H\u00edgado 30 ml  Inversi\u00f3n $905 con descuento &nbsp;  \u2714\ufe0fTe Cura todo: Como su nombre lo dice es un mix de hierbas para alcalinizar, detoxificar y regenerar el cuerpo. Fortalece y regenera el sistema digestivo cuando es bebido a diario. Tambi\u00e9n se usa en enemas (repara intestinos da\u00f1anos, permeable o inflamado). En duchas vaginales ayuda a alcalinizar el \u00fatero y ce cicatrizaci\u00f3n, cuando hay quistes, endometriosis, fibromas, miomas o sangrado excesivo.  Ingredientes: Corteza de roble blanco, llant\u00e9n o pl\u00e1ntago, ra\u00edz y hojas de consuelda, c\u00e1scara de nogal negro, hierba de chaparral, ra\u00edz de bardana, ra\u00edz de malvavisco.  Modo de uso: 1 o 2 tazas al d\u00eda lejos de las comidas o en ayunas. Tambi\u00e9n sirve para las duchas vaginales (regenera el \u00fatero!) y enemas. 1 cucharada sopera por 500 ml.  \u2714\ufe0fEscoba Intestinal:\u00a0 Mix de psyllium, carb\u00f3n activado y arcilla, sirve para limpiar los intestinos por dentro, aglomera toxinas para ser sacadas de manera segura (metales pesados, \u00e1cidos, desechos metab\u00f3licos)  Modo de uso: Tomas 1 cucharada de t\u00e9 en medio vaso de agua antes de ir a dormir. 2\/3 veces por semana, recomendado hacer enema al d\u00eda siguiente. No se consume si hay constipaci\u00f3n.  \u2714\ufe0f Par\u00e1sitos: Equivalente al Parasite M y G (Tinturas Dr Morse), espec\u00edfico para la c\u00e1ndida, peque\u00f1os par\u00e1sitos, candiasis, hongos (cuerpo y u\u00f1as) y bacterias nocivas. Tambi\u00e9n sirve para par\u00e1sitos de mayor tama\u00f1o (lombrices). Sirve para infecciones y como antibi\u00f3tico natural.  Ingredientes: Artemisa\/Ajenjo, Pau Darco\/Lapacho, Clavo de Olor, Espazote Zorrillo, Huatacay\/Suico  Modo de Uso: 1\/2 gotero entero sublingual cortando ayuno, y medio a la noche antes de dormir. Hacer un buche y mezclarlo con la saliva. Lo dejas en la boca 30-60 segundos, despu\u00e9s tragas. Si te resulta fuerte puedes diluirla con un poco de agua.  \u2714\ufe0f H\u00edgado y Ves\u00edcula: Ayuda a depurarar el h\u00edgado y la ves\u00edcula, tambi\u00e9n si hay h\u00edgado graso, c\u00f3licos hep\u00e1ticos. Sirve para preparar al cuerpo antes de la limpieza hep\u00e1tica con aceite y pomelo. (Pregunta a tu coach si calificas para el protocolo). Mejora el aspecto de la piel, manchas, melasma. A nivel emocional ayuda a liberar los enojos.  Ingredientes: Alcachofa, Cardo Mariano, Diente de Le\u00f3n, Bardana, Prodigiosa, Aceda de Culebra.  Modo de Uso: 1 gotero entero sublingual, hacer un buche y mezclarlo con la saliva. Lo dejas en la boca 30-60 segundos, despu\u00e9s tragas. Si te resulta fuerte puedes diluirla con un poco de agua.  &nbsp;\" \/>\n<meta property=\"og:url\" content=\"https:\/\/alquimiaregenerativa.com\/en\/tienda\/kit-7-dias\/\" \/>\n<meta property=\"og:site_name\" content=\"Alquimia Regenerativa\" \/>\n<meta property=\"article:modified_time\" content=\"2026-01-22T16:16:49+00:00\" \/>\n<meta property=\"og:image\" content=\"https:\/\/alquimiaregenerativa.com\/wp-content\/uploads\/2025\/06\/Diseno-sin-titulo-4.png\" \/>\n\t<meta property=\"og:image:width\" content=\"1024\" \/>\n\t<meta property=\"og:image:height\" content=\"1024\" \/>\n\t<meta property=\"og:image:type\" content=\"image\/png\" \/>\n<meta name=\"twitter:card\" content=\"summary_large_image\" \/>\n<meta name=\"twitter:label1\" content=\"Price\" \/>\n\t<meta name=\"twitter:data1\" content=\"MXN $&nbsp;905.00\" \/>\n\t<meta name=\"twitter:label2\" content=\"Availability\" \/>\n\t<meta name=\"twitter:data2\" content=\"In stock\" \/>\n<script type=\"application\/ld+json\" class=\"yoast-schema-graph\">{\"@context\":\"https:\\\/\\\/schema.org\",\"@graph\":[{\"@type\":\"WebPage\",\"@id\":\"https:\\\/\\\/alquimiaregenerativa.com\\\/tienda\\\/kit-7-dias\\\/\",\"url\":\"https:\\\/\\\/alquimiaregenerativa.com\\\/tienda\\\/kit-7-dias\\\/\",\"name\":\"KIT 7 D\u00cdAS - Alquimia Regenerativa\",\"isPartOf\":{\"@id\":\"https:\\\/\\\/alquimiaregenerativa.com\\\/#website\"},\"primaryImageOfPage\":{\"@id\":\"https:\\\/\\\/alquimiaregenerativa.com\\\/tienda\\\/kit-7-dias\\\/#primaryimage\"},\"image\":{\"@id\":\"https:\\\/\\\/alquimiaregenerativa.com\\\/tienda\\\/kit-7-dias\\\/#primaryimage\"},\"thumbnailUrl\":\"https:\\\/\\\/alquimiaregenerativa.com\\\/wp-content\\\/uploads\\\/2025\\\/06\\\/Diseno-sin-titulo-4.png\",\"datePublished\":\"2025-06-13T15:30:45+00:00\",\"dateModified\":\"2026-01-22T16:16:49+00:00\",\"breadcrumb\":{\"@id\":\"https:\\\/\\\/alquimiaregenerativa.com\\\/tienda\\\/kit-7-dias\\\/#breadcrumb\"},\"inLanguage\":\"en-US\",\"potentialAction\":[{\"@type\":\"ReadAction\",\"target\":[\"https:\\\/\\\/alquimiaregenerativa.com\\\/tienda\\\/kit-7-dias\\\/\"]}]},{\"@type\":\"ImageObject\",\"inLanguage\":\"en-US\",\"@id\":\"https:\\\/\\\/alquimiaregenerativa.com\\\/tienda\\\/kit-7-dias\\\/#primaryimage\",\"url\":\"https:\\\/\\\/alquimiaregenerativa.com\\\/wp-content\\\/uploads\\\/2025\\\/06\\\/Diseno-sin-titulo-4.png\",\"contentUrl\":\"https:\\\/\\\/alquimiaregenerativa.com\\\/wp-content\\\/uploads\\\/2025\\\/06\\\/Diseno-sin-titulo-4.png\",\"width\":1024,\"height\":1024},{\"@type\":\"BreadcrumbList\",\"@id\":\"https:\\\/\\\/alquimiaregenerativa.com\\\/tienda\\\/kit-7-dias\\\/#breadcrumb\",\"itemListElement\":[{\"@type\":\"ListItem\",\"position\":1,\"name\":\"Portada\",\"item\":\"https:\\\/\\\/alquimiaregenerativa.com\\\/\"},{\"@type\":\"ListItem\",\"position\":2,\"name\":\"Tienda\",\"item\":\"https:\\\/\\\/alquimiaregenerativa.com\\\/tienda\\\/\"},{\"@type\":\"ListItem\",\"position\":3,\"name\":\"KIT 7 D\u00cdAS\"}]},{\"@type\":\"WebSite\",\"@id\":\"https:\\\/\\\/alquimiaregenerativa.com\\\/#website\",\"url\":\"https:\\\/\\\/alquimiaregenerativa.com\\\/\",\"name\":\"Alquimia Regenerativa\",\"description\":\"Comienza tu proceso de tranformaci\u00f3n\",\"potentialAction\":[{\"@type\":\"SearchAction\",\"target\":{\"@type\":\"EntryPoint\",\"urlTemplate\":\"https:\\\/\\\/alquimiaregenerativa.com\\\/?s={search_term_string}\"},\"query-input\":{\"@type\":\"PropertyValueSpecification\",\"valueRequired\":true,\"valueName\":\"search_term_string\"}}],\"inLanguage\":\"en-US\"}]}<\/script>\n<meta property=\"product:price:amount\" content=\"905.00\" \/>\n<meta property=\"product:price:currency\" content=\"MXN\" \/>\n<meta property=\"og:availability\" content=\"instock\" \/>\n<meta property=\"product:availability\" content=\"instock\" \/>\n<meta property=\"product:condition\" content=\"new\" \/>\n<!-- \/ Yoast SEO Premium plugin. -->","yoast_head_json":{"title":"KIT 7 D\u00cdAS - Alquimia Regenerativa","robots":{"index":"index","follow":"follow","max-snippet":"max-snippet:-1","max-image-preview":"max-image-preview:large","max-video-preview":"max-video-preview:-1"},"canonical":"https:\/\/alquimiaregenerativa.com\/en\/tienda\/kit-7-dias\/","og_locale":"en_US","og_type":"article","og_title":"KIT 7 D\u00cdAS","og_description":"Contiene:    T\u00e9 cura todo 50 g  Escoba intestinal 40 g  Tintura Par\u00e1sitos 30 ml  Tintura H\u00edgado 30 ml  Inversi\u00f3n $905 con descuento &nbsp;  \u2714\ufe0fTe Cura todo: Como su nombre lo dice es un mix de hierbas para alcalinizar, detoxificar y regenerar el cuerpo. Fortalece y regenera el sistema digestivo cuando es bebido a diario. Tambi\u00e9n se usa en enemas (repara intestinos da\u00f1anos, permeable o inflamado). En duchas vaginales ayuda a alcalinizar el \u00fatero y ce cicatrizaci\u00f3n, cuando hay quistes, endometriosis, fibromas, miomas o sangrado excesivo.  Ingredientes: Corteza de roble blanco, llant\u00e9n o pl\u00e1ntago, ra\u00edz y hojas de consuelda, c\u00e1scara de nogal negro, hierba de chaparral, ra\u00edz de bardana, ra\u00edz de malvavisco.  Modo de uso: 1 o 2 tazas al d\u00eda lejos de las comidas o en ayunas. Tambi\u00e9n sirve para las duchas vaginales (regenera el \u00fatero!) y enemas. 1 cucharada sopera por 500 ml.  \u2714\ufe0fEscoba Intestinal:\u00a0 Mix de psyllium, carb\u00f3n activado y arcilla, sirve para limpiar los intestinos por dentro, aglomera toxinas para ser sacadas de manera segura (metales pesados, \u00e1cidos, desechos metab\u00f3licos)  Modo de uso: Tomas 1 cucharada de t\u00e9 en medio vaso de agua antes de ir a dormir. 2\/3 veces por semana, recomendado hacer enema al d\u00eda siguiente. No se consume si hay constipaci\u00f3n.  \u2714\ufe0f Par\u00e1sitos: Equivalente al Parasite M y G (Tinturas Dr Morse), espec\u00edfico para la c\u00e1ndida, peque\u00f1os par\u00e1sitos, candiasis, hongos (cuerpo y u\u00f1as) y bacterias nocivas. Tambi\u00e9n sirve para par\u00e1sitos de mayor tama\u00f1o (lombrices). Sirve para infecciones y como antibi\u00f3tico natural.  Ingredientes: Artemisa\/Ajenjo, Pau Darco\/Lapacho, Clavo de Olor, Espazote Zorrillo, Huatacay\/Suico  Modo de Uso: 1\/2 gotero entero sublingual cortando ayuno, y medio a la noche antes de dormir. Hacer un buche y mezclarlo con la saliva. Lo dejas en la boca 30-60 segundos, despu\u00e9s tragas. Si te resulta fuerte puedes diluirla con un poco de agua.  \u2714\ufe0f H\u00edgado y Ves\u00edcula: Ayuda a depurarar el h\u00edgado y la ves\u00edcula, tambi\u00e9n si hay h\u00edgado graso, c\u00f3licos hep\u00e1ticos. Sirve para preparar al cuerpo antes de la limpieza hep\u00e1tica con aceite y pomelo. (Pregunta a tu coach si calificas para el protocolo). Mejora el aspecto de la piel, manchas, melasma. A nivel emocional ayuda a liberar los enojos.  Ingredientes: Alcachofa, Cardo Mariano, Diente de Le\u00f3n, Bardana, Prodigiosa, Aceda de Culebra.  Modo de Uso: 1 gotero entero sublingual, hacer un buche y mezclarlo con la saliva. Lo dejas en la boca 30-60 segundos, despu\u00e9s tragas. Si te resulta fuerte puedes diluirla con un poco de agua.  &nbsp;","og_url":"https:\/\/alquimiaregenerativa.com\/en\/tienda\/kit-7-dias\/","og_site_name":"Alquimia Regenerativa","article_modified_time":"2026-01-22T16:16:49+00:00","og_image":[{"width":1024,"height":1024,"url":"https:\/\/alquimiaregenerativa.com\/wp-content\/uploads\/2025\/06\/Diseno-sin-titulo-4.png","type":"image\/png"}],"twitter_card":"summary_large_image","twitter_misc":{"Price":"MXN $&nbsp;905.00","Availability":"In stock"},"schema":{"@context":"https:\/\/schema.org","@graph":[{"@type":"WebPage","@id":"https:\/\/alquimiaregenerativa.com\/tienda\/kit-7-dias\/","url":"https:\/\/alquimiaregenerativa.com\/tienda\/kit-7-dias\/","name":"KIT 7 D\u00cdAS - Alquimia Regenerativa","isPartOf":{"@id":"https:\/\/alquimiaregenerativa.com\/#website"},"primaryImageOfPage":{"@id":"https:\/\/alquimiaregenerativa.com\/tienda\/kit-7-dias\/#primaryimage"},"image":{"@id":"https:\/\/alquimiaregenerativa.com\/tienda\/kit-7-dias\/#primaryimage"},"thumbnailUrl":"https:\/\/alquimiaregenerativa.com\/wp-content\/uploads\/2025\/06\/Diseno-sin-titulo-4.png","datePublished":"2025-06-13T15:30:45+00:00","dateModified":"2026-01-22T16:16:49+00:00","breadcrumb":{"@id":"https:\/\/alquimiaregenerativa.com\/tienda\/kit-7-dias\/#breadcrumb"},"inLanguage":"en-US","potentialAction":[{"@type":"ReadAction","target":["https:\/\/alquimiaregenerativa.com\/tienda\/kit-7-dias\/"]}]},{"@type":"ImageObject","inLanguage":"en-US","@id":"https:\/\/alquimiaregenerativa.com\/tienda\/kit-7-dias\/#primaryimage","url":"https:\/\/alquimiaregenerativa.com\/wp-content\/uploads\/2025\/06\/Diseno-sin-titulo-4.png","contentUrl":"https:\/\/alquimiaregenerativa.com\/wp-content\/uploads\/2025\/06\/Diseno-sin-titulo-4.png","width":1024,"height":1024},{"@type":"BreadcrumbList","@id":"https:\/\/alquimiaregenerativa.com\/tienda\/kit-7-dias\/#breadcrumb","itemListElement":[{"@type":"ListItem","position":1,"name":"Portada","item":"https:\/\/alquimiaregenerativa.com\/"},{"@type":"ListItem","position":2,"name":"Tienda","item":"https:\/\/alquimiaregenerativa.com\/tienda\/"},{"@type":"ListItem","position":3,"name":"KIT 7 D\u00cdAS"}]},{"@type":"WebSite","@id":"https:\/\/alquimiaregenerativa.com\/#website","url":"https:\/\/alquimiaregenerativa.com\/","name":"Regenerative Alchemy","description":"Start your transformation process","potentialAction":[{"@type":"SearchAction","target":{"@type":"EntryPoint","urlTemplate":"https:\/\/alquimiaregenerativa.com\/?s={search_term_string}"},"query-input":{"@type":"PropertyValueSpecification","valueRequired":true,"valueName":"search_term_string"}}],"inLanguage":"en-US"}]},"product_price_amount":"905.00","product_price_currency":"MXN","og_availability":"instock","product_availability":"instock","product_condition":"new"},"jetpack_sharing_enabled":true,"_links":{"self":[{"href":"https:\/\/alquimiaregenerativa.com\/en\/wp-json\/wp\/v2\/product\/5011","targetHints":{"allow":["GET"]}}],"collection":[{"href":"https:\/\/alquimiaregenerativa.com\/en\/wp-json\/wp\/v2\/product"}],"about":[{"href":"https:\/\/alquimiaregenerativa.com\/en\/wp-json\/wp\/v2\/types\/product"}],"replies":[{"embeddable":true,"href":"https:\/\/alquimiaregenerativa.com\/en\/wp-json\/wp\/v2\/comments?post=5011"}],"wp:featuredmedia":[{"embeddable":true,"href":"https:\/\/alquimiaregenerativa.com\/en\/wp-json\/wp\/v2\/media\/5031"}],"wp:attachment":[{"href":"https:\/\/alquimiaregenerativa.com\/en\/wp-json\/wp\/v2\/media?parent=5011"}],"wp:term":[{"taxonomy":"product_brand","embeddable":true,"href":"https:\/\/alquimiaregenerativa.com\/en\/wp-json\/wp\/v2\/product_brand?post=5011"},{"taxonomy":"product_cat","embeddable":true,"href":"https:\/\/alquimiaregenerativa.com\/en\/wp-json\/wp\/v2\/product_cat?post=5011"},{"taxonomy":"product_tag","embeddable":true,"href":"https:\/\/alquimiaregenerativa.com\/en\/wp-json\/wp\/v2\/product_tag?post=5011"}],"curies":[{"name":"wp","href":"https:\/\/api.w.org\/{rel}","templated":true}]}}