{"id":5980,"date":"2025-08-11T18:16:11","date_gmt":"2025-08-11T16:16:11","guid":{"rendered":"https:\/\/alquimiaregenerativa.com\/?post_type=product&#038;p=5980"},"modified":"2026-01-02T18:41:25","modified_gmt":"2026-01-02T17:41:25","slug":"kit-candida-y-parasitos","status":"publish","type":"product","link":"https:\/\/alquimiaregenerativa.com\/en\/tienda\/kit-candida-y-parasitos\/","title":{"rendered":"Candida and Parasite Kit + Masterclass Package Gift"},"content":{"rendered":"","protected":false},"excerpt":{"rendered":"<p><strong>Do you recognize any of these signs in your body?<\/strong><\/p>\n<p><span style=\"font-weight: 400;\">Bloating, gas, and digestive problems that never go away.<\/span><\/p>\n<p><span style=\"font-weight: 400;\">Anxiety, brain fog, or irritability that has no clear cause.<\/span><\/p>\n<p><span style=\"font-weight: 400;\">Uncontrollable cravings for sugar and carbohydrates that sabotage your diet.<\/span><\/p>\n<p><span style=\"font-weight: 400;\">Chronic fatigue, even if you sleep eight hours.<\/span><\/p>\n<p><span style=\"font-weight: 400;\">Skin problems, unexplained itching, or nighttime bruxing.<\/span><\/p>\n<p><b>These symptoms and others are signs that it&#039;s time to do a natural deworming.\u00a0<\/b><\/p>\n<p><span style=\"font-weight: 400;\">Cure-all tea 100 gr<\/span><\/p>\n<p><span style=\"font-weight: 400;\">Intestinal broom \u2013 80 gr<\/span><\/p>\n<p><span style=\"font-weight: 400;\">Parasite Tincture \u2013 50ml<\/span><\/p>\n<p><span style=\"font-weight: 400;\">\u2714\ufe0f <strong>Heals everything:<\/strong> As its name suggests, it is a mix of herbs to alkalize, detoxify and regenerate the body. It strengthens and regenerates the digestive system when drunk daily. It is also used in enemas (repairs damaged, permeable or inflamed intestines). In vaginal douches it helps to alkalize the uterus and cause healing when there are cysts, endometriosis, fibroids, myomas or excessive bleeding.<\/span><\/p>\n<p><span style=\"font-weight: 400;\"><strong>Ingredients:<\/strong> White oak bark, plantain, comfrey root and leaves, black walnut hull, chaparral herb, burdock root, marshmallow root.<\/span><\/p>\n<p><span style=\"font-weight: 400;\"><strong>How to use:<\/strong> 1 or 2 cups a day, between meals or on an empty stomach. It can also be used for vaginal douches (regenerates the uterus!) and enemas. 1 tablespoon per 500 ml.<\/span><\/p>\n<p><span style=\"font-weight: 400;\">\u2714\ufe0f<strong>Intestinal Broom:\u00a0<\/strong> Mix of psyllium, activated charcoal and clay, serves to clean the intestines from the inside, agglomerates toxins to be removed safely (heavy metals, acids, metabolic waste)<\/span><\/p>\n<p><span style=\"font-weight: 400;\"><strong>How to use:<\/strong> Take 1 teaspoon in half a glass of water before going to sleep. 2\/3 times a week, it is recommended to do an enema the next day. Do not consume if you are constipated.<\/span><\/p>\n<p><span style=\"font-weight: 400;\">\u2714\ufe0f <strong>Parasite Tincture:<\/strong> Specific for Candida, small parasites, candidiasis, fungi (body and nails), and harmful bacteria. It also works for larger parasites (worms). It is effective for infections and as a natural antibiotic.<\/span><\/p>\n<p><span style=\"font-weight: 400;\"><strong>Ingredients:<\/strong> Artemisia\/Wormwood, Pau Darco\/Lapacho, Clove, Black Walnut Hull, Epazote.\u00a0<\/span><\/p>\n<p><span style=\"font-weight: 400;\"><strong>How to use:<\/strong> 1\/2 full dropper sublingually before fasting, and half at night before going to sleep. Swish it around and mix it with saliva. Leave it in your mouth for 30-60 seconds, then swallow. If it is too much for you, you can dilute it with a little water.<\/span><\/p>\n<p>&nbsp;<\/p>\n<p><b>With the purchase of your kit you have a Deworming Masterclass Package at no additional cost.\u00a0<\/b><\/p>\n<p>&nbsp;<\/p>\n<p><b>Enter this link: <a href=\"https:\/\/alquimiaregenerativa.com\/en\/tienda\/masterclassdesparasitacion\/\">https:\/\/alquimiaregenerativa.com\/tienda\/masterclassdesparasitacion\/<\/a><\/b><\/p>\n<p><b>And add the Masterclass to your shopping cart.\u00a0<\/b><\/p>\n<p><b>Use the code PARCAN at checkout and that&#039;s it!\u00a0<\/b><\/p>\n<p><b>GIFT (Value of $777) MASTERCLASS PACKAGE\u00a0<\/b><\/p>\n<p><span style=\"font-weight: 400;\">In our Deworming Masterclass, you&#039;ll learn how to interpret these signs and balance yourself naturally.\u00a0<\/span><\/p>\n<p>&nbsp;<\/p>\n<p><b>Digital Materials that includes:\u00a0<\/b><\/p>\n<p><span style=\"font-weight: 400;\">\u25cf Masterclass Parasites and Candida Extended<\/span><\/p>\n<p><span style=\"font-weight: 400;\">\u25cf Masterclasses Parasite Protocols<\/span><\/p>\n<p><span style=\"font-weight: 400;\">\u25cf Alkaline and Anti-inflammatory Diet<\/span><\/p>\n<p><span style=\"font-weight: 400;\">\u25cf Guide to deworming yourself<\/span><\/p>\n<p><span style=\"font-weight: 400;\">\u25cf Guide to Candida Causes and Solutions<\/span><\/p>\n<p><span style=\"font-weight: 400;\">\u25cf Guide to Depurative Crises<\/span><\/p>\n<p><span style=\"font-weight: 400;\">\u25cf Herbal guide<\/span><\/p>\n<p>&nbsp;<\/p>\n<p><b>Total investment: $1,112 mxn<\/b><\/p>","protected":false},"featured_media":5981,"comment_status":"open","ping_status":"closed","template":"","meta":{"site-sidebar-layout":"default","site-content-layout":"","ast-site-content-layout":"default","site-content-style":"default","site-sidebar-style":"default","ast-global-header-display":"","ast-banner-title-visibility":"","ast-main-header-display":"","ast-hfb-above-header-display":"","ast-hfb-below-header-display":"","ast-hfb-mobile-header-display":"","site-post-title":"","ast-breadcrumbs-content":"","ast-featured-img":"","footer-sml-layout":"","ast-disable-related-posts":"","theme-transparent-header-meta":"default","adv-header-id-meta":"","stick-header-meta":"","header-above-stick-meta":"","header-main-stick-meta":"","header-below-stick-meta":"","astra-migrate-meta-layouts":"set","ast-page-background-enabled":"default","ast-page-background-meta":{"desktop":{"background-color":"var(--ast-global-color-4)","background-image":"","background-repeat":"repeat","background-position":"center center","background-size":"auto","background-attachment":"scroll","background-type":"","background-media":"","overlay-type":"","overlay-color":"","overlay-opacity":"","overlay-gradient":""},"tablet":{"background-color":"","background-image":"","background-repeat":"repeat","background-position":"center center","background-size":"auto","background-attachment":"scroll","background-type":"","background-media":"","overlay-type":"","overlay-color":"","overlay-opacity":"","overlay-gradient":""},"mobile":{"background-color":"","background-image":"","background-repeat":"repeat","background-position":"center center","background-size":"auto","background-attachment":"scroll","background-type":"","background-media":"","overlay-type":"","overlay-color":"","overlay-opacity":"","overlay-gradient":""}},"ast-content-background-meta":{"desktop":{"background-color":"var(--ast-global-color-5)","background-image":"","background-repeat":"repeat","background-position":"center center","background-size":"auto","background-attachment":"scroll","background-type":"","background-media":"","overlay-type":"","overlay-color":"","overlay-opacity":"","overlay-gradient":""},"tablet":{"background-color":"var(--ast-global-color-5)","background-image":"","background-repeat":"repeat","background-position":"center center","background-size":"auto","background-attachment":"scroll","background-type":"","background-media":"","overlay-type":"","overlay-color":"","overlay-opacity":"","overlay-gradient":""},"mobile":{"background-color":"var(--ast-global-color-5)","background-image":"","background-repeat":"repeat","background-position":"center center","background-size":"auto","background-attachment":"scroll","background-type":"","background-media":"","overlay-type":"","overlay-color":"","overlay-opacity":"","overlay-gradient":""}},"_joinchat":[]},"product_brand":[],"product_cat":[22],"product_tag":[],"class_list":{"0":"post-5980","1":"product","2":"type-product","3":"status-publish","4":"has-post-thumbnail","6":"product_cat-herboolaria","7":"desktop-align-center","8":"tablet-align-center","9":"mobile-align-center","11":"first","12":"instock","13":"taxable","14":"shipping-taxable","15":"purchasable","16":"product-type-simple"},"yoast_head":"<!-- This site is optimized with the Yoast SEO Premium plugin v23.4 (Yoast SEO v27.4) - https:\/\/yoast.com\/product\/yoast-seo-premium-wordpress\/ -->\n<title>KIT CANDIDA Y PAR\u00c1SITOS + Regalo Paquete Masterclass - Alquimia Regenerativa<\/title>\n<meta name=\"robots\" content=\"index, follow, max-snippet:-1, max-image-preview:large, max-video-preview:-1\" \/>\n<link rel=\"canonical\" href=\"https:\/\/alquimiaregenerativa.com\/en\/tienda\/kit-candida-y-parasitos\/\" \/>\n<meta property=\"og:locale\" content=\"en_US\" \/>\n<meta property=\"og:type\" content=\"article\" \/>\n<meta property=\"og:title\" content=\"KIT CANDIDA Y PAR\u00c1SITOS + Regalo Paquete Masterclass\" \/>\n<meta property=\"og:description\" content=\"\u00bfReconoces alguna de estas se\u00f1ales en tu cuerpo?:  Hinchaz\u00f3n, gases y problemas digestivos que nunca se solucionan.  Ansiedad, neblina mental o irritabilidad que no tienen una causa clara.  Antojos incontrolables de az\u00facar y carbohidratos que sabotean tu alimentaci\u00f3n.  Cansancio cr\u00f3nico, aunque duermas ocho horas.  Problemas en la piel, picores inexplicables o bruxismo por la noche.  Estos s\u00edntomas y otros m\u00e1s son las se\u00f1ales de que ya es tiempo de hacer una desparasitaci\u00f3n natural.\u00a0  T\u00e9 cura todo 100 gr  Escoba intestinal \u2013 80 gr  Tintura Par\u00e1sitos \u2013 50ml  \u2714\ufe0f Te Cura todo: Como su nombre lo dice es un mix de hierbas para alcalinizar, detoxificar y regenerar el cuerpo. Fortalece y regenera el sistema digestivo cuando es bebido a diario. Tambi\u00e9n se usa en enemas (repara intestinos da\u00f1anos, permeable o inflamado). En duchas vaginales ayuda a alcalinizar el \u00fatero y ce cicatrizaci\u00f3n, cuando hay quistes, endometriosis, fibromas, miomas o sangrado excesivo.  Ingredientes: Corteza de roble blanco, llant\u00e9n o pl\u00e1ntago, ra\u00edz y hojas de consuelda, c\u00e1scara de nogal negro, hierba de chaparral, ra\u00edz de bardana, ra\u00edz de malvavisco.  Modo de uso: 1 o 2 tazas al d\u00eda lejos de las comidas o en ayunas. Tambi\u00e9n sirve para las duchas vaginales (regenera el \u00fatero!) y enemas. 1 cucharada sopera por 500 ml.  \u2714\ufe0fEscoba Intestinal:\u00a0 Mix de psyllium, carb\u00f3n activado y arcilla, sirve para limpiar los intestinos por dentro, aglomera toxinas para ser sacadas de manera segura (metales pesados, \u00e1cidos, desechos metab\u00f3licos)  Modo de uso: Tomas 1 cucharada de t\u00e9 en medio vaso de agua antes de ir a dormir. 2\/3 veces por semana, recomendado hacer enema al d\u00eda siguiente. No se consume si hay constipaci\u00f3n.  \u2714\ufe0f Tintura Par\u00e1sitos: espec\u00edfico para la c\u00e1ndida, peque\u00f1os par\u00e1sitos, candidiasis, hongos (cuerpo y u\u00f1as) y bacterias nocivas. Tambi\u00e9n sirve para par\u00e1sitos de mayor tama\u00f1o (lombrices). Sirve para infecciones y como antibi\u00f3tico natural.  Ingredientes: Artemisa\/Ajenjo, Pau Darco\/Lapacho, Clavo de Olor, C\u00e1scara de Nogal Negra, Epazote.\u00a0  Modo de Uso: 1\/2 gotero entero sublingual cortando ayuno, y medio a la noche antes de dormir. Hacer un buche y mezclarlo con la saliva. Lo dejas en la boca 30-60 segundos, despu\u00e9s tragas. Si te resulta fuerte puedes diluirla con un poco de agua.  &nbsp;  Con la compra de tu kit tienes un Paquete de Masterclass de Desparasitaci\u00f3n sin Costo adicional.\u00a0  &nbsp;  Ingresa a este link: https:\/\/alquimiaregenerativa.com\/tienda\/masterclassdesparasitacion\/  Y agrega la Masterclass a tu carrito de compras.\u00a0  Utiliza el c\u00f3digo PARCAN a la hora de hacer el pago y listo!\u00a0  REGALO (Valor de $777) PAQUETE DE MASTERCLASS\u00a0  En nuestra Masterclass de Desparasitaci\u00f3n aprender\u00e1s a interpretar estas se\u00f1ales y equilibrarte de forma natural.\u00a0  &nbsp;  Materiales Digitales que incluye:\u00a0  \u25cf Masterclass Par\u00e1sitos y Candida Extendido  \u25cf Masterclasses Protocolos Par\u00e1sitos  \u25cf Alimentaci\u00f3n Alcalina e Antiinflamatoria  \u25cf Gu\u00eda para desparasitarte  \u25cf Gu\u00eda Candida causas y soluciones  \u25cf Gu\u00eda Crisis depurativas  \u25cf Gu\u00eda herbolaria  &nbsp;  Inversi\u00f3n total: $1,112 mxn\" \/>\n<meta property=\"og:url\" content=\"https:\/\/alquimiaregenerativa.com\/en\/tienda\/kit-candida-y-parasitos\/\" \/>\n<meta property=\"og:site_name\" content=\"Alquimia Regenerativa\" \/>\n<meta property=\"article:modified_time\" content=\"2026-01-02T17:41:25+00:00\" \/>\n<meta property=\"og:image\" content=\"https:\/\/alquimiaregenerativa.com\/wp-content\/uploads\/2025\/08\/Diseno-sin-titulo.png\" \/>\n\t<meta property=\"og:image:width\" content=\"1024\" \/>\n\t<meta property=\"og:image:height\" content=\"1024\" \/>\n\t<meta property=\"og:image:type\" content=\"image\/png\" \/>\n<meta name=\"twitter:card\" content=\"summary_large_image\" \/>\n<meta name=\"twitter:label1\" content=\"Price\" \/>\n\t<meta name=\"twitter:data1\" content=\"MXN $&nbsp;1,112.00\" \/>\n\t<meta name=\"twitter:label2\" content=\"Availability\" \/>\n\t<meta name=\"twitter:data2\" content=\"In stock\" \/>\n<script type=\"application\/ld+json\" class=\"yoast-schema-graph\">{\"@context\":\"https:\\\/\\\/schema.org\",\"@graph\":[{\"@type\":\"WebPage\",\"@id\":\"https:\\\/\\\/alquimiaregenerativa.com\\\/tienda\\\/kit-candida-y-parasitos\\\/\",\"url\":\"https:\\\/\\\/alquimiaregenerativa.com\\\/tienda\\\/kit-candida-y-parasitos\\\/\",\"name\":\"KIT CANDIDA Y PAR\u00c1SITOS + Regalo Paquete Masterclass - Alquimia Regenerativa\",\"isPartOf\":{\"@id\":\"https:\\\/\\\/alquimiaregenerativa.com\\\/#website\"},\"primaryImageOfPage\":{\"@id\":\"https:\\\/\\\/alquimiaregenerativa.com\\\/tienda\\\/kit-candida-y-parasitos\\\/#primaryimage\"},\"image\":{\"@id\":\"https:\\\/\\\/alquimiaregenerativa.com\\\/tienda\\\/kit-candida-y-parasitos\\\/#primaryimage\"},\"thumbnailUrl\":\"https:\\\/\\\/alquimiaregenerativa.com\\\/wp-content\\\/uploads\\\/2025\\\/08\\\/Diseno-sin-titulo.png\",\"datePublished\":\"2025-08-11T16:16:11+00:00\",\"dateModified\":\"2026-01-02T17:41:25+00:00\",\"breadcrumb\":{\"@id\":\"https:\\\/\\\/alquimiaregenerativa.com\\\/tienda\\\/kit-candida-y-parasitos\\\/#breadcrumb\"},\"inLanguage\":\"en-US\",\"potentialAction\":[{\"@type\":\"ReadAction\",\"target\":[\"https:\\\/\\\/alquimiaregenerativa.com\\\/tienda\\\/kit-candida-y-parasitos\\\/\"]}]},{\"@type\":\"ImageObject\",\"inLanguage\":\"en-US\",\"@id\":\"https:\\\/\\\/alquimiaregenerativa.com\\\/tienda\\\/kit-candida-y-parasitos\\\/#primaryimage\",\"url\":\"https:\\\/\\\/alquimiaregenerativa.com\\\/wp-content\\\/uploads\\\/2025\\\/08\\\/Diseno-sin-titulo.png\",\"contentUrl\":\"https:\\\/\\\/alquimiaregenerativa.com\\\/wp-content\\\/uploads\\\/2025\\\/08\\\/Diseno-sin-titulo.png\",\"width\":1024,\"height\":1024},{\"@type\":\"BreadcrumbList\",\"@id\":\"https:\\\/\\\/alquimiaregenerativa.com\\\/tienda\\\/kit-candida-y-parasitos\\\/#breadcrumb\",\"itemListElement\":[{\"@type\":\"ListItem\",\"position\":1,\"name\":\"Portada\",\"item\":\"https:\\\/\\\/alquimiaregenerativa.com\\\/\"},{\"@type\":\"ListItem\",\"position\":2,\"name\":\"Tienda\",\"item\":\"https:\\\/\\\/alquimiaregenerativa.com\\\/tienda\\\/\"},{\"@type\":\"ListItem\",\"position\":3,\"name\":\"KIT CANDIDA Y PAR\u00c1SITOS + Regalo Paquete Masterclass\"}]},{\"@type\":\"WebSite\",\"@id\":\"https:\\\/\\\/alquimiaregenerativa.com\\\/#website\",\"url\":\"https:\\\/\\\/alquimiaregenerativa.com\\\/\",\"name\":\"Alquimia Regenerativa\",\"description\":\"Comienza tu proceso de tranformaci\u00f3n\",\"potentialAction\":[{\"@type\":\"SearchAction\",\"target\":{\"@type\":\"EntryPoint\",\"urlTemplate\":\"https:\\\/\\\/alquimiaregenerativa.com\\\/?s={search_term_string}\"},\"query-input\":{\"@type\":\"PropertyValueSpecification\",\"valueRequired\":true,\"valueName\":\"search_term_string\"}}],\"inLanguage\":\"en-US\"}]}<\/script>\n<meta property=\"product:price:amount\" content=\"1112.00\" \/>\n<meta property=\"product:price:currency\" content=\"MXN\" \/>\n<meta property=\"og:availability\" content=\"instock\" \/>\n<meta property=\"product:availability\" content=\"instock\" \/>\n<meta property=\"product:condition\" content=\"new\" \/>\n<!-- \/ Yoast SEO Premium plugin. -->","yoast_head_json":{"title":"KIT CANDIDA Y PAR\u00c1SITOS + Regalo Paquete Masterclass - Alquimia Regenerativa","robots":{"index":"index","follow":"follow","max-snippet":"max-snippet:-1","max-image-preview":"max-image-preview:large","max-video-preview":"max-video-preview:-1"},"canonical":"https:\/\/alquimiaregenerativa.com\/en\/tienda\/kit-candida-y-parasitos\/","og_locale":"en_US","og_type":"article","og_title":"KIT CANDIDA Y PAR\u00c1SITOS + Regalo Paquete Masterclass","og_description":"\u00bfReconoces alguna de estas se\u00f1ales en tu cuerpo?:  Hinchaz\u00f3n, gases y problemas digestivos que nunca se solucionan.  Ansiedad, neblina mental o irritabilidad que no tienen una causa clara.  Antojos incontrolables de az\u00facar y carbohidratos que sabotean tu alimentaci\u00f3n.  Cansancio cr\u00f3nico, aunque duermas ocho horas.  Problemas en la piel, picores inexplicables o bruxismo por la noche.  Estos s\u00edntomas y otros m\u00e1s son las se\u00f1ales de que ya es tiempo de hacer una desparasitaci\u00f3n natural.\u00a0  T\u00e9 cura todo 100 gr  Escoba intestinal \u2013 80 gr  Tintura Par\u00e1sitos \u2013 50ml  \u2714\ufe0f Te Cura todo: Como su nombre lo dice es un mix de hierbas para alcalinizar, detoxificar y regenerar el cuerpo. Fortalece y regenera el sistema digestivo cuando es bebido a diario. Tambi\u00e9n se usa en enemas (repara intestinos da\u00f1anos, permeable o inflamado). En duchas vaginales ayuda a alcalinizar el \u00fatero y ce cicatrizaci\u00f3n, cuando hay quistes, endometriosis, fibromas, miomas o sangrado excesivo.  Ingredientes: Corteza de roble blanco, llant\u00e9n o pl\u00e1ntago, ra\u00edz y hojas de consuelda, c\u00e1scara de nogal negro, hierba de chaparral, ra\u00edz de bardana, ra\u00edz de malvavisco.  Modo de uso: 1 o 2 tazas al d\u00eda lejos de las comidas o en ayunas. Tambi\u00e9n sirve para las duchas vaginales (regenera el \u00fatero!) y enemas. 1 cucharada sopera por 500 ml.  \u2714\ufe0fEscoba Intestinal:\u00a0 Mix de psyllium, carb\u00f3n activado y arcilla, sirve para limpiar los intestinos por dentro, aglomera toxinas para ser sacadas de manera segura (metales pesados, \u00e1cidos, desechos metab\u00f3licos)  Modo de uso: Tomas 1 cucharada de t\u00e9 en medio vaso de agua antes de ir a dormir. 2\/3 veces por semana, recomendado hacer enema al d\u00eda siguiente. No se consume si hay constipaci\u00f3n.  \u2714\ufe0f Tintura Par\u00e1sitos: espec\u00edfico para la c\u00e1ndida, peque\u00f1os par\u00e1sitos, candidiasis, hongos (cuerpo y u\u00f1as) y bacterias nocivas. Tambi\u00e9n sirve para par\u00e1sitos de mayor tama\u00f1o (lombrices). Sirve para infecciones y como antibi\u00f3tico natural.  Ingredientes: Artemisa\/Ajenjo, Pau Darco\/Lapacho, Clavo de Olor, C\u00e1scara de Nogal Negra, Epazote.\u00a0  Modo de Uso: 1\/2 gotero entero sublingual cortando ayuno, y medio a la noche antes de dormir. Hacer un buche y mezclarlo con la saliva. Lo dejas en la boca 30-60 segundos, despu\u00e9s tragas. Si te resulta fuerte puedes diluirla con un poco de agua.  &nbsp;  Con la compra de tu kit tienes un Paquete de Masterclass de Desparasitaci\u00f3n sin Costo adicional.\u00a0  &nbsp;  Ingresa a este link: https:\/\/alquimiaregenerativa.com\/tienda\/masterclassdesparasitacion\/  Y agrega la Masterclass a tu carrito de compras.\u00a0  Utiliza el c\u00f3digo PARCAN a la hora de hacer el pago y listo!\u00a0  REGALO (Valor de $777) PAQUETE DE MASTERCLASS\u00a0  En nuestra Masterclass de Desparasitaci\u00f3n aprender\u00e1s a interpretar estas se\u00f1ales y equilibrarte de forma natural.\u00a0  &nbsp;  Materiales Digitales que incluye:\u00a0  \u25cf Masterclass Par\u00e1sitos y Candida Extendido  \u25cf Masterclasses Protocolos Par\u00e1sitos  \u25cf Alimentaci\u00f3n Alcalina e Antiinflamatoria  \u25cf Gu\u00eda para desparasitarte  \u25cf Gu\u00eda Candida causas y soluciones  \u25cf Gu\u00eda Crisis depurativas  \u25cf Gu\u00eda herbolaria  &nbsp;  Inversi\u00f3n total: $1,112 mxn","og_url":"https:\/\/alquimiaregenerativa.com\/en\/tienda\/kit-candida-y-parasitos\/","og_site_name":"Alquimia Regenerativa","article_modified_time":"2026-01-02T17:41:25+00:00","og_image":[{"width":1024,"height":1024,"url":"https:\/\/alquimiaregenerativa.com\/wp-content\/uploads\/2025\/08\/Diseno-sin-titulo.png","type":"image\/png"}],"twitter_card":"summary_large_image","twitter_misc":{"Price":"MXN $&nbsp;1,112.00","Availability":"In stock"},"schema":{"@context":"https:\/\/schema.org","@graph":[{"@type":"WebPage","@id":"https:\/\/alquimiaregenerativa.com\/tienda\/kit-candida-y-parasitos\/","url":"https:\/\/alquimiaregenerativa.com\/tienda\/kit-candida-y-parasitos\/","name":"KIT CANDIDA Y PAR\u00c1SITOS + Regalo Paquete Masterclass - Alquimia Regenerativa","isPartOf":{"@id":"https:\/\/alquimiaregenerativa.com\/#website"},"primaryImageOfPage":{"@id":"https:\/\/alquimiaregenerativa.com\/tienda\/kit-candida-y-parasitos\/#primaryimage"},"image":{"@id":"https:\/\/alquimiaregenerativa.com\/tienda\/kit-candida-y-parasitos\/#primaryimage"},"thumbnailUrl":"https:\/\/alquimiaregenerativa.com\/wp-content\/uploads\/2025\/08\/Diseno-sin-titulo.png","datePublished":"2025-08-11T16:16:11+00:00","dateModified":"2026-01-02T17:41:25+00:00","breadcrumb":{"@id":"https:\/\/alquimiaregenerativa.com\/tienda\/kit-candida-y-parasitos\/#breadcrumb"},"inLanguage":"en-US","potentialAction":[{"@type":"ReadAction","target":["https:\/\/alquimiaregenerativa.com\/tienda\/kit-candida-y-parasitos\/"]}]},{"@type":"ImageObject","inLanguage":"en-US","@id":"https:\/\/alquimiaregenerativa.com\/tienda\/kit-candida-y-parasitos\/#primaryimage","url":"https:\/\/alquimiaregenerativa.com\/wp-content\/uploads\/2025\/08\/Diseno-sin-titulo.png","contentUrl":"https:\/\/alquimiaregenerativa.com\/wp-content\/uploads\/2025\/08\/Diseno-sin-titulo.png","width":1024,"height":1024},{"@type":"BreadcrumbList","@id":"https:\/\/alquimiaregenerativa.com\/tienda\/kit-candida-y-parasitos\/#breadcrumb","itemListElement":[{"@type":"ListItem","position":1,"name":"Portada","item":"https:\/\/alquimiaregenerativa.com\/"},{"@type":"ListItem","position":2,"name":"Tienda","item":"https:\/\/alquimiaregenerativa.com\/tienda\/"},{"@type":"ListItem","position":3,"name":"KIT CANDIDA Y PAR\u00c1SITOS + Regalo Paquete Masterclass"}]},{"@type":"WebSite","@id":"https:\/\/alquimiaregenerativa.com\/#website","url":"https:\/\/alquimiaregenerativa.com\/","name":"Regenerative Alchemy","description":"Start your transformation process","potentialAction":[{"@type":"SearchAction","target":{"@type":"EntryPoint","urlTemplate":"https:\/\/alquimiaregenerativa.com\/?s={search_term_string}"},"query-input":{"@type":"PropertyValueSpecification","valueRequired":true,"valueName":"search_term_string"}}],"inLanguage":"en-US"}]},"product_price_amount":"1112.00","product_price_currency":"MXN","og_availability":"instock","product_availability":"instock","product_condition":"new"},"jetpack_sharing_enabled":true,"_links":{"self":[{"href":"https:\/\/alquimiaregenerativa.com\/en\/wp-json\/wp\/v2\/product\/5980","targetHints":{"allow":["GET"]}}],"collection":[{"href":"https:\/\/alquimiaregenerativa.com\/en\/wp-json\/wp\/v2\/product"}],"about":[{"href":"https:\/\/alquimiaregenerativa.com\/en\/wp-json\/wp\/v2\/types\/product"}],"replies":[{"embeddable":true,"href":"https:\/\/alquimiaregenerativa.com\/en\/wp-json\/wp\/v2\/comments?post=5980"}],"wp:featuredmedia":[{"embeddable":true,"href":"https:\/\/alquimiaregenerativa.com\/en\/wp-json\/wp\/v2\/media\/5981"}],"wp:attachment":[{"href":"https:\/\/alquimiaregenerativa.com\/en\/wp-json\/wp\/v2\/media?parent=5980"}],"wp:term":[{"taxonomy":"product_brand","embeddable":true,"href":"https:\/\/alquimiaregenerativa.com\/en\/wp-json\/wp\/v2\/product_brand?post=5980"},{"taxonomy":"product_cat","embeddable":true,"href":"https:\/\/alquimiaregenerativa.com\/en\/wp-json\/wp\/v2\/product_cat?post=5980"},{"taxonomy":"product_tag","embeddable":true,"href":"https:\/\/alquimiaregenerativa.com\/en\/wp-json\/wp\/v2\/product_tag?post=5980"}],"curies":[{"name":"wp","href":"https:\/\/api.w.org\/{rel}","templated":true}]}}