{"id":6050,"date":"2025-08-13T20:43:49","date_gmt":"2025-08-13T18:43:49","guid":{"rendered":"https:\/\/alquimiaregenerativa.com\/?post_type=product&#038;p=6050"},"modified":"2026-03-16T23:23:43","modified_gmt":"2026-03-16T22:23:43","slug":"04-9detoxgrupal","status":"publish","type":"product","link":"https:\/\/alquimiaregenerativa.com\/en\/tienda\/04-9detoxgrupal\/","title":{"rendered":"04\/9 Group Detox Physical and Energetic Deworming 21 days"},"content":{"rendered":"","protected":false},"excerpt":{"rendered":"<p><span style=\"font-weight: 400;\">Link to the full program: <\/span><a href=\"https:\/\/drive.google.com\/file\/d\/1TfM4W-caJc3f-D4YIIgbgS-19-TioGSx\/view?usp=drive_link\"><b>LINK<\/b><\/a><\/p>\n<p><b>\ud83e\udeb1 04\/9 Physical and Energy Deworming \ud83e\uddf9 21-Day Detox<\/b><\/p>\n<p><span style=\"font-weight: 400;\">Are you feeling tired, cravings, and unfocused? You may <\/span><b>parasites and toxins are sabotaging your energy<\/b><span style=\"font-weight: 400;\"> without you knowing it. A deep cleaning can correct this.\u00a0<\/span><\/p>\n<p><span style=\"font-weight: 400;\">Did you know that many &quot;diseases&quot; can be associated with parasites? For example, autoimmune, hormonal, diabetes, mental health, digestive problems, and chronic problems that seem unsolvable.<\/span><\/p>\n<p><b>This Detox is a deep process to free your body and your energy<\/b><span style=\"font-weight: 400;\">, regain your personal power, and feel light, clear, and focused again. The best version of yourself.\u00a0<\/span><\/p>\n<p><b>Do you feel like something inside you is stealing your energy, focus, and vitality?<\/b><\/p>\n<p><span style=\"font-weight: 400;\">It&#039;s not just cravings...<\/span><\/p>\n<p><span style=\"font-weight: 400;\">It&#039;s not just tiredness...<\/span><\/p>\n<p><b>You may be living with parasites that are sabotaging your body and mind without you even knowing it.<\/b><\/p>\n<p><b>\ud83e\uddec <\/b><span style=\"font-weight: 400;\">This 21-day Group Detox isn&#039;t just another detox. It&#039;s a process of physical and energetic liberation, designed to eliminate toxins, regain your personal power, and feel light, clear, and balanced again.<\/span><\/p>\n<p><b>\ud83c\udf3f What you will experience:<\/b><\/p>\n<p><b>Say goodbye to cravings: <\/b><span style=\"font-weight: 400;\">You will regain control over your body, without depending on sugar or salty foods.<\/span><\/p>\n<p><b>Real energy:<\/b><span style=\"font-weight: 400;\"> wake up with energy, without that mental fog dragging you down.<\/span><span style=\"font-weight: 400;\"><br \/>\n<\/span><b>Happy digestion: <\/b><span style=\"font-weight: 400;\">less bloating, gas and discomfort.<\/span><span style=\"font-weight: 400;\"><br \/>\n<\/span><b>Strengthened immune system:<\/b><span style=\"font-weight: 400;\"> feel stronger against viruses, bacteria and chronic diseases.<\/span><span style=\"font-weight: 400;\"><br \/>\n<\/span><b>Radiant skin: <\/b><span style=\"font-weight: 400;\">When the body is cleansed, your light is seen on the outside.<\/span><span style=\"font-weight: 400;\"><br \/>\n<\/span><b>Comprehensive well-being:<\/b><span style=\"font-weight: 400;\"> body, mind and energy aligned, functioning as they should.<\/span><\/p>\n<p><b>What does this program include?<\/b><\/p>\n<p><span style=\"font-weight: 400;\">\ud83c\udf43 21-day detox guide with classes, videos, exercises, and daily practices. You&#039;ll have access to the recordings for 6 months.<\/span><\/p>\n<p><span style=\"font-weight: 400;\">\ud83e\uddd8\u200d\u2640\ufe0f Alchemical meditations and therapeutic dance to reprogram your emotions.<\/span><\/p>\n<p><span style=\"font-weight: 400;\">\ud83e\udd51Alkaline and antiparasitic diet plan: delicious recipes, shopping list, and clear step-by-step guide.<\/span><\/p>\n<p><span style=\"font-weight: 400;\">\ud83e\udd1d Close and compassionate live and direct accompaniment: you are not alone, we support you all the way<\/span><\/p>\n<p><span style=\"font-weight: 400;\">\ud83c\udf1f Active community: Share the process with people who are on the same page as you.<\/span><\/p>\n<p><b>Investment<\/b><span style=\"font-weight: 400;\">: <\/span><span style=\"font-weight: 400;\"><br \/>\n<\/span><span style=\"font-weight: 400;\"><br \/>\n<\/span><span style=\"font-weight: 400;\">Group Detox: 2555 mxn \/ 137 usd \/ 187 thousand ars<\/span><span style=\"font-weight: 400;\"><br \/>\n<\/span><span style=\"font-weight: 400;\">Group detox + individual session: 4200 MXN \/ 225 USD \/ 307 thousand ARS<\/span><span style=\"font-weight: 400;\"><br \/>\n<\/span><span style=\"font-weight: 400;\"><br \/>\n<\/span><b>Financing plans<\/b><\/p>\n<p><b>Group Detox:\u00a0<\/b><\/p>\n<p><span style=\"font-weight: 400;\">2 PAYMENTS OF $1,405 or $75<\/span><\/p>\n<p><span style=\"font-weight: 400;\">3 PAYMENTS OF $933 or $50<\/span><\/p>\n<p><b>Group Detox + Individual Session:\u00a0<\/b><\/p>\n<p><span style=\"font-weight: 400;\">2 PAYMENTS OF $2,310 MXN or 123 USD<\/span><\/p>\n<p><span style=\"font-weight: 400;\">3 PAYMENTS OF $1,540 MXN or 82 USD<\/span><\/p>\n<p><b>When?<\/b><b><br \/>\n<\/b><span style=\"font-weight: 400;\">We start the workshops on Thursday 04\/9, and the 1st day of the 21st detox begins on 8\/9<\/span><\/p>\n<p><span style=\"font-weight: 400;\">If the dates don&#039;t work for you, you can make a personalized one to start whenever you like. Ask us about this option.<\/span><\/p>\n<p>&nbsp;<\/p>\n<p><b>Where?<\/b><\/p>\n<p><span style=\"font-weight: 400;\">Online, via Zoom and our exclusive platform.<\/span><\/p>\n<p>&nbsp;<\/p>\n<p><span style=\"font-weight: 400;\">If you have any questions or would like to talk to us, we are here to assist you in a professional and integrative manner. Click here to go to WhatsApp. <\/span><a href=\"https:\/\/wa.link\/alquimiar\"><b>https:\/\/wa.link\/alquimiar<\/b><\/a><b>\u00a0<\/b><\/p>\n<p><span style=\"font-weight: 400;\">This is one of the <\/span><b>best Spanish-speaking Detox<\/b><span style=\"font-weight: 400;\"> With professional guidance from thousands of people who have already successfully completed it. You&#039;ll be in the best, compassionate, and loving hands. <\/span><b>It&#039;s not a fight, it&#039;s a reconciliation with yourself.<\/b><\/p>\n<p>&nbsp;<\/p>\n<p><span style=\"font-weight: 400;\">Infinite blessings on your health journey!<\/span><\/p>\n<p><span style=\"font-weight: 400;\">Once you purchase your detox, you&#039;ll receive an email with instructions on how to register. We&#039;ll contact you shortly to confirm your access.<\/span><\/p>\n<p><span style=\"font-weight: 400;\">Lu Del Mar<\/span><\/p>\n<p><span style=\"font-weight: 400;\">Health &amp; Detox Coach and Regenerative Alchemy Team<\/span><\/p>\n<p><b>+52 5516 207310<\/b><\/p>","protected":false},"featured_media":6023,"comment_status":"open","ping_status":"closed","template":"","meta":{"site-sidebar-layout":"default","site-content-layout":"","ast-site-content-layout":"default","site-content-style":"default","site-sidebar-style":"default","ast-global-header-display":"","ast-banner-title-visibility":"","ast-main-header-display":"","ast-hfb-above-header-display":"","ast-hfb-below-header-display":"","ast-hfb-mobile-header-display":"","site-post-title":"","ast-breadcrumbs-content":"","ast-featured-img":"","footer-sml-layout":"","ast-disable-related-posts":"","theme-transparent-header-meta":"default","adv-header-id-meta":"","stick-header-meta":"","header-above-stick-meta":"","header-main-stick-meta":"","header-below-stick-meta":"","astra-migrate-meta-layouts":"set","ast-page-background-enabled":"default","ast-page-background-meta":{"desktop":{"background-color":"var(--ast-global-color-4)","background-image":"","background-repeat":"repeat","background-position":"center center","background-size":"auto","background-attachment":"scroll","background-type":"","background-media":"","overlay-type":"","overlay-color":"","overlay-opacity":"","overlay-gradient":""},"tablet":{"background-color":"","background-image":"","background-repeat":"repeat","background-position":"center center","background-size":"auto","background-attachment":"scroll","background-type":"","background-media":"","overlay-type":"","overlay-color":"","overlay-opacity":"","overlay-gradient":""},"mobile":{"background-color":"","background-image":"","background-repeat":"repeat","background-position":"center center","background-size":"auto","background-attachment":"scroll","background-type":"","background-media":"","overlay-type":"","overlay-color":"","overlay-opacity":"","overlay-gradient":""}},"ast-content-background-meta":{"desktop":{"background-color":"var(--ast-global-color-5)","background-image":"","background-repeat":"repeat","background-position":"center center","background-size":"auto","background-attachment":"scroll","background-type":"","background-media":"","overlay-type":"","overlay-color":"","overlay-opacity":"","overlay-gradient":""},"tablet":{"background-color":"var(--ast-global-color-5)","background-image":"","background-repeat":"repeat","background-position":"center center","background-size":"auto","background-attachment":"scroll","background-type":"","background-media":"","overlay-type":"","overlay-color":"","overlay-opacity":"","overlay-gradient":""},"mobile":{"background-color":"var(--ast-global-color-5)","background-image":"","background-repeat":"repeat","background-position":"center center","background-size":"auto","background-attachment":"scroll","background-type":"","background-media":"","overlay-type":"","overlay-color":"","overlay-opacity":"","overlay-gradient":""}},"_joinchat":{"telephone":"+525516207310","message_text":"Quiero mi Detox Reset","message_send":"Hola, Quiero mi Detox Reset"}},"product_brand":[],"product_cat":[15],"product_tag":[],"class_list":{"0":"post-6050","1":"product","2":"type-product","3":"status-publish","4":"has-post-thumbnail","6":"product_cat-todo","7":"desktop-align-center","8":"tablet-align-center","9":"mobile-align-center","11":"first","12":"outofstock","13":"sold-individually","14":"taxable","15":"shipping-taxable","16":"purchasable","17":"product-type-variable"},"yoast_head":"<!-- This site is optimized with the Yoast SEO Premium plugin v23.4 (Yoast SEO v27.4) - https:\/\/yoast.com\/product\/yoast-seo-premium-wordpress\/ -->\n<title>04\/9 Detox Grupal Desparasitaci\u00f3n F\u00edsica y Energ\u00e9tica 21 d\u00edas - Alquimia Regenerativa<\/title>\n<meta name=\"robots\" content=\"index, follow, max-snippet:-1, max-image-preview:large, max-video-preview:-1\" \/>\n<link rel=\"canonical\" href=\"https:\/\/alquimiaregenerativa.com\/en\/tienda\/04-9detoxgrupal\/\" \/>\n<meta property=\"og:locale\" content=\"en_US\" \/>\n<meta property=\"og:type\" content=\"article\" \/>\n<meta property=\"og:title\" content=\"04\/9 Detox Grupal Desparasitaci\u00f3n F\u00edsica y Energ\u00e9tica 21 d\u00edas\" \/>\n<meta property=\"og:description\" content=\"Link al programa completo: LINK  \ud83e\udeb1 04\/9 Desparasitaci\u00f3n F\u00edsica y Energ\u00e9tica \ud83e\uddf9 Detox de 21 d\u00edas  \u00bfTe sientes cansado, con antojos y sin foco? Puede que par\u00e1sitos y toxinas est\u00e9n saboteando\u00a0 tu energ\u00eda sin que lo sepas. Una limpieza profunda puede corregir esto.\u00a0  Sab\u00edas que muchas de las \u201cenfermedades\u201d pueden estar asociadas a par\u00e1sitos. Por ejemplo autoinmunes, hormonales, diabetes, salud mental, problemas digestivos, problemas cr\u00f3nicos qu\u00e9 parecen no tener soluci\u00f3n.  Este Detox es un proceso profundo para liberar tu cuerpo y tu energ\u00eda, recuperar tu poder personal y volver a sentirte liviano, claro y en eje. La mejor versi\u00f3n de ti mismo.\u00a0  \u00bfSientes que algo dentro tuyo te est\u00e1 robando la energ\u00eda, el foco y la vitalidad?  No son solo antojos\u2026  No es solo cansancio\u2026  Puede que est\u00e9s conviviendo con par\u00e1sitos que sabotean tu cuerpo y tu mente sin que lo sepas.  \ud83e\uddec Este Detox Grupal de 21 d\u00edas no es un detox m\u00e1s. Es un proceso de liberaci\u00f3n f\u00edsica y energ\u00e9tica, dise\u00f1ado para eliminar toxinas, recuperar tu poder personal y volver a sentirte liviano, claro y en eje.  \ud83c\udf3f Lo que vas a experimentar:  Dile chau a los antojos: vas a volver a tener control sobre tu cuerpo, sin depender del az\u00facar ni lo salado.  Energ\u00eda real: despertate con ganas, sin esa neblina mental que te arrastra. Digesti\u00f3n feliz: menos hinchaz\u00f3n, gases y molestias. Sistema inmune reforzado: sentite m\u00e1s fuerte ante virus, bacterias y enfermedades cr\u00f3nicas. Piel radiante: cuando el cuerpo se limpia, tu luz se nota por fuera. Bienestar integral: cuerpo, mente y energ\u00eda alineados, funcionando como deben.  \u00bfQu\u00e9 incluye este programa?  \ud83c\udf43 Gu\u00eda detox de 21 d\u00edas con clases, videos, ejercicios y pr\u00e1cticas diarias. Tendr\u00e1s acceso a las grabaciones por 6 meses.  \ud83e\uddd8\u200d\u2640\ufe0f Meditaciones alqu\u00edmicas y danza terap\u00e9utica para reprogramar tus emociones.  \ud83e\udd51Plan de alimentaci\u00f3n alcalina y antiparasitaria: recetas deliciosas, lista de compras, y gu\u00eda clara paso a paso.  \ud83e\udd1d Acompa\u00f1amiento cercano y compasivo\u00a0 en vivo y directo: no est\u00e1s solx, te sostenemos todo el camino  \ud83c\udf1f Comunidad activa: compart\u00ed el proceso con personas que est\u00e1n en tu misma sinton\u00eda.  Inversi\u00f3n:   Detox Grupal: 2555 mxn \/ 137 usd \/ 187 mil ars Detox grupal + sesi\u00f3n individual: 4200 mxn \/ 225 usd \/ 307 mil ars  Planes de financiaci\u00f3n  Detox Grupal:\u00a0  2 PAGOS DE $1,405 o 75 d\u00f3lares  3 PAGOS DE $933 o 50 d\u00f3lares  Detox Grupal + Sesi\u00f3n Individual:\u00a0  2 PAGOS DE $2,310 mxn o 123 usd  3 PAGOS DE $1,540 mxn o\u00a0 82 usd  \u00bfC\u00faando? Iniciamos los talleres el jueves 04\/9, y el d\u00eda 1 de 21 de detox comienza el 8\/9  S\u00ed las fechas no te cuadran puedes hacer un personalizado a iniciar cuando gustes, preguntanos por esta opci\u00f3n  &nbsp;  \u00bfD\u00f3nde?  Online, a trav\u00e9s de Zoom y nuestra plataforma exclusiva.  &nbsp;  Si tienes dudas quieres hablar con nosotros, estamos ac\u00e1 para acompa\u00f1arte de manera profesional e integrativa, dale clic ac\u00e1 para ir a whatsapp https:\/\/wa.link\/alquimiar\u00a0  Este es uno de los mejores Detox de habla hispana con acompa\u00f1amiento profesional con miles de personas que ya lo han hecho con \u00e9xito. Estar\u00e1s en las mejores manos, de manera compasiva y amorosa. No es una lucha, es un reconciliarte contigo.  &nbsp;  \u00a1Infinitas bendiciones en tu camino de salud!  Una vez que adquieres tu detox te llegar\u00e1 un correo electr\u00f3nico con instrucciones para que hagas tu registro. Te contactaremos a la brevedad para confirmar tu acceso.  Lu Del Mar  Health &amp; Detox Coach y Equipo de Alquimia Regenerativa  +52 5516 207310\" \/>\n<meta property=\"og:url\" content=\"https:\/\/alquimiaregenerativa.com\/en\/tienda\/04-9detoxgrupal\/\" \/>\n<meta property=\"og:site_name\" content=\"Alquimia Regenerativa\" \/>\n<meta property=\"article:modified_time\" content=\"2026-03-16T22:23:43+00:00\" \/>\n<meta property=\"og:image\" content=\"https:\/\/alquimiaregenerativa.com\/wp-content\/uploads\/2025\/08\/Diseno-sin-titulo-2.png\" \/>\n\t<meta property=\"og:image:width\" content=\"1024\" \/>\n\t<meta property=\"og:image:height\" content=\"1024\" \/>\n\t<meta property=\"og:image:type\" content=\"image\/png\" \/>\n<meta name=\"twitter:card\" content=\"summary_large_image\" \/>\n<meta name=\"twitter:label1\" content=\"Availability\" \/>\n\t<meta name=\"twitter:data1\" content=\"Out of stock\" \/>\n<script type=\"application\/ld+json\" class=\"yoast-schema-graph\">{\"@context\":\"https:\\\/\\\/schema.org\",\"@graph\":[{\"@type\":\"WebPage\",\"@id\":\"https:\\\/\\\/alquimiaregenerativa.com\\\/tienda\\\/04-9detoxgrupal\\\/\",\"url\":\"https:\\\/\\\/alquimiaregenerativa.com\\\/tienda\\\/04-9detoxgrupal\\\/\",\"name\":\"04\\\/9 Detox Grupal Desparasitaci\u00f3n F\u00edsica y Energ\u00e9tica 21 d\u00edas - Alquimia Regenerativa\",\"isPartOf\":{\"@id\":\"https:\\\/\\\/alquimiaregenerativa.com\\\/#website\"},\"primaryImageOfPage\":{\"@id\":\"https:\\\/\\\/alquimiaregenerativa.com\\\/tienda\\\/04-9detoxgrupal\\\/#primaryimage\"},\"image\":{\"@id\":\"https:\\\/\\\/alquimiaregenerativa.com\\\/tienda\\\/04-9detoxgrupal\\\/#primaryimage\"},\"thumbnailUrl\":\"https:\\\/\\\/alquimiaregenerativa.com\\\/wp-content\\\/uploads\\\/2025\\\/08\\\/Diseno-sin-titulo-2.png\",\"datePublished\":\"2025-08-13T18:43:49+00:00\",\"dateModified\":\"2026-03-16T22:23:43+00:00\",\"breadcrumb\":{\"@id\":\"https:\\\/\\\/alquimiaregenerativa.com\\\/tienda\\\/04-9detoxgrupal\\\/#breadcrumb\"},\"inLanguage\":\"en-US\",\"potentialAction\":[{\"@type\":\"ReadAction\",\"target\":[\"https:\\\/\\\/alquimiaregenerativa.com\\\/tienda\\\/04-9detoxgrupal\\\/\"]}]},{\"@type\":\"ImageObject\",\"inLanguage\":\"en-US\",\"@id\":\"https:\\\/\\\/alquimiaregenerativa.com\\\/tienda\\\/04-9detoxgrupal\\\/#primaryimage\",\"url\":\"https:\\\/\\\/alquimiaregenerativa.com\\\/wp-content\\\/uploads\\\/2025\\\/08\\\/Diseno-sin-titulo-2.png\",\"contentUrl\":\"https:\\\/\\\/alquimiaregenerativa.com\\\/wp-content\\\/uploads\\\/2025\\\/08\\\/Diseno-sin-titulo-2.png\",\"width\":1024,\"height\":1024},{\"@type\":\"BreadcrumbList\",\"@id\":\"https:\\\/\\\/alquimiaregenerativa.com\\\/tienda\\\/04-9detoxgrupal\\\/#breadcrumb\",\"itemListElement\":[{\"@type\":\"ListItem\",\"position\":1,\"name\":\"Portada\",\"item\":\"https:\\\/\\\/alquimiaregenerativa.com\\\/\"},{\"@type\":\"ListItem\",\"position\":2,\"name\":\"Tienda\",\"item\":\"https:\\\/\\\/alquimiaregenerativa.com\\\/tienda\\\/\"},{\"@type\":\"ListItem\",\"position\":3,\"name\":\"04\\\/9 Detox Grupal Desparasitaci\u00f3n F\u00edsica y Energ\u00e9tica 21 d\u00edas\"}]},{\"@type\":\"WebSite\",\"@id\":\"https:\\\/\\\/alquimiaregenerativa.com\\\/#website\",\"url\":\"https:\\\/\\\/alquimiaregenerativa.com\\\/\",\"name\":\"Alquimia Regenerativa\",\"description\":\"Comienza tu proceso de tranformaci\u00f3n\",\"potentialAction\":[{\"@type\":\"SearchAction\",\"target\":{\"@type\":\"EntryPoint\",\"urlTemplate\":\"https:\\\/\\\/alquimiaregenerativa.com\\\/?s={search_term_string}\"},\"query-input\":{\"@type\":\"PropertyValueSpecification\",\"valueRequired\":true,\"valueName\":\"search_term_string\"}}],\"inLanguage\":\"en-US\"}]}<\/script>\n<meta property=\"og:availability\" content=\"out of stock\" \/>\n<meta property=\"product:availability\" content=\"out of stock\" \/>\n<meta property=\"product:condition\" content=\"new\" \/>\n<!-- \/ Yoast SEO Premium plugin. -->","yoast_head_json":{"title":"04\/9 Detox Grupal Desparasitaci\u00f3n F\u00edsica y Energ\u00e9tica 21 d\u00edas - Alquimia Regenerativa","robots":{"index":"index","follow":"follow","max-snippet":"max-snippet:-1","max-image-preview":"max-image-preview:large","max-video-preview":"max-video-preview:-1"},"canonical":"https:\/\/alquimiaregenerativa.com\/en\/tienda\/04-9detoxgrupal\/","og_locale":"en_US","og_type":"article","og_title":"04\/9 Detox Grupal Desparasitaci\u00f3n F\u00edsica y Energ\u00e9tica 21 d\u00edas","og_description":"Link al programa completo: LINK  \ud83e\udeb1 04\/9 Desparasitaci\u00f3n F\u00edsica y Energ\u00e9tica \ud83e\uddf9 Detox de 21 d\u00edas  \u00bfTe sientes cansado, con antojos y sin foco? Puede que par\u00e1sitos y toxinas est\u00e9n saboteando\u00a0 tu energ\u00eda sin que lo sepas. Una limpieza profunda puede corregir esto.\u00a0  Sab\u00edas que muchas de las \u201cenfermedades\u201d pueden estar asociadas a par\u00e1sitos. Por ejemplo autoinmunes, hormonales, diabetes, salud mental, problemas digestivos, problemas cr\u00f3nicos qu\u00e9 parecen no tener soluci\u00f3n.  Este Detox es un proceso profundo para liberar tu cuerpo y tu energ\u00eda, recuperar tu poder personal y volver a sentirte liviano, claro y en eje. La mejor versi\u00f3n de ti mismo.\u00a0  \u00bfSientes que algo dentro tuyo te est\u00e1 robando la energ\u00eda, el foco y la vitalidad?  No son solo antojos\u2026  No es solo cansancio\u2026  Puede que est\u00e9s conviviendo con par\u00e1sitos que sabotean tu cuerpo y tu mente sin que lo sepas.  \ud83e\uddec Este Detox Grupal de 21 d\u00edas no es un detox m\u00e1s. Es un proceso de liberaci\u00f3n f\u00edsica y energ\u00e9tica, dise\u00f1ado para eliminar toxinas, recuperar tu poder personal y volver a sentirte liviano, claro y en eje.  \ud83c\udf3f Lo que vas a experimentar:  Dile chau a los antojos: vas a volver a tener control sobre tu cuerpo, sin depender del az\u00facar ni lo salado.  Energ\u00eda real: despertate con ganas, sin esa neblina mental que te arrastra. Digesti\u00f3n feliz: menos hinchaz\u00f3n, gases y molestias. Sistema inmune reforzado: sentite m\u00e1s fuerte ante virus, bacterias y enfermedades cr\u00f3nicas. Piel radiante: cuando el cuerpo se limpia, tu luz se nota por fuera. Bienestar integral: cuerpo, mente y energ\u00eda alineados, funcionando como deben.  \u00bfQu\u00e9 incluye este programa?  \ud83c\udf43 Gu\u00eda detox de 21 d\u00edas con clases, videos, ejercicios y pr\u00e1cticas diarias. Tendr\u00e1s acceso a las grabaciones por 6 meses.  \ud83e\uddd8\u200d\u2640\ufe0f Meditaciones alqu\u00edmicas y danza terap\u00e9utica para reprogramar tus emociones.  \ud83e\udd51Plan de alimentaci\u00f3n alcalina y antiparasitaria: recetas deliciosas, lista de compras, y gu\u00eda clara paso a paso.  \ud83e\udd1d Acompa\u00f1amiento cercano y compasivo\u00a0 en vivo y directo: no est\u00e1s solx, te sostenemos todo el camino  \ud83c\udf1f Comunidad activa: compart\u00ed el proceso con personas que est\u00e1n en tu misma sinton\u00eda.  Inversi\u00f3n:   Detox Grupal: 2555 mxn \/ 137 usd \/ 187 mil ars Detox grupal + sesi\u00f3n individual: 4200 mxn \/ 225 usd \/ 307 mil ars  Planes de financiaci\u00f3n  Detox Grupal:\u00a0  2 PAGOS DE $1,405 o 75 d\u00f3lares  3 PAGOS DE $933 o 50 d\u00f3lares  Detox Grupal + Sesi\u00f3n Individual:\u00a0  2 PAGOS DE $2,310 mxn o 123 usd  3 PAGOS DE $1,540 mxn o\u00a0 82 usd  \u00bfC\u00faando? Iniciamos los talleres el jueves 04\/9, y el d\u00eda 1 de 21 de detox comienza el 8\/9  S\u00ed las fechas no te cuadran puedes hacer un personalizado a iniciar cuando gustes, preguntanos por esta opci\u00f3n  &nbsp;  \u00bfD\u00f3nde?  Online, a trav\u00e9s de Zoom y nuestra plataforma exclusiva.  &nbsp;  Si tienes dudas quieres hablar con nosotros, estamos ac\u00e1 para acompa\u00f1arte de manera profesional e integrativa, dale clic ac\u00e1 para ir a whatsapp https:\/\/wa.link\/alquimiar\u00a0  Este es uno de los mejores Detox de habla hispana con acompa\u00f1amiento profesional con miles de personas que ya lo han hecho con \u00e9xito. Estar\u00e1s en las mejores manos, de manera compasiva y amorosa. No es una lucha, es un reconciliarte contigo.  &nbsp;  \u00a1Infinitas bendiciones en tu camino de salud!  Una vez que adquieres tu detox te llegar\u00e1 un correo electr\u00f3nico con instrucciones para que hagas tu registro. Te contactaremos a la brevedad para confirmar tu acceso.  Lu Del Mar  Health &amp; Detox Coach y Equipo de Alquimia Regenerativa  +52 5516 207310","og_url":"https:\/\/alquimiaregenerativa.com\/en\/tienda\/04-9detoxgrupal\/","og_site_name":"Alquimia Regenerativa","article_modified_time":"2026-03-16T22:23:43+00:00","og_image":[{"width":1024,"height":1024,"url":"https:\/\/alquimiaregenerativa.com\/wp-content\/uploads\/2025\/08\/Diseno-sin-titulo-2.png","type":"image\/png"}],"twitter_card":"summary_large_image","twitter_misc":{"Availability":"Out of stock"},"schema":{"@context":"https:\/\/schema.org","@graph":[{"@type":"WebPage","@id":"https:\/\/alquimiaregenerativa.com\/tienda\/04-9detoxgrupal\/","url":"https:\/\/alquimiaregenerativa.com\/tienda\/04-9detoxgrupal\/","name":"04\/9 Detox Grupal Desparasitaci\u00f3n F\u00edsica y Energ\u00e9tica 21 d\u00edas - Alquimia Regenerativa","isPartOf":{"@id":"https:\/\/alquimiaregenerativa.com\/#website"},"primaryImageOfPage":{"@id":"https:\/\/alquimiaregenerativa.com\/tienda\/04-9detoxgrupal\/#primaryimage"},"image":{"@id":"https:\/\/alquimiaregenerativa.com\/tienda\/04-9detoxgrupal\/#primaryimage"},"thumbnailUrl":"https:\/\/alquimiaregenerativa.com\/wp-content\/uploads\/2025\/08\/Diseno-sin-titulo-2.png","datePublished":"2025-08-13T18:43:49+00:00","dateModified":"2026-03-16T22:23:43+00:00","breadcrumb":{"@id":"https:\/\/alquimiaregenerativa.com\/tienda\/04-9detoxgrupal\/#breadcrumb"},"inLanguage":"en-US","potentialAction":[{"@type":"ReadAction","target":["https:\/\/alquimiaregenerativa.com\/tienda\/04-9detoxgrupal\/"]}]},{"@type":"ImageObject","inLanguage":"en-US","@id":"https:\/\/alquimiaregenerativa.com\/tienda\/04-9detoxgrupal\/#primaryimage","url":"https:\/\/alquimiaregenerativa.com\/wp-content\/uploads\/2025\/08\/Diseno-sin-titulo-2.png","contentUrl":"https:\/\/alquimiaregenerativa.com\/wp-content\/uploads\/2025\/08\/Diseno-sin-titulo-2.png","width":1024,"height":1024},{"@type":"BreadcrumbList","@id":"https:\/\/alquimiaregenerativa.com\/tienda\/04-9detoxgrupal\/#breadcrumb","itemListElement":[{"@type":"ListItem","position":1,"name":"Portada","item":"https:\/\/alquimiaregenerativa.com\/"},{"@type":"ListItem","position":2,"name":"Tienda","item":"https:\/\/alquimiaregenerativa.com\/tienda\/"},{"@type":"ListItem","position":3,"name":"04\/9 Detox Grupal Desparasitaci\u00f3n F\u00edsica y Energ\u00e9tica 21 d\u00edas"}]},{"@type":"WebSite","@id":"https:\/\/alquimiaregenerativa.com\/#website","url":"https:\/\/alquimiaregenerativa.com\/","name":"Regenerative Alchemy","description":"Start your transformation process","potentialAction":[{"@type":"SearchAction","target":{"@type":"EntryPoint","urlTemplate":"https:\/\/alquimiaregenerativa.com\/?s={search_term_string}"},"query-input":{"@type":"PropertyValueSpecification","valueRequired":true,"valueName":"search_term_string"}}],"inLanguage":"en-US"}]},"og_availability":"out of stock","product_availability":"out of stock","product_condition":"new"},"jetpack_sharing_enabled":true,"_links":{"self":[{"href":"https:\/\/alquimiaregenerativa.com\/en\/wp-json\/wp\/v2\/product\/6050","targetHints":{"allow":["GET"]}}],"collection":[{"href":"https:\/\/alquimiaregenerativa.com\/en\/wp-json\/wp\/v2\/product"}],"about":[{"href":"https:\/\/alquimiaregenerativa.com\/en\/wp-json\/wp\/v2\/types\/product"}],"replies":[{"embeddable":true,"href":"https:\/\/alquimiaregenerativa.com\/en\/wp-json\/wp\/v2\/comments?post=6050"}],"wp:featuredmedia":[{"embeddable":true,"href":"https:\/\/alquimiaregenerativa.com\/en\/wp-json\/wp\/v2\/media\/6023"}],"wp:attachment":[{"href":"https:\/\/alquimiaregenerativa.com\/en\/wp-json\/wp\/v2\/media?parent=6050"}],"wp:term":[{"taxonomy":"product_brand","embeddable":true,"href":"https:\/\/alquimiaregenerativa.com\/en\/wp-json\/wp\/v2\/product_brand?post=6050"},{"taxonomy":"product_cat","embeddable":true,"href":"https:\/\/alquimiaregenerativa.com\/en\/wp-json\/wp\/v2\/product_cat?post=6050"},{"taxonomy":"product_tag","embeddable":true,"href":"https:\/\/alquimiaregenerativa.com\/en\/wp-json\/wp\/v2\/product_tag?post=6050"}],"curies":[{"name":"wp","href":"https:\/\/api.w.org\/{rel}","templated":true}]}}