{"id":6167,"date":"2025-08-21T21:29:53","date_gmt":"2025-08-21T19:29:53","guid":{"rendered":"https:\/\/alquimiaregenerativa.com\/?post_type=product&#038;p=6167"},"modified":"2026-04-11T03:21:13","modified_gmt":"2026-04-11T01:21:13","slug":"7-dias-individual","status":"publish","type":"product","link":"https:\/\/alquimiaregenerativa.com\/en\/tienda\/7-dias-individual\/","title":{"rendered":"7-Day Individual Detox: Parasite Removal and Liver Cleansing"},"content":{"rendered":"<p><strong>Personalized and individual 7-day detox<\/strong><\/p>\n<p><span style=\"font-weight: 400;\">Are your cravings getting the better of you? Do you have genital or skin itches or infections? Is your energy low? Do you crave mental clarity?\u00a0<\/span><\/p>\n<p><span style=\"font-weight: 400;\">Imagine having vitality and being able to flow easily, making choices that benefit your health without sabotaging yourself, with mental clarity and focus, where every cell of your being radiates health.\u00a0<\/span><\/p>\n<p><span style=\"font-weight: 400;\">We invite you on a transformative 7-day journey, an Alchemical Detox designed to deworm, cleanse your liver, and reprogram your mind.<\/span><\/p>\n<p><b>BENEFITS OF THE EXPERIENCE:\u00a0<\/b><\/p>\n<p><b>RELEASE<\/b><span style=\"font-weight: 400;\"> Your body: Say goodbye to what no longer serves you. Eliminate toxins, parasites, and those burdens that make you sick.\u00a0<\/span><\/p>\n<p><b>REVITALIZE<\/b><span style=\"font-weight: 400;\"> Your liver: This vital organ deserves a cleanse from time to time. Give it the boost it needs to function at its full potential and feel energized beyond compare.<\/span><\/p>\n<p><b>GLOW UP<\/b><span style=\"font-weight: 400;\"> Your mind: Break the chains of limiting thoughts and deep-rooted beliefs. Experience new mental and emotional clarity.<\/span><\/p>\n<p><b>NOURISH YOURSELF<\/b><span style=\"font-weight: 400;\"> Deeply: With delicious alkaline recipes, you&#039;ll nourish your body from the inside out.<\/span><\/p>\n<p><b>CONNECT<\/b><span style=\"font-weight: 400;\"> with your inner power: Through powerful meditations and compassionate guidance, you will connect with your essence and your ability to heal.<\/span><\/p>\n<p>&nbsp;<\/p>\n<p><b>What does this Alchemical Journey include?<\/b><\/p>\n<p><span style=\"font-weight: 400;\">\u2714\ufe0f 1 1-hour session with Lu del Mar<\/span><\/p>\n<p><span style=\"font-weight: 400;\">\u2714\ufe0f Private WhatsApp group with Lu Del Mar and the Alquimia coordinator, live Q&amp;A.<\/span><\/p>\n<p><span style=\"font-weight: 400;\">\u2714\ufe0f 3 Pre-Recorded Detox Workshops (Deworming &amp; Liver + Closure)\u00a0<\/span><\/p>\n<p><span style=\"font-weight: 400;\">\u2714\ufe0f Guides, materials, PDFs, and cookbooks for cleansing and deworming with hundreds of recipes.<\/span><\/p>\n<p><span style=\"font-weight: 400;\">\u2714\ufe0f Powerful meditations to free your mind and calm your emotions.<\/span><\/p>\n<p><span style=\"font-weight: 400;\">Support via WhatsApp<\/span><\/p>\n<p><span style=\"font-weight: 400;\">\ud83d\udccd <\/span><b>ONLINE MODALITY: <\/b><span style=\"font-weight: 400;\">Pre-recorded on our platform with 3 months access to the platform<\/span><\/p>\n<p><span style=\"font-weight: 400;\">\ud83d\udcb0 INVESTMENT<\/span><\/p>\n<p><span style=\"font-weight: 400;\"><strong>Option 1: Detox with Guide and 1-hour Individual Session:<\/strong> 2,555 mxn \/142 usd \/ 213 thousand ars.<\/span><\/p>\n<p><span style=\"font-weight: 400;\"><strong>Option 2: Detox with Guide and without Session:<\/strong> 1,777 mxn \/ 99 usd \/ 140 thousand ars.<\/span><\/p>\n<p><span style=\"font-weight: 400;\"><strong>Option 3: Detox with Guide and without Session:<\/strong> 1,222 mxn \/68 usd \/ 96 thousand ars.<\/span><\/p>\n<p><b>For Mexico only: <\/b><span style=\"font-weight: 400;\">If you want to purchase your Herbal Kit \ud83c\udf3fat a preferential price, click this link and add it to your cart. <\/span><a href=\"https:\/\/alquimiaregenerativa.com\/en\/tienda\/kit-7-dias\/\"><span style=\"font-weight: 400;\">https:\/\/alquimiaregenerativa.com\/tienda\/kit-7-dias\/<\/span><\/a><\/p>\n<p><span style=\"font-weight: 400;\">Take charge of your health! Are you up for it? I&#039;ll leave the details in the first comment.<\/span><\/p>\n<p><span style=\"font-weight: 400;\">Blessings\u00a0<\/span><\/p>\n<p><span style=\"font-weight: 400;\">Lu Del Mar &amp; Regenerative Alchemy.<\/span><\/p>\n<p><span style=\"font-weight: 400;\">\ud83d\udcf2 More info: WA +52 5516207310\u00a0<\/span><\/p>","protected":false},"excerpt":{"rendered":"<p>Detox 7 d\u00edas personalizado e individual \u00bfTus antojos te dominan? \u00bfTienes picazones \/ infecciones genitales o en la piel? Tu [&hellip;]<\/p>\n","protected":false},"featured_media":7376,"comment_status":"open","ping_status":"closed","template":"","meta":{"site-sidebar-layout":"default","site-content-layout":"","ast-site-content-layout":"default","site-content-style":"default","site-sidebar-style":"default","ast-global-header-display":"","ast-banner-title-visibility":"","ast-main-header-display":"","ast-hfb-above-header-display":"","ast-hfb-below-header-display":"","ast-hfb-mobile-header-display":"","site-post-title":"","ast-breadcrumbs-content":"","ast-featured-img":"","footer-sml-layout":"","ast-disable-related-posts":"","theme-transparent-header-meta":"default","adv-header-id-meta":"","stick-header-meta":"","header-above-stick-meta":"","header-main-stick-meta":"","header-below-stick-meta":"","astra-migrate-meta-layouts":"set","ast-page-background-enabled":"default","ast-page-background-meta":{"desktop":{"background-color":"var(--ast-global-color-4)","background-image":"","background-repeat":"repeat","background-position":"center center","background-size":"auto","background-attachment":"scroll","background-type":"","background-media":"","overlay-type":"","overlay-color":"","overlay-opacity":"","overlay-gradient":""},"tablet":{"background-color":"","background-image":"","background-repeat":"repeat","background-position":"center center","background-size":"auto","background-attachment":"scroll","background-type":"","background-media":"","overlay-type":"","overlay-color":"","overlay-opacity":"","overlay-gradient":""},"mobile":{"background-color":"","background-image":"","background-repeat":"repeat","background-position":"center center","background-size":"auto","background-attachment":"scroll","background-type":"","background-media":"","overlay-type":"","overlay-color":"","overlay-opacity":"","overlay-gradient":""}},"ast-content-background-meta":{"desktop":{"background-color":"var(--ast-global-color-5)","background-image":"","background-repeat":"repeat","background-position":"center center","background-size":"auto","background-attachment":"scroll","background-type":"","background-media":"","overlay-type":"","overlay-color":"","overlay-opacity":"","overlay-gradient":""},"tablet":{"background-color":"var(--ast-global-color-5)","background-image":"","background-repeat":"repeat","background-position":"center center","background-size":"auto","background-attachment":"scroll","background-type":"","background-media":"","overlay-type":"","overlay-color":"","overlay-opacity":"","overlay-gradient":""},"mobile":{"background-color":"var(--ast-global-color-5)","background-image":"","background-repeat":"repeat","background-position":"center center","background-size":"auto","background-attachment":"scroll","background-type":"","background-media":"","overlay-type":"","overlay-color":"","overlay-opacity":"","overlay-gradient":""}},"_joinchat":[]},"product_brand":[],"product_cat":[15],"product_tag":[],"class_list":{"0":"post-6167","1":"product","2":"type-product","3":"status-publish","4":"has-post-thumbnail","6":"product_cat-todo","7":"desktop-align-center","8":"tablet-align-center","9":"mobile-align-center","11":"first","12":"instock","13":"sold-individually","14":"taxable","15":"shipping-taxable","16":"purchasable","17":"product-type-variable"},"yoast_head":"<!-- This site is optimized with the Yoast SEO Premium plugin v23.4 (Yoast SEO v27.4) - https:\/\/yoast.com\/product\/yoast-seo-premium-wordpress\/ -->\n<title>Detox Individual 7 D\u00edas Desparasitaci\u00f3n y Limpieza Hep\u00e1tica - Alquimia Regenerativa<\/title>\n<meta name=\"robots\" content=\"index, follow, max-snippet:-1, max-image-preview:large, max-video-preview:-1\" \/>\n<link rel=\"canonical\" href=\"https:\/\/alquimiaregenerativa.com\/en\/tienda\/7-dias-individual\/\" \/>\n<meta property=\"og:locale\" content=\"en_US\" \/>\n<meta property=\"og:type\" content=\"article\" \/>\n<meta property=\"og:title\" content=\"Detox Individual 7 D\u00edas Desparasitaci\u00f3n y Limpieza Hep\u00e1tica\" \/>\n<meta property=\"og:description\" content=\"Detox 7 d\u00edas personalizado e individual \u00bfTus antojos te dominan? \u00bfTienes picazones \/ infecciones genitales o en la piel? Tu [&hellip;]\" \/>\n<meta property=\"og:url\" content=\"https:\/\/alquimiaregenerativa.com\/en\/tienda\/7-dias-individual\/\" \/>\n<meta property=\"og:site_name\" content=\"Alquimia Regenerativa\" \/>\n<meta property=\"article:modified_time\" content=\"2026-04-11T01:21:13+00:00\" \/>\n<meta property=\"og:image\" content=\"https:\/\/alquimiaregenerativa.com\/wp-content\/uploads\/2025\/08\/Diseno-sin-titulo-5.png\" \/>\n\t<meta property=\"og:image:width\" content=\"1024\" \/>\n\t<meta property=\"og:image:height\" content=\"1024\" \/>\n\t<meta property=\"og:image:type\" content=\"image\/png\" \/>\n<meta name=\"twitter:card\" content=\"summary_large_image\" \/>\n<meta name=\"twitter:label1\" content=\"Availability\" \/>\n\t<meta name=\"twitter:data1\" content=\"In stock\" \/>\n<script type=\"application\/ld+json\" class=\"yoast-schema-graph\">{\"@context\":\"https:\\\/\\\/schema.org\",\"@graph\":[{\"@type\":\"WebPage\",\"@id\":\"https:\\\/\\\/alquimiaregenerativa.com\\\/tienda\\\/7-dias-individual\\\/\",\"url\":\"https:\\\/\\\/alquimiaregenerativa.com\\\/tienda\\\/7-dias-individual\\\/\",\"name\":\"Detox Individual 7 D\u00edas Desparasitaci\u00f3n y Limpieza Hep\u00e1tica - Alquimia Regenerativa\",\"isPartOf\":{\"@id\":\"https:\\\/\\\/alquimiaregenerativa.com\\\/#website\"},\"primaryImageOfPage\":{\"@id\":\"https:\\\/\\\/alquimiaregenerativa.com\\\/tienda\\\/7-dias-individual\\\/#primaryimage\"},\"image\":{\"@id\":\"https:\\\/\\\/alquimiaregenerativa.com\\\/tienda\\\/7-dias-individual\\\/#primaryimage\"},\"thumbnailUrl\":\"https:\\\/\\\/alquimiaregenerativa.com\\\/wp-content\\\/uploads\\\/2025\\\/08\\\/Diseno-sin-titulo-5.png\",\"datePublished\":\"2025-08-21T19:29:53+00:00\",\"dateModified\":\"2026-04-11T01:21:13+00:00\",\"breadcrumb\":{\"@id\":\"https:\\\/\\\/alquimiaregenerativa.com\\\/tienda\\\/7-dias-individual\\\/#breadcrumb\"},\"inLanguage\":\"en-US\",\"potentialAction\":[{\"@type\":\"ReadAction\",\"target\":[\"https:\\\/\\\/alquimiaregenerativa.com\\\/tienda\\\/7-dias-individual\\\/\"]}]},{\"@type\":\"ImageObject\",\"inLanguage\":\"en-US\",\"@id\":\"https:\\\/\\\/alquimiaregenerativa.com\\\/tienda\\\/7-dias-individual\\\/#primaryimage\",\"url\":\"https:\\\/\\\/alquimiaregenerativa.com\\\/wp-content\\\/uploads\\\/2025\\\/08\\\/Diseno-sin-titulo-5.png\",\"contentUrl\":\"https:\\\/\\\/alquimiaregenerativa.com\\\/wp-content\\\/uploads\\\/2025\\\/08\\\/Diseno-sin-titulo-5.png\",\"width\":1024,\"height\":1024},{\"@type\":\"BreadcrumbList\",\"@id\":\"https:\\\/\\\/alquimiaregenerativa.com\\\/tienda\\\/7-dias-individual\\\/#breadcrumb\",\"itemListElement\":[{\"@type\":\"ListItem\",\"position\":1,\"name\":\"Portada\",\"item\":\"https:\\\/\\\/alquimiaregenerativa.com\\\/\"},{\"@type\":\"ListItem\",\"position\":2,\"name\":\"Tienda\",\"item\":\"https:\\\/\\\/alquimiaregenerativa.com\\\/tienda\\\/\"},{\"@type\":\"ListItem\",\"position\":3,\"name\":\"Detox Individual 7 D\u00edas Desparasitaci\u00f3n y Limpieza Hep\u00e1tica\"}]},{\"@type\":\"WebSite\",\"@id\":\"https:\\\/\\\/alquimiaregenerativa.com\\\/#website\",\"url\":\"https:\\\/\\\/alquimiaregenerativa.com\\\/\",\"name\":\"Alquimia Regenerativa\",\"description\":\"Comienza tu proceso de tranformaci\u00f3n\",\"potentialAction\":[{\"@type\":\"SearchAction\",\"target\":{\"@type\":\"EntryPoint\",\"urlTemplate\":\"https:\\\/\\\/alquimiaregenerativa.com\\\/?s={search_term_string}\"},\"query-input\":{\"@type\":\"PropertyValueSpecification\",\"valueRequired\":true,\"valueName\":\"search_term_string\"}}],\"inLanguage\":\"en-US\"}]}<\/script>\n<meta property=\"og:availability\" content=\"instock\" \/>\n<meta property=\"product:availability\" content=\"instock\" \/>\n<meta property=\"product:condition\" content=\"new\" \/>\n<!-- \/ Yoast SEO Premium plugin. -->","yoast_head_json":{"title":"Detox Individual 7 D\u00edas Desparasitaci\u00f3n y Limpieza Hep\u00e1tica - Alquimia Regenerativa","robots":{"index":"index","follow":"follow","max-snippet":"max-snippet:-1","max-image-preview":"max-image-preview:large","max-video-preview":"max-video-preview:-1"},"canonical":"https:\/\/alquimiaregenerativa.com\/en\/tienda\/7-dias-individual\/","og_locale":"en_US","og_type":"article","og_title":"Detox Individual 7 D\u00edas Desparasitaci\u00f3n y Limpieza Hep\u00e1tica","og_description":"Detox 7 d\u00edas personalizado e individual \u00bfTus antojos te dominan? \u00bfTienes picazones \/ infecciones genitales o en la piel? Tu [&hellip;]","og_url":"https:\/\/alquimiaregenerativa.com\/en\/tienda\/7-dias-individual\/","og_site_name":"Alquimia Regenerativa","article_modified_time":"2026-04-11T01:21:13+00:00","og_image":[{"width":1024,"height":1024,"url":"https:\/\/alquimiaregenerativa.com\/wp-content\/uploads\/2025\/08\/Diseno-sin-titulo-5.png","type":"image\/png"}],"twitter_card":"summary_large_image","twitter_misc":{"Availability":"In stock"},"schema":{"@context":"https:\/\/schema.org","@graph":[{"@type":"WebPage","@id":"https:\/\/alquimiaregenerativa.com\/tienda\/7-dias-individual\/","url":"https:\/\/alquimiaregenerativa.com\/tienda\/7-dias-individual\/","name":"Detox Individual 7 D\u00edas Desparasitaci\u00f3n y Limpieza Hep\u00e1tica - Alquimia Regenerativa","isPartOf":{"@id":"https:\/\/alquimiaregenerativa.com\/#website"},"primaryImageOfPage":{"@id":"https:\/\/alquimiaregenerativa.com\/tienda\/7-dias-individual\/#primaryimage"},"image":{"@id":"https:\/\/alquimiaregenerativa.com\/tienda\/7-dias-individual\/#primaryimage"},"thumbnailUrl":"https:\/\/alquimiaregenerativa.com\/wp-content\/uploads\/2025\/08\/Diseno-sin-titulo-5.png","datePublished":"2025-08-21T19:29:53+00:00","dateModified":"2026-04-11T01:21:13+00:00","breadcrumb":{"@id":"https:\/\/alquimiaregenerativa.com\/tienda\/7-dias-individual\/#breadcrumb"},"inLanguage":"en-US","potentialAction":[{"@type":"ReadAction","target":["https:\/\/alquimiaregenerativa.com\/tienda\/7-dias-individual\/"]}]},{"@type":"ImageObject","inLanguage":"en-US","@id":"https:\/\/alquimiaregenerativa.com\/tienda\/7-dias-individual\/#primaryimage","url":"https:\/\/alquimiaregenerativa.com\/wp-content\/uploads\/2025\/08\/Diseno-sin-titulo-5.png","contentUrl":"https:\/\/alquimiaregenerativa.com\/wp-content\/uploads\/2025\/08\/Diseno-sin-titulo-5.png","width":1024,"height":1024},{"@type":"BreadcrumbList","@id":"https:\/\/alquimiaregenerativa.com\/tienda\/7-dias-individual\/#breadcrumb","itemListElement":[{"@type":"ListItem","position":1,"name":"Portada","item":"https:\/\/alquimiaregenerativa.com\/"},{"@type":"ListItem","position":2,"name":"Tienda","item":"https:\/\/alquimiaregenerativa.com\/tienda\/"},{"@type":"ListItem","position":3,"name":"Detox Individual 7 D\u00edas Desparasitaci\u00f3n y Limpieza Hep\u00e1tica"}]},{"@type":"WebSite","@id":"https:\/\/alquimiaregenerativa.com\/#website","url":"https:\/\/alquimiaregenerativa.com\/","name":"Regenerative Alchemy","description":"Start your transformation process","potentialAction":[{"@type":"SearchAction","target":{"@type":"EntryPoint","urlTemplate":"https:\/\/alquimiaregenerativa.com\/?s={search_term_string}"},"query-input":{"@type":"PropertyValueSpecification","valueRequired":true,"valueName":"search_term_string"}}],"inLanguage":"en-US"}]},"og_availability":"instock","product_availability":"instock","product_condition":"new"},"jetpack_sharing_enabled":true,"_links":{"self":[{"href":"https:\/\/alquimiaregenerativa.com\/en\/wp-json\/wp\/v2\/product\/6167","targetHints":{"allow":["GET"]}}],"collection":[{"href":"https:\/\/alquimiaregenerativa.com\/en\/wp-json\/wp\/v2\/product"}],"about":[{"href":"https:\/\/alquimiaregenerativa.com\/en\/wp-json\/wp\/v2\/types\/product"}],"replies":[{"embeddable":true,"href":"https:\/\/alquimiaregenerativa.com\/en\/wp-json\/wp\/v2\/comments?post=6167"}],"wp:featuredmedia":[{"embeddable":true,"href":"https:\/\/alquimiaregenerativa.com\/en\/wp-json\/wp\/v2\/media\/7376"}],"wp:attachment":[{"href":"https:\/\/alquimiaregenerativa.com\/en\/wp-json\/wp\/v2\/media?parent=6167"}],"wp:term":[{"taxonomy":"product_brand","embeddable":true,"href":"https:\/\/alquimiaregenerativa.com\/en\/wp-json\/wp\/v2\/product_brand?post=6167"},{"taxonomy":"product_cat","embeddable":true,"href":"https:\/\/alquimiaregenerativa.com\/en\/wp-json\/wp\/v2\/product_cat?post=6167"},{"taxonomy":"product_tag","embeddable":true,"href":"https:\/\/alquimiaregenerativa.com\/en\/wp-json\/wp\/v2\/product_tag?post=6167"}],"curies":[{"name":"wp","href":"https:\/\/api.w.org\/{rel}","templated":true}]}}