{"id":76,"date":"2024-06-13T18:57:43","date_gmt":"2024-06-13T16:57:43","guid":{"rendered":"https:\/\/alquimiaregenerativa.com\/?post_type=product&#038;p=76"},"modified":"2026-01-02T18:53:51","modified_gmt":"2026-01-02T17:53:51","slug":"aceite-alivio-relajacion","status":"publish","type":"product","link":"https:\/\/alquimiaregenerativa.com\/en\/tienda\/aceite-alivio-relajacion\/","title":{"rendered":"Relief and Relaxation Oil"},"content":{"rendered":"","protected":false},"excerpt":{"rendered":"<p><strong>WHAT IS IT?: <\/strong>It is an extract of the Santa Maria plant, made in a high-quality, artisanal way and with the prayer of medicine. It helps calm the nervous system, helps you fall asleep and reduces pain and epilepsy episodes. Ask us about the even more powerful PRO version, used in cancer processes and deep pain.<\/p>\n<p><span style=\"font-weight: 400;\">It is organic, artisanal extraction and has a high level of concentration. <\/span><span style=\"font-weight: 400;\">The plant contains a natural compound with therapeutic potential and<\/span><span style=\"font-weight: 400;\">norm.<\/span><\/p>\n<p><strong>USES: <\/strong><span style=\"font-weight: 400;\">Chronic pain<br \/>\n<\/span><span style=\"font-weight: 400;\">Anxiety, stress and depression.<br \/>\n<\/span><span style=\"font-weight: 400;\">Autoimmune inflammatory diseases, such as arthritis, fibromyalgia<br \/>\n<\/span><span style=\"font-weight: 400;\">Inflammatory bowel diseases (IBD): Crohn&#039;s disease and ulcerative colitis.<br \/>\n<\/span><span style=\"font-weight: 400;\">Neurological disorders: Alzheimer&#039;s disease (AD), dementia, Parkinson&#039;s disease (PD) and multiple sclerosis<br \/>\n<\/span><span style=\"font-weight: 400;\">Refractory epilepsy or cerebrovascular accident (CVA)<br \/>\n<\/span><span style=\"font-weight: 400;\">Chronic inflammatory skin diseases: dermatitis, psoriasis and acne<br \/>\n<\/span><span style=\"font-weight: 400;\">Cardiovascular disorders<br \/>\n<\/span><span style=\"font-weight: 400;\">Cancer: brain tumors (gliomas), <\/span><span style=\"font-weight: 400;\">of the skin (melanoma and cutaneous carcinoma), breast, pancreas, liver and prostate, among others; in palliative treatment, it improves symptoms of chemotherapy such as physical pain,<br \/>\n<\/span><span style=\"font-weight: 400;\">Nausea, vomiting and insomnia<br \/>\n<\/span><span style=\"font-weight: 400;\">Metabolic syndrome: obesity and diabetes<br \/>\n<\/span><span style=\"font-weight: 400;\">Neuropsychiatric diseases:<br \/>\n<\/span><span style=\"font-weight: 400;\">Schizophrenia, autism, attention deficit hyperactivity disorder (ADHD), post-traumatic stress disorder and alcoholism.<\/span><\/p>","protected":false},"featured_media":3974,"comment_status":"open","ping_status":"closed","template":"","meta":{"site-sidebar-layout":"default","site-content-layout":"","ast-site-content-layout":"default","site-content-style":"default","site-sidebar-style":"default","ast-global-header-display":"","ast-banner-title-visibility":"","ast-main-header-display":"","ast-hfb-above-header-display":"","ast-hfb-below-header-display":"","ast-hfb-mobile-header-display":"","site-post-title":"","ast-breadcrumbs-content":"","ast-featured-img":"","footer-sml-layout":"","ast-disable-related-posts":"","theme-transparent-header-meta":"default","adv-header-id-meta":"","stick-header-meta":"","header-above-stick-meta":"","header-main-stick-meta":"","header-below-stick-meta":"","astra-migrate-meta-layouts":"set","ast-page-background-enabled":"default","ast-page-background-meta":{"desktop":{"background-color":"var(--ast-global-color-4)","background-image":"","background-repeat":"repeat","background-position":"center center","background-size":"auto","background-attachment":"scroll","background-type":"","background-media":"","overlay-type":"","overlay-color":"","overlay-opacity":"","overlay-gradient":""},"tablet":{"background-color":"","background-image":"","background-repeat":"repeat","background-position":"center center","background-size":"auto","background-attachment":"scroll","background-type":"","background-media":"","overlay-type":"","overlay-color":"","overlay-opacity":"","overlay-gradient":""},"mobile":{"background-color":"","background-image":"","background-repeat":"repeat","background-position":"center center","background-size":"auto","background-attachment":"scroll","background-type":"","background-media":"","overlay-type":"","overlay-color":"","overlay-opacity":"","overlay-gradient":""}},"ast-content-background-meta":{"desktop":{"background-color":"var(--ast-global-color-5)","background-image":"","background-repeat":"repeat","background-position":"center center","background-size":"auto","background-attachment":"scroll","background-type":"","background-media":"","overlay-type":"","overlay-color":"","overlay-opacity":"","overlay-gradient":""},"tablet":{"background-color":"var(--ast-global-color-5)","background-image":"","background-repeat":"repeat","background-position":"center center","background-size":"auto","background-attachment":"scroll","background-type":"","background-media":"","overlay-type":"","overlay-color":"","overlay-opacity":"","overlay-gradient":""},"mobile":{"background-color":"var(--ast-global-color-5)","background-image":"","background-repeat":"repeat","background-position":"center center","background-size":"auto","background-attachment":"scroll","background-type":"","background-media":"","overlay-type":"","overlay-color":"","overlay-opacity":"","overlay-gradient":""}},"_joinchat":[]},"product_brand":[],"product_cat":[83],"product_tag":[],"class_list":{"0":"post-76","1":"product","2":"type-product","3":"status-publish","4":"has-post-thumbnail","6":"product_cat-belleza-natural","7":"desktop-align-center","8":"tablet-align-center","9":"mobile-align-center","11":"first","12":"instock","13":"sold-individually","14":"taxable","15":"shipping-taxable","16":"purchasable","17":"product-type-variable"},"yoast_head":"<!-- This site is optimized with the Yoast SEO Premium plugin v23.4 (Yoast SEO v27.4) - https:\/\/yoast.com\/product\/yoast-seo-premium-wordpress\/ -->\n<title>Aceite Alivio y Relajaci\u00f3n - Alquimia Regenerativa<\/title>\n<meta name=\"robots\" content=\"index, follow, max-snippet:-1, max-image-preview:large, max-video-preview:-1\" \/>\n<link rel=\"canonical\" href=\"https:\/\/alquimiaregenerativa.com\/en\/tienda\/aceite-alivio-relajacion\/\" \/>\n<meta property=\"og:locale\" content=\"en_US\" \/>\n<meta property=\"og:type\" content=\"article\" \/>\n<meta property=\"og:title\" content=\"Aceite Alivio y Relajaci\u00f3n\" \/>\n<meta property=\"og:description\" content=\"\u00bfQU\u00c9 ES?: Es un extracto una planta santa maria, hecho de manera artesanal de alta calidad y con rezo de la medicina. Asiste en calmar el sistema nervioso, ayuda a conciliar el sue\u00f1o y a disminuir el dolor, episodios de epilepsia. Preguntanos por la versi\u00f3n\u00a0 PRO m\u00e1s potente a\u00fan, utilizado en los procesos de c\u00e1ncer y dolor profundo.  Es org\u00e1nico, extracci\u00f3n artesanal y tiene un alto nivel de concentraci\u00f3n. La planta contiene un compuesto natural con un potencial terap\u00e9utico enorme.  USOS: Dolor cr\u00f3nico Ansiedad, estr\u00e9s y depresi\u00f3n. Enfermedades inflamatorias autoinmunes, como la artritis, fibromialgia Enfermedades inflamatorias intestinales (EII): enfermedad de Crohn y colitis ulcerosa. Trastornos neurol\u00f3gicos: enfermedad de Alzheimer (EA), demencia, enfermedad de Parkinson (EP) y esclerosis m\u00faltiple Epilepsia refractaria o accidente cerebrovascular (ACV) Enfermedades inflamatorias cr\u00f3nicas de la piel: dermatitis, psoriasis y acn\u00e9 Des\u00f3rdenes cardiovasculares C\u00e1ncer: tumores cerebrales (gliomas), de piel (melanoma y carcinoma cut\u00e1neos), de mama, de p\u00e1ncreas, de h\u00edgado y de pr\u00f3stata, entre otros; en el tratamiento paliativo, mejora s\u00edntomas de la quimioterapia como dolores f\u00edsicos, N\u00e1useas, v\u00f3mitos e insomnio S\u00edndrome metab\u00f3lico: obesidad y diabetes Enfermedades neuropsiqui\u00e1tricas: Esquizofrenia, autismo, trastorno por d\u00e9ficit de atenci\u00f3n con hiperactividad (TDAH), estr\u00e9s postraum\u00e1tico y alcoholismo.\" \/>\n<meta property=\"og:url\" content=\"https:\/\/alquimiaregenerativa.com\/en\/tienda\/aceite-alivio-relajacion\/\" \/>\n<meta property=\"og:site_name\" content=\"Alquimia Regenerativa\" \/>\n<meta property=\"article:modified_time\" content=\"2026-01-02T17:53:51+00:00\" \/>\n<meta property=\"og:image\" content=\"https:\/\/alquimiaregenerativa.com\/wp-content\/uploads\/2024\/06\/Aceite-Alivio-y-Relajacion.png\" \/>\n\t<meta property=\"og:image:width\" content=\"361\" \/>\n\t<meta property=\"og:image:height\" content=\"361\" \/>\n\t<meta property=\"og:image:type\" content=\"image\/png\" \/>\n<meta name=\"twitter:card\" content=\"summary_large_image\" \/>\n<meta name=\"twitter:label1\" content=\"Availability\" \/>\n\t<meta name=\"twitter:data1\" content=\"In stock\" \/>\n<script type=\"application\/ld+json\" class=\"yoast-schema-graph\">{\"@context\":\"https:\\\/\\\/schema.org\",\"@graph\":[{\"@type\":\"WebPage\",\"@id\":\"https:\\\/\\\/alquimiaregenerativa.com\\\/tienda\\\/aceite-alivio-relajacion\\\/\",\"url\":\"https:\\\/\\\/alquimiaregenerativa.com\\\/tienda\\\/aceite-alivio-relajacion\\\/\",\"name\":\"Aceite Alivio y Relajaci\u00f3n - Alquimia Regenerativa\",\"isPartOf\":{\"@id\":\"https:\\\/\\\/alquimiaregenerativa.com\\\/#website\"},\"primaryImageOfPage\":{\"@id\":\"https:\\\/\\\/alquimiaregenerativa.com\\\/tienda\\\/aceite-alivio-relajacion\\\/#primaryimage\"},\"image\":{\"@id\":\"https:\\\/\\\/alquimiaregenerativa.com\\\/tienda\\\/aceite-alivio-relajacion\\\/#primaryimage\"},\"thumbnailUrl\":\"https:\\\/\\\/alquimiaregenerativa.com\\\/wp-content\\\/uploads\\\/2024\\\/06\\\/Aceite-Alivio-y-Relajacion.png\",\"datePublished\":\"2024-06-13T16:57:43+00:00\",\"dateModified\":\"2026-01-02T17:53:51+00:00\",\"breadcrumb\":{\"@id\":\"https:\\\/\\\/alquimiaregenerativa.com\\\/tienda\\\/aceite-alivio-relajacion\\\/#breadcrumb\"},\"inLanguage\":\"en-US\",\"potentialAction\":[{\"@type\":\"ReadAction\",\"target\":[\"https:\\\/\\\/alquimiaregenerativa.com\\\/tienda\\\/aceite-alivio-relajacion\\\/\"]}]},{\"@type\":\"ImageObject\",\"inLanguage\":\"en-US\",\"@id\":\"https:\\\/\\\/alquimiaregenerativa.com\\\/tienda\\\/aceite-alivio-relajacion\\\/#primaryimage\",\"url\":\"https:\\\/\\\/alquimiaregenerativa.com\\\/wp-content\\\/uploads\\\/2024\\\/06\\\/Aceite-Alivio-y-Relajacion.png\",\"contentUrl\":\"https:\\\/\\\/alquimiaregenerativa.com\\\/wp-content\\\/uploads\\\/2024\\\/06\\\/Aceite-Alivio-y-Relajacion.png\",\"width\":361,\"height\":361},{\"@type\":\"BreadcrumbList\",\"@id\":\"https:\\\/\\\/alquimiaregenerativa.com\\\/tienda\\\/aceite-alivio-relajacion\\\/#breadcrumb\",\"itemListElement\":[{\"@type\":\"ListItem\",\"position\":1,\"name\":\"Portada\",\"item\":\"https:\\\/\\\/alquimiaregenerativa.com\\\/\"},{\"@type\":\"ListItem\",\"position\":2,\"name\":\"Tienda\",\"item\":\"https:\\\/\\\/alquimiaregenerativa.com\\\/tienda\\\/\"},{\"@type\":\"ListItem\",\"position\":3,\"name\":\"Aceite Alivio y Relajaci\u00f3n\"}]},{\"@type\":\"WebSite\",\"@id\":\"https:\\\/\\\/alquimiaregenerativa.com\\\/#website\",\"url\":\"https:\\\/\\\/alquimiaregenerativa.com\\\/\",\"name\":\"Alquimia Regenerativa\",\"description\":\"Comienza tu proceso de tranformaci\u00f3n\",\"potentialAction\":[{\"@type\":\"SearchAction\",\"target\":{\"@type\":\"EntryPoint\",\"urlTemplate\":\"https:\\\/\\\/alquimiaregenerativa.com\\\/?s={search_term_string}\"},\"query-input\":{\"@type\":\"PropertyValueSpecification\",\"valueRequired\":true,\"valueName\":\"search_term_string\"}}],\"inLanguage\":\"en-US\"}]}<\/script>\n<meta property=\"og:availability\" content=\"instock\" \/>\n<meta property=\"product:availability\" content=\"instock\" \/>\n<meta property=\"product:condition\" content=\"new\" \/>\n<!-- \/ Yoast SEO Premium plugin. -->","yoast_head_json":{"title":"Relief and Relaxation Oil - Regenerative Alchemy","robots":{"index":"index","follow":"follow","max-snippet":"max-snippet:-1","max-image-preview":"max-image-preview:large","max-video-preview":"max-video-preview:-1"},"canonical":"https:\/\/alquimiaregenerativa.com\/en\/tienda\/aceite-alivio-relajacion\/","og_locale":"en_US","og_type":"article","og_title":"Aceite Alivio y Relajaci\u00f3n","og_description":"\u00bfQU\u00c9 ES?: Es un extracto una planta santa maria, hecho de manera artesanal de alta calidad y con rezo de la medicina. Asiste en calmar el sistema nervioso, ayuda a conciliar el sue\u00f1o y a disminuir el dolor, episodios de epilepsia. Preguntanos por la versi\u00f3n\u00a0 PRO m\u00e1s potente a\u00fan, utilizado en los procesos de c\u00e1ncer y dolor profundo.  Es org\u00e1nico, extracci\u00f3n artesanal y tiene un alto nivel de concentraci\u00f3n. La planta contiene un compuesto natural con un potencial terap\u00e9utico enorme.  USOS: Dolor cr\u00f3nico Ansiedad, estr\u00e9s y depresi\u00f3n. Enfermedades inflamatorias autoinmunes, como la artritis, fibromialgia Enfermedades inflamatorias intestinales (EII): enfermedad de Crohn y colitis ulcerosa. Trastornos neurol\u00f3gicos: enfermedad de Alzheimer (EA), demencia, enfermedad de Parkinson (EP) y esclerosis m\u00faltiple Epilepsia refractaria o accidente cerebrovascular (ACV) Enfermedades inflamatorias cr\u00f3nicas de la piel: dermatitis, psoriasis y acn\u00e9 Des\u00f3rdenes cardiovasculares C\u00e1ncer: tumores cerebrales (gliomas), de piel (melanoma y carcinoma cut\u00e1neos), de mama, de p\u00e1ncreas, de h\u00edgado y de pr\u00f3stata, entre otros; en el tratamiento paliativo, mejora s\u00edntomas de la quimioterapia como dolores f\u00edsicos, N\u00e1useas, v\u00f3mitos e insomnio S\u00edndrome metab\u00f3lico: obesidad y diabetes Enfermedades neuropsiqui\u00e1tricas: Esquizofrenia, autismo, trastorno por d\u00e9ficit de atenci\u00f3n con hiperactividad (TDAH), estr\u00e9s postraum\u00e1tico y alcoholismo.","og_url":"https:\/\/alquimiaregenerativa.com\/en\/tienda\/aceite-alivio-relajacion\/","og_site_name":"Alquimia Regenerativa","article_modified_time":"2026-01-02T17:53:51+00:00","og_image":[{"width":361,"height":361,"url":"https:\/\/alquimiaregenerativa.com\/wp-content\/uploads\/2024\/06\/Aceite-Alivio-y-Relajacion.png","type":"image\/png"}],"twitter_card":"summary_large_image","twitter_misc":{"Availability":"In stock"},"schema":{"@context":"https:\/\/schema.org","@graph":[{"@type":"WebPage","@id":"https:\/\/alquimiaregenerativa.com\/tienda\/aceite-alivio-relajacion\/","url":"https:\/\/alquimiaregenerativa.com\/tienda\/aceite-alivio-relajacion\/","name":"Relief and Relaxation Oil - Regenerative Alchemy","isPartOf":{"@id":"https:\/\/alquimiaregenerativa.com\/#website"},"primaryImageOfPage":{"@id":"https:\/\/alquimiaregenerativa.com\/tienda\/aceite-alivio-relajacion\/#primaryimage"},"image":{"@id":"https:\/\/alquimiaregenerativa.com\/tienda\/aceite-alivio-relajacion\/#primaryimage"},"thumbnailUrl":"https:\/\/alquimiaregenerativa.com\/wp-content\/uploads\/2024\/06\/Aceite-Alivio-y-Relajacion.png","datePublished":"2024-06-13T16:57:43+00:00","dateModified":"2026-01-02T17:53:51+00:00","breadcrumb":{"@id":"https:\/\/alquimiaregenerativa.com\/tienda\/aceite-alivio-relajacion\/#breadcrumb"},"inLanguage":"en-US","potentialAction":[{"@type":"ReadAction","target":["https:\/\/alquimiaregenerativa.com\/tienda\/aceite-alivio-relajacion\/"]}]},{"@type":"ImageObject","inLanguage":"en-US","@id":"https:\/\/alquimiaregenerativa.com\/tienda\/aceite-alivio-relajacion\/#primaryimage","url":"https:\/\/alquimiaregenerativa.com\/wp-content\/uploads\/2024\/06\/Aceite-Alivio-y-Relajacion.png","contentUrl":"https:\/\/alquimiaregenerativa.com\/wp-content\/uploads\/2024\/06\/Aceite-Alivio-y-Relajacion.png","width":361,"height":361},{"@type":"BreadcrumbList","@id":"https:\/\/alquimiaregenerativa.com\/tienda\/aceite-alivio-relajacion\/#breadcrumb","itemListElement":[{"@type":"ListItem","position":1,"name":"Portada","item":"https:\/\/alquimiaregenerativa.com\/"},{"@type":"ListItem","position":2,"name":"Tienda","item":"https:\/\/alquimiaregenerativa.com\/tienda\/"},{"@type":"ListItem","position":3,"name":"Aceite Alivio y Relajaci\u00f3n"}]},{"@type":"WebSite","@id":"https:\/\/alquimiaregenerativa.com\/#website","url":"https:\/\/alquimiaregenerativa.com\/","name":"Regenerative Alchemy","description":"Start your transformation process","potentialAction":[{"@type":"SearchAction","target":{"@type":"EntryPoint","urlTemplate":"https:\/\/alquimiaregenerativa.com\/?s={search_term_string}"},"query-input":{"@type":"PropertyValueSpecification","valueRequired":true,"valueName":"search_term_string"}}],"inLanguage":"en-US"}]},"og_availability":"instock","product_availability":"instock","product_condition":"new"},"jetpack_sharing_enabled":true,"_links":{"self":[{"href":"https:\/\/alquimiaregenerativa.com\/en\/wp-json\/wp\/v2\/product\/76","targetHints":{"allow":["GET"]}}],"collection":[{"href":"https:\/\/alquimiaregenerativa.com\/en\/wp-json\/wp\/v2\/product"}],"about":[{"href":"https:\/\/alquimiaregenerativa.com\/en\/wp-json\/wp\/v2\/types\/product"}],"replies":[{"embeddable":true,"href":"https:\/\/alquimiaregenerativa.com\/en\/wp-json\/wp\/v2\/comments?post=76"}],"wp:featuredmedia":[{"embeddable":true,"href":"https:\/\/alquimiaregenerativa.com\/en\/wp-json\/wp\/v2\/media\/3974"}],"wp:attachment":[{"href":"https:\/\/alquimiaregenerativa.com\/en\/wp-json\/wp\/v2\/media?parent=76"}],"wp:term":[{"taxonomy":"product_brand","embeddable":true,"href":"https:\/\/alquimiaregenerativa.com\/en\/wp-json\/wp\/v2\/product_brand?post=76"},{"taxonomy":"product_cat","embeddable":true,"href":"https:\/\/alquimiaregenerativa.com\/en\/wp-json\/wp\/v2\/product_cat?post=76"},{"taxonomy":"product_tag","embeddable":true,"href":"https:\/\/alquimiaregenerativa.com\/en\/wp-json\/wp\/v2\/product_tag?post=76"}],"curies":[{"name":"wp","href":"https:\/\/api.w.org\/{rel}","templated":true}]}}