{"id":7651,"date":"2025-11-25T00:28:44","date_gmt":"2025-11-24T23:28:44","guid":{"rendered":"https:\/\/alquimiaregenerativa.com\/tienda\/03-12-detox-grupal-7-dias-desparasitacion-y-limpieza-hepatica\/"},"modified":"2026-03-16T23:27:05","modified_gmt":"2026-03-16T22:27:05","slug":"11-2-detox-grupal-7-dias-desparasitacion-y-limpieza-hepatica-2","status":"publish","type":"product","link":"https:\/\/alquimiaregenerativa.com\/en\/tienda\/11-2-detox-grupal-7-dias-desparasitacion-y-limpieza-hepatica-2\/","title":{"rendered":"03\/12 Group Detox 7 Days Parasite Removal and Liver Cleanse"},"content":{"rendered":"<p><strong>1 1\/2 DETOX 7 days \u2728<\/strong><\/p>\n<p>Link to the full program: <a href=\"https:\/\/tinyurl.com\/11-2Detox\">https:\/\/tinyurl.com\/11-2Detox<\/a><\/p>\n<p><strong>Liver cleanse and deep deworming<\/strong><\/p>\n<p>&nbsp;<\/p>\n<p><span style=\"font-weight: 400;\">Do you feel like your body is crying out for a break? Is your energy lacking and your mind feeling foggy? Are sugar cravings or that itchy skin keeping you from feeling better?<\/span><br \/>\n<span style=\"font-weight: 400;\">If you&#039;ve been wanting to make a change for a while, THIS IS THE SIGN.<\/span><br \/>\n<span style=\"font-weight: 400;\">If you already feel it&#039;s time, this is an invitation to our next transformation journey: the 7-Day Alchemical Detox, designed to reset your health.<\/span><\/p>\n<p><strong>In this program you will:<\/strong><br \/>\n<span style=\"font-weight: 400;\">\u26a1\ufe0f <strong>RESTART your system:<\/strong> Eliminates parasites and toxins that rob you of vitality.<\/span><br \/>\n<span style=\"font-weight: 400;\">\ud83d\udc9a <strong>RESTORE your liver:<\/strong> Give the 100% the care it needs to keep it working.<\/span><br \/>\n<span style=\"font-weight: 400;\">\ud83e\udde0 <strong>CLARIFY your mind:<\/strong> Break through mental fog and limiting beliefs.<\/span><br \/>\n<span style=\"font-weight: 400;\">\ud83e\udd57 <strong>NOURISH YOURSELF properly:<\/strong> Learn to eat alkaline recipes full of life.<\/span><br \/>\n<span style=\"font-weight: 400;\">\u2728<strong> RECONNECT with your essence:<\/strong> Through powerful meditations and group support.<\/span><\/p>\n<p><b>What tools will you receive on this journey?<\/b><\/p>\n<ul>\n<li style=\"font-weight: 400;\"><span style=\"font-weight: 400;\">2 Pre-recorded Detox Workshops (Deworming and Liver Cleansing).<\/span><\/li>\n<\/ul>\n<ul>\n<li style=\"font-weight: 400;\"><span style=\"font-weight: 400;\">3 Live Word Circles on Zoom to answer questions and share.<\/span><\/li>\n<\/ul>\n<ul>\n<li style=\"font-weight: 400;\"><span style=\"font-weight: 400;\">Complete herbal medicine guide to boost your process.<\/span><\/li>\n<\/ul>\n<ul>\n<li style=\"font-weight: 400;\"><span style=\"font-weight: 400;\">Recipe Book for Cleansing and Deworming Food.<\/span><\/li>\n<\/ul>\n<ul>\n<li style=\"font-weight: 400;\"><span style=\"font-weight: 400;\">Guided meditations for mental and emotional liberation.<\/span><\/li>\n<li style=\"font-weight: 400;\"><span style=\"font-weight: 400;\">Pre-recorded Closing Workshop <\/span><\/li>\n<\/ul>\n<ul>\n<li style=\"font-weight: 400;\"><span style=\"font-weight: 400;\">Close and compassionate support in our group of <\/span>support.<\/li>\n<\/ul>\n<ul>\n<li style=\"font-weight: 400;\"><span style=\"font-weight: 400;\">Bonds and gift materials.<\/span><\/li>\n<\/ul>\n<p><span style=\"font-weight: 400;\"><strong>\ud83d\uddd3\ufe0f DATES:<\/strong> We start the workshops on Wednesday, February 11th. The group detox begins on Monday, February 16th.<\/span><br \/>\n<span style=\"font-weight: 400;\">\ud83d\udcbb<strong> MODE:<\/strong> 100% online. Combines material on our platform with 3 live sessions.<\/span><\/p>\n<p><span style=\"font-weight: 400;\">\ud83d\udcb8 <strong>INVESTMENT:<\/strong><\/span><br \/>\n<span style=\"font-weight: 400;\"><strong>Group Detox:<\/strong> 1777 mxn \/ 97 usd \/ 147 thousand ars<\/span><br \/>\n<span style=\"font-weight: 400;\">Group support via WhatsApp<\/span><\/p>\n<p><span style=\"font-weight: 400;\"><strong>Group and personalized detox + Individual session + Support for 1 more week:<\/strong> 2555 mxn \/ 139 usd \/ 211 thousand ars<\/span><br \/>\n<span style=\"font-weight: 400;\">Individual 1-hour session with Lu, personalized support via individual WhatsApp group<\/span><\/p>\n<p><span style=\"font-weight: 400;\"><span class=\"selectable-text copyable-text xkrh14z\"><strong>For Mexico only:<\/strong> If you want to purchase your Herbalism Kit at a preferential price, click on this link and add it to your cart. <a href=\"https:\/\/alquimiaregenerativa.com\/en\/tienda\/kit-7-dias\/\">https:\/\/alquimiaregenerativa.com\/tienda\/kit-7-dias\/<\/a><\/span><\/span><\/p>\n<p><span style=\"font-weight: 400;\">Inquire about payment plans<\/span><\/p>\n<p><span style=\"font-weight: 400;\">Blessings,<\/span><br \/>\n<span style=\"font-weight: 400;\">Lu Del Mar &amp; Regenerative Alchemy.<\/span><br \/>\n<span style=\"font-weight: 400;\">\ud83d\udcf2 More info: WA +52 5516207310<\/span><\/p>","protected":false},"excerpt":{"rendered":"<p>11\/2 DETOX 7 d\u00edas \u2728 Link al programa completo: https:\/\/tinyurl.com\/11-2Detox Limpieza hep\u00e1tica y desparasitaci\u00f3n profunda &nbsp; \u00bfSientes que tu cuerpo [&hellip;]<\/p>\n","protected":false},"featured_media":7425,"comment_status":"open","ping_status":"closed","template":"","meta":{"site-sidebar-layout":"default","site-content-layout":"","ast-site-content-layout":"default","site-content-style":"default","site-sidebar-style":"default","ast-global-header-display":"","ast-banner-title-visibility":"","ast-main-header-display":"","ast-hfb-above-header-display":"","ast-hfb-below-header-display":"","ast-hfb-mobile-header-display":"","site-post-title":"","ast-breadcrumbs-content":"","ast-featured-img":"","footer-sml-layout":"","ast-disable-related-posts":"","theme-transparent-header-meta":"default","adv-header-id-meta":"","stick-header-meta":"","header-above-stick-meta":"","header-main-stick-meta":"","header-below-stick-meta":"","astra-migrate-meta-layouts":"set","ast-page-background-enabled":"default","ast-page-background-meta":{"desktop":{"background-color":"var(--ast-global-color-4)","background-image":"","background-repeat":"repeat","background-position":"center center","background-size":"auto","background-attachment":"scroll","background-type":"","background-media":"","overlay-type":"","overlay-color":"","overlay-opacity":"","overlay-gradient":""},"tablet":{"background-color":"","background-image":"","background-repeat":"repeat","background-position":"center center","background-size":"auto","background-attachment":"scroll","background-type":"","background-media":"","overlay-type":"","overlay-color":"","overlay-opacity":"","overlay-gradient":""},"mobile":{"background-color":"","background-image":"","background-repeat":"repeat","background-position":"center center","background-size":"auto","background-attachment":"scroll","background-type":"","background-media":"","overlay-type":"","overlay-color":"","overlay-opacity":"","overlay-gradient":""}},"ast-content-background-meta":{"desktop":{"background-color":"var(--ast-global-color-5)","background-image":"","background-repeat":"repeat","background-position":"center center","background-size":"auto","background-attachment":"scroll","background-type":"","background-media":"","overlay-type":"","overlay-color":"","overlay-opacity":"","overlay-gradient":""},"tablet":{"background-color":"var(--ast-global-color-5)","background-image":"","background-repeat":"repeat","background-position":"center center","background-size":"auto","background-attachment":"scroll","background-type":"","background-media":"","overlay-type":"","overlay-color":"","overlay-opacity":"","overlay-gradient":""},"mobile":{"background-color":"var(--ast-global-color-5)","background-image":"","background-repeat":"repeat","background-position":"center center","background-size":"auto","background-attachment":"scroll","background-type":"","background-media":"","overlay-type":"","overlay-color":"","overlay-opacity":"","overlay-gradient":""}},"_joinchat":[]},"product_brand":[],"product_cat":[15],"product_tag":[],"class_list":{"0":"post-7651","1":"product","2":"type-product","3":"status-publish","4":"has-post-thumbnail","6":"product_cat-todo","7":"desktop-align-center","8":"tablet-align-center","9":"mobile-align-center","11":"first","12":"instock","13":"sold-individually","14":"taxable","15":"shipping-taxable","16":"purchasable","17":"product-type-variable"},"yoast_head":"<!-- This site is optimized with the Yoast SEO Premium plugin v23.4 (Yoast SEO v27.4) - https:\/\/yoast.com\/product\/yoast-seo-premium-wordpress\/ -->\n<title>03\/12 Detox Grupal 7 D\u00edas Desparasitaci\u00f3n y Limpieza Hep\u00e1tica - Alquimia Regenerativa<\/title>\n<meta name=\"robots\" content=\"index, follow, max-snippet:-1, max-image-preview:large, max-video-preview:-1\" \/>\n<link rel=\"canonical\" href=\"https:\/\/alquimiaregenerativa.com\/en\/tienda\/11-2-detox-grupal-7-dias-desparasitacion-y-limpieza-hepatica-2\/\" \/>\n<meta property=\"og:locale\" content=\"en_US\" \/>\n<meta property=\"og:type\" content=\"article\" \/>\n<meta property=\"og:title\" content=\"03\/12 Detox Grupal 7 D\u00edas Desparasitaci\u00f3n y Limpieza Hep\u00e1tica\" \/>\n<meta property=\"og:description\" content=\"11\/2 DETOX 7 d\u00edas \u2728 Link al programa completo: https:\/\/tinyurl.com\/11-2Detox Limpieza hep\u00e1tica y desparasitaci\u00f3n profunda &nbsp; \u00bfSientes que tu cuerpo [&hellip;]\" \/>\n<meta property=\"og:url\" content=\"https:\/\/alquimiaregenerativa.com\/en\/tienda\/11-2-detox-grupal-7-dias-desparasitacion-y-limpieza-hepatica-2\/\" \/>\n<meta property=\"og:site_name\" content=\"Alquimia Regenerativa\" \/>\n<meta property=\"article:modified_time\" content=\"2026-03-16T22:27:05+00:00\" \/>\n<meta property=\"og:image\" content=\"https:\/\/alquimiaregenerativa.com\/wp-content\/uploads\/2025\/11\/1-1-1.png\" \/>\n\t<meta property=\"og:image:width\" content=\"1024\" \/>\n\t<meta property=\"og:image:height\" content=\"1024\" \/>\n\t<meta property=\"og:image:type\" content=\"image\/png\" \/>\n<meta name=\"twitter:card\" content=\"summary_large_image\" \/>\n<meta name=\"twitter:image\" content=\"https:\/\/alquimiaregenerativa.com\/wp-content\/uploads\/2025\/11\/1-1-1.png\" \/>\n<meta name=\"twitter:label1\" content=\"Availability\" \/>\n\t<meta name=\"twitter:data1\" content=\"In stock\" \/>\n<script type=\"application\/ld+json\" class=\"yoast-schema-graph\">{\"@context\":\"https:\\\/\\\/schema.org\",\"@graph\":[{\"@type\":\"WebPage\",\"@id\":\"https:\\\/\\\/alquimiaregenerativa.com\\\/tienda\\\/11-2-detox-grupal-7-dias-desparasitacion-y-limpieza-hepatica-2\\\/\",\"url\":\"https:\\\/\\\/alquimiaregenerativa.com\\\/tienda\\\/11-2-detox-grupal-7-dias-desparasitacion-y-limpieza-hepatica-2\\\/\",\"name\":\"03\\\/12 Detox Grupal 7 D\u00edas Desparasitaci\u00f3n y Limpieza Hep\u00e1tica - Alquimia Regenerativa\",\"isPartOf\":{\"@id\":\"https:\\\/\\\/alquimiaregenerativa.com\\\/#website\"},\"primaryImageOfPage\":{\"@id\":\"https:\\\/\\\/alquimiaregenerativa.com\\\/tienda\\\/11-2-detox-grupal-7-dias-desparasitacion-y-limpieza-hepatica-2\\\/#primaryimage\"},\"image\":{\"@id\":\"https:\\\/\\\/alquimiaregenerativa.com\\\/tienda\\\/11-2-detox-grupal-7-dias-desparasitacion-y-limpieza-hepatica-2\\\/#primaryimage\"},\"thumbnailUrl\":\"https:\\\/\\\/alquimiaregenerativa.com\\\/wp-content\\\/uploads\\\/2025\\\/09\\\/Foto-web-7-dias-Diciembre-1024.png\",\"datePublished\":\"2025-11-24T23:28:44+00:00\",\"dateModified\":\"2026-03-16T22:27:05+00:00\",\"breadcrumb\":{\"@id\":\"https:\\\/\\\/alquimiaregenerativa.com\\\/tienda\\\/11-2-detox-grupal-7-dias-desparasitacion-y-limpieza-hepatica-2\\\/#breadcrumb\"},\"inLanguage\":\"en-US\",\"potentialAction\":[{\"@type\":\"ReadAction\",\"target\":[\"https:\\\/\\\/alquimiaregenerativa.com\\\/tienda\\\/11-2-detox-grupal-7-dias-desparasitacion-y-limpieza-hepatica-2\\\/\"]}]},{\"@type\":\"ImageObject\",\"inLanguage\":\"en-US\",\"@id\":\"https:\\\/\\\/alquimiaregenerativa.com\\\/tienda\\\/11-2-detox-grupal-7-dias-desparasitacion-y-limpieza-hepatica-2\\\/#primaryimage\",\"url\":\"https:\\\/\\\/alquimiaregenerativa.com\\\/wp-content\\\/uploads\\\/2025\\\/09\\\/Foto-web-7-dias-Diciembre-1024.png\",\"contentUrl\":\"https:\\\/\\\/alquimiaregenerativa.com\\\/wp-content\\\/uploads\\\/2025\\\/09\\\/Foto-web-7-dias-Diciembre-1024.png\",\"width\":1024,\"height\":1024},{\"@type\":\"BreadcrumbList\",\"@id\":\"https:\\\/\\\/alquimiaregenerativa.com\\\/tienda\\\/11-2-detox-grupal-7-dias-desparasitacion-y-limpieza-hepatica-2\\\/#breadcrumb\",\"itemListElement\":[{\"@type\":\"ListItem\",\"position\":1,\"name\":\"Portada\",\"item\":\"https:\\\/\\\/alquimiaregenerativa.com\\\/\"},{\"@type\":\"ListItem\",\"position\":2,\"name\":\"Tienda\",\"item\":\"https:\\\/\\\/alquimiaregenerativa.com\\\/tienda\\\/\"},{\"@type\":\"ListItem\",\"position\":3,\"name\":\"03\\\/12 Detox Grupal 7 D\u00edas Desparasitaci\u00f3n y Limpieza Hep\u00e1tica\"}]},{\"@type\":\"WebSite\",\"@id\":\"https:\\\/\\\/alquimiaregenerativa.com\\\/#website\",\"url\":\"https:\\\/\\\/alquimiaregenerativa.com\\\/\",\"name\":\"Alquimia Regenerativa\",\"description\":\"Comienza tu proceso de tranformaci\u00f3n\",\"potentialAction\":[{\"@type\":\"SearchAction\",\"target\":{\"@type\":\"EntryPoint\",\"urlTemplate\":\"https:\\\/\\\/alquimiaregenerativa.com\\\/?s={search_term_string}\"},\"query-input\":{\"@type\":\"PropertyValueSpecification\",\"valueRequired\":true,\"valueName\":\"search_term_string\"}}],\"inLanguage\":\"en-US\"}]}<\/script>\n<meta property=\"og:availability\" content=\"instock\" \/>\n<meta property=\"product:availability\" content=\"instock\" \/>\n<meta property=\"product:condition\" content=\"new\" \/>\n<!-- \/ Yoast SEO Premium plugin. -->","yoast_head_json":{"title":"03\/12 Detox Grupal 7 D\u00edas Desparasitaci\u00f3n y Limpieza Hep\u00e1tica - Alquimia Regenerativa","robots":{"index":"index","follow":"follow","max-snippet":"max-snippet:-1","max-image-preview":"max-image-preview:large","max-video-preview":"max-video-preview:-1"},"canonical":"https:\/\/alquimiaregenerativa.com\/en\/tienda\/11-2-detox-grupal-7-dias-desparasitacion-y-limpieza-hepatica-2\/","og_locale":"en_US","og_type":"article","og_title":"03\/12 Detox Grupal 7 D\u00edas Desparasitaci\u00f3n y Limpieza Hep\u00e1tica","og_description":"11\/2 DETOX 7 d\u00edas \u2728 Link al programa completo: https:\/\/tinyurl.com\/11-2Detox Limpieza hep\u00e1tica y desparasitaci\u00f3n profunda &nbsp; \u00bfSientes que tu cuerpo [&hellip;]","og_url":"https:\/\/alquimiaregenerativa.com\/en\/tienda\/11-2-detox-grupal-7-dias-desparasitacion-y-limpieza-hepatica-2\/","og_site_name":"Alquimia Regenerativa","article_modified_time":"2026-03-16T22:27:05+00:00","og_image":[{"width":1024,"height":1024,"url":"https:\/\/alquimiaregenerativa.com\/wp-content\/uploads\/2025\/11\/1-1-1.png","type":"image\/png"}],"twitter_card":"summary_large_image","twitter_image":"https:\/\/alquimiaregenerativa.com\/wp-content\/uploads\/2025\/11\/1-1-1.png","twitter_misc":{"Availability":"In stock"},"schema":{"@context":"https:\/\/schema.org","@graph":[{"@type":"WebPage","@id":"https:\/\/alquimiaregenerativa.com\/tienda\/11-2-detox-grupal-7-dias-desparasitacion-y-limpieza-hepatica-2\/","url":"https:\/\/alquimiaregenerativa.com\/tienda\/11-2-detox-grupal-7-dias-desparasitacion-y-limpieza-hepatica-2\/","name":"03\/12 Detox Grupal 7 D\u00edas Desparasitaci\u00f3n y Limpieza Hep\u00e1tica - Alquimia Regenerativa","isPartOf":{"@id":"https:\/\/alquimiaregenerativa.com\/#website"},"primaryImageOfPage":{"@id":"https:\/\/alquimiaregenerativa.com\/tienda\/11-2-detox-grupal-7-dias-desparasitacion-y-limpieza-hepatica-2\/#primaryimage"},"image":{"@id":"https:\/\/alquimiaregenerativa.com\/tienda\/11-2-detox-grupal-7-dias-desparasitacion-y-limpieza-hepatica-2\/#primaryimage"},"thumbnailUrl":"https:\/\/alquimiaregenerativa.com\/wp-content\/uploads\/2025\/09\/Foto-web-7-dias-Diciembre-1024.png","datePublished":"2025-11-24T23:28:44+00:00","dateModified":"2026-03-16T22:27:05+00:00","breadcrumb":{"@id":"https:\/\/alquimiaregenerativa.com\/tienda\/11-2-detox-grupal-7-dias-desparasitacion-y-limpieza-hepatica-2\/#breadcrumb"},"inLanguage":"en-US","potentialAction":[{"@type":"ReadAction","target":["https:\/\/alquimiaregenerativa.com\/tienda\/11-2-detox-grupal-7-dias-desparasitacion-y-limpieza-hepatica-2\/"]}]},{"@type":"ImageObject","inLanguage":"en-US","@id":"https:\/\/alquimiaregenerativa.com\/tienda\/11-2-detox-grupal-7-dias-desparasitacion-y-limpieza-hepatica-2\/#primaryimage","url":"https:\/\/alquimiaregenerativa.com\/wp-content\/uploads\/2025\/09\/Foto-web-7-dias-Diciembre-1024.png","contentUrl":"https:\/\/alquimiaregenerativa.com\/wp-content\/uploads\/2025\/09\/Foto-web-7-dias-Diciembre-1024.png","width":1024,"height":1024},{"@type":"BreadcrumbList","@id":"https:\/\/alquimiaregenerativa.com\/tienda\/11-2-detox-grupal-7-dias-desparasitacion-y-limpieza-hepatica-2\/#breadcrumb","itemListElement":[{"@type":"ListItem","position":1,"name":"Portada","item":"https:\/\/alquimiaregenerativa.com\/"},{"@type":"ListItem","position":2,"name":"Tienda","item":"https:\/\/alquimiaregenerativa.com\/tienda\/"},{"@type":"ListItem","position":3,"name":"03\/12 Detox Grupal 7 D\u00edas Desparasitaci\u00f3n y Limpieza Hep\u00e1tica"}]},{"@type":"WebSite","@id":"https:\/\/alquimiaregenerativa.com\/#website","url":"https:\/\/alquimiaregenerativa.com\/","name":"Regenerative Alchemy","description":"Start your transformation process","potentialAction":[{"@type":"SearchAction","target":{"@type":"EntryPoint","urlTemplate":"https:\/\/alquimiaregenerativa.com\/?s={search_term_string}"},"query-input":{"@type":"PropertyValueSpecification","valueRequired":true,"valueName":"search_term_string"}}],"inLanguage":"en-US"}]},"og_availability":"instock","product_availability":"instock","product_condition":"new"},"jetpack_sharing_enabled":true,"_links":{"self":[{"href":"https:\/\/alquimiaregenerativa.com\/en\/wp-json\/wp\/v2\/product\/7651","targetHints":{"allow":["GET"]}}],"collection":[{"href":"https:\/\/alquimiaregenerativa.com\/en\/wp-json\/wp\/v2\/product"}],"about":[{"href":"https:\/\/alquimiaregenerativa.com\/en\/wp-json\/wp\/v2\/types\/product"}],"replies":[{"embeddable":true,"href":"https:\/\/alquimiaregenerativa.com\/en\/wp-json\/wp\/v2\/comments?post=7651"}],"wp:featuredmedia":[{"embeddable":true,"href":"https:\/\/alquimiaregenerativa.com\/en\/wp-json\/wp\/v2\/media\/7425"}],"wp:attachment":[{"href":"https:\/\/alquimiaregenerativa.com\/en\/wp-json\/wp\/v2\/media?parent=7651"}],"wp:term":[{"taxonomy":"product_brand","embeddable":true,"href":"https:\/\/alquimiaregenerativa.com\/en\/wp-json\/wp\/v2\/product_brand?post=7651"},{"taxonomy":"product_cat","embeddable":true,"href":"https:\/\/alquimiaregenerativa.com\/en\/wp-json\/wp\/v2\/product_cat?post=7651"},{"taxonomy":"product_tag","embeddable":true,"href":"https:\/\/alquimiaregenerativa.com\/en\/wp-json\/wp\/v2\/product_tag?post=7651"}],"curies":[{"name":"wp","href":"https:\/\/api.w.org\/{rel}","templated":true}]}}