{"id":77,"date":"2024-06-13T18:57:43","date_gmt":"2024-06-13T16:57:43","guid":{"rendered":"https:\/\/alquimiaregenerativa.com\/?post_type=product&#038;p=77"},"modified":"2026-01-02T18:54:12","modified_gmt":"2026-01-02T17:54:12","slug":"escoba-intestinal","status":"publish","type":"product","link":"https:\/\/alquimiaregenerativa.com\/en\/tienda\/escoba-intestinal\/","title":{"rendered":"Intestinal Broom"},"content":{"rendered":"","protected":false},"excerpt":{"rendered":"<h3><b>Intestinal Broom: Deep Cleansing and Intestinal Detox\u00a0<\/b><\/h3>\n<p>This powerful powder combines 3 ingredients, <b>Psyllium, Activated Charcoal and Clay<\/b> to act as an internal purifier. Its function is <b>agglomerate and remove toxins<\/b> (such as heavy metals, acids, and waste) safely, leaving your intestines clean and refreshed.<\/p>\n<p><b>How to use:<\/b> Take <b>1 teaspoon<\/b> in half a glass of water <b>before sleeping<\/b>, <b>2 or 3 times a week<\/b>. <i>(It is recommended to perform an enema the next day to maximize cleansing.)<\/i><\/p>\n<p><b>Important:<\/b> <b>DO NOT consume<\/b> if you currently suffer from constipation.<\/p>\n<p><b>Price:<\/b> <b>$292 MXN<\/b> (Special price for 80 grams of powder).<\/p>","protected":false},"featured_media":7706,"comment_status":"open","ping_status":"closed","template":"","meta":{"site-sidebar-layout":"default","site-content-layout":"","ast-site-content-layout":"default","site-content-style":"default","site-sidebar-style":"default","ast-global-header-display":"","ast-banner-title-visibility":"","ast-main-header-display":"","ast-hfb-above-header-display":"","ast-hfb-below-header-display":"","ast-hfb-mobile-header-display":"","site-post-title":"","ast-breadcrumbs-content":"","ast-featured-img":"","footer-sml-layout":"","ast-disable-related-posts":"","theme-transparent-header-meta":"default","adv-header-id-meta":"","stick-header-meta":"","header-above-stick-meta":"","header-main-stick-meta":"","header-below-stick-meta":"","astra-migrate-meta-layouts":"set","ast-page-background-enabled":"default","ast-page-background-meta":{"desktop":{"background-color":"var(--ast-global-color-4)","background-image":"","background-repeat":"repeat","background-position":"center center","background-size":"auto","background-attachment":"scroll","background-type":"","background-media":"","overlay-type":"","overlay-color":"","overlay-opacity":"","overlay-gradient":""},"tablet":{"background-color":"","background-image":"","background-repeat":"repeat","background-position":"center center","background-size":"auto","background-attachment":"scroll","background-type":"","background-media":"","overlay-type":"","overlay-color":"","overlay-opacity":"","overlay-gradient":""},"mobile":{"background-color":"","background-image":"","background-repeat":"repeat","background-position":"center center","background-size":"auto","background-attachment":"scroll","background-type":"","background-media":"","overlay-type":"","overlay-color":"","overlay-opacity":"","overlay-gradient":""}},"ast-content-background-meta":{"desktop":{"background-color":"var(--ast-global-color-5)","background-image":"","background-repeat":"repeat","background-position":"center center","background-size":"auto","background-attachment":"scroll","background-type":"","background-media":"","overlay-type":"","overlay-color":"","overlay-opacity":"","overlay-gradient":""},"tablet":{"background-color":"var(--ast-global-color-5)","background-image":"","background-repeat":"repeat","background-position":"center center","background-size":"auto","background-attachment":"scroll","background-type":"","background-media":"","overlay-type":"","overlay-color":"","overlay-opacity":"","overlay-gradient":""},"mobile":{"background-color":"var(--ast-global-color-5)","background-image":"","background-repeat":"repeat","background-position":"center center","background-size":"auto","background-attachment":"scroll","background-type":"","background-media":"","overlay-type":"","overlay-color":"","overlay-opacity":"","overlay-gradient":""}},"_joinchat":[]},"product_brand":[],"product_cat":[22],"product_tag":[],"class_list":{"0":"post-77","1":"product","2":"type-product","3":"status-publish","4":"has-post-thumbnail","6":"product_cat-herboolaria","7":"desktop-align-center","8":"tablet-align-center","9":"mobile-align-center","11":"first","12":"instock","13":"taxable","14":"shipping-taxable","15":"purchasable","16":"product-type-simple"},"yoast_head":"<!-- This site is optimized with the Yoast SEO Premium plugin v23.4 (Yoast SEO v27.3) - https:\/\/yoast.com\/product\/yoast-seo-premium-wordpress\/ -->\n<title>Escoba Intestinal - Alquimia Regenerativa<\/title>\n<meta name=\"robots\" content=\"index, follow, max-snippet:-1, max-image-preview:large, max-video-preview:-1\" \/>\n<link rel=\"canonical\" href=\"https:\/\/alquimiaregenerativa.com\/en\/tienda\/escoba-intestinal\/\" \/>\n<meta property=\"og:locale\" content=\"en_US\" \/>\n<meta property=\"og:type\" content=\"article\" \/>\n<meta property=\"og:title\" content=\"Escoba Intestinal\" \/>\n<meta property=\"og:description\" content=\"Escoba Intestinal: Limpieza Profunda y Desintoxicaci\u00f3n Intestinal\u00a0 Este poderoso polvo combina 3 ingredientes, Psyllium, Carb\u00f3n Activado y Arcilla para actuar como un depurativo interno. Su funci\u00f3n es aglomerar y remover toxinas (como metales pesados, \u00e1cidos y desechos) de manera segura, dejando tus intestinos limpios y renovados.  Modo de Uso: Toma 1 cucharada de t\u00e9 en medio vaso de agua antes de dormir, 2 o 3 veces por semana. (Se recomienda realizar un enema al d\u00eda siguiente para maximizar la limpieza).  Importante: NO consumir si actualmente sufres de constipaci\u00f3n.  Precio: $292 MXN (Precio especial del polvo por 80 gramos).\" \/>\n<meta property=\"og:url\" content=\"https:\/\/alquimiaregenerativa.com\/en\/tienda\/escoba-intestinal\/\" \/>\n<meta property=\"og:site_name\" content=\"Alquimia Regenerativa\" \/>\n<meta property=\"article:modified_time\" content=\"2026-01-02T17:54:12+00:00\" \/>\n<meta property=\"og:image\" content=\"https:\/\/alquimiaregenerativa.com\/wp-content\/uploads\/2024\/06\/Escoba-2.png\" \/>\n\t<meta property=\"og:image:width\" content=\"1024\" \/>\n\t<meta property=\"og:image:height\" content=\"1024\" \/>\n\t<meta property=\"og:image:type\" content=\"image\/png\" \/>\n<meta name=\"twitter:card\" content=\"summary_large_image\" \/>\n<meta name=\"twitter:label1\" content=\"Price\" \/>\n\t<meta name=\"twitter:data1\" content=\"MXN $&nbsp;292.00\" \/>\n\t<meta name=\"twitter:label2\" content=\"Availability\" \/>\n\t<meta name=\"twitter:data2\" content=\"In stock\" \/>\n<script type=\"application\/ld+json\" class=\"yoast-schema-graph\">{\"@context\":\"https:\\\/\\\/schema.org\",\"@graph\":[{\"@type\":\"WebPage\",\"@id\":\"https:\\\/\\\/alquimiaregenerativa.com\\\/tienda\\\/escoba-intestinal\\\/\",\"url\":\"https:\\\/\\\/alquimiaregenerativa.com\\\/tienda\\\/escoba-intestinal\\\/\",\"name\":\"Escoba Intestinal - Alquimia Regenerativa\",\"isPartOf\":{\"@id\":\"https:\\\/\\\/alquimiaregenerativa.com\\\/#website\"},\"primaryImageOfPage\":{\"@id\":\"https:\\\/\\\/alquimiaregenerativa.com\\\/tienda\\\/escoba-intestinal\\\/#primaryimage\"},\"image\":{\"@id\":\"https:\\\/\\\/alquimiaregenerativa.com\\\/tienda\\\/escoba-intestinal\\\/#primaryimage\"},\"thumbnailUrl\":\"https:\\\/\\\/alquimiaregenerativa.com\\\/wp-content\\\/uploads\\\/2024\\\/06\\\/Escoba-2.png\",\"datePublished\":\"2024-06-13T16:57:43+00:00\",\"dateModified\":\"2026-01-02T17:54:12+00:00\",\"breadcrumb\":{\"@id\":\"https:\\\/\\\/alquimiaregenerativa.com\\\/tienda\\\/escoba-intestinal\\\/#breadcrumb\"},\"inLanguage\":\"en-US\",\"potentialAction\":[{\"@type\":\"ReadAction\",\"target\":[\"https:\\\/\\\/alquimiaregenerativa.com\\\/tienda\\\/escoba-intestinal\\\/\"]}]},{\"@type\":\"ImageObject\",\"inLanguage\":\"en-US\",\"@id\":\"https:\\\/\\\/alquimiaregenerativa.com\\\/tienda\\\/escoba-intestinal\\\/#primaryimage\",\"url\":\"https:\\\/\\\/alquimiaregenerativa.com\\\/wp-content\\\/uploads\\\/2024\\\/06\\\/Escoba-2.png\",\"contentUrl\":\"https:\\\/\\\/alquimiaregenerativa.com\\\/wp-content\\\/uploads\\\/2024\\\/06\\\/Escoba-2.png\",\"width\":1024,\"height\":1024},{\"@type\":\"BreadcrumbList\",\"@id\":\"https:\\\/\\\/alquimiaregenerativa.com\\\/tienda\\\/escoba-intestinal\\\/#breadcrumb\",\"itemListElement\":[{\"@type\":\"ListItem\",\"position\":1,\"name\":\"Portada\",\"item\":\"https:\\\/\\\/alquimiaregenerativa.com\\\/\"},{\"@type\":\"ListItem\",\"position\":2,\"name\":\"Tienda\",\"item\":\"https:\\\/\\\/alquimiaregenerativa.com\\\/tienda\\\/\"},{\"@type\":\"ListItem\",\"position\":3,\"name\":\"Escoba Intestinal\"}]},{\"@type\":\"WebSite\",\"@id\":\"https:\\\/\\\/alquimiaregenerativa.com\\\/#website\",\"url\":\"https:\\\/\\\/alquimiaregenerativa.com\\\/\",\"name\":\"Alquimia Regenerativa\",\"description\":\"Comienza tu proceso de tranformaci\u00f3n\",\"potentialAction\":[{\"@type\":\"SearchAction\",\"target\":{\"@type\":\"EntryPoint\",\"urlTemplate\":\"https:\\\/\\\/alquimiaregenerativa.com\\\/?s={search_term_string}\"},\"query-input\":{\"@type\":\"PropertyValueSpecification\",\"valueRequired\":true,\"valueName\":\"search_term_string\"}}],\"inLanguage\":\"en-US\"}]}<\/script>\n<meta property=\"product:price:amount\" content=\"292.00\" \/>\n<meta property=\"product:price:currency\" content=\"MXN\" \/>\n<meta property=\"og:availability\" content=\"instock\" \/>\n<meta property=\"product:availability\" content=\"instock\" \/>\n<meta property=\"product:condition\" content=\"new\" \/>\n<!-- \/ Yoast SEO Premium plugin. -->","yoast_head_json":{"title":"Intestinal Broom - Regenerative Alchemy","robots":{"index":"index","follow":"follow","max-snippet":"max-snippet:-1","max-image-preview":"max-image-preview:large","max-video-preview":"max-video-preview:-1"},"canonical":"https:\/\/alquimiaregenerativa.com\/en\/tienda\/escoba-intestinal\/","og_locale":"en_US","og_type":"article","og_title":"Escoba Intestinal","og_description":"Escoba Intestinal: Limpieza Profunda y Desintoxicaci\u00f3n Intestinal\u00a0 Este poderoso polvo combina 3 ingredientes, Psyllium, Carb\u00f3n Activado y Arcilla para actuar como un depurativo interno. Su funci\u00f3n es aglomerar y remover toxinas (como metales pesados, \u00e1cidos y desechos) de manera segura, dejando tus intestinos limpios y renovados.  Modo de Uso: Toma 1 cucharada de t\u00e9 en medio vaso de agua antes de dormir, 2 o 3 veces por semana. (Se recomienda realizar un enema al d\u00eda siguiente para maximizar la limpieza).  Importante: NO consumir si actualmente sufres de constipaci\u00f3n.  Precio: $292 MXN (Precio especial del polvo por 80 gramos).","og_url":"https:\/\/alquimiaregenerativa.com\/en\/tienda\/escoba-intestinal\/","og_site_name":"Alquimia Regenerativa","article_modified_time":"2026-01-02T17:54:12+00:00","og_image":[{"width":1024,"height":1024,"url":"https:\/\/alquimiaregenerativa.com\/wp-content\/uploads\/2024\/06\/Escoba-2.png","type":"image\/png"}],"twitter_card":"summary_large_image","twitter_misc":{"Price":"MXN $&nbsp;292.00","Availability":"In stock"},"schema":{"@context":"https:\/\/schema.org","@graph":[{"@type":"WebPage","@id":"https:\/\/alquimiaregenerativa.com\/tienda\/escoba-intestinal\/","url":"https:\/\/alquimiaregenerativa.com\/tienda\/escoba-intestinal\/","name":"Intestinal Broom - Regenerative Alchemy","isPartOf":{"@id":"https:\/\/alquimiaregenerativa.com\/#website"},"primaryImageOfPage":{"@id":"https:\/\/alquimiaregenerativa.com\/tienda\/escoba-intestinal\/#primaryimage"},"image":{"@id":"https:\/\/alquimiaregenerativa.com\/tienda\/escoba-intestinal\/#primaryimage"},"thumbnailUrl":"https:\/\/alquimiaregenerativa.com\/wp-content\/uploads\/2024\/06\/Escoba-2.png","datePublished":"2024-06-13T16:57:43+00:00","dateModified":"2026-01-02T17:54:12+00:00","breadcrumb":{"@id":"https:\/\/alquimiaregenerativa.com\/tienda\/escoba-intestinal\/#breadcrumb"},"inLanguage":"en-US","potentialAction":[{"@type":"ReadAction","target":["https:\/\/alquimiaregenerativa.com\/tienda\/escoba-intestinal\/"]}]},{"@type":"ImageObject","inLanguage":"en-US","@id":"https:\/\/alquimiaregenerativa.com\/tienda\/escoba-intestinal\/#primaryimage","url":"https:\/\/alquimiaregenerativa.com\/wp-content\/uploads\/2024\/06\/Escoba-2.png","contentUrl":"https:\/\/alquimiaregenerativa.com\/wp-content\/uploads\/2024\/06\/Escoba-2.png","width":1024,"height":1024},{"@type":"BreadcrumbList","@id":"https:\/\/alquimiaregenerativa.com\/tienda\/escoba-intestinal\/#breadcrumb","itemListElement":[{"@type":"ListItem","position":1,"name":"Portada","item":"https:\/\/alquimiaregenerativa.com\/"},{"@type":"ListItem","position":2,"name":"Tienda","item":"https:\/\/alquimiaregenerativa.com\/tienda\/"},{"@type":"ListItem","position":3,"name":"Escoba Intestinal"}]},{"@type":"WebSite","@id":"https:\/\/alquimiaregenerativa.com\/#website","url":"https:\/\/alquimiaregenerativa.com\/","name":"Regenerative Alchemy","description":"Start your transformation process","potentialAction":[{"@type":"SearchAction","target":{"@type":"EntryPoint","urlTemplate":"https:\/\/alquimiaregenerativa.com\/?s={search_term_string}"},"query-input":{"@type":"PropertyValueSpecification","valueRequired":true,"valueName":"search_term_string"}}],"inLanguage":"en-US"}]},"product_price_amount":"292.00","product_price_currency":"MXN","og_availability":"instock","product_availability":"instock","product_condition":"new"},"jetpack_sharing_enabled":true,"_links":{"self":[{"href":"https:\/\/alquimiaregenerativa.com\/en\/wp-json\/wp\/v2\/product\/77","targetHints":{"allow":["GET"]}}],"collection":[{"href":"https:\/\/alquimiaregenerativa.com\/en\/wp-json\/wp\/v2\/product"}],"about":[{"href":"https:\/\/alquimiaregenerativa.com\/en\/wp-json\/wp\/v2\/types\/product"}],"replies":[{"embeddable":true,"href":"https:\/\/alquimiaregenerativa.com\/en\/wp-json\/wp\/v2\/comments?post=77"}],"wp:featuredmedia":[{"embeddable":true,"href":"https:\/\/alquimiaregenerativa.com\/en\/wp-json\/wp\/v2\/media\/7706"}],"wp:attachment":[{"href":"https:\/\/alquimiaregenerativa.com\/en\/wp-json\/wp\/v2\/media?parent=77"}],"wp:term":[{"taxonomy":"product_brand","embeddable":true,"href":"https:\/\/alquimiaregenerativa.com\/en\/wp-json\/wp\/v2\/product_brand?post=77"},{"taxonomy":"product_cat","embeddable":true,"href":"https:\/\/alquimiaregenerativa.com\/en\/wp-json\/wp\/v2\/product_cat?post=77"},{"taxonomy":"product_tag","embeddable":true,"href":"https:\/\/alquimiaregenerativa.com\/en\/wp-json\/wp\/v2\/product_tag?post=77"}],"curies":[{"name":"wp","href":"https:\/\/api.w.org\/{rel}","templated":true}]}}