{"id":7858,"date":"2025-12-08T18:12:57","date_gmt":"2025-12-08T17:12:57","guid":{"rendered":"https:\/\/alquimiaregenerativa.com\/?post_type=product&#038;p=7858"},"modified":"2026-02-28T17:16:24","modified_gmt":"2026-02-28T16:16:24","slug":"brisa-corporal-kanan","status":"publish","type":"product","link":"https:\/\/alquimiaregenerativa.com\/en\/tienda\/brisa-corporal-kanan\/","title":{"rendered":"Kanan Body Mist - Energy Cleansing"},"content":{"rendered":"<h3 data-path-to-node=\"2\">\ud83c\udf2c\ufe0f <b>KANAN BODY BREEZE: Cleansing and Mental Clarity<\/b><\/h3>\n<p data-path-to-node=\"3\"><span data-path-to-node=\"3,1\"><span class=\"citation-17\">This breeze is designed for a deep <\/span><b><span class=\"citation-17\">energy cleansing<\/span><\/b><\/span><span data-path-to-node=\"3,3\">. <\/span><span data-path-to-node=\"3,5\"><span class=\"citation-16\">It&#039;s ideal for those moments of <\/span><b><span class=\"citation-16\">mental saturation<\/span><\/b><\/span><span data-path-to-node=\"3,7\">, helping to dissipate internal noise. Spray it to restore energy flow and promote mental clarity. Feel the negative energy dissolve.<\/span><\/p>\n<p data-path-to-node=\"4\"><b>125 ml<\/b><\/p>","protected":false},"excerpt":{"rendered":"<p>\ud83c\udf2c\ufe0f BRISA CORPORAL KANAN: Limpieza y Claridad Mental Esta brisa est\u00e1 dise\u00f1ada para una profunda limpieza energ\u00e9tica. Es ideal para [&hellip;]<\/p>\n","protected":false},"featured_media":7859,"comment_status":"open","ping_status":"closed","template":"","meta":{"site-sidebar-layout":"default","site-content-layout":"","ast-site-content-layout":"default","site-content-style":"default","site-sidebar-style":"default","ast-global-header-display":"","ast-banner-title-visibility":"","ast-main-header-display":"","ast-hfb-above-header-display":"","ast-hfb-below-header-display":"","ast-hfb-mobile-header-display":"","site-post-title":"","ast-breadcrumbs-content":"","ast-featured-img":"","footer-sml-layout":"","ast-disable-related-posts":"","theme-transparent-header-meta":"default","adv-header-id-meta":"","stick-header-meta":"","header-above-stick-meta":"","header-main-stick-meta":"","header-below-stick-meta":"","astra-migrate-meta-layouts":"set","ast-page-background-enabled":"default","ast-page-background-meta":{"desktop":{"background-color":"var(--ast-global-color-4)","background-image":"","background-repeat":"repeat","background-position":"center center","background-size":"auto","background-attachment":"scroll","background-type":"","background-media":"","overlay-type":"","overlay-color":"","overlay-opacity":"","overlay-gradient":""},"tablet":{"background-color":"","background-image":"","background-repeat":"repeat","background-position":"center center","background-size":"auto","background-attachment":"scroll","background-type":"","background-media":"","overlay-type":"","overlay-color":"","overlay-opacity":"","overlay-gradient":""},"mobile":{"background-color":"","background-image":"","background-repeat":"repeat","background-position":"center center","background-size":"auto","background-attachment":"scroll","background-type":"","background-media":"","overlay-type":"","overlay-color":"","overlay-opacity":"","overlay-gradient":""}},"ast-content-background-meta":{"desktop":{"background-color":"var(--ast-global-color-5)","background-image":"","background-repeat":"repeat","background-position":"center center","background-size":"auto","background-attachment":"scroll","background-type":"","background-media":"","overlay-type":"","overlay-color":"","overlay-opacity":"","overlay-gradient":""},"tablet":{"background-color":"var(--ast-global-color-5)","background-image":"","background-repeat":"repeat","background-position":"center center","background-size":"auto","background-attachment":"scroll","background-type":"","background-media":"","overlay-type":"","overlay-color":"","overlay-opacity":"","overlay-gradient":""},"mobile":{"background-color":"var(--ast-global-color-5)","background-image":"","background-repeat":"repeat","background-position":"center center","background-size":"auto","background-attachment":"scroll","background-type":"","background-media":"","overlay-type":"","overlay-color":"","overlay-opacity":"","overlay-gradient":""}},"_joinchat":[]},"product_brand":[],"product_cat":[94],"product_tag":[],"class_list":{"0":"post-7858","1":"product","2":"type-product","3":"status-publish","4":"has-post-thumbnail","6":"product_cat-mondwasser","7":"desktop-align-center","8":"tablet-align-center","9":"mobile-align-center","11":"first","12":"instock","13":"taxable","14":"shipping-taxable","15":"purchasable","16":"product-type-simple"},"yoast_head":"<!-- This site is optimized with the Yoast SEO Premium plugin v23.4 (Yoast SEO v27.4) - https:\/\/yoast.com\/product\/yoast-seo-premium-wordpress\/ -->\n<title>Brisa Corporal Kanan- Limpieza Energ\u00e9tica - Alquimia Regenerativa<\/title>\n<meta name=\"robots\" content=\"index, follow, max-snippet:-1, max-image-preview:large, max-video-preview:-1\" \/>\n<link rel=\"canonical\" href=\"https:\/\/alquimiaregenerativa.com\/en\/tienda\/brisa-corporal-kanan\/\" \/>\n<meta property=\"og:locale\" content=\"en_US\" \/>\n<meta property=\"og:type\" content=\"article\" \/>\n<meta property=\"og:title\" content=\"Brisa Corporal Kanan- Limpieza Energ\u00e9tica\" \/>\n<meta property=\"og:description\" content=\"\ud83c\udf2c\ufe0f BRISA CORPORAL KANAN: Limpieza y Claridad Mental Esta brisa est\u00e1 dise\u00f1ada para una profunda limpieza energ\u00e9tica. Es ideal para [&hellip;]\" \/>\n<meta property=\"og:url\" content=\"https:\/\/alquimiaregenerativa.com\/en\/tienda\/brisa-corporal-kanan\/\" \/>\n<meta property=\"og:site_name\" content=\"Alquimia Regenerativa\" \/>\n<meta property=\"article:modified_time\" content=\"2026-02-28T16:16:24+00:00\" \/>\n<meta property=\"og:image\" content=\"https:\/\/alquimiaregenerativa.com\/wp-content\/uploads\/2025\/12\/FOTOS-WEB-TIENDA-6.png\" \/>\n\t<meta property=\"og:image:width\" content=\"1024\" \/>\n\t<meta property=\"og:image:height\" content=\"1024\" \/>\n\t<meta property=\"og:image:type\" content=\"image\/png\" \/>\n<meta name=\"twitter:card\" content=\"summary_large_image\" \/>\n<meta name=\"twitter:label1\" content=\"Price\" \/>\n\t<meta name=\"twitter:data1\" content=\"MXN $&nbsp;170.00\" \/>\n\t<meta name=\"twitter:label2\" content=\"Availability\" \/>\n\t<meta name=\"twitter:data2\" content=\"In stock\" \/>\n<script type=\"application\/ld+json\" class=\"yoast-schema-graph\">{\"@context\":\"https:\\\/\\\/schema.org\",\"@graph\":[{\"@type\":\"WebPage\",\"@id\":\"https:\\\/\\\/alquimiaregenerativa.com\\\/tienda\\\/brisa-corporal-kanan\\\/\",\"url\":\"https:\\\/\\\/alquimiaregenerativa.com\\\/tienda\\\/brisa-corporal-kanan\\\/\",\"name\":\"Brisa Corporal Kanan- Limpieza Energ\u00e9tica - Alquimia Regenerativa\",\"isPartOf\":{\"@id\":\"https:\\\/\\\/alquimiaregenerativa.com\\\/#website\"},\"primaryImageOfPage\":{\"@id\":\"https:\\\/\\\/alquimiaregenerativa.com\\\/tienda\\\/brisa-corporal-kanan\\\/#primaryimage\"},\"image\":{\"@id\":\"https:\\\/\\\/alquimiaregenerativa.com\\\/tienda\\\/brisa-corporal-kanan\\\/#primaryimage\"},\"thumbnailUrl\":\"https:\\\/\\\/alquimiaregenerativa.com\\\/wp-content\\\/uploads\\\/2025\\\/12\\\/FOTOS-WEB-TIENDA-6.png\",\"datePublished\":\"2025-12-08T17:12:57+00:00\",\"dateModified\":\"2026-02-28T16:16:24+00:00\",\"breadcrumb\":{\"@id\":\"https:\\\/\\\/alquimiaregenerativa.com\\\/tienda\\\/brisa-corporal-kanan\\\/#breadcrumb\"},\"inLanguage\":\"en-US\",\"potentialAction\":[{\"@type\":\"ReadAction\",\"target\":[\"https:\\\/\\\/alquimiaregenerativa.com\\\/tienda\\\/brisa-corporal-kanan\\\/\"]}]},{\"@type\":\"ImageObject\",\"inLanguage\":\"en-US\",\"@id\":\"https:\\\/\\\/alquimiaregenerativa.com\\\/tienda\\\/brisa-corporal-kanan\\\/#primaryimage\",\"url\":\"https:\\\/\\\/alquimiaregenerativa.com\\\/wp-content\\\/uploads\\\/2025\\\/12\\\/FOTOS-WEB-TIENDA-6.png\",\"contentUrl\":\"https:\\\/\\\/alquimiaregenerativa.com\\\/wp-content\\\/uploads\\\/2025\\\/12\\\/FOTOS-WEB-TIENDA-6.png\",\"width\":1024,\"height\":1024},{\"@type\":\"BreadcrumbList\",\"@id\":\"https:\\\/\\\/alquimiaregenerativa.com\\\/tienda\\\/brisa-corporal-kanan\\\/#breadcrumb\",\"itemListElement\":[{\"@type\":\"ListItem\",\"position\":1,\"name\":\"Portada\",\"item\":\"https:\\\/\\\/alquimiaregenerativa.com\\\/\"},{\"@type\":\"ListItem\",\"position\":2,\"name\":\"Tienda\",\"item\":\"https:\\\/\\\/alquimiaregenerativa.com\\\/tienda\\\/\"},{\"@type\":\"ListItem\",\"position\":3,\"name\":\"Brisa Corporal Kanan- Limpieza Energ\u00e9tica\"}]},{\"@type\":\"WebSite\",\"@id\":\"https:\\\/\\\/alquimiaregenerativa.com\\\/#website\",\"url\":\"https:\\\/\\\/alquimiaregenerativa.com\\\/\",\"name\":\"Alquimia Regenerativa\",\"description\":\"Comienza tu proceso de tranformaci\u00f3n\",\"potentialAction\":[{\"@type\":\"SearchAction\",\"target\":{\"@type\":\"EntryPoint\",\"urlTemplate\":\"https:\\\/\\\/alquimiaregenerativa.com\\\/?s={search_term_string}\"},\"query-input\":{\"@type\":\"PropertyValueSpecification\",\"valueRequired\":true,\"valueName\":\"search_term_string\"}}],\"inLanguage\":\"en-US\"}]}<\/script>\n<meta property=\"product:price:amount\" content=\"170.00\" \/>\n<meta property=\"product:price:currency\" content=\"MXN\" \/>\n<meta property=\"og:availability\" content=\"instock\" \/>\n<meta property=\"product:availability\" content=\"instock\" \/>\n<meta property=\"product:condition\" content=\"new\" \/>\n<!-- \/ Yoast SEO Premium plugin. -->","yoast_head_json":{"title":"Brisa Corporal Kanan- Limpieza Energ\u00e9tica - Alquimia Regenerativa","robots":{"index":"index","follow":"follow","max-snippet":"max-snippet:-1","max-image-preview":"max-image-preview:large","max-video-preview":"max-video-preview:-1"},"canonical":"https:\/\/alquimiaregenerativa.com\/en\/tienda\/brisa-corporal-kanan\/","og_locale":"en_US","og_type":"article","og_title":"Brisa Corporal Kanan- Limpieza Energ\u00e9tica","og_description":"\ud83c\udf2c\ufe0f BRISA CORPORAL KANAN: Limpieza y Claridad Mental Esta brisa est\u00e1 dise\u00f1ada para una profunda limpieza energ\u00e9tica. Es ideal para [&hellip;]","og_url":"https:\/\/alquimiaregenerativa.com\/en\/tienda\/brisa-corporal-kanan\/","og_site_name":"Alquimia Regenerativa","article_modified_time":"2026-02-28T16:16:24+00:00","og_image":[{"width":1024,"height":1024,"url":"https:\/\/alquimiaregenerativa.com\/wp-content\/uploads\/2025\/12\/FOTOS-WEB-TIENDA-6.png","type":"image\/png"}],"twitter_card":"summary_large_image","twitter_misc":{"Price":"MXN $&nbsp;170.00","Availability":"In stock"},"schema":{"@context":"https:\/\/schema.org","@graph":[{"@type":"WebPage","@id":"https:\/\/alquimiaregenerativa.com\/tienda\/brisa-corporal-kanan\/","url":"https:\/\/alquimiaregenerativa.com\/tienda\/brisa-corporal-kanan\/","name":"Brisa Corporal Kanan- Limpieza Energ\u00e9tica - Alquimia Regenerativa","isPartOf":{"@id":"https:\/\/alquimiaregenerativa.com\/#website"},"primaryImageOfPage":{"@id":"https:\/\/alquimiaregenerativa.com\/tienda\/brisa-corporal-kanan\/#primaryimage"},"image":{"@id":"https:\/\/alquimiaregenerativa.com\/tienda\/brisa-corporal-kanan\/#primaryimage"},"thumbnailUrl":"https:\/\/alquimiaregenerativa.com\/wp-content\/uploads\/2025\/12\/FOTOS-WEB-TIENDA-6.png","datePublished":"2025-12-08T17:12:57+00:00","dateModified":"2026-02-28T16:16:24+00:00","breadcrumb":{"@id":"https:\/\/alquimiaregenerativa.com\/tienda\/brisa-corporal-kanan\/#breadcrumb"},"inLanguage":"en-US","potentialAction":[{"@type":"ReadAction","target":["https:\/\/alquimiaregenerativa.com\/tienda\/brisa-corporal-kanan\/"]}]},{"@type":"ImageObject","inLanguage":"en-US","@id":"https:\/\/alquimiaregenerativa.com\/tienda\/brisa-corporal-kanan\/#primaryimage","url":"https:\/\/alquimiaregenerativa.com\/wp-content\/uploads\/2025\/12\/FOTOS-WEB-TIENDA-6.png","contentUrl":"https:\/\/alquimiaregenerativa.com\/wp-content\/uploads\/2025\/12\/FOTOS-WEB-TIENDA-6.png","width":1024,"height":1024},{"@type":"BreadcrumbList","@id":"https:\/\/alquimiaregenerativa.com\/tienda\/brisa-corporal-kanan\/#breadcrumb","itemListElement":[{"@type":"ListItem","position":1,"name":"Portada","item":"https:\/\/alquimiaregenerativa.com\/"},{"@type":"ListItem","position":2,"name":"Tienda","item":"https:\/\/alquimiaregenerativa.com\/tienda\/"},{"@type":"ListItem","position":3,"name":"Brisa Corporal Kanan- Limpieza Energ\u00e9tica"}]},{"@type":"WebSite","@id":"https:\/\/alquimiaregenerativa.com\/#website","url":"https:\/\/alquimiaregenerativa.com\/","name":"Regenerative Alchemy","description":"Start your transformation process","potentialAction":[{"@type":"SearchAction","target":{"@type":"EntryPoint","urlTemplate":"https:\/\/alquimiaregenerativa.com\/?s={search_term_string}"},"query-input":{"@type":"PropertyValueSpecification","valueRequired":true,"valueName":"search_term_string"}}],"inLanguage":"en-US"}]},"product_price_amount":"170.00","product_price_currency":"MXN","og_availability":"instock","product_availability":"instock","product_condition":"new"},"jetpack_sharing_enabled":true,"_links":{"self":[{"href":"https:\/\/alquimiaregenerativa.com\/en\/wp-json\/wp\/v2\/product\/7858","targetHints":{"allow":["GET"]}}],"collection":[{"href":"https:\/\/alquimiaregenerativa.com\/en\/wp-json\/wp\/v2\/product"}],"about":[{"href":"https:\/\/alquimiaregenerativa.com\/en\/wp-json\/wp\/v2\/types\/product"}],"replies":[{"embeddable":true,"href":"https:\/\/alquimiaregenerativa.com\/en\/wp-json\/wp\/v2\/comments?post=7858"}],"wp:featuredmedia":[{"embeddable":true,"href":"https:\/\/alquimiaregenerativa.com\/en\/wp-json\/wp\/v2\/media\/7859"}],"wp:attachment":[{"href":"https:\/\/alquimiaregenerativa.com\/en\/wp-json\/wp\/v2\/media?parent=7858"}],"wp:term":[{"taxonomy":"product_brand","embeddable":true,"href":"https:\/\/alquimiaregenerativa.com\/en\/wp-json\/wp\/v2\/product_brand?post=7858"},{"taxonomy":"product_cat","embeddable":true,"href":"https:\/\/alquimiaregenerativa.com\/en\/wp-json\/wp\/v2\/product_cat?post=7858"},{"taxonomy":"product_tag","embeddable":true,"href":"https:\/\/alquimiaregenerativa.com\/en\/wp-json\/wp\/v2\/product_tag?post=7858"}],"curies":[{"name":"wp","href":"https:\/\/api.w.org\/{rel}","templated":true}]}}