{"id":80,"date":"2024-06-13T18:57:43","date_gmt":"2024-06-13T16:57:43","guid":{"rendered":"https:\/\/alquimiaregenerativa.com\/?post_type=product&#038;p=80"},"modified":"2025-07-29T22:40:56","modified_gmt":"2025-07-29T20:40:56","slug":"perfume-de-rosas","status":"publish","type":"product","link":"https:\/\/alquimiaregenerativa.com\/en\/tienda\/perfume-de-rosas\/","title":{"rendered":"Rose Perfume"},"content":{"rendered":"<p>Organic rose perfume with essential oils is not only an exquisite aroma, but also cleanses your energy field, raises your vibration, and connects you with self-love.<\/p>\n<p>Indicated to accompany processes of sadness, grief, depression, anxiety, physical healing, detox.<\/p>\n<p>It helps you balance and refocus to continue your day more harmoniously.<\/p>","protected":false},"excerpt":{"rendered":"<p>&nbsp;<\/p>\n<p>$330 Mexican Pesos 50 ml<\/p>\n<p><span style=\"font-weight: 400;\">Price per 50 ml (includes herkimer diamond)<br \/>\n<\/span><\/p>\n<p><strong>INGREDIENTS: <\/strong><span style=\"font-weight: 400;\">Rose petals, distilled and infused water with crystals, organic cane alcohol and essential oils.<\/span><\/p>\n<p><span style=\"font-weight: 400;\">Perfume made with Malinalco Roses, especially recognized for their fragrance.<br \/>\n<\/span><span style=\"font-weight: 400;\">Inside each bottle of perfume you will find a herkimer diamond (crystal), it acts as a powerful amplifier of the properties of the rose, and also balances energy.<\/span><\/p>\n<p><strong>The Red Rose: <\/strong><span style=\"font-weight: 400;\">It has a delicate and exquisite fragrance that opens our senses and awakens us in a gentle and loving way.<br \/>\n<\/span><span style=\"font-weight: 400;\">It helps us connect with self-love and is a caress for our senses.<br \/>\n<\/span><span style=\"font-weight: 400;\">Awaken sensuality and creative power<br \/>\n<\/span><span style=\"font-weight: 400;\">It enhances intuition, activates and balances feminine energy or Yin energy.<\/span><span style=\"font-weight: 400;\">Connect with abundance and affluence<\/span><\/p>\n<p><span style=\"font-weight: 400;\">\u00a0<\/span><\/p>","protected":false},"featured_media":3990,"comment_status":"open","ping_status":"closed","template":"","meta":{"site-sidebar-layout":"default","site-content-layout":"","ast-site-content-layout":"default","site-content-style":"default","site-sidebar-style":"default","ast-global-header-display":"","ast-banner-title-visibility":"","ast-main-header-display":"","ast-hfb-above-header-display":"","ast-hfb-below-header-display":"","ast-hfb-mobile-header-display":"","site-post-title":"","ast-breadcrumbs-content":"","ast-featured-img":"","footer-sml-layout":"","ast-disable-related-posts":"","theme-transparent-header-meta":"default","adv-header-id-meta":"","stick-header-meta":"","header-above-stick-meta":"","header-main-stick-meta":"","header-below-stick-meta":"","astra-migrate-meta-layouts":"set","ast-page-background-enabled":"default","ast-page-background-meta":{"desktop":{"background-color":"var(--ast-global-color-4)","background-image":"","background-repeat":"repeat","background-position":"center center","background-size":"auto","background-attachment":"scroll","background-type":"","background-media":"","overlay-type":"","overlay-color":"","overlay-opacity":"","overlay-gradient":""},"tablet":{"background-color":"","background-image":"","background-repeat":"repeat","background-position":"center center","background-size":"auto","background-attachment":"scroll","background-type":"","background-media":"","overlay-type":"","overlay-color":"","overlay-opacity":"","overlay-gradient":""},"mobile":{"background-color":"","background-image":"","background-repeat":"repeat","background-position":"center center","background-size":"auto","background-attachment":"scroll","background-type":"","background-media":"","overlay-type":"","overlay-color":"","overlay-opacity":"","overlay-gradient":""}},"ast-content-background-meta":{"desktop":{"background-color":"var(--ast-global-color-5)","background-image":"","background-repeat":"repeat","background-position":"center center","background-size":"auto","background-attachment":"scroll","background-type":"","background-media":"","overlay-type":"","overlay-color":"","overlay-opacity":"","overlay-gradient":""},"tablet":{"background-color":"var(--ast-global-color-5)","background-image":"","background-repeat":"repeat","background-position":"center center","background-size":"auto","background-attachment":"scroll","background-type":"","background-media":"","overlay-type":"","overlay-color":"","overlay-opacity":"","overlay-gradient":""},"mobile":{"background-color":"var(--ast-global-color-5)","background-image":"","background-repeat":"repeat","background-position":"center center","background-size":"auto","background-attachment":"scroll","background-type":"","background-media":"","overlay-type":"","overlay-color":"","overlay-opacity":"","overlay-gradient":""}},"_joinchat":[]},"product_brand":[],"product_cat":[83],"product_tag":[],"class_list":{"0":"post-80","1":"product","2":"type-product","3":"status-publish","4":"has-post-thumbnail","6":"product_cat-belleza-natural","7":"desktop-align-center","8":"tablet-align-center","9":"mobile-align-center","11":"first","12":"instock","13":"sold-individually","14":"taxable","15":"shipping-taxable","16":"purchasable","17":"product-type-simple"},"yoast_head":"<!-- This site is optimized with the Yoast SEO Premium plugin v23.4 (Yoast SEO v27.4) - https:\/\/yoast.com\/product\/yoast-seo-premium-wordpress\/ -->\n<title>Perfume de Rosas - Alquimia Regenerativa<\/title>\n<meta name=\"robots\" content=\"index, follow, max-snippet:-1, max-image-preview:large, max-video-preview:-1\" \/>\n<link rel=\"canonical\" href=\"https:\/\/alquimiaregenerativa.com\/en\/tienda\/perfume-de-rosas\/\" \/>\n<meta property=\"og:locale\" content=\"en_US\" \/>\n<meta property=\"og:type\" content=\"article\" \/>\n<meta property=\"og:title\" content=\"Perfume de Rosas\" \/>\n<meta property=\"og:description\" content=\"&nbsp;  $330 Pesos Mexicanos\u00a0 50 ml  Precio por 50 ml (incluye diamante herkimer)   INGREDIENTES: P\u00e9talos de Rosa, agua Destilada e intencionada con cristales, alcohol de ca\u00f1a Org\u00e1nico y aceites esenciales.  Perfume elaborado con Rosas de Malinalco, especialmente reconocidas por su fragancia. Dentro de cada botella de perfume encontrar\u00e1s un diamante (cristal) herkimer, act\u00faa como potente amplificador de las propiedades de la rosa, tambi\u00e9n equilibran la energ\u00eda.  La Rosa roja: Posee una fragancia delicada y exquisita que abre nuestros sentidos y nos despierta de manera suave y amorosa. Sirve para conectar con el amor propio y es una caricia para nuestros sentidos. Despierta la sensualidad y el poder creador Potencia la intuici\u00f3n, activa y equilibra la energ\u00eda femenina o energ\u00eda Yin.Conecta con la abundancia y afluencia  \u00a0\" \/>\n<meta property=\"og:url\" content=\"https:\/\/alquimiaregenerativa.com\/en\/tienda\/perfume-de-rosas\/\" \/>\n<meta property=\"og:site_name\" content=\"Alquimia Regenerativa\" \/>\n<meta property=\"article:modified_time\" content=\"2025-07-29T20:40:56+00:00\" \/>\n<meta property=\"og:image\" content=\"https:\/\/alquimiaregenerativa.com\/wp-content\/uploads\/2024\/06\/Perfume-de-Rosas.png\" \/>\n\t<meta property=\"og:image:width\" content=\"361\" \/>\n\t<meta property=\"og:image:height\" content=\"361\" \/>\n\t<meta property=\"og:image:type\" content=\"image\/png\" \/>\n<meta name=\"twitter:card\" content=\"summary_large_image\" \/>\n<meta name=\"twitter:label1\" content=\"Price\" \/>\n\t<meta name=\"twitter:data1\" content=\"MXN $&nbsp;385.00\" \/>\n\t<meta name=\"twitter:label2\" content=\"Availability\" \/>\n\t<meta name=\"twitter:data2\" content=\"In stock\" \/>\n<script type=\"application\/ld+json\" class=\"yoast-schema-graph\">{\"@context\":\"https:\\\/\\\/schema.org\",\"@graph\":[{\"@type\":\"WebPage\",\"@id\":\"https:\\\/\\\/alquimiaregenerativa.com\\\/tienda\\\/perfume-de-rosas\\\/\",\"url\":\"https:\\\/\\\/alquimiaregenerativa.com\\\/tienda\\\/perfume-de-rosas\\\/\",\"name\":\"Perfume de Rosas - Alquimia Regenerativa\",\"isPartOf\":{\"@id\":\"https:\\\/\\\/alquimiaregenerativa.com\\\/#website\"},\"primaryImageOfPage\":{\"@id\":\"https:\\\/\\\/alquimiaregenerativa.com\\\/tienda\\\/perfume-de-rosas\\\/#primaryimage\"},\"image\":{\"@id\":\"https:\\\/\\\/alquimiaregenerativa.com\\\/tienda\\\/perfume-de-rosas\\\/#primaryimage\"},\"thumbnailUrl\":\"https:\\\/\\\/alquimiaregenerativa.com\\\/wp-content\\\/uploads\\\/2024\\\/06\\\/Perfume-de-Rosas.png\",\"datePublished\":\"2024-06-13T16:57:43+00:00\",\"dateModified\":\"2025-07-29T20:40:56+00:00\",\"breadcrumb\":{\"@id\":\"https:\\\/\\\/alquimiaregenerativa.com\\\/tienda\\\/perfume-de-rosas\\\/#breadcrumb\"},\"inLanguage\":\"en-US\",\"potentialAction\":[{\"@type\":\"ReadAction\",\"target\":[\"https:\\\/\\\/alquimiaregenerativa.com\\\/tienda\\\/perfume-de-rosas\\\/\"]}]},{\"@type\":\"ImageObject\",\"inLanguage\":\"en-US\",\"@id\":\"https:\\\/\\\/alquimiaregenerativa.com\\\/tienda\\\/perfume-de-rosas\\\/#primaryimage\",\"url\":\"https:\\\/\\\/alquimiaregenerativa.com\\\/wp-content\\\/uploads\\\/2024\\\/06\\\/Perfume-de-Rosas.png\",\"contentUrl\":\"https:\\\/\\\/alquimiaregenerativa.com\\\/wp-content\\\/uploads\\\/2024\\\/06\\\/Perfume-de-Rosas.png\",\"width\":361,\"height\":361},{\"@type\":\"BreadcrumbList\",\"@id\":\"https:\\\/\\\/alquimiaregenerativa.com\\\/tienda\\\/perfume-de-rosas\\\/#breadcrumb\",\"itemListElement\":[{\"@type\":\"ListItem\",\"position\":1,\"name\":\"Portada\",\"item\":\"https:\\\/\\\/alquimiaregenerativa.com\\\/\"},{\"@type\":\"ListItem\",\"position\":2,\"name\":\"Tienda\",\"item\":\"https:\\\/\\\/alquimiaregenerativa.com\\\/tienda\\\/\"},{\"@type\":\"ListItem\",\"position\":3,\"name\":\"Perfume de Rosas\"}]},{\"@type\":\"WebSite\",\"@id\":\"https:\\\/\\\/alquimiaregenerativa.com\\\/#website\",\"url\":\"https:\\\/\\\/alquimiaregenerativa.com\\\/\",\"name\":\"Alquimia Regenerativa\",\"description\":\"Comienza tu proceso de tranformaci\u00f3n\",\"potentialAction\":[{\"@type\":\"SearchAction\",\"target\":{\"@type\":\"EntryPoint\",\"urlTemplate\":\"https:\\\/\\\/alquimiaregenerativa.com\\\/?s={search_term_string}\"},\"query-input\":{\"@type\":\"PropertyValueSpecification\",\"valueRequired\":true,\"valueName\":\"search_term_string\"}}],\"inLanguage\":\"en-US\"}]}<\/script>\n<meta property=\"product:price:amount\" content=\"385.00\" \/>\n<meta property=\"product:price:currency\" content=\"MXN\" \/>\n<meta property=\"og:availability\" content=\"instock\" \/>\n<meta property=\"product:availability\" content=\"instock\" \/>\n<meta property=\"product:condition\" content=\"new\" \/>\n<!-- \/ Yoast SEO Premium plugin. -->","yoast_head_json":{"title":"Rose Perfume - Regenerative Alchemy","robots":{"index":"index","follow":"follow","max-snippet":"max-snippet:-1","max-image-preview":"max-image-preview:large","max-video-preview":"max-video-preview:-1"},"canonical":"https:\/\/alquimiaregenerativa.com\/en\/tienda\/perfume-de-rosas\/","og_locale":"en_US","og_type":"article","og_title":"Perfume de Rosas","og_description":"&nbsp;  $330 Pesos Mexicanos\u00a0 50 ml  Precio por 50 ml (incluye diamante herkimer)   INGREDIENTES: P\u00e9talos de Rosa, agua Destilada e intencionada con cristales, alcohol de ca\u00f1a Org\u00e1nico y aceites esenciales.  Perfume elaborado con Rosas de Malinalco, especialmente reconocidas por su fragancia. Dentro de cada botella de perfume encontrar\u00e1s un diamante (cristal) herkimer, act\u00faa como potente amplificador de las propiedades de la rosa, tambi\u00e9n equilibran la energ\u00eda.  La Rosa roja: Posee una fragancia delicada y exquisita que abre nuestros sentidos y nos despierta de manera suave y amorosa. Sirve para conectar con el amor propio y es una caricia para nuestros sentidos. Despierta la sensualidad y el poder creador Potencia la intuici\u00f3n, activa y equilibra la energ\u00eda femenina o energ\u00eda Yin.Conecta con la abundancia y afluencia  \u00a0","og_url":"https:\/\/alquimiaregenerativa.com\/en\/tienda\/perfume-de-rosas\/","og_site_name":"Alquimia Regenerativa","article_modified_time":"2025-07-29T20:40:56+00:00","og_image":[{"width":361,"height":361,"url":"https:\/\/alquimiaregenerativa.com\/wp-content\/uploads\/2024\/06\/Perfume-de-Rosas.png","type":"image\/png"}],"twitter_card":"summary_large_image","twitter_misc":{"Price":"MXN $&nbsp;385.00","Availability":"In stock"},"schema":{"@context":"https:\/\/schema.org","@graph":[{"@type":"WebPage","@id":"https:\/\/alquimiaregenerativa.com\/tienda\/perfume-de-rosas\/","url":"https:\/\/alquimiaregenerativa.com\/tienda\/perfume-de-rosas\/","name":"Rose Perfume - Regenerative Alchemy","isPartOf":{"@id":"https:\/\/alquimiaregenerativa.com\/#website"},"primaryImageOfPage":{"@id":"https:\/\/alquimiaregenerativa.com\/tienda\/perfume-de-rosas\/#primaryimage"},"image":{"@id":"https:\/\/alquimiaregenerativa.com\/tienda\/perfume-de-rosas\/#primaryimage"},"thumbnailUrl":"https:\/\/alquimiaregenerativa.com\/wp-content\/uploads\/2024\/06\/Perfume-de-Rosas.png","datePublished":"2024-06-13T16:57:43+00:00","dateModified":"2025-07-29T20:40:56+00:00","breadcrumb":{"@id":"https:\/\/alquimiaregenerativa.com\/tienda\/perfume-de-rosas\/#breadcrumb"},"inLanguage":"en-US","potentialAction":[{"@type":"ReadAction","target":["https:\/\/alquimiaregenerativa.com\/tienda\/perfume-de-rosas\/"]}]},{"@type":"ImageObject","inLanguage":"en-US","@id":"https:\/\/alquimiaregenerativa.com\/tienda\/perfume-de-rosas\/#primaryimage","url":"https:\/\/alquimiaregenerativa.com\/wp-content\/uploads\/2024\/06\/Perfume-de-Rosas.png","contentUrl":"https:\/\/alquimiaregenerativa.com\/wp-content\/uploads\/2024\/06\/Perfume-de-Rosas.png","width":361,"height":361},{"@type":"BreadcrumbList","@id":"https:\/\/alquimiaregenerativa.com\/tienda\/perfume-de-rosas\/#breadcrumb","itemListElement":[{"@type":"ListItem","position":1,"name":"Portada","item":"https:\/\/alquimiaregenerativa.com\/"},{"@type":"ListItem","position":2,"name":"Tienda","item":"https:\/\/alquimiaregenerativa.com\/tienda\/"},{"@type":"ListItem","position":3,"name":"Perfume de Rosas"}]},{"@type":"WebSite","@id":"https:\/\/alquimiaregenerativa.com\/#website","url":"https:\/\/alquimiaregenerativa.com\/","name":"Regenerative Alchemy","description":"Start your transformation process","potentialAction":[{"@type":"SearchAction","target":{"@type":"EntryPoint","urlTemplate":"https:\/\/alquimiaregenerativa.com\/?s={search_term_string}"},"query-input":{"@type":"PropertyValueSpecification","valueRequired":true,"valueName":"search_term_string"}}],"inLanguage":"en-US"}]},"product_price_amount":"385.00","product_price_currency":"MXN","og_availability":"instock","product_availability":"instock","product_condition":"new"},"jetpack_sharing_enabled":true,"_links":{"self":[{"href":"https:\/\/alquimiaregenerativa.com\/en\/wp-json\/wp\/v2\/product\/80","targetHints":{"allow":["GET"]}}],"collection":[{"href":"https:\/\/alquimiaregenerativa.com\/en\/wp-json\/wp\/v2\/product"}],"about":[{"href":"https:\/\/alquimiaregenerativa.com\/en\/wp-json\/wp\/v2\/types\/product"}],"replies":[{"embeddable":true,"href":"https:\/\/alquimiaregenerativa.com\/en\/wp-json\/wp\/v2\/comments?post=80"}],"wp:featuredmedia":[{"embeddable":true,"href":"https:\/\/alquimiaregenerativa.com\/en\/wp-json\/wp\/v2\/media\/3990"}],"wp:attachment":[{"href":"https:\/\/alquimiaregenerativa.com\/en\/wp-json\/wp\/v2\/media?parent=80"}],"wp:term":[{"taxonomy":"product_brand","embeddable":true,"href":"https:\/\/alquimiaregenerativa.com\/en\/wp-json\/wp\/v2\/product_brand?post=80"},{"taxonomy":"product_cat","embeddable":true,"href":"https:\/\/alquimiaregenerativa.com\/en\/wp-json\/wp\/v2\/product_cat?post=80"},{"taxonomy":"product_tag","embeddable":true,"href":"https:\/\/alquimiaregenerativa.com\/en\/wp-json\/wp\/v2\/product_tag?post=80"}],"curies":[{"name":"wp","href":"https:\/\/api.w.org\/{rel}","templated":true}]}}