{"id":83,"date":"2024-06-13T18:57:43","date_gmt":"2024-06-13T16:57:43","guid":{"rendered":"https:\/\/alquimiaregenerativa.com\/?post_type=product&#038;p=83"},"modified":"2026-01-30T16:45:41","modified_gmt":"2026-01-30T15:45:41","slug":"detox-individual-con-plan-personalizado","status":"publish","type":"product","link":"https:\/\/alquimiaregenerativa.com\/en\/tienda\/detox-individual-con-plan-personalizado\/","title":{"rendered":"Individual Detox with Personalized Plan"},"content":{"rendered":"","protected":false},"excerpt":{"rendered":"<p>If you&#039;re looking for something more personalized and tailored to your needs, this program is for you. It&#039;s a profound transformation process, improving your current habits and eating style to alkalize the body, reduce chronic inflammation, and open elimination channels to reduce symptoms of imbalance. <span style=\"font-size: 16px;\">both physical and psycho-emotional. <\/span><\/p>\n<p><span style=\"font-size: 16px;\">At the same time, you will learn to design your new reality by reprogramming limiting beliefs that prevent you from reaching your optimal state of health. You will once again feel FULL, complete, sufficient, fulfilled, proud of who you are, and ready to enjoy life by freely and sovereignly deciding what is best for you.<\/span><\/p>\n<p>You will have access to a course (recording) on how Detox works on a physical level, along with materials and tools on a mental and emotional level to heal.<\/p>\n<p><strong>What&#039;s included<\/strong><strong>:<\/strong><br \/>\n\u2022 1 Individual session (2 hours) one on one with Lu Del Mar<\/p>\n<p>\u2022 Close, loving, and compassionate support for 30 days<\/p>\n<p>\u2022 Weekly check-ins to review progress and make adjustments<\/p>\n<p>\u2022 1 Closing session (1 hr) with recommendations for post-detox steps (transition or maintenance)<\/p>\n<p>\u2022 Materials folder with recorded workshops, yoga or dance classes, and meditations. Unlimited access.<\/p>\n<p><strong>Worth<\/strong><strong>:<\/strong> <span data-offset-key=\"f36pn-0-0\">$4,555 <\/span><span data-offset-key=\"f36pn-0-0\">Mexicans <span style=\"font-weight: 400; font-size: 14px; line-height: 1.5714em;\">\/ $262 USD Approx (depending on exchange rate) \/ Argentinians please inquire! Whatsapp: +52 55 1620 7310 Or Direct Link: <a href=\"https:\/\/tinyurl.com\/Contacto-AlquimiaRegenerativa\">https:\/\/tinyurl.com\/Contacto-AlquimiaRegenerativa<\/a><\/span><\/span><\/p>","protected":false},"featured_media":2474,"comment_status":"open","ping_status":"closed","template":"","meta":{"site-sidebar-layout":"default","site-content-layout":"","ast-site-content-layout":"default","site-content-style":"default","site-sidebar-style":"default","ast-global-header-display":"","ast-banner-title-visibility":"","ast-main-header-display":"","ast-hfb-above-header-display":"","ast-hfb-below-header-display":"","ast-hfb-mobile-header-display":"","site-post-title":"","ast-breadcrumbs-content":"","ast-featured-img":"","footer-sml-layout":"","ast-disable-related-posts":"","theme-transparent-header-meta":"default","adv-header-id-meta":"","stick-header-meta":"","header-above-stick-meta":"","header-main-stick-meta":"","header-below-stick-meta":"","astra-migrate-meta-layouts":"set","ast-page-background-enabled":"default","ast-page-background-meta":{"desktop":{"background-color":"var(--ast-global-color-4)","background-image":"","background-repeat":"repeat","background-position":"center center","background-size":"auto","background-attachment":"scroll","background-type":"","background-media":"","overlay-type":"","overlay-color":"","overlay-opacity":"","overlay-gradient":""},"tablet":{"background-color":"","background-image":"","background-repeat":"repeat","background-position":"center center","background-size":"auto","background-attachment":"scroll","background-type":"","background-media":"","overlay-type":"","overlay-color":"","overlay-opacity":"","overlay-gradient":""},"mobile":{"background-color":"","background-image":"","background-repeat":"repeat","background-position":"center center","background-size":"auto","background-attachment":"scroll","background-type":"","background-media":"","overlay-type":"","overlay-color":"","overlay-opacity":"","overlay-gradient":""}},"ast-content-background-meta":{"desktop":{"background-color":"var(--ast-global-color-5)","background-image":"","background-repeat":"repeat","background-position":"center center","background-size":"auto","background-attachment":"scroll","background-type":"","background-media":"","overlay-type":"","overlay-color":"","overlay-opacity":"","overlay-gradient":""},"tablet":{"background-color":"var(--ast-global-color-5)","background-image":"","background-repeat":"repeat","background-position":"center center","background-size":"auto","background-attachment":"scroll","background-type":"","background-media":"","overlay-type":"","overlay-color":"","overlay-opacity":"","overlay-gradient":""},"mobile":{"background-color":"var(--ast-global-color-5)","background-image":"","background-repeat":"repeat","background-position":"center center","background-size":"auto","background-attachment":"scroll","background-type":"","background-media":"","overlay-type":"","overlay-color":"","overlay-opacity":"","overlay-gradient":""}},"_joinchat":[]},"product_brand":[],"product_cat":[24],"product_tag":[],"class_list":{"0":"post-83","1":"product","2":"type-product","3":"status-publish","4":"has-post-thumbnail","6":"product_cat-programas","7":"desktop-align-center","8":"tablet-align-center","9":"mobile-align-center","11":"first","12":"instock","13":"virtual","14":"sold-individually","15":"purchasable","16":"product-type-simple"},"yoast_head":"<!-- This site is optimized with the Yoast SEO Premium plugin v23.4 (Yoast SEO v27.4) - https:\/\/yoast.com\/product\/yoast-seo-premium-wordpress\/ -->\n<title>Detox Individual con Plan Personalizado - Alquimia Regenerativa<\/title>\n<meta name=\"robots\" content=\"index, follow, max-snippet:-1, max-image-preview:large, max-video-preview:-1\" \/>\n<link rel=\"canonical\" href=\"https:\/\/alquimiaregenerativa.com\/en\/tienda\/detox-individual-con-plan-personalizado\/\" \/>\n<meta property=\"og:locale\" content=\"en_US\" \/>\n<meta property=\"og:type\" content=\"article\" \/>\n<meta property=\"og:title\" content=\"Detox Individual con Plan Personalizado\" \/>\n<meta property=\"og:description\" content=\"S\u00ed buscas algo m\u00e1s personalizado y hecho a tu medida este programa es para ti. Es un proceso profundo de transformaci\u00f3n, mejorar tus h\u00e1bitos y estilo de alimentaci\u00f3n actual para alcalinizar el cuerpo, reducir la inflamaci\u00f3n cr\u00f3nica, abrir los canales de eliminaci\u00f3n para reducir los s\u00edntomas de desequilibrio nto f\u00edsicos como psico-emocionales.   Al mismo tiempo aprender\u00e1s a dise\u00f1ar tu nueva realidad a trav\u00e9s de la reprogramaci\u00f3n de creencias limitantes que te impiden acceder a tu estado de salud \u00f3ptimo, y te vuelvas a sentir PLENA, completa, suficiente, realizada, orgullosa de quien eres y lista para disfrutar la vida decidiendo libremente y con soberan\u00eda lo que es mejor para ti.  Tendr\u00e1s acceso a un curso (grabaci\u00f3n) sobre c\u00f3mo funciona el Detox a nivel f\u00edsico, junto con materiales y herramientas a nivel mental y emocional para sanar.  Qu\u00e9 incluye: \u2022 1 Sesi\u00f3n individual (2 hs) uno a uno con Lu Del Mar  \u2022 Acompa\u00f1amiento cercano, amoroso y compasivo durante 30 d\u00edas  \u2022 Check in semanales para revisar avances y hacer ajustes  \u2022 1 Sesi\u00f3n de cierre (1 hr) con Recomendaciones de pasos post Detox (transici\u00f3n o mantenimiento)  \u2022 Carpeta de materiales con talleres grabados, clases de yoga o danza, meditaciones. Acceso ilimitado.  Valor: $4,555 mexicanos \/ $262 USD Aprox (seg\u00fan cambio) \/ Argentinos preguntar! Whatsapp: +52 55 1620 7310 O Link directo: https:\/\/tinyurl.com\/Contacto-AlquimiaRegenerativa\" \/>\n<meta property=\"og:url\" content=\"https:\/\/alquimiaregenerativa.com\/en\/tienda\/detox-individual-con-plan-personalizado\/\" \/>\n<meta property=\"og:site_name\" content=\"Alquimia Regenerativa\" \/>\n<meta property=\"article:modified_time\" content=\"2026-01-30T15:45:41+00:00\" \/>\n<meta property=\"og:image\" content=\"https:\/\/alquimiaregenerativa.com\/wp-content\/uploads\/2024\/06\/Copia-de-cuadrado-detox-web-1.png\" \/>\n\t<meta property=\"og:image:width\" content=\"1024\" \/>\n\t<meta property=\"og:image:height\" content=\"1024\" \/>\n\t<meta property=\"og:image:type\" content=\"image\/png\" \/>\n<meta name=\"twitter:card\" content=\"summary_large_image\" \/>\n<meta name=\"twitter:label1\" content=\"Price\" \/>\n\t<meta name=\"twitter:data1\" content=\"MXN $&nbsp;4,555.00\" \/>\n\t<meta name=\"twitter:label2\" content=\"Availability\" \/>\n\t<meta name=\"twitter:data2\" content=\"In stock\" \/>\n<script type=\"application\/ld+json\" class=\"yoast-schema-graph\">{\"@context\":\"https:\\\/\\\/schema.org\",\"@graph\":[{\"@type\":\"WebPage\",\"@id\":\"https:\\\/\\\/alquimiaregenerativa.com\\\/tienda\\\/detox-individual-con-plan-personalizado\\\/\",\"url\":\"https:\\\/\\\/alquimiaregenerativa.com\\\/tienda\\\/detox-individual-con-plan-personalizado\\\/\",\"name\":\"Detox Individual con Plan Personalizado - Alquimia Regenerativa\",\"isPartOf\":{\"@id\":\"https:\\\/\\\/alquimiaregenerativa.com\\\/#website\"},\"primaryImageOfPage\":{\"@id\":\"https:\\\/\\\/alquimiaregenerativa.com\\\/tienda\\\/detox-individual-con-plan-personalizado\\\/#primaryimage\"},\"image\":{\"@id\":\"https:\\\/\\\/alquimiaregenerativa.com\\\/tienda\\\/detox-individual-con-plan-personalizado\\\/#primaryimage\"},\"thumbnailUrl\":\"https:\\\/\\\/alquimiaregenerativa.com\\\/wp-content\\\/uploads\\\/2024\\\/06\\\/Copia-de-cuadrado-detox-web-1.png\",\"datePublished\":\"2024-06-13T16:57:43+00:00\",\"dateModified\":\"2026-01-30T15:45:41+00:00\",\"breadcrumb\":{\"@id\":\"https:\\\/\\\/alquimiaregenerativa.com\\\/tienda\\\/detox-individual-con-plan-personalizado\\\/#breadcrumb\"},\"inLanguage\":\"en-US\",\"potentialAction\":[{\"@type\":\"ReadAction\",\"target\":[\"https:\\\/\\\/alquimiaregenerativa.com\\\/tienda\\\/detox-individual-con-plan-personalizado\\\/\"]}]},{\"@type\":\"ImageObject\",\"inLanguage\":\"en-US\",\"@id\":\"https:\\\/\\\/alquimiaregenerativa.com\\\/tienda\\\/detox-individual-con-plan-personalizado\\\/#primaryimage\",\"url\":\"https:\\\/\\\/alquimiaregenerativa.com\\\/wp-content\\\/uploads\\\/2024\\\/06\\\/Copia-de-cuadrado-detox-web-1.png\",\"contentUrl\":\"https:\\\/\\\/alquimiaregenerativa.com\\\/wp-content\\\/uploads\\\/2024\\\/06\\\/Copia-de-cuadrado-detox-web-1.png\",\"width\":1024,\"height\":1024},{\"@type\":\"BreadcrumbList\",\"@id\":\"https:\\\/\\\/alquimiaregenerativa.com\\\/tienda\\\/detox-individual-con-plan-personalizado\\\/#breadcrumb\",\"itemListElement\":[{\"@type\":\"ListItem\",\"position\":1,\"name\":\"Portada\",\"item\":\"https:\\\/\\\/alquimiaregenerativa.com\\\/\"},{\"@type\":\"ListItem\",\"position\":2,\"name\":\"Tienda\",\"item\":\"https:\\\/\\\/alquimiaregenerativa.com\\\/tienda\\\/\"},{\"@type\":\"ListItem\",\"position\":3,\"name\":\"Detox Individual con Plan Personalizado\"}]},{\"@type\":\"WebSite\",\"@id\":\"https:\\\/\\\/alquimiaregenerativa.com\\\/#website\",\"url\":\"https:\\\/\\\/alquimiaregenerativa.com\\\/\",\"name\":\"Alquimia Regenerativa\",\"description\":\"Comienza tu proceso de tranformaci\u00f3n\",\"potentialAction\":[{\"@type\":\"SearchAction\",\"target\":{\"@type\":\"EntryPoint\",\"urlTemplate\":\"https:\\\/\\\/alquimiaregenerativa.com\\\/?s={search_term_string}\"},\"query-input\":{\"@type\":\"PropertyValueSpecification\",\"valueRequired\":true,\"valueName\":\"search_term_string\"}}],\"inLanguage\":\"en-US\"}]}<\/script>\n<meta property=\"product:price:amount\" content=\"4555.00\" \/>\n<meta property=\"product:price:currency\" content=\"MXN\" \/>\n<meta property=\"og:availability\" content=\"instock\" \/>\n<meta property=\"product:availability\" content=\"instock\" \/>\n<meta property=\"product:condition\" content=\"new\" \/>\n<!-- \/ Yoast SEO Premium plugin. -->","yoast_head_json":{"title":"Individual Detox with a Personalized Plan - Regenerative Alchemy","robots":{"index":"index","follow":"follow","max-snippet":"max-snippet:-1","max-image-preview":"max-image-preview:large","max-video-preview":"max-video-preview:-1"},"canonical":"https:\/\/alquimiaregenerativa.com\/en\/tienda\/detox-individual-con-plan-personalizado\/","og_locale":"en_US","og_type":"article","og_title":"Detox Individual con Plan Personalizado","og_description":"S\u00ed buscas algo m\u00e1s personalizado y hecho a tu medida este programa es para ti. Es un proceso profundo de transformaci\u00f3n, mejorar tus h\u00e1bitos y estilo de alimentaci\u00f3n actual para alcalinizar el cuerpo, reducir la inflamaci\u00f3n cr\u00f3nica, abrir los canales de eliminaci\u00f3n para reducir los s\u00edntomas de desequilibrio nto f\u00edsicos como psico-emocionales.   Al mismo tiempo aprender\u00e1s a dise\u00f1ar tu nueva realidad a trav\u00e9s de la reprogramaci\u00f3n de creencias limitantes que te impiden acceder a tu estado de salud \u00f3ptimo, y te vuelvas a sentir PLENA, completa, suficiente, realizada, orgullosa de quien eres y lista para disfrutar la vida decidiendo libremente y con soberan\u00eda lo que es mejor para ti.  Tendr\u00e1s acceso a un curso (grabaci\u00f3n) sobre c\u00f3mo funciona el Detox a nivel f\u00edsico, junto con materiales y herramientas a nivel mental y emocional para sanar.  Qu\u00e9 incluye: \u2022 1 Sesi\u00f3n individual (2 hs) uno a uno con Lu Del Mar  \u2022 Acompa\u00f1amiento cercano, amoroso y compasivo durante 30 d\u00edas  \u2022 Check in semanales para revisar avances y hacer ajustes  \u2022 1 Sesi\u00f3n de cierre (1 hr) con Recomendaciones de pasos post Detox (transici\u00f3n o mantenimiento)  \u2022 Carpeta de materiales con talleres grabados, clases de yoga o danza, meditaciones. Acceso ilimitado.  Valor: $4,555 mexicanos \/ $262 USD Aprox (seg\u00fan cambio) \/ Argentinos preguntar! Whatsapp: +52 55 1620 7310 O Link directo: https:\/\/tinyurl.com\/Contacto-AlquimiaRegenerativa","og_url":"https:\/\/alquimiaregenerativa.com\/en\/tienda\/detox-individual-con-plan-personalizado\/","og_site_name":"Alquimia Regenerativa","article_modified_time":"2026-01-30T15:45:41+00:00","og_image":[{"width":1024,"height":1024,"url":"https:\/\/alquimiaregenerativa.com\/wp-content\/uploads\/2024\/06\/Copia-de-cuadrado-detox-web-1.png","type":"image\/png"}],"twitter_card":"summary_large_image","twitter_misc":{"Price":"MXN $&nbsp;4,555.00","Availability":"In stock"},"schema":{"@context":"https:\/\/schema.org","@graph":[{"@type":"WebPage","@id":"https:\/\/alquimiaregenerativa.com\/tienda\/detox-individual-con-plan-personalizado\/","url":"https:\/\/alquimiaregenerativa.com\/tienda\/detox-individual-con-plan-personalizado\/","name":"Individual Detox with a Personalized Plan - Regenerative Alchemy","isPartOf":{"@id":"https:\/\/alquimiaregenerativa.com\/#website"},"primaryImageOfPage":{"@id":"https:\/\/alquimiaregenerativa.com\/tienda\/detox-individual-con-plan-personalizado\/#primaryimage"},"image":{"@id":"https:\/\/alquimiaregenerativa.com\/tienda\/detox-individual-con-plan-personalizado\/#primaryimage"},"thumbnailUrl":"https:\/\/alquimiaregenerativa.com\/wp-content\/uploads\/2024\/06\/Copia-de-cuadrado-detox-web-1.png","datePublished":"2024-06-13T16:57:43+00:00","dateModified":"2026-01-30T15:45:41+00:00","breadcrumb":{"@id":"https:\/\/alquimiaregenerativa.com\/tienda\/detox-individual-con-plan-personalizado\/#breadcrumb"},"inLanguage":"en-US","potentialAction":[{"@type":"ReadAction","target":["https:\/\/alquimiaregenerativa.com\/tienda\/detox-individual-con-plan-personalizado\/"]}]},{"@type":"ImageObject","inLanguage":"en-US","@id":"https:\/\/alquimiaregenerativa.com\/tienda\/detox-individual-con-plan-personalizado\/#primaryimage","url":"https:\/\/alquimiaregenerativa.com\/wp-content\/uploads\/2024\/06\/Copia-de-cuadrado-detox-web-1.png","contentUrl":"https:\/\/alquimiaregenerativa.com\/wp-content\/uploads\/2024\/06\/Copia-de-cuadrado-detox-web-1.png","width":1024,"height":1024},{"@type":"BreadcrumbList","@id":"https:\/\/alquimiaregenerativa.com\/tienda\/detox-individual-con-plan-personalizado\/#breadcrumb","itemListElement":[{"@type":"ListItem","position":1,"name":"Portada","item":"https:\/\/alquimiaregenerativa.com\/"},{"@type":"ListItem","position":2,"name":"Tienda","item":"https:\/\/alquimiaregenerativa.com\/tienda\/"},{"@type":"ListItem","position":3,"name":"Detox Individual con Plan Personalizado"}]},{"@type":"WebSite","@id":"https:\/\/alquimiaregenerativa.com\/#website","url":"https:\/\/alquimiaregenerativa.com\/","name":"Regenerative Alchemy","description":"Start your transformation process","potentialAction":[{"@type":"SearchAction","target":{"@type":"EntryPoint","urlTemplate":"https:\/\/alquimiaregenerativa.com\/?s={search_term_string}"},"query-input":{"@type":"PropertyValueSpecification","valueRequired":true,"valueName":"search_term_string"}}],"inLanguage":"en-US"}]},"product_price_amount":"4555.00","product_price_currency":"MXN","og_availability":"instock","product_availability":"instock","product_condition":"new"},"jetpack_sharing_enabled":true,"_links":{"self":[{"href":"https:\/\/alquimiaregenerativa.com\/en\/wp-json\/wp\/v2\/product\/83","targetHints":{"allow":["GET"]}}],"collection":[{"href":"https:\/\/alquimiaregenerativa.com\/en\/wp-json\/wp\/v2\/product"}],"about":[{"href":"https:\/\/alquimiaregenerativa.com\/en\/wp-json\/wp\/v2\/types\/product"}],"replies":[{"embeddable":true,"href":"https:\/\/alquimiaregenerativa.com\/en\/wp-json\/wp\/v2\/comments?post=83"}],"wp:featuredmedia":[{"embeddable":true,"href":"https:\/\/alquimiaregenerativa.com\/en\/wp-json\/wp\/v2\/media\/2474"}],"wp:attachment":[{"href":"https:\/\/alquimiaregenerativa.com\/en\/wp-json\/wp\/v2\/media?parent=83"}],"wp:term":[{"taxonomy":"product_brand","embeddable":true,"href":"https:\/\/alquimiaregenerativa.com\/en\/wp-json\/wp\/v2\/product_brand?post=83"},{"taxonomy":"product_cat","embeddable":true,"href":"https:\/\/alquimiaregenerativa.com\/en\/wp-json\/wp\/v2\/product_cat?post=83"},{"taxonomy":"product_tag","embeddable":true,"href":"https:\/\/alquimiaregenerativa.com\/en\/wp-json\/wp\/v2\/product_tag?post=83"}],"curies":[{"name":"wp","href":"https:\/\/api.w.org\/{rel}","templated":true}]}}