{"id":84,"date":"2024-06-13T18:57:44","date_gmt":"2024-06-13T16:57:44","guid":{"rendered":"https:\/\/alquimiaregenerativa.com\/?post_type=product&#038;p=84"},"modified":"2025-01-29T16:43:11","modified_gmt":"2025-01-29T15:43:11","slug":"detox-mixto","status":"publish","type":"product","link":"https:\/\/alquimiaregenerativa.com\/en\/tienda\/detox-mixto\/","title":{"rendered":"Mixed Detox"},"content":{"rendered":"<p><em><strong>Mixed Challenge: Individual + Group.<\/strong><\/em>\u00a0If you are looking for the best of both worlds, group support, live meditations, daily exercises and also a personalized plan tailored to you, this program is for you. Together, both will be a powerful tool for your health and to obtain the best results. We know that change involves ups and downs: here we will do it with the correct information, gradually and lovingly.<\/p>\n<p>This process consists of a group detox, where you will have the accompaniment and support of your coach and team, along with the support of the rest of the group of people who do the process with you. At the same time, you will have an individual session with Lu del Mar to delve deeper into your current state of health and points that you wish to improve. Based on this, you will be given specific recommendations along with a tailored plan to be able to sustain the changes in your daily life.<\/p>\n<p><strong>BENEFITS:<\/strong><br \/>\n\u2022 Learn how to cleanse your body naturally and optimize your health and well-being.<br \/>\n\u2022 Learn what level of Detox (fruit, vegetables or juices) is most suitable, every body is different!<br \/>\n\u2022 Learn this week how to never get sick again through diet.<br \/>\n\u2022 Learn what allopathic medicine doesn&#039;t tell you about the relationship between food and vital health.<br \/>\n\u2022 How to strengthen your will and discipline (even if you&#039;ve never been able to before) through reprogramming.<br \/>\n\u2022 How to plan and organize to have everything ready in a short time and in a simplified way (step by step).<br \/>\n\u2022 What is emotional hunger vs physical hunger? This is key to sustaining yourself in the process.<br \/>\n\u2022 Emotional Detox, when trapped emotions that come out with toxins begin to heal.<br \/>\n\u2022 What are the optimal foods for health and their correct combination for optimal digestion.<\/p>\n<p><strong>MATERIALS<\/strong><br \/>\n\u2022 Videos, guides, pdfs, articles, materials, hundreds of recipes and ebooks.<br \/>\n\u2022 Step-by-step guide with everything seen in the group session.<br \/>\n\u2022 Guide to herbal medicine or herbs (that really work).<br \/>\n\u2022 Recipe book and shopping list for the supermarket.<br \/>\n\u2022 Powerful phrases to heal (Reprogramming).<br \/>\n\u2022 Meditation and visualization (Audios).<br \/>\n\u2022 Daily challenges to make it fun and engaging.<br \/>\n\u2022 Among those who complete the 7 days, 1 prize will be drawn.<br \/>\n\u2022 BONUSES: hundreds of vegan and raw vegan recipes and 6 ebooks on healthy eating and detoxification.<\/p>\n<p><strong>What&#039;s included:<br \/>\n<\/strong>\u2022 7 to 21 day Group Challenge (Start Session + Closing Session) \u2022 2-hour Individual Session with a personalized plan \u2022 1 Individual Session (1 hour) with Closing Recommendations and Post-Detox Steps (transition or maintenance) \u2022 Videos, guides, pdfs, articles, materials, hundreds of recipes and ebooks \u2022 30 days of fully personalized and direct follow-up<\/p>\n<p><strong>Worth:<\/strong>\u00a0\u00a0<span class=\"WdYUQQ text-decoration-underline text-strikethrough-none\"><span data-offset-key=\"f36pn-0-0\">$3,888 Mexican \/ $238 USD dollars approx \/ Argentines ask, great discount!<\/span><\/span><\/p>","protected":false},"excerpt":{"rendered":"<p><em><strong>Mixed Challenge: Individual + Group.<\/strong><\/em>\u00a0If you are looking for the best of both worlds, group support, live meditations, daily exercises and also a personalized plan tailored to you, this program is for you. Together, both will be a powerful tool for your health and to obtain the best results. We know that change involves ups and downs: here we will do it with the correct information, gradually and lovingly.<\/p>\n<p>This process consists of a group detox, where you will have the accompaniment and support of your coach and team, along with the support of the rest of the group of people who do the process with you. At the same time, you will have an individual session with Lu del Mar to delve deeper into your current state of health and points that you wish to improve. Based on this, you will be given specific recommendations along with a tailored plan to be able to sustain the changes in your daily life.<\/p>\n<p><strong>BENEFITS:<\/strong><br \/>\n\u2022 Learn how to cleanse your body naturally and optimize your health and well-being.<br \/>\n\u2022 Learn what level of Detox (fruit, vegetables or juices) is most suitable, every body is different!<br \/>\n\u2022 Learn this week how to never get sick again through diet.<br \/>\n\u2022 Learn what allopathic medicine doesn&#039;t tell you about the relationship between food and vital health.<br \/>\n\u2022 How to strengthen your will and discipline (even if you&#039;ve never been able to before) through reprogramming.<br \/>\n\u2022 How to plan and organize to have everything ready in a short time and in a simplified way (step by step).<br \/>\n\u2022 What is emotional hunger vs physical hunger? This is key to sustaining yourself in the process.<br \/>\n\u2022 Emotional Detox, when trapped emotions that come out with toxins begin to heal.<br \/>\n\u2022 What are the optimal foods for health and their correct combination for optimal digestion.<\/p>\n<p><strong>MATERIALS<\/strong><br \/>\n\u2022 Videos, guides, pdfs, articles, materials, hundreds of recipes and ebooks.<br \/>\n\u2022 Step-by-step guide with everything seen in the group session.<br \/>\n\u2022 Guide to herbal medicine or herbs (that really work).<br \/>\n\u2022 Recipe book and shopping list for the supermarket.<br \/>\n\u2022 Powerful phrases to heal (Reprogramming).<br \/>\n\u2022 Meditation and visualization (Audios).<br \/>\n\u2022 Daily challenges to make it fun and engaging.<br \/>\n\u2022 Among those who complete the 7 days, 1 prize will be drawn.<br \/>\n\u2022 BONUSES: hundreds of vegan and raw vegan recipes and 6 ebooks on healthy eating and detoxification.<\/p>\n<p><strong>What&#039;s included:<br \/>\n<\/strong>\u2022 7 to 21 day Group Challenge (Start Session + Closing Session) \u2022 2-hour Individual Session with a personalized plan \u2022 1 Individual Session (1 hour) with Closing Recommendations and Post-Detox Steps (transition or maintenance) \u2022 Videos, guides, pdfs, articles, materials, hundreds of recipes and ebooks \u2022 30 days of fully personalized and direct follow-up<\/p>\n<p><strong>Worth:<\/strong> \u00a0<span class=\"WdYUQQ text-decoration-underline text-strikethrough-none\"><span data-offset-key=\"f36pn-0-0\">$3,888 Mexicans <span style=\"font-weight: 400; font-size: 14px; line-height: 1.5714em;\">\/ $238 USD dollars approx \/ Argentines ask, great discount!<\/span><\/span><\/span><\/p>","protected":false},"featured_media":2475,"comment_status":"open","ping_status":"closed","template":"","meta":{"site-sidebar-layout":"default","site-content-layout":"","ast-site-content-layout":"default","site-content-style":"default","site-sidebar-style":"default","ast-global-header-display":"","ast-banner-title-visibility":"","ast-main-header-display":"","ast-hfb-above-header-display":"","ast-hfb-below-header-display":"","ast-hfb-mobile-header-display":"","site-post-title":"","ast-breadcrumbs-content":"","ast-featured-img":"","footer-sml-layout":"","ast-disable-related-posts":"","theme-transparent-header-meta":"default","adv-header-id-meta":"","stick-header-meta":"","header-above-stick-meta":"","header-main-stick-meta":"","header-below-stick-meta":"","astra-migrate-meta-layouts":"set","ast-page-background-enabled":"default","ast-page-background-meta":{"desktop":{"background-color":"var(--ast-global-color-4)","background-image":"","background-repeat":"repeat","background-position":"center center","background-size":"auto","background-attachment":"scroll","background-type":"","background-media":"","overlay-type":"","overlay-color":"","overlay-opacity":"","overlay-gradient":""},"tablet":{"background-color":"","background-image":"","background-repeat":"repeat","background-position":"center center","background-size":"auto","background-attachment":"scroll","background-type":"","background-media":"","overlay-type":"","overlay-color":"","overlay-opacity":"","overlay-gradient":""},"mobile":{"background-color":"","background-image":"","background-repeat":"repeat","background-position":"center center","background-size":"auto","background-attachment":"scroll","background-type":"","background-media":"","overlay-type":"","overlay-color":"","overlay-opacity":"","overlay-gradient":""}},"ast-content-background-meta":{"desktop":{"background-color":"var(--ast-global-color-5)","background-image":"","background-repeat":"repeat","background-position":"center center","background-size":"auto","background-attachment":"scroll","background-type":"","background-media":"","overlay-type":"","overlay-color":"","overlay-opacity":"","overlay-gradient":""},"tablet":{"background-color":"var(--ast-global-color-5)","background-image":"","background-repeat":"repeat","background-position":"center center","background-size":"auto","background-attachment":"scroll","background-type":"","background-media":"","overlay-type":"","overlay-color":"","overlay-opacity":"","overlay-gradient":""},"mobile":{"background-color":"var(--ast-global-color-5)","background-image":"","background-repeat":"repeat","background-position":"center center","background-size":"auto","background-attachment":"scroll","background-type":"","background-media":"","overlay-type":"","overlay-color":"","overlay-opacity":"","overlay-gradient":""}},"_joinchat":[]},"product_brand":[],"product_cat":[24],"product_tag":[],"class_list":{"0":"post-84","1":"product","2":"type-product","3":"status-publish","4":"has-post-thumbnail","6":"product_cat-programas","7":"desktop-align-center","8":"tablet-align-center","9":"mobile-align-center","11":"first","12":"instock","13":"virtual","14":"sold-individually","15":"purchasable","16":"product-type-simple"},"yoast_head":"<!-- This site is optimized with the Yoast SEO Premium plugin v23.4 (Yoast SEO v27.5) - https:\/\/yoast.com\/product\/yoast-seo-premium-wordpress\/ -->\n<title>Detox Mixto - Alquimia Regenerativa<\/title>\n<meta name=\"robots\" content=\"index, follow, max-snippet:-1, max-image-preview:large, max-video-preview:-1\" \/>\n<link rel=\"canonical\" href=\"https:\/\/alquimiaregenerativa.com\/en\/tienda\/detox-mixto\/\" \/>\n<meta property=\"og:locale\" content=\"en_US\" \/>\n<meta property=\"og:type\" content=\"article\" \/>\n<meta property=\"og:title\" content=\"Detox Mixto\" \/>\n<meta property=\"og:description\" content=\"Desaf\u00edo Mixto: Individual + Grupal.\u00a0Si buscas lo mejor de ambos mundos, el apoyo del grupo, meditaciones en vivo, ejercicios diarios y adem\u00e1s un plan personalizado a tu medida, este programa es para ti. En conjunto, ambos ser\u00e1n una poderosa herramienta para tu salud y obtener los mejores resultados. Sabemos que cambiar conlleva altos y bajos: aqu\u00ed lo haremos con la informaci\u00f3n correcta, de manera paulatina y amorosa.  Este proceso consiste en un detox en grupo, donde tendr\u00e1s el acompa\u00f1amiento y apoyo de tu coach y equipo, junto con la contenci\u00f3n del resto del grupo de personas que hagan el proceso contigo. A su vez, tendr\u00e1s una sesi\u00f3n individual con Lu del Mar para profundizar sobre tu estado de salud actual y puntos que deseas mejorar, en base a esto se te har\u00e1n recomendaciones espec\u00edficas junto con un plan a medida para poder sostener los cambios luego en tu d\u00eda a d\u00eda.  BENEFICIOS: \u2022 Aprender c\u00f3mo depurar el cuerpo de manera natural y optimizar tu salud y bienestar. \u2022 Aprender qu\u00e9 nivel de Detox (fruta, verduras o jugos) es el m\u00e1s adecuado, \u00a1cada cuerpo es diferente! \u2022 Aprender en esta semana a c\u00f3mo no enfermarse nunca m\u00e1s a trav\u00e9s de la alimentaci\u00f3n. \u2022 Aprender lo que la medicina alop\u00e1tica no te dice sobre la relaci\u00f3n entre los alimentos y la salud vital. \u2022 C\u00f3mo fortalecer la voluntad y la disciplina (aunque nunca hayas podido antes), a trav\u00e9s de la reprogramaci\u00f3n. \u2022 C\u00f3mo planificar y organizarse para tener todo listo en poco tiempo y de manera simplificada (paso a paso). \u2022 Qu\u00e9 es el hambre emocional vs el hambre f\u00edsico. Esto es clave para sostenerte en el proceso. \u2022 Detox Emocional, cu\u00e1ndo empiezan a sanar las emociones atrapadas que salen con las toxinas. \u2022 Cu\u00e1les son los alimentos \u00f3ptimos para la salud y su combinaci\u00f3n correcta para digestiones \u00f3ptimas.  MATERIALES \u2022 Videos, gu\u00edas, pdfs, art\u00edculos, materiales, cientos de recetas y ebooks. \u2022 Gu\u00eda paso a paso con todo lo que se ve en la sesi\u00f3n grupal. \u2022 Gu\u00eda de herbolaria o hierbas (que s\u00ed funcionan). \u2022 Libro de recetas y lista de compras para el supermercado. \u2022 Frases poderosas para sanar (Reprogramaci\u00f3n). \u2022 Meditaci\u00f3n y visualizaci\u00f3n (Audios). \u2022 Desaf\u00edos diarios para hacerlo divertido y comprometernos. \u2022 Entre las que completen los 7 d\u00edas se sortea 1 premio. \u2022 BONOS: cientos de recetas veganas y crudiveganas y 6 ebooks de alimentaci\u00f3n sana y Detoxificaci\u00f3n.  Qu\u00e9 incluye: \u2022 Desaf\u00edo Grupal de 7 a 21 d\u00edas (Sesi\u00f3n de Inicio + Sesi\u00f3n de Cierre) \u2022 Sesi\u00f3n Individual de 2 horas con plan personalizado \u2022 1 Sesi\u00f3n Individual (1 hs) con Recomendaciones de cierre y pasos post Detox (transici\u00f3n o mantenimiento) \u2022 Videos, gu\u00edas, pdfs, art\u00edculos, materiales, cientos de recetas y ebooks \u2022 30 d\u00edas de seguimiento totalmente personalizado y directo  Valor: \u00a0$3,888 mexicanos \/ \u00a0$238 USD d\u00f3lares aprox \/ Argentinos preguntar, gran descuento!\" \/>\n<meta property=\"og:url\" content=\"https:\/\/alquimiaregenerativa.com\/en\/tienda\/detox-mixto\/\" \/>\n<meta property=\"og:site_name\" content=\"Alquimia Regenerativa\" \/>\n<meta property=\"article:modified_time\" content=\"2025-01-29T15:43:11+00:00\" \/>\n<meta property=\"og:image\" content=\"https:\/\/alquimiaregenerativa.com\/wp-content\/uploads\/2024\/06\/Copia-de-cuadrado-detox-web-2.png\" \/>\n\t<meta property=\"og:image:width\" content=\"1024\" \/>\n\t<meta property=\"og:image:height\" content=\"1024\" \/>\n\t<meta property=\"og:image:type\" content=\"image\/png\" \/>\n<meta name=\"twitter:card\" content=\"summary_large_image\" \/>\n<meta name=\"twitter:label1\" content=\"Price\" \/>\n\t<meta name=\"twitter:data1\" content=\"MXN $&nbsp;3,888.00\" \/>\n\t<meta name=\"twitter:label2\" content=\"Availability\" \/>\n\t<meta name=\"twitter:data2\" content=\"In stock\" \/>\n<script type=\"application\/ld+json\" class=\"yoast-schema-graph\">{\"@context\":\"https:\\\/\\\/schema.org\",\"@graph\":[{\"@type\":\"WebPage\",\"@id\":\"https:\\\/\\\/alquimiaregenerativa.com\\\/tienda\\\/detox-mixto\\\/\",\"url\":\"https:\\\/\\\/alquimiaregenerativa.com\\\/tienda\\\/detox-mixto\\\/\",\"name\":\"Detox Mixto - Alquimia Regenerativa\",\"isPartOf\":{\"@id\":\"https:\\\/\\\/alquimiaregenerativa.com\\\/#website\"},\"primaryImageOfPage\":{\"@id\":\"https:\\\/\\\/alquimiaregenerativa.com\\\/tienda\\\/detox-mixto\\\/#primaryimage\"},\"image\":{\"@id\":\"https:\\\/\\\/alquimiaregenerativa.com\\\/tienda\\\/detox-mixto\\\/#primaryimage\"},\"thumbnailUrl\":\"https:\\\/\\\/alquimiaregenerativa.com\\\/wp-content\\\/uploads\\\/2024\\\/06\\\/Copia-de-cuadrado-detox-web-2.png\",\"datePublished\":\"2024-06-13T16:57:44+00:00\",\"dateModified\":\"2025-01-29T15:43:11+00:00\",\"breadcrumb\":{\"@id\":\"https:\\\/\\\/alquimiaregenerativa.com\\\/tienda\\\/detox-mixto\\\/#breadcrumb\"},\"inLanguage\":\"en-US\",\"potentialAction\":[{\"@type\":\"ReadAction\",\"target\":[\"https:\\\/\\\/alquimiaregenerativa.com\\\/tienda\\\/detox-mixto\\\/\"]}]},{\"@type\":\"ImageObject\",\"inLanguage\":\"en-US\",\"@id\":\"https:\\\/\\\/alquimiaregenerativa.com\\\/tienda\\\/detox-mixto\\\/#primaryimage\",\"url\":\"https:\\\/\\\/alquimiaregenerativa.com\\\/wp-content\\\/uploads\\\/2024\\\/06\\\/Copia-de-cuadrado-detox-web-2.png\",\"contentUrl\":\"https:\\\/\\\/alquimiaregenerativa.com\\\/wp-content\\\/uploads\\\/2024\\\/06\\\/Copia-de-cuadrado-detox-web-2.png\",\"width\":1024,\"height\":1024},{\"@type\":\"BreadcrumbList\",\"@id\":\"https:\\\/\\\/alquimiaregenerativa.com\\\/tienda\\\/detox-mixto\\\/#breadcrumb\",\"itemListElement\":[{\"@type\":\"ListItem\",\"position\":1,\"name\":\"Portada\",\"item\":\"https:\\\/\\\/alquimiaregenerativa.com\\\/\"},{\"@type\":\"ListItem\",\"position\":2,\"name\":\"Tienda\",\"item\":\"https:\\\/\\\/alquimiaregenerativa.com\\\/tienda\\\/\"},{\"@type\":\"ListItem\",\"position\":3,\"name\":\"Detox Mixto\"}]},{\"@type\":\"WebSite\",\"@id\":\"https:\\\/\\\/alquimiaregenerativa.com\\\/#website\",\"url\":\"https:\\\/\\\/alquimiaregenerativa.com\\\/\",\"name\":\"Alquimia Regenerativa\",\"description\":\"Comienza tu proceso de tranformaci\u00f3n\",\"potentialAction\":[{\"@type\":\"SearchAction\",\"target\":{\"@type\":\"EntryPoint\",\"urlTemplate\":\"https:\\\/\\\/alquimiaregenerativa.com\\\/?s={search_term_string}\"},\"query-input\":{\"@type\":\"PropertyValueSpecification\",\"valueRequired\":true,\"valueName\":\"search_term_string\"}}],\"inLanguage\":\"en-US\"}]}<\/script>\n<meta property=\"product:price:amount\" content=\"3888.00\" \/>\n<meta property=\"product:price:currency\" content=\"MXN\" \/>\n<meta property=\"og:availability\" content=\"instock\" \/>\n<meta property=\"product:availability\" content=\"instock\" \/>\n<meta property=\"product:condition\" content=\"new\" \/>\n<!-- \/ Yoast SEO Premium plugin. -->","yoast_head_json":{"title":"Mixed Detox - Regenerative Alchemy","robots":{"index":"index","follow":"follow","max-snippet":"max-snippet:-1","max-image-preview":"max-image-preview:large","max-video-preview":"max-video-preview:-1"},"canonical":"https:\/\/alquimiaregenerativa.com\/en\/tienda\/detox-mixto\/","og_locale":"en_US","og_type":"article","og_title":"Detox Mixto","og_description":"Desaf\u00edo Mixto: Individual + Grupal.\u00a0Si buscas lo mejor de ambos mundos, el apoyo del grupo, meditaciones en vivo, ejercicios diarios y adem\u00e1s un plan personalizado a tu medida, este programa es para ti. En conjunto, ambos ser\u00e1n una poderosa herramienta para tu salud y obtener los mejores resultados. Sabemos que cambiar conlleva altos y bajos: aqu\u00ed lo haremos con la informaci\u00f3n correcta, de manera paulatina y amorosa.  Este proceso consiste en un detox en grupo, donde tendr\u00e1s el acompa\u00f1amiento y apoyo de tu coach y equipo, junto con la contenci\u00f3n del resto del grupo de personas que hagan el proceso contigo. A su vez, tendr\u00e1s una sesi\u00f3n individual con Lu del Mar para profundizar sobre tu estado de salud actual y puntos que deseas mejorar, en base a esto se te har\u00e1n recomendaciones espec\u00edficas junto con un plan a medida para poder sostener los cambios luego en tu d\u00eda a d\u00eda.  BENEFICIOS: \u2022 Aprender c\u00f3mo depurar el cuerpo de manera natural y optimizar tu salud y bienestar. \u2022 Aprender qu\u00e9 nivel de Detox (fruta, verduras o jugos) es el m\u00e1s adecuado, \u00a1cada cuerpo es diferente! \u2022 Aprender en esta semana a c\u00f3mo no enfermarse nunca m\u00e1s a trav\u00e9s de la alimentaci\u00f3n. \u2022 Aprender lo que la medicina alop\u00e1tica no te dice sobre la relaci\u00f3n entre los alimentos y la salud vital. \u2022 C\u00f3mo fortalecer la voluntad y la disciplina (aunque nunca hayas podido antes), a trav\u00e9s de la reprogramaci\u00f3n. \u2022 C\u00f3mo planificar y organizarse para tener todo listo en poco tiempo y de manera simplificada (paso a paso). \u2022 Qu\u00e9 es el hambre emocional vs el hambre f\u00edsico. Esto es clave para sostenerte en el proceso. \u2022 Detox Emocional, cu\u00e1ndo empiezan a sanar las emociones atrapadas que salen con las toxinas. \u2022 Cu\u00e1les son los alimentos \u00f3ptimos para la salud y su combinaci\u00f3n correcta para digestiones \u00f3ptimas.  MATERIALES \u2022 Videos, gu\u00edas, pdfs, art\u00edculos, materiales, cientos de recetas y ebooks. \u2022 Gu\u00eda paso a paso con todo lo que se ve en la sesi\u00f3n grupal. \u2022 Gu\u00eda de herbolaria o hierbas (que s\u00ed funcionan). \u2022 Libro de recetas y lista de compras para el supermercado. \u2022 Frases poderosas para sanar (Reprogramaci\u00f3n). \u2022 Meditaci\u00f3n y visualizaci\u00f3n (Audios). \u2022 Desaf\u00edos diarios para hacerlo divertido y comprometernos. \u2022 Entre las que completen los 7 d\u00edas se sortea 1 premio. \u2022 BONOS: cientos de recetas veganas y crudiveganas y 6 ebooks de alimentaci\u00f3n sana y Detoxificaci\u00f3n.  Qu\u00e9 incluye: \u2022 Desaf\u00edo Grupal de 7 a 21 d\u00edas (Sesi\u00f3n de Inicio + Sesi\u00f3n de Cierre) \u2022 Sesi\u00f3n Individual de 2 horas con plan personalizado \u2022 1 Sesi\u00f3n Individual (1 hs) con Recomendaciones de cierre y pasos post Detox (transici\u00f3n o mantenimiento) \u2022 Videos, gu\u00edas, pdfs, art\u00edculos, materiales, cientos de recetas y ebooks \u2022 30 d\u00edas de seguimiento totalmente personalizado y directo  Valor: \u00a0$3,888 mexicanos \/ \u00a0$238 USD d\u00f3lares aprox \/ Argentinos preguntar, gran descuento!","og_url":"https:\/\/alquimiaregenerativa.com\/en\/tienda\/detox-mixto\/","og_site_name":"Alquimia Regenerativa","article_modified_time":"2025-01-29T15:43:11+00:00","og_image":[{"width":1024,"height":1024,"url":"https:\/\/alquimiaregenerativa.com\/wp-content\/uploads\/2024\/06\/Copia-de-cuadrado-detox-web-2.png","type":"image\/png"}],"twitter_card":"summary_large_image","twitter_misc":{"Price":"MXN $&nbsp;3,888.00","Availability":"In stock"},"schema":{"@context":"https:\/\/schema.org","@graph":[{"@type":"WebPage","@id":"https:\/\/alquimiaregenerativa.com\/tienda\/detox-mixto\/","url":"https:\/\/alquimiaregenerativa.com\/tienda\/detox-mixto\/","name":"Mixed Detox - Regenerative Alchemy","isPartOf":{"@id":"https:\/\/alquimiaregenerativa.com\/#website"},"primaryImageOfPage":{"@id":"https:\/\/alquimiaregenerativa.com\/tienda\/detox-mixto\/#primaryimage"},"image":{"@id":"https:\/\/alquimiaregenerativa.com\/tienda\/detox-mixto\/#primaryimage"},"thumbnailUrl":"https:\/\/alquimiaregenerativa.com\/wp-content\/uploads\/2024\/06\/Copia-de-cuadrado-detox-web-2.png","datePublished":"2024-06-13T16:57:44+00:00","dateModified":"2025-01-29T15:43:11+00:00","breadcrumb":{"@id":"https:\/\/alquimiaregenerativa.com\/tienda\/detox-mixto\/#breadcrumb"},"inLanguage":"en-US","potentialAction":[{"@type":"ReadAction","target":["https:\/\/alquimiaregenerativa.com\/tienda\/detox-mixto\/"]}]},{"@type":"ImageObject","inLanguage":"en-US","@id":"https:\/\/alquimiaregenerativa.com\/tienda\/detox-mixto\/#primaryimage","url":"https:\/\/alquimiaregenerativa.com\/wp-content\/uploads\/2024\/06\/Copia-de-cuadrado-detox-web-2.png","contentUrl":"https:\/\/alquimiaregenerativa.com\/wp-content\/uploads\/2024\/06\/Copia-de-cuadrado-detox-web-2.png","width":1024,"height":1024},{"@type":"BreadcrumbList","@id":"https:\/\/alquimiaregenerativa.com\/tienda\/detox-mixto\/#breadcrumb","itemListElement":[{"@type":"ListItem","position":1,"name":"Portada","item":"https:\/\/alquimiaregenerativa.com\/"},{"@type":"ListItem","position":2,"name":"Tienda","item":"https:\/\/alquimiaregenerativa.com\/tienda\/"},{"@type":"ListItem","position":3,"name":"Detox Mixto"}]},{"@type":"WebSite","@id":"https:\/\/alquimiaregenerativa.com\/#website","url":"https:\/\/alquimiaregenerativa.com\/","name":"Regenerative Alchemy","description":"Start your transformation process","potentialAction":[{"@type":"SearchAction","target":{"@type":"EntryPoint","urlTemplate":"https:\/\/alquimiaregenerativa.com\/?s={search_term_string}"},"query-input":{"@type":"PropertyValueSpecification","valueRequired":true,"valueName":"search_term_string"}}],"inLanguage":"en-US"}]},"product_price_amount":"3888.00","product_price_currency":"MXN","og_availability":"instock","product_availability":"instock","product_condition":"new"},"jetpack_sharing_enabled":true,"_links":{"self":[{"href":"https:\/\/alquimiaregenerativa.com\/en\/wp-json\/wp\/v2\/product\/84","targetHints":{"allow":["GET"]}}],"collection":[{"href":"https:\/\/alquimiaregenerativa.com\/en\/wp-json\/wp\/v2\/product"}],"about":[{"href":"https:\/\/alquimiaregenerativa.com\/en\/wp-json\/wp\/v2\/types\/product"}],"replies":[{"embeddable":true,"href":"https:\/\/alquimiaregenerativa.com\/en\/wp-json\/wp\/v2\/comments?post=84"}],"wp:featuredmedia":[{"embeddable":true,"href":"https:\/\/alquimiaregenerativa.com\/en\/wp-json\/wp\/v2\/media\/2475"}],"wp:attachment":[{"href":"https:\/\/alquimiaregenerativa.com\/en\/wp-json\/wp\/v2\/media?parent=84"}],"wp:term":[{"taxonomy":"product_brand","embeddable":true,"href":"https:\/\/alquimiaregenerativa.com\/en\/wp-json\/wp\/v2\/product_brand?post=84"},{"taxonomy":"product_cat","embeddable":true,"href":"https:\/\/alquimiaregenerativa.com\/en\/wp-json\/wp\/v2\/product_cat?post=84"},{"taxonomy":"product_tag","embeddable":true,"href":"https:\/\/alquimiaregenerativa.com\/en\/wp-json\/wp\/v2\/product_tag?post=84"}],"curies":[{"name":"wp","href":"https:\/\/api.w.org\/{rel}","templated":true}]}}