{"id":8440,"date":"2026-01-02T16:34:24","date_gmt":"2026-01-02T15:34:24","guid":{"rendered":"https:\/\/alquimiaregenerativa.com\/?post_type=product&#038;p=8440"},"modified":"2026-04-11T03:36:05","modified_gmt":"2026-04-11T01:36:05","slug":"detox-individual-21-dias-autosanacion","status":"publish","type":"product","link":"https:\/\/alquimiaregenerativa.com\/en\/tienda\/detox-individual-21-dias-autosanacion\/","title":{"rendered":"21-Day Individual Detox Self-Healing"},"content":{"rendered":"<p><strong>Personalized and individual 21-day detox<\/strong><\/p>\n<p>For 21 days, we&#039;ll guide you through a self-healing, cleansing, and physical purification process to restore your body&#039;s ability to heal itself naturally.<\/p>\n<p>You will experience cellular regeneration, rejuvenation, and empowerment through raw food, herbal medicine, meditation\u2014which includes energy healing and reprogramming of limiting beliefs\u2014workshops, and dance therapy.<\/p>\n<p><strong>What will you experience these 21 days?<\/strong><br \/>\n\ud83e\uddfc Deep cleaning<br \/>\nDeworming, liver, lymph and organ cleansing<br \/>\n\ud83c\udf43 Delicious, live cellular nutrition<br \/>\n\ud83c\udf00 Balance of mind and emotions<br \/>\nMeditations, journaling, dance and motivation<br \/>\n\u2728Energy healing<\/p>\n<p>It&#039;s time to come back to yourself and heal from the inside out.<\/p>\n<p><span style=\"font-weight: 400;\">\ud83d\udccd <\/span><b>ONLINE MODALITY: <\/b><span style=\"font-weight: 400;\">Pre-recorded on our platform with access to the platform for 6 months<\/span><\/p>\n<p><span style=\"font-weight: 400;\">\ud83d\udcb0 INVESTMENT<\/span><\/p>\n<p><span style=\"font-weight: 400;\"><strong>Option 1: Detox with Guide and 1-hour Individual Session:<\/strong> 3,999 mxn \/223 usd \/ 335 thousand ars.<\/span><\/p>\n<p><span style=\"font-weight: 400;\"><strong>Option 2: Detox with Guide and without Session:<\/strong> 2,999 mxn \/ 167 usd \/ 251 thousand ars.<\/span><\/p>\n<p><span style=\"font-weight: 400;\"><strong>Option 3: Detox without a Guide and without a Session:<\/strong> 2,222 mxn \/123 usd \/ 186 thousand ars.<\/span><\/p>\n<p><b>For Mexico only: <\/b><span style=\"font-weight: 400;\">If you want to purchase your Herbal Kit \ud83c\udf3fat a preferential price, click this link and add it to your cart. <\/span><a href=\"https:\/\/alquimiaregenerativa.com\/en\/tienda\/kit-7-dias\/\"><span style=\"font-weight: 400;\">https:\/\/alquimiaregenerativa.com\/tienda\/kit-7-dias\/<\/span><\/a><\/p>\n<p><span style=\"font-weight: 400;\">Take charge of your health! Are you up for it? I&#039;ll leave the details in the first comment.<\/span><\/p>\n<p><span style=\"font-weight: 400;\">Blessings\u00a0<\/span><\/p>\n<p><span style=\"font-weight: 400;\">Lu Del Mar &amp; Regenerative Alchemy.<\/span><\/p>\n<p><span style=\"font-weight: 400;\">\ud83d\udcf2 More info: WA +52 5516207310\u00a0<\/span><\/p>","protected":false},"excerpt":{"rendered":"<p>Detox 21 d\u00edas personalizado e individual Durante 21 d\u00edas, te guiaremos en un proceso de Autosanaci\u00f3n, de limpieza y depuraci\u00f3n [&hellip;]<\/p>\n","protected":false},"featured_media":8283,"comment_status":"open","ping_status":"closed","template":"","meta":{"site-sidebar-layout":"default","site-content-layout":"","ast-site-content-layout":"default","site-content-style":"default","site-sidebar-style":"default","ast-global-header-display":"","ast-banner-title-visibility":"","ast-main-header-display":"","ast-hfb-above-header-display":"","ast-hfb-below-header-display":"","ast-hfb-mobile-header-display":"","site-post-title":"","ast-breadcrumbs-content":"","ast-featured-img":"","footer-sml-layout":"","ast-disable-related-posts":"","theme-transparent-header-meta":"default","adv-header-id-meta":"","stick-header-meta":"","header-above-stick-meta":"","header-main-stick-meta":"","header-below-stick-meta":"","astra-migrate-meta-layouts":"set","ast-page-background-enabled":"default","ast-page-background-meta":{"desktop":{"background-color":"var(--ast-global-color-4)","background-image":"","background-repeat":"repeat","background-position":"center center","background-size":"auto","background-attachment":"scroll","background-type":"","background-media":"","overlay-type":"","overlay-color":"","overlay-opacity":"","overlay-gradient":""},"tablet":{"background-color":"","background-image":"","background-repeat":"repeat","background-position":"center center","background-size":"auto","background-attachment":"scroll","background-type":"","background-media":"","overlay-type":"","overlay-color":"","overlay-opacity":"","overlay-gradient":""},"mobile":{"background-color":"","background-image":"","background-repeat":"repeat","background-position":"center center","background-size":"auto","background-attachment":"scroll","background-type":"","background-media":"","overlay-type":"","overlay-color":"","overlay-opacity":"","overlay-gradient":""}},"ast-content-background-meta":{"desktop":{"background-color":"var(--ast-global-color-5)","background-image":"","background-repeat":"repeat","background-position":"center center","background-size":"auto","background-attachment":"scroll","background-type":"","background-media":"","overlay-type":"","overlay-color":"","overlay-opacity":"","overlay-gradient":""},"tablet":{"background-color":"var(--ast-global-color-5)","background-image":"","background-repeat":"repeat","background-position":"center center","background-size":"auto","background-attachment":"scroll","background-type":"","background-media":"","overlay-type":"","overlay-color":"","overlay-opacity":"","overlay-gradient":""},"mobile":{"background-color":"var(--ast-global-color-5)","background-image":"","background-repeat":"repeat","background-position":"center center","background-size":"auto","background-attachment":"scroll","background-type":"","background-media":"","overlay-type":"","overlay-color":"","overlay-opacity":"","overlay-gradient":""}},"_joinchat":[]},"product_brand":[],"product_cat":[15],"product_tag":[],"class_list":{"0":"post-8440","1":"product","2":"type-product","3":"status-publish","4":"has-post-thumbnail","6":"product_cat-todo","7":"desktop-align-center","8":"tablet-align-center","9":"mobile-align-center","11":"first","12":"instock","13":"sold-individually","14":"taxable","15":"shipping-taxable","16":"purchasable","17":"product-type-variable"},"yoast_head":"<!-- This site is optimized with the Yoast SEO Premium plugin v23.4 (Yoast SEO v27.4) - https:\/\/yoast.com\/product\/yoast-seo-premium-wordpress\/ -->\n<title>Detox Individual 21 D\u00edas Autosanaci\u00f3n - Alquimia Regenerativa<\/title>\n<meta name=\"robots\" content=\"index, follow, max-snippet:-1, max-image-preview:large, max-video-preview:-1\" \/>\n<link rel=\"canonical\" href=\"https:\/\/alquimiaregenerativa.com\/en\/tienda\/detox-individual-21-dias-autosanacion\/\" \/>\n<meta property=\"og:locale\" content=\"en_US\" \/>\n<meta property=\"og:type\" content=\"article\" \/>\n<meta property=\"og:title\" content=\"Detox Individual 21 D\u00edas Autosanaci\u00f3n\" \/>\n<meta property=\"og:description\" content=\"Detox 21 d\u00edas personalizado e individual Durante 21 d\u00edas, te guiaremos en un proceso de Autosanaci\u00f3n, de limpieza y depuraci\u00f3n [&hellip;]\" \/>\n<meta property=\"og:url\" content=\"https:\/\/alquimiaregenerativa.com\/en\/tienda\/detox-individual-21-dias-autosanacion\/\" \/>\n<meta property=\"og:site_name\" content=\"Alquimia Regenerativa\" \/>\n<meta property=\"article:modified_time\" content=\"2026-04-11T01:36:05+00:00\" \/>\n<meta property=\"og:image\" content=\"https:\/\/alquimiaregenerativa.com\/wp-content\/uploads\/2025\/08\/Diseno-sin-titulo-5.png\" \/>\n\t<meta property=\"og:image:width\" content=\"1024\" \/>\n\t<meta property=\"og:image:height\" content=\"1024\" \/>\n\t<meta property=\"og:image:type\" content=\"image\/png\" \/>\n<meta name=\"twitter:card\" content=\"summary_large_image\" \/>\n<meta name=\"twitter:label1\" content=\"Availability\" \/>\n\t<meta name=\"twitter:data1\" content=\"In stock\" \/>\n<script type=\"application\/ld+json\" class=\"yoast-schema-graph\">{\"@context\":\"https:\\\/\\\/schema.org\",\"@graph\":[{\"@type\":\"WebPage\",\"@id\":\"https:\\\/\\\/alquimiaregenerativa.com\\\/tienda\\\/detox-individual-21-dias-autosanacion\\\/\",\"url\":\"https:\\\/\\\/alquimiaregenerativa.com\\\/tienda\\\/detox-individual-21-dias-autosanacion\\\/\",\"name\":\"Detox Individual 21 D\u00edas Autosanaci\u00f3n - Alquimia Regenerativa\",\"isPartOf\":{\"@id\":\"https:\\\/\\\/alquimiaregenerativa.com\\\/#website\"},\"primaryImageOfPage\":{\"@id\":\"https:\\\/\\\/alquimiaregenerativa.com\\\/tienda\\\/detox-individual-21-dias-autosanacion\\\/#primaryimage\"},\"image\":{\"@id\":\"https:\\\/\\\/alquimiaregenerativa.com\\\/tienda\\\/detox-individual-21-dias-autosanacion\\\/#primaryimage\"},\"thumbnailUrl\":\"https:\\\/\\\/alquimiaregenerativa.com\\\/wp-content\\\/uploads\\\/2025\\\/12\\\/Detox-Individual-Autogestivo-21-dias-AUTOSANACION.png\",\"datePublished\":\"2026-01-02T15:34:24+00:00\",\"dateModified\":\"2026-04-11T01:36:05+00:00\",\"breadcrumb\":{\"@id\":\"https:\\\/\\\/alquimiaregenerativa.com\\\/tienda\\\/detox-individual-21-dias-autosanacion\\\/#breadcrumb\"},\"inLanguage\":\"en-US\",\"potentialAction\":[{\"@type\":\"ReadAction\",\"target\":[\"https:\\\/\\\/alquimiaregenerativa.com\\\/tienda\\\/detox-individual-21-dias-autosanacion\\\/\"]}]},{\"@type\":\"ImageObject\",\"inLanguage\":\"en-US\",\"@id\":\"https:\\\/\\\/alquimiaregenerativa.com\\\/tienda\\\/detox-individual-21-dias-autosanacion\\\/#primaryimage\",\"url\":\"https:\\\/\\\/alquimiaregenerativa.com\\\/wp-content\\\/uploads\\\/2025\\\/12\\\/Detox-Individual-Autogestivo-21-dias-AUTOSANACION.png\",\"contentUrl\":\"https:\\\/\\\/alquimiaregenerativa.com\\\/wp-content\\\/uploads\\\/2025\\\/12\\\/Detox-Individual-Autogestivo-21-dias-AUTOSANACION.png\",\"width\":1024,\"height\":1024},{\"@type\":\"BreadcrumbList\",\"@id\":\"https:\\\/\\\/alquimiaregenerativa.com\\\/tienda\\\/detox-individual-21-dias-autosanacion\\\/#breadcrumb\",\"itemListElement\":[{\"@type\":\"ListItem\",\"position\":1,\"name\":\"Portada\",\"item\":\"https:\\\/\\\/alquimiaregenerativa.com\\\/\"},{\"@type\":\"ListItem\",\"position\":2,\"name\":\"Tienda\",\"item\":\"https:\\\/\\\/alquimiaregenerativa.com\\\/tienda\\\/\"},{\"@type\":\"ListItem\",\"position\":3,\"name\":\"Detox Individual 21 D\u00edas Autosanaci\u00f3n\"}]},{\"@type\":\"WebSite\",\"@id\":\"https:\\\/\\\/alquimiaregenerativa.com\\\/#website\",\"url\":\"https:\\\/\\\/alquimiaregenerativa.com\\\/\",\"name\":\"Alquimia Regenerativa\",\"description\":\"Comienza tu proceso de tranformaci\u00f3n\",\"potentialAction\":[{\"@type\":\"SearchAction\",\"target\":{\"@type\":\"EntryPoint\",\"urlTemplate\":\"https:\\\/\\\/alquimiaregenerativa.com\\\/?s={search_term_string}\"},\"query-input\":{\"@type\":\"PropertyValueSpecification\",\"valueRequired\":true,\"valueName\":\"search_term_string\"}}],\"inLanguage\":\"en-US\"}]}<\/script>\n<meta property=\"og:availability\" content=\"instock\" \/>\n<meta property=\"product:availability\" content=\"instock\" \/>\n<meta property=\"product:condition\" content=\"new\" \/>\n<!-- \/ Yoast SEO Premium plugin. -->","yoast_head_json":{"title":"Detox Individual 21 D\u00edas Autosanaci\u00f3n - Alquimia Regenerativa","robots":{"index":"index","follow":"follow","max-snippet":"max-snippet:-1","max-image-preview":"max-image-preview:large","max-video-preview":"max-video-preview:-1"},"canonical":"https:\/\/alquimiaregenerativa.com\/en\/tienda\/detox-individual-21-dias-autosanacion\/","og_locale":"en_US","og_type":"article","og_title":"Detox Individual 21 D\u00edas Autosanaci\u00f3n","og_description":"Detox 21 d\u00edas personalizado e individual Durante 21 d\u00edas, te guiaremos en un proceso de Autosanaci\u00f3n, de limpieza y depuraci\u00f3n [&hellip;]","og_url":"https:\/\/alquimiaregenerativa.com\/en\/tienda\/detox-individual-21-dias-autosanacion\/","og_site_name":"Alquimia Regenerativa","article_modified_time":"2026-04-11T01:36:05+00:00","og_image":[{"width":1024,"height":1024,"url":"https:\/\/alquimiaregenerativa.com\/wp-content\/uploads\/2025\/08\/Diseno-sin-titulo-5.png","type":"image\/png"}],"twitter_card":"summary_large_image","twitter_misc":{"Availability":"In stock"},"schema":{"@context":"https:\/\/schema.org","@graph":[{"@type":"WebPage","@id":"https:\/\/alquimiaregenerativa.com\/tienda\/detox-individual-21-dias-autosanacion\/","url":"https:\/\/alquimiaregenerativa.com\/tienda\/detox-individual-21-dias-autosanacion\/","name":"Detox Individual 21 D\u00edas Autosanaci\u00f3n - Alquimia Regenerativa","isPartOf":{"@id":"https:\/\/alquimiaregenerativa.com\/#website"},"primaryImageOfPage":{"@id":"https:\/\/alquimiaregenerativa.com\/tienda\/detox-individual-21-dias-autosanacion\/#primaryimage"},"image":{"@id":"https:\/\/alquimiaregenerativa.com\/tienda\/detox-individual-21-dias-autosanacion\/#primaryimage"},"thumbnailUrl":"https:\/\/alquimiaregenerativa.com\/wp-content\/uploads\/2025\/12\/Detox-Individual-Autogestivo-21-dias-AUTOSANACION.png","datePublished":"2026-01-02T15:34:24+00:00","dateModified":"2026-04-11T01:36:05+00:00","breadcrumb":{"@id":"https:\/\/alquimiaregenerativa.com\/tienda\/detox-individual-21-dias-autosanacion\/#breadcrumb"},"inLanguage":"en-US","potentialAction":[{"@type":"ReadAction","target":["https:\/\/alquimiaregenerativa.com\/tienda\/detox-individual-21-dias-autosanacion\/"]}]},{"@type":"ImageObject","inLanguage":"en-US","@id":"https:\/\/alquimiaregenerativa.com\/tienda\/detox-individual-21-dias-autosanacion\/#primaryimage","url":"https:\/\/alquimiaregenerativa.com\/wp-content\/uploads\/2025\/12\/Detox-Individual-Autogestivo-21-dias-AUTOSANACION.png","contentUrl":"https:\/\/alquimiaregenerativa.com\/wp-content\/uploads\/2025\/12\/Detox-Individual-Autogestivo-21-dias-AUTOSANACION.png","width":1024,"height":1024},{"@type":"BreadcrumbList","@id":"https:\/\/alquimiaregenerativa.com\/tienda\/detox-individual-21-dias-autosanacion\/#breadcrumb","itemListElement":[{"@type":"ListItem","position":1,"name":"Portada","item":"https:\/\/alquimiaregenerativa.com\/"},{"@type":"ListItem","position":2,"name":"Tienda","item":"https:\/\/alquimiaregenerativa.com\/tienda\/"},{"@type":"ListItem","position":3,"name":"Detox Individual 21 D\u00edas Autosanaci\u00f3n"}]},{"@type":"WebSite","@id":"https:\/\/alquimiaregenerativa.com\/#website","url":"https:\/\/alquimiaregenerativa.com\/","name":"Regenerative Alchemy","description":"Start your transformation process","potentialAction":[{"@type":"SearchAction","target":{"@type":"EntryPoint","urlTemplate":"https:\/\/alquimiaregenerativa.com\/?s={search_term_string}"},"query-input":{"@type":"PropertyValueSpecification","valueRequired":true,"valueName":"search_term_string"}}],"inLanguage":"en-US"}]},"og_availability":"instock","product_availability":"instock","product_condition":"new"},"jetpack_sharing_enabled":true,"_links":{"self":[{"href":"https:\/\/alquimiaregenerativa.com\/en\/wp-json\/wp\/v2\/product\/8440","targetHints":{"allow":["GET"]}}],"collection":[{"href":"https:\/\/alquimiaregenerativa.com\/en\/wp-json\/wp\/v2\/product"}],"about":[{"href":"https:\/\/alquimiaregenerativa.com\/en\/wp-json\/wp\/v2\/types\/product"}],"replies":[{"embeddable":true,"href":"https:\/\/alquimiaregenerativa.com\/en\/wp-json\/wp\/v2\/comments?post=8440"}],"wp:featuredmedia":[{"embeddable":true,"href":"https:\/\/alquimiaregenerativa.com\/en\/wp-json\/wp\/v2\/media\/8283"}],"wp:attachment":[{"href":"https:\/\/alquimiaregenerativa.com\/en\/wp-json\/wp\/v2\/media?parent=8440"}],"wp:term":[{"taxonomy":"product_brand","embeddable":true,"href":"https:\/\/alquimiaregenerativa.com\/en\/wp-json\/wp\/v2\/product_brand?post=8440"},{"taxonomy":"product_cat","embeddable":true,"href":"https:\/\/alquimiaregenerativa.com\/en\/wp-json\/wp\/v2\/product_cat?post=8440"},{"taxonomy":"product_tag","embeddable":true,"href":"https:\/\/alquimiaregenerativa.com\/en\/wp-json\/wp\/v2\/product_tag?post=8440"}],"curies":[{"name":"wp","href":"https:\/\/api.w.org\/{rel}","templated":true}]}}