{"id":85,"date":"2024-06-13T18:57:44","date_gmt":"2024-06-13T16:57:44","guid":{"rendered":"https:\/\/alquimiaregenerativa.com\/?post_type=product&#038;p=85"},"modified":"2026-01-02T15:54:46","modified_gmt":"2026-01-02T14:54:46","slug":"alimentacion-consciente","status":"publish","type":"product","link":"https:\/\/alquimiaregenerativa.com\/en\/tienda\/alimentacion-consciente\/","title":{"rendered":"Conscious Eating"},"content":{"rendered":"","protected":false},"excerpt":{"rendered":"<p><em><strong>30-day individual program.<\/strong><\/em>\u00a0Aimed at those seeking support to develop healthy and sustainable habits. We will provide you with practical tools to gradually heal through conscious eating, without going to extremes.<\/p>\n<p>If you are looking to improve your eating habits, but you tend to have setbacks or cannot sustain a restrictive diet, if you have already cleansed and are looking to regenerate, rebuild muscles, strengthen your overall physical condition, or if you are looking to heal your relationship with food and stop self-sabotaging, you have come to the right program.<\/p>\n<p>This is a 30-day support plan that includes an individual session of approximately 2-2.5 hours with Lu del Mar, where through a questionnaire we comprehensively review how your organs, glands and symptoms are, not only from a physical aspect but also from an emotional and mental one. Based on this, a customized plan is made. We also do weekly check-ups to monitor your progress.<\/p>\n<p><strong>MATERIALS<br \/>\n<\/strong>\u2022 Step-by-step guide with everything you see in the session.<br \/>\n\u2022 Guide to herbal medicine or herbs (that really work).<br \/>\n\u2022 Recipe book and shopping list for the supermarket.<br \/>\n\u2022 Powerful phrases to heal (Reprogramming).<br \/>\n\u2022 Meditation and visualization (Audios).<br \/>\n\u2022 Healthy mucusless recipes, raw and cooked, books on conscious eating and hygiene.<\/p>\n<p><strong>What&#039;s included:<br \/>\n<\/strong>\u2022 30 days of support \u2022 1 individual session \u2022 1 individual session (1 hour) with closing recommendations and post-detox steps (transition or maintenance) \u2022 Weekly check-in \u2022 Final recommendations to make your changes permanent \u2022 Materials folder in Drive with information and workshops \u2022 Course on the physical, mental and emotional aspects for an optimal state of health \u2022 Conscious eating plan adapted to your needs<\/p>\n<p><span style=\"font-weight: 400; font-size: 14px; line-height: 1.5714em;\"><strong>Worth:<\/strong> <span data-offset-key=\"f36pn-0-0\">$4,555<\/span><span data-offset-key=\"f36pn-0-0\"> Mexicans \/ $254 USD Approx (according to exchange rate)<\/span><span data-offset-key=\"f36pn-0-0\">\/ Argentines ask! Whatsapp: +52 55 1620 7310 Or Direct link:\u00a0<a href=\"https:\/\/tinyurl.com\/Contacto-AlquimiaRegenerativa\">https:\/\/tinyurl.com\/Contacto-AlquimiaRegenerativa<\/a><\/span><\/span><\/p>","protected":false},"featured_media":2476,"comment_status":"open","ping_status":"closed","template":"","meta":{"site-sidebar-layout":"default","site-content-layout":"","ast-site-content-layout":"default","site-content-style":"default","site-sidebar-style":"default","ast-global-header-display":"","ast-banner-title-visibility":"","ast-main-header-display":"","ast-hfb-above-header-display":"","ast-hfb-below-header-display":"","ast-hfb-mobile-header-display":"","site-post-title":"","ast-breadcrumbs-content":"","ast-featured-img":"","footer-sml-layout":"","ast-disable-related-posts":"","theme-transparent-header-meta":"default","adv-header-id-meta":"","stick-header-meta":"","header-above-stick-meta":"","header-main-stick-meta":"","header-below-stick-meta":"","astra-migrate-meta-layouts":"set","ast-page-background-enabled":"default","ast-page-background-meta":{"desktop":{"background-color":"var(--ast-global-color-4)","background-image":"","background-repeat":"repeat","background-position":"center center","background-size":"auto","background-attachment":"scroll","background-type":"","background-media":"","overlay-type":"","overlay-color":"","overlay-opacity":"","overlay-gradient":""},"tablet":{"background-color":"","background-image":"","background-repeat":"repeat","background-position":"center center","background-size":"auto","background-attachment":"scroll","background-type":"","background-media":"","overlay-type":"","overlay-color":"","overlay-opacity":"","overlay-gradient":""},"mobile":{"background-color":"","background-image":"","background-repeat":"repeat","background-position":"center center","background-size":"auto","background-attachment":"scroll","background-type":"","background-media":"","overlay-type":"","overlay-color":"","overlay-opacity":"","overlay-gradient":""}},"ast-content-background-meta":{"desktop":{"background-color":"var(--ast-global-color-5)","background-image":"","background-repeat":"repeat","background-position":"center center","background-size":"auto","background-attachment":"scroll","background-type":"","background-media":"","overlay-type":"","overlay-color":"","overlay-opacity":"","overlay-gradient":""},"tablet":{"background-color":"var(--ast-global-color-5)","background-image":"","background-repeat":"repeat","background-position":"center center","background-size":"auto","background-attachment":"scroll","background-type":"","background-media":"","overlay-type":"","overlay-color":"","overlay-opacity":"","overlay-gradient":""},"mobile":{"background-color":"var(--ast-global-color-5)","background-image":"","background-repeat":"repeat","background-position":"center center","background-size":"auto","background-attachment":"scroll","background-type":"","background-media":"","overlay-type":"","overlay-color":"","overlay-opacity":"","overlay-gradient":""}},"_joinchat":[]},"product_brand":[],"product_cat":[24],"product_tag":[],"class_list":{"0":"post-85","1":"product","2":"type-product","3":"status-publish","4":"has-post-thumbnail","6":"product_cat-programas","7":"desktop-align-center","8":"tablet-align-center","9":"mobile-align-center","11":"first","12":"instock","13":"virtual","14":"sold-individually","15":"taxable","16":"purchasable","17":"product-type-simple"},"yoast_head":"<!-- This site is optimized with the Yoast SEO Premium plugin v23.4 (Yoast SEO v27.4) - https:\/\/yoast.com\/product\/yoast-seo-premium-wordpress\/ -->\n<title>Alimentaci\u00f3n Consciente - Alquimia Regenerativa<\/title>\n<meta name=\"robots\" content=\"index, follow, max-snippet:-1, max-image-preview:large, max-video-preview:-1\" \/>\n<link rel=\"canonical\" href=\"https:\/\/alquimiaregenerativa.com\/en\/tienda\/alimentacion-consciente\/\" \/>\n<meta property=\"og:locale\" content=\"en_US\" \/>\n<meta property=\"og:type\" content=\"article\" \/>\n<meta property=\"og:title\" content=\"Alimentaci\u00f3n Consciente\" \/>\n<meta property=\"og:description\" content=\"Programa individual de 30 d\u00edas.\u00a0Orientado a quienes buscan un acompa\u00f1amiento para desarrollar h\u00e1bitos saludables y sostenibles. Te brindaremos herramientas pr\u00e1cticas para ir sanando de manera paulatina, por medio de una alimentaci\u00f3n consciente, sin irnos a los extremos.  Si est\u00e1s buscando mejorar tu forma de alimentarte, pero sueles tener retrocesos o no puedes sostener una dieta restrictiva, si ya has depurado y est\u00e1s buscando regenerar, reconstruir m\u00fasculos, fortalecer tu estado f\u00edsico en general, o si est\u00e1s buscando sanar la relaci\u00f3n con los alimentos y dejar de auto-sabotearte, has llegado al programa indicado.  Este es un plan de acompa\u00f1amiento de 30 d\u00edas que incluye una sesi\u00f3n individual de 2-2.5 horas aproximadamente con Lu del Mar, donde a trav\u00e9s de un cuestionario revisamos de manera integral c\u00f3mo est\u00e1n tus \u00f3rganos, gl\u00e1ndulas y s\u00edntomas no s\u00f3lo desde el aspecto f\u00edsico sino tambi\u00e9n el emocional y mental. En base a esto se hace un plan a medida. De manera semanal tambi\u00e9n hacemos revisiones para acompa\u00f1ar tu progreso.  MATERIALES \u2022 Gu\u00eda paso a paso con todo lo que se ve en la sesi\u00f3n . \u2022 Gu\u00eda de herbolaria o hierbas (que s\u00ed funcionan). \u2022 Libro de recetas y lista de compras para el supermercado. \u2022 Frases poderosas para sanar (Reprogramaci\u00f3n). \u2022 Meditaci\u00f3n y visualizaci\u00f3n (Audios). \u2022 Recetas saludables amucosas, crudas y cocidas, libros de alimentaci\u00f3n consciente e higienismo.  Qu\u00e9 incluye: \u2022 30 d\u00edas de acompa\u00f1amiento\u00a0\u2022 1 Sesi\u00f3n individual \u2022 1 Sesi\u00f3n Individual (1 hs) con Recomendaciones de cierre y pasos post Detox (transici\u00f3n o mantenimiento) \u2022 Check in semanales \u2022 Recomendaciones finales para hacer permanentes tus cambios \u2022 Carpeta de Materiales en Drive con informaci\u00f3n y talleres \u2022 Curso sobre los aspectos f\u00edsico, mental y emocional para un estado \u00f3ptimo de salud \u2022 Plan de alimentaci\u00f3n consciente adaptado a tus necesidades  Valor: $4,555 mexicanos \/ $254 USD Aprox (seg\u00fan cambio)\/ Argentinos preguntar! Whatsapp: +52 55 1620 7310 O Link directo:\u00a0https:\/\/tinyurl.com\/Contacto-AlquimiaRegenerativa\" \/>\n<meta property=\"og:url\" content=\"https:\/\/alquimiaregenerativa.com\/en\/tienda\/alimentacion-consciente\/\" \/>\n<meta property=\"og:site_name\" content=\"Alquimia Regenerativa\" \/>\n<meta property=\"article:modified_time\" content=\"2026-01-02T14:54:46+00:00\" \/>\n<meta property=\"og:image\" content=\"https:\/\/alquimiaregenerativa.com\/wp-content\/uploads\/2024\/06\/Copia-de-cuadrado-detox-web-3.png\" \/>\n\t<meta property=\"og:image:width\" content=\"1024\" \/>\n\t<meta property=\"og:image:height\" content=\"1024\" \/>\n\t<meta property=\"og:image:type\" content=\"image\/png\" \/>\n<meta name=\"twitter:card\" content=\"summary_large_image\" \/>\n<meta name=\"twitter:label1\" content=\"Price\" \/>\n\t<meta name=\"twitter:data1\" content=\"MXN $&nbsp;4,555.00\" \/>\n\t<meta name=\"twitter:label2\" content=\"Availability\" \/>\n\t<meta name=\"twitter:data2\" content=\"In stock\" \/>\n<script type=\"application\/ld+json\" class=\"yoast-schema-graph\">{\"@context\":\"https:\\\/\\\/schema.org\",\"@graph\":[{\"@type\":\"WebPage\",\"@id\":\"https:\\\/\\\/alquimiaregenerativa.com\\\/tienda\\\/alimentacion-consciente\\\/\",\"url\":\"https:\\\/\\\/alquimiaregenerativa.com\\\/tienda\\\/alimentacion-consciente\\\/\",\"name\":\"Alimentaci\u00f3n Consciente - Alquimia Regenerativa\",\"isPartOf\":{\"@id\":\"https:\\\/\\\/alquimiaregenerativa.com\\\/#website\"},\"primaryImageOfPage\":{\"@id\":\"https:\\\/\\\/alquimiaregenerativa.com\\\/tienda\\\/alimentacion-consciente\\\/#primaryimage\"},\"image\":{\"@id\":\"https:\\\/\\\/alquimiaregenerativa.com\\\/tienda\\\/alimentacion-consciente\\\/#primaryimage\"},\"thumbnailUrl\":\"https:\\\/\\\/alquimiaregenerativa.com\\\/wp-content\\\/uploads\\\/2024\\\/06\\\/Copia-de-cuadrado-detox-web-3.png\",\"datePublished\":\"2024-06-13T16:57:44+00:00\",\"dateModified\":\"2026-01-02T14:54:46+00:00\",\"breadcrumb\":{\"@id\":\"https:\\\/\\\/alquimiaregenerativa.com\\\/tienda\\\/alimentacion-consciente\\\/#breadcrumb\"},\"inLanguage\":\"en-US\",\"potentialAction\":[{\"@type\":\"ReadAction\",\"target\":[\"https:\\\/\\\/alquimiaregenerativa.com\\\/tienda\\\/alimentacion-consciente\\\/\"]}]},{\"@type\":\"ImageObject\",\"inLanguage\":\"en-US\",\"@id\":\"https:\\\/\\\/alquimiaregenerativa.com\\\/tienda\\\/alimentacion-consciente\\\/#primaryimage\",\"url\":\"https:\\\/\\\/alquimiaregenerativa.com\\\/wp-content\\\/uploads\\\/2024\\\/06\\\/Copia-de-cuadrado-detox-web-3.png\",\"contentUrl\":\"https:\\\/\\\/alquimiaregenerativa.com\\\/wp-content\\\/uploads\\\/2024\\\/06\\\/Copia-de-cuadrado-detox-web-3.png\",\"width\":1024,\"height\":1024},{\"@type\":\"BreadcrumbList\",\"@id\":\"https:\\\/\\\/alquimiaregenerativa.com\\\/tienda\\\/alimentacion-consciente\\\/#breadcrumb\",\"itemListElement\":[{\"@type\":\"ListItem\",\"position\":1,\"name\":\"Portada\",\"item\":\"https:\\\/\\\/alquimiaregenerativa.com\\\/\"},{\"@type\":\"ListItem\",\"position\":2,\"name\":\"Tienda\",\"item\":\"https:\\\/\\\/alquimiaregenerativa.com\\\/tienda\\\/\"},{\"@type\":\"ListItem\",\"position\":3,\"name\":\"Alimentaci\u00f3n Consciente\"}]},{\"@type\":\"WebSite\",\"@id\":\"https:\\\/\\\/alquimiaregenerativa.com\\\/#website\",\"url\":\"https:\\\/\\\/alquimiaregenerativa.com\\\/\",\"name\":\"Alquimia Regenerativa\",\"description\":\"Comienza tu proceso de tranformaci\u00f3n\",\"potentialAction\":[{\"@type\":\"SearchAction\",\"target\":{\"@type\":\"EntryPoint\",\"urlTemplate\":\"https:\\\/\\\/alquimiaregenerativa.com\\\/?s={search_term_string}\"},\"query-input\":{\"@type\":\"PropertyValueSpecification\",\"valueRequired\":true,\"valueName\":\"search_term_string\"}}],\"inLanguage\":\"en-US\"}]}<\/script>\n<meta property=\"product:price:amount\" content=\"4555.00\" \/>\n<meta property=\"product:price:currency\" content=\"MXN\" \/>\n<meta property=\"og:availability\" content=\"instock\" \/>\n<meta property=\"product:availability\" content=\"instock\" \/>\n<meta property=\"product:condition\" content=\"new\" \/>\n<!-- \/ Yoast SEO Premium plugin. -->","yoast_head_json":{"title":"Alimentaci\u00f3n Consciente - Alquimia Regenerativa","robots":{"index":"index","follow":"follow","max-snippet":"max-snippet:-1","max-image-preview":"max-image-preview:large","max-video-preview":"max-video-preview:-1"},"canonical":"https:\/\/alquimiaregenerativa.com\/en\/tienda\/alimentacion-consciente\/","og_locale":"en_US","og_type":"article","og_title":"Alimentaci\u00f3n Consciente","og_description":"Programa individual de 30 d\u00edas.\u00a0Orientado a quienes buscan un acompa\u00f1amiento para desarrollar h\u00e1bitos saludables y sostenibles. Te brindaremos herramientas pr\u00e1cticas para ir sanando de manera paulatina, por medio de una alimentaci\u00f3n consciente, sin irnos a los extremos.  Si est\u00e1s buscando mejorar tu forma de alimentarte, pero sueles tener retrocesos o no puedes sostener una dieta restrictiva, si ya has depurado y est\u00e1s buscando regenerar, reconstruir m\u00fasculos, fortalecer tu estado f\u00edsico en general, o si est\u00e1s buscando sanar la relaci\u00f3n con los alimentos y dejar de auto-sabotearte, has llegado al programa indicado.  Este es un plan de acompa\u00f1amiento de 30 d\u00edas que incluye una sesi\u00f3n individual de 2-2.5 horas aproximadamente con Lu del Mar, donde a trav\u00e9s de un cuestionario revisamos de manera integral c\u00f3mo est\u00e1n tus \u00f3rganos, gl\u00e1ndulas y s\u00edntomas no s\u00f3lo desde el aspecto f\u00edsico sino tambi\u00e9n el emocional y mental. En base a esto se hace un plan a medida. De manera semanal tambi\u00e9n hacemos revisiones para acompa\u00f1ar tu progreso.  MATERIALES \u2022 Gu\u00eda paso a paso con todo lo que se ve en la sesi\u00f3n . \u2022 Gu\u00eda de herbolaria o hierbas (que s\u00ed funcionan). \u2022 Libro de recetas y lista de compras para el supermercado. \u2022 Frases poderosas para sanar (Reprogramaci\u00f3n). \u2022 Meditaci\u00f3n y visualizaci\u00f3n (Audios). \u2022 Recetas saludables amucosas, crudas y cocidas, libros de alimentaci\u00f3n consciente e higienismo.  Qu\u00e9 incluye: \u2022 30 d\u00edas de acompa\u00f1amiento\u00a0\u2022 1 Sesi\u00f3n individual \u2022 1 Sesi\u00f3n Individual (1 hs) con Recomendaciones de cierre y pasos post Detox (transici\u00f3n o mantenimiento) \u2022 Check in semanales \u2022 Recomendaciones finales para hacer permanentes tus cambios \u2022 Carpeta de Materiales en Drive con informaci\u00f3n y talleres \u2022 Curso sobre los aspectos f\u00edsico, mental y emocional para un estado \u00f3ptimo de salud \u2022 Plan de alimentaci\u00f3n consciente adaptado a tus necesidades  Valor: $4,555 mexicanos \/ $254 USD Aprox (seg\u00fan cambio)\/ Argentinos preguntar! Whatsapp: +52 55 1620 7310 O Link directo:\u00a0https:\/\/tinyurl.com\/Contacto-AlquimiaRegenerativa","og_url":"https:\/\/alquimiaregenerativa.com\/en\/tienda\/alimentacion-consciente\/","og_site_name":"Alquimia Regenerativa","article_modified_time":"2026-01-02T14:54:46+00:00","og_image":[{"url":"https:\/\/alquimiaregenerativa.com\/wp-content\/uploads\/2024\/06\/Copia-de-cuadrado-detox-web-3.png","width":1024,"height":1024,"type":"image\/png"}],"twitter_card":"summary_large_image","twitter_misc":{"Price":"MXN $&nbsp;4,555.00","Availability":"In stock"},"schema":{"@context":"https:\/\/schema.org","@graph":[{"@type":"WebPage","@id":"https:\/\/alquimiaregenerativa.com\/tienda\/alimentacion-consciente\/","url":"https:\/\/alquimiaregenerativa.com\/tienda\/alimentacion-consciente\/","name":"Alimentaci\u00f3n Consciente - Alquimia Regenerativa","isPartOf":{"@id":"https:\/\/alquimiaregenerativa.com\/#website"},"primaryImageOfPage":{"@id":"https:\/\/alquimiaregenerativa.com\/tienda\/alimentacion-consciente\/#primaryimage"},"image":{"@id":"https:\/\/alquimiaregenerativa.com\/tienda\/alimentacion-consciente\/#primaryimage"},"thumbnailUrl":"https:\/\/alquimiaregenerativa.com\/wp-content\/uploads\/2024\/06\/Copia-de-cuadrado-detox-web-3.png","datePublished":"2024-06-13T16:57:44+00:00","dateModified":"2026-01-02T14:54:46+00:00","breadcrumb":{"@id":"https:\/\/alquimiaregenerativa.com\/tienda\/alimentacion-consciente\/#breadcrumb"},"inLanguage":"en-US","potentialAction":[{"@type":"ReadAction","target":["https:\/\/alquimiaregenerativa.com\/tienda\/alimentacion-consciente\/"]}]},{"@type":"ImageObject","inLanguage":"en-US","@id":"https:\/\/alquimiaregenerativa.com\/tienda\/alimentacion-consciente\/#primaryimage","url":"https:\/\/alquimiaregenerativa.com\/wp-content\/uploads\/2024\/06\/Copia-de-cuadrado-detox-web-3.png","contentUrl":"https:\/\/alquimiaregenerativa.com\/wp-content\/uploads\/2024\/06\/Copia-de-cuadrado-detox-web-3.png","width":1024,"height":1024},{"@type":"BreadcrumbList","@id":"https:\/\/alquimiaregenerativa.com\/tienda\/alimentacion-consciente\/#breadcrumb","itemListElement":[{"@type":"ListItem","position":1,"name":"Portada","item":"https:\/\/alquimiaregenerativa.com\/"},{"@type":"ListItem","position":2,"name":"Tienda","item":"https:\/\/alquimiaregenerativa.com\/tienda\/"},{"@type":"ListItem","position":3,"name":"Alimentaci\u00f3n Consciente"}]},{"@type":"WebSite","@id":"https:\/\/alquimiaregenerativa.com\/#website","url":"https:\/\/alquimiaregenerativa.com\/","name":"Regenerative Alchemy","description":"Start your transformation process","potentialAction":[{"@type":"SearchAction","target":{"@type":"EntryPoint","urlTemplate":"https:\/\/alquimiaregenerativa.com\/?s={search_term_string}"},"query-input":{"@type":"PropertyValueSpecification","valueRequired":true,"valueName":"search_term_string"}}],"inLanguage":"en-US"}]},"product_price_amount":"4555.00","product_price_currency":"MXN","og_availability":"instock","product_availability":"instock","product_condition":"new"},"jetpack_sharing_enabled":true,"_links":{"self":[{"href":"https:\/\/alquimiaregenerativa.com\/en\/wp-json\/wp\/v2\/product\/85","targetHints":{"allow":["GET"]}}],"collection":[{"href":"https:\/\/alquimiaregenerativa.com\/en\/wp-json\/wp\/v2\/product"}],"about":[{"href":"https:\/\/alquimiaregenerativa.com\/en\/wp-json\/wp\/v2\/types\/product"}],"replies":[{"embeddable":true,"href":"https:\/\/alquimiaregenerativa.com\/en\/wp-json\/wp\/v2\/comments?post=85"}],"wp:featuredmedia":[{"embeddable":true,"href":"https:\/\/alquimiaregenerativa.com\/en\/wp-json\/wp\/v2\/media\/2476"}],"wp:attachment":[{"href":"https:\/\/alquimiaregenerativa.com\/en\/wp-json\/wp\/v2\/media?parent=85"}],"wp:term":[{"taxonomy":"product_brand","embeddable":true,"href":"https:\/\/alquimiaregenerativa.com\/en\/wp-json\/wp\/v2\/product_brand?post=85"},{"taxonomy":"product_cat","embeddable":true,"href":"https:\/\/alquimiaregenerativa.com\/en\/wp-json\/wp\/v2\/product_cat?post=85"},{"taxonomy":"product_tag","embeddable":true,"href":"https:\/\/alquimiaregenerativa.com\/en\/wp-json\/wp\/v2\/product_tag?post=85"}],"curies":[{"name":"wp","href":"https:\/\/api.w.org\/{rel}","templated":true}]}}