{"id":8637,"date":"2026-01-19T17:50:56","date_gmt":"2026-01-19T16:50:56","guid":{"rendered":"https:\/\/alquimiaregenerativa.com\/?post_type=product&#038;p=8637"},"modified":"2026-02-03T15:42:37","modified_gmt":"2026-02-03T14:42:37","slug":"masterclass-manifiesta","status":"publish","type":"product","link":"https:\/\/alquimiaregenerativa.com\/en\/tienda\/masterclass-manifiesta\/","title":{"rendered":"MASTERCLASS: MANIFEST YOUR HIGHEST VERSION"},"content":{"rendered":"","protected":false},"excerpt":{"rendered":"<p><b>A meeting of clarity, sovereignty, and conscious design of your reality.<\/b><\/p>\n<p><span style=\"font-weight: 400;\">Are you choosing your present or repeating your past? We often live on autopilot, letting circumstances decide for us. Manifesting your highest self isn&#039;t magic; it&#039;s a <\/span><b>act of conscious will<\/b><span style=\"font-weight: 400;\">.<\/span><\/p>\n<p><span style=\"font-weight: 400;\">In this 90-minute masterclass, we&#039;ll pause to recalibrate your inner compass. We&#039;ll move from desire to action. <\/span><b>choice<\/b><span style=\"font-weight: 400;\">, aligning your mind and energy with the reality you truly wish to inhabit: one where you are a radiant, prosperous person, in alignment with your purpose.<\/span><\/p>\n<h3><b>What will we work on in this meeting?<\/b><\/h3>\n<ul>\n<li style=\"font-weight: 400;\" aria-level=\"1\"><b>Mental Clarity:<\/b><span style=\"font-weight: 400;\"> Clear the noise to identify what your soul wants today.<\/span><\/li>\n<li style=\"font-weight: 400;\" aria-level=\"1\"><b>Conscious Choice:<\/b><span style=\"font-weight: 400;\"> Tools to make decisions that nurture your evolution, not your stagnation.<\/span><\/li>\n<li style=\"font-weight: 400;\" aria-level=\"1\"><b>Divine Alignment:<\/b><span style=\"font-weight: 400;\"> Tune your frequency to the greater plan, allowing prosperity to flow without resistance.<\/span><\/li>\n<li style=\"font-weight: 400;\" aria-level=\"1\"><b>Incarnation:<\/b><span style=\"font-weight: 400;\"> How to start acting today like the person who has already achieved what you are looking for.<\/span><\/li>\n<\/ul>\n<h3><b>Details\u00a0<\/b><\/h3>\n<ul>\n<li style=\"font-weight: 400;\" aria-level=\"1\"><b>Duration:<\/b><span style=\"font-weight: 400;\"> 1.5 hours of deep immersion.<\/span><\/li>\n<li style=\"font-weight: 400;\" aria-level=\"1\"><b>Facilitates:<\/b><span style=\"font-weight: 400;\"> Light of the Sea.<\/span><\/li>\n<\/ul>\n<p><span style=\"font-weight: 400;\"><strong>Regular price:<\/strong> 555 mxn \/ 31 usd<br \/>\n<\/span><span style=\"font-weight: 400;\">LAUNCH PRICE: 180 mxn \/ 10 usd<br \/>\n<\/span><strong>As a gift, you&#039;ll receive the Biohacks and Healthy Routines masterclass.\u00a0<\/strong><\/p>\n<p><span style=\"font-weight: 400;\">\u00ab&quot;Your future is built on the decisions you make today from your new awareness.&quot;\u00bb<\/span><\/p>\n<p>&nbsp;<\/p>\n<p>&nbsp;<\/p>\n<p>&nbsp;<\/p>","protected":false},"featured_media":8845,"comment_status":"open","ping_status":"closed","template":"","meta":{"site-sidebar-layout":"default","site-content-layout":"","ast-site-content-layout":"default","site-content-style":"default","site-sidebar-style":"default","ast-global-header-display":"","ast-banner-title-visibility":"","ast-main-header-display":"","ast-hfb-above-header-display":"","ast-hfb-below-header-display":"","ast-hfb-mobile-header-display":"","site-post-title":"","ast-breadcrumbs-content":"","ast-featured-img":"","footer-sml-layout":"","ast-disable-related-posts":"","theme-transparent-header-meta":"default","adv-header-id-meta":"","stick-header-meta":"","header-above-stick-meta":"","header-main-stick-meta":"","header-below-stick-meta":"","astra-migrate-meta-layouts":"set","ast-page-background-enabled":"default","ast-page-background-meta":{"desktop":{"background-color":"var(--ast-global-color-4)","background-image":"","background-repeat":"repeat","background-position":"center center","background-size":"auto","background-attachment":"scroll","background-type":"","background-media":"","overlay-type":"","overlay-color":"","overlay-opacity":"","overlay-gradient":""},"tablet":{"background-color":"","background-image":"","background-repeat":"repeat","background-position":"center center","background-size":"auto","background-attachment":"scroll","background-type":"","background-media":"","overlay-type":"","overlay-color":"","overlay-opacity":"","overlay-gradient":""},"mobile":{"background-color":"","background-image":"","background-repeat":"repeat","background-position":"center center","background-size":"auto","background-attachment":"scroll","background-type":"","background-media":"","overlay-type":"","overlay-color":"","overlay-opacity":"","overlay-gradient":""}},"ast-content-background-meta":{"desktop":{"background-color":"var(--ast-global-color-5)","background-image":"","background-repeat":"repeat","background-position":"center center","background-size":"auto","background-attachment":"scroll","background-type":"","background-media":"","overlay-type":"","overlay-color":"","overlay-opacity":"","overlay-gradient":""},"tablet":{"background-color":"var(--ast-global-color-5)","background-image":"","background-repeat":"repeat","background-position":"center center","background-size":"auto","background-attachment":"scroll","background-type":"","background-media":"","overlay-type":"","overlay-color":"","overlay-opacity":"","overlay-gradient":""},"mobile":{"background-color":"var(--ast-global-color-5)","background-image":"","background-repeat":"repeat","background-position":"center center","background-size":"auto","background-attachment":"scroll","background-type":"","background-media":"","overlay-type":"","overlay-color":"","overlay-opacity":"","overlay-gradient":""}},"_joinchat":[]},"product_brand":[],"product_cat":[82],"product_tag":[],"class_list":{"0":"post-8637","1":"product","2":"type-product","3":"status-publish","4":"has-post-thumbnail","6":"product_cat-masterclass","7":"desktop-align-center","8":"tablet-align-center","9":"mobile-align-center","11":"first","12":"instock","13":"sale","14":"virtual","15":"sold-individually","16":"taxable","17":"purchasable","18":"product-type-simple"},"yoast_head":"<!-- This site is optimized with the Yoast SEO Premium plugin v23.4 (Yoast SEO v27.4) - https:\/\/yoast.com\/product\/yoast-seo-premium-wordpress\/ -->\n<title>MASTERCLASS MANIFIESTA TU M\u00c1S ALTA VERSI\u00d3N - Alquimia Regenerativa<\/title>\n<meta name=\"robots\" content=\"index, follow, max-snippet:-1, max-image-preview:large, max-video-preview:-1\" \/>\n<link rel=\"canonical\" href=\"https:\/\/alquimiaregenerativa.com\/en\/tienda\/masterclass-manifiesta\/\" \/>\n<meta property=\"og:locale\" content=\"en_US\" \/>\n<meta property=\"og:type\" content=\"article\" \/>\n<meta property=\"og:title\" content=\"MASTERCLASS MANIFIESTA TU M\u00c1S ALTA VERSI\u00d3N\" \/>\n<meta property=\"og:description\" content=\"Un encuentro de claridad, soberan\u00eda y dise\u00f1o consciente de tu realidad.  \u00bfEst\u00e1s eligiendo tu presente o est\u00e1s repitiendo tu pasado? Muchas veces vivimos en &quot;piloto autom\u00e1tico&quot;, dejando que las circunstancias decidan por nosotros. Manifestar tu versi\u00f3n m\u00e1s elevada no es un acto de magia, es un acto de voluntad consciente.  En esta masterclass de 90 minutos, nos detendremos para recalibrar tu br\u00fajula interna. Vamos a pasar del deseo a la elecci\u00f3n, alineando tu mente y tu energ\u00eda con la realidad que realmente deseas habitar: esa donde eres una persona radiante, pr\u00f3spera y en coherencia con tu prop\u00f3sito. \u00bfQu\u00e9 trabajaremos en este encuentro?   Claridad Mental: Limpiar el ruido para identificar qu\u00e9 quiere tu alma hoy.  Elecci\u00f3n Consciente: Herramientas para tomar decisiones que nutran tu evoluci\u00f3n y no tu estancamiento.  Alineaci\u00f3n Divina: Sintonizar tu frecuencia con el plan mayor, permitiendo que la prosperidad fluya sin resistencias.  Encarnaci\u00f3n: C\u00f3mo empezar a actuar hoy como la persona que ya logr\u00f3 lo que buscas.  Detalles\u00a0   Duraci\u00f3n: 1.5 horas de inmersi\u00f3n profunda.  Facilita: Lu del Mar.  Precio normal: 555 mxn \/ 31 usd PRECIO LANZAMIENTO: 180 mxn \/ 10 usd De regalo te llevas la masterclass de Biohacks y Rutinas Saludables\u00a0  &quot;Tu futuro se construye con las decisiones que tomas hoy desde tu nueva consciencia.&quot;  &nbsp;  &nbsp;  &nbsp;\" \/>\n<meta property=\"og:url\" content=\"https:\/\/alquimiaregenerativa.com\/en\/tienda\/masterclass-manifiesta\/\" \/>\n<meta property=\"og:site_name\" content=\"Alquimia Regenerativa\" \/>\n<meta property=\"article:modified_time\" content=\"2026-02-03T14:42:37+00:00\" \/>\n<meta property=\"og:image\" content=\"https:\/\/alquimiaregenerativa.com\/wp-content\/uploads\/2026\/01\/Masterclass-Manifiesta-tu-mas-alta-version-1-1-1024x1024.png\" \/>\n\t<meta property=\"og:image:width\" content=\"1024\" \/>\n\t<meta property=\"og:image:height\" content=\"1024\" \/>\n\t<meta property=\"og:image:type\" content=\"image\/png\" \/>\n<meta name=\"twitter:card\" content=\"summary_large_image\" \/>\n<meta name=\"twitter:label1\" content=\"Price\" \/>\n\t<meta name=\"twitter:data1\" content=\"MXN $&nbsp;180.00\" \/>\n\t<meta name=\"twitter:label2\" content=\"Availability\" \/>\n\t<meta name=\"twitter:data2\" content=\"In stock\" \/>\n<script type=\"application\/ld+json\" class=\"yoast-schema-graph\">{\"@context\":\"https:\\\/\\\/schema.org\",\"@graph\":[{\"@type\":\"WebPage\",\"@id\":\"https:\\\/\\\/alquimiaregenerativa.com\\\/tienda\\\/masterclass-manifiesta\\\/\",\"url\":\"https:\\\/\\\/alquimiaregenerativa.com\\\/tienda\\\/masterclass-manifiesta\\\/\",\"name\":\"MASTERCLASS MANIFIESTA TU M\u00c1S ALTA VERSI\u00d3N - Alquimia Regenerativa\",\"isPartOf\":{\"@id\":\"https:\\\/\\\/alquimiaregenerativa.com\\\/#website\"},\"primaryImageOfPage\":{\"@id\":\"https:\\\/\\\/alquimiaregenerativa.com\\\/tienda\\\/masterclass-manifiesta\\\/#primaryimage\"},\"image\":{\"@id\":\"https:\\\/\\\/alquimiaregenerativa.com\\\/tienda\\\/masterclass-manifiesta\\\/#primaryimage\"},\"thumbnailUrl\":\"https:\\\/\\\/alquimiaregenerativa.com\\\/wp-content\\\/uploads\\\/2026\\\/01\\\/Masterclass-Manifiesta-tu-mas-alta-version-1-1.png\",\"datePublished\":\"2026-01-19T16:50:56+00:00\",\"dateModified\":\"2026-02-03T14:42:37+00:00\",\"breadcrumb\":{\"@id\":\"https:\\\/\\\/alquimiaregenerativa.com\\\/tienda\\\/masterclass-manifiesta\\\/#breadcrumb\"},\"inLanguage\":\"en-US\",\"potentialAction\":[{\"@type\":\"ReadAction\",\"target\":[\"https:\\\/\\\/alquimiaregenerativa.com\\\/tienda\\\/masterclass-manifiesta\\\/\"]}]},{\"@type\":\"ImageObject\",\"inLanguage\":\"en-US\",\"@id\":\"https:\\\/\\\/alquimiaregenerativa.com\\\/tienda\\\/masterclass-manifiesta\\\/#primaryimage\",\"url\":\"https:\\\/\\\/alquimiaregenerativa.com\\\/wp-content\\\/uploads\\\/2026\\\/01\\\/Masterclass-Manifiesta-tu-mas-alta-version-1-1.png\",\"contentUrl\":\"https:\\\/\\\/alquimiaregenerativa.com\\\/wp-content\\\/uploads\\\/2026\\\/01\\\/Masterclass-Manifiesta-tu-mas-alta-version-1-1.png\",\"width\":1080,\"height\":1080},{\"@type\":\"BreadcrumbList\",\"@id\":\"https:\\\/\\\/alquimiaregenerativa.com\\\/tienda\\\/masterclass-manifiesta\\\/#breadcrumb\",\"itemListElement\":[{\"@type\":\"ListItem\",\"position\":1,\"name\":\"Portada\",\"item\":\"https:\\\/\\\/alquimiaregenerativa.com\\\/\"},{\"@type\":\"ListItem\",\"position\":2,\"name\":\"Tienda\",\"item\":\"https:\\\/\\\/alquimiaregenerativa.com\\\/tienda\\\/\"},{\"@type\":\"ListItem\",\"position\":3,\"name\":\"MASTERCLASS MANIFIESTA TU M\u00c1S ALTA VERSI\u00d3N\"}]},{\"@type\":\"WebSite\",\"@id\":\"https:\\\/\\\/alquimiaregenerativa.com\\\/#website\",\"url\":\"https:\\\/\\\/alquimiaregenerativa.com\\\/\",\"name\":\"Alquimia Regenerativa\",\"description\":\"Comienza tu proceso de tranformaci\u00f3n\",\"potentialAction\":[{\"@type\":\"SearchAction\",\"target\":{\"@type\":\"EntryPoint\",\"urlTemplate\":\"https:\\\/\\\/alquimiaregenerativa.com\\\/?s={search_term_string}\"},\"query-input\":{\"@type\":\"PropertyValueSpecification\",\"valueRequired\":true,\"valueName\":\"search_term_string\"}}],\"inLanguage\":\"en-US\"}]}<\/script>\n<meta property=\"product:price:amount\" content=\"180.00\" \/>\n<meta property=\"product:price:currency\" content=\"MXN\" \/>\n<meta property=\"og:availability\" content=\"instock\" \/>\n<meta property=\"product:availability\" content=\"instock\" \/>\n<meta property=\"product:condition\" content=\"new\" \/>\n<!-- \/ Yoast SEO Premium plugin. -->","yoast_head_json":{"title":"MASTERCLASS MANIFIESTA TU M\u00c1S ALTA VERSI\u00d3N - Alquimia Regenerativa","robots":{"index":"index","follow":"follow","max-snippet":"max-snippet:-1","max-image-preview":"max-image-preview:large","max-video-preview":"max-video-preview:-1"},"canonical":"https:\/\/alquimiaregenerativa.com\/en\/tienda\/masterclass-manifiesta\/","og_locale":"en_US","og_type":"article","og_title":"MASTERCLASS MANIFIESTA TU M\u00c1S ALTA VERSI\u00d3N","og_description":"Un encuentro de claridad, soberan\u00eda y dise\u00f1o consciente de tu realidad.  \u00bfEst\u00e1s eligiendo tu presente o est\u00e1s repitiendo tu pasado? Muchas veces vivimos en \"piloto autom\u00e1tico\", dejando que las circunstancias decidan por nosotros. Manifestar tu versi\u00f3n m\u00e1s elevada no es un acto de magia, es un acto de voluntad consciente.  En esta masterclass de 90 minutos, nos detendremos para recalibrar tu br\u00fajula interna. Vamos a pasar del deseo a la elecci\u00f3n, alineando tu mente y tu energ\u00eda con la realidad que realmente deseas habitar: esa donde eres una persona radiante, pr\u00f3spera y en coherencia con tu prop\u00f3sito. \u00bfQu\u00e9 trabajaremos en este encuentro?   Claridad Mental: Limpiar el ruido para identificar qu\u00e9 quiere tu alma hoy.  Elecci\u00f3n Consciente: Herramientas para tomar decisiones que nutran tu evoluci\u00f3n y no tu estancamiento.  Alineaci\u00f3n Divina: Sintonizar tu frecuencia con el plan mayor, permitiendo que la prosperidad fluya sin resistencias.  Encarnaci\u00f3n: C\u00f3mo empezar a actuar hoy como la persona que ya logr\u00f3 lo que buscas.  Detalles\u00a0   Duraci\u00f3n: 1.5 horas de inmersi\u00f3n profunda.  Facilita: Lu del Mar.  Precio normal: 555 mxn \/ 31 usd PRECIO LANZAMIENTO: 180 mxn \/ 10 usd De regalo te llevas la masterclass de Biohacks y Rutinas Saludables\u00a0  \"Tu futuro se construye con las decisiones que tomas hoy desde tu nueva consciencia.\"  &nbsp;  &nbsp;  &nbsp;","og_url":"https:\/\/alquimiaregenerativa.com\/en\/tienda\/masterclass-manifiesta\/","og_site_name":"Alquimia Regenerativa","article_modified_time":"2026-02-03T14:42:37+00:00","og_image":[{"width":1024,"height":1024,"url":"https:\/\/alquimiaregenerativa.com\/wp-content\/uploads\/2026\/01\/Masterclass-Manifiesta-tu-mas-alta-version-1-1-1024x1024.png","type":"image\/png"}],"twitter_card":"summary_large_image","twitter_misc":{"Price":"MXN $&nbsp;180.00","Availability":"In stock"},"schema":{"@context":"https:\/\/schema.org","@graph":[{"@type":"WebPage","@id":"https:\/\/alquimiaregenerativa.com\/tienda\/masterclass-manifiesta\/","url":"https:\/\/alquimiaregenerativa.com\/tienda\/masterclass-manifiesta\/","name":"MASTERCLASS MANIFIESTA TU M\u00c1S ALTA VERSI\u00d3N - Alquimia Regenerativa","isPartOf":{"@id":"https:\/\/alquimiaregenerativa.com\/#website"},"primaryImageOfPage":{"@id":"https:\/\/alquimiaregenerativa.com\/tienda\/masterclass-manifiesta\/#primaryimage"},"image":{"@id":"https:\/\/alquimiaregenerativa.com\/tienda\/masterclass-manifiesta\/#primaryimage"},"thumbnailUrl":"https:\/\/alquimiaregenerativa.com\/wp-content\/uploads\/2026\/01\/Masterclass-Manifiesta-tu-mas-alta-version-1-1.png","datePublished":"2026-01-19T16:50:56+00:00","dateModified":"2026-02-03T14:42:37+00:00","breadcrumb":{"@id":"https:\/\/alquimiaregenerativa.com\/tienda\/masterclass-manifiesta\/#breadcrumb"},"inLanguage":"en-US","potentialAction":[{"@type":"ReadAction","target":["https:\/\/alquimiaregenerativa.com\/tienda\/masterclass-manifiesta\/"]}]},{"@type":"ImageObject","inLanguage":"en-US","@id":"https:\/\/alquimiaregenerativa.com\/tienda\/masterclass-manifiesta\/#primaryimage","url":"https:\/\/alquimiaregenerativa.com\/wp-content\/uploads\/2026\/01\/Masterclass-Manifiesta-tu-mas-alta-version-1-1.png","contentUrl":"https:\/\/alquimiaregenerativa.com\/wp-content\/uploads\/2026\/01\/Masterclass-Manifiesta-tu-mas-alta-version-1-1.png","width":1080,"height":1080},{"@type":"BreadcrumbList","@id":"https:\/\/alquimiaregenerativa.com\/tienda\/masterclass-manifiesta\/#breadcrumb","itemListElement":[{"@type":"ListItem","position":1,"name":"Portada","item":"https:\/\/alquimiaregenerativa.com\/"},{"@type":"ListItem","position":2,"name":"Tienda","item":"https:\/\/alquimiaregenerativa.com\/tienda\/"},{"@type":"ListItem","position":3,"name":"MASTERCLASS MANIFIESTA TU M\u00c1S ALTA VERSI\u00d3N"}]},{"@type":"WebSite","@id":"https:\/\/alquimiaregenerativa.com\/#website","url":"https:\/\/alquimiaregenerativa.com\/","name":"Regenerative Alchemy","description":"Start your transformation process","potentialAction":[{"@type":"SearchAction","target":{"@type":"EntryPoint","urlTemplate":"https:\/\/alquimiaregenerativa.com\/?s={search_term_string}"},"query-input":{"@type":"PropertyValueSpecification","valueRequired":true,"valueName":"search_term_string"}}],"inLanguage":"en-US"}]},"product_price_amount":"180.00","product_price_currency":"MXN","og_availability":"instock","product_availability":"instock","product_condition":"new"},"jetpack_sharing_enabled":true,"_links":{"self":[{"href":"https:\/\/alquimiaregenerativa.com\/en\/wp-json\/wp\/v2\/product\/8637","targetHints":{"allow":["GET"]}}],"collection":[{"href":"https:\/\/alquimiaregenerativa.com\/en\/wp-json\/wp\/v2\/product"}],"about":[{"href":"https:\/\/alquimiaregenerativa.com\/en\/wp-json\/wp\/v2\/types\/product"}],"replies":[{"embeddable":true,"href":"https:\/\/alquimiaregenerativa.com\/en\/wp-json\/wp\/v2\/comments?post=8637"}],"wp:featuredmedia":[{"embeddable":true,"href":"https:\/\/alquimiaregenerativa.com\/en\/wp-json\/wp\/v2\/media\/8845"}],"wp:attachment":[{"href":"https:\/\/alquimiaregenerativa.com\/en\/wp-json\/wp\/v2\/media?parent=8637"}],"wp:term":[{"taxonomy":"product_brand","embeddable":true,"href":"https:\/\/alquimiaregenerativa.com\/en\/wp-json\/wp\/v2\/product_brand?post=8637"},{"taxonomy":"product_cat","embeddable":true,"href":"https:\/\/alquimiaregenerativa.com\/en\/wp-json\/wp\/v2\/product_cat?post=8637"},{"taxonomy":"product_tag","embeddable":true,"href":"https:\/\/alquimiaregenerativa.com\/en\/wp-json\/wp\/v2\/product_tag?post=8637"}],"curies":[{"name":"wp","href":"https:\/\/api.w.org\/{rel}","templated":true}]}}