{"id":87,"date":"2024-06-13T18:57:44","date_gmt":"2024-06-13T16:57:44","guid":{"rendered":"https:\/\/alquimiaregenerativa.com\/?post_type=product&#038;p=87"},"modified":"2026-01-30T16:47:04","modified_gmt":"2026-01-30T15:47:04","slug":"detox-individual-40-dias","status":"publish","type":"product","link":"https:\/\/alquimiaregenerativa.com\/en\/tienda\/detox-individual-40-dias\/","title":{"rendered":"INDIVIDUAL DETOX 40 DAYS"},"content":{"rendered":"","protected":false},"excerpt":{"rendered":"<p><i>S<\/i>If your body is asking for support, you have recurring symptoms, you want to improve your health and do a deep detox to heal, this process is ideal for you!<\/p>\n<p>If you&#039;ve had breast implants or other implants that have triggered autoimmunity, a detox can also greatly improve your quality of life. If you still have them and are considering explantation or replacing the implant with a more biocompatible material, this process can also help eliminate toxins, reduce inflammation, and significantly improve your health.<\/p>\n<p>In this process we guide and accompany you to change eating habits, learn how and when to consume foods to benefit your digestion, with flexibility and give yourself some treats. We facilitate the deep investigation of behavioral patterns and emotional management to heal limiting patterns. We will cleanse the body with live foods, juices, herbs, heavy metal chelation, among other tools. We will not only work on a physical level, but also on a psycho-emotional level.<\/p>\n<p><strong>What&#039;s included:<\/strong><\/p>\n<p>\u2022 1 Health Assessment, Map to navigate the 40 days, includes nutrition plan, protocols and herbal recommendations (2 hours)<\/p>\n<p>\u2022 1 Belief Reprogramming (2 hours) to get to the root of the symptom or illness, through Somatic tools, trauma work and Regression.<\/p>\n<p>\u2022 2 Check In sessions (30 minutes each) to make adjustments to your routines and protocols.<\/p>\n<p>\u2022 1 Closing Session and Post-Detox Plan (1hr) for the following months<\/p>\n<p>\u2022 5 Weekly check in (Sunday) by WhatsApp<\/p>\n<p>\u2022 40 days of close and compassionate daily support, direct access to Lu Del Mar<\/p>\n<p>\u2022 Pre-recorded meditations and exercises<\/p>\n<p>\u2022Pre-recorded therapeutic dance classes<\/p>\n<p>\u2022 Organ cleansing, lymphatic drainage, liver cleansing, parasite removal<\/p>\n<p>\u2022Chelation to remove heavy metals<\/p>\n<p>\u2022 Materials: Detox Guide and Engraved Workshops<\/p>\n<p>\u2022 Recipe book and supermarket shopping list<br \/>\n\u2022For implants: Guides for preparing before and after explantation<\/p>\n<p>\u2022BONUSES: Hundreds of vegan and raw vegan recipes, ebooks on healthy eating and hygiene<\/p>\n<p><strong>Worth:<\/strong> <span class=\"WdYUQQ text-decoration-underline text-strikethrough-none\"><span data-offset-key=\"f36pn-0-0\">$11,622 Mexicans <span style=\"font-weight: 400; font-size: 14px; line-height: 1.5714em;\">\/ $670 USD Approx (depending on exchange rate) \/ Argentinians please inquire! Whatsapp: +52 55 1620 7310 Or Direct Link: <a href=\"https:\/\/tinyurl.com\/Contacto-AlquimiaRegenerativa\">https:\/\/tinyurl.com\/Contacto-AlquimiaRegenerativa<\/a><\/span><\/span><\/span><\/p>","protected":false},"featured_media":145,"comment_status":"open","ping_status":"closed","template":"","meta":{"site-sidebar-layout":"default","site-content-layout":"","ast-site-content-layout":"default","site-content-style":"default","site-sidebar-style":"default","ast-global-header-display":"","ast-banner-title-visibility":"","ast-main-header-display":"","ast-hfb-above-header-display":"","ast-hfb-below-header-display":"","ast-hfb-mobile-header-display":"","site-post-title":"","ast-breadcrumbs-content":"","ast-featured-img":"","footer-sml-layout":"","ast-disable-related-posts":"","theme-transparent-header-meta":"default","adv-header-id-meta":"","stick-header-meta":"","header-above-stick-meta":"","header-main-stick-meta":"","header-below-stick-meta":"","astra-migrate-meta-layouts":"set","ast-page-background-enabled":"default","ast-page-background-meta":{"desktop":{"background-color":"var(--ast-global-color-4)","background-image":"","background-repeat":"repeat","background-position":"center center","background-size":"auto","background-attachment":"scroll","background-type":"","background-media":"","overlay-type":"","overlay-color":"","overlay-opacity":"","overlay-gradient":""},"tablet":{"background-color":"","background-image":"","background-repeat":"repeat","background-position":"center center","background-size":"auto","background-attachment":"scroll","background-type":"","background-media":"","overlay-type":"","overlay-color":"","overlay-opacity":"","overlay-gradient":""},"mobile":{"background-color":"","background-image":"","background-repeat":"repeat","background-position":"center center","background-size":"auto","background-attachment":"scroll","background-type":"","background-media":"","overlay-type":"","overlay-color":"","overlay-opacity":"","overlay-gradient":""}},"ast-content-background-meta":{"desktop":{"background-color":"var(--ast-global-color-5)","background-image":"","background-repeat":"repeat","background-position":"center center","background-size":"auto","background-attachment":"scroll","background-type":"","background-media":"","overlay-type":"","overlay-color":"","overlay-opacity":"","overlay-gradient":""},"tablet":{"background-color":"var(--ast-global-color-5)","background-image":"","background-repeat":"repeat","background-position":"center center","background-size":"auto","background-attachment":"scroll","background-type":"","background-media":"","overlay-type":"","overlay-color":"","overlay-opacity":"","overlay-gradient":""},"mobile":{"background-color":"var(--ast-global-color-5)","background-image":"","background-repeat":"repeat","background-position":"center center","background-size":"auto","background-attachment":"scroll","background-type":"","background-media":"","overlay-type":"","overlay-color":"","overlay-opacity":"","overlay-gradient":""}},"_joinchat":[]},"product_brand":[],"product_cat":[24],"product_tag":[],"class_list":{"0":"post-87","1":"product","2":"type-product","3":"status-publish","4":"has-post-thumbnail","6":"product_cat-programas","7":"desktop-align-center","8":"tablet-align-center","9":"mobile-align-center","11":"first","12":"instock","13":"virtual","14":"sold-individually","15":"taxable","16":"purchasable","17":"product-type-simple"},"yoast_head":"<!-- This site is optimized with the Yoast SEO Premium plugin v23.4 (Yoast SEO v27.4) - https:\/\/yoast.com\/product\/yoast-seo-premium-wordpress\/ -->\n<title>DETOX INDIVIDUAL 40 D\u00cdAS - Alquimia Regenerativa<\/title>\n<meta name=\"robots\" content=\"index, follow, max-snippet:-1, max-image-preview:large, max-video-preview:-1\" \/>\n<link rel=\"canonical\" href=\"https:\/\/alquimiaregenerativa.com\/en\/tienda\/detox-individual-40-dias\/\" \/>\n<meta property=\"og:locale\" content=\"en_US\" \/>\n<meta property=\"og:type\" content=\"article\" \/>\n<meta property=\"og:title\" content=\"DETOX INDIVIDUAL 40 D\u00cdAS\" \/>\n<meta property=\"og:description\" content=\"Si tu cuerpo est\u00e1 pidiendo apoyo, ten\u00e9s s\u00edntomas recurentes, quer\u00e9s mejorar tu salud y hacer un detox para sanar bien profundo este proceso es ideal para ti!  Si has tenido implantes mamarios u otro implante que haya generado autoinmunidad, hacer un detox tambi\u00e9n puede ayudarte a mejorar MUCH\u00cdSIMO tu calidad de vida. Si a\u00fan los tienes y est\u00e1s en plan de explantarte o cambiar la pieza por material m\u00e1s biocompatible igual este proceso puede ayudarte a barrer toxinas, desinflamar tejidos y mejorar MUCHO tu salud.  En este proceso te guiamos y acompa\u00f1amos para cambiar h\u00e1bitos alimenticios, aprender c\u00f3mo y cu\u00e1ndo consumir los alimentos para beneficiar tus digestiones, con flexibilidad y darte algunos gustos. Facilitamos la indagaci\u00f3n profunda de patrones de comportamiento y gesti\u00f3n emocional para sanar patrones limitantes.Vamos limpiar el cuerpo con alimentos vivos, jugos, hierbas, quelaci\u00f3n de metales pesados, entre otras herramientas. No s\u00f3lo trabajaremos a nivel f\u00edsico, sino tambi\u00e9n Psico-emocional.  Qu\u00e9 incluye:  \u2022 1 Evaluaci\u00f3n de Salud, Mapa para navegar los 40 d\u00edas, incluye plan de alimentaci\u00f3n, protocolos y recomendaciones de herbolaria (2hs)  \u2022 1 Reprogramaci\u00f3n De Creencias ( 2hs) para ir a la ra\u00edz del s\u00edntoma o enfermedad, a trav\u00e9s de herramientas de Som\u00e1tica, trabajo de trauma y Regresi\u00f3n.  \u2022 2 Sesiones de Check In (30 minutos c\/u) para hacer ajustes a tus rutinas y protocolos.  \u2022 1 Sesi\u00f3n Cierre y Plan post Detox (1hr) para los meses siguientes  \u2022 5 Check in semanal (Domingo) por whatsapp  \u2022 40 d\u00edas de acompa\u00f1amiento cercano y compasivo a diario, acceso directo a Lu Del Mar  \u2022 Meditaciones y ejercicios pregrabadas  \u2022Clases de Danza terap\u00e9utica pregrabadas  \u2022 Limpieza de \u00d3rganos, linfa, Limpieza hep\u00e1tica, Desparasitaci\u00f3n  \u2022Quelaci\u00f3n para sacar metales pesados  \u2022 Materiales: Gu\u00eda detox y Talleres Grabados  \u2022Libro de recetas y lista de compras para el supermercado \u2022Para implantes: Gu\u00edas para prepararse antes y despu\u00e9s de la explantaci\u00f3n  \u2022BONOS: Cientos de recetas veganas y crudiveganas, ebooks de alimentaci\u00f3n saludable e higienismo  Valor: $11,622 mexicanos \/ $670 USD Aprox (seg\u00fan cambio) \/ Argentinos preguntar! Whatsapp: +52 55 1620 7310 O Link directo: https:\/\/tinyurl.com\/Contacto-AlquimiaRegenerativa\" \/>\n<meta property=\"og:url\" content=\"https:\/\/alquimiaregenerativa.com\/en\/tienda\/detox-individual-40-dias\/\" \/>\n<meta property=\"og:site_name\" content=\"Alquimia Regenerativa\" \/>\n<meta property=\"article:modified_time\" content=\"2026-01-30T15:47:04+00:00\" \/>\n<meta property=\"og:image\" content=\"https:\/\/alquimiaregenerativa.com\/wp-content\/uploads\/2024\/06\/BECAS-2.png\" \/>\n\t<meta property=\"og:image:width\" content=\"1080\" \/>\n\t<meta property=\"og:image:height\" content=\"1080\" \/>\n\t<meta property=\"og:image:type\" content=\"image\/png\" \/>\n<meta name=\"twitter:card\" content=\"summary_large_image\" \/>\n<meta name=\"twitter:label1\" content=\"Price\" \/>\n\t<meta name=\"twitter:data1\" content=\"MXN $&nbsp;11,622.00\" \/>\n\t<meta name=\"twitter:label2\" content=\"Availability\" \/>\n\t<meta name=\"twitter:data2\" content=\"In stock\" \/>\n<script type=\"application\/ld+json\" class=\"yoast-schema-graph\">{\"@context\":\"https:\\\/\\\/schema.org\",\"@graph\":[{\"@type\":\"WebPage\",\"@id\":\"https:\\\/\\\/alquimiaregenerativa.com\\\/tienda\\\/detox-individual-40-dias\\\/\",\"url\":\"https:\\\/\\\/alquimiaregenerativa.com\\\/tienda\\\/detox-individual-40-dias\\\/\",\"name\":\"DETOX INDIVIDUAL 40 D\u00cdAS - Alquimia Regenerativa\",\"isPartOf\":{\"@id\":\"https:\\\/\\\/alquimiaregenerativa.com\\\/#website\"},\"primaryImageOfPage\":{\"@id\":\"https:\\\/\\\/alquimiaregenerativa.com\\\/tienda\\\/detox-individual-40-dias\\\/#primaryimage\"},\"image\":{\"@id\":\"https:\\\/\\\/alquimiaregenerativa.com\\\/tienda\\\/detox-individual-40-dias\\\/#primaryimage\"},\"thumbnailUrl\":\"https:\\\/\\\/alquimiaregenerativa.com\\\/wp-content\\\/uploads\\\/2024\\\/06\\\/BECAS-2.png\",\"datePublished\":\"2024-06-13T16:57:44+00:00\",\"dateModified\":\"2026-01-30T15:47:04+00:00\",\"breadcrumb\":{\"@id\":\"https:\\\/\\\/alquimiaregenerativa.com\\\/tienda\\\/detox-individual-40-dias\\\/#breadcrumb\"},\"inLanguage\":\"en-US\",\"potentialAction\":[{\"@type\":\"ReadAction\",\"target\":[\"https:\\\/\\\/alquimiaregenerativa.com\\\/tienda\\\/detox-individual-40-dias\\\/\"]}]},{\"@type\":\"ImageObject\",\"inLanguage\":\"en-US\",\"@id\":\"https:\\\/\\\/alquimiaregenerativa.com\\\/tienda\\\/detox-individual-40-dias\\\/#primaryimage\",\"url\":\"https:\\\/\\\/alquimiaregenerativa.com\\\/wp-content\\\/uploads\\\/2024\\\/06\\\/BECAS-2.png\",\"contentUrl\":\"https:\\\/\\\/alquimiaregenerativa.com\\\/wp-content\\\/uploads\\\/2024\\\/06\\\/BECAS-2.png\",\"width\":1080,\"height\":1080},{\"@type\":\"BreadcrumbList\",\"@id\":\"https:\\\/\\\/alquimiaregenerativa.com\\\/tienda\\\/detox-individual-40-dias\\\/#breadcrumb\",\"itemListElement\":[{\"@type\":\"ListItem\",\"position\":1,\"name\":\"Portada\",\"item\":\"https:\\\/\\\/alquimiaregenerativa.com\\\/\"},{\"@type\":\"ListItem\",\"position\":2,\"name\":\"Tienda\",\"item\":\"https:\\\/\\\/alquimiaregenerativa.com\\\/tienda\\\/\"},{\"@type\":\"ListItem\",\"position\":3,\"name\":\"DETOX INDIVIDUAL 40 D\u00cdAS\"}]},{\"@type\":\"WebSite\",\"@id\":\"https:\\\/\\\/alquimiaregenerativa.com\\\/#website\",\"url\":\"https:\\\/\\\/alquimiaregenerativa.com\\\/\",\"name\":\"Alquimia Regenerativa\",\"description\":\"Comienza tu proceso de tranformaci\u00f3n\",\"potentialAction\":[{\"@type\":\"SearchAction\",\"target\":{\"@type\":\"EntryPoint\",\"urlTemplate\":\"https:\\\/\\\/alquimiaregenerativa.com\\\/?s={search_term_string}\"},\"query-input\":{\"@type\":\"PropertyValueSpecification\",\"valueRequired\":true,\"valueName\":\"search_term_string\"}}],\"inLanguage\":\"en-US\"}]}<\/script>\n<meta property=\"product:price:amount\" content=\"11622.00\" \/>\n<meta property=\"product:price:currency\" content=\"MXN\" \/>\n<meta property=\"og:availability\" content=\"instock\" \/>\n<meta property=\"product:availability\" content=\"instock\" \/>\n<meta property=\"product:condition\" content=\"new\" \/>\n<!-- \/ Yoast SEO Premium plugin. -->","yoast_head_json":{"title":"40-DAY INDIVIDUAL DETOX - Regenerative Alchemy","robots":{"index":"index","follow":"follow","max-snippet":"max-snippet:-1","max-image-preview":"max-image-preview:large","max-video-preview":"max-video-preview:-1"},"canonical":"https:\/\/alquimiaregenerativa.com\/en\/tienda\/detox-individual-40-dias\/","og_locale":"en_US","og_type":"article","og_title":"DETOX INDIVIDUAL 40 D\u00cdAS","og_description":"Si tu cuerpo est\u00e1 pidiendo apoyo, ten\u00e9s s\u00edntomas recurentes, quer\u00e9s mejorar tu salud y hacer un detox para sanar bien profundo este proceso es ideal para ti!  Si has tenido implantes mamarios u otro implante que haya generado autoinmunidad, hacer un detox tambi\u00e9n puede ayudarte a mejorar MUCH\u00cdSIMO tu calidad de vida. Si a\u00fan los tienes y est\u00e1s en plan de explantarte o cambiar la pieza por material m\u00e1s biocompatible igual este proceso puede ayudarte a barrer toxinas, desinflamar tejidos y mejorar MUCHO tu salud.  En este proceso te guiamos y acompa\u00f1amos para cambiar h\u00e1bitos alimenticios, aprender c\u00f3mo y cu\u00e1ndo consumir los alimentos para beneficiar tus digestiones, con flexibilidad y darte algunos gustos. Facilitamos la indagaci\u00f3n profunda de patrones de comportamiento y gesti\u00f3n emocional para sanar patrones limitantes.Vamos limpiar el cuerpo con alimentos vivos, jugos, hierbas, quelaci\u00f3n de metales pesados, entre otras herramientas. No s\u00f3lo trabajaremos a nivel f\u00edsico, sino tambi\u00e9n Psico-emocional.  Qu\u00e9 incluye:  \u2022 1 Evaluaci\u00f3n de Salud, Mapa para navegar los 40 d\u00edas, incluye plan de alimentaci\u00f3n, protocolos y recomendaciones de herbolaria (2hs)  \u2022 1 Reprogramaci\u00f3n De Creencias ( 2hs) para ir a la ra\u00edz del s\u00edntoma o enfermedad, a trav\u00e9s de herramientas de Som\u00e1tica, trabajo de trauma y Regresi\u00f3n.  \u2022 2 Sesiones de Check In (30 minutos c\/u) para hacer ajustes a tus rutinas y protocolos.  \u2022 1 Sesi\u00f3n Cierre y Plan post Detox (1hr) para los meses siguientes  \u2022 5 Check in semanal (Domingo) por whatsapp  \u2022 40 d\u00edas de acompa\u00f1amiento cercano y compasivo a diario, acceso directo a Lu Del Mar  \u2022 Meditaciones y ejercicios pregrabadas  \u2022Clases de Danza terap\u00e9utica pregrabadas  \u2022 Limpieza de \u00d3rganos, linfa, Limpieza hep\u00e1tica, Desparasitaci\u00f3n  \u2022Quelaci\u00f3n para sacar metales pesados  \u2022 Materiales: Gu\u00eda detox y Talleres Grabados  \u2022Libro de recetas y lista de compras para el supermercado \u2022Para implantes: Gu\u00edas para prepararse antes y despu\u00e9s de la explantaci\u00f3n  \u2022BONOS: Cientos de recetas veganas y crudiveganas, ebooks de alimentaci\u00f3n saludable e higienismo  Valor: $11,622 mexicanos \/ $670 USD Aprox (seg\u00fan cambio) \/ Argentinos preguntar! Whatsapp: +52 55 1620 7310 O Link directo: https:\/\/tinyurl.com\/Contacto-AlquimiaRegenerativa","og_url":"https:\/\/alquimiaregenerativa.com\/en\/tienda\/detox-individual-40-dias\/","og_site_name":"Alquimia Regenerativa","article_modified_time":"2026-01-30T15:47:04+00:00","og_image":[{"width":1080,"height":1080,"url":"https:\/\/alquimiaregenerativa.com\/wp-content\/uploads\/2024\/06\/BECAS-2.png","type":"image\/png"}],"twitter_card":"summary_large_image","twitter_misc":{"Price":"MXN $&nbsp;11,622.00","Availability":"In stock"},"schema":{"@context":"https:\/\/schema.org","@graph":[{"@type":"WebPage","@id":"https:\/\/alquimiaregenerativa.com\/tienda\/detox-individual-40-dias\/","url":"https:\/\/alquimiaregenerativa.com\/tienda\/detox-individual-40-dias\/","name":"40-DAY INDIVIDUAL DETOX - Regenerative Alchemy","isPartOf":{"@id":"https:\/\/alquimiaregenerativa.com\/#website"},"primaryImageOfPage":{"@id":"https:\/\/alquimiaregenerativa.com\/tienda\/detox-individual-40-dias\/#primaryimage"},"image":{"@id":"https:\/\/alquimiaregenerativa.com\/tienda\/detox-individual-40-dias\/#primaryimage"},"thumbnailUrl":"https:\/\/alquimiaregenerativa.com\/wp-content\/uploads\/2024\/06\/BECAS-2.png","datePublished":"2024-06-13T16:57:44+00:00","dateModified":"2026-01-30T15:47:04+00:00","breadcrumb":{"@id":"https:\/\/alquimiaregenerativa.com\/tienda\/detox-individual-40-dias\/#breadcrumb"},"inLanguage":"en-US","potentialAction":[{"@type":"ReadAction","target":["https:\/\/alquimiaregenerativa.com\/tienda\/detox-individual-40-dias\/"]}]},{"@type":"ImageObject","inLanguage":"en-US","@id":"https:\/\/alquimiaregenerativa.com\/tienda\/detox-individual-40-dias\/#primaryimage","url":"https:\/\/alquimiaregenerativa.com\/wp-content\/uploads\/2024\/06\/BECAS-2.png","contentUrl":"https:\/\/alquimiaregenerativa.com\/wp-content\/uploads\/2024\/06\/BECAS-2.png","width":1080,"height":1080},{"@type":"BreadcrumbList","@id":"https:\/\/alquimiaregenerativa.com\/tienda\/detox-individual-40-dias\/#breadcrumb","itemListElement":[{"@type":"ListItem","position":1,"name":"Portada","item":"https:\/\/alquimiaregenerativa.com\/"},{"@type":"ListItem","position":2,"name":"Tienda","item":"https:\/\/alquimiaregenerativa.com\/tienda\/"},{"@type":"ListItem","position":3,"name":"DETOX INDIVIDUAL 40 D\u00cdAS"}]},{"@type":"WebSite","@id":"https:\/\/alquimiaregenerativa.com\/#website","url":"https:\/\/alquimiaregenerativa.com\/","name":"Regenerative Alchemy","description":"Start your transformation process","potentialAction":[{"@type":"SearchAction","target":{"@type":"EntryPoint","urlTemplate":"https:\/\/alquimiaregenerativa.com\/?s={search_term_string}"},"query-input":{"@type":"PropertyValueSpecification","valueRequired":true,"valueName":"search_term_string"}}],"inLanguage":"en-US"}]},"product_price_amount":"11622.00","product_price_currency":"MXN","og_availability":"instock","product_availability":"instock","product_condition":"new"},"jetpack_sharing_enabled":true,"_links":{"self":[{"href":"https:\/\/alquimiaregenerativa.com\/en\/wp-json\/wp\/v2\/product\/87","targetHints":{"allow":["GET"]}}],"collection":[{"href":"https:\/\/alquimiaregenerativa.com\/en\/wp-json\/wp\/v2\/product"}],"about":[{"href":"https:\/\/alquimiaregenerativa.com\/en\/wp-json\/wp\/v2\/types\/product"}],"replies":[{"embeddable":true,"href":"https:\/\/alquimiaregenerativa.com\/en\/wp-json\/wp\/v2\/comments?post=87"}],"wp:featuredmedia":[{"embeddable":true,"href":"https:\/\/alquimiaregenerativa.com\/en\/wp-json\/wp\/v2\/media\/145"}],"wp:attachment":[{"href":"https:\/\/alquimiaregenerativa.com\/en\/wp-json\/wp\/v2\/media?parent=87"}],"wp:term":[{"taxonomy":"product_brand","embeddable":true,"href":"https:\/\/alquimiaregenerativa.com\/en\/wp-json\/wp\/v2\/product_brand?post=87"},{"taxonomy":"product_cat","embeddable":true,"href":"https:\/\/alquimiaregenerativa.com\/en\/wp-json\/wp\/v2\/product_cat?post=87"},{"taxonomy":"product_tag","embeddable":true,"href":"https:\/\/alquimiaregenerativa.com\/en\/wp-json\/wp\/v2\/product_tag?post=87"}],"curies":[{"name":"wp","href":"https:\/\/api.w.org\/{rel}","templated":true}]}}