{"id":88,"date":"2024-06-13T18:57:44","date_gmt":"2024-06-13T16:57:44","guid":{"rendered":"https:\/\/alquimiaregenerativa.com\/?post_type=product&#038;p=88"},"modified":"2026-04-11T03:36:08","modified_gmt":"2026-04-11T01:36:08","slug":"detox-autogestion-momentaneamente-30-off","status":"publish","type":"product","link":"https:\/\/alquimiaregenerativa.com\/en\/tienda\/detox-autogestion-momentaneamente-30-off\/","title":{"rendered":"Self-Management Detox (With or Without Support)"},"content":{"rendered":"","protected":false},"excerpt":{"rendered":"<p>If you are looking to detox on your own and at your own pace, with clear and concise information and a good guide, this detox is for you. This program is created so that you can self-manage, with the appropriate information during this process. You will have information that will support you physically, mentally and emotionally.<\/p>\n<p>With this Detox, you will have access to all the recordings and materials, so you can start at the time you choose, at your own pace for the duration you decide. You will be able to do the daily meditations and challenges, they are included. This is the option if you are just starting out and want to know what a detox is all about.<\/p>\n<p><strong>BENEFITS<\/strong><br \/>\n\u2022 How to cleanse the body naturally<br \/>\n\u2022 Create openness and centering through yoga practice<br \/>\n\u2022 Reconnect with your body and health from a more loving place, healing that relationship<br \/>\n\u2022 Learn what level of Detox (fruit, vegetables or juices) is most suitable, every body is different!<br \/>\n\u2022 Learn how to never get sick again through diet.<br \/>\n\u2022 Learn what allopathic medicine doesn&#039;t tell you about the relationship between food and optimal health.<br \/>\n\u2022 How to strengthen your will and discipline (even if you&#039;ve never been able to before) through reprogramming.<br \/>\n\u2022 How to plan and organize to have everything ready in a short time and in a simplified way (we tell you step by step).<br \/>\n\u2022 What is emotional hunger vs physical hunger.<br \/>\n\u2022 Emotional Detox, when trapped emotions that come out with toxins begin to heal.<br \/>\n\u2022 What are the optimal foods for health and their correct combination for optimal digestion.<\/p>\n<p><strong>WHERE AND WHEN<\/strong><br \/>\n\u2013 Online through a platform where you will have access to the recordings and materials<br \/>\n\u2013 You can start whenever you decide, you have 30 days of validity from your purchase<\/p>\n<p><strong>MATERIALS<\/strong><\/p>\n<p>\u2022 Step-by-step PDF guide with everything seen in the group session.<br \/>\n\u2022 PDF guide to herbal medicine or herbs (that really work!)<br \/>\n\u2022 PDF recipe book with recipes and shopping list for the supermarket.<br \/>\n\u2022 Powerful phrases to heal (Reprogramming).<br \/>\n\u2022 Meditation and visualization (Audios).<br \/>\n\u2022 BONUSES: hundreds of vegan and raw vegan recipes and ebooks on healthy eating and detoxification.<\/p>\n<p><strong>What&#039;s included<\/strong>:<br \/>\n\u2022 Group Coaching Recording (4 hours) on Physical, Mental and Emotional Detox \u2022 Recording of 21 Meditations and daily exercises \u2022 Recording of 9 Yoga or dance classes \u2022 Recording of transition workshop \u2022 Recording of Closing Session and post-detox steps \u2022 30 days of support (email &amp; WhatsApp) \u2022 Options for you to choose from 3 levels of Detox (raw, fruit or juices)<\/p>\n<p><span style=\"font-weight: 400;\">\ud83d\udcb0 INVESTMENT<\/span><\/p>\n<p><span style=\"font-weight: 400;\"><strong>Option 1: Detox with Guide and 1-hour Individual Session:<\/strong> 2,555 mxn \/142 usd \/ 213 thousand ars.<\/span><\/p>\n<p><span style=\"font-weight: 400;\"><strong>Option 2: Detox with Guide and without Session:<\/strong> 1,777 mxn \/ 99 usd \/ 140 thousand ars.<\/span><\/p>\n<p><span style=\"font-weight: 400;\"><strong>Option 3: Detox without a Guide and without a Session:<\/strong> 1,222 mxn \/68 usd \/ 96 thousand ars.<\/span><\/p>\n<p>&nbsp;<\/p>","protected":false},"featured_media":148,"comment_status":"open","ping_status":"closed","template":"","meta":{"site-sidebar-layout":"default","site-content-layout":"","ast-site-content-layout":"default","site-content-style":"default","site-sidebar-style":"default","ast-global-header-display":"","ast-banner-title-visibility":"","ast-main-header-display":"","ast-hfb-above-header-display":"","ast-hfb-below-header-display":"","ast-hfb-mobile-header-display":"","site-post-title":"","ast-breadcrumbs-content":"","ast-featured-img":"","footer-sml-layout":"","ast-disable-related-posts":"","theme-transparent-header-meta":"default","adv-header-id-meta":"","stick-header-meta":"","header-above-stick-meta":"","header-main-stick-meta":"","header-below-stick-meta":"","astra-migrate-meta-layouts":"set","ast-page-background-enabled":"default","ast-page-background-meta":{"desktop":{"background-color":"var(--ast-global-color-4)","background-image":"","background-repeat":"repeat","background-position":"center center","background-size":"auto","background-attachment":"scroll","background-type":"","background-media":"","overlay-type":"","overlay-color":"","overlay-opacity":"","overlay-gradient":""},"tablet":{"background-color":"","background-image":"","background-repeat":"repeat","background-position":"center center","background-size":"auto","background-attachment":"scroll","background-type":"","background-media":"","overlay-type":"","overlay-color":"","overlay-opacity":"","overlay-gradient":""},"mobile":{"background-color":"","background-image":"","background-repeat":"repeat","background-position":"center center","background-size":"auto","background-attachment":"scroll","background-type":"","background-media":"","overlay-type":"","overlay-color":"","overlay-opacity":"","overlay-gradient":""}},"ast-content-background-meta":{"desktop":{"background-color":"var(--ast-global-color-5)","background-image":"","background-repeat":"repeat","background-position":"center center","background-size":"auto","background-attachment":"scroll","background-type":"","background-media":"","overlay-type":"","overlay-color":"","overlay-opacity":"","overlay-gradient":""},"tablet":{"background-color":"var(--ast-global-color-5)","background-image":"","background-repeat":"repeat","background-position":"center center","background-size":"auto","background-attachment":"scroll","background-type":"","background-media":"","overlay-type":"","overlay-color":"","overlay-opacity":"","overlay-gradient":""},"mobile":{"background-color":"var(--ast-global-color-5)","background-image":"","background-repeat":"repeat","background-position":"center center","background-size":"auto","background-attachment":"scroll","background-type":"","background-media":"","overlay-type":"","overlay-color":"","overlay-opacity":"","overlay-gradient":""}},"_joinchat":[]},"product_brand":[],"product_cat":[24],"product_tag":[],"class_list":{"0":"post-88","1":"product","2":"type-product","3":"status-publish","4":"has-post-thumbnail","6":"product_cat-programas","7":"desktop-align-center","8":"tablet-align-center","9":"mobile-align-center","11":"first","12":"instock","13":"sold-individually","14":"taxable","15":"shipping-taxable","16":"purchasable","17":"product-type-variable"},"yoast_head":"<!-- This site is optimized with the Yoast SEO Premium plugin v23.4 (Yoast SEO v27.4) - https:\/\/yoast.com\/product\/yoast-seo-premium-wordpress\/ -->\n<title>Detox Autogesti\u00f3n (Con o sin Acompa\u00f1amiento) - Alquimia Regenerativa<\/title>\n<meta name=\"robots\" content=\"index, follow, max-snippet:-1, max-image-preview:large, max-video-preview:-1\" \/>\n<link rel=\"canonical\" href=\"https:\/\/alquimiaregenerativa.com\/en\/tienda\/detox-autogestion-momentaneamente-30-off\/\" \/>\n<meta property=\"og:locale\" content=\"en_US\" \/>\n<meta property=\"og:type\" content=\"article\" \/>\n<meta property=\"og:title\" content=\"Detox Autogesti\u00f3n (Con o sin Acompa\u00f1amiento)\" \/>\n<meta property=\"og:description\" content=\"Si buscas realizar un detox por tu cuenta y a tu propio ritmo, con informaci\u00f3n clara y concisa, buena gu\u00eda, este detox es para ti. Este programa est\u00e1 creado para que te puedas autogestionar, con la informaci\u00f3n adecuada durante este proceso. Tendr\u00e1s informaci\u00f3n que te apoyar\u00e1 a nivel f\u00edsico, mental y emocional.  Con este Detox, podr\u00e1s tener acceso a todas las grabaciones y materiales, para poder iniciar en el momento que tu elijas, a tu propio ritmo por la duraci\u00f3n que t\u00fa decidas. Podr\u00e1s realizar las meditaciones y desaf\u00edos diarios, est\u00e1n incluidos. Esta es la opci\u00f3n si est\u00e1s reci\u00e9n empezando y quieres saber de qu\u00e9 se trata un detox.  BENEFICIOS \u2022 C\u00f3mo depurar el cuerpo de manera natural \u2022 Crear apertura y centramiento a trav\u00e9s de la pr\u00e1ctica de yoga \u2022 Volver a conectar con tu cuerpo y salud desde un lugar m\u00e1s amoroso, sanando esa relaci\u00f3n \u2022 Aprender qu\u00e9 nivel de Detox (fruta, verduras o jugos) es el m\u00e1s adecuado, cada cuerpo es diferente! \u2022 Aprender a c\u00f3mo no enfermarse nunca m\u00e1s a trav\u00e9s de la alimentaci\u00f3n. \u2022 Aprender lo que la medicina alop\u00e1tica no te dice sobre la relaci\u00f3n entre los alimentos y la salud \u00f3ptima. \u2022 C\u00f3mo fortalecer la voluntad y la disciplina (aunque nunca hayas podido antes), a trav\u00e9s de la reprogramaci\u00f3n. \u2022 C\u00f3mo planificar y organizarse para tener todo listo en poco tiempo y de manera simplificada (te decimos el paso a paso). \u2022 Qu\u00e9 es el hambre emocional vs el hambre f\u00edsico. \u2022 Detox Emocional, cu\u00e1ndo empiezan a sanar las emociones atrapadas que salen con las toxinas. \u2022 Cu\u00e1les son los alimentos \u00f3ptimos para la salud y su combinaci\u00f3n correcta para digestiones \u00f3ptimas.  D\u00d3NDE Y CU\u00c1NDO \u2013 Online a trav\u00e9s de una plataforma donde tendr\u00e1s acceso a las grabaciones y materiales \u2013 Puedes empezar cuando t\u00fa decidas, tienes 30 d\u00edas de validez a partir de tu compra  MATERIALES  \u2022 Gu\u00eda pdf paso a paso con todo lo que se ve en la sesi\u00f3n grupal. \u2022 Gu\u00eda pdf de herbolaria o hierbas (que s\u00ed funcionan!) \u2022 Recetario en pdf con recetas y lista de compras para el supermercado. \u2022 Frases poderosas para sanar (Reprogramaci\u00f3n). \u2022 Meditaci\u00f3n y visualizaci\u00f3n (Audios). \u2022 BONOS: cientos de recetas veganas y crudiveganas y ebooks de alimentaci\u00f3n sana y detoxificaci\u00f3n.  Qu\u00e9 incluye: \u2022 Grabaci\u00f3n de Coaching Grupal (4 horas) sobre Detox F\u00edsico, Mental y Emocional \u2022 Grabaci\u00f3n de 21 Meditaciones y ejercicios diarios \u2022 Grabaci\u00f3n de 9 clases de Yoga o danza \u2022 Grabaci\u00f3n de taller de transici\u00f3n \u2022 Grabaci\u00f3n de Sesi\u00f3n de Cierre y pasos post detox \u2022 30 d\u00edas de soporte (email &amp; WhatsApp) \u2022 Opciones para que elijas de 3 niveles de Detox (crudo, fruta o jugos)  \ud83d\udcb0 INVERSI\u00d3N  Opci\u00f3n 1: Detox con Gu\u00eda y Sesi\u00f3n Individual de 1 hs : 2,555 mxn \/142\u00a0 usd \/ 213 mil ars.  Opci\u00f3n 2: Detox con Gu\u00eda y sin Sesi\u00f3n: 1,777 mxn \/99 usd \/ 140 mil ars.  Opci\u00f3n 3: Detox sin Gu\u00eda y sin Sesi\u00f3n: 1,222 mxn \/68 usd \/ 96 mil ars.  &nbsp;\" \/>\n<meta property=\"og:url\" content=\"https:\/\/alquimiaregenerativa.com\/en\/tienda\/detox-autogestion-momentaneamente-30-off\/\" \/>\n<meta property=\"og:site_name\" content=\"Alquimia Regenerativa\" \/>\n<meta property=\"article:modified_time\" content=\"2026-04-11T01:36:08+00:00\" \/>\n<meta property=\"og:image\" content=\"https:\/\/alquimiaregenerativa.com\/wp-content\/uploads\/2024\/06\/AD-DETOX-GRUPAL-287-Instagram-Post-Square-6.png\" \/>\n\t<meta property=\"og:image:width\" content=\"1080\" \/>\n\t<meta property=\"og:image:height\" content=\"1080\" \/>\n\t<meta property=\"og:image:type\" content=\"image\/png\" \/>\n<meta name=\"twitter:card\" content=\"summary_large_image\" \/>\n<meta name=\"twitter:label1\" content=\"Availability\" \/>\n\t<meta name=\"twitter:data1\" content=\"In stock\" \/>\n<script type=\"application\/ld+json\" class=\"yoast-schema-graph\">{\"@context\":\"https:\\\/\\\/schema.org\",\"@graph\":[{\"@type\":\"WebPage\",\"@id\":\"https:\\\/\\\/alquimiaregenerativa.com\\\/tienda\\\/detox-autogestion-momentaneamente-30-off\\\/\",\"url\":\"https:\\\/\\\/alquimiaregenerativa.com\\\/tienda\\\/detox-autogestion-momentaneamente-30-off\\\/\",\"name\":\"Detox Autogesti\u00f3n (Con o sin Acompa\u00f1amiento) - Alquimia Regenerativa\",\"isPartOf\":{\"@id\":\"https:\\\/\\\/alquimiaregenerativa.com\\\/#website\"},\"primaryImageOfPage\":{\"@id\":\"https:\\\/\\\/alquimiaregenerativa.com\\\/tienda\\\/detox-autogestion-momentaneamente-30-off\\\/#primaryimage\"},\"image\":{\"@id\":\"https:\\\/\\\/alquimiaregenerativa.com\\\/tienda\\\/detox-autogestion-momentaneamente-30-off\\\/#primaryimage\"},\"thumbnailUrl\":\"https:\\\/\\\/alquimiaregenerativa.com\\\/wp-content\\\/uploads\\\/2024\\\/06\\\/AD-DETOX-GRUPAL-287-Instagram-Post-Square-6.png\",\"datePublished\":\"2024-06-13T16:57:44+00:00\",\"dateModified\":\"2026-04-11T01:36:08+00:00\",\"breadcrumb\":{\"@id\":\"https:\\\/\\\/alquimiaregenerativa.com\\\/tienda\\\/detox-autogestion-momentaneamente-30-off\\\/#breadcrumb\"},\"inLanguage\":\"en-US\",\"potentialAction\":[{\"@type\":\"ReadAction\",\"target\":[\"https:\\\/\\\/alquimiaregenerativa.com\\\/tienda\\\/detox-autogestion-momentaneamente-30-off\\\/\"]}]},{\"@type\":\"ImageObject\",\"inLanguage\":\"en-US\",\"@id\":\"https:\\\/\\\/alquimiaregenerativa.com\\\/tienda\\\/detox-autogestion-momentaneamente-30-off\\\/#primaryimage\",\"url\":\"https:\\\/\\\/alquimiaregenerativa.com\\\/wp-content\\\/uploads\\\/2024\\\/06\\\/AD-DETOX-GRUPAL-287-Instagram-Post-Square-6.png\",\"contentUrl\":\"https:\\\/\\\/alquimiaregenerativa.com\\\/wp-content\\\/uploads\\\/2024\\\/06\\\/AD-DETOX-GRUPAL-287-Instagram-Post-Square-6.png\",\"width\":1080,\"height\":1080},{\"@type\":\"BreadcrumbList\",\"@id\":\"https:\\\/\\\/alquimiaregenerativa.com\\\/tienda\\\/detox-autogestion-momentaneamente-30-off\\\/#breadcrumb\",\"itemListElement\":[{\"@type\":\"ListItem\",\"position\":1,\"name\":\"Portada\",\"item\":\"https:\\\/\\\/alquimiaregenerativa.com\\\/\"},{\"@type\":\"ListItem\",\"position\":2,\"name\":\"Tienda\",\"item\":\"https:\\\/\\\/alquimiaregenerativa.com\\\/tienda\\\/\"},{\"@type\":\"ListItem\",\"position\":3,\"name\":\"Detox Autogesti\u00f3n (Con o sin Acompa\u00f1amiento)\"}]},{\"@type\":\"WebSite\",\"@id\":\"https:\\\/\\\/alquimiaregenerativa.com\\\/#website\",\"url\":\"https:\\\/\\\/alquimiaregenerativa.com\\\/\",\"name\":\"Alquimia Regenerativa\",\"description\":\"Comienza tu proceso de tranformaci\u00f3n\",\"potentialAction\":[{\"@type\":\"SearchAction\",\"target\":{\"@type\":\"EntryPoint\",\"urlTemplate\":\"https:\\\/\\\/alquimiaregenerativa.com\\\/?s={search_term_string}\"},\"query-input\":{\"@type\":\"PropertyValueSpecification\",\"valueRequired\":true,\"valueName\":\"search_term_string\"}}],\"inLanguage\":\"en-US\"}]}<\/script>\n<meta property=\"og:availability\" content=\"instock\" \/>\n<meta property=\"product:availability\" content=\"instock\" \/>\n<meta property=\"product:condition\" content=\"new\" \/>\n<!-- \/ Yoast SEO Premium plugin. -->","yoast_head_json":{"title":"Detox Autogesti\u00f3n (Con o sin Acompa\u00f1amiento) - Alquimia Regenerativa","robots":{"index":"index","follow":"follow","max-snippet":"max-snippet:-1","max-image-preview":"max-image-preview:large","max-video-preview":"max-video-preview:-1"},"canonical":"https:\/\/alquimiaregenerativa.com\/en\/tienda\/detox-autogestion-momentaneamente-30-off\/","og_locale":"en_US","og_type":"article","og_title":"Detox Autogesti\u00f3n (Con o sin Acompa\u00f1amiento)","og_description":"Si buscas realizar un detox por tu cuenta y a tu propio ritmo, con informaci\u00f3n clara y concisa, buena gu\u00eda, este detox es para ti. Este programa est\u00e1 creado para que te puedas autogestionar, con la informaci\u00f3n adecuada durante este proceso. Tendr\u00e1s informaci\u00f3n que te apoyar\u00e1 a nivel f\u00edsico, mental y emocional.  Con este Detox, podr\u00e1s tener acceso a todas las grabaciones y materiales, para poder iniciar en el momento que tu elijas, a tu propio ritmo por la duraci\u00f3n que t\u00fa decidas. Podr\u00e1s realizar las meditaciones y desaf\u00edos diarios, est\u00e1n incluidos. Esta es la opci\u00f3n si est\u00e1s reci\u00e9n empezando y quieres saber de qu\u00e9 se trata un detox.  BENEFICIOS \u2022 C\u00f3mo depurar el cuerpo de manera natural \u2022 Crear apertura y centramiento a trav\u00e9s de la pr\u00e1ctica de yoga \u2022 Volver a conectar con tu cuerpo y salud desde un lugar m\u00e1s amoroso, sanando esa relaci\u00f3n \u2022 Aprender qu\u00e9 nivel de Detox (fruta, verduras o jugos) es el m\u00e1s adecuado, cada cuerpo es diferente! \u2022 Aprender a c\u00f3mo no enfermarse nunca m\u00e1s a trav\u00e9s de la alimentaci\u00f3n. \u2022 Aprender lo que la medicina alop\u00e1tica no te dice sobre la relaci\u00f3n entre los alimentos y la salud \u00f3ptima. \u2022 C\u00f3mo fortalecer la voluntad y la disciplina (aunque nunca hayas podido antes), a trav\u00e9s de la reprogramaci\u00f3n. \u2022 C\u00f3mo planificar y organizarse para tener todo listo en poco tiempo y de manera simplificada (te decimos el paso a paso). \u2022 Qu\u00e9 es el hambre emocional vs el hambre f\u00edsico. \u2022 Detox Emocional, cu\u00e1ndo empiezan a sanar las emociones atrapadas que salen con las toxinas. \u2022 Cu\u00e1les son los alimentos \u00f3ptimos para la salud y su combinaci\u00f3n correcta para digestiones \u00f3ptimas.  D\u00d3NDE Y CU\u00c1NDO \u2013 Online a trav\u00e9s de una plataforma donde tendr\u00e1s acceso a las grabaciones y materiales \u2013 Puedes empezar cuando t\u00fa decidas, tienes 30 d\u00edas de validez a partir de tu compra  MATERIALES  \u2022 Gu\u00eda pdf paso a paso con todo lo que se ve en la sesi\u00f3n grupal. \u2022 Gu\u00eda pdf de herbolaria o hierbas (que s\u00ed funcionan!) \u2022 Recetario en pdf con recetas y lista de compras para el supermercado. \u2022 Frases poderosas para sanar (Reprogramaci\u00f3n). \u2022 Meditaci\u00f3n y visualizaci\u00f3n (Audios). \u2022 BONOS: cientos de recetas veganas y crudiveganas y ebooks de alimentaci\u00f3n sana y detoxificaci\u00f3n.  Qu\u00e9 incluye: \u2022 Grabaci\u00f3n de Coaching Grupal (4 horas) sobre Detox F\u00edsico, Mental y Emocional \u2022 Grabaci\u00f3n de 21 Meditaciones y ejercicios diarios \u2022 Grabaci\u00f3n de 9 clases de Yoga o danza \u2022 Grabaci\u00f3n de taller de transici\u00f3n \u2022 Grabaci\u00f3n de Sesi\u00f3n de Cierre y pasos post detox \u2022 30 d\u00edas de soporte (email &amp; WhatsApp) \u2022 Opciones para que elijas de 3 niveles de Detox (crudo, fruta o jugos)  \ud83d\udcb0 INVERSI\u00d3N  Opci\u00f3n 1: Detox con Gu\u00eda y Sesi\u00f3n Individual de 1 hs : 2,555 mxn \/142\u00a0 usd \/ 213 mil ars.  Opci\u00f3n 2: Detox con Gu\u00eda y sin Sesi\u00f3n: 1,777 mxn \/99 usd \/ 140 mil ars.  Opci\u00f3n 3: Detox sin Gu\u00eda y sin Sesi\u00f3n: 1,222 mxn \/68 usd \/ 96 mil ars.  &nbsp;","og_url":"https:\/\/alquimiaregenerativa.com\/en\/tienda\/detox-autogestion-momentaneamente-30-off\/","og_site_name":"Alquimia Regenerativa","article_modified_time":"2026-04-11T01:36:08+00:00","og_image":[{"width":1080,"height":1080,"url":"https:\/\/alquimiaregenerativa.com\/wp-content\/uploads\/2024\/06\/AD-DETOX-GRUPAL-287-Instagram-Post-Square-6.png","type":"image\/png"}],"twitter_card":"summary_large_image","twitter_misc":{"Availability":"In stock"},"schema":{"@context":"https:\/\/schema.org","@graph":[{"@type":"WebPage","@id":"https:\/\/alquimiaregenerativa.com\/tienda\/detox-autogestion-momentaneamente-30-off\/","url":"https:\/\/alquimiaregenerativa.com\/tienda\/detox-autogestion-momentaneamente-30-off\/","name":"Detox Autogesti\u00f3n (Con o sin Acompa\u00f1amiento) - Alquimia Regenerativa","isPartOf":{"@id":"https:\/\/alquimiaregenerativa.com\/#website"},"primaryImageOfPage":{"@id":"https:\/\/alquimiaregenerativa.com\/tienda\/detox-autogestion-momentaneamente-30-off\/#primaryimage"},"image":{"@id":"https:\/\/alquimiaregenerativa.com\/tienda\/detox-autogestion-momentaneamente-30-off\/#primaryimage"},"thumbnailUrl":"https:\/\/alquimiaregenerativa.com\/wp-content\/uploads\/2024\/06\/AD-DETOX-GRUPAL-287-Instagram-Post-Square-6.png","datePublished":"2024-06-13T16:57:44+00:00","dateModified":"2026-04-11T01:36:08+00:00","breadcrumb":{"@id":"https:\/\/alquimiaregenerativa.com\/tienda\/detox-autogestion-momentaneamente-30-off\/#breadcrumb"},"inLanguage":"en-US","potentialAction":[{"@type":"ReadAction","target":["https:\/\/alquimiaregenerativa.com\/tienda\/detox-autogestion-momentaneamente-30-off\/"]}]},{"@type":"ImageObject","inLanguage":"en-US","@id":"https:\/\/alquimiaregenerativa.com\/tienda\/detox-autogestion-momentaneamente-30-off\/#primaryimage","url":"https:\/\/alquimiaregenerativa.com\/wp-content\/uploads\/2024\/06\/AD-DETOX-GRUPAL-287-Instagram-Post-Square-6.png","contentUrl":"https:\/\/alquimiaregenerativa.com\/wp-content\/uploads\/2024\/06\/AD-DETOX-GRUPAL-287-Instagram-Post-Square-6.png","width":1080,"height":1080},{"@type":"BreadcrumbList","@id":"https:\/\/alquimiaregenerativa.com\/tienda\/detox-autogestion-momentaneamente-30-off\/#breadcrumb","itemListElement":[{"@type":"ListItem","position":1,"name":"Portada","item":"https:\/\/alquimiaregenerativa.com\/"},{"@type":"ListItem","position":2,"name":"Tienda","item":"https:\/\/alquimiaregenerativa.com\/tienda\/"},{"@type":"ListItem","position":3,"name":"Detox Autogesti\u00f3n (Con o sin Acompa\u00f1amiento)"}]},{"@type":"WebSite","@id":"https:\/\/alquimiaregenerativa.com\/#website","url":"https:\/\/alquimiaregenerativa.com\/","name":"Regenerative Alchemy","description":"Start your transformation process","potentialAction":[{"@type":"SearchAction","target":{"@type":"EntryPoint","urlTemplate":"https:\/\/alquimiaregenerativa.com\/?s={search_term_string}"},"query-input":{"@type":"PropertyValueSpecification","valueRequired":true,"valueName":"search_term_string"}}],"inLanguage":"en-US"}]},"og_availability":"instock","product_availability":"instock","product_condition":"new"},"jetpack_sharing_enabled":true,"_links":{"self":[{"href":"https:\/\/alquimiaregenerativa.com\/en\/wp-json\/wp\/v2\/product\/88","targetHints":{"allow":["GET"]}}],"collection":[{"href":"https:\/\/alquimiaregenerativa.com\/en\/wp-json\/wp\/v2\/product"}],"about":[{"href":"https:\/\/alquimiaregenerativa.com\/en\/wp-json\/wp\/v2\/types\/product"}],"replies":[{"embeddable":true,"href":"https:\/\/alquimiaregenerativa.com\/en\/wp-json\/wp\/v2\/comments?post=88"}],"wp:featuredmedia":[{"embeddable":true,"href":"https:\/\/alquimiaregenerativa.com\/en\/wp-json\/wp\/v2\/media\/148"}],"wp:attachment":[{"href":"https:\/\/alquimiaregenerativa.com\/en\/wp-json\/wp\/v2\/media?parent=88"}],"wp:term":[{"taxonomy":"product_brand","embeddable":true,"href":"https:\/\/alquimiaregenerativa.com\/en\/wp-json\/wp\/v2\/product_brand?post=88"},{"taxonomy":"product_cat","embeddable":true,"href":"https:\/\/alquimiaregenerativa.com\/en\/wp-json\/wp\/v2\/product_cat?post=88"},{"taxonomy":"product_tag","embeddable":true,"href":"https:\/\/alquimiaregenerativa.com\/en\/wp-json\/wp\/v2\/product_tag?post=88"}],"curies":[{"name":"wp","href":"https:\/\/api.w.org\/{rel}","templated":true}]}}