{"id":8803,"date":"2026-01-22T18:45:36","date_gmt":"2026-01-22T17:45:36","guid":{"rendered":"https:\/\/alquimiaregenerativa.com\/tienda\/11-2-detox-grupal-7-dias-desparasitacion-y-limpieza-hepatica\/"},"modified":"2026-03-16T23:30:16","modified_gmt":"2026-03-16T22:30:16","slug":"11-2-detox-grupal-7-dias-desparasitacion-y-limpieza-hepatica","status":"publish","type":"product","link":"https:\/\/alquimiaregenerativa.com\/en\/tienda\/11-2-detox-grupal-7-dias-desparasitacion-y-limpieza-hepatica\/","title":{"rendered":"1 1\/2 Group Detox 7 Days Parasite Cleansing and Liver Cleanse"},"content":{"rendered":"","protected":false},"excerpt":{"rendered":"","protected":false},"featured_media":8802,"comment_status":"open","ping_status":"closed","template":"","meta":{"site-sidebar-layout":"default","site-content-layout":"","ast-site-content-layout":"default","site-content-style":"default","site-sidebar-style":"default","ast-global-header-display":"","ast-banner-title-visibility":"","ast-main-header-display":"","ast-hfb-above-header-display":"","ast-hfb-below-header-display":"","ast-hfb-mobile-header-display":"","site-post-title":"","ast-breadcrumbs-content":"","ast-featured-img":"","footer-sml-layout":"","ast-disable-related-posts":"","theme-transparent-header-meta":"default","adv-header-id-meta":"","stick-header-meta":"","header-above-stick-meta":"","header-main-stick-meta":"","header-below-stick-meta":"","astra-migrate-meta-layouts":"set","ast-page-background-enabled":"default","ast-page-background-meta":{"desktop":{"background-color":"var(--ast-global-color-4)","background-image":"","background-repeat":"repeat","background-position":"center center","background-size":"auto","background-attachment":"scroll","background-type":"","background-media":"","overlay-type":"","overlay-color":"","overlay-opacity":"","overlay-gradient":""},"tablet":{"background-color":"","background-image":"","background-repeat":"repeat","background-position":"center center","background-size":"auto","background-attachment":"scroll","background-type":"","background-media":"","overlay-type":"","overlay-color":"","overlay-opacity":"","overlay-gradient":""},"mobile":{"background-color":"","background-image":"","background-repeat":"repeat","background-position":"center center","background-size":"auto","background-attachment":"scroll","background-type":"","background-media":"","overlay-type":"","overlay-color":"","overlay-opacity":"","overlay-gradient":""}},"ast-content-background-meta":{"desktop":{"background-color":"var(--ast-global-color-5)","background-image":"","background-repeat":"repeat","background-position":"center center","background-size":"auto","background-attachment":"scroll","background-type":"","background-media":"","overlay-type":"","overlay-color":"","overlay-opacity":"","overlay-gradient":""},"tablet":{"background-color":"var(--ast-global-color-5)","background-image":"","background-repeat":"repeat","background-position":"center center","background-size":"auto","background-attachment":"scroll","background-type":"","background-media":"","overlay-type":"","overlay-color":"","overlay-opacity":"","overlay-gradient":""},"mobile":{"background-color":"var(--ast-global-color-5)","background-image":"","background-repeat":"repeat","background-position":"center center","background-size":"auto","background-attachment":"scroll","background-type":"","background-media":"","overlay-type":"","overlay-color":"","overlay-opacity":"","overlay-gradient":""}},"_joinchat":[]},"product_brand":[],"product_cat":[15],"product_tag":[],"class_list":{"0":"post-8803","1":"product","2":"type-product","3":"status-publish","4":"has-post-thumbnail","6":"product_cat-todo","7":"desktop-align-center","8":"tablet-align-center","9":"mobile-align-center","11":"first","12":"instock","13":"virtual","14":"sold-individually","15":"taxable","16":"purchasable","17":"product-type-simple"},"yoast_head":"<!-- This site is optimized with the Yoast SEO Premium plugin v23.4 (Yoast SEO v27.4) - https:\/\/yoast.com\/product\/yoast-seo-premium-wordpress\/ -->\n<title>11\/2 Detox Grupal 7 D\u00edas Desparasitaci\u00f3n y Limpieza Hep\u00e1tica - Alquimia Regenerativa<\/title>\n<meta name=\"robots\" content=\"index, follow, max-snippet:-1, max-image-preview:large, max-video-preview:-1\" \/>\n<link rel=\"canonical\" href=\"https:\/\/alquimiaregenerativa.com\/en\/tienda\/11-2-detox-grupal-7-dias-desparasitacion-y-limpieza-hepatica\/\" \/>\n<meta property=\"og:locale\" content=\"en_US\" \/>\n<meta property=\"og:type\" content=\"article\" \/>\n<meta property=\"og:title\" content=\"11\/2 Detox Grupal 7 D\u00edas Desparasitaci\u00f3n y Limpieza Hep\u00e1tica\" \/>\n<meta property=\"og:url\" content=\"https:\/\/alquimiaregenerativa.com\/en\/tienda\/11-2-detox-grupal-7-dias-desparasitacion-y-limpieza-hepatica\/\" \/>\n<meta property=\"og:site_name\" content=\"Alquimia Regenerativa\" \/>\n<meta property=\"article:modified_time\" content=\"2026-03-16T22:30:16+00:00\" \/>\n<meta property=\"og:image\" content=\"https:\/\/alquimiaregenerativa.com\/wp-content\/uploads\/2025\/11\/detox-110226.png\" \/>\n\t<meta property=\"og:image:width\" content=\"1024\" \/>\n\t<meta property=\"og:image:height\" content=\"1024\" \/>\n\t<meta property=\"og:image:type\" content=\"image\/png\" \/>\n<meta name=\"twitter:card\" content=\"summary_large_image\" \/>\n<meta name=\"twitter:label1\" content=\"Price\" \/>\n\t<meta name=\"twitter:data1\" content=\"MXN $&nbsp;1,777.00\" \/>\n\t<meta name=\"twitter:label2\" content=\"Availability\" \/>\n\t<meta name=\"twitter:data2\" content=\"In stock\" \/>\n<script type=\"application\/ld+json\" class=\"yoast-schema-graph\">{\"@context\":\"https:\\\/\\\/schema.org\",\"@graph\":[{\"@type\":\"WebPage\",\"@id\":\"https:\\\/\\\/alquimiaregenerativa.com\\\/tienda\\\/11-2-detox-grupal-7-dias-desparasitacion-y-limpieza-hepatica\\\/\",\"url\":\"https:\\\/\\\/alquimiaregenerativa.com\\\/tienda\\\/11-2-detox-grupal-7-dias-desparasitacion-y-limpieza-hepatica\\\/\",\"name\":\"11\\\/2 Detox Grupal 7 D\u00edas Desparasitaci\u00f3n y Limpieza Hep\u00e1tica - Alquimia Regenerativa\",\"isPartOf\":{\"@id\":\"https:\\\/\\\/alquimiaregenerativa.com\\\/#website\"},\"primaryImageOfPage\":{\"@id\":\"https:\\\/\\\/alquimiaregenerativa.com\\\/tienda\\\/11-2-detox-grupal-7-dias-desparasitacion-y-limpieza-hepatica\\\/#primaryimage\"},\"image\":{\"@id\":\"https:\\\/\\\/alquimiaregenerativa.com\\\/tienda\\\/11-2-detox-grupal-7-dias-desparasitacion-y-limpieza-hepatica\\\/#primaryimage\"},\"thumbnailUrl\":\"https:\\\/\\\/alquimiaregenerativa.com\\\/wp-content\\\/uploads\\\/2026\\\/01\\\/112-Detox-7-dias-Desparasitacion-Hepatica.png\",\"datePublished\":\"2026-01-22T17:45:36+00:00\",\"dateModified\":\"2026-03-16T22:30:16+00:00\",\"breadcrumb\":{\"@id\":\"https:\\\/\\\/alquimiaregenerativa.com\\\/tienda\\\/11-2-detox-grupal-7-dias-desparasitacion-y-limpieza-hepatica\\\/#breadcrumb\"},\"inLanguage\":\"en-US\",\"potentialAction\":[{\"@type\":\"ReadAction\",\"target\":[\"https:\\\/\\\/alquimiaregenerativa.com\\\/tienda\\\/11-2-detox-grupal-7-dias-desparasitacion-y-limpieza-hepatica\\\/\"]}]},{\"@type\":\"ImageObject\",\"inLanguage\":\"en-US\",\"@id\":\"https:\\\/\\\/alquimiaregenerativa.com\\\/tienda\\\/11-2-detox-grupal-7-dias-desparasitacion-y-limpieza-hepatica\\\/#primaryimage\",\"url\":\"https:\\\/\\\/alquimiaregenerativa.com\\\/wp-content\\\/uploads\\\/2026\\\/01\\\/112-Detox-7-dias-Desparasitacion-Hepatica.png\",\"contentUrl\":\"https:\\\/\\\/alquimiaregenerativa.com\\\/wp-content\\\/uploads\\\/2026\\\/01\\\/112-Detox-7-dias-Desparasitacion-Hepatica.png\",\"width\":1545,\"height\":1999},{\"@type\":\"BreadcrumbList\",\"@id\":\"https:\\\/\\\/alquimiaregenerativa.com\\\/tienda\\\/11-2-detox-grupal-7-dias-desparasitacion-y-limpieza-hepatica\\\/#breadcrumb\",\"itemListElement\":[{\"@type\":\"ListItem\",\"position\":1,\"name\":\"Portada\",\"item\":\"https:\\\/\\\/alquimiaregenerativa.com\\\/\"},{\"@type\":\"ListItem\",\"position\":2,\"name\":\"Tienda\",\"item\":\"https:\\\/\\\/alquimiaregenerativa.com\\\/tienda\\\/\"},{\"@type\":\"ListItem\",\"position\":3,\"name\":\"11\\\/2 Detox Grupal 7 D\u00edas Desparasitaci\u00f3n y Limpieza Hep\u00e1tica\"}]},{\"@type\":\"WebSite\",\"@id\":\"https:\\\/\\\/alquimiaregenerativa.com\\\/#website\",\"url\":\"https:\\\/\\\/alquimiaregenerativa.com\\\/\",\"name\":\"Alquimia Regenerativa\",\"description\":\"Comienza tu proceso de tranformaci\u00f3n\",\"potentialAction\":[{\"@type\":\"SearchAction\",\"target\":{\"@type\":\"EntryPoint\",\"urlTemplate\":\"https:\\\/\\\/alquimiaregenerativa.com\\\/?s={search_term_string}\"},\"query-input\":{\"@type\":\"PropertyValueSpecification\",\"valueRequired\":true,\"valueName\":\"search_term_string\"}}],\"inLanguage\":\"en-US\"}]}<\/script>\n<meta property=\"product:price:amount\" content=\"1777.00\" \/>\n<meta property=\"product:price:currency\" content=\"MXN\" \/>\n<meta property=\"og:availability\" content=\"instock\" \/>\n<meta property=\"product:availability\" content=\"instock\" \/>\n<meta property=\"product:condition\" content=\"new\" \/>\n<!-- \/ Yoast SEO Premium plugin. -->","yoast_head_json":{"title":"11\/2 Detox Grupal 7 D\u00edas Desparasitaci\u00f3n y Limpieza Hep\u00e1tica - Alquimia Regenerativa","robots":{"index":"index","follow":"follow","max-snippet":"max-snippet:-1","max-image-preview":"max-image-preview:large","max-video-preview":"max-video-preview:-1"},"canonical":"https:\/\/alquimiaregenerativa.com\/en\/tienda\/11-2-detox-grupal-7-dias-desparasitacion-y-limpieza-hepatica\/","og_locale":"en_US","og_type":"article","og_title":"11\/2 Detox Grupal 7 D\u00edas Desparasitaci\u00f3n y Limpieza Hep\u00e1tica","og_url":"https:\/\/alquimiaregenerativa.com\/en\/tienda\/11-2-detox-grupal-7-dias-desparasitacion-y-limpieza-hepatica\/","og_site_name":"Alquimia Regenerativa","article_modified_time":"2026-03-16T22:30:16+00:00","og_image":[{"width":1024,"height":1024,"url":"https:\/\/alquimiaregenerativa.com\/wp-content\/uploads\/2025\/11\/detox-110226.png","type":"image\/png"}],"twitter_card":"summary_large_image","twitter_misc":{"Price":"MXN $&nbsp;1,777.00","Availability":"In stock"},"schema":{"@context":"https:\/\/schema.org","@graph":[{"@type":"WebPage","@id":"https:\/\/alquimiaregenerativa.com\/tienda\/11-2-detox-grupal-7-dias-desparasitacion-y-limpieza-hepatica\/","url":"https:\/\/alquimiaregenerativa.com\/tienda\/11-2-detox-grupal-7-dias-desparasitacion-y-limpieza-hepatica\/","name":"11\/2 Detox Grupal 7 D\u00edas Desparasitaci\u00f3n y Limpieza Hep\u00e1tica - Alquimia Regenerativa","isPartOf":{"@id":"https:\/\/alquimiaregenerativa.com\/#website"},"primaryImageOfPage":{"@id":"https:\/\/alquimiaregenerativa.com\/tienda\/11-2-detox-grupal-7-dias-desparasitacion-y-limpieza-hepatica\/#primaryimage"},"image":{"@id":"https:\/\/alquimiaregenerativa.com\/tienda\/11-2-detox-grupal-7-dias-desparasitacion-y-limpieza-hepatica\/#primaryimage"},"thumbnailUrl":"https:\/\/alquimiaregenerativa.com\/wp-content\/uploads\/2026\/01\/112-Detox-7-dias-Desparasitacion-Hepatica.png","datePublished":"2026-01-22T17:45:36+00:00","dateModified":"2026-03-16T22:30:16+00:00","breadcrumb":{"@id":"https:\/\/alquimiaregenerativa.com\/tienda\/11-2-detox-grupal-7-dias-desparasitacion-y-limpieza-hepatica\/#breadcrumb"},"inLanguage":"en-US","potentialAction":[{"@type":"ReadAction","target":["https:\/\/alquimiaregenerativa.com\/tienda\/11-2-detox-grupal-7-dias-desparasitacion-y-limpieza-hepatica\/"]}]},{"@type":"ImageObject","inLanguage":"en-US","@id":"https:\/\/alquimiaregenerativa.com\/tienda\/11-2-detox-grupal-7-dias-desparasitacion-y-limpieza-hepatica\/#primaryimage","url":"https:\/\/alquimiaregenerativa.com\/wp-content\/uploads\/2026\/01\/112-Detox-7-dias-Desparasitacion-Hepatica.png","contentUrl":"https:\/\/alquimiaregenerativa.com\/wp-content\/uploads\/2026\/01\/112-Detox-7-dias-Desparasitacion-Hepatica.png","width":1545,"height":1999},{"@type":"BreadcrumbList","@id":"https:\/\/alquimiaregenerativa.com\/tienda\/11-2-detox-grupal-7-dias-desparasitacion-y-limpieza-hepatica\/#breadcrumb","itemListElement":[{"@type":"ListItem","position":1,"name":"Portada","item":"https:\/\/alquimiaregenerativa.com\/"},{"@type":"ListItem","position":2,"name":"Tienda","item":"https:\/\/alquimiaregenerativa.com\/tienda\/"},{"@type":"ListItem","position":3,"name":"11\/2 Detox Grupal 7 D\u00edas Desparasitaci\u00f3n y Limpieza Hep\u00e1tica"}]},{"@type":"WebSite","@id":"https:\/\/alquimiaregenerativa.com\/#website","url":"https:\/\/alquimiaregenerativa.com\/","name":"Regenerative Alchemy","description":"Start your transformation process","potentialAction":[{"@type":"SearchAction","target":{"@type":"EntryPoint","urlTemplate":"https:\/\/alquimiaregenerativa.com\/?s={search_term_string}"},"query-input":{"@type":"PropertyValueSpecification","valueRequired":true,"valueName":"search_term_string"}}],"inLanguage":"en-US"}]},"product_price_amount":"1777.00","product_price_currency":"MXN","og_availability":"instock","product_availability":"instock","product_condition":"new"},"jetpack_sharing_enabled":true,"_links":{"self":[{"href":"https:\/\/alquimiaregenerativa.com\/en\/wp-json\/wp\/v2\/product\/8803","targetHints":{"allow":["GET"]}}],"collection":[{"href":"https:\/\/alquimiaregenerativa.com\/en\/wp-json\/wp\/v2\/product"}],"about":[{"href":"https:\/\/alquimiaregenerativa.com\/en\/wp-json\/wp\/v2\/types\/product"}],"replies":[{"embeddable":true,"href":"https:\/\/alquimiaregenerativa.com\/en\/wp-json\/wp\/v2\/comments?post=8803"}],"wp:featuredmedia":[{"embeddable":true,"href":"https:\/\/alquimiaregenerativa.com\/en\/wp-json\/wp\/v2\/media\/8802"}],"wp:attachment":[{"href":"https:\/\/alquimiaregenerativa.com\/en\/wp-json\/wp\/v2\/media?parent=8803"}],"wp:term":[{"taxonomy":"product_brand","embeddable":true,"href":"https:\/\/alquimiaregenerativa.com\/en\/wp-json\/wp\/v2\/product_brand?post=8803"},{"taxonomy":"product_cat","embeddable":true,"href":"https:\/\/alquimiaregenerativa.com\/en\/wp-json\/wp\/v2\/product_cat?post=8803"},{"taxonomy":"product_tag","embeddable":true,"href":"https:\/\/alquimiaregenerativa.com\/en\/wp-json\/wp\/v2\/product_tag?post=8803"}],"curies":[{"name":"wp","href":"https:\/\/api.w.org\/{rel}","templated":true}]}}