{"id":9054,"date":"2026-01-30T19:58:10","date_gmt":"2026-01-30T18:58:10","guid":{"rendered":"https:\/\/alquimiaregenerativa.com\/tienda\/%f0%9f%8c%ba-11-3-detox-21-dias-mujer-ciclica\/"},"modified":"2026-03-23T21:41:01","modified_gmt":"2026-03-23T20:41:01","slug":"15-4detox","status":"publish","type":"product","link":"https:\/\/alquimiaregenerativa.com\/en\/tienda\/15-4detox\/","title":{"rendered":"15\/4 Detox 21 days: Physical and Energetic Deworming"},"content":{"rendered":"<p class=\"cvGsUA direction-ltr align-start para-style-body\"><b>15\/4 Detox 21 days: Physical and Energetic Deworming<\/b><\/p>\n<p>Link to the full program: <a href=\"https:\/\/tinyurl.com\/15-4Detox\">https:\/\/tinyurl.com\/15-4Detox<\/a><\/p>\n<p><span style=\"font-weight: 400;\">Do you feel sluggish, foggy-headed, have slow digestion, bloating, and lack energy? Are you fed up with cravings and your body is saying enough is enough? It&#039;s time to give your body the break it needs. The 21-Day Physical and Energetic Parasite Detox is the solution to eliminate parasites with alkaline foods and herbs, completely naturally, and revitalize your health from the inside out.<\/span><\/p>\n<p><b>Imagine your best version:<\/b><\/p>\n<ul>\n<li style=\"list-style-type: none;\">\n<ul>\n<li style=\"font-weight: 400;\" aria-level=\"1\"><b>Bye Unhealthy Cravings: <\/b><span style=\"font-weight: 400;\">Take control of your will and no longer be dominated by parasites<\/span><\/li>\n<li style=\"font-weight: 400;\" aria-level=\"1\"><b>More energy: <\/b><span style=\"font-weight: 400;\">Wake up each morning feeling refreshed, mentally clear, and ready to conquer your day.<\/span><\/li>\n<\/ul>\n<\/li>\n<\/ul>\n<ul>\n<li aria-level=\"1\"><b>Sovereignty and freedom: <\/b><span style=\"font-weight: 400;\">Physical parasites anchor energetic ones; free yourself and reclaim your power and control over your life.\u00a0<\/span><\/li>\n<\/ul>\n<ul>\n<li style=\"font-weight: 400;\" aria-level=\"1\"><b>Optimized digestion: <\/b><span style=\"font-weight: 400;\">Say goodbye to bloating, gas and digestive discomfort.<\/span><\/li>\n<li style=\"font-weight: 400;\" aria-level=\"1\"><b>Strengthened immune system: <\/b><span style=\"font-weight: 400;\">Strengthen your defenses and feel more resistant to illnesses, even chronic ones.<\/span><\/li>\n<li style=\"font-weight: 400;\" aria-level=\"1\"><b>Radiant skin: <\/b><span style=\"font-weight: 400;\">Eliminate toxins and show off clearer, brighter and healthier skin.<\/span><\/li>\n<li style=\"font-weight: 400;\" aria-level=\"1\"><b>Optimal health: <\/b><span style=\"font-weight: 400;\">By deworming your body, this burden is released and your systems return to optimal functioning.<\/span><\/li>\n<\/ul>\n<p><b>What does our program include?<\/b><\/p>\n<ul>\n<li style=\"font-weight: 400;\" aria-level=\"1\"><b>Compassionate, live, and direct support: <\/b><span style=\"font-weight: 400;\">to resolve all your doubts and keep you motivated.<\/span><\/li>\n<li style=\"font-weight: 400;\" aria-level=\"1\"><b>Complete 21-day guide:<\/b><span style=\"font-weight: 400;\"> workshops, classes, videos, guides and tips to maximize your results.<\/span><\/li>\n<li style=\"font-weight: 400;\" aria-level=\"1\"><b>Alchemical Meditation and Therapeutic Dance:<\/b><span style=\"font-weight: 400;\"> reprogram your mind and emotions<\/span><\/li>\n<li style=\"font-weight: 400;\" aria-level=\"1\"><b>Alkaline and antiparasitic diet: <\/b><span style=\"font-weight: 400;\">Meal plan, recipes, shopping list and the ideal mix of flavor and health<\/span><\/li>\n<li style=\"font-weight: 400;\" aria-level=\"1\"><b>Support community: <\/b><span style=\"font-weight: 400;\">Connect with people who share your goals and receive daily inspiration.<\/span><\/li>\n<\/ul>\n<p><b>Program details:<\/b><\/p>\n<p><b>\ud83d\uddd3\ufe0f DATES:<\/b> <span style=\"font-weight: 400;\"><br \/>\n<\/span><span style=\"font-weight: 400;\">Opening and workshops Wednesday 15\/04<\/span><b>. <\/b><span style=\"font-weight: 400;\">Day 1 of detox Monday 20\/04<\/span><\/p>\n<p><b>\ud83d\udcbb MODE:<\/b> <span style=\"font-weight: 400;\"><br \/>\n<\/span><span style=\"font-weight: 400;\">100% online. Whatsapp group and access to online school for 6 months.<\/span><\/p>\n<p><b>\ud83d\udcb0INVESTMENT<\/b><\/p>\n<div dir=\"auto\">1- Personalized group + private chat $2,999 MXN \/ $169 USD \/<\/div>\n<div dir=\"auto\">253,000 ARS<\/div>\n<div dir=\"auto\">2- Group Detox + Individual Consultation $4,400 MXN \/ $248 USD \/ 371 THOUSAND ARS<\/div>\n<div dir=\"auto\">3 \u2013 Group Detox $2,666 MXN \/ $150 USD \/ 225 THOUSAND ARS<\/div>\n<div dir=\"auto\"><\/div>\n<p class=\"cvGsUA direction-ltr align-start para-style-body\"><span class=\"a_GcMg font-feature-liga-off font-feature-clig-off font-feature-calt-off text-decoration-none text-strikethrough-none\">We also have payment plans<\/span><\/p>\n<p class=\"cvGsUA direction-ltr align-start para-style-body\"><strong>For Mexico only:<\/strong> If you want to purchase your Herbalism Kit at a preferential price, click on this link and add it to your cart. <a href=\"https:\/\/alquimiaregenerativa.com\/en\/producto\/kit-basico-herbolaria\/\">https:\/\/alquimiaregenerativa.com\/producto\/kit-basico-herbolaria\/<\/a><\/p>\n<p class=\"cvGsUA direction-ltr align-start para-style-body\"><span class=\"a_GcMg font-feature-liga-off font-feature-clig-off font-feature-calt-off text-decoration-none text-strikethrough-none\">Contact us via WhatsApp <\/span><a class=\"a_GcMg font-feature-liga-off font-feature-clig-off font-feature-calt-off text-decoration-underline text-strikethrough-none\" draggable=\"false\" href=\"http:\/\/wa.link\/21dias\" target=\"_blank\" rel=\"noopener\">+525576207310<\/a><span class=\"a_GcMg font-feature-liga-off font-feature-clig-off font-feature-calt-off text-decoration-none text-strikethrough-none\"> to help you choose the detox that best suits your needs and the payment method<br \/>\n<\/span><\/p>\n<p class=\"cvGsUA direction-ltr align-start para-style-body\"><span class=\"a_GcMg font-feature-liga-off font-feature-clig-off font-feature-calt-off text-decoration-none text-strikethrough-none\">\u00a0<\/span><\/p>","protected":false},"excerpt":{"rendered":"<p>15\/4 Detox 21 d\u00edas: DESPARASITACI\u00d3N F\u00edsica y Energ\u00e9tica Link al programa completo: https:\/\/tinyurl.com\/15-4Detox \u00bfSientes pesadez, niebla mental, digestiones lentas, hinchaz\u00f3n [&hellip;]<\/p>\n","protected":false},"featured_media":9601,"comment_status":"open","ping_status":"closed","template":"","meta":{"site-sidebar-layout":"default","site-content-layout":"","ast-site-content-layout":"default","site-content-style":"default","site-sidebar-style":"default","ast-global-header-display":"","ast-banner-title-visibility":"","ast-main-header-display":"","ast-hfb-above-header-display":"","ast-hfb-below-header-display":"","ast-hfb-mobile-header-display":"","site-post-title":"","ast-breadcrumbs-content":"","ast-featured-img":"","footer-sml-layout":"","ast-disable-related-posts":"","theme-transparent-header-meta":"default","adv-header-id-meta":"","stick-header-meta":"","header-above-stick-meta":"","header-main-stick-meta":"","header-below-stick-meta":"","astra-migrate-meta-layouts":"set","ast-page-background-enabled":"default","ast-page-background-meta":{"desktop":{"background-color":"var(--ast-global-color-4)","background-image":"","background-repeat":"repeat","background-position":"center center","background-size":"auto","background-attachment":"scroll","background-type":"","background-media":"","overlay-type":"","overlay-color":"","overlay-opacity":"","overlay-gradient":""},"tablet":{"background-color":"","background-image":"","background-repeat":"repeat","background-position":"center center","background-size":"auto","background-attachment":"scroll","background-type":"","background-media":"","overlay-type":"","overlay-color":"","overlay-opacity":"","overlay-gradient":""},"mobile":{"background-color":"","background-image":"","background-repeat":"repeat","background-position":"center center","background-size":"auto","background-attachment":"scroll","background-type":"","background-media":"","overlay-type":"","overlay-color":"","overlay-opacity":"","overlay-gradient":""}},"ast-content-background-meta":{"desktop":{"background-color":"var(--ast-global-color-5)","background-image":"","background-repeat":"repeat","background-position":"center center","background-size":"auto","background-attachment":"scroll","background-type":"","background-media":"","overlay-type":"","overlay-color":"","overlay-opacity":"","overlay-gradient":""},"tablet":{"background-color":"var(--ast-global-color-5)","background-image":"","background-repeat":"repeat","background-position":"center center","background-size":"auto","background-attachment":"scroll","background-type":"","background-media":"","overlay-type":"","overlay-color":"","overlay-opacity":"","overlay-gradient":""},"mobile":{"background-color":"var(--ast-global-color-5)","background-image":"","background-repeat":"repeat","background-position":"center center","background-size":"auto","background-attachment":"scroll","background-type":"","background-media":"","overlay-type":"","overlay-color":"","overlay-opacity":"","overlay-gradient":""}},"_joinchat":[]},"product_brand":[],"product_cat":[15],"product_tag":[],"class_list":{"0":"post-9054","1":"product","2":"type-product","3":"status-publish","4":"has-post-thumbnail","6":"product_cat-todo","7":"desktop-align-center","8":"tablet-align-center","9":"mobile-align-center","11":"first","12":"instock","13":"sold-individually","14":"taxable","15":"shipping-taxable","16":"purchasable","17":"product-type-variable"},"yoast_head":"<!-- This site is optimized with the Yoast SEO Premium plugin v23.4 (Yoast SEO v27.3) - https:\/\/yoast.com\/product\/yoast-seo-premium-wordpress\/ -->\n<title>15\/4 Detox 21 d\u00edas: DESPARASITACI\u00d3N F\u00edsica y Energ\u00e9tica - Alquimia Regenerativa<\/title>\n<meta name=\"robots\" content=\"index, follow, max-snippet:-1, max-image-preview:large, max-video-preview:-1\" \/>\n<link rel=\"canonical\" href=\"https:\/\/alquimiaregenerativa.com\/en\/tienda\/15-4detox\/\" \/>\n<meta property=\"og:locale\" content=\"en_US\" \/>\n<meta property=\"og:type\" content=\"article\" \/>\n<meta property=\"og:title\" content=\"15\/4 Detox 21 d\u00edas: DESPARASITACI\u00d3N F\u00edsica y Energ\u00e9tica\" \/>\n<meta property=\"og:description\" content=\"15\/4 Detox 21 d\u00edas: DESPARASITACI\u00d3N F\u00edsica y Energ\u00e9tica Link al programa completo: https:\/\/tinyurl.com\/15-4Detox \u00bfSientes pesadez, niebla mental, digestiones lentas, hinchaz\u00f3n [&hellip;]\" \/>\n<meta property=\"og:url\" content=\"https:\/\/alquimiaregenerativa.com\/en\/tienda\/15-4detox\/\" \/>\n<meta property=\"og:site_name\" content=\"Alquimia Regenerativa\" \/>\n<meta property=\"article:modified_time\" content=\"2026-03-23T20:41:01+00:00\" \/>\n<meta property=\"og:image\" content=\"https:\/\/alquimiaregenerativa.com\/wp-content\/uploads\/2026\/01\/1-3-1024x1024.png\" \/>\n\t<meta property=\"og:image:width\" content=\"1024\" \/>\n\t<meta property=\"og:image:height\" content=\"1024\" \/>\n\t<meta property=\"og:image:type\" content=\"image\/png\" \/>\n<meta name=\"twitter:card\" content=\"summary_large_image\" \/>\n<meta name=\"twitter:label1\" content=\"Availability\" \/>\n\t<meta name=\"twitter:data1\" content=\"In stock\" \/>\n<script type=\"application\/ld+json\" class=\"yoast-schema-graph\">{\"@context\":\"https:\\\/\\\/schema.org\",\"@graph\":[{\"@type\":\"WebPage\",\"@id\":\"https:\\\/\\\/alquimiaregenerativa.com\\\/tienda\\\/15-4detox\\\/\",\"url\":\"https:\\\/\\\/alquimiaregenerativa.com\\\/tienda\\\/15-4detox\\\/\",\"name\":\"15\\\/4 Detox 21 d\u00edas: DESPARASITACI\u00d3N F\u00edsica y Energ\u00e9tica - Alquimia Regenerativa\",\"isPartOf\":{\"@id\":\"https:\\\/\\\/alquimiaregenerativa.com\\\/#website\"},\"primaryImageOfPage\":{\"@id\":\"https:\\\/\\\/alquimiaregenerativa.com\\\/tienda\\\/15-4detox\\\/#primaryimage\"},\"image\":{\"@id\":\"https:\\\/\\\/alquimiaregenerativa.com\\\/tienda\\\/15-4detox\\\/#primaryimage\"},\"thumbnailUrl\":\"https:\\\/\\\/alquimiaregenerativa.com\\\/wp-content\\\/uploads\\\/2026\\\/03\\\/1-3.png\",\"datePublished\":\"2026-01-30T18:58:10+00:00\",\"dateModified\":\"2026-03-23T20:41:01+00:00\",\"breadcrumb\":{\"@id\":\"https:\\\/\\\/alquimiaregenerativa.com\\\/tienda\\\/15-4detox\\\/#breadcrumb\"},\"inLanguage\":\"en-US\",\"potentialAction\":[{\"@type\":\"ReadAction\",\"target\":[\"https:\\\/\\\/alquimiaregenerativa.com\\\/tienda\\\/15-4detox\\\/\"]}]},{\"@type\":\"ImageObject\",\"inLanguage\":\"en-US\",\"@id\":\"https:\\\/\\\/alquimiaregenerativa.com\\\/tienda\\\/15-4detox\\\/#primaryimage\",\"url\":\"https:\\\/\\\/alquimiaregenerativa.com\\\/wp-content\\\/uploads\\\/2026\\\/03\\\/1-3.png\",\"contentUrl\":\"https:\\\/\\\/alquimiaregenerativa.com\\\/wp-content\\\/uploads\\\/2026\\\/03\\\/1-3.png\",\"width\":1080,\"height\":1080},{\"@type\":\"BreadcrumbList\",\"@id\":\"https:\\\/\\\/alquimiaregenerativa.com\\\/tienda\\\/15-4detox\\\/#breadcrumb\",\"itemListElement\":[{\"@type\":\"ListItem\",\"position\":1,\"name\":\"Portada\",\"item\":\"https:\\\/\\\/alquimiaregenerativa.com\\\/\"},{\"@type\":\"ListItem\",\"position\":2,\"name\":\"Tienda\",\"item\":\"https:\\\/\\\/alquimiaregenerativa.com\\\/tienda\\\/\"},{\"@type\":\"ListItem\",\"position\":3,\"name\":\"15\\\/4 Detox 21 d\u00edas: DESPARASITACI\u00d3N F\u00edsica y Energ\u00e9tica\"}]},{\"@type\":\"WebSite\",\"@id\":\"https:\\\/\\\/alquimiaregenerativa.com\\\/#website\",\"url\":\"https:\\\/\\\/alquimiaregenerativa.com\\\/\",\"name\":\"Alquimia Regenerativa\",\"description\":\"Comienza tu proceso de tranformaci\u00f3n\",\"potentialAction\":[{\"@type\":\"SearchAction\",\"target\":{\"@type\":\"EntryPoint\",\"urlTemplate\":\"https:\\\/\\\/alquimiaregenerativa.com\\\/?s={search_term_string}\"},\"query-input\":{\"@type\":\"PropertyValueSpecification\",\"valueRequired\":true,\"valueName\":\"search_term_string\"}}],\"inLanguage\":\"en-US\"}]}<\/script>\n<meta property=\"og:availability\" content=\"instock\" \/>\n<meta property=\"product:availability\" content=\"instock\" \/>\n<meta property=\"product:condition\" content=\"new\" \/>\n<!-- \/ Yoast SEO Premium plugin. -->","yoast_head_json":{"title":"15\/4 Detox 21 d\u00edas: DESPARASITACI\u00d3N F\u00edsica y Energ\u00e9tica - Alquimia Regenerativa","robots":{"index":"index","follow":"follow","max-snippet":"max-snippet:-1","max-image-preview":"max-image-preview:large","max-video-preview":"max-video-preview:-1"},"canonical":"https:\/\/alquimiaregenerativa.com\/en\/tienda\/15-4detox\/","og_locale":"en_US","og_type":"article","og_title":"15\/4 Detox 21 d\u00edas: DESPARASITACI\u00d3N F\u00edsica y Energ\u00e9tica","og_description":"15\/4 Detox 21 d\u00edas: DESPARASITACI\u00d3N F\u00edsica y Energ\u00e9tica Link al programa completo: https:\/\/tinyurl.com\/15-4Detox \u00bfSientes pesadez, niebla mental, digestiones lentas, hinchaz\u00f3n [&hellip;]","og_url":"https:\/\/alquimiaregenerativa.com\/en\/tienda\/15-4detox\/","og_site_name":"Alquimia Regenerativa","article_modified_time":"2026-03-23T20:41:01+00:00","og_image":[{"width":1024,"height":1024,"url":"https:\/\/alquimiaregenerativa.com\/wp-content\/uploads\/2026\/01\/1-3-1024x1024.png","type":"image\/png"}],"twitter_card":"summary_large_image","twitter_misc":{"Availability":"In stock"},"schema":{"@context":"https:\/\/schema.org","@graph":[{"@type":"WebPage","@id":"https:\/\/alquimiaregenerativa.com\/tienda\/15-4detox\/","url":"https:\/\/alquimiaregenerativa.com\/tienda\/15-4detox\/","name":"15\/4 Detox 21 d\u00edas: DESPARASITACI\u00d3N F\u00edsica y Energ\u00e9tica - Alquimia Regenerativa","isPartOf":{"@id":"https:\/\/alquimiaregenerativa.com\/#website"},"primaryImageOfPage":{"@id":"https:\/\/alquimiaregenerativa.com\/tienda\/15-4detox\/#primaryimage"},"image":{"@id":"https:\/\/alquimiaregenerativa.com\/tienda\/15-4detox\/#primaryimage"},"thumbnailUrl":"https:\/\/alquimiaregenerativa.com\/wp-content\/uploads\/2026\/03\/1-3.png","datePublished":"2026-01-30T18:58:10+00:00","dateModified":"2026-03-23T20:41:01+00:00","breadcrumb":{"@id":"https:\/\/alquimiaregenerativa.com\/tienda\/15-4detox\/#breadcrumb"},"inLanguage":"en-US","potentialAction":[{"@type":"ReadAction","target":["https:\/\/alquimiaregenerativa.com\/tienda\/15-4detox\/"]}]},{"@type":"ImageObject","inLanguage":"en-US","@id":"https:\/\/alquimiaregenerativa.com\/tienda\/15-4detox\/#primaryimage","url":"https:\/\/alquimiaregenerativa.com\/wp-content\/uploads\/2026\/03\/1-3.png","contentUrl":"https:\/\/alquimiaregenerativa.com\/wp-content\/uploads\/2026\/03\/1-3.png","width":1080,"height":1080},{"@type":"BreadcrumbList","@id":"https:\/\/alquimiaregenerativa.com\/tienda\/15-4detox\/#breadcrumb","itemListElement":[{"@type":"ListItem","position":1,"name":"Portada","item":"https:\/\/alquimiaregenerativa.com\/"},{"@type":"ListItem","position":2,"name":"Tienda","item":"https:\/\/alquimiaregenerativa.com\/tienda\/"},{"@type":"ListItem","position":3,"name":"15\/4 Detox 21 d\u00edas: DESPARASITACI\u00d3N F\u00edsica y Energ\u00e9tica"}]},{"@type":"WebSite","@id":"https:\/\/alquimiaregenerativa.com\/#website","url":"https:\/\/alquimiaregenerativa.com\/","name":"Regenerative Alchemy","description":"Start your transformation process","potentialAction":[{"@type":"SearchAction","target":{"@type":"EntryPoint","urlTemplate":"https:\/\/alquimiaregenerativa.com\/?s={search_term_string}"},"query-input":{"@type":"PropertyValueSpecification","valueRequired":true,"valueName":"search_term_string"}}],"inLanguage":"en-US"}]},"og_availability":"instock","product_availability":"instock","product_condition":"new"},"jetpack_sharing_enabled":true,"_links":{"self":[{"href":"https:\/\/alquimiaregenerativa.com\/en\/wp-json\/wp\/v2\/product\/9054","targetHints":{"allow":["GET"]}}],"collection":[{"href":"https:\/\/alquimiaregenerativa.com\/en\/wp-json\/wp\/v2\/product"}],"about":[{"href":"https:\/\/alquimiaregenerativa.com\/en\/wp-json\/wp\/v2\/types\/product"}],"replies":[{"embeddable":true,"href":"https:\/\/alquimiaregenerativa.com\/en\/wp-json\/wp\/v2\/comments?post=9054"}],"wp:featuredmedia":[{"embeddable":true,"href":"https:\/\/alquimiaregenerativa.com\/en\/wp-json\/wp\/v2\/media\/9601"}],"wp:attachment":[{"href":"https:\/\/alquimiaregenerativa.com\/en\/wp-json\/wp\/v2\/media?parent=9054"}],"wp:term":[{"taxonomy":"product_brand","embeddable":true,"href":"https:\/\/alquimiaregenerativa.com\/en\/wp-json\/wp\/v2\/product_brand?post=9054"},{"taxonomy":"product_cat","embeddable":true,"href":"https:\/\/alquimiaregenerativa.com\/en\/wp-json\/wp\/v2\/product_cat?post=9054"},{"taxonomy":"product_tag","embeddable":true,"href":"https:\/\/alquimiaregenerativa.com\/en\/wp-json\/wp\/v2\/product_tag?post=9054"}],"curies":[{"name":"wp","href":"https:\/\/api.w.org\/{rel}","templated":true}]}}