{"id":91,"date":"2024-06-13T18:57:44","date_gmt":"2024-06-13T16:57:44","guid":{"rendered":"https:\/\/alquimiaregenerativa.com\/?post_type=product&#038;p=91"},"modified":"2026-01-02T17:49:11","modified_gmt":"2026-01-02T16:49:11","slug":"recetario-alquimia-regenerativa","status":"publish","type":"product","link":"https:\/\/alquimiaregenerativa.com\/en\/tienda\/recetario-alquimia-regenerativa\/","title":{"rendered":"Regenerative Alchemy Cookbook"},"content":{"rendered":"","protected":false},"excerpt":{"rendered":"<p>In our Recipe Book you will find raw, trophic and non-trophic recipes, as well as transition recipes, which are useful for detox and for transitioning to a more alkaline diet. It also includes tables of trophic combinations, correct digestion times and other valuable information for your change of habits.<\/p>\n<p><span style=\"text-decoration: underline;\"><strong>What&#039;s included<\/strong><\/span>:<br \/>\n\u2022 Trophological combination tables \u2022 Digestion times \u2022 Detox levels \u2022 The power of intermittent fasting \u2022 Breakfasts and snacks \u2022 Salads and raw dishes \u2022 Sprouts and activation \u2022 Additions and toppings \u2022 Healthy non-trophic treats (sweet and savory) \u2022 Shopping list \u2022 Tips for choosing fruit \u2022 Mucusless recipes for transition to a raw diet \u2022 Healthy replacements<\/p>\n<p><strong>Worth:<\/strong> 30 USD\/<span data-sheets-root=\"1\">555<\/span> Mexicans\/ $43 thousand ARS\u00a0 <span data-offset-key=\"f36pn-0-0\">\u2706 W<\/span>hatsapp: +52 55 1620 7310<\/p>\n<p>When you purchase the recipe book, the download link will be enabled. If you have any questions, you can contact us at https:\/\/tinyurl.com\/AmebaAsistente<\/p>\n<p><span style=\"font-weight: 400;\">\u00a0<\/span><\/p>","protected":false},"featured_media":167,"comment_status":"open","ping_status":"closed","template":"","meta":{"site-sidebar-layout":"default","site-content-layout":"","ast-site-content-layout":"default","site-content-style":"default","site-sidebar-style":"default","ast-global-header-display":"","ast-banner-title-visibility":"","ast-main-header-display":"","ast-hfb-above-header-display":"","ast-hfb-below-header-display":"","ast-hfb-mobile-header-display":"","site-post-title":"","ast-breadcrumbs-content":"","ast-featured-img":"","footer-sml-layout":"","ast-disable-related-posts":"","theme-transparent-header-meta":"default","adv-header-id-meta":"","stick-header-meta":"","header-above-stick-meta":"","header-main-stick-meta":"","header-below-stick-meta":"","astra-migrate-meta-layouts":"set","ast-page-background-enabled":"default","ast-page-background-meta":{"desktop":{"background-color":"var(--ast-global-color-4)","background-image":"","background-repeat":"repeat","background-position":"center center","background-size":"auto","background-attachment":"scroll","background-type":"","background-media":"","overlay-type":"","overlay-color":"","overlay-opacity":"","overlay-gradient":""},"tablet":{"background-color":"","background-image":"","background-repeat":"repeat","background-position":"center center","background-size":"auto","background-attachment":"scroll","background-type":"","background-media":"","overlay-type":"","overlay-color":"","overlay-opacity":"","overlay-gradient":""},"mobile":{"background-color":"","background-image":"","background-repeat":"repeat","background-position":"center center","background-size":"auto","background-attachment":"scroll","background-type":"","background-media":"","overlay-type":"","overlay-color":"","overlay-opacity":"","overlay-gradient":""}},"ast-content-background-meta":{"desktop":{"background-color":"var(--ast-global-color-5)","background-image":"","background-repeat":"repeat","background-position":"center center","background-size":"auto","background-attachment":"scroll","background-type":"","background-media":"","overlay-type":"","overlay-color":"","overlay-opacity":"","overlay-gradient":""},"tablet":{"background-color":"var(--ast-global-color-5)","background-image":"","background-repeat":"repeat","background-position":"center center","background-size":"auto","background-attachment":"scroll","background-type":"","background-media":"","overlay-type":"","overlay-color":"","overlay-opacity":"","overlay-gradient":""},"mobile":{"background-color":"var(--ast-global-color-5)","background-image":"","background-repeat":"repeat","background-position":"center center","background-size":"auto","background-attachment":"scroll","background-type":"","background-media":"","overlay-type":"","overlay-color":"","overlay-opacity":"","overlay-gradient":""}},"_joinchat":[]},"product_brand":[],"product_cat":[24],"product_tag":[],"class_list":{"0":"post-91","1":"product","2":"type-product","3":"status-publish","4":"has-post-thumbnail","6":"product_cat-programas","7":"desktop-align-center","8":"tablet-align-center","9":"mobile-align-center","11":"first","12":"instock","13":"downloadable","14":"virtual","15":"sold-individually","16":"taxable","17":"purchasable","18":"product-type-simple"},"yoast_head":"<!-- This site is optimized with the Yoast SEO Premium plugin v23.4 (Yoast SEO v27.4) - https:\/\/yoast.com\/product\/yoast-seo-premium-wordpress\/ -->\n<title>Recetario Alquimia Regenerativa - Alquimia Regenerativa<\/title>\n<meta name=\"robots\" content=\"index, follow, max-snippet:-1, max-image-preview:large, max-video-preview:-1\" \/>\n<link rel=\"canonical\" href=\"https:\/\/alquimiaregenerativa.com\/en\/tienda\/recetario-alquimia-regenerativa\/\" \/>\n<meta property=\"og:locale\" content=\"en_US\" \/>\n<meta property=\"og:type\" content=\"article\" \/>\n<meta property=\"og:title\" content=\"Recetario Alquimia Regenerativa\" \/>\n<meta property=\"og:description\" content=\"En nuestro Recetario encuentras Recetas crudas, trofol\u00f3gicas y no trofol\u00f3gicas, tambi\u00e9n recetas de transici\u00f3n, que sirven para detox y para transici\u00f3n a una alimentaci\u00f3n m\u00e1s alcalina. Tambi\u00e9n incluye tablas de combinaciones trofol\u00f3gicas, tiempos correctos de digesti\u00f3n y m\u00e1s informaci\u00f3n valiosa para tu cambio de h\u00e1bitos.  Qu\u00e9 incluye: \u2022 Tablas de combinaciones trofol\u00f3gicas \u2022 Tiempos de digesti\u00f3n \u2022 Niveles de Detox \u2022 El poder del Ayuno Interitente \u2022 Desayunos y Meriendas \u2022 Ensaladas y platos crudos \u2022 Germinados y Activaci\u00f3n \u2022 Adicionales y Toppings \u2022 Gustitos saludables no trofol\u00f3gicos (Dulces y Salados) \u2022 Lista de Compras \u2022 Tips para elegir la fruta \u2022 Recetas Amucosas de transici\u00f3n a una dieta cruda \u2022 Reemplazos saludables  Valor: 30 USD\/555 Mexicanos\/ $43 mil ARS\u00a0 \u2706 Whatsapp: +52 55 1620 7310  Cuando adquieras el recetario se te habilitar\u00e1 el link de descarga. Cualquier duda puedes contactarnos a\u00a0 https:\/\/tinyurl.com\/AmebaAsistente  \u00a0\" \/>\n<meta property=\"og:url\" content=\"https:\/\/alquimiaregenerativa.com\/en\/tienda\/recetario-alquimia-regenerativa\/\" \/>\n<meta property=\"og:site_name\" content=\"Alquimia Regenerativa\" \/>\n<meta property=\"article:modified_time\" content=\"2026-01-02T16:49:11+00:00\" \/>\n<meta property=\"og:image\" content=\"https:\/\/alquimiaregenerativa.com\/wp-content\/uploads\/2024\/06\/Recetario-Alquimia-Regenerativa-2.jpg\" \/>\n\t<meta property=\"og:image:width\" content=\"384\" \/>\n\t<meta property=\"og:image:height\" content=\"361\" \/>\n\t<meta property=\"og:image:type\" content=\"image\/jpeg\" \/>\n<meta name=\"twitter:card\" content=\"summary_large_image\" \/>\n<meta name=\"twitter:label1\" content=\"Price\" \/>\n\t<meta name=\"twitter:data1\" content=\"MXN $&nbsp;555.00\" \/>\n\t<meta name=\"twitter:label2\" content=\"Availability\" \/>\n\t<meta name=\"twitter:data2\" content=\"In stock\" \/>\n<script type=\"application\/ld+json\" class=\"yoast-schema-graph\">{\"@context\":\"https:\\\/\\\/schema.org\",\"@graph\":[{\"@type\":\"WebPage\",\"@id\":\"https:\\\/\\\/alquimiaregenerativa.com\\\/tienda\\\/recetario-alquimia-regenerativa\\\/\",\"url\":\"https:\\\/\\\/alquimiaregenerativa.com\\\/tienda\\\/recetario-alquimia-regenerativa\\\/\",\"name\":\"Recetario Alquimia Regenerativa - Alquimia Regenerativa\",\"isPartOf\":{\"@id\":\"https:\\\/\\\/alquimiaregenerativa.com\\\/#website\"},\"primaryImageOfPage\":{\"@id\":\"https:\\\/\\\/alquimiaregenerativa.com\\\/tienda\\\/recetario-alquimia-regenerativa\\\/#primaryimage\"},\"image\":{\"@id\":\"https:\\\/\\\/alquimiaregenerativa.com\\\/tienda\\\/recetario-alquimia-regenerativa\\\/#primaryimage\"},\"thumbnailUrl\":\"https:\\\/\\\/alquimiaregenerativa.com\\\/wp-content\\\/uploads\\\/2024\\\/06\\\/Recetario-Alquimia-Regenerativa-2.jpg\",\"datePublished\":\"2024-06-13T16:57:44+00:00\",\"dateModified\":\"2026-01-02T16:49:11+00:00\",\"breadcrumb\":{\"@id\":\"https:\\\/\\\/alquimiaregenerativa.com\\\/tienda\\\/recetario-alquimia-regenerativa\\\/#breadcrumb\"},\"inLanguage\":\"en-US\",\"potentialAction\":[{\"@type\":\"ReadAction\",\"target\":[\"https:\\\/\\\/alquimiaregenerativa.com\\\/tienda\\\/recetario-alquimia-regenerativa\\\/\"]}]},{\"@type\":\"ImageObject\",\"inLanguage\":\"en-US\",\"@id\":\"https:\\\/\\\/alquimiaregenerativa.com\\\/tienda\\\/recetario-alquimia-regenerativa\\\/#primaryimage\",\"url\":\"https:\\\/\\\/alquimiaregenerativa.com\\\/wp-content\\\/uploads\\\/2024\\\/06\\\/Recetario-Alquimia-Regenerativa-2.jpg\",\"contentUrl\":\"https:\\\/\\\/alquimiaregenerativa.com\\\/wp-content\\\/uploads\\\/2024\\\/06\\\/Recetario-Alquimia-Regenerativa-2.jpg\",\"width\":384,\"height\":361},{\"@type\":\"BreadcrumbList\",\"@id\":\"https:\\\/\\\/alquimiaregenerativa.com\\\/tienda\\\/recetario-alquimia-regenerativa\\\/#breadcrumb\",\"itemListElement\":[{\"@type\":\"ListItem\",\"position\":1,\"name\":\"Portada\",\"item\":\"https:\\\/\\\/alquimiaregenerativa.com\\\/\"},{\"@type\":\"ListItem\",\"position\":2,\"name\":\"Tienda\",\"item\":\"https:\\\/\\\/alquimiaregenerativa.com\\\/tienda\\\/\"},{\"@type\":\"ListItem\",\"position\":3,\"name\":\"Recetario Alquimia Regenerativa\"}]},{\"@type\":\"WebSite\",\"@id\":\"https:\\\/\\\/alquimiaregenerativa.com\\\/#website\",\"url\":\"https:\\\/\\\/alquimiaregenerativa.com\\\/\",\"name\":\"Alquimia Regenerativa\",\"description\":\"Comienza tu proceso de tranformaci\u00f3n\",\"potentialAction\":[{\"@type\":\"SearchAction\",\"target\":{\"@type\":\"EntryPoint\",\"urlTemplate\":\"https:\\\/\\\/alquimiaregenerativa.com\\\/?s={search_term_string}\"},\"query-input\":{\"@type\":\"PropertyValueSpecification\",\"valueRequired\":true,\"valueName\":\"search_term_string\"}}],\"inLanguage\":\"en-US\"}]}<\/script>\n<meta property=\"product:price:amount\" content=\"555.00\" \/>\n<meta property=\"product:price:currency\" content=\"MXN\" \/>\n<meta property=\"og:availability\" content=\"instock\" \/>\n<meta property=\"product:availability\" content=\"instock\" \/>\n<meta property=\"product:condition\" content=\"new\" \/>\n<!-- \/ Yoast SEO Premium plugin. -->","yoast_head_json":{"title":"Regenerative Alchemy Recipe Book - Regenerative Alchemy","robots":{"index":"index","follow":"follow","max-snippet":"max-snippet:-1","max-image-preview":"max-image-preview:large","max-video-preview":"max-video-preview:-1"},"canonical":"https:\/\/alquimiaregenerativa.com\/en\/tienda\/recetario-alquimia-regenerativa\/","og_locale":"en_US","og_type":"article","og_title":"Recetario Alquimia Regenerativa","og_description":"En nuestro Recetario encuentras Recetas crudas, trofol\u00f3gicas y no trofol\u00f3gicas, tambi\u00e9n recetas de transici\u00f3n, que sirven para detox y para transici\u00f3n a una alimentaci\u00f3n m\u00e1s alcalina. Tambi\u00e9n incluye tablas de combinaciones trofol\u00f3gicas, tiempos correctos de digesti\u00f3n y m\u00e1s informaci\u00f3n valiosa para tu cambio de h\u00e1bitos.  Qu\u00e9 incluye: \u2022 Tablas de combinaciones trofol\u00f3gicas \u2022 Tiempos de digesti\u00f3n \u2022 Niveles de Detox \u2022 El poder del Ayuno Interitente \u2022 Desayunos y Meriendas \u2022 Ensaladas y platos crudos \u2022 Germinados y Activaci\u00f3n \u2022 Adicionales y Toppings \u2022 Gustitos saludables no trofol\u00f3gicos (Dulces y Salados) \u2022 Lista de Compras \u2022 Tips para elegir la fruta \u2022 Recetas Amucosas de transici\u00f3n a una dieta cruda \u2022 Reemplazos saludables  Valor: 30 USD\/555 Mexicanos\/ $43 mil ARS\u00a0 \u2706 Whatsapp: +52 55 1620 7310  Cuando adquieras el recetario se te habilitar\u00e1 el link de descarga. Cualquier duda puedes contactarnos a\u00a0 https:\/\/tinyurl.com\/AmebaAsistente  \u00a0","og_url":"https:\/\/alquimiaregenerativa.com\/en\/tienda\/recetario-alquimia-regenerativa\/","og_site_name":"Alquimia Regenerativa","article_modified_time":"2026-01-02T16:49:11+00:00","og_image":[{"width":384,"height":361,"url":"https:\/\/alquimiaregenerativa.com\/wp-content\/uploads\/2024\/06\/Recetario-Alquimia-Regenerativa-2.jpg","type":"image\/jpeg"}],"twitter_card":"summary_large_image","twitter_misc":{"Price":"MXN $&nbsp;555.00","Availability":"In stock"},"schema":{"@context":"https:\/\/schema.org","@graph":[{"@type":"WebPage","@id":"https:\/\/alquimiaregenerativa.com\/tienda\/recetario-alquimia-regenerativa\/","url":"https:\/\/alquimiaregenerativa.com\/tienda\/recetario-alquimia-regenerativa\/","name":"Regenerative Alchemy Recipe Book - Regenerative Alchemy","isPartOf":{"@id":"https:\/\/alquimiaregenerativa.com\/#website"},"primaryImageOfPage":{"@id":"https:\/\/alquimiaregenerativa.com\/tienda\/recetario-alquimia-regenerativa\/#primaryimage"},"image":{"@id":"https:\/\/alquimiaregenerativa.com\/tienda\/recetario-alquimia-regenerativa\/#primaryimage"},"thumbnailUrl":"https:\/\/alquimiaregenerativa.com\/wp-content\/uploads\/2024\/06\/Recetario-Alquimia-Regenerativa-2.jpg","datePublished":"2024-06-13T16:57:44+00:00","dateModified":"2026-01-02T16:49:11+00:00","breadcrumb":{"@id":"https:\/\/alquimiaregenerativa.com\/tienda\/recetario-alquimia-regenerativa\/#breadcrumb"},"inLanguage":"en-US","potentialAction":[{"@type":"ReadAction","target":["https:\/\/alquimiaregenerativa.com\/tienda\/recetario-alquimia-regenerativa\/"]}]},{"@type":"ImageObject","inLanguage":"en-US","@id":"https:\/\/alquimiaregenerativa.com\/tienda\/recetario-alquimia-regenerativa\/#primaryimage","url":"https:\/\/alquimiaregenerativa.com\/wp-content\/uploads\/2024\/06\/Recetario-Alquimia-Regenerativa-2.jpg","contentUrl":"https:\/\/alquimiaregenerativa.com\/wp-content\/uploads\/2024\/06\/Recetario-Alquimia-Regenerativa-2.jpg","width":384,"height":361},{"@type":"BreadcrumbList","@id":"https:\/\/alquimiaregenerativa.com\/tienda\/recetario-alquimia-regenerativa\/#breadcrumb","itemListElement":[{"@type":"ListItem","position":1,"name":"Portada","item":"https:\/\/alquimiaregenerativa.com\/"},{"@type":"ListItem","position":2,"name":"Tienda","item":"https:\/\/alquimiaregenerativa.com\/tienda\/"},{"@type":"ListItem","position":3,"name":"Recetario Alquimia Regenerativa"}]},{"@type":"WebSite","@id":"https:\/\/alquimiaregenerativa.com\/#website","url":"https:\/\/alquimiaregenerativa.com\/","name":"Regenerative Alchemy","description":"Start your transformation process","potentialAction":[{"@type":"SearchAction","target":{"@type":"EntryPoint","urlTemplate":"https:\/\/alquimiaregenerativa.com\/?s={search_term_string}"},"query-input":{"@type":"PropertyValueSpecification","valueRequired":true,"valueName":"search_term_string"}}],"inLanguage":"en-US"}]},"product_price_amount":"555.00","product_price_currency":"MXN","og_availability":"instock","product_availability":"instock","product_condition":"new"},"jetpack_sharing_enabled":true,"_links":{"self":[{"href":"https:\/\/alquimiaregenerativa.com\/en\/wp-json\/wp\/v2\/product\/91","targetHints":{"allow":["GET"]}}],"collection":[{"href":"https:\/\/alquimiaregenerativa.com\/en\/wp-json\/wp\/v2\/product"}],"about":[{"href":"https:\/\/alquimiaregenerativa.com\/en\/wp-json\/wp\/v2\/types\/product"}],"replies":[{"embeddable":true,"href":"https:\/\/alquimiaregenerativa.com\/en\/wp-json\/wp\/v2\/comments?post=91"}],"wp:featuredmedia":[{"embeddable":true,"href":"https:\/\/alquimiaregenerativa.com\/en\/wp-json\/wp\/v2\/media\/167"}],"wp:attachment":[{"href":"https:\/\/alquimiaregenerativa.com\/en\/wp-json\/wp\/v2\/media?parent=91"}],"wp:term":[{"taxonomy":"product_brand","embeddable":true,"href":"https:\/\/alquimiaregenerativa.com\/en\/wp-json\/wp\/v2\/product_brand?post=91"},{"taxonomy":"product_cat","embeddable":true,"href":"https:\/\/alquimiaregenerativa.com\/en\/wp-json\/wp\/v2\/product_cat?post=91"},{"taxonomy":"product_tag","embeddable":true,"href":"https:\/\/alquimiaregenerativa.com\/en\/wp-json\/wp\/v2\/product_tag?post=91"}],"curies":[{"name":"wp","href":"https:\/\/api.w.org\/{rel}","templated":true}]}}