{"id":92,"date":"2024-06-13T18:57:44","date_gmt":"2024-06-13T16:57:44","guid":{"rendered":"https:\/\/alquimiaregenerativa.com\/?post_type=product&#038;p=92"},"modified":"2026-01-02T19:05:08","modified_gmt":"2026-01-02T18:05:08","slug":"tintura-pancreas-y-digestivo","status":"publish","type":"product","link":"https:\/\/alquimiaregenerativa.com\/en\/tienda\/tintura-pancreas-y-digestivo\/","title":{"rendered":"Pancreas and Digestive Tincture"},"content":{"rendered":"","protected":false},"excerpt":{"rendered":"<h3><b>Pancreas and Digestive Tincture: Goodbye to Indigestion and Gas<\/b><\/h3>\n<p>This powerful formula combines 4 herbs, <b>Dandelion, Chamomile, Anise and Fennel<\/b> to strengthen your digestive system and pancreas. It is your natural solution to combat <b>gas\/air, flatulence, belching<\/b> and the <b>fermentation<\/b> of food. In addition, it relieves <b>indigestion, heartburn, acidity<\/b> and helps prevent problems such as <b>candidiasis<\/b> and the <b>Helicobacter Pylori<\/b>.<\/p>\n<p><b>How to use:<\/b> Take <b>1 full dropper daily<\/b> to strengthen the system, or use <b>1\/2 to 1 dropper<\/b> when you feel indigestion, gas, or flatulence. Consume <b>sublingual<\/b> (30-60 seconds under the tongue) or diluted in water.<\/p>\n<p><b>Price:<\/b> <b>$410 MXN<\/b> (50ml bottle).<\/p>\n<p><b>Note:<\/b> You can easily combine it with other tinctures you are taking.<\/p>\n<p>&nbsp;<\/p>","protected":false},"featured_media":7703,"comment_status":"open","ping_status":"closed","template":"","meta":{"site-sidebar-layout":"default","site-content-layout":"","ast-site-content-layout":"default","site-content-style":"default","site-sidebar-style":"default","ast-global-header-display":"","ast-banner-title-visibility":"","ast-main-header-display":"","ast-hfb-above-header-display":"","ast-hfb-below-header-display":"","ast-hfb-mobile-header-display":"","site-post-title":"","ast-breadcrumbs-content":"","ast-featured-img":"","footer-sml-layout":"","ast-disable-related-posts":"","theme-transparent-header-meta":"default","adv-header-id-meta":"","stick-header-meta":"","header-above-stick-meta":"","header-main-stick-meta":"","header-below-stick-meta":"","astra-migrate-meta-layouts":"set","ast-page-background-enabled":"default","ast-page-background-meta":{"desktop":{"background-color":"var(--ast-global-color-4)","background-image":"","background-repeat":"repeat","background-position":"center center","background-size":"auto","background-attachment":"scroll","background-type":"","background-media":"","overlay-type":"","overlay-color":"","overlay-opacity":"","overlay-gradient":""},"tablet":{"background-color":"","background-image":"","background-repeat":"repeat","background-position":"center center","background-size":"auto","background-attachment":"scroll","background-type":"","background-media":"","overlay-type":"","overlay-color":"","overlay-opacity":"","overlay-gradient":""},"mobile":{"background-color":"","background-image":"","background-repeat":"repeat","background-position":"center center","background-size":"auto","background-attachment":"scroll","background-type":"","background-media":"","overlay-type":"","overlay-color":"","overlay-opacity":"","overlay-gradient":""}},"ast-content-background-meta":{"desktop":{"background-color":"var(--ast-global-color-5)","background-image":"","background-repeat":"repeat","background-position":"center center","background-size":"auto","background-attachment":"scroll","background-type":"","background-media":"","overlay-type":"","overlay-color":"","overlay-opacity":"","overlay-gradient":""},"tablet":{"background-color":"var(--ast-global-color-5)","background-image":"","background-repeat":"repeat","background-position":"center center","background-size":"auto","background-attachment":"scroll","background-type":"","background-media":"","overlay-type":"","overlay-color":"","overlay-opacity":"","overlay-gradient":""},"mobile":{"background-color":"var(--ast-global-color-5)","background-image":"","background-repeat":"repeat","background-position":"center center","background-size":"auto","background-attachment":"scroll","background-type":"","background-media":"","overlay-type":"","overlay-color":"","overlay-opacity":"","overlay-gradient":""}},"_joinchat":[]},"product_brand":[],"product_cat":[22],"product_tag":[],"class_list":{"0":"post-92","1":"product","2":"type-product","3":"status-publish","4":"has-post-thumbnail","6":"product_cat-herboolaria","7":"desktop-align-center","8":"tablet-align-center","9":"mobile-align-center","11":"first","12":"instock","13":"taxable","14":"shipping-taxable","15":"purchasable","16":"product-type-simple"},"yoast_head":"<!-- This site is optimized with the Yoast SEO Premium plugin v23.4 (Yoast SEO v27.3) - https:\/\/yoast.com\/product\/yoast-seo-premium-wordpress\/ -->\n<title>Tintura P\u00e1ncreas y Digestivo - Alquimia Regenerativa<\/title>\n<meta name=\"robots\" content=\"index, follow, max-snippet:-1, max-image-preview:large, max-video-preview:-1\" \/>\n<link rel=\"canonical\" href=\"https:\/\/alquimiaregenerativa.com\/en\/tienda\/tintura-pancreas-y-digestivo\/\" \/>\n<meta property=\"og:locale\" content=\"en_US\" \/>\n<meta property=\"og:type\" content=\"article\" \/>\n<meta property=\"og:title\" content=\"Tintura P\u00e1ncreas y Digestivo\" \/>\n<meta property=\"og:description\" content=\"Tintura P\u00e1ncreas y Digestivo: Adi\u00f3s a la Indigesti\u00f3n y los Gases Esta potente f\u00f3rmula combina 4 hierbas, Diente de Le\u00f3n, Manzanilla, An\u00eds e Hinojo para fortalecer tu sistema digestivo y p\u00e1ncreas. Es tu soluci\u00f3n natural para combatir el gas\/aire, flatulencias, eructos y la fermentaci\u00f3n de los alimentos. Adem\u00e1s, alivia la indigesti\u00f3n, acidez, agruras y ayuda a prevenir problemas como la candidiasis y el Helicobacter Pylori.  Modo de Uso: Toma 1 gotero entero diario para fortalecer el sistema, o usa 1\/2 a 1 gotero cuando sientas indigesti\u00f3n, gases o flatulencias. Consumir sublingual (30-60 segundos bajo la lengua) o diluido en agua.  Precio: $410 MXN (Frasco de 50ml).  Nota: Puedes combinarla sin problema con otras tinturas que est\u00e9s tomando.  &nbsp;\" \/>\n<meta property=\"og:url\" content=\"https:\/\/alquimiaregenerativa.com\/en\/tienda\/tintura-pancreas-y-digestivo\/\" \/>\n<meta property=\"og:site_name\" content=\"Alquimia Regenerativa\" \/>\n<meta property=\"article:modified_time\" content=\"2026-01-02T18:05:08+00:00\" \/>\n<meta property=\"og:image\" content=\"https:\/\/alquimiaregenerativa.com\/wp-content\/uploads\/2024\/06\/PANCRE-2.png\" \/>\n\t<meta property=\"og:image:width\" content=\"1024\" \/>\n\t<meta property=\"og:image:height\" content=\"1024\" \/>\n\t<meta property=\"og:image:type\" content=\"image\/png\" \/>\n<meta name=\"twitter:card\" content=\"summary_large_image\" \/>\n<meta name=\"twitter:label1\" content=\"Price\" \/>\n\t<meta name=\"twitter:data1\" content=\"MXN $&nbsp;410.00\" \/>\n\t<meta name=\"twitter:label2\" content=\"Availability\" \/>\n\t<meta name=\"twitter:data2\" content=\"In stock\" \/>\n<script type=\"application\/ld+json\" class=\"yoast-schema-graph\">{\"@context\":\"https:\\\/\\\/schema.org\",\"@graph\":[{\"@type\":\"WebPage\",\"@id\":\"https:\\\/\\\/alquimiaregenerativa.com\\\/tienda\\\/tintura-pancreas-y-digestivo\\\/\",\"url\":\"https:\\\/\\\/alquimiaregenerativa.com\\\/tienda\\\/tintura-pancreas-y-digestivo\\\/\",\"name\":\"Tintura P\u00e1ncreas y Digestivo - Alquimia Regenerativa\",\"isPartOf\":{\"@id\":\"https:\\\/\\\/alquimiaregenerativa.com\\\/#website\"},\"primaryImageOfPage\":{\"@id\":\"https:\\\/\\\/alquimiaregenerativa.com\\\/tienda\\\/tintura-pancreas-y-digestivo\\\/#primaryimage\"},\"image\":{\"@id\":\"https:\\\/\\\/alquimiaregenerativa.com\\\/tienda\\\/tintura-pancreas-y-digestivo\\\/#primaryimage\"},\"thumbnailUrl\":\"https:\\\/\\\/alquimiaregenerativa.com\\\/wp-content\\\/uploads\\\/2024\\\/06\\\/PANCRE-2.png\",\"datePublished\":\"2024-06-13T16:57:44+00:00\",\"dateModified\":\"2026-01-02T18:05:08+00:00\",\"breadcrumb\":{\"@id\":\"https:\\\/\\\/alquimiaregenerativa.com\\\/tienda\\\/tintura-pancreas-y-digestivo\\\/#breadcrumb\"},\"inLanguage\":\"en-US\",\"potentialAction\":[{\"@type\":\"ReadAction\",\"target\":[\"https:\\\/\\\/alquimiaregenerativa.com\\\/tienda\\\/tintura-pancreas-y-digestivo\\\/\"]}]},{\"@type\":\"ImageObject\",\"inLanguage\":\"en-US\",\"@id\":\"https:\\\/\\\/alquimiaregenerativa.com\\\/tienda\\\/tintura-pancreas-y-digestivo\\\/#primaryimage\",\"url\":\"https:\\\/\\\/alquimiaregenerativa.com\\\/wp-content\\\/uploads\\\/2024\\\/06\\\/PANCRE-2.png\",\"contentUrl\":\"https:\\\/\\\/alquimiaregenerativa.com\\\/wp-content\\\/uploads\\\/2024\\\/06\\\/PANCRE-2.png\",\"width\":1024,\"height\":1024},{\"@type\":\"BreadcrumbList\",\"@id\":\"https:\\\/\\\/alquimiaregenerativa.com\\\/tienda\\\/tintura-pancreas-y-digestivo\\\/#breadcrumb\",\"itemListElement\":[{\"@type\":\"ListItem\",\"position\":1,\"name\":\"Portada\",\"item\":\"https:\\\/\\\/alquimiaregenerativa.com\\\/\"},{\"@type\":\"ListItem\",\"position\":2,\"name\":\"Tienda\",\"item\":\"https:\\\/\\\/alquimiaregenerativa.com\\\/tienda\\\/\"},{\"@type\":\"ListItem\",\"position\":3,\"name\":\"Tintura P\u00e1ncreas y Digestivo\"}]},{\"@type\":\"WebSite\",\"@id\":\"https:\\\/\\\/alquimiaregenerativa.com\\\/#website\",\"url\":\"https:\\\/\\\/alquimiaregenerativa.com\\\/\",\"name\":\"Alquimia Regenerativa\",\"description\":\"Comienza tu proceso de tranformaci\u00f3n\",\"potentialAction\":[{\"@type\":\"SearchAction\",\"target\":{\"@type\":\"EntryPoint\",\"urlTemplate\":\"https:\\\/\\\/alquimiaregenerativa.com\\\/?s={search_term_string}\"},\"query-input\":{\"@type\":\"PropertyValueSpecification\",\"valueRequired\":true,\"valueName\":\"search_term_string\"}}],\"inLanguage\":\"en-US\"}]}<\/script>\n<meta property=\"product:price:amount\" content=\"410.00\" \/>\n<meta property=\"product:price:currency\" content=\"MXN\" \/>\n<meta property=\"og:availability\" content=\"instock\" \/>\n<meta property=\"product:availability\" content=\"instock\" \/>\n<meta property=\"product:condition\" content=\"new\" \/>\n<!-- \/ Yoast SEO Premium plugin. -->","yoast_head_json":{"title":"Pancreas and Digestive Tincture - Regenerative Alchemy","robots":{"index":"index","follow":"follow","max-snippet":"max-snippet:-1","max-image-preview":"max-image-preview:large","max-video-preview":"max-video-preview:-1"},"canonical":"https:\/\/alquimiaregenerativa.com\/en\/tienda\/tintura-pancreas-y-digestivo\/","og_locale":"en_US","og_type":"article","og_title":"Tintura P\u00e1ncreas y Digestivo","og_description":"Tintura P\u00e1ncreas y Digestivo: Adi\u00f3s a la Indigesti\u00f3n y los Gases Esta potente f\u00f3rmula combina 4 hierbas, Diente de Le\u00f3n, Manzanilla, An\u00eds e Hinojo para fortalecer tu sistema digestivo y p\u00e1ncreas. Es tu soluci\u00f3n natural para combatir el gas\/aire, flatulencias, eructos y la fermentaci\u00f3n de los alimentos. Adem\u00e1s, alivia la indigesti\u00f3n, acidez, agruras y ayuda a prevenir problemas como la candidiasis y el Helicobacter Pylori.  Modo de Uso: Toma 1 gotero entero diario para fortalecer el sistema, o usa 1\/2 a 1 gotero cuando sientas indigesti\u00f3n, gases o flatulencias. Consumir sublingual (30-60 segundos bajo la lengua) o diluido en agua.  Precio: $410 MXN (Frasco de 50ml).  Nota: Puedes combinarla sin problema con otras tinturas que est\u00e9s tomando.  &nbsp;","og_url":"https:\/\/alquimiaregenerativa.com\/en\/tienda\/tintura-pancreas-y-digestivo\/","og_site_name":"Alquimia Regenerativa","article_modified_time":"2026-01-02T18:05:08+00:00","og_image":[{"width":1024,"height":1024,"url":"https:\/\/alquimiaregenerativa.com\/wp-content\/uploads\/2024\/06\/PANCRE-2.png","type":"image\/png"}],"twitter_card":"summary_large_image","twitter_misc":{"Price":"MXN $&nbsp;410.00","Availability":"In stock"},"schema":{"@context":"https:\/\/schema.org","@graph":[{"@type":"WebPage","@id":"https:\/\/alquimiaregenerativa.com\/tienda\/tintura-pancreas-y-digestivo\/","url":"https:\/\/alquimiaregenerativa.com\/tienda\/tintura-pancreas-y-digestivo\/","name":"Pancreas and Digestive Tincture - Regenerative Alchemy","isPartOf":{"@id":"https:\/\/alquimiaregenerativa.com\/#website"},"primaryImageOfPage":{"@id":"https:\/\/alquimiaregenerativa.com\/tienda\/tintura-pancreas-y-digestivo\/#primaryimage"},"image":{"@id":"https:\/\/alquimiaregenerativa.com\/tienda\/tintura-pancreas-y-digestivo\/#primaryimage"},"thumbnailUrl":"https:\/\/alquimiaregenerativa.com\/wp-content\/uploads\/2024\/06\/PANCRE-2.png","datePublished":"2024-06-13T16:57:44+00:00","dateModified":"2026-01-02T18:05:08+00:00","breadcrumb":{"@id":"https:\/\/alquimiaregenerativa.com\/tienda\/tintura-pancreas-y-digestivo\/#breadcrumb"},"inLanguage":"en-US","potentialAction":[{"@type":"ReadAction","target":["https:\/\/alquimiaregenerativa.com\/tienda\/tintura-pancreas-y-digestivo\/"]}]},{"@type":"ImageObject","inLanguage":"en-US","@id":"https:\/\/alquimiaregenerativa.com\/tienda\/tintura-pancreas-y-digestivo\/#primaryimage","url":"https:\/\/alquimiaregenerativa.com\/wp-content\/uploads\/2024\/06\/PANCRE-2.png","contentUrl":"https:\/\/alquimiaregenerativa.com\/wp-content\/uploads\/2024\/06\/PANCRE-2.png","width":1024,"height":1024},{"@type":"BreadcrumbList","@id":"https:\/\/alquimiaregenerativa.com\/tienda\/tintura-pancreas-y-digestivo\/#breadcrumb","itemListElement":[{"@type":"ListItem","position":1,"name":"Portada","item":"https:\/\/alquimiaregenerativa.com\/"},{"@type":"ListItem","position":2,"name":"Tienda","item":"https:\/\/alquimiaregenerativa.com\/tienda\/"},{"@type":"ListItem","position":3,"name":"Tintura P\u00e1ncreas y Digestivo"}]},{"@type":"WebSite","@id":"https:\/\/alquimiaregenerativa.com\/#website","url":"https:\/\/alquimiaregenerativa.com\/","name":"Regenerative Alchemy","description":"Start your transformation process","potentialAction":[{"@type":"SearchAction","target":{"@type":"EntryPoint","urlTemplate":"https:\/\/alquimiaregenerativa.com\/?s={search_term_string}"},"query-input":{"@type":"PropertyValueSpecification","valueRequired":true,"valueName":"search_term_string"}}],"inLanguage":"en-US"}]},"product_price_amount":"410.00","product_price_currency":"MXN","og_availability":"instock","product_availability":"instock","product_condition":"new"},"jetpack_sharing_enabled":true,"_links":{"self":[{"href":"https:\/\/alquimiaregenerativa.com\/en\/wp-json\/wp\/v2\/product\/92","targetHints":{"allow":["GET"]}}],"collection":[{"href":"https:\/\/alquimiaregenerativa.com\/en\/wp-json\/wp\/v2\/product"}],"about":[{"href":"https:\/\/alquimiaregenerativa.com\/en\/wp-json\/wp\/v2\/types\/product"}],"replies":[{"embeddable":true,"href":"https:\/\/alquimiaregenerativa.com\/en\/wp-json\/wp\/v2\/comments?post=92"}],"wp:featuredmedia":[{"embeddable":true,"href":"https:\/\/alquimiaregenerativa.com\/en\/wp-json\/wp\/v2\/media\/7703"}],"wp:attachment":[{"href":"https:\/\/alquimiaregenerativa.com\/en\/wp-json\/wp\/v2\/media?parent=92"}],"wp:term":[{"taxonomy":"product_brand","embeddable":true,"href":"https:\/\/alquimiaregenerativa.com\/en\/wp-json\/wp\/v2\/product_brand?post=92"},{"taxonomy":"product_cat","embeddable":true,"href":"https:\/\/alquimiaregenerativa.com\/en\/wp-json\/wp\/v2\/product_cat?post=92"},{"taxonomy":"product_tag","embeddable":true,"href":"https:\/\/alquimiaregenerativa.com\/en\/wp-json\/wp\/v2\/product_tag?post=92"}],"curies":[{"name":"wp","href":"https:\/\/api.w.org\/{rel}","templated":true}]}}