{"id":9783,"date":"2026-04-27T21:02:24","date_gmt":"2026-04-27T19:02:24","guid":{"rendered":"https:\/\/alquimiaregenerativa.com\/?post_type=product&#038;p=9783"},"modified":"2026-04-27T21:44:14","modified_gmt":"2026-04-27T19:44:14","slug":"detox27-5","status":"publish","type":"product","link":"https:\/\/alquimiaregenerativa.com\/en\/tienda\/detox27-5\/","title":{"rendered":"27\/5 Group Detox 21 days: SELF-HEALING"},"content":{"rendered":"<p><b>27\/5 Group Detox 21 days: SELF-HEALING<\/b><\/p>\n<p>Link to the full program:\u00a0<a href=\"https:\/\/tinyurl.com\/27-5Detox21dias\">https:\/\/tinyurl.com\/27-5Detox21dias<\/a><\/p>\n<p><span style=\"font-weight: 400;\">Durante 21 d\u00edas, te guiaremos en un proceso de autosanaci\u00f3n, de limpieza y depuraci\u00f3n f\u00edsica para restaurar la capacidad de tu cuerpo de sanarse por s\u00ed mismo de manera natural.<\/span><\/p>\n<p><span style=\"font-weight: 400;\">Vas a experimentar la Regeneraci\u00f3n a nivel celular, rejuvenecimiento y empoderamiento a trav\u00e9s de la alimentaci\u00f3n viva, biohacks, herbolaria, meditaci\u00f3n, sanaci\u00f3n energ\u00e9tica, reprogramaci\u00f3n de creencias limitantes, talleres y danza terap\u00e9utica.<\/span><\/p>\n<p>&nbsp;<\/p>\n<p><b>\u00bfQu\u00e9 vas a vivir en estos 21 d\u00edas?<\/b><\/p>\n<p><b>\ud83c\udf3f Acompa\u00f1amiento amoroso<\/b><\/p>\n<p><span style=\"font-weight: 400;\">We guide you step by step with presence, care, and support.<\/span><\/p>\n<p><b>\ud83c\udf43 Nutrici\u00f3n celular<\/b><\/p>\n<p><span style=\"font-weight: 400;\">Alimentaci\u00f3n viva que revitaliza tu cuerpo desde lo m\u00e1s profundo. Sent\u00ed la energ\u00eda real.<\/span><\/p>\n<p><b>\ud83e\uddfc Deep cleaning<\/b><\/p>\n<p><span style=\"font-weight: 400;\">Desparasitaci\u00f3n + detox f\u00edsico y emocional. Libera toxinas, gan\u00e1 liviandad.<\/span><\/p>\n<p><b>\ud83c\udf00 Equilibrio mente y emoci\u00f3n<\/b><\/p>\n<p><span style=\"font-weight: 400;\">Meditations, journaling, dance, and energy practices to harmonize your inner world.<\/span><\/p>\n<p><b>\ud83d\udd2e Sanaci\u00f3n energ\u00e9tica<\/b><\/p>\n<p><span style=\"font-weight: 400;\">Aprende a trabajar tu energ\u00eda con herramientas como la Llama Violeta y activ\u00e1 tu poder interno.<\/span><\/p>\n<p><b>It&#039;s time to come back to yourself and heal from the inside out.<\/b><\/p>\n<p>&nbsp;<\/p>\n<p><b>Program details:<\/b><\/p>\n<p><b>\u2013 Dates: <\/b><span style=\"font-weight: 400;\">Mi\u00e9rcoles 27 de Mayo, comienzan los talleres. El d\u00eda 1 de detox es el lunes 1\/6<\/span><\/p>\n<p><b>- Duration:<\/b><span style=\"font-weight: 400;\"> 21 days of deep renewal.<\/span><\/p>\n<p>&nbsp;<\/p>\n<p><b>\ud83d\udcbb MODE:<\/b><\/p>\n<p><span style=\"font-weight: 400;\">100% online. Whatsapp group and access to online school for 6 months.<\/span><\/p>\n<p>&nbsp;<\/p>\n<p><b>\ud83d\udcb0INVESTMENT<\/b><\/p>\n<p><span style=\"font-weight: 400;\">1- Grupal personalizado+chat privado $2,999 MXN \/ $172 USD \/<\/span><\/p>\n<p><span style=\"font-weight: 400;\">263 MIL ARS<\/span><\/p>\n<p><span style=\"font-weight: 400;\">2- Group Detox + Individual Consultation $4,400 MXN \/ $253 USD \/ 385 THOUSAND ARS<\/span><\/p>\n<p><span style=\"font-weight: 400;\">3 \u2013 Detox Grupal $2,666 MXN \/ $153 USD \/ 233 MIL ARS<\/span><\/p>\n<p><span style=\"font-weight: 400;\">We also have payment plans<\/span><\/p>\n<p>&nbsp;<\/p>\n<p><b>For Mexico only:<\/b><span style=\"font-weight: 400;\"> If you want to purchase your Herbalism Kit at a preferential price, click on this link and add it to your cart. <\/span><a href=\"https:\/\/alquimiaregenerativa.com\/en\/producto\/kit-basico-herbolaria\/\"><span style=\"font-weight: 400;\">https:\/\/alquimiaregenerativa.com\/producto\/kit-basico-herbolaria\/<\/span><\/a><\/p>\n<p><span style=\"font-weight: 400;\">Contact us via WhatsApp +525576207310 to help you choose the detox that best suits your needs and the payment method<\/span><\/p>","protected":false},"excerpt":{"rendered":"<p>27\/5 Detox Grupal 21 d\u00edas: AUTOSANACI\u00d3N Link al programa completo:\u00a0https:\/\/tinyurl.com\/27-5Detox21dias Durante 21 d\u00edas, te guiaremos en un proceso de autosanaci\u00f3n, [&hellip;]<\/p>\n","protected":false},"featured_media":9785,"comment_status":"closed","ping_status":"closed","template":"","meta":{"site-sidebar-layout":"default","site-content-layout":"","ast-site-content-layout":"default","site-content-style":"default","site-sidebar-style":"default","ast-global-header-display":"","ast-banner-title-visibility":"","ast-main-header-display":"","ast-hfb-above-header-display":"","ast-hfb-below-header-display":"","ast-hfb-mobile-header-display":"","site-post-title":"","ast-breadcrumbs-content":"","ast-featured-img":"","footer-sml-layout":"","ast-disable-related-posts":"","theme-transparent-header-meta":"default","adv-header-id-meta":"","stick-header-meta":"","header-above-stick-meta":"","header-main-stick-meta":"","header-below-stick-meta":"","astra-migrate-meta-layouts":"set","ast-page-background-enabled":"default","ast-page-background-meta":{"desktop":{"background-color":"var(--ast-global-color-4)","background-image":"","background-repeat":"repeat","background-position":"center center","background-size":"auto","background-attachment":"scroll","background-type":"","background-media":"","overlay-type":"","overlay-color":"","overlay-opacity":"","overlay-gradient":""},"tablet":{"background-color":"","background-image":"","background-repeat":"repeat","background-position":"center center","background-size":"auto","background-attachment":"scroll","background-type":"","background-media":"","overlay-type":"","overlay-color":"","overlay-opacity":"","overlay-gradient":""},"mobile":{"background-color":"","background-image":"","background-repeat":"repeat","background-position":"center center","background-size":"auto","background-attachment":"scroll","background-type":"","background-media":"","overlay-type":"","overlay-color":"","overlay-opacity":"","overlay-gradient":""}},"ast-content-background-meta":{"desktop":{"background-color":"var(--ast-global-color-5)","background-image":"","background-repeat":"repeat","background-position":"center center","background-size":"auto","background-attachment":"scroll","background-type":"","background-media":"","overlay-type":"","overlay-color":"","overlay-opacity":"","overlay-gradient":""},"tablet":{"background-color":"var(--ast-global-color-5)","background-image":"","background-repeat":"repeat","background-position":"center center","background-size":"auto","background-attachment":"scroll","background-type":"","background-media":"","overlay-type":"","overlay-color":"","overlay-opacity":"","overlay-gradient":""},"mobile":{"background-color":"var(--ast-global-color-5)","background-image":"","background-repeat":"repeat","background-position":"center center","background-size":"auto","background-attachment":"scroll","background-type":"","background-media":"","overlay-type":"","overlay-color":"","overlay-opacity":"","overlay-gradient":""}},"_joinchat":[]},"product_brand":[],"product_cat":[15],"product_tag":[],"class_list":{"0":"post-9783","1":"product","2":"type-product","3":"status-publish","4":"has-post-thumbnail","6":"product_cat-todo","7":"desktop-align-center","8":"tablet-align-center","9":"mobile-align-center","11":"first","12":"instock","13":"sold-individually","14":"taxable","15":"shipping-taxable","16":"purchasable","17":"product-type-variable"},"yoast_head":"<!-- This site is optimized with the Yoast SEO Premium plugin v23.4 (Yoast SEO v27.5) - https:\/\/yoast.com\/product\/yoast-seo-premium-wordpress\/ -->\n<title>27\/5 Detox Grupal 21 d\u00edas: AUTOSANACI\u00d3N - Alquimia Regenerativa<\/title>\n<meta name=\"robots\" content=\"index, follow, max-snippet:-1, max-image-preview:large, max-video-preview:-1\" \/>\n<link rel=\"canonical\" href=\"https:\/\/alquimiaregenerativa.com\/en\/tienda\/detox27-5\/\" \/>\n<meta property=\"og:locale\" content=\"en_US\" \/>\n<meta property=\"og:type\" content=\"article\" \/>\n<meta property=\"og:title\" content=\"27\/5 Detox Grupal 21 d\u00edas: AUTOSANACI\u00d3N\" \/>\n<meta property=\"og:description\" content=\"27\/5 Detox Grupal 21 d\u00edas: AUTOSANACI\u00d3N Link al programa completo:\u00a0https:\/\/tinyurl.com\/27-5Detox21dias Durante 21 d\u00edas, te guiaremos en un proceso de autosanaci\u00f3n, [&hellip;]\" \/>\n<meta property=\"og:url\" content=\"https:\/\/alquimiaregenerativa.com\/en\/tienda\/detox27-5\/\" \/>\n<meta property=\"og:site_name\" content=\"Alquimia Regenerativa\" \/>\n<meta property=\"article:modified_time\" content=\"2026-04-27T19:44:14+00:00\" \/>\n<meta property=\"og:image\" content=\"https:\/\/alquimiaregenerativa.com\/wp-content\/uploads\/2026\/04\/1-1024x1024.png\" \/>\n\t<meta property=\"og:image:width\" content=\"1024\" \/>\n\t<meta property=\"og:image:height\" content=\"1024\" \/>\n\t<meta property=\"og:image:type\" content=\"image\/png\" \/>\n<meta name=\"twitter:card\" content=\"summary_large_image\" \/>\n<meta name=\"twitter:label1\" content=\"Availability\" \/>\n\t<meta name=\"twitter:data1\" content=\"In stock\" \/>\n<script type=\"application\/ld+json\" class=\"yoast-schema-graph\">{\"@context\":\"https:\\\/\\\/schema.org\",\"@graph\":[{\"@type\":\"WebPage\",\"@id\":\"https:\\\/\\\/alquimiaregenerativa.com\\\/tienda\\\/detox27-5\\\/\",\"url\":\"https:\\\/\\\/alquimiaregenerativa.com\\\/tienda\\\/detox27-5\\\/\",\"name\":\"27\\\/5 Detox Grupal 21 d\u00edas: AUTOSANACI\u00d3N - Alquimia Regenerativa\",\"isPartOf\":{\"@id\":\"https:\\\/\\\/alquimiaregenerativa.com\\\/#website\"},\"primaryImageOfPage\":{\"@id\":\"https:\\\/\\\/alquimiaregenerativa.com\\\/tienda\\\/detox27-5\\\/#primaryimage\"},\"image\":{\"@id\":\"https:\\\/\\\/alquimiaregenerativa.com\\\/tienda\\\/detox27-5\\\/#primaryimage\"},\"thumbnailUrl\":\"https:\\\/\\\/alquimiaregenerativa.com\\\/wp-content\\\/uploads\\\/2026\\\/04\\\/1.png\",\"datePublished\":\"2026-04-27T19:02:24+00:00\",\"dateModified\":\"2026-04-27T19:44:14+00:00\",\"breadcrumb\":{\"@id\":\"https:\\\/\\\/alquimiaregenerativa.com\\\/tienda\\\/detox27-5\\\/#breadcrumb\"},\"inLanguage\":\"en-US\",\"potentialAction\":[{\"@type\":\"ReadAction\",\"target\":[\"https:\\\/\\\/alquimiaregenerativa.com\\\/tienda\\\/detox27-5\\\/\"]}]},{\"@type\":\"ImageObject\",\"inLanguage\":\"en-US\",\"@id\":\"https:\\\/\\\/alquimiaregenerativa.com\\\/tienda\\\/detox27-5\\\/#primaryimage\",\"url\":\"https:\\\/\\\/alquimiaregenerativa.com\\\/wp-content\\\/uploads\\\/2026\\\/04\\\/1.png\",\"contentUrl\":\"https:\\\/\\\/alquimiaregenerativa.com\\\/wp-content\\\/uploads\\\/2026\\\/04\\\/1.png\",\"width\":1080,\"height\":1080},{\"@type\":\"BreadcrumbList\",\"@id\":\"https:\\\/\\\/alquimiaregenerativa.com\\\/tienda\\\/detox27-5\\\/#breadcrumb\",\"itemListElement\":[{\"@type\":\"ListItem\",\"position\":1,\"name\":\"Portada\",\"item\":\"https:\\\/\\\/alquimiaregenerativa.com\\\/\"},{\"@type\":\"ListItem\",\"position\":2,\"name\":\"Tienda\",\"item\":\"https:\\\/\\\/alquimiaregenerativa.com\\\/tienda\\\/\"},{\"@type\":\"ListItem\",\"position\":3,\"name\":\"27\\\/5 Detox Grupal 21 d\u00edas: AUTOSANACI\u00d3N\"}]},{\"@type\":\"WebSite\",\"@id\":\"https:\\\/\\\/alquimiaregenerativa.com\\\/#website\",\"url\":\"https:\\\/\\\/alquimiaregenerativa.com\\\/\",\"name\":\"Alquimia Regenerativa\",\"description\":\"Comienza tu proceso de tranformaci\u00f3n\",\"potentialAction\":[{\"@type\":\"SearchAction\",\"target\":{\"@type\":\"EntryPoint\",\"urlTemplate\":\"https:\\\/\\\/alquimiaregenerativa.com\\\/?s={search_term_string}\"},\"query-input\":{\"@type\":\"PropertyValueSpecification\",\"valueRequired\":true,\"valueName\":\"search_term_string\"}}],\"inLanguage\":\"en-US\"}]}<\/script>\n<meta property=\"og:availability\" content=\"instock\" \/>\n<meta property=\"product:availability\" content=\"instock\" \/>\n<meta property=\"product:condition\" content=\"new\" \/>\n<!-- \/ Yoast SEO Premium plugin. -->","yoast_head_json":{"title":"27\/5 Detox Grupal 21 d\u00edas: AUTOSANACI\u00d3N - Alquimia Regenerativa","robots":{"index":"index","follow":"follow","max-snippet":"max-snippet:-1","max-image-preview":"max-image-preview:large","max-video-preview":"max-video-preview:-1"},"canonical":"https:\/\/alquimiaregenerativa.com\/en\/tienda\/detox27-5\/","og_locale":"en_US","og_type":"article","og_title":"27\/5 Detox Grupal 21 d\u00edas: AUTOSANACI\u00d3N","og_description":"27\/5 Detox Grupal 21 d\u00edas: AUTOSANACI\u00d3N Link al programa completo:\u00a0https:\/\/tinyurl.com\/27-5Detox21dias Durante 21 d\u00edas, te guiaremos en un proceso de autosanaci\u00f3n, [&hellip;]","og_url":"https:\/\/alquimiaregenerativa.com\/en\/tienda\/detox27-5\/","og_site_name":"Alquimia Regenerativa","article_modified_time":"2026-04-27T19:44:14+00:00","og_image":[{"width":1024,"height":1024,"url":"https:\/\/alquimiaregenerativa.com\/wp-content\/uploads\/2026\/04\/1-1024x1024.png","type":"image\/png"}],"twitter_card":"summary_large_image","twitter_misc":{"Availability":"In stock"},"schema":{"@context":"https:\/\/schema.org","@graph":[{"@type":"WebPage","@id":"https:\/\/alquimiaregenerativa.com\/tienda\/detox27-5\/","url":"https:\/\/alquimiaregenerativa.com\/tienda\/detox27-5\/","name":"27\/5 Detox Grupal 21 d\u00edas: AUTOSANACI\u00d3N - Alquimia Regenerativa","isPartOf":{"@id":"https:\/\/alquimiaregenerativa.com\/#website"},"primaryImageOfPage":{"@id":"https:\/\/alquimiaregenerativa.com\/tienda\/detox27-5\/#primaryimage"},"image":{"@id":"https:\/\/alquimiaregenerativa.com\/tienda\/detox27-5\/#primaryimage"},"thumbnailUrl":"https:\/\/alquimiaregenerativa.com\/wp-content\/uploads\/2026\/04\/1.png","datePublished":"2026-04-27T19:02:24+00:00","dateModified":"2026-04-27T19:44:14+00:00","breadcrumb":{"@id":"https:\/\/alquimiaregenerativa.com\/tienda\/detox27-5\/#breadcrumb"},"inLanguage":"en-US","potentialAction":[{"@type":"ReadAction","target":["https:\/\/alquimiaregenerativa.com\/tienda\/detox27-5\/"]}]},{"@type":"ImageObject","inLanguage":"en-US","@id":"https:\/\/alquimiaregenerativa.com\/tienda\/detox27-5\/#primaryimage","url":"https:\/\/alquimiaregenerativa.com\/wp-content\/uploads\/2026\/04\/1.png","contentUrl":"https:\/\/alquimiaregenerativa.com\/wp-content\/uploads\/2026\/04\/1.png","width":1080,"height":1080},{"@type":"BreadcrumbList","@id":"https:\/\/alquimiaregenerativa.com\/tienda\/detox27-5\/#breadcrumb","itemListElement":[{"@type":"ListItem","position":1,"name":"Portada","item":"https:\/\/alquimiaregenerativa.com\/"},{"@type":"ListItem","position":2,"name":"Tienda","item":"https:\/\/alquimiaregenerativa.com\/tienda\/"},{"@type":"ListItem","position":3,"name":"27\/5 Detox Grupal 21 d\u00edas: AUTOSANACI\u00d3N"}]},{"@type":"WebSite","@id":"https:\/\/alquimiaregenerativa.com\/#website","url":"https:\/\/alquimiaregenerativa.com\/","name":"Regenerative Alchemy","description":"Start your transformation process","potentialAction":[{"@type":"SearchAction","target":{"@type":"EntryPoint","urlTemplate":"https:\/\/alquimiaregenerativa.com\/?s={search_term_string}"},"query-input":{"@type":"PropertyValueSpecification","valueRequired":true,"valueName":"search_term_string"}}],"inLanguage":"en-US"}]},"og_availability":"instock","product_availability":"instock","product_condition":"new"},"jetpack_sharing_enabled":true,"_links":{"self":[{"href":"https:\/\/alquimiaregenerativa.com\/en\/wp-json\/wp\/v2\/product\/9783","targetHints":{"allow":["GET"]}}],"collection":[{"href":"https:\/\/alquimiaregenerativa.com\/en\/wp-json\/wp\/v2\/product"}],"about":[{"href":"https:\/\/alquimiaregenerativa.com\/en\/wp-json\/wp\/v2\/types\/product"}],"replies":[{"embeddable":true,"href":"https:\/\/alquimiaregenerativa.com\/en\/wp-json\/wp\/v2\/comments?post=9783"}],"wp:featuredmedia":[{"embeddable":true,"href":"https:\/\/alquimiaregenerativa.com\/en\/wp-json\/wp\/v2\/media\/9785"}],"wp:attachment":[{"href":"https:\/\/alquimiaregenerativa.com\/en\/wp-json\/wp\/v2\/media?parent=9783"}],"wp:term":[{"taxonomy":"product_brand","embeddable":true,"href":"https:\/\/alquimiaregenerativa.com\/en\/wp-json\/wp\/v2\/product_brand?post=9783"},{"taxonomy":"product_cat","embeddable":true,"href":"https:\/\/alquimiaregenerativa.com\/en\/wp-json\/wp\/v2\/product_cat?post=9783"},{"taxonomy":"product_tag","embeddable":true,"href":"https:\/\/alquimiaregenerativa.com\/en\/wp-json\/wp\/v2\/product_tag?post=9783"}],"curies":[{"name":"wp","href":"https:\/\/api.w.org\/{rel}","templated":true}]}}