{"id":98,"date":"2024-06-13T18:57:44","date_gmt":"2024-06-13T16:57:44","guid":{"rendered":"https:\/\/alquimiaregenerativa.com\/?post_type=product&#038;p=98"},"modified":"2026-01-02T19:07:24","modified_gmt":"2026-01-02T18:07:24","slug":"tintura-higado-y-vesicula","status":"publish","type":"product","link":"https:\/\/alquimiaregenerativa.com\/en\/tienda\/tintura-higado-y-vesicula\/","title":{"rendered":"LIVER AND GALLBLADDER TINCTURE"},"content":{"rendered":"","protected":false},"excerpt":{"rendered":"<p>&nbsp;<\/p>\n<p>\u2714\ufe0f<strong>Liver and Gallbladder: <\/strong>It helps to purify the liver and gallbladder, also if there is fatty liver, hepatic colic. It serves to prepare the body before the liver cleanse with oil and grapefruit. (Ask your coach if you qualify for the protocol). It improves the appearance of the skin, spots, melasma. On an emotional level it helps to release anger.<\/p>\n<p><!-- \/wp:paragraph --> <!-- wp:paragraph --><\/p>\n<p><strong>Ingredients: <\/strong>Artichoke, Milk Thistle, Dandelion, Burdock, Prodigiosa, Snake Sour.<\/p>\n<p><!-- \/wp:paragraph --> <!-- wp:paragraph --><\/p>\n<p><strong>Worth:<\/strong> $410<span data-sheets-root=\"1\">\u00a0<\/span>\u2013 50ml<\/p>\n<p><!-- \/wp:paragraph --> <!-- wp:paragraph --><\/p>\n<p><strong>How to use:<\/strong> 1 full dropper sublingually, swish it around and mix it with saliva. Leave it in your mouth for 30-60 seconds, then swallow. If you find it too strong, you can dilute it with a little water.<\/p>\n<p><!-- \/wp:paragraph --> <!-- wp:paragraph --><\/p>\n<p><strong>NOTE: <\/strong>The tinctures can be taken all together at the same time if you are taking multiple tinctures.<\/p>\n<p><!-- \/wp:paragraph --> <!-- wp:paragraph --><\/p>\n<p>&nbsp;<\/p>","protected":false},"featured_media":168,"comment_status":"open","ping_status":"closed","template":"","meta":{"site-sidebar-layout":"default","site-content-layout":"","ast-site-content-layout":"default","site-content-style":"default","site-sidebar-style":"default","ast-global-header-display":"","ast-banner-title-visibility":"","ast-main-header-display":"","ast-hfb-above-header-display":"","ast-hfb-below-header-display":"","ast-hfb-mobile-header-display":"","site-post-title":"","ast-breadcrumbs-content":"","ast-featured-img":"","footer-sml-layout":"","ast-disable-related-posts":"","theme-transparent-header-meta":"default","adv-header-id-meta":"","stick-header-meta":"","header-above-stick-meta":"","header-main-stick-meta":"","header-below-stick-meta":"","astra-migrate-meta-layouts":"set","ast-page-background-enabled":"default","ast-page-background-meta":{"desktop":{"background-color":"var(--ast-global-color-4)","background-image":"","background-repeat":"repeat","background-position":"center center","background-size":"auto","background-attachment":"scroll","background-type":"","background-media":"","overlay-type":"","overlay-color":"","overlay-opacity":"","overlay-gradient":""},"tablet":{"background-color":"","background-image":"","background-repeat":"repeat","background-position":"center center","background-size":"auto","background-attachment":"scroll","background-type":"","background-media":"","overlay-type":"","overlay-color":"","overlay-opacity":"","overlay-gradient":""},"mobile":{"background-color":"","background-image":"","background-repeat":"repeat","background-position":"center center","background-size":"auto","background-attachment":"scroll","background-type":"","background-media":"","overlay-type":"","overlay-color":"","overlay-opacity":"","overlay-gradient":""}},"ast-content-background-meta":{"desktop":{"background-color":"var(--ast-global-color-5)","background-image":"","background-repeat":"repeat","background-position":"center center","background-size":"auto","background-attachment":"scroll","background-type":"","background-media":"","overlay-type":"","overlay-color":"","overlay-opacity":"","overlay-gradient":""},"tablet":{"background-color":"var(--ast-global-color-5)","background-image":"","background-repeat":"repeat","background-position":"center center","background-size":"auto","background-attachment":"scroll","background-type":"","background-media":"","overlay-type":"","overlay-color":"","overlay-opacity":"","overlay-gradient":""},"mobile":{"background-color":"var(--ast-global-color-5)","background-image":"","background-repeat":"repeat","background-position":"center center","background-size":"auto","background-attachment":"scroll","background-type":"","background-media":"","overlay-type":"","overlay-color":"","overlay-opacity":"","overlay-gradient":""}},"_joinchat":[]},"product_brand":[],"product_cat":[22],"product_tag":[],"class_list":{"0":"post-98","1":"product","2":"type-product","3":"status-publish","4":"has-post-thumbnail","6":"product_cat-herboolaria","7":"desktop-align-center","8":"tablet-align-center","9":"mobile-align-center","11":"first","12":"instock","13":"taxable","14":"shipping-taxable","15":"purchasable","16":"product-type-simple"},"yoast_head":"<!-- This site is optimized with the Yoast SEO Premium plugin v23.4 (Yoast SEO v27.4) - https:\/\/yoast.com\/product\/yoast-seo-premium-wordpress\/ -->\n<title>TINTURA H\u00cdGADO Y VES\u00cdCULA - Alquimia Regenerativa<\/title>\n<meta name=\"robots\" content=\"index, follow, max-snippet:-1, max-image-preview:large, max-video-preview:-1\" \/>\n<link rel=\"canonical\" href=\"https:\/\/alquimiaregenerativa.com\/en\/tienda\/tintura-higado-y-vesicula\/\" \/>\n<meta property=\"og:locale\" content=\"en_US\" \/>\n<meta property=\"og:type\" content=\"article\" \/>\n<meta property=\"og:title\" content=\"TINTURA H\u00cdGADO Y VES\u00cdCULA\" \/>\n<meta property=\"og:description\" content=\"&nbsp;  \u2714\ufe0fH\u00edgado y Ves\u00edcula: Ayuda a depurarar el h\u00edgado y la ves\u00edcula, tambi\u00e9n si hay h\u00edgado graso, c\u00f3licos hep\u00e1ticos. Sirve para preparar al cuerpo antes de la limpieza hep\u00e1tica con aceite y pomelo. (Pregunta a tu coach si calificas para el protocolo). Mejora el aspecto de la piel, manchas, melasma. A nivel emocional ayuda a liberar los enojos.     Ingredientes: Alcachofa, Cardo Mariano, Diente de Le\u00f3n, Bardana, Prodigiosa, Aceda de Culebra.     Valor: $410\u00a0- 50ml     Modo de Uso: 1 gotero entero sublingual, hacer un buche y mezclarlo con la saliva. Lo dejas en la boca 30-60 segundos, despu\u00e9s tragas. Si te resulta fuerte puedes diluirla con un poco de agua.     NOTA: Las tinturas pueden tomarse todas juntas en el mismo momento si est\u00e1s tomando varias.     &nbsp;\" \/>\n<meta property=\"og:url\" content=\"https:\/\/alquimiaregenerativa.com\/en\/tienda\/tintura-higado-y-vesicula\/\" \/>\n<meta property=\"og:site_name\" content=\"Alquimia Regenerativa\" \/>\n<meta property=\"article:modified_time\" content=\"2026-01-02T18:07:24+00:00\" \/>\n<meta property=\"og:image\" content=\"https:\/\/alquimiaregenerativa.com\/wp-content\/uploads\/2024\/06\/314b3065-f74a-4b07-9587-8aa3b8d54c38-e1665782458692.jpg\" \/>\n\t<meta property=\"og:image:width\" content=\"361\" \/>\n\t<meta property=\"og:image:height\" content=\"361\" \/>\n\t<meta property=\"og:image:type\" content=\"image\/jpeg\" \/>\n<meta name=\"twitter:card\" content=\"summary_large_image\" \/>\n<meta name=\"twitter:label1\" content=\"Price\" \/>\n\t<meta name=\"twitter:data1\" content=\"MXN $&nbsp;410.00\" \/>\n\t<meta name=\"twitter:label2\" content=\"Availability\" \/>\n\t<meta name=\"twitter:data2\" content=\"In stock\" \/>\n<script type=\"application\/ld+json\" class=\"yoast-schema-graph\">{\"@context\":\"https:\\\/\\\/schema.org\",\"@graph\":[{\"@type\":\"WebPage\",\"@id\":\"https:\\\/\\\/alquimiaregenerativa.com\\\/tienda\\\/tintura-higado-y-vesicula\\\/\",\"url\":\"https:\\\/\\\/alquimiaregenerativa.com\\\/tienda\\\/tintura-higado-y-vesicula\\\/\",\"name\":\"TINTURA H\u00cdGADO Y VES\u00cdCULA - Alquimia Regenerativa\",\"isPartOf\":{\"@id\":\"https:\\\/\\\/alquimiaregenerativa.com\\\/#website\"},\"primaryImageOfPage\":{\"@id\":\"https:\\\/\\\/alquimiaregenerativa.com\\\/tienda\\\/tintura-higado-y-vesicula\\\/#primaryimage\"},\"image\":{\"@id\":\"https:\\\/\\\/alquimiaregenerativa.com\\\/tienda\\\/tintura-higado-y-vesicula\\\/#primaryimage\"},\"thumbnailUrl\":\"https:\\\/\\\/alquimiaregenerativa.com\\\/wp-content\\\/uploads\\\/2024\\\/06\\\/314b3065-f74a-4b07-9587-8aa3b8d54c38-e1665782458692.jpg\",\"datePublished\":\"2024-06-13T16:57:44+00:00\",\"dateModified\":\"2026-01-02T18:07:24+00:00\",\"breadcrumb\":{\"@id\":\"https:\\\/\\\/alquimiaregenerativa.com\\\/tienda\\\/tintura-higado-y-vesicula\\\/#breadcrumb\"},\"inLanguage\":\"en-US\",\"potentialAction\":[{\"@type\":\"ReadAction\",\"target\":[\"https:\\\/\\\/alquimiaregenerativa.com\\\/tienda\\\/tintura-higado-y-vesicula\\\/\"]}]},{\"@type\":\"ImageObject\",\"inLanguage\":\"en-US\",\"@id\":\"https:\\\/\\\/alquimiaregenerativa.com\\\/tienda\\\/tintura-higado-y-vesicula\\\/#primaryimage\",\"url\":\"https:\\\/\\\/alquimiaregenerativa.com\\\/wp-content\\\/uploads\\\/2024\\\/06\\\/314b3065-f74a-4b07-9587-8aa3b8d54c38-e1665782458692.jpg\",\"contentUrl\":\"https:\\\/\\\/alquimiaregenerativa.com\\\/wp-content\\\/uploads\\\/2024\\\/06\\\/314b3065-f74a-4b07-9587-8aa3b8d54c38-e1665782458692.jpg\",\"width\":361,\"height\":361},{\"@type\":\"BreadcrumbList\",\"@id\":\"https:\\\/\\\/alquimiaregenerativa.com\\\/tienda\\\/tintura-higado-y-vesicula\\\/#breadcrumb\",\"itemListElement\":[{\"@type\":\"ListItem\",\"position\":1,\"name\":\"Portada\",\"item\":\"https:\\\/\\\/alquimiaregenerativa.com\\\/\"},{\"@type\":\"ListItem\",\"position\":2,\"name\":\"Tienda\",\"item\":\"https:\\\/\\\/alquimiaregenerativa.com\\\/tienda\\\/\"},{\"@type\":\"ListItem\",\"position\":3,\"name\":\"TINTURA H\u00cdGADO Y VES\u00cdCULA\"}]},{\"@type\":\"WebSite\",\"@id\":\"https:\\\/\\\/alquimiaregenerativa.com\\\/#website\",\"url\":\"https:\\\/\\\/alquimiaregenerativa.com\\\/\",\"name\":\"Alquimia Regenerativa\",\"description\":\"Comienza tu proceso de tranformaci\u00f3n\",\"potentialAction\":[{\"@type\":\"SearchAction\",\"target\":{\"@type\":\"EntryPoint\",\"urlTemplate\":\"https:\\\/\\\/alquimiaregenerativa.com\\\/?s={search_term_string}\"},\"query-input\":{\"@type\":\"PropertyValueSpecification\",\"valueRequired\":true,\"valueName\":\"search_term_string\"}}],\"inLanguage\":\"en-US\"}]}<\/script>\n<meta property=\"product:price:amount\" content=\"410.00\" \/>\n<meta property=\"product:price:currency\" content=\"MXN\" \/>\n<meta property=\"og:availability\" content=\"instock\" \/>\n<meta property=\"product:availability\" content=\"instock\" \/>\n<meta property=\"product:condition\" content=\"new\" \/>\n<!-- \/ Yoast SEO Premium plugin. -->","yoast_head_json":{"title":"TINTURA H\u00cdGADO Y VES\u00cdCULA - Alquimia Regenerativa","robots":{"index":"index","follow":"follow","max-snippet":"max-snippet:-1","max-image-preview":"max-image-preview:large","max-video-preview":"max-video-preview:-1"},"canonical":"https:\/\/alquimiaregenerativa.com\/en\/tienda\/tintura-higado-y-vesicula\/","og_locale":"en_US","og_type":"article","og_title":"TINTURA H\u00cdGADO Y VES\u00cdCULA","og_description":"&nbsp;  \u2714\ufe0fH\u00edgado y Ves\u00edcula: Ayuda a depurarar el h\u00edgado y la ves\u00edcula, tambi\u00e9n si hay h\u00edgado graso, c\u00f3licos hep\u00e1ticos. Sirve para preparar al cuerpo antes de la limpieza hep\u00e1tica con aceite y pomelo. (Pregunta a tu coach si calificas para el protocolo). Mejora el aspecto de la piel, manchas, melasma. A nivel emocional ayuda a liberar los enojos.     Ingredientes: Alcachofa, Cardo Mariano, Diente de Le\u00f3n, Bardana, Prodigiosa, Aceda de Culebra.     Valor: $410\u00a0- 50ml     Modo de Uso: 1 gotero entero sublingual, hacer un buche y mezclarlo con la saliva. Lo dejas en la boca 30-60 segundos, despu\u00e9s tragas. Si te resulta fuerte puedes diluirla con un poco de agua.     NOTA: Las tinturas pueden tomarse todas juntas en el mismo momento si est\u00e1s tomando varias.     &nbsp;","og_url":"https:\/\/alquimiaregenerativa.com\/en\/tienda\/tintura-higado-y-vesicula\/","og_site_name":"Alquimia Regenerativa","article_modified_time":"2026-01-02T18:07:24+00:00","og_image":[{"width":361,"height":361,"url":"https:\/\/alquimiaregenerativa.com\/wp-content\/uploads\/2024\/06\/314b3065-f74a-4b07-9587-8aa3b8d54c38-e1665782458692.jpg","type":"image\/jpeg"}],"twitter_card":"summary_large_image","twitter_misc":{"Price":"MXN $&nbsp;410.00","Availability":"In stock"},"schema":{"@context":"https:\/\/schema.org","@graph":[{"@type":"WebPage","@id":"https:\/\/alquimiaregenerativa.com\/tienda\/tintura-higado-y-vesicula\/","url":"https:\/\/alquimiaregenerativa.com\/tienda\/tintura-higado-y-vesicula\/","name":"TINTURA H\u00cdGADO Y VES\u00cdCULA - Alquimia Regenerativa","isPartOf":{"@id":"https:\/\/alquimiaregenerativa.com\/#website"},"primaryImageOfPage":{"@id":"https:\/\/alquimiaregenerativa.com\/tienda\/tintura-higado-y-vesicula\/#primaryimage"},"image":{"@id":"https:\/\/alquimiaregenerativa.com\/tienda\/tintura-higado-y-vesicula\/#primaryimage"},"thumbnailUrl":"https:\/\/alquimiaregenerativa.com\/wp-content\/uploads\/2024\/06\/314b3065-f74a-4b07-9587-8aa3b8d54c38-e1665782458692.jpg","datePublished":"2024-06-13T16:57:44+00:00","dateModified":"2026-01-02T18:07:24+00:00","breadcrumb":{"@id":"https:\/\/alquimiaregenerativa.com\/tienda\/tintura-higado-y-vesicula\/#breadcrumb"},"inLanguage":"en-US","potentialAction":[{"@type":"ReadAction","target":["https:\/\/alquimiaregenerativa.com\/tienda\/tintura-higado-y-vesicula\/"]}]},{"@type":"ImageObject","inLanguage":"en-US","@id":"https:\/\/alquimiaregenerativa.com\/tienda\/tintura-higado-y-vesicula\/#primaryimage","url":"https:\/\/alquimiaregenerativa.com\/wp-content\/uploads\/2024\/06\/314b3065-f74a-4b07-9587-8aa3b8d54c38-e1665782458692.jpg","contentUrl":"https:\/\/alquimiaregenerativa.com\/wp-content\/uploads\/2024\/06\/314b3065-f74a-4b07-9587-8aa3b8d54c38-e1665782458692.jpg","width":361,"height":361},{"@type":"BreadcrumbList","@id":"https:\/\/alquimiaregenerativa.com\/tienda\/tintura-higado-y-vesicula\/#breadcrumb","itemListElement":[{"@type":"ListItem","position":1,"name":"Portada","item":"https:\/\/alquimiaregenerativa.com\/"},{"@type":"ListItem","position":2,"name":"Tienda","item":"https:\/\/alquimiaregenerativa.com\/tienda\/"},{"@type":"ListItem","position":3,"name":"TINTURA H\u00cdGADO Y VES\u00cdCULA"}]},{"@type":"WebSite","@id":"https:\/\/alquimiaregenerativa.com\/#website","url":"https:\/\/alquimiaregenerativa.com\/","name":"Regenerative Alchemy","description":"Start your transformation process","potentialAction":[{"@type":"SearchAction","target":{"@type":"EntryPoint","urlTemplate":"https:\/\/alquimiaregenerativa.com\/?s={search_term_string}"},"query-input":{"@type":"PropertyValueSpecification","valueRequired":true,"valueName":"search_term_string"}}],"inLanguage":"en-US"}]},"product_price_amount":"410.00","product_price_currency":"MXN","og_availability":"instock","product_availability":"instock","product_condition":"new"},"jetpack_sharing_enabled":true,"_links":{"self":[{"href":"https:\/\/alquimiaregenerativa.com\/en\/wp-json\/wp\/v2\/product\/98","targetHints":{"allow":["GET"]}}],"collection":[{"href":"https:\/\/alquimiaregenerativa.com\/en\/wp-json\/wp\/v2\/product"}],"about":[{"href":"https:\/\/alquimiaregenerativa.com\/en\/wp-json\/wp\/v2\/types\/product"}],"replies":[{"embeddable":true,"href":"https:\/\/alquimiaregenerativa.com\/en\/wp-json\/wp\/v2\/comments?post=98"}],"wp:featuredmedia":[{"embeddable":true,"href":"https:\/\/alquimiaregenerativa.com\/en\/wp-json\/wp\/v2\/media\/168"}],"wp:attachment":[{"href":"https:\/\/alquimiaregenerativa.com\/en\/wp-json\/wp\/v2\/media?parent=98"}],"wp:term":[{"taxonomy":"product_brand","embeddable":true,"href":"https:\/\/alquimiaregenerativa.com\/en\/wp-json\/wp\/v2\/product_brand?post=98"},{"taxonomy":"product_cat","embeddable":true,"href":"https:\/\/alquimiaregenerativa.com\/en\/wp-json\/wp\/v2\/product_cat?post=98"},{"taxonomy":"product_tag","embeddable":true,"href":"https:\/\/alquimiaregenerativa.com\/en\/wp-json\/wp\/v2\/product_tag?post=98"}],"curies":[{"name":"wp","href":"https:\/\/api.w.org\/{rel}","templated":true}]}}